{"id":26096,"date":"2025-09-11T00:15:37","date_gmt":"2025-09-10T23:15:37","guid":{"rendered":"https:\/\/padelzoco.es\/?post_type=product&#038;p=26096"},"modified":"2026-02-02T09:48:55","modified_gmt":"2026-02-02T08:48:55","slug":"pala-padel-head-evo-extreme-2025","status":"publish","type":"product","link":"https:\/\/padelzoco.es\/en\/product\/pala-padel-head-evo-extreme-2025\/","title":{"rendered":"HEAD Evo Extreme 2025 Padel Racket"},"content":{"rendered":"<p data-start=\"235\" data-end=\"543\">The Head Evo Extreme 2025 is the ideal padel racket for beginner players seeking comfort, control, and easy power from their very first match. With its lightweight design and excellent maneuverability, it's the perfect racket for those starting out and looking to progress with confidence.<\/p>\n<p data-start=\"545\" data-end=\"889\">Thanks to its large sweet spot, the Head Evo Extreme 2025 padel racket is more forgiving of hitting errors, allowing for a more stable and enjoyable playing experience. Its combination of fiberglass on the hitting surface and Soft Foam rubber provides a soft feel, smooth ball exit, and greater comfort with every shot.<\/p>\n<p data-start=\"891\" data-end=\"1214\">Furthermore, Innegra technology reduces vibrations and improves stability, helping beginners maintain a safer and more consistent game. The Power Frame provides an extra boost of power effortlessly, while the updated design of the Extreme range offers a modern and attractive look on the court.<\/p>\n<p data-start=\"1216\" data-end=\"1272\"><strong>Advantages of the Head Evo Extreme 2025<\/strong><\/p>\n<ul>\n<li data-start=\"1275\" data-end=\"1348\">Ideal for beginners: maximum comfort and ease of play.<\/li>\n<li data-start=\"1351\" data-end=\"1420\">Lightweight and balanced: perfect for learning without fatigue.<\/li>\n<li data-start=\"1423\" data-end=\"1482\">Large sweet spot: more forgiveness and control on every shot.<\/li>\n<li data-start=\"1485\" data-end=\"1550\">Fiberglass surface: softer, more flexible feel.<\/li>\n<li data-start=\"1553\" data-end=\"1612\">Soft Foam core: smooth ball rebound and greater comfort.<\/li>\n<li data-start=\"1615\" data-end=\"1682\">Innegra technology: absorbs vibrations and provides stability.<\/li>\n<li data-start=\"1685\" data-end=\"1749\">Power Frame: construction that adds power effortlessly.<\/li>\n<li data-start=\"1752\" data-end=\"1809\">Extreme 2025 design: modern, dynamic, and attractive.<\/li>\n<\/ul>\n<p data-start=\"1811\" data-end=\"1870\"><strong>Who is the Head Evo Extreme 2025 for?<\/strong><\/p>\n<p data-start=\"1871\" data-end=\"2074\">If you're starting out in padel and looking for a lightweight, easy-to-handle racket that will help you improve your game from day one, the Head Evo Extreme 2025 padel racket is your best choice.<\/p>\n<p data-start=\"2076\" data-end=\"2319\">Discover other HEAD padel rackets <a class=\"decorated-link cursor-pointer\" target=\"_new\" rel=\"noopener\" data-start=\"2102\" data-end=\"2156\">palas de p\u00e1del HEAD<\/a> to find the model that best <a class=\"decorated-link cursor-pointer\" target=\"_new\" rel=\"noopener\" data-start=\"2236\" data-end=\"2280\">web oficial de HEAD<\/a> suits your playing style, or visit the official HEAD website for more information about the brand.<\/p>","protected":false},"excerpt":{"rendered":"<div class=\"flex max-w-full flex-col flex-grow\">\n<div class=\"min-h-8 text-message flex w-full flex-col items-end gap-2 whitespace-normal break-words [.text-message+&amp;]:mt-5\" dir=\"auto\" data-message-author-role=\"assistant\" data-message-id=\"f84f2722-abba-440f-b6c5-3e011774339f\" data-client-thread-id=\"WEB:3961e10c-38fb-4e03-bc29-07fd61f5fd03\" data-message-model-slug=\"gpt-4o\">\n<div class=\"flex w-full flex-col gap-1 empty:hidden first:pt-[3px]\">\n<div class=\"markdown prose w-full break-words dark:prose-invert light\">\n<p data-start=\"160\" data-end=\"334\">La HEAD Evo Extreme 2025 es la pala de p\u00e1del perfecta para jugadores principiantes, ya que ofrece m\u00e1xima facilidad de juego, comodidad y potencia controlada, ayud\u00e1ndote a ganar confianza desde el primer partido.<\/p>\n<\/div>\n<\/div>\n<\/div>\n<\/div>\n","protected":false},"featured_media":26098,"template":"","meta":[],"product_brand":[],"product_cat":[582,746,747,589,585,573,590,579,572,780],"product_tag":[],"class_list":{"0":"post-26096","1":"product","2":"type-product","3":"status-publish","4":"has-post-thumbnail","6":"product_cat-avanzado-palas","7":"product_cat-head","8":"product_cat-head-padel","9":"product_cat-hombre-palas","10":"product_cat-lagrima-palas","11":"product_cat-marcas-palas","12":"product_cat-mujer-palas","13":"product_cat-nivel-palas","14":"product_cat-palas","15":"product_cat-paula-josemaria","16":"pa_brand-head","18":"first","19":"instock","20":"sale","21":"taxable","22":"shipping-taxable","23":"purchasable","24":"product-type-simple"},"yoast_head":"<!-- This site is optimized with the Yoast SEO plugin v27.3 - https:\/\/yoast.com\/product\/yoast-seo-wordpress\/ -->\n<title>Pala Padel Head Evo Extreme 2025 - Padel Zoco<\/title>\n<meta name=\"description\" content=\"Head Evo Extreme 2025 padel racket, pala de p\u00e1del ligera para principiantes con fibra de vidrio, Soft Foam e Innegra. Comodidad y potencia f\u00e1cil.\" \/>\n<meta name=\"robots\" content=\"index, follow, max-snippet:-1, max-image-preview:large, max-video-preview:-1\" \/>\n<link rel=\"canonical\" href=\"https:\/\/padelzoco.es\/en\/product\/pala-padel-head-evo-extreme-2025\/\" \/>\n<meta property=\"og:locale\" content=\"en_GB\" \/>\n<meta property=\"og:type\" content=\"article\" \/>\n<meta property=\"og:title\" content=\"Pala Padel Head Evo Extreme 2025 - Padel Zoco\" \/>\n<meta property=\"og:description\" content=\"Head Evo Extreme 2025 padel racket, pala de p\u00e1del ligera para principiantes con fibra de vidrio, Soft Foam e Innegra. Comodidad y potencia f\u00e1cil.\" \/>\n<meta property=\"og:url\" content=\"https:\/\/padelzoco.es\/en\/product\/pala-padel-head-evo-extreme-2025\/\" \/>\n<meta property=\"og:site_name\" content=\"Padel Zoco\" \/>\n<meta property=\"article:modified_time\" content=\"2026-02-02T08:48:55+00:00\" \/>\n<meta property=\"og:image\" content=\"https:\/\/padelzoco.es\/wp-content\/uploads\/2025\/09\/HEAD-Evo-Extreme-Padel-Racket-2025-01.webp\" \/>\n\t<meta property=\"og:image:width\" content=\"1400\" \/>\n\t<meta property=\"og:image:height\" content=\"1400\" \/>\n\t<meta property=\"og:image:type\" content=\"image\/webp\" \/>\n<meta name=\"twitter:card\" content=\"summary_large_image\" \/>\n<meta name=\"twitter:label1\" content=\"Estimated reading time\" \/>\n\t<meta name=\"twitter:data1\" content=\"2 minutes\" \/>\n<script type=\"application\/ld+json\" class=\"yoast-schema-graph\">{\"@context\":\"https:\\\/\\\/schema.org\",\"@graph\":[{\"@type\":\"WebPage\",\"@id\":\"https:\\\/\\\/padelzoco.es\\\/product\\\/pala-padel-head-evo-extreme-2025\\\/\",\"url\":\"https:\\\/\\\/padelzoco.es\\\/product\\\/pala-padel-head-evo-extreme-2025\\\/\",\"name\":\"Pala Padel Head Evo Extreme 2025 - Padel Zoco\",\"isPartOf\":{\"@id\":\"https:\\\/\\\/padelzoco.es\\\/#website\"},\"primaryImageOfPage\":{\"@id\":\"https:\\\/\\\/padelzoco.es\\\/product\\\/pala-padel-head-evo-extreme-2025\\\/#primaryimage\"},\"image\":{\"@id\":\"https:\\\/\\\/padelzoco.es\\\/product\\\/pala-padel-head-evo-extreme-2025\\\/#primaryimage\"},\"thumbnailUrl\":\"https:\\\/\\\/padelzoco.es\\\/wp-content\\\/uploads\\\/2025\\\/09\\\/HEAD-Evo-Extreme-Padel-Racket-2025-01.webp\",\"datePublished\":\"2025-09-10T23:15:37+00:00\",\"dateModified\":\"2026-02-02T08:48:55+00:00\",\"description\":\"Head Evo Extreme 2025 padel racket, pala de p\u00e1del ligera para principiantes con fibra de vidrio, Soft Foam e Innegra. Comodidad y potencia f\u00e1cil.\",\"breadcrumb\":{\"@id\":\"https:\\\/\\\/padelzoco.es\\\/product\\\/pala-padel-head-evo-extreme-2025\\\/#breadcrumb\"},\"inLanguage\":\"en-GB\",\"potentialAction\":[{\"@type\":\"ReadAction\",\"target\":[\"https:\\\/\\\/padelzoco.es\\\/product\\\/pala-padel-head-evo-extreme-2025\\\/\"]}]},{\"@type\":\"ImageObject\",\"inLanguage\":\"en-GB\",\"@id\":\"https:\\\/\\\/padelzoco.es\\\/product\\\/pala-padel-head-evo-extreme-2025\\\/#primaryimage\",\"url\":\"https:\\\/\\\/padelzoco.es\\\/wp-content\\\/uploads\\\/2025\\\/09\\\/HEAD-Evo-Extreme-Padel-Racket-2025-01.webp\",\"contentUrl\":\"https:\\\/\\\/padelzoco.es\\\/wp-content\\\/uploads\\\/2025\\\/09\\\/HEAD-Evo-Extreme-Padel-Racket-2025-01.webp\",\"width\":1400,\"height\":1400,\"caption\":\"HEAD Evo Extreme Padel Racket 2025 01\"},{\"@type\":\"BreadcrumbList\",\"@id\":\"https:\\\/\\\/padelzoco.es\\\/product\\\/pala-padel-head-evo-extreme-2025\\\/#breadcrumb\",\"itemListElement\":[{\"@type\":\"ListItem\",\"position\":1,\"name\":\"Home\",\"item\":\"https:\\\/\\\/padelzoco.es\\\/\"},{\"@type\":\"ListItem\",\"position\":2,\"name\":\"Padel Zoco\",\"item\":\"https:\\\/\\\/padelzoco.es\\\/padel-zoco\\\/\"},{\"@type\":\"ListItem\",\"position\":3,\"name\":\"Pala Padel Head Evo Extreme 2025\"}]},{\"@type\":\"WebSite\",\"@id\":\"https:\\\/\\\/padelzoco.es\\\/#website\",\"url\":\"https:\\\/\\\/padelzoco.es\\\/\",\"name\":\"Padel Zoco\",\"description\":\"Padel Zoco | Spain\",\"publisher\":{\"@id\":\"https:\\\/\\\/padelzoco.es\\\/#organization\"},\"potentialAction\":[{\"@type\":\"SearchAction\",\"target\":{\"@type\":\"EntryPoint\",\"urlTemplate\":\"https:\\\/\\\/padelzoco.es\\\/?s={search_term_string}\"},\"query-input\":{\"@type\":\"PropertyValueSpecification\",\"valueRequired\":true,\"valueName\":\"search_term_string\"}}],\"inLanguage\":\"en-GB\"},{\"@type\":\"Organization\",\"@id\":\"https:\\\/\\\/padelzoco.es\\\/#organization\",\"name\":\"Padel Zoco\",\"url\":\"https:\\\/\\\/padelzoco.es\\\/\",\"logo\":{\"@type\":\"ImageObject\",\"inLanguage\":\"en-GB\",\"@id\":\"https:\\\/\\\/padelzoco.es\\\/#\\\/schema\\\/logo\\\/image\\\/\",\"url\":\"https:\\\/\\\/padelzoco.es\\\/wp-content\\\/uploads\\\/2023\\\/11\\\/PadelZoco_Logo_black_white.webp\",\"contentUrl\":\"https:\\\/\\\/padelzoco.es\\\/wp-content\\\/uploads\\\/2023\\\/11\\\/PadelZoco_Logo_black_white.webp\",\"width\":1500,\"height\":631,\"caption\":\"Padel Zoco\"},\"image\":{\"@id\":\"https:\\\/\\\/padelzoco.es\\\/#\\\/schema\\\/logo\\\/image\\\/\"}}]}<\/script>\n<!-- \/ Yoast SEO plugin. -->","yoast_head_json":{"title":"Pala Padel Head Evo Extreme 2025 - Padel Zoco","description":"Head Evo Extreme 2025 padel racket, pala de p\u00e1del ligera para principiantes con fibra de vidrio, Soft Foam e Innegra. Comodidad y potencia f\u00e1cil.","robots":{"index":"index","follow":"follow","max-snippet":"max-snippet:-1","max-image-preview":"max-image-preview:large","max-video-preview":"max-video-preview:-1"},"canonical":"https:\/\/padelzoco.es\/en\/product\/pala-padel-head-evo-extreme-2025\/","og_locale":"en_GB","og_type":"article","og_title":"Pala Padel Head Evo Extreme 2025 - Padel Zoco","og_description":"Head Evo Extreme 2025 padel racket, pala de p\u00e1del ligera para principiantes con fibra de vidrio, Soft Foam e Innegra. Comodidad y potencia f\u00e1cil.","og_url":"https:\/\/padelzoco.es\/en\/product\/pala-padel-head-evo-extreme-2025\/","og_site_name":"Padel Zoco","article_modified_time":"2026-02-02T08:48:55+00:00","og_image":[{"width":1400,"height":1400,"url":"https:\/\/padelzoco.es\/wp-content\/uploads\/2025\/09\/HEAD-Evo-Extreme-Padel-Racket-2025-01.webp","type":"image\/webp"}],"twitter_card":"summary_large_image","twitter_misc":{"Estimated reading time":"2 minutes"},"schema":{"@context":"https:\/\/schema.org","@graph":[{"@type":"WebPage","@id":"https:\/\/padelzoco.es\/product\/pala-padel-head-evo-extreme-2025\/","url":"https:\/\/padelzoco.es\/product\/pala-padel-head-evo-extreme-2025\/","name":"Pala Padel Head Evo Extreme 2025 - Padel Zoco","isPartOf":{"@id":"https:\/\/padelzoco.es\/#website"},"primaryImageOfPage":{"@id":"https:\/\/padelzoco.es\/product\/pala-padel-head-evo-extreme-2025\/#primaryimage"},"image":{"@id":"https:\/\/padelzoco.es\/product\/pala-padel-head-evo-extreme-2025\/#primaryimage"},"thumbnailUrl":"https:\/\/padelzoco.es\/wp-content\/uploads\/2025\/09\/HEAD-Evo-Extreme-Padel-Racket-2025-01.webp","datePublished":"2025-09-10T23:15:37+00:00","dateModified":"2026-02-02T08:48:55+00:00","description":"Head Evo Extreme 2025 padel racket, pala de p\u00e1del ligera para principiantes con fibra de vidrio, Soft Foam e Innegra. Comodidad y potencia f\u00e1cil.","breadcrumb":{"@id":"https:\/\/padelzoco.es\/product\/pala-padel-head-evo-extreme-2025\/#breadcrumb"},"inLanguage":"en-GB","potentialAction":[{"@type":"ReadAction","target":["https:\/\/padelzoco.es\/product\/pala-padel-head-evo-extreme-2025\/"]}]},{"@type":"ImageObject","inLanguage":"en-GB","@id":"https:\/\/padelzoco.es\/product\/pala-padel-head-evo-extreme-2025\/#primaryimage","url":"https:\/\/padelzoco.es\/wp-content\/uploads\/2025\/09\/HEAD-Evo-Extreme-Padel-Racket-2025-01.webp","contentUrl":"https:\/\/padelzoco.es\/wp-content\/uploads\/2025\/09\/HEAD-Evo-Extreme-Padel-Racket-2025-01.webp","width":1400,"height":1400,"caption":"HEAD Evo Extreme Padel Racket 2025 01"},{"@type":"BreadcrumbList","@id":"https:\/\/padelzoco.es\/product\/pala-padel-head-evo-extreme-2025\/#breadcrumb","itemListElement":[{"@type":"ListItem","position":1,"name":"Home","item":"https:\/\/padelzoco.es\/"},{"@type":"ListItem","position":2,"name":"Padel Zoco","item":"https:\/\/padelzoco.es\/padel-zoco\/"},{"@type":"ListItem","position":3,"name":"Pala Padel Head Evo Extreme 2025"}]},{"@type":"WebSite","@id":"https:\/\/padelzoco.es\/#website","url":"https:\/\/padelzoco.es\/","name":"Padel Zoco","description":"Padel Zoco | Spain","publisher":{"@id":"https:\/\/padelzoco.es\/#organization"},"potentialAction":[{"@type":"SearchAction","target":{"@type":"EntryPoint","urlTemplate":"https:\/\/padelzoco.es\/?s={search_term_string}"},"query-input":{"@type":"PropertyValueSpecification","valueRequired":true,"valueName":"search_term_string"}}],"inLanguage":"en-GB"},{"@type":"Organization","@id":"https:\/\/padelzoco.es\/#organization","name":"Padel Zoco","url":"https:\/\/padelzoco.es\/","logo":{"@type":"ImageObject","inLanguage":"en-GB","@id":"https:\/\/padelzoco.es\/#\/schema\/logo\/image\/","url":"https:\/\/padelzoco.es\/wp-content\/uploads\/2023\/11\/PadelZoco_Logo_black_white.webp","contentUrl":"https:\/\/padelzoco.es\/wp-content\/uploads\/2023\/11\/PadelZoco_Logo_black_white.webp","width":1500,"height":631,"caption":"Padel Zoco"},"image":{"@id":"https:\/\/padelzoco.es\/#\/schema\/logo\/image\/"}}]}},"_links":{"self":[{"href":"https:\/\/padelzoco.es\/en\/wp-json\/wp\/v2\/product\/26096","targetHints":{"allow":["GET"]}}],"collection":[{"href":"https:\/\/padelzoco.es\/en\/wp-json\/wp\/v2\/product"}],"about":[{"href":"https:\/\/padelzoco.es\/en\/wp-json\/wp\/v2\/types\/product"}],"version-history":[{"count":8,"href":"https:\/\/padelzoco.es\/en\/wp-json\/wp\/v2\/product\/26096\/revisions"}],"predecessor-version":[{"id":29301,"href":"https:\/\/padelzoco.es\/en\/wp-json\/wp\/v2\/product\/26096\/revisions\/29301"}],"wp:featuredmedia":[{"embeddable":true,"href":"https:\/\/padelzoco.es\/en\/wp-json\/wp\/v2\/media\/26098"}],"wp:attachment":[{"href":"https:\/\/padelzoco.es\/en\/wp-json\/wp\/v2\/media?parent=26096"}],"wp:term":[{"taxonomy":"product_brand","embeddable":true,"href":"https:\/\/padelzoco.es\/en\/wp-json\/wp\/v2\/product_brand?post=26096"},{"taxonomy":"product_cat","embeddable":true,"href":"https:\/\/padelzoco.es\/en\/wp-json\/wp\/v2\/product_cat?post=26096"},{"taxonomy":"product_tag","embeddable":true,"href":"https:\/\/padelzoco.es\/en\/wp-json\/wp\/v2\/product_tag?post=26096"}],"curies":[{"name":"wp","href":"https:\/\/api.w.org\/{rel}","templated":true}]}}