{"id":26121,"date":"2025-09-11T10:11:33","date_gmt":"2025-09-11T09:11:33","guid":{"rendered":"https:\/\/padelzoco.es\/?post_type=product&#038;p=26121"},"modified":"2026-03-18T13:20:58","modified_gmt":"2026-03-18T12:20:58","slug":"pantalon-asics-court-9in-padel-azul","status":"publish","type":"product","link":"https:\/\/padelzoco.es\/en\/product\/pantalon-asics-court-9in-padel-azul\/","title":{"rendered":"Pantalon Asics Court 9IN Padel Azul"},"content":{"rendered":"<p data-start=\"81\" data-end=\"382\">El <strong data-start=\"84\" data-end=\"159\">pantal\u00f3n corto de p\u00e1del <span class=\"hover:entity-accent entity-underline inline cursor-pointer align-baseline\"><span class=\"whitespace-normal\">ASICS<\/span><\/span> Court 9IN<\/strong> est\u00e1 dise\u00f1ado para ofrecer <strong data-start=\"187\" data-end=\"227\">ligereza, transpirabilidad y confort<\/strong> tanto en entrenamientos como en partidos. Su tejido t\u00e9cnico permite mantener el cuerpo seco y c\u00f3modo incluso durante los momentos m\u00e1s intensos en pista.<\/p>\n<p data-start=\"384\" data-end=\"657\">Gracias a su <strong data-start=\"397\" data-end=\"428\">tecnolog\u00eda de secado r\u00e1pido<\/strong>, ayuda a evacuar la humedad de forma eficiente, mejorando la sensaci\u00f3n de frescura durante el juego. Adem\u00e1s, est\u00e1 confeccionado con <strong data-start=\"561\" data-end=\"586\">materiales reciclados<\/strong>, aportando una opci\u00f3n m\u00e1s sostenible sin comprometer el rendimiento.<\/p>\n<p data-start=\"659\" data-end=\"924\">Incorpora <strong data-start=\"669\" data-end=\"690\">bolsillos amplios<\/strong>, ideales para guardar pelotas de p\u00e1del de forma pr\u00e1ctica, mientras que su <strong data-start=\"765\" data-end=\"788\">corte de 9 pulgadas<\/strong> proporciona una mayor cobertura sin limitar la movilidad, ofreciendo un equilibrio perfecto entre comodidad y libertad de movimiento.<\/p>\n<p data-start=\"926\" data-end=\"960\"><strong data-start=\"926\" data-end=\"958\">Key Features:<\/strong><\/p>\n<ul data-start=\"961\" data-end=\"1151\">\n<li data-section-id=\"1fqd0w9\" data-start=\"961\" data-end=\"993\">\n<p data-start=\"963\" data-end=\"993\">Tejido ligero y transpirable<\/p>\n<\/li>\n<li data-section-id=\"10c8lzl\" data-start=\"994\" data-end=\"1030\">\n<p data-start=\"996\" data-end=\"1030\">Secado r\u00e1pido para mayor confort<\/p>\n<\/li>\n<li data-section-id=\"1ooc8ej\" data-start=\"1031\" data-end=\"1070\">\n<p data-start=\"1033\" data-end=\"1070\">Fabricado con materiales reciclados<\/p>\n<\/li>\n<li data-section-id=\"65xzx4\" data-start=\"1071\" data-end=\"1105\">\n<p data-start=\"1073\" data-end=\"1105\">Bolsillos amplios para pelotas<\/p>\n<\/li>\n<li data-section-id=\"11hmabm\" data-start=\"1106\" data-end=\"1151\">\n<p data-start=\"1108\" data-end=\"1151\">Corte 9\u201d para mayor cobertura y movilidad<\/p>\n<\/li>\n<\/ul>\n<p data-start=\"1153\" data-end=\"1335\" data-is-last-node=\"\" data-is-only-node=\"\">","protected":false},"excerpt":{"rendered":"<p data-start=\"81\" data-end=\"382\">El <strong data-start=\"84\" data-end=\"159\">pantal\u00f3n corto de p\u00e1del <span class=\"hover:entity-accent entity-underline inline cursor-pointer align-baseline\"><span class=\"whitespace-normal\">ASICS<\/span><\/span> Court 9IN<\/strong> est\u00e1 dise\u00f1ado para ofrecer <strong data-start=\"187\" data-end=\"227\">ligereza, transpirabilidad y confort<\/strong> tanto en entrenamientos como en partidos. Su tejido t\u00e9cnico permite mantener el cuerpo seco y c\u00f3modo incluso durante los momentos m\u00e1s intensos en pista.<\/p>\n<p data-start=\"384\" data-end=\"657\">Gracias a su <strong data-start=\"397\" data-end=\"428\">tecnolog\u00eda de secado r\u00e1pido<\/strong>, ayuda a evacuar la humedad de forma eficiente, mejorando la sensaci\u00f3n de frescura durante el juego. Adem\u00e1s, est\u00e1 confeccionado con <strong data-start=\"561\" data-end=\"586\">materiales reciclados<\/strong>, aportando una opci\u00f3n m\u00e1s sostenible sin comprometer el rendimiento.<\/p>","protected":false},"featured_media":26141,"template":"","meta":[],"product_brand":[],"product_cat":[606,608,613,601],"product_tag":[],"class_list":{"0":"post-26121","1":"product","2":"type-product","3":"status-publish","4":"has-post-thumbnail","6":"product_cat-asics-ropa","7":"product_cat-hombre-ropa","8":"product_cat-pantalones-ropa","9":"product_cat-ropa","10":"pa_brand-asics","11":"pa_color-navy-blue","12":"pa_gender-hombre","13":"pa_hs_code-87","14":"pa_size-l","15":"pa_size-m","16":"pa_size-s","17":"pa_size-xl","19":"first","20":"instock","21":"sale","22":"taxable","23":"shipping-taxable","24":"purchasable","25":"product-type-variable"},"yoast_head":"<!-- This site is optimized with the Yoast SEO plugin v27.3 - https:\/\/yoast.com\/product\/yoast-seo-wordpress\/ -->\n<title>Pantalon Asics Court 9IN Padel Azul - Padel Zoco<\/title>\n<meta name=\"description\" content=\"Meta descripci\u00f3n:ASICS Court 9IN short de p\u00e1del ligero, transpirable y de secado r\u00e1pido. Con materiales reciclados y bolsillos amplios, ideal para entrenamiento y competici\u00f3n.\" \/>\n<meta name=\"robots\" content=\"index, follow, max-snippet:-1, max-image-preview:large, max-video-preview:-1\" \/>\n<link rel=\"canonical\" href=\"https:\/\/padelzoco.es\/en\/product\/pantalon-asics-court-9in-padel-azul\/\" \/>\n<meta property=\"og:locale\" content=\"en_GB\" \/>\n<meta property=\"og:type\" content=\"article\" \/>\n<meta property=\"og:title\" content=\"Pantalon Asics Court 9IN Padel Azul - Padel Zoco\" \/>\n<meta property=\"og:description\" content=\"Meta descripci\u00f3n:ASICS Court 9IN short de p\u00e1del ligero, transpirable y de secado r\u00e1pido. Con materiales reciclados y bolsillos amplios, ideal para entrenamiento y competici\u00f3n.\" \/>\n<meta property=\"og:url\" content=\"https:\/\/padelzoco.es\/en\/product\/pantalon-asics-court-9in-padel-azul\/\" \/>\n<meta property=\"og:site_name\" content=\"Padel Zoco\" \/>\n<meta property=\"article:modified_time\" content=\"2026-03-18T12:20:58+00:00\" \/>\n<meta property=\"og:image\" content=\"https:\/\/padelzoco.es\/wp-content\/uploads\/2025\/09\/ASICS-Court-9IN-Padel-Shorts-Midnight-Blue-01.webp\" \/>\n\t<meta property=\"og:image:width\" content=\"1400\" \/>\n\t<meta property=\"og:image:height\" content=\"1400\" \/>\n\t<meta property=\"og:image:type\" content=\"image\/webp\" \/>\n<meta name=\"twitter:card\" content=\"summary_large_image\" \/>\n<meta name=\"twitter:label1\" content=\"Estimated reading time\" \/>\n\t<meta name=\"twitter:data1\" content=\"1 minute\" \/>\n<script type=\"application\/ld+json\" class=\"yoast-schema-graph\">{\"@context\":\"https:\\\/\\\/schema.org\",\"@graph\":[{\"@type\":\"WebPage\",\"@id\":\"https:\\\/\\\/padelzoco.es\\\/product\\\/pantalon-asics-court-9in-padel-azul\\\/\",\"url\":\"https:\\\/\\\/padelzoco.es\\\/product\\\/pantalon-asics-court-9in-padel-azul\\\/\",\"name\":\"Pantalon Asics Court 9IN Padel Azul - Padel Zoco\",\"isPartOf\":{\"@id\":\"https:\\\/\\\/padelzoco.es\\\/#website\"},\"primaryImageOfPage\":{\"@id\":\"https:\\\/\\\/padelzoco.es\\\/product\\\/pantalon-asics-court-9in-padel-azul\\\/#primaryimage\"},\"image\":{\"@id\":\"https:\\\/\\\/padelzoco.es\\\/product\\\/pantalon-asics-court-9in-padel-azul\\\/#primaryimage\"},\"thumbnailUrl\":\"https:\\\/\\\/padelzoco.es\\\/wp-content\\\/uploads\\\/2025\\\/09\\\/ASICS-Court-9IN-Padel-Shorts-Midnight-Blue-01.webp\",\"datePublished\":\"2025-09-11T09:11:33+00:00\",\"dateModified\":\"2026-03-18T12:20:58+00:00\",\"description\":\"Meta descripci\u00f3n:ASICS Court 9IN short de p\u00e1del ligero, transpirable y de secado r\u00e1pido. Con materiales reciclados y bolsillos amplios, ideal para entrenamiento y competici\u00f3n.\",\"breadcrumb\":{\"@id\":\"https:\\\/\\\/padelzoco.es\\\/product\\\/pantalon-asics-court-9in-padel-azul\\\/#breadcrumb\"},\"inLanguage\":\"en-GB\",\"potentialAction\":[{\"@type\":\"ReadAction\",\"target\":[\"https:\\\/\\\/padelzoco.es\\\/product\\\/pantalon-asics-court-9in-padel-azul\\\/\"]}]},{\"@type\":\"ImageObject\",\"inLanguage\":\"en-GB\",\"@id\":\"https:\\\/\\\/padelzoco.es\\\/product\\\/pantalon-asics-court-9in-padel-azul\\\/#primaryimage\",\"url\":\"https:\\\/\\\/padelzoco.es\\\/wp-content\\\/uploads\\\/2025\\\/09\\\/ASICS-Court-9IN-Padel-Shorts-Midnight-Blue-01.webp\",\"contentUrl\":\"https:\\\/\\\/padelzoco.es\\\/wp-content\\\/uploads\\\/2025\\\/09\\\/ASICS-Court-9IN-Padel-Shorts-Midnight-Blue-01.webp\",\"width\":1400,\"height\":1400,\"caption\":\"ASICS Court 9IN Padel Shorts Midnight Blue 01\"},{\"@type\":\"BreadcrumbList\",\"@id\":\"https:\\\/\\\/padelzoco.es\\\/product\\\/pantalon-asics-court-9in-padel-azul\\\/#breadcrumb\",\"itemListElement\":[{\"@type\":\"ListItem\",\"position\":1,\"name\":\"Home\",\"item\":\"https:\\\/\\\/padelzoco.es\\\/\"},{\"@type\":\"ListItem\",\"position\":2,\"name\":\"Padel Zoco\",\"item\":\"https:\\\/\\\/padelzoco.es\\\/padel-zoco\\\/\"},{\"@type\":\"ListItem\",\"position\":3,\"name\":\"Pantalon Asics Court 9IN Padel Azul\"}]},{\"@type\":\"WebSite\",\"@id\":\"https:\\\/\\\/padelzoco.es\\\/#website\",\"url\":\"https:\\\/\\\/padelzoco.es\\\/\",\"name\":\"Padel Zoco\",\"description\":\"Padel Zoco | Spain\",\"publisher\":{\"@id\":\"https:\\\/\\\/padelzoco.es\\\/#organization\"},\"potentialAction\":[{\"@type\":\"SearchAction\",\"target\":{\"@type\":\"EntryPoint\",\"urlTemplate\":\"https:\\\/\\\/padelzoco.es\\\/?s={search_term_string}\"},\"query-input\":{\"@type\":\"PropertyValueSpecification\",\"valueRequired\":true,\"valueName\":\"search_term_string\"}}],\"inLanguage\":\"en-GB\"},{\"@type\":\"Organization\",\"@id\":\"https:\\\/\\\/padelzoco.es\\\/#organization\",\"name\":\"Padel Zoco\",\"url\":\"https:\\\/\\\/padelzoco.es\\\/\",\"logo\":{\"@type\":\"ImageObject\",\"inLanguage\":\"en-GB\",\"@id\":\"https:\\\/\\\/padelzoco.es\\\/#\\\/schema\\\/logo\\\/image\\\/\",\"url\":\"https:\\\/\\\/padelzoco.es\\\/wp-content\\\/uploads\\\/2023\\\/11\\\/PadelZoco_Logo_black_white.webp\",\"contentUrl\":\"https:\\\/\\\/padelzoco.es\\\/wp-content\\\/uploads\\\/2023\\\/11\\\/PadelZoco_Logo_black_white.webp\",\"width\":1500,\"height\":631,\"caption\":\"Padel Zoco\"},\"image\":{\"@id\":\"https:\\\/\\\/padelzoco.es\\\/#\\\/schema\\\/logo\\\/image\\\/\"}}]}<\/script>\n<!-- \/ Yoast SEO plugin. -->","yoast_head_json":{"title":"Pantalon Asics Court 9IN Padel Azul - Padel Zoco","description":"Meta descripci\u00f3n:ASICS Court 9IN short de p\u00e1del ligero, transpirable y de secado r\u00e1pido. Con materiales reciclados y bolsillos amplios, ideal para entrenamiento y competici\u00f3n.","robots":{"index":"index","follow":"follow","max-snippet":"max-snippet:-1","max-image-preview":"max-image-preview:large","max-video-preview":"max-video-preview:-1"},"canonical":"https:\/\/padelzoco.es\/en\/product\/pantalon-asics-court-9in-padel-azul\/","og_locale":"en_GB","og_type":"article","og_title":"Pantalon Asics Court 9IN Padel Azul - Padel Zoco","og_description":"Meta descripci\u00f3n:ASICS Court 9IN short de p\u00e1del ligero, transpirable y de secado r\u00e1pido. Con materiales reciclados y bolsillos amplios, ideal para entrenamiento y competici\u00f3n.","og_url":"https:\/\/padelzoco.es\/en\/product\/pantalon-asics-court-9in-padel-azul\/","og_site_name":"Padel Zoco","article_modified_time":"2026-03-18T12:20:58+00:00","og_image":[{"width":1400,"height":1400,"url":"https:\/\/padelzoco.es\/wp-content\/uploads\/2025\/09\/ASICS-Court-9IN-Padel-Shorts-Midnight-Blue-01.webp","type":"image\/webp"}],"twitter_card":"summary_large_image","twitter_misc":{"Estimated reading time":"1 minute"},"schema":{"@context":"https:\/\/schema.org","@graph":[{"@type":"WebPage","@id":"https:\/\/padelzoco.es\/product\/pantalon-asics-court-9in-padel-azul\/","url":"https:\/\/padelzoco.es\/product\/pantalon-asics-court-9in-padel-azul\/","name":"Pantalon Asics Court 9IN Padel Azul - Padel Zoco","isPartOf":{"@id":"https:\/\/padelzoco.es\/#website"},"primaryImageOfPage":{"@id":"https:\/\/padelzoco.es\/product\/pantalon-asics-court-9in-padel-azul\/#primaryimage"},"image":{"@id":"https:\/\/padelzoco.es\/product\/pantalon-asics-court-9in-padel-azul\/#primaryimage"},"thumbnailUrl":"https:\/\/padelzoco.es\/wp-content\/uploads\/2025\/09\/ASICS-Court-9IN-Padel-Shorts-Midnight-Blue-01.webp","datePublished":"2025-09-11T09:11:33+00:00","dateModified":"2026-03-18T12:20:58+00:00","description":"Meta descripci\u00f3n:ASICS Court 9IN short de p\u00e1del ligero, transpirable y de secado r\u00e1pido. Con materiales reciclados y bolsillos amplios, ideal para entrenamiento y competici\u00f3n.","breadcrumb":{"@id":"https:\/\/padelzoco.es\/product\/pantalon-asics-court-9in-padel-azul\/#breadcrumb"},"inLanguage":"en-GB","potentialAction":[{"@type":"ReadAction","target":["https:\/\/padelzoco.es\/product\/pantalon-asics-court-9in-padel-azul\/"]}]},{"@type":"ImageObject","inLanguage":"en-GB","@id":"https:\/\/padelzoco.es\/product\/pantalon-asics-court-9in-padel-azul\/#primaryimage","url":"https:\/\/padelzoco.es\/wp-content\/uploads\/2025\/09\/ASICS-Court-9IN-Padel-Shorts-Midnight-Blue-01.webp","contentUrl":"https:\/\/padelzoco.es\/wp-content\/uploads\/2025\/09\/ASICS-Court-9IN-Padel-Shorts-Midnight-Blue-01.webp","width":1400,"height":1400,"caption":"ASICS Court 9IN Padel Shorts Midnight Blue 01"},{"@type":"BreadcrumbList","@id":"https:\/\/padelzoco.es\/product\/pantalon-asics-court-9in-padel-azul\/#breadcrumb","itemListElement":[{"@type":"ListItem","position":1,"name":"Home","item":"https:\/\/padelzoco.es\/"},{"@type":"ListItem","position":2,"name":"Padel Zoco","item":"https:\/\/padelzoco.es\/padel-zoco\/"},{"@type":"ListItem","position":3,"name":"Pantalon Asics Court 9IN Padel Azul"}]},{"@type":"WebSite","@id":"https:\/\/padelzoco.es\/#website","url":"https:\/\/padelzoco.es\/","name":"Padel Zoco","description":"Padel Zoco | Spain","publisher":{"@id":"https:\/\/padelzoco.es\/#organization"},"potentialAction":[{"@type":"SearchAction","target":{"@type":"EntryPoint","urlTemplate":"https:\/\/padelzoco.es\/?s={search_term_string}"},"query-input":{"@type":"PropertyValueSpecification","valueRequired":true,"valueName":"search_term_string"}}],"inLanguage":"en-GB"},{"@type":"Organization","@id":"https:\/\/padelzoco.es\/#organization","name":"Padel Zoco","url":"https:\/\/padelzoco.es\/","logo":{"@type":"ImageObject","inLanguage":"en-GB","@id":"https:\/\/padelzoco.es\/#\/schema\/logo\/image\/","url":"https:\/\/padelzoco.es\/wp-content\/uploads\/2023\/11\/PadelZoco_Logo_black_white.webp","contentUrl":"https:\/\/padelzoco.es\/wp-content\/uploads\/2023\/11\/PadelZoco_Logo_black_white.webp","width":1500,"height":631,"caption":"Padel Zoco"},"image":{"@id":"https:\/\/padelzoco.es\/#\/schema\/logo\/image\/"}}]}},"_links":{"self":[{"href":"https:\/\/padelzoco.es\/en\/wp-json\/wp\/v2\/product\/26121","targetHints":{"allow":["GET"]}}],"collection":[{"href":"https:\/\/padelzoco.es\/en\/wp-json\/wp\/v2\/product"}],"about":[{"href":"https:\/\/padelzoco.es\/en\/wp-json\/wp\/v2\/types\/product"}],"version-history":[{"count":7,"href":"https:\/\/padelzoco.es\/en\/wp-json\/wp\/v2\/product\/26121\/revisions"}],"predecessor-version":[{"id":37685,"href":"https:\/\/padelzoco.es\/en\/wp-json\/wp\/v2\/product\/26121\/revisions\/37685"}],"wp:featuredmedia":[{"embeddable":true,"href":"https:\/\/padelzoco.es\/en\/wp-json\/wp\/v2\/media\/26141"}],"wp:attachment":[{"href":"https:\/\/padelzoco.es\/en\/wp-json\/wp\/v2\/media?parent=26121"}],"wp:term":[{"taxonomy":"product_brand","embeddable":true,"href":"https:\/\/padelzoco.es\/en\/wp-json\/wp\/v2\/product_brand?post=26121"},{"taxonomy":"product_cat","embeddable":true,"href":"https:\/\/padelzoco.es\/en\/wp-json\/wp\/v2\/product_cat?post=26121"},{"taxonomy":"product_tag","embeddable":true,"href":"https:\/\/padelzoco.es\/en\/wp-json\/wp\/v2\/product_tag?post=26121"}],"curies":[{"name":"wp","href":"https:\/\/api.w.org\/{rel}","templated":true}]}}