{"id":26215,"date":"2025-09-12T21:20:01","date_gmt":"2025-09-12T20:20:01","guid":{"rendered":"https:\/\/padelzoco.es\/?post_type=product&#038;p=26215"},"modified":"2026-02-11T20:29:35","modified_gmt":"2026-02-11T19:29:35","slug":"camiseta-asics-court-ss-top-burnt-red","status":"publish","type":"product","link":"https:\/\/padelzoco.es\/en\/product\/camiseta-asics-court-ss-top-burnt-red\/","title":{"rendered":"Camiseta Asics Court SS Top Burnt Red"},"content":{"rendered":"","protected":false},"excerpt":{"rendered":"<p>Mantente fresco y c\u00f3modo en la pista con la camiseta de manga corta ASICS Court. Confeccionada con tela suave y transpirable de materiales reciclados, est\u00e1 dise\u00f1ada para mantenerte seco durante intensos partidos y entrenamientos.<\/p>\n<p>Hecha con al menos un 50% de materiales reciclados, es una opci\u00f3n ecol\u00f3gica que no compromete la calidad ni la comodidad.<\/p>\n<p class=\"\" data-start=\"421\" data-end=\"447\"><strong data-start=\"421\" data-end=\"447\">Features:<\/strong><\/p>\n<ul>\n<li>Tela de secado r\u00e1pido \u2013 Ayuda a mantener el sudor alejado, para que te mantengas seco y concentrado<\/li>\n<li>Tejido suave y transpirable \u2013 C\u00f3moda contra la piel durante largas sesiones de juego<\/li>\n<li>Insertos de malla \u2013 Zonas de malla en axilas y espalda para un mayor flujo de aire<\/li>\n<li>Dise\u00f1o de punto piqu\u00e9 ligero \u2013 Estilo cl\u00e1sico con beneficios modernos de rendimiento<\/li>\n<li>Materiales sostenibles \u2013 M\u00e1s de la mitad del tejido principal est\u00e1 hecho con contenido reciclado para ayudar a reducir el impacto ambiental<\/li>\n<\/ul>\n<p class=\"\" data-start=\"981\" data-end=\"1152\">Ya sea que est\u00e9s jugando un partido competitivo o entrenando en un d\u00eda caluroso, la camiseta ASICS Padel est\u00e1 dise\u00f1ada para acompa\u00f1ar tu juego y cuidar el planeta.<\/p>","protected":false},"featured_media":26231,"template":"","meta":[],"product_brand":[],"product_cat":[606,611,608,601],"product_tag":[],"class_list":{"0":"post-26215","1":"product","2":"type-product","3":"status-publish","4":"has-post-thumbnail","6":"product_cat-asics-ropa","7":"product_cat-camisetas-ropa","8":"product_cat-hombre-ropa","9":"product_cat-ropa","10":"pa_brand-asics","11":"pa_color-rojo","12":"pa_gender-hombre","13":"pa_hs_code-87","14":"pa_size-l","15":"pa_size-m","16":"pa_size-s","17":"pa_size-xl","19":"first","20":"instock","21":"taxable","22":"shipping-taxable","23":"purchasable","24":"product-type-variable"},"yoast_head":"<!-- This site is optimized with the Yoast SEO plugin v27.3 - https:\/\/yoast.com\/product\/yoast-seo-wordpress\/ -->\n<title>Camiseta Asics Court SS Top Burnt Red - Padel Zoco<\/title>\n<meta name=\"description\" content=\"Camiseta ASICS Court de manga corta: tejido transpirable y sostenible que te mantiene fresco y seco durante tus partidos de padel.\" \/>\n<meta name=\"robots\" content=\"index, follow, max-snippet:-1, max-image-preview:large, max-video-preview:-1\" \/>\n<link rel=\"canonical\" href=\"https:\/\/padelzoco.es\/en\/product\/camiseta-asics-court-ss-top-burnt-red\/\" \/>\n<meta property=\"og:locale\" content=\"en_GB\" \/>\n<meta property=\"og:type\" content=\"article\" \/>\n<meta property=\"og:title\" content=\"Camiseta Asics Court SS Top Burnt Red - Padel Zoco\" \/>\n<meta property=\"og:description\" content=\"Camiseta ASICS Court de manga corta: tejido transpirable y sostenible que te mantiene fresco y seco durante tus partidos de padel.\" \/>\n<meta property=\"og:url\" content=\"https:\/\/padelzoco.es\/en\/product\/camiseta-asics-court-ss-top-burnt-red\/\" \/>\n<meta property=\"og:site_name\" content=\"Padel Zoco\" \/>\n<meta property=\"article:modified_time\" content=\"2026-02-11T19:29:35+00:00\" \/>\n<meta property=\"og:image\" content=\"https:\/\/padelzoco.es\/wp-content\/uploads\/2025\/09\/ASICS-Court-SS-Padel-Shirt-Red-01.webp\" \/>\n\t<meta property=\"og:image:width\" content=\"1400\" \/>\n\t<meta property=\"og:image:height\" content=\"1400\" \/>\n\t<meta property=\"og:image:type\" content=\"image\/webp\" \/>\n<meta name=\"twitter:card\" content=\"summary_large_image\" \/>\n<meta name=\"twitter:label1\" content=\"Estimated reading time\" \/>\n\t<meta name=\"twitter:data1\" content=\"1 minute\" \/>\n<script type=\"application\/ld+json\" class=\"yoast-schema-graph\">{\"@context\":\"https:\\\/\\\/schema.org\",\"@graph\":[{\"@type\":\"WebPage\",\"@id\":\"https:\\\/\\\/padelzoco.es\\\/product\\\/camiseta-asics-court-ss-top-burnt-red\\\/\",\"url\":\"https:\\\/\\\/padelzoco.es\\\/product\\\/camiseta-asics-court-ss-top-burnt-red\\\/\",\"name\":\"Camiseta Asics Court SS Top Burnt Red - Padel Zoco\",\"isPartOf\":{\"@id\":\"https:\\\/\\\/padelzoco.es\\\/#website\"},\"primaryImageOfPage\":{\"@id\":\"https:\\\/\\\/padelzoco.es\\\/product\\\/camiseta-asics-court-ss-top-burnt-red\\\/#primaryimage\"},\"image\":{\"@id\":\"https:\\\/\\\/padelzoco.es\\\/product\\\/camiseta-asics-court-ss-top-burnt-red\\\/#primaryimage\"},\"thumbnailUrl\":\"https:\\\/\\\/padelzoco.es\\\/wp-content\\\/uploads\\\/2025\\\/09\\\/ASICS-Court-SS-Padel-Shirt-Red-01.webp\",\"datePublished\":\"2025-09-12T20:20:01+00:00\",\"dateModified\":\"2026-02-11T19:29:35+00:00\",\"description\":\"Camiseta ASICS Court de manga corta: tejido transpirable y sostenible que te mantiene fresco y seco durante tus partidos de padel.\",\"breadcrumb\":{\"@id\":\"https:\\\/\\\/padelzoco.es\\\/product\\\/camiseta-asics-court-ss-top-burnt-red\\\/#breadcrumb\"},\"inLanguage\":\"en-GB\",\"potentialAction\":[{\"@type\":\"ReadAction\",\"target\":[\"https:\\\/\\\/padelzoco.es\\\/product\\\/camiseta-asics-court-ss-top-burnt-red\\\/\"]}]},{\"@type\":\"ImageObject\",\"inLanguage\":\"en-GB\",\"@id\":\"https:\\\/\\\/padelzoco.es\\\/product\\\/camiseta-asics-court-ss-top-burnt-red\\\/#primaryimage\",\"url\":\"https:\\\/\\\/padelzoco.es\\\/wp-content\\\/uploads\\\/2025\\\/09\\\/ASICS-Court-SS-Padel-Shirt-Red-01.webp\",\"contentUrl\":\"https:\\\/\\\/padelzoco.es\\\/wp-content\\\/uploads\\\/2025\\\/09\\\/ASICS-Court-SS-Padel-Shirt-Red-01.webp\",\"width\":1400,\"height\":1400,\"caption\":\"ASICS Court SS Padel Shirt Red 01\"},{\"@type\":\"BreadcrumbList\",\"@id\":\"https:\\\/\\\/padelzoco.es\\\/product\\\/camiseta-asics-court-ss-top-burnt-red\\\/#breadcrumb\",\"itemListElement\":[{\"@type\":\"ListItem\",\"position\":1,\"name\":\"Home\",\"item\":\"https:\\\/\\\/padelzoco.es\\\/\"},{\"@type\":\"ListItem\",\"position\":2,\"name\":\"Padel Zoco\",\"item\":\"https:\\\/\\\/padelzoco.es\\\/padel-zoco\\\/\"},{\"@type\":\"ListItem\",\"position\":3,\"name\":\"Camiseta Asics Court SS Top Burnt Red\"}]},{\"@type\":\"WebSite\",\"@id\":\"https:\\\/\\\/padelzoco.es\\\/#website\",\"url\":\"https:\\\/\\\/padelzoco.es\\\/\",\"name\":\"Padel Zoco\",\"description\":\"Padel Zoco | Spain\",\"publisher\":{\"@id\":\"https:\\\/\\\/padelzoco.es\\\/#organization\"},\"potentialAction\":[{\"@type\":\"SearchAction\",\"target\":{\"@type\":\"EntryPoint\",\"urlTemplate\":\"https:\\\/\\\/padelzoco.es\\\/?s={search_term_string}\"},\"query-input\":{\"@type\":\"PropertyValueSpecification\",\"valueRequired\":true,\"valueName\":\"search_term_string\"}}],\"inLanguage\":\"en-GB\"},{\"@type\":\"Organization\",\"@id\":\"https:\\\/\\\/padelzoco.es\\\/#organization\",\"name\":\"Padel Zoco\",\"url\":\"https:\\\/\\\/padelzoco.es\\\/\",\"logo\":{\"@type\":\"ImageObject\",\"inLanguage\":\"en-GB\",\"@id\":\"https:\\\/\\\/padelzoco.es\\\/#\\\/schema\\\/logo\\\/image\\\/\",\"url\":\"https:\\\/\\\/padelzoco.es\\\/wp-content\\\/uploads\\\/2023\\\/11\\\/PadelZoco_Logo_black_white.webp\",\"contentUrl\":\"https:\\\/\\\/padelzoco.es\\\/wp-content\\\/uploads\\\/2023\\\/11\\\/PadelZoco_Logo_black_white.webp\",\"width\":1500,\"height\":631,\"caption\":\"Padel Zoco\"},\"image\":{\"@id\":\"https:\\\/\\\/padelzoco.es\\\/#\\\/schema\\\/logo\\\/image\\\/\"}}]}<\/script>\n<!-- \/ Yoast SEO plugin. -->","yoast_head_json":{"title":"Camiseta Asics Court SS Top Burnt Red - Padel Zoco","description":"Camiseta ASICS Court de manga corta: tejido transpirable y sostenible que te mantiene fresco y seco durante tus partidos de padel.","robots":{"index":"index","follow":"follow","max-snippet":"max-snippet:-1","max-image-preview":"max-image-preview:large","max-video-preview":"max-video-preview:-1"},"canonical":"https:\/\/padelzoco.es\/en\/product\/camiseta-asics-court-ss-top-burnt-red\/","og_locale":"en_GB","og_type":"article","og_title":"Camiseta Asics Court SS Top Burnt Red - Padel Zoco","og_description":"Camiseta ASICS Court de manga corta: tejido transpirable y sostenible que te mantiene fresco y seco durante tus partidos de padel.","og_url":"https:\/\/padelzoco.es\/en\/product\/camiseta-asics-court-ss-top-burnt-red\/","og_site_name":"Padel Zoco","article_modified_time":"2026-02-11T19:29:35+00:00","og_image":[{"width":1400,"height":1400,"url":"https:\/\/padelzoco.es\/wp-content\/uploads\/2025\/09\/ASICS-Court-SS-Padel-Shirt-Red-01.webp","type":"image\/webp"}],"twitter_card":"summary_large_image","twitter_misc":{"Estimated reading time":"1 minute"},"schema":{"@context":"https:\/\/schema.org","@graph":[{"@type":"WebPage","@id":"https:\/\/padelzoco.es\/product\/camiseta-asics-court-ss-top-burnt-red\/","url":"https:\/\/padelzoco.es\/product\/camiseta-asics-court-ss-top-burnt-red\/","name":"Camiseta Asics Court SS Top Burnt Red - Padel Zoco","isPartOf":{"@id":"https:\/\/padelzoco.es\/#website"},"primaryImageOfPage":{"@id":"https:\/\/padelzoco.es\/product\/camiseta-asics-court-ss-top-burnt-red\/#primaryimage"},"image":{"@id":"https:\/\/padelzoco.es\/product\/camiseta-asics-court-ss-top-burnt-red\/#primaryimage"},"thumbnailUrl":"https:\/\/padelzoco.es\/wp-content\/uploads\/2025\/09\/ASICS-Court-SS-Padel-Shirt-Red-01.webp","datePublished":"2025-09-12T20:20:01+00:00","dateModified":"2026-02-11T19:29:35+00:00","description":"Camiseta ASICS Court de manga corta: tejido transpirable y sostenible que te mantiene fresco y seco durante tus partidos de padel.","breadcrumb":{"@id":"https:\/\/padelzoco.es\/product\/camiseta-asics-court-ss-top-burnt-red\/#breadcrumb"},"inLanguage":"en-GB","potentialAction":[{"@type":"ReadAction","target":["https:\/\/padelzoco.es\/product\/camiseta-asics-court-ss-top-burnt-red\/"]}]},{"@type":"ImageObject","inLanguage":"en-GB","@id":"https:\/\/padelzoco.es\/product\/camiseta-asics-court-ss-top-burnt-red\/#primaryimage","url":"https:\/\/padelzoco.es\/wp-content\/uploads\/2025\/09\/ASICS-Court-SS-Padel-Shirt-Red-01.webp","contentUrl":"https:\/\/padelzoco.es\/wp-content\/uploads\/2025\/09\/ASICS-Court-SS-Padel-Shirt-Red-01.webp","width":1400,"height":1400,"caption":"ASICS Court SS Padel Shirt Red 01"},{"@type":"BreadcrumbList","@id":"https:\/\/padelzoco.es\/product\/camiseta-asics-court-ss-top-burnt-red\/#breadcrumb","itemListElement":[{"@type":"ListItem","position":1,"name":"Home","item":"https:\/\/padelzoco.es\/"},{"@type":"ListItem","position":2,"name":"Padel Zoco","item":"https:\/\/padelzoco.es\/padel-zoco\/"},{"@type":"ListItem","position":3,"name":"Camiseta Asics Court SS Top Burnt Red"}]},{"@type":"WebSite","@id":"https:\/\/padelzoco.es\/#website","url":"https:\/\/padelzoco.es\/","name":"Padel Zoco","description":"Padel Zoco | Spain","publisher":{"@id":"https:\/\/padelzoco.es\/#organization"},"potentialAction":[{"@type":"SearchAction","target":{"@type":"EntryPoint","urlTemplate":"https:\/\/padelzoco.es\/?s={search_term_string}"},"query-input":{"@type":"PropertyValueSpecification","valueRequired":true,"valueName":"search_term_string"}}],"inLanguage":"en-GB"},{"@type":"Organization","@id":"https:\/\/padelzoco.es\/#organization","name":"Padel Zoco","url":"https:\/\/padelzoco.es\/","logo":{"@type":"ImageObject","inLanguage":"en-GB","@id":"https:\/\/padelzoco.es\/#\/schema\/logo\/image\/","url":"https:\/\/padelzoco.es\/wp-content\/uploads\/2023\/11\/PadelZoco_Logo_black_white.webp","contentUrl":"https:\/\/padelzoco.es\/wp-content\/uploads\/2023\/11\/PadelZoco_Logo_black_white.webp","width":1500,"height":631,"caption":"Padel Zoco"},"image":{"@id":"https:\/\/padelzoco.es\/#\/schema\/logo\/image\/"}}]}},"_links":{"self":[{"href":"https:\/\/padelzoco.es\/en\/wp-json\/wp\/v2\/product\/26215","targetHints":{"allow":["GET"]}}],"collection":[{"href":"https:\/\/padelzoco.es\/en\/wp-json\/wp\/v2\/product"}],"about":[{"href":"https:\/\/padelzoco.es\/en\/wp-json\/wp\/v2\/types\/product"}],"version-history":[{"count":6,"href":"https:\/\/padelzoco.es\/en\/wp-json\/wp\/v2\/product\/26215\/revisions"}],"predecessor-version":[{"id":29707,"href":"https:\/\/padelzoco.es\/en\/wp-json\/wp\/v2\/product\/26215\/revisions\/29707"}],"wp:featuredmedia":[{"embeddable":true,"href":"https:\/\/padelzoco.es\/en\/wp-json\/wp\/v2\/media\/26231"}],"wp:attachment":[{"href":"https:\/\/padelzoco.es\/en\/wp-json\/wp\/v2\/media?parent=26215"}],"wp:term":[{"taxonomy":"product_brand","embeddable":true,"href":"https:\/\/padelzoco.es\/en\/wp-json\/wp\/v2\/product_brand?post=26215"},{"taxonomy":"product_cat","embeddable":true,"href":"https:\/\/padelzoco.es\/en\/wp-json\/wp\/v2\/product_cat?post=26215"},{"taxonomy":"product_tag","embeddable":true,"href":"https:\/\/padelzoco.es\/en\/wp-json\/wp\/v2\/product_tag?post=26215"}],"curies":[{"name":"wp","href":"https:\/\/api.w.org\/{rel}","templated":true}]}}