{"id":26872,"date":"2025-09-22T16:21:50","date_gmt":"2025-09-22T15:21:50","guid":{"rendered":"https:\/\/padelzoco.es\/?post_type=product&#038;p=26872"},"modified":"2026-03-27T17:03:15","modified_gmt":"2026-03-27T16:03:15","slug":"pala-padel-nox-vk10-ventus-control-12k-aranzazu-osoro-2026","status":"publish","type":"product","link":"https:\/\/padelzoco.es\/en\/product\/pala-padel-nox-vk10-ventus-control-12k-aranzazu-osoro-2026\/","title":{"rendered":"NOX VK10 Ventus Control 12K Aranzazu Osoro 2026 Padel Racket"},"content":{"rendered":"<p data-start=\"219\" data-end=\"639\">The NOX VK10 Ventus Control 12K Aranzazu Osoro 2026 is the padel racket chosen by Aranzazu \u201cLa Vikinga\u201d Osoro for the new season, designed for players seeking control, precision, and effortless spin. This racket combines the power needed for attacking with the precision required for tactical play, making it an indispensable tool on the court for advanced players.<\/p>\n<p data-start=\"641\" data-end=\"965\">Its round shape offers a large sweet spot and great forgiveness, allowing for more controlled shots and minimal errors on off-center hits. This makes it especially suitable for players who prioritize defense and control in rallies, maintaining consistency and precision in every shot.<\/p>\n<p data-start=\"967\" data-end=\"1287\">The 12K carbon construction provides the perfect balance between control and power, as well as durability and consistent performance in every match. Meanwhile, the MLD Black EVA core provides comfort, responsiveness, and a firm feel, ensuring a solid shot without sacrificing softness or comfort.<\/p>\n<p data-start=\"1289\" data-end=\"1638\">The textured, intensified surface of the racket enhances spin generation, allowing for easy spin application and giving the player greater control over the ball. This makes the VK10 Ventus Control 12K ideal for dominating the game through placement and precision, without sacrificing power when needed.<\/p>\n<p data-start=\"1640\" data-end=\"1949\">Key features include: the official design featuring Aranzazu Osoro \u201cLa Vikinga,\u201d its round shape for maximum precision and forgiveness, the 12K carbon frame for balance and durability, the MLD Black EVA core for comfort and shock absorption, and the textured surface for superior spin control.<\/p>\n<p data-start=\"1951\" data-end=\"2239\">In short, the NOX VK10 Ventus Control 12K Aranzazu Osoro 2026 is the perfect padel racket for advanced players seeking total control, consistency, and precise spin, combining Osoro's aggressive style with the security and precision required for high-level matches.<\/p>","protected":false},"excerpt":{"rendered":"<p data-start=\"393\" data-end=\"555\">The NOX VK10 Ventus Control 12K Aranzazu Osoro 2026 is a round, lightweight and resistant padel racket, with an MLD Black EVA core and 12K carbon, ideal for control, precision and spin in advanced players.<\/p>","protected":false},"featured_media":26877,"template":"","meta":[],"product_brand":[],"product_cat":[582,589,581,697,574,586],"product_tag":[],"class_list":{"0":"post-26872","1":"product","2":"type-product","3":"status-publish","4":"has-post-thumbnail","6":"product_cat-avanzado-palas","7":"product_cat-hombre-palas","8":"product_cat-intermedio-palas","9":"product_cat-nox-padel","10":"product_cat-nox-palas","11":"product_cat-redonda-palas","12":"pa_brand-nox","14":"first","15":"instock","16":"sale","17":"taxable","18":"shipping-taxable","19":"purchasable","20":"product-type-simple"},"yoast_head":"<!-- This site is optimized with the Yoast SEO plugin v27.4 - https:\/\/yoast.com\/product\/yoast-seo-wordpress\/ -->\n<title>Pala Padel NOX VK10 Ventus Control 12K Aranzazu Osoro 2026 - Padel Zoco<\/title>\n<meta name=\"description\" content=\"NOX VK10 Ventus Control 12K 2026: pala padel nox de Aranzazu Osoro con carbono 12K, n\u00facleo MLD Black EVA y m\u00e1xima precisi\u00f3n, control y spin.\" \/>\n<meta name=\"robots\" content=\"index, follow, max-snippet:-1, max-image-preview:large, max-video-preview:-1\" \/>\n<link rel=\"canonical\" href=\"https:\/\/padelzoco.es\/en\/product\/pala-padel-nox-vk10-ventus-control-12k-aranzazu-osoro-2026\/\" \/>\n<meta property=\"og:locale\" content=\"en_GB\" \/>\n<meta property=\"og:type\" content=\"article\" \/>\n<meta property=\"og:title\" content=\"Pala Padel NOX VK10 Ventus Control 12K Aranzazu Osoro 2026 - Padel Zoco\" \/>\n<meta property=\"og:description\" content=\"NOX VK10 Ventus Control 12K 2026: pala padel nox de Aranzazu Osoro con carbono 12K, n\u00facleo MLD Black EVA y m\u00e1xima precisi\u00f3n, control y spin.\" \/>\n<meta property=\"og:url\" content=\"https:\/\/padelzoco.es\/en\/product\/pala-padel-nox-vk10-ventus-control-12k-aranzazu-osoro-2026\/\" \/>\n<meta property=\"og:site_name\" content=\"Padel Zoco\" \/>\n<meta property=\"article:modified_time\" content=\"2026-03-27T16:03:15+00:00\" \/>\n<meta property=\"og:image\" content=\"https:\/\/padelzoco.es\/wp-content\/uploads\/2025\/09\/NOX-VK10-Ventus-Control-12K-Aranzazu-Osoro-Padel-Racket-2026-14.webp\" \/>\n\t<meta property=\"og:image:width\" content=\"1400\" \/>\n\t<meta property=\"og:image:height\" content=\"1400\" \/>\n\t<meta property=\"og:image:type\" content=\"image\/webp\" \/>\n<meta name=\"twitter:card\" content=\"summary_large_image\" \/>\n<meta name=\"twitter:label1\" content=\"Estimated reading time\" \/>\n\t<meta name=\"twitter:data1\" content=\"2 minutes\" \/>\n<script type=\"application\/ld+json\" class=\"yoast-schema-graph\">{\"@context\":\"https:\\\/\\\/schema.org\",\"@graph\":[{\"@type\":\"WebPage\",\"@id\":\"https:\\\/\\\/padelzoco.es\\\/product\\\/pala-padel-nox-vk10-ventus-control-12k-aranzazu-osoro-2026\\\/\",\"url\":\"https:\\\/\\\/padelzoco.es\\\/product\\\/pala-padel-nox-vk10-ventus-control-12k-aranzazu-osoro-2026\\\/\",\"name\":\"Pala Padel NOX VK10 Ventus Control 12K Aranzazu Osoro 2026 - Padel Zoco\",\"isPartOf\":{\"@id\":\"https:\\\/\\\/padelzoco.es\\\/#website\"},\"primaryImageOfPage\":{\"@id\":\"https:\\\/\\\/padelzoco.es\\\/product\\\/pala-padel-nox-vk10-ventus-control-12k-aranzazu-osoro-2026\\\/#primaryimage\"},\"image\":{\"@id\":\"https:\\\/\\\/padelzoco.es\\\/product\\\/pala-padel-nox-vk10-ventus-control-12k-aranzazu-osoro-2026\\\/#primaryimage\"},\"thumbnailUrl\":\"https:\\\/\\\/padelzoco.es\\\/wp-content\\\/uploads\\\/2025\\\/09\\\/NOX-VK10-Ventus-Control-12K-Aranzazu-Osoro-Padel-Racket-2026-14.webp\",\"datePublished\":\"2025-09-22T15:21:50+00:00\",\"dateModified\":\"2026-03-27T16:03:15+00:00\",\"description\":\"NOX VK10 Ventus Control 12K 2026: pala padel nox de Aranzazu Osoro con carbono 12K, n\u00facleo MLD Black EVA y m\u00e1xima precisi\u00f3n, control y spin.\",\"breadcrumb\":{\"@id\":\"https:\\\/\\\/padelzoco.es\\\/product\\\/pala-padel-nox-vk10-ventus-control-12k-aranzazu-osoro-2026\\\/#breadcrumb\"},\"inLanguage\":\"en-GB\",\"potentialAction\":[{\"@type\":\"ReadAction\",\"target\":[\"https:\\\/\\\/padelzoco.es\\\/product\\\/pala-padel-nox-vk10-ventus-control-12k-aranzazu-osoro-2026\\\/\"]}]},{\"@type\":\"ImageObject\",\"inLanguage\":\"en-GB\",\"@id\":\"https:\\\/\\\/padelzoco.es\\\/product\\\/pala-padel-nox-vk10-ventus-control-12k-aranzazu-osoro-2026\\\/#primaryimage\",\"url\":\"https:\\\/\\\/padelzoco.es\\\/wp-content\\\/uploads\\\/2025\\\/09\\\/NOX-VK10-Ventus-Control-12K-Aranzazu-Osoro-Padel-Racket-2026-14.webp\",\"contentUrl\":\"https:\\\/\\\/padelzoco.es\\\/wp-content\\\/uploads\\\/2025\\\/09\\\/NOX-VK10-Ventus-Control-12K-Aranzazu-Osoro-Padel-Racket-2026-14.webp\",\"width\":1400,\"height\":1400,\"caption\":\"NOX VK10 Ventus Control 12K Aranzazu Osoro Padel Racket 2026 14\"},{\"@type\":\"BreadcrumbList\",\"@id\":\"https:\\\/\\\/padelzoco.es\\\/product\\\/pala-padel-nox-vk10-ventus-control-12k-aranzazu-osoro-2026\\\/#breadcrumb\",\"itemListElement\":[{\"@type\":\"ListItem\",\"position\":1,\"name\":\"Home\",\"item\":\"https:\\\/\\\/padelzoco.es\\\/\"},{\"@type\":\"ListItem\",\"position\":2,\"name\":\"Padel Zoco\",\"item\":\"https:\\\/\\\/padelzoco.es\\\/padel-zoco\\\/\"},{\"@type\":\"ListItem\",\"position\":3,\"name\":\"Pala Padel NOX VK10 Ventus Control 12K Aranzazu Osoro 2026\"}]},{\"@type\":\"WebSite\",\"@id\":\"https:\\\/\\\/padelzoco.es\\\/#website\",\"url\":\"https:\\\/\\\/padelzoco.es\\\/\",\"name\":\"Padel Zoco\",\"description\":\"Padel Zoco | Spain\",\"publisher\":{\"@id\":\"https:\\\/\\\/padelzoco.es\\\/#organization\"},\"potentialAction\":[{\"@type\":\"SearchAction\",\"target\":{\"@type\":\"EntryPoint\",\"urlTemplate\":\"https:\\\/\\\/padelzoco.es\\\/?s={search_term_string}\"},\"query-input\":{\"@type\":\"PropertyValueSpecification\",\"valueRequired\":true,\"valueName\":\"search_term_string\"}}],\"inLanguage\":\"en-GB\"},{\"@type\":\"Organization\",\"@id\":\"https:\\\/\\\/padelzoco.es\\\/#organization\",\"name\":\"Padel Zoco\",\"url\":\"https:\\\/\\\/padelzoco.es\\\/\",\"logo\":{\"@type\":\"ImageObject\",\"inLanguage\":\"en-GB\",\"@id\":\"https:\\\/\\\/padelzoco.es\\\/#\\\/schema\\\/logo\\\/image\\\/\",\"url\":\"https:\\\/\\\/padelzoco.es\\\/wp-content\\\/uploads\\\/2023\\\/11\\\/PadelZoco_Logo_black_white.webp\",\"contentUrl\":\"https:\\\/\\\/padelzoco.es\\\/wp-content\\\/uploads\\\/2023\\\/11\\\/PadelZoco_Logo_black_white.webp\",\"width\":1500,\"height\":631,\"caption\":\"Padel Zoco\"},\"image\":{\"@id\":\"https:\\\/\\\/padelzoco.es\\\/#\\\/schema\\\/logo\\\/image\\\/\"}}]}<\/script>\n<!-- \/ Yoast SEO plugin. -->","yoast_head_json":{"title":"Pala Padel NOX VK10 Ventus Control 12K Aranzazu Osoro 2026 - Padel Zoco","description":"NOX VK10 Ventus Control 12K 2026: pala padel nox de Aranzazu Osoro con carbono 12K, n\u00facleo MLD Black EVA y m\u00e1xima precisi\u00f3n, control y spin.","robots":{"index":"index","follow":"follow","max-snippet":"max-snippet:-1","max-image-preview":"max-image-preview:large","max-video-preview":"max-video-preview:-1"},"canonical":"https:\/\/padelzoco.es\/en\/product\/pala-padel-nox-vk10-ventus-control-12k-aranzazu-osoro-2026\/","og_locale":"en_GB","og_type":"article","og_title":"Pala Padel NOX VK10 Ventus Control 12K Aranzazu Osoro 2026 - Padel Zoco","og_description":"NOX VK10 Ventus Control 12K 2026: pala padel nox de Aranzazu Osoro con carbono 12K, n\u00facleo MLD Black EVA y m\u00e1xima precisi\u00f3n, control y spin.","og_url":"https:\/\/padelzoco.es\/en\/product\/pala-padel-nox-vk10-ventus-control-12k-aranzazu-osoro-2026\/","og_site_name":"Padel Zoco","article_modified_time":"2026-03-27T16:03:15+00:00","og_image":[{"width":1400,"height":1400,"url":"https:\/\/padelzoco.es\/wp-content\/uploads\/2025\/09\/NOX-VK10-Ventus-Control-12K-Aranzazu-Osoro-Padel-Racket-2026-14.webp","type":"image\/webp"}],"twitter_card":"summary_large_image","twitter_misc":{"Estimated reading time":"2 minutes"},"schema":{"@context":"https:\/\/schema.org","@graph":[{"@type":"WebPage","@id":"https:\/\/padelzoco.es\/product\/pala-padel-nox-vk10-ventus-control-12k-aranzazu-osoro-2026\/","url":"https:\/\/padelzoco.es\/product\/pala-padel-nox-vk10-ventus-control-12k-aranzazu-osoro-2026\/","name":"Pala Padel NOX VK10 Ventus Control 12K Aranzazu Osoro 2026 - Padel Zoco","isPartOf":{"@id":"https:\/\/padelzoco.es\/#website"},"primaryImageOfPage":{"@id":"https:\/\/padelzoco.es\/product\/pala-padel-nox-vk10-ventus-control-12k-aranzazu-osoro-2026\/#primaryimage"},"image":{"@id":"https:\/\/padelzoco.es\/product\/pala-padel-nox-vk10-ventus-control-12k-aranzazu-osoro-2026\/#primaryimage"},"thumbnailUrl":"https:\/\/padelzoco.es\/wp-content\/uploads\/2025\/09\/NOX-VK10-Ventus-Control-12K-Aranzazu-Osoro-Padel-Racket-2026-14.webp","datePublished":"2025-09-22T15:21:50+00:00","dateModified":"2026-03-27T16:03:15+00:00","description":"NOX VK10 Ventus Control 12K 2026: pala padel nox de Aranzazu Osoro con carbono 12K, n\u00facleo MLD Black EVA y m\u00e1xima precisi\u00f3n, control y spin.","breadcrumb":{"@id":"https:\/\/padelzoco.es\/product\/pala-padel-nox-vk10-ventus-control-12k-aranzazu-osoro-2026\/#breadcrumb"},"inLanguage":"en-GB","potentialAction":[{"@type":"ReadAction","target":["https:\/\/padelzoco.es\/product\/pala-padel-nox-vk10-ventus-control-12k-aranzazu-osoro-2026\/"]}]},{"@type":"ImageObject","inLanguage":"en-GB","@id":"https:\/\/padelzoco.es\/product\/pala-padel-nox-vk10-ventus-control-12k-aranzazu-osoro-2026\/#primaryimage","url":"https:\/\/padelzoco.es\/wp-content\/uploads\/2025\/09\/NOX-VK10-Ventus-Control-12K-Aranzazu-Osoro-Padel-Racket-2026-14.webp","contentUrl":"https:\/\/padelzoco.es\/wp-content\/uploads\/2025\/09\/NOX-VK10-Ventus-Control-12K-Aranzazu-Osoro-Padel-Racket-2026-14.webp","width":1400,"height":1400,"caption":"NOX VK10 Ventus Control 12K Aranzazu Osoro Padel Racket 2026 14"},{"@type":"BreadcrumbList","@id":"https:\/\/padelzoco.es\/product\/pala-padel-nox-vk10-ventus-control-12k-aranzazu-osoro-2026\/#breadcrumb","itemListElement":[{"@type":"ListItem","position":1,"name":"Home","item":"https:\/\/padelzoco.es\/"},{"@type":"ListItem","position":2,"name":"Padel Zoco","item":"https:\/\/padelzoco.es\/padel-zoco\/"},{"@type":"ListItem","position":3,"name":"Pala Padel NOX VK10 Ventus Control 12K Aranzazu Osoro 2026"}]},{"@type":"WebSite","@id":"https:\/\/padelzoco.es\/#website","url":"https:\/\/padelzoco.es\/","name":"Padel Zoco","description":"Padel Zoco | Spain","publisher":{"@id":"https:\/\/padelzoco.es\/#organization"},"potentialAction":[{"@type":"SearchAction","target":{"@type":"EntryPoint","urlTemplate":"https:\/\/padelzoco.es\/?s={search_term_string}"},"query-input":{"@type":"PropertyValueSpecification","valueRequired":true,"valueName":"search_term_string"}}],"inLanguage":"en-GB"},{"@type":"Organization","@id":"https:\/\/padelzoco.es\/#organization","name":"Padel Zoco","url":"https:\/\/padelzoco.es\/","logo":{"@type":"ImageObject","inLanguage":"en-GB","@id":"https:\/\/padelzoco.es\/#\/schema\/logo\/image\/","url":"https:\/\/padelzoco.es\/wp-content\/uploads\/2023\/11\/PadelZoco_Logo_black_white.webp","contentUrl":"https:\/\/padelzoco.es\/wp-content\/uploads\/2023\/11\/PadelZoco_Logo_black_white.webp","width":1500,"height":631,"caption":"Padel Zoco"},"image":{"@id":"https:\/\/padelzoco.es\/#\/schema\/logo\/image\/"}}]}},"_links":{"self":[{"href":"https:\/\/padelzoco.es\/en\/wp-json\/wp\/v2\/product\/26872","targetHints":{"allow":["GET"]}}],"collection":[{"href":"https:\/\/padelzoco.es\/en\/wp-json\/wp\/v2\/product"}],"about":[{"href":"https:\/\/padelzoco.es\/en\/wp-json\/wp\/v2\/types\/product"}],"version-history":[{"count":5,"href":"https:\/\/padelzoco.es\/en\/wp-json\/wp\/v2\/product\/26872\/revisions"}],"predecessor-version":[{"id":29293,"href":"https:\/\/padelzoco.es\/en\/wp-json\/wp\/v2\/product\/26872\/revisions\/29293"}],"wp:featuredmedia":[{"embeddable":true,"href":"https:\/\/padelzoco.es\/en\/wp-json\/wp\/v2\/media\/26877"}],"wp:attachment":[{"href":"https:\/\/padelzoco.es\/en\/wp-json\/wp\/v2\/media?parent=26872"}],"wp:term":[{"taxonomy":"product_brand","embeddable":true,"href":"https:\/\/padelzoco.es\/en\/wp-json\/wp\/v2\/product_brand?post=26872"},{"taxonomy":"product_cat","embeddable":true,"href":"https:\/\/padelzoco.es\/en\/wp-json\/wp\/v2\/product_cat?post=26872"},{"taxonomy":"product_tag","embeddable":true,"href":"https:\/\/padelzoco.es\/en\/wp-json\/wp\/v2\/product_tag?post=26872"}],"curies":[{"name":"wp","href":"https:\/\/api.w.org\/{rel}","templated":true}]}}