{"id":26974,"date":"2025-09-22T23:35:16","date_gmt":"2025-09-22T22:35:16","guid":{"rendered":"https:\/\/padelzoco.es\/?post_type=product&#038;p=26974"},"modified":"2026-02-11T20:22:38","modified_gmt":"2026-02-11T19:22:38","slug":"pala-padel-nox-x-hero-white-2026","status":"publish","type":"product","link":"https:\/\/padelzoco.es\/en\/product\/pala-padel-nox-x-hero-white-2026\/","title":{"rendered":"NOX X-Hero White 2026 Padel Racket"},"content":{"rendered":"<p data-start=\"204\" data-end=\"577\">The NOX X-Hero White 2026 padel racket has been designed for beginner and intermediate players looking for a reliable, comfortable, and easy-to-handle racket, ideal for enjoying padel from day one. Its round shape provides maximum control and consistency, helping players gain confidence on the court while improving their technique and precision shot by shot.<\/p>\n<p data-start=\"579\" data-end=\"1048\">In its construction, the X-Hero White 2026 combines advanced materials with a lightweight design that facilitates maneuverability. Its 3K fiberglass (FG3) faces provide resistance, elasticity, and a dynamic rebound that improves response on every shot. The HR3 White EVA core ensures a soft feel, excellent control, and a great sense of comfort, resulting in greater confidence and security in both training and competitive matches. <strong data-start=\"848\" data-end=\"865\">HR3 <\/strong>White EVA asegura un tacto suave, excelente control y una gran sensaci\u00f3n de comodidad, lo que se traduce en mayor confianza y seguridad tanto en entrenamientos como en partidos competitivos.<\/p>\n<p data-start=\"1050\" data-end=\"1523\">The carbon frame reinforces the racket's structure, guaranteeing rigidity, stability, and long-lasting performance even under intensive use. It also includes Dynamic Composite Structure (DCS) technology, which incorporates extra material from the frame to the face. This reduces stress on off-center hits and decreases the risk of cracks, thus increasing the racket's lifespan and maintaining its performance for longer.<\/p>\n<p data-start=\"1525\" data-end=\"1913\">With a balanced combination of 75\/100 power and 100\/100 control, the NOX X-Hero White 2026 padel racket is perfect for players who prioritize precision, consistency, and comfort over raw power. Its lightweight, modern, and versatile design makes every match more fluid and enjoyable, facilitating the player's progression in learning and development.<\/p>\n<p data-start=\"1915\" data-end=\"2134\">The NOX X-Hero White 2026 is, in short, a balanced, durable, and attractive racket, ideal for those who want to progressively improve their game, gain confidence with every shot, and fully enjoy padel.<\/p>","protected":false},"excerpt":{"rendered":"<p data-start=\"2172\" data-end=\"2331\">The NOX X-Hero White 2026 padel racket is a light and manageable racket, perfect for beginners and intermediate players looking for control, precision and comfort in every match.<\/p>","protected":false},"featured_media":26980,"template":"","meta":[],"product_brand":[],"product_cat":[589,581,697,574,580,586],"product_tag":[],"class_list":{"0":"post-26974","1":"product","2":"type-product","3":"status-publish","4":"has-post-thumbnail","6":"product_cat-hombre-palas","7":"product_cat-intermedio-palas","8":"product_cat-nox-padel","9":"product_cat-nox-palas","10":"product_cat-principiante-palas","11":"product_cat-redonda-palas","12":"pa_brand-nox","14":"first","15":"instock","16":"taxable","17":"shipping-taxable","18":"purchasable","19":"product-type-simple"},"yoast_head":"<!-- This site is optimized with the Yoast SEO plugin v27.3 - https:\/\/yoast.com\/product\/yoast-seo-wordpress\/ -->\n<title>Pala Padel NOX X-Hero White 2026 - Padel Zoco<\/title>\n<meta name=\"description\" content=\"La pala padel NOX X-Hero White 2026: pala ligera y c\u00f3moda para principiantes e intermedios, con m\u00e1ximo control, durabilidad y f\u00e1cil manejo.\" \/>\n<meta name=\"robots\" content=\"index, follow, max-snippet:-1, max-image-preview:large, max-video-preview:-1\" \/>\n<link rel=\"canonical\" href=\"https:\/\/padelzoco.es\/en\/product\/pala-padel-nox-x-hero-white-2026\/\" \/>\n<meta property=\"og:locale\" content=\"en_GB\" \/>\n<meta property=\"og:type\" content=\"article\" \/>\n<meta property=\"og:title\" content=\"Pala Padel NOX X-Hero White 2026 - Padel Zoco\" \/>\n<meta property=\"og:description\" content=\"La pala padel NOX X-Hero White 2026: pala ligera y c\u00f3moda para principiantes e intermedios, con m\u00e1ximo control, durabilidad y f\u00e1cil manejo.\" \/>\n<meta property=\"og:url\" content=\"https:\/\/padelzoco.es\/en\/product\/pala-padel-nox-x-hero-white-2026\/\" \/>\n<meta property=\"og:site_name\" content=\"Padel Zoco\" \/>\n<meta property=\"article:modified_time\" content=\"2026-02-11T19:22:38+00:00\" \/>\n<meta property=\"og:image\" content=\"https:\/\/padelzoco.es\/wp-content\/uploads\/2025\/09\/NOX-X-Hero-White-2026-Padel-Racket-01.webp\" \/>\n\t<meta property=\"og:image:width\" content=\"1400\" \/>\n\t<meta property=\"og:image:height\" content=\"1400\" \/>\n\t<meta property=\"og:image:type\" content=\"image\/webp\" \/>\n<meta name=\"twitter:card\" content=\"summary_large_image\" \/>\n<meta name=\"twitter:label1\" content=\"Estimated reading time\" \/>\n\t<meta name=\"twitter:data1\" content=\"2 minutes\" \/>\n<script type=\"application\/ld+json\" class=\"yoast-schema-graph\">{\"@context\":\"https:\\\/\\\/schema.org\",\"@graph\":[{\"@type\":\"WebPage\",\"@id\":\"https:\\\/\\\/padelzoco.es\\\/product\\\/pala-padel-nox-x-hero-white-2026\\\/\",\"url\":\"https:\\\/\\\/padelzoco.es\\\/product\\\/pala-padel-nox-x-hero-white-2026\\\/\",\"name\":\"Pala Padel NOX X-Hero White 2026 - Padel Zoco\",\"isPartOf\":{\"@id\":\"https:\\\/\\\/padelzoco.es\\\/#website\"},\"primaryImageOfPage\":{\"@id\":\"https:\\\/\\\/padelzoco.es\\\/product\\\/pala-padel-nox-x-hero-white-2026\\\/#primaryimage\"},\"image\":{\"@id\":\"https:\\\/\\\/padelzoco.es\\\/product\\\/pala-padel-nox-x-hero-white-2026\\\/#primaryimage\"},\"thumbnailUrl\":\"https:\\\/\\\/padelzoco.es\\\/wp-content\\\/uploads\\\/2025\\\/09\\\/NOX-X-Hero-White-2026-Padel-Racket-01.webp\",\"datePublished\":\"2025-09-22T22:35:16+00:00\",\"dateModified\":\"2026-02-11T19:22:38+00:00\",\"description\":\"La pala padel NOX X-Hero White 2026: pala ligera y c\u00f3moda para principiantes e intermedios, con m\u00e1ximo control, durabilidad y f\u00e1cil manejo.\",\"breadcrumb\":{\"@id\":\"https:\\\/\\\/padelzoco.es\\\/product\\\/pala-padel-nox-x-hero-white-2026\\\/#breadcrumb\"},\"inLanguage\":\"en-GB\",\"potentialAction\":[{\"@type\":\"ReadAction\",\"target\":[\"https:\\\/\\\/padelzoco.es\\\/product\\\/pala-padel-nox-x-hero-white-2026\\\/\"]}]},{\"@type\":\"ImageObject\",\"inLanguage\":\"en-GB\",\"@id\":\"https:\\\/\\\/padelzoco.es\\\/product\\\/pala-padel-nox-x-hero-white-2026\\\/#primaryimage\",\"url\":\"https:\\\/\\\/padelzoco.es\\\/wp-content\\\/uploads\\\/2025\\\/09\\\/NOX-X-Hero-White-2026-Padel-Racket-01.webp\",\"contentUrl\":\"https:\\\/\\\/padelzoco.es\\\/wp-content\\\/uploads\\\/2025\\\/09\\\/NOX-X-Hero-White-2026-Padel-Racket-01.webp\",\"width\":1400,\"height\":1400,\"caption\":\"NOX X-Hero White 2026 Padel Racket 01\"},{\"@type\":\"BreadcrumbList\",\"@id\":\"https:\\\/\\\/padelzoco.es\\\/product\\\/pala-padel-nox-x-hero-white-2026\\\/#breadcrumb\",\"itemListElement\":[{\"@type\":\"ListItem\",\"position\":1,\"name\":\"Home\",\"item\":\"https:\\\/\\\/padelzoco.es\\\/\"},{\"@type\":\"ListItem\",\"position\":2,\"name\":\"Padel Zoco\",\"item\":\"https:\\\/\\\/padelzoco.es\\\/padel-zoco\\\/\"},{\"@type\":\"ListItem\",\"position\":3,\"name\":\"Pala Padel NOX X-Hero White 2026\"}]},{\"@type\":\"WebSite\",\"@id\":\"https:\\\/\\\/padelzoco.es\\\/#website\",\"url\":\"https:\\\/\\\/padelzoco.es\\\/\",\"name\":\"Padel Zoco\",\"description\":\"Padel Zoco | Spain\",\"publisher\":{\"@id\":\"https:\\\/\\\/padelzoco.es\\\/#organization\"},\"potentialAction\":[{\"@type\":\"SearchAction\",\"target\":{\"@type\":\"EntryPoint\",\"urlTemplate\":\"https:\\\/\\\/padelzoco.es\\\/?s={search_term_string}\"},\"query-input\":{\"@type\":\"PropertyValueSpecification\",\"valueRequired\":true,\"valueName\":\"search_term_string\"}}],\"inLanguage\":\"en-GB\"},{\"@type\":\"Organization\",\"@id\":\"https:\\\/\\\/padelzoco.es\\\/#organization\",\"name\":\"Padel Zoco\",\"url\":\"https:\\\/\\\/padelzoco.es\\\/\",\"logo\":{\"@type\":\"ImageObject\",\"inLanguage\":\"en-GB\",\"@id\":\"https:\\\/\\\/padelzoco.es\\\/#\\\/schema\\\/logo\\\/image\\\/\",\"url\":\"https:\\\/\\\/padelzoco.es\\\/wp-content\\\/uploads\\\/2023\\\/11\\\/PadelZoco_Logo_black_white.webp\",\"contentUrl\":\"https:\\\/\\\/padelzoco.es\\\/wp-content\\\/uploads\\\/2023\\\/11\\\/PadelZoco_Logo_black_white.webp\",\"width\":1500,\"height\":631,\"caption\":\"Padel Zoco\"},\"image\":{\"@id\":\"https:\\\/\\\/padelzoco.es\\\/#\\\/schema\\\/logo\\\/image\\\/\"}}]}<\/script>\n<!-- \/ Yoast SEO plugin. -->","yoast_head_json":{"title":"Pala Padel NOX X-Hero White 2026 - Padel Zoco","description":"La pala padel NOX X-Hero White 2026: pala ligera y c\u00f3moda para principiantes e intermedios, con m\u00e1ximo control, durabilidad y f\u00e1cil manejo.","robots":{"index":"index","follow":"follow","max-snippet":"max-snippet:-1","max-image-preview":"max-image-preview:large","max-video-preview":"max-video-preview:-1"},"canonical":"https:\/\/padelzoco.es\/en\/product\/pala-padel-nox-x-hero-white-2026\/","og_locale":"en_GB","og_type":"article","og_title":"Pala Padel NOX X-Hero White 2026 - Padel Zoco","og_description":"La pala padel NOX X-Hero White 2026: pala ligera y c\u00f3moda para principiantes e intermedios, con m\u00e1ximo control, durabilidad y f\u00e1cil manejo.","og_url":"https:\/\/padelzoco.es\/en\/product\/pala-padel-nox-x-hero-white-2026\/","og_site_name":"Padel Zoco","article_modified_time":"2026-02-11T19:22:38+00:00","og_image":[{"width":1400,"height":1400,"url":"https:\/\/padelzoco.es\/wp-content\/uploads\/2025\/09\/NOX-X-Hero-White-2026-Padel-Racket-01.webp","type":"image\/webp"}],"twitter_card":"summary_large_image","twitter_misc":{"Estimated reading time":"2 minutes"},"schema":{"@context":"https:\/\/schema.org","@graph":[{"@type":"WebPage","@id":"https:\/\/padelzoco.es\/product\/pala-padel-nox-x-hero-white-2026\/","url":"https:\/\/padelzoco.es\/product\/pala-padel-nox-x-hero-white-2026\/","name":"Pala Padel NOX X-Hero White 2026 - Padel Zoco","isPartOf":{"@id":"https:\/\/padelzoco.es\/#website"},"primaryImageOfPage":{"@id":"https:\/\/padelzoco.es\/product\/pala-padel-nox-x-hero-white-2026\/#primaryimage"},"image":{"@id":"https:\/\/padelzoco.es\/product\/pala-padel-nox-x-hero-white-2026\/#primaryimage"},"thumbnailUrl":"https:\/\/padelzoco.es\/wp-content\/uploads\/2025\/09\/NOX-X-Hero-White-2026-Padel-Racket-01.webp","datePublished":"2025-09-22T22:35:16+00:00","dateModified":"2026-02-11T19:22:38+00:00","description":"La pala padel NOX X-Hero White 2026: pala ligera y c\u00f3moda para principiantes e intermedios, con m\u00e1ximo control, durabilidad y f\u00e1cil manejo.","breadcrumb":{"@id":"https:\/\/padelzoco.es\/product\/pala-padel-nox-x-hero-white-2026\/#breadcrumb"},"inLanguage":"en-GB","potentialAction":[{"@type":"ReadAction","target":["https:\/\/padelzoco.es\/product\/pala-padel-nox-x-hero-white-2026\/"]}]},{"@type":"ImageObject","inLanguage":"en-GB","@id":"https:\/\/padelzoco.es\/product\/pala-padel-nox-x-hero-white-2026\/#primaryimage","url":"https:\/\/padelzoco.es\/wp-content\/uploads\/2025\/09\/NOX-X-Hero-White-2026-Padel-Racket-01.webp","contentUrl":"https:\/\/padelzoco.es\/wp-content\/uploads\/2025\/09\/NOX-X-Hero-White-2026-Padel-Racket-01.webp","width":1400,"height":1400,"caption":"NOX X-Hero White 2026 Padel Racket 01"},{"@type":"BreadcrumbList","@id":"https:\/\/padelzoco.es\/product\/pala-padel-nox-x-hero-white-2026\/#breadcrumb","itemListElement":[{"@type":"ListItem","position":1,"name":"Home","item":"https:\/\/padelzoco.es\/"},{"@type":"ListItem","position":2,"name":"Padel Zoco","item":"https:\/\/padelzoco.es\/padel-zoco\/"},{"@type":"ListItem","position":3,"name":"Pala Padel NOX X-Hero White 2026"}]},{"@type":"WebSite","@id":"https:\/\/padelzoco.es\/#website","url":"https:\/\/padelzoco.es\/","name":"Padel Zoco","description":"Padel Zoco | Spain","publisher":{"@id":"https:\/\/padelzoco.es\/#organization"},"potentialAction":[{"@type":"SearchAction","target":{"@type":"EntryPoint","urlTemplate":"https:\/\/padelzoco.es\/?s={search_term_string}"},"query-input":{"@type":"PropertyValueSpecification","valueRequired":true,"valueName":"search_term_string"}}],"inLanguage":"en-GB"},{"@type":"Organization","@id":"https:\/\/padelzoco.es\/#organization","name":"Padel Zoco","url":"https:\/\/padelzoco.es\/","logo":{"@type":"ImageObject","inLanguage":"en-GB","@id":"https:\/\/padelzoco.es\/#\/schema\/logo\/image\/","url":"https:\/\/padelzoco.es\/wp-content\/uploads\/2023\/11\/PadelZoco_Logo_black_white.webp","contentUrl":"https:\/\/padelzoco.es\/wp-content\/uploads\/2023\/11\/PadelZoco_Logo_black_white.webp","width":1500,"height":631,"caption":"Padel Zoco"},"image":{"@id":"https:\/\/padelzoco.es\/#\/schema\/logo\/image\/"}}]}},"_links":{"self":[{"href":"https:\/\/padelzoco.es\/en\/wp-json\/wp\/v2\/product\/26974","targetHints":{"allow":["GET"]}}],"collection":[{"href":"https:\/\/padelzoco.es\/en\/wp-json\/wp\/v2\/product"}],"about":[{"href":"https:\/\/padelzoco.es\/en\/wp-json\/wp\/v2\/types\/product"}],"version-history":[{"count":5,"href":"https:\/\/padelzoco.es\/en\/wp-json\/wp\/v2\/product\/26974\/revisions"}],"predecessor-version":[{"id":28617,"href":"https:\/\/padelzoco.es\/en\/wp-json\/wp\/v2\/product\/26974\/revisions\/28617"}],"wp:featuredmedia":[{"embeddable":true,"href":"https:\/\/padelzoco.es\/en\/wp-json\/wp\/v2\/media\/26980"}],"wp:attachment":[{"href":"https:\/\/padelzoco.es\/en\/wp-json\/wp\/v2\/media?parent=26974"}],"wp:term":[{"taxonomy":"product_brand","embeddable":true,"href":"https:\/\/padelzoco.es\/en\/wp-json\/wp\/v2\/product_brand?post=26974"},{"taxonomy":"product_cat","embeddable":true,"href":"https:\/\/padelzoco.es\/en\/wp-json\/wp\/v2\/product_cat?post=26974"},{"taxonomy":"product_tag","embeddable":true,"href":"https:\/\/padelzoco.es\/en\/wp-json\/wp\/v2\/product_tag?post=26974"}],"curies":[{"name":"wp","href":"https:\/\/api.w.org\/{rel}","templated":true}]}}