{"id":27402,"date":"2025-09-30T15:59:19","date_gmt":"2025-09-30T14:59:19","guid":{"rendered":"https:\/\/padelzoco.es\/?post_type=product&#038;p=27402"},"modified":"2026-04-30T19:15:25","modified_gmt":"2026-04-30T18:15:25","slug":"paletero-head-retro-25th-ltd","status":"publish","type":"product","link":"https:\/\/padelzoco.es\/en\/product\/paletero-head-retro-25th-ltd\/","title":{"rendered":"Paletero Head Retro 25th LTD"},"content":{"rendered":"<p data-start=\"79\" data-end=\"264\"><strong data-start=\"79\" data-end=\"117\">Bolsa de p\u00e1del HEAD Retro 25th LTD<\/strong> es una <strong data-start=\"125\" data-end=\"192\">edici\u00f3n limitada creada para celebrar los 25 a\u00f1os de HEAD Padel<\/strong>, combinando <strong data-start=\"205\" data-end=\"263\">estilo retro, detalles premium y funcionalidad moderna<\/strong>.<\/p>\n<p data-start=\"266\" data-end=\"697\">Acabada en <strong data-start=\"277\" data-end=\"313\">elegante cuero PU negro y marr\u00f3n<\/strong>, donde el tono marr\u00f3n se inspira en la <strong data-start=\"353\" data-end=\"386\">primera pala de p\u00e1del de HEAD<\/strong>, la bolsa incorpora el <strong data-start=\"410\" data-end=\"445\">logotipo original de HEAD Padel<\/strong>, ofreciendo un dise\u00f1o cl\u00e1sico y atemporal tanto dentro como fuera de la pista. Adem\u00e1s, combina perfectamente con la <strong data-start=\"562\" data-end=\"594\">colecci\u00f3n de palas Elite LTD<\/strong>, convirti\u00e9ndola en una pieza que celebra tanto la <strong data-start=\"645\" data-end=\"696\">historia de la marca como el rendimiento actual<\/strong>.<\/p>\n<p data-start=\"699\" data-end=\"935\">Con una <strong data-start=\"707\" data-end=\"733\">capacidad de 45 litros<\/strong> y una construcci\u00f3n reforzada, ofrece el equilibrio ideal entre <strong data-start=\"797\" data-end=\"835\">espacio, estabilidad y durabilidad<\/strong>. Incluye m\u00faltiples compartimentos dise\u00f1ados para organizar todo tu equipamiento de forma eficiente:<\/p>\n<ul data-start=\"937\" data-end=\"1378\">\n<li data-section-id=\"1pj6cbz\" data-start=\"937\" data-end=\"1059\">\n<p data-start=\"939\" data-end=\"1059\"><strong data-start=\"939\" data-end=\"970\">2 compartimentos para palas<\/strong>, uno con <strong data-start=\"980\" data-end=\"1015\">tecnolog\u00eda CCT+ Climate Control<\/strong> para protegerlas de temperaturas extremas<\/p>\n<\/li>\n<li data-section-id=\"1ubkmli\" data-start=\"1060\" data-end=\"1121\">\n<p data-start=\"1062\" data-end=\"1121\"><strong data-start=\"1062\" data-end=\"1096\">Compartimento principal amplio<\/strong> para ropa y accesorios<\/p>\n<\/li>\n<li data-section-id=\"euft0f\" data-start=\"1122\" data-end=\"1206\">\n<p data-start=\"1124\" data-end=\"1206\"><strong data-start=\"1124\" data-end=\"1171\">Compartimento independiente para zapatillas<\/strong> que mantiene el calzado separado<\/p>\n<\/li>\n<li data-section-id=\"u2inps\" data-start=\"1207\" data-end=\"1302\">\n<p data-start=\"1209\" data-end=\"1302\"><strong data-start=\"1209\" data-end=\"1240\">4 bolsillos para accesorios<\/strong> (2 exteriores y 2 interiores) para mantener todo organizado<\/p>\n<\/li>\n<li data-section-id=\"rrwanw\" data-start=\"1303\" data-end=\"1378\">\n<p data-start=\"1305\" data-end=\"1378\"><strong data-start=\"1305\" data-end=\"1343\">Sistema de transporte tipo mochila<\/strong> para mayor comodidad al llevarla<\/p>\n<\/li>\n<\/ul>\n<p data-start=\"1380\" data-end=\"1539\">Como parte del compromiso de HEAD con la sostenibilidad, la <strong data-start=\"1440\" data-end=\"1506\">etiqueta est\u00e1 fabricada con papel reciclado y cord\u00f3n de c\u00e1\u00f1amo<\/strong>, reduciendo el uso de pl\u00e1sticos.<\/p>\n<p data-start=\"1541\" data-end=\"1695\">Ya sea para <strong data-start=\"1553\" data-end=\"1609\">entrenar, competir, viajar o como pieza de colecci\u00f3n<\/strong>, la <strong data-start=\"1614\" data-end=\"1641\">HEAD Retro 25th LTD Bag<\/strong> combina <strong data-start=\"1650\" data-end=\"1694\">historia, estilo y funcionalidad premium<\/strong>.<\/p>\n<p data-start=\"1697\" data-end=\"1717\"><strong data-start=\"1697\" data-end=\"1717\">Especificaciones<\/strong><\/p>\n<ul data-start=\"1719\" data-end=\"2093\">\n<li data-section-id=\"g6xz9j\" data-start=\"1719\" data-end=\"1742\">\n<p data-start=\"1721\" data-end=\"1742\"><strong data-start=\"1721\" data-end=\"1735\">Capacidad:<\/strong> 45 L<\/p>\n<\/li>\n<li data-section-id=\"1ia5ro4\" data-start=\"1743\" data-end=\"1779\">\n<p data-start=\"1745\" data-end=\"1779\"><strong data-start=\"1745\" data-end=\"1761\">Dimensiones:<\/strong> 60 \u00d7 30 \u00d7 38 cm<\/p>\n<\/li>\n<li data-section-id=\"n98hrn\" data-start=\"1780\" data-end=\"1829\">\n<p data-start=\"1782\" data-end=\"1829\"><strong data-start=\"1782\" data-end=\"1804\">Material exterior:<\/strong> 85% PU \/ 15% Poli\u00e9ster<\/p>\n<\/li>\n<li data-section-id=\"19m9r6p\" data-start=\"1830\" data-end=\"1891\">\n<p data-start=\"1832\" data-end=\"1891\"><strong data-start=\"1832\" data-end=\"1854\">Material interior:<\/strong> 75% Poli\u00e9ster \/ 20% TPE \/ 5% Nylon<\/p>\n<\/li>\n<li data-section-id=\"n8sla7\" data-start=\"1892\" data-end=\"1942\">\n<p data-start=\"1894\" data-end=\"1942\"><strong data-start=\"1894\" data-end=\"1919\">Tecnolog\u00eda clim\u00e1tica:<\/strong> CCT+ Climate Control<\/p>\n<\/li>\n<li data-section-id=\"1aod34b\" data-start=\"1943\" data-end=\"2040\">\n<p data-start=\"1945\" data-end=\"2040\"><strong data-start=\"1945\" data-end=\"1964\">Compartimentos:<\/strong> 2 para palas, 1 principal, 1 para zapatillas, 4 bolsillos para accesorios<\/p>\n<\/li>\n<li data-section-id=\"1d9hd58\" data-start=\"2041\" data-end=\"2093\">\n<p data-start=\"2043\" data-end=\"2093\"><strong data-start=\"2043\" data-end=\"2069\">Sistema de transporte:<\/strong> Tirantes tipo mochila<\/p>\n<\/li>\n<\/ul>","protected":false},"excerpt":{"rendered":"<p data-start=\"98\" data-end=\"297\">La <strong data-start=\"101\" data-end=\"139\">bolsa de p\u00e1del HEAD Retro 25th LTD<\/strong> celebra los <strong data-start=\"152\" data-end=\"177\">25 a\u00f1os de HEAD Padel<\/strong> con un <strong data-start=\"185\" data-end=\"203\">dise\u00f1o vintage<\/strong>, <strong data-start=\"205\" data-end=\"225\">capacidad de 45L<\/strong>, <strong data-start=\"227\" data-end=\"246\">protecci\u00f3n CCT+<\/strong> and <strong data-start=\"249\" data-end=\"274\">funcionalidad premium<\/strong>. <strong data-start=\"276\" data-end=\"296\">Edici\u00f3n limitada<\/strong>.<\/p>\n<ul data-start=\"299\" data-end=\"440\" data-is-last-node=\"\" data-is-only-node=\"\">\n<li data-section-id=\"uumxvd\" data-start=\"299\" data-end=\"315\">\n<p data-start=\"301\" data-end=\"315\">Volumen: 45L<\/p>\n<\/li>\n<li data-section-id=\"1i24bpw\" data-start=\"316\" data-end=\"348\">\n<p data-start=\"318\" data-end=\"348\">Dimensiones: 60 \u00d7 30 \u00d7 38 cm<\/p>\n<\/li>\n<li data-section-id=\"k371wl\" data-start=\"349\" data-end=\"440\" data-is-last-node=\"\">\n<p data-start=\"351\" data-end=\"440\" data-is-last-node=\"\">Materiales: 85% PU, 15% Poli\u00e9ster (exterior); 75% Poli\u00e9ster, 20% TPE, 5% Nylon (interior)<\/p>\n<\/li>\n<\/ul>","protected":false},"featured_media":27405,"template":"","meta":[],"product_brand":[],"product_cat":[636,626,748,699],"product_tag":[],"class_list":{"0":"post-27402","1":"product","2":"type-product","3":"status-publish","4":"has-post-thumbnail","6":"product_cat-bolsa","7":"product_cat-bolsas","8":"product_cat-head-bolsas","9":"product_cat-wilson-padel","10":"pa_brand-head","11":"pa_hs_code-673","13":"first","14":"instock","15":"sale","16":"taxable","17":"shipping-taxable","18":"purchasable","19":"product-type-simple"},"yoast_head":"<!-- This site is optimized with the Yoast SEO plugin v27.5 - https:\/\/yoast.com\/product\/yoast-seo-wordpress\/ -->\n<title>Paletero Head Retro 25th LTD - Padel Zoco<\/title>\n<meta name=\"description\" content=\"HEAD Retro 25th LTD Padel Bag celebra 25 a\u00f1os de HEAD Padel con dise\u00f1o retro en PU, capacidad de 45L, compartimentos para palas con CCT+ y sistema mochila para m\u00e1ximo estilo y funcionalidad.\" \/>\n<meta name=\"robots\" content=\"index, follow, max-snippet:-1, max-image-preview:large, max-video-preview:-1\" \/>\n<link rel=\"canonical\" href=\"https:\/\/padelzoco.es\/en\/product\/paletero-head-retro-25th-ltd\/\" \/>\n<meta property=\"og:locale\" content=\"en_GB\" \/>\n<meta property=\"og:type\" content=\"article\" \/>\n<meta property=\"og:title\" content=\"Paletero Head Retro 25th LTD - Padel Zoco\" \/>\n<meta property=\"og:description\" content=\"HEAD Retro 25th LTD Padel Bag celebra 25 a\u00f1os de HEAD Padel con dise\u00f1o retro en PU, capacidad de 45L, compartimentos para palas con CCT+ y sistema mochila para m\u00e1ximo estilo y funcionalidad.\" \/>\n<meta property=\"og:url\" content=\"https:\/\/padelzoco.es\/en\/product\/paletero-head-retro-25th-ltd\/\" \/>\n<meta property=\"og:site_name\" content=\"Padel Zoco\" \/>\n<meta property=\"article:modified_time\" content=\"2026-04-30T18:15:25+00:00\" \/>\n<meta property=\"og:image\" content=\"https:\/\/padelzoco.es\/wp-content\/uploads\/2025\/09\/HEAD-Retro-25th-LTD-Padel-Bag-01.webp\" \/>\n\t<meta property=\"og:image:width\" content=\"1400\" \/>\n\t<meta property=\"og:image:height\" content=\"1400\" \/>\n\t<meta property=\"og:image:type\" content=\"image\/webp\" \/>\n<meta name=\"twitter:card\" content=\"summary_large_image\" \/>\n<meta name=\"twitter:label1\" content=\"Estimated reading time\" \/>\n\t<meta name=\"twitter:data1\" content=\"2 minutes\" \/>\n<script type=\"application\/ld+json\" class=\"yoast-schema-graph\">{\"@context\":\"https:\\\/\\\/schema.org\",\"@graph\":[{\"@type\":\"WebPage\",\"@id\":\"https:\\\/\\\/padelzoco.es\\\/product\\\/paletero-head-retro-25th-ltd\\\/\",\"url\":\"https:\\\/\\\/padelzoco.es\\\/product\\\/paletero-head-retro-25th-ltd\\\/\",\"name\":\"Paletero Head Retro 25th LTD - Padel Zoco\",\"isPartOf\":{\"@id\":\"https:\\\/\\\/padelzoco.es\\\/#website\"},\"primaryImageOfPage\":{\"@id\":\"https:\\\/\\\/padelzoco.es\\\/product\\\/paletero-head-retro-25th-ltd\\\/#primaryimage\"},\"image\":{\"@id\":\"https:\\\/\\\/padelzoco.es\\\/product\\\/paletero-head-retro-25th-ltd\\\/#primaryimage\"},\"thumbnailUrl\":\"https:\\\/\\\/padelzoco.es\\\/wp-content\\\/uploads\\\/2025\\\/09\\\/HEAD-Retro-25th-LTD-Padel-Bag-01.webp\",\"datePublished\":\"2025-09-30T14:59:19+00:00\",\"dateModified\":\"2026-04-30T18:15:25+00:00\",\"description\":\"HEAD Retro 25th LTD Padel Bag celebra 25 a\u00f1os de HEAD Padel con dise\u00f1o retro en PU, capacidad de 45L, compartimentos para palas con CCT+ y sistema mochila para m\u00e1ximo estilo y funcionalidad.\",\"breadcrumb\":{\"@id\":\"https:\\\/\\\/padelzoco.es\\\/product\\\/paletero-head-retro-25th-ltd\\\/#breadcrumb\"},\"inLanguage\":\"en-GB\",\"potentialAction\":[{\"@type\":\"ReadAction\",\"target\":[\"https:\\\/\\\/padelzoco.es\\\/product\\\/paletero-head-retro-25th-ltd\\\/\"]}]},{\"@type\":\"ImageObject\",\"inLanguage\":\"en-GB\",\"@id\":\"https:\\\/\\\/padelzoco.es\\\/product\\\/paletero-head-retro-25th-ltd\\\/#primaryimage\",\"url\":\"https:\\\/\\\/padelzoco.es\\\/wp-content\\\/uploads\\\/2025\\\/09\\\/HEAD-Retro-25th-LTD-Padel-Bag-01.webp\",\"contentUrl\":\"https:\\\/\\\/padelzoco.es\\\/wp-content\\\/uploads\\\/2025\\\/09\\\/HEAD-Retro-25th-LTD-Padel-Bag-01.webp\",\"width\":1400,\"height\":1400,\"caption\":\"HEAD Retro 25th LTD Padel Bag 01\"},{\"@type\":\"BreadcrumbList\",\"@id\":\"https:\\\/\\\/padelzoco.es\\\/product\\\/paletero-head-retro-25th-ltd\\\/#breadcrumb\",\"itemListElement\":[{\"@type\":\"ListItem\",\"position\":1,\"name\":\"Home\",\"item\":\"https:\\\/\\\/padelzoco.es\\\/\"},{\"@type\":\"ListItem\",\"position\":2,\"name\":\"Padel Zoco\",\"item\":\"https:\\\/\\\/padelzoco.es\\\/padel-zoco\\\/\"},{\"@type\":\"ListItem\",\"position\":3,\"name\":\"Paletero Head Retro 25th LTD\"}]},{\"@type\":\"WebSite\",\"@id\":\"https:\\\/\\\/padelzoco.es\\\/#website\",\"url\":\"https:\\\/\\\/padelzoco.es\\\/\",\"name\":\"Padel Zoco\",\"description\":\"Padel Zoco | Spain\",\"publisher\":{\"@id\":\"https:\\\/\\\/padelzoco.es\\\/#organization\"},\"potentialAction\":[{\"@type\":\"SearchAction\",\"target\":{\"@type\":\"EntryPoint\",\"urlTemplate\":\"https:\\\/\\\/padelzoco.es\\\/?s={search_term_string}\"},\"query-input\":{\"@type\":\"PropertyValueSpecification\",\"valueRequired\":true,\"valueName\":\"search_term_string\"}}],\"inLanguage\":\"en-GB\"},{\"@type\":\"Organization\",\"@id\":\"https:\\\/\\\/padelzoco.es\\\/#organization\",\"name\":\"Padel Zoco\",\"url\":\"https:\\\/\\\/padelzoco.es\\\/\",\"logo\":{\"@type\":\"ImageObject\",\"inLanguage\":\"en-GB\",\"@id\":\"https:\\\/\\\/padelzoco.es\\\/#\\\/schema\\\/logo\\\/image\\\/\",\"url\":\"https:\\\/\\\/padelzoco.es\\\/wp-content\\\/uploads\\\/2023\\\/11\\\/PadelZoco_Logo_black_white.webp\",\"contentUrl\":\"https:\\\/\\\/padelzoco.es\\\/wp-content\\\/uploads\\\/2023\\\/11\\\/PadelZoco_Logo_black_white.webp\",\"width\":1500,\"height\":631,\"caption\":\"Padel Zoco\"},\"image\":{\"@id\":\"https:\\\/\\\/padelzoco.es\\\/#\\\/schema\\\/logo\\\/image\\\/\"}}]}<\/script>\n<!-- \/ Yoast SEO plugin. -->","yoast_head_json":{"title":"Paletero Head Retro 25th LTD - Padel Zoco","description":"HEAD Retro 25th LTD Padel Bag celebra 25 a\u00f1os de HEAD Padel con dise\u00f1o retro en PU, capacidad de 45L, compartimentos para palas con CCT+ y sistema mochila para m\u00e1ximo estilo y funcionalidad.","robots":{"index":"index","follow":"follow","max-snippet":"max-snippet:-1","max-image-preview":"max-image-preview:large","max-video-preview":"max-video-preview:-1"},"canonical":"https:\/\/padelzoco.es\/en\/product\/paletero-head-retro-25th-ltd\/","og_locale":"en_GB","og_type":"article","og_title":"Paletero Head Retro 25th LTD - Padel Zoco","og_description":"HEAD Retro 25th LTD Padel Bag celebra 25 a\u00f1os de HEAD Padel con dise\u00f1o retro en PU, capacidad de 45L, compartimentos para palas con CCT+ y sistema mochila para m\u00e1ximo estilo y funcionalidad.","og_url":"https:\/\/padelzoco.es\/en\/product\/paletero-head-retro-25th-ltd\/","og_site_name":"Padel Zoco","article_modified_time":"2026-04-30T18:15:25+00:00","og_image":[{"width":1400,"height":1400,"url":"https:\/\/padelzoco.es\/wp-content\/uploads\/2025\/09\/HEAD-Retro-25th-LTD-Padel-Bag-01.webp","type":"image\/webp"}],"twitter_card":"summary_large_image","twitter_misc":{"Estimated reading time":"2 minutes"},"schema":{"@context":"https:\/\/schema.org","@graph":[{"@type":"WebPage","@id":"https:\/\/padelzoco.es\/product\/paletero-head-retro-25th-ltd\/","url":"https:\/\/padelzoco.es\/product\/paletero-head-retro-25th-ltd\/","name":"Paletero Head Retro 25th LTD - Padel Zoco","isPartOf":{"@id":"https:\/\/padelzoco.es\/#website"},"primaryImageOfPage":{"@id":"https:\/\/padelzoco.es\/product\/paletero-head-retro-25th-ltd\/#primaryimage"},"image":{"@id":"https:\/\/padelzoco.es\/product\/paletero-head-retro-25th-ltd\/#primaryimage"},"thumbnailUrl":"https:\/\/padelzoco.es\/wp-content\/uploads\/2025\/09\/HEAD-Retro-25th-LTD-Padel-Bag-01.webp","datePublished":"2025-09-30T14:59:19+00:00","dateModified":"2026-04-30T18:15:25+00:00","description":"HEAD Retro 25th LTD Padel Bag celebra 25 a\u00f1os de HEAD Padel con dise\u00f1o retro en PU, capacidad de 45L, compartimentos para palas con CCT+ y sistema mochila para m\u00e1ximo estilo y funcionalidad.","breadcrumb":{"@id":"https:\/\/padelzoco.es\/product\/paletero-head-retro-25th-ltd\/#breadcrumb"},"inLanguage":"en-GB","potentialAction":[{"@type":"ReadAction","target":["https:\/\/padelzoco.es\/product\/paletero-head-retro-25th-ltd\/"]}]},{"@type":"ImageObject","inLanguage":"en-GB","@id":"https:\/\/padelzoco.es\/product\/paletero-head-retro-25th-ltd\/#primaryimage","url":"https:\/\/padelzoco.es\/wp-content\/uploads\/2025\/09\/HEAD-Retro-25th-LTD-Padel-Bag-01.webp","contentUrl":"https:\/\/padelzoco.es\/wp-content\/uploads\/2025\/09\/HEAD-Retro-25th-LTD-Padel-Bag-01.webp","width":1400,"height":1400,"caption":"HEAD Retro 25th LTD Padel Bag 01"},{"@type":"BreadcrumbList","@id":"https:\/\/padelzoco.es\/product\/paletero-head-retro-25th-ltd\/#breadcrumb","itemListElement":[{"@type":"ListItem","position":1,"name":"Home","item":"https:\/\/padelzoco.es\/"},{"@type":"ListItem","position":2,"name":"Padel Zoco","item":"https:\/\/padelzoco.es\/padel-zoco\/"},{"@type":"ListItem","position":3,"name":"Paletero Head Retro 25th LTD"}]},{"@type":"WebSite","@id":"https:\/\/padelzoco.es\/#website","url":"https:\/\/padelzoco.es\/","name":"Padel Zoco","description":"Padel Zoco | Spain","publisher":{"@id":"https:\/\/padelzoco.es\/#organization"},"potentialAction":[{"@type":"SearchAction","target":{"@type":"EntryPoint","urlTemplate":"https:\/\/padelzoco.es\/?s={search_term_string}"},"query-input":{"@type":"PropertyValueSpecification","valueRequired":true,"valueName":"search_term_string"}}],"inLanguage":"en-GB"},{"@type":"Organization","@id":"https:\/\/padelzoco.es\/#organization","name":"Padel Zoco","url":"https:\/\/padelzoco.es\/","logo":{"@type":"ImageObject","inLanguage":"en-GB","@id":"https:\/\/padelzoco.es\/#\/schema\/logo\/image\/","url":"https:\/\/padelzoco.es\/wp-content\/uploads\/2023\/11\/PadelZoco_Logo_black_white.webp","contentUrl":"https:\/\/padelzoco.es\/wp-content\/uploads\/2023\/11\/PadelZoco_Logo_black_white.webp","width":1500,"height":631,"caption":"Padel Zoco"},"image":{"@id":"https:\/\/padelzoco.es\/#\/schema\/logo\/image\/"}}]}},"_links":{"self":[{"href":"https:\/\/padelzoco.es\/en\/wp-json\/wp\/v2\/product\/27402","targetHints":{"allow":["GET"]}}],"collection":[{"href":"https:\/\/padelzoco.es\/en\/wp-json\/wp\/v2\/product"}],"about":[{"href":"https:\/\/padelzoco.es\/en\/wp-json\/wp\/v2\/types\/product"}],"version-history":[{"count":4,"href":"https:\/\/padelzoco.es\/en\/wp-json\/wp\/v2\/product\/27402\/revisions"}],"predecessor-version":[{"id":37299,"href":"https:\/\/padelzoco.es\/en\/wp-json\/wp\/v2\/product\/27402\/revisions\/37299"}],"wp:featuredmedia":[{"embeddable":true,"href":"https:\/\/padelzoco.es\/en\/wp-json\/wp\/v2\/media\/27405"}],"wp:attachment":[{"href":"https:\/\/padelzoco.es\/en\/wp-json\/wp\/v2\/media?parent=27402"}],"wp:term":[{"taxonomy":"product_brand","embeddable":true,"href":"https:\/\/padelzoco.es\/en\/wp-json\/wp\/v2\/product_brand?post=27402"},{"taxonomy":"product_cat","embeddable":true,"href":"https:\/\/padelzoco.es\/en\/wp-json\/wp\/v2\/product_cat?post=27402"},{"taxonomy":"product_tag","embeddable":true,"href":"https:\/\/padelzoco.es\/en\/wp-json\/wp\/v2\/product_tag?post=27402"}],"curies":[{"name":"wp","href":"https:\/\/api.w.org\/{rel}","templated":true}]}}