{"id":27612,"date":"2025-10-06T14:37:05","date_gmt":"2025-10-06T13:37:05","guid":{"rendered":"https:\/\/padelzoco.es\/?post_type=product&#038;p=27612"},"modified":"2026-04-30T19:15:45","modified_gmt":"2026-04-30T18:15:45","slug":"overgrip-oso-padel-gripstick-blanco-1unidad","status":"publish","type":"product","link":"https:\/\/padelzoco.es\/en\/product\/overgrip-oso-padel-gripstick-blanco-1unidad\/","title":{"rendered":"Overgrip OSO Padel GripStick Blanco 1unidad"},"content":{"rendered":"<p data-start=\"191\" data-end=\"522\">El Overgrip Oso Padel proporciona M\u00e1ximo agarre, cero deslizamiento.<br data-start=\"228\" data-end=\"231\" \/>Mejora tu sensaci\u00f3n y control en la pista con el OSO Padel Grip Stick Overgrip, dise\u00f1ado para jugadores que buscan m\u00e1xima adherencia y precisi\u00f3n. Este overgrip ofrece una superficie texturizada de alta fricci\u00f3n que garantiza un agarre inmejorable, golpe tras golpe.<\/p>\n<ul>\n<li data-start=\"524\" data-end=\"754\">Dise\u00f1ado para un agarre extremo y seguro.<\/li>\n<li data-start=\"524\" data-end=\"754\">Ideal para climas secos o juego en interiores.<\/li>\n<li data-start=\"524\" data-end=\"754\">Proporciona una conexi\u00f3n directa entre la mano y el pu\u00f1o para un control superior.<\/li>\n<li data-start=\"524\" data-end=\"754\">F\u00e1cil de colocar y reemplazar.<\/li>\n<\/ul>","protected":false},"excerpt":{"rendered":"<div id=\"-body-1\" class=\"accordion_body\" role=\"region\" aria-labelledby=\"-title-1\">\n<div class=\"accordion_content\">\n<div class=\"product-detail product-detail_overview\">\n<p>El Overgrip OSO Padel Grip Stick Overgrip ofrece m\u00e1ximo agarre, precisi\u00f3n y control gracias a su superficie texturizada de alta fricci\u00f3n. Ideal para climas secos o indoor.<\/p>\n<p>&nbsp;<\/p>\n<\/div>\n<\/div>\n<\/div>","protected":false},"featured_media":27614,"template":"","meta":[],"product_brand":[],"product_cat":[637,638,699],"product_tag":[],"class_list":{"0":"post-27612","1":"product","2":"type-product","3":"status-publish","4":"has-post-thumbnail","6":"product_cat-accesorios","7":"product_cat-grips-and-overgrips","8":"product_cat-wilson-padel","9":"pa_brand-oso-padel","10":"pa_color-blanco","11":"pa_hs_code-134","13":"first","14":"instock","15":"taxable","16":"shipping-taxable","17":"purchasable","18":"product-type-simple"},"yoast_head":"<!-- This site is optimized with the Yoast SEO plugin v27.5 - https:\/\/yoast.com\/product\/yoast-seo-wordpress\/ -->\n<title>Overgrip OSO Padel GripStick Blanco 1unidad - Padel Zoco<\/title>\n<meta name=\"description\" content=\"OSO Padel GripStick Overgrip: m\u00e1ximo agarre con superficie antideslizante de alta fricci\u00f3n, ideal para p\u00e1del en interiores o condiciones secas.\" \/>\n<meta name=\"robots\" content=\"index, follow, max-snippet:-1, max-image-preview:large, max-video-preview:-1\" \/>\n<link rel=\"canonical\" href=\"https:\/\/padelzoco.es\/en\/product\/overgrip-oso-padel-gripstick-blanco-1unidad\/\" \/>\n<meta property=\"og:locale\" content=\"en_GB\" \/>\n<meta property=\"og:type\" content=\"article\" \/>\n<meta property=\"og:title\" content=\"Overgrip OSO Padel GripStick Blanco 1unidad - Padel Zoco\" \/>\n<meta property=\"og:description\" content=\"OSO Padel GripStick Overgrip: m\u00e1ximo agarre con superficie antideslizante de alta fricci\u00f3n, ideal para p\u00e1del en interiores o condiciones secas.\" \/>\n<meta property=\"og:url\" content=\"https:\/\/padelzoco.es\/en\/product\/overgrip-oso-padel-gripstick-blanco-1unidad\/\" \/>\n<meta property=\"og:site_name\" content=\"Padel Zoco\" \/>\n<meta property=\"article:modified_time\" content=\"2026-04-30T18:15:45+00:00\" \/>\n<meta property=\"og:image\" content=\"https:\/\/padelzoco.es\/wp-content\/uploads\/2025\/10\/OSO-Padel-GripStick-Overgrip-White.webp\" \/>\n\t<meta property=\"og:image:width\" content=\"1400\" \/>\n\t<meta property=\"og:image:height\" content=\"1400\" \/>\n\t<meta property=\"og:image:type\" content=\"image\/webp\" \/>\n<meta name=\"twitter:card\" content=\"summary_large_image\" \/>\n<meta name=\"twitter:label1\" content=\"Estimated reading time\" \/>\n\t<meta name=\"twitter:data1\" content=\"1 minute\" \/>\n<script type=\"application\/ld+json\" class=\"yoast-schema-graph\">{\"@context\":\"https:\\\/\\\/schema.org\",\"@graph\":[{\"@type\":\"WebPage\",\"@id\":\"https:\\\/\\\/padelzoco.es\\\/product\\\/overgrip-oso-padel-gripstick-blanco-1unidad\\\/\",\"url\":\"https:\\\/\\\/padelzoco.es\\\/product\\\/overgrip-oso-padel-gripstick-blanco-1unidad\\\/\",\"name\":\"Overgrip OSO Padel GripStick Blanco 1unidad - Padel Zoco\",\"isPartOf\":{\"@id\":\"https:\\\/\\\/padelzoco.es\\\/#website\"},\"primaryImageOfPage\":{\"@id\":\"https:\\\/\\\/padelzoco.es\\\/product\\\/overgrip-oso-padel-gripstick-blanco-1unidad\\\/#primaryimage\"},\"image\":{\"@id\":\"https:\\\/\\\/padelzoco.es\\\/product\\\/overgrip-oso-padel-gripstick-blanco-1unidad\\\/#primaryimage\"},\"thumbnailUrl\":\"https:\\\/\\\/padelzoco.es\\\/wp-content\\\/uploads\\\/2025\\\/10\\\/OSO-Padel-GripStick-Overgrip-White.webp\",\"datePublished\":\"2025-10-06T13:37:05+00:00\",\"dateModified\":\"2026-04-30T18:15:45+00:00\",\"description\":\"OSO Padel GripStick Overgrip: m\u00e1ximo agarre con superficie antideslizante de alta fricci\u00f3n, ideal para p\u00e1del en interiores o condiciones secas.\",\"breadcrumb\":{\"@id\":\"https:\\\/\\\/padelzoco.es\\\/product\\\/overgrip-oso-padel-gripstick-blanco-1unidad\\\/#breadcrumb\"},\"inLanguage\":\"en-GB\",\"potentialAction\":[{\"@type\":\"ReadAction\",\"target\":[\"https:\\\/\\\/padelzoco.es\\\/product\\\/overgrip-oso-padel-gripstick-blanco-1unidad\\\/\"]}]},{\"@type\":\"ImageObject\",\"inLanguage\":\"en-GB\",\"@id\":\"https:\\\/\\\/padelzoco.es\\\/product\\\/overgrip-oso-padel-gripstick-blanco-1unidad\\\/#primaryimage\",\"url\":\"https:\\\/\\\/padelzoco.es\\\/wp-content\\\/uploads\\\/2025\\\/10\\\/OSO-Padel-GripStick-Overgrip-White.webp\",\"contentUrl\":\"https:\\\/\\\/padelzoco.es\\\/wp-content\\\/uploads\\\/2025\\\/10\\\/OSO-Padel-GripStick-Overgrip-White.webp\",\"width\":1400,\"height\":1400,\"caption\":\"OSO-Padel-GripStick-Overgrip-White\"},{\"@type\":\"BreadcrumbList\",\"@id\":\"https:\\\/\\\/padelzoco.es\\\/product\\\/overgrip-oso-padel-gripstick-blanco-1unidad\\\/#breadcrumb\",\"itemListElement\":[{\"@type\":\"ListItem\",\"position\":1,\"name\":\"Home\",\"item\":\"https:\\\/\\\/padelzoco.es\\\/\"},{\"@type\":\"ListItem\",\"position\":2,\"name\":\"Padel Zoco\",\"item\":\"https:\\\/\\\/padelzoco.es\\\/padel-zoco\\\/\"},{\"@type\":\"ListItem\",\"position\":3,\"name\":\"Overgrip OSO Padel GripStick Blanco 1unidad\"}]},{\"@type\":\"WebSite\",\"@id\":\"https:\\\/\\\/padelzoco.es\\\/#website\",\"url\":\"https:\\\/\\\/padelzoco.es\\\/\",\"name\":\"Padel Zoco\",\"description\":\"Padel Zoco | Spain\",\"publisher\":{\"@id\":\"https:\\\/\\\/padelzoco.es\\\/#organization\"},\"potentialAction\":[{\"@type\":\"SearchAction\",\"target\":{\"@type\":\"EntryPoint\",\"urlTemplate\":\"https:\\\/\\\/padelzoco.es\\\/?s={search_term_string}\"},\"query-input\":{\"@type\":\"PropertyValueSpecification\",\"valueRequired\":true,\"valueName\":\"search_term_string\"}}],\"inLanguage\":\"en-GB\"},{\"@type\":\"Organization\",\"@id\":\"https:\\\/\\\/padelzoco.es\\\/#organization\",\"name\":\"Padel Zoco\",\"url\":\"https:\\\/\\\/padelzoco.es\\\/\",\"logo\":{\"@type\":\"ImageObject\",\"inLanguage\":\"en-GB\",\"@id\":\"https:\\\/\\\/padelzoco.es\\\/#\\\/schema\\\/logo\\\/image\\\/\",\"url\":\"https:\\\/\\\/padelzoco.es\\\/wp-content\\\/uploads\\\/2023\\\/11\\\/PadelZoco_Logo_black_white.webp\",\"contentUrl\":\"https:\\\/\\\/padelzoco.es\\\/wp-content\\\/uploads\\\/2023\\\/11\\\/PadelZoco_Logo_black_white.webp\",\"width\":1500,\"height\":631,\"caption\":\"Padel Zoco\"},\"image\":{\"@id\":\"https:\\\/\\\/padelzoco.es\\\/#\\\/schema\\\/logo\\\/image\\\/\"}}]}<\/script>\n<!-- \/ Yoast SEO plugin. -->","yoast_head_json":{"title":"Overgrip OSO Padel GripStick Blanco 1unidad - Padel Zoco","description":"OSO Padel GripStick Overgrip: m\u00e1ximo agarre con superficie antideslizante de alta fricci\u00f3n, ideal para p\u00e1del en interiores o condiciones secas.","robots":{"index":"index","follow":"follow","max-snippet":"max-snippet:-1","max-image-preview":"max-image-preview:large","max-video-preview":"max-video-preview:-1"},"canonical":"https:\/\/padelzoco.es\/en\/product\/overgrip-oso-padel-gripstick-blanco-1unidad\/","og_locale":"en_GB","og_type":"article","og_title":"Overgrip OSO Padel GripStick Blanco 1unidad - Padel Zoco","og_description":"OSO Padel GripStick Overgrip: m\u00e1ximo agarre con superficie antideslizante de alta fricci\u00f3n, ideal para p\u00e1del en interiores o condiciones secas.","og_url":"https:\/\/padelzoco.es\/en\/product\/overgrip-oso-padel-gripstick-blanco-1unidad\/","og_site_name":"Padel Zoco","article_modified_time":"2026-04-30T18:15:45+00:00","og_image":[{"width":1400,"height":1400,"url":"https:\/\/padelzoco.es\/wp-content\/uploads\/2025\/10\/OSO-Padel-GripStick-Overgrip-White.webp","type":"image\/webp"}],"twitter_card":"summary_large_image","twitter_misc":{"Estimated reading time":"1 minute"},"schema":{"@context":"https:\/\/schema.org","@graph":[{"@type":"WebPage","@id":"https:\/\/padelzoco.es\/product\/overgrip-oso-padel-gripstick-blanco-1unidad\/","url":"https:\/\/padelzoco.es\/product\/overgrip-oso-padel-gripstick-blanco-1unidad\/","name":"Overgrip OSO Padel GripStick Blanco 1unidad - Padel Zoco","isPartOf":{"@id":"https:\/\/padelzoco.es\/#website"},"primaryImageOfPage":{"@id":"https:\/\/padelzoco.es\/product\/overgrip-oso-padel-gripstick-blanco-1unidad\/#primaryimage"},"image":{"@id":"https:\/\/padelzoco.es\/product\/overgrip-oso-padel-gripstick-blanco-1unidad\/#primaryimage"},"thumbnailUrl":"https:\/\/padelzoco.es\/wp-content\/uploads\/2025\/10\/OSO-Padel-GripStick-Overgrip-White.webp","datePublished":"2025-10-06T13:37:05+00:00","dateModified":"2026-04-30T18:15:45+00:00","description":"OSO Padel GripStick Overgrip: m\u00e1ximo agarre con superficie antideslizante de alta fricci\u00f3n, ideal para p\u00e1del en interiores o condiciones secas.","breadcrumb":{"@id":"https:\/\/padelzoco.es\/product\/overgrip-oso-padel-gripstick-blanco-1unidad\/#breadcrumb"},"inLanguage":"en-GB","potentialAction":[{"@type":"ReadAction","target":["https:\/\/padelzoco.es\/product\/overgrip-oso-padel-gripstick-blanco-1unidad\/"]}]},{"@type":"ImageObject","inLanguage":"en-GB","@id":"https:\/\/padelzoco.es\/product\/overgrip-oso-padel-gripstick-blanco-1unidad\/#primaryimage","url":"https:\/\/padelzoco.es\/wp-content\/uploads\/2025\/10\/OSO-Padel-GripStick-Overgrip-White.webp","contentUrl":"https:\/\/padelzoco.es\/wp-content\/uploads\/2025\/10\/OSO-Padel-GripStick-Overgrip-White.webp","width":1400,"height":1400,"caption":"OSO-Padel-GripStick-Overgrip-White"},{"@type":"BreadcrumbList","@id":"https:\/\/padelzoco.es\/product\/overgrip-oso-padel-gripstick-blanco-1unidad\/#breadcrumb","itemListElement":[{"@type":"ListItem","position":1,"name":"Home","item":"https:\/\/padelzoco.es\/"},{"@type":"ListItem","position":2,"name":"Padel Zoco","item":"https:\/\/padelzoco.es\/padel-zoco\/"},{"@type":"ListItem","position":3,"name":"Overgrip OSO Padel GripStick Blanco 1unidad"}]},{"@type":"WebSite","@id":"https:\/\/padelzoco.es\/#website","url":"https:\/\/padelzoco.es\/","name":"Padel Zoco","description":"Padel Zoco | Spain","publisher":{"@id":"https:\/\/padelzoco.es\/#organization"},"potentialAction":[{"@type":"SearchAction","target":{"@type":"EntryPoint","urlTemplate":"https:\/\/padelzoco.es\/?s={search_term_string}"},"query-input":{"@type":"PropertyValueSpecification","valueRequired":true,"valueName":"search_term_string"}}],"inLanguage":"en-GB"},{"@type":"Organization","@id":"https:\/\/padelzoco.es\/#organization","name":"Padel Zoco","url":"https:\/\/padelzoco.es\/","logo":{"@type":"ImageObject","inLanguage":"en-GB","@id":"https:\/\/padelzoco.es\/#\/schema\/logo\/image\/","url":"https:\/\/padelzoco.es\/wp-content\/uploads\/2023\/11\/PadelZoco_Logo_black_white.webp","contentUrl":"https:\/\/padelzoco.es\/wp-content\/uploads\/2023\/11\/PadelZoco_Logo_black_white.webp","width":1500,"height":631,"caption":"Padel Zoco"},"image":{"@id":"https:\/\/padelzoco.es\/#\/schema\/logo\/image\/"}}]}},"_links":{"self":[{"href":"https:\/\/padelzoco.es\/en\/wp-json\/wp\/v2\/product\/27612","targetHints":{"allow":["GET"]}}],"collection":[{"href":"https:\/\/padelzoco.es\/en\/wp-json\/wp\/v2\/product"}],"about":[{"href":"https:\/\/padelzoco.es\/en\/wp-json\/wp\/v2\/types\/product"}],"version-history":[{"count":5,"href":"https:\/\/padelzoco.es\/en\/wp-json\/wp\/v2\/product\/27612\/revisions"}],"predecessor-version":[{"id":30075,"href":"https:\/\/padelzoco.es\/en\/wp-json\/wp\/v2\/product\/27612\/revisions\/30075"}],"wp:featuredmedia":[{"embeddable":true,"href":"https:\/\/padelzoco.es\/en\/wp-json\/wp\/v2\/media\/27614"}],"wp:attachment":[{"href":"https:\/\/padelzoco.es\/en\/wp-json\/wp\/v2\/media?parent=27612"}],"wp:term":[{"taxonomy":"product_brand","embeddable":true,"href":"https:\/\/padelzoco.es\/en\/wp-json\/wp\/v2\/product_brand?post=27612"},{"taxonomy":"product_cat","embeddable":true,"href":"https:\/\/padelzoco.es\/en\/wp-json\/wp\/v2\/product_cat?post=27612"},{"taxonomy":"product_tag","embeddable":true,"href":"https:\/\/padelzoco.es\/en\/wp-json\/wp\/v2\/product_tag?post=27612"}],"curies":[{"name":"wp","href":"https:\/\/api.w.org\/{rel}","templated":true}]}}