{"id":28331,"date":"2025-10-16T12:19:36","date_gmt":"2025-10-16T11:19:36","guid":{"rendered":"https:\/\/padelzoco.es\/?post_type=product&#038;p=28331"},"modified":"2026-04-20T17:24:22","modified_gmt":"2026-04-20T16:24:22","slug":"pala-padel-adidas-metalbone-carbon-ctrl-2026","status":"publish","type":"product","link":"https:\/\/padelzoco.es\/en\/product\/pala-padel-adidas-metalbone-carbon-ctrl-2026\/","title":{"rendered":"Pala Padel Adidas Metalbone Carbon CTRL 2026"},"content":{"rendered":"<p data-start=\"126\" data-end=\"345\">La <span class=\"hover:entity-accent entity-underline inline cursor-pointer align-baseline\"><span class=\"whitespace-normal\">Adidas<\/span><\/span> Metalbone Carbon CTRL 2026 Padel Racket ofrece m\u00e1ximo control y precisi\u00f3n para jugadores avanzados que buscan dominar cada punto con golpes consistentes y bien colocados.<\/p>\n<p data-start=\"347\" data-end=\"671\">Construida con Carbono 6K, esta pala proporciona una excelente combinaci\u00f3n de durabilidad, rigidez y respuesta, permitiendo un golpeo preciso y estable. El n\u00facleo Soft Performance EVA aporta una sensaci\u00f3n c\u00f3moda en el impacto y una gran absorci\u00f3n de vibraciones, mejorando el control durante intercambios largos.<\/p>\n<p data-start=\"673\" data-end=\"986\">Su forma redonda genera un punto dulce amplio y un balance equilibrado, lo que facilita golpes m\u00e1s controlados y una gran manejabilidad en defensa y en juego t\u00e1ctico. Esta configuraci\u00f3n la convierte en una opci\u00f3n ideal para jugadores t\u00e9cnicos que priorizan precisi\u00f3n, control y consistencia en cada golpe.<\/p>\n<p data-section-id=\"17yn8px\" data-start=\"993\" data-end=\"1012\"><strong>Features<\/strong><\/p>\n<ul>\n<li data-start=\"1016\" data-end=\"1036\">Shape: Round<\/li>\n<li data-start=\"1039\" data-end=\"1075\">Tipo: Pala de p\u00e1del de control<\/li>\n<li data-start=\"1078\" data-end=\"1110\">Nivel: Jugadores avanzados<\/li>\n<\/ul>\n<p data-start=\"1145\" data-end=\"1296\" data-is-last-node=\"\" data-is-only-node=\"\">","protected":false},"excerpt":{"rendered":"<p data-start=\"126\" data-end=\"345\">La <span class=\"hover:entity-accent entity-underline inline cursor-pointer align-baseline\"><span class=\"whitespace-normal\">Adidas<\/span><\/span> Metalbone Carbon CTRL 2026 Padel Racket ofrece m\u00e1ximo control y precisi\u00f3n para jugadores avanzados que buscan dominar cada punto con golpes consistentes y bien colocados.<\/p>\n<p data-start=\"347\" data-end=\"671\">Construida con Carbono 6K, esta pala proporciona una excelente combinaci\u00f3n de durabilidad, rigidez y respuesta, permitiendo un golpeo preciso y estable. El n\u00facleo Soft Performance EVA aporta una sensaci\u00f3n c\u00f3moda en el impacto y una gran absorci\u00f3n de vibraciones, mejorando el control durante intercambios largos.<\/p>\n<p data-start=\"673\" data-end=\"986\">Su forma redonda genera un punto dulce amplio y un balance equilibrado, lo que facilita golpes m\u00e1s controlados y una gran manejabilidad en defensa y en juego t\u00e1ctico. Esta configuraci\u00f3n la convierte en una opci\u00f3n ideal para jugadores t\u00e9cnicos que priorizan precisi\u00f3n, control y consistencia en cada golpe.<\/p>\n<p data-section-id=\"17yn8px\" data-start=\"993\" data-end=\"1012\"><strong>Features<\/strong><\/p>\n<ul>\n<li data-start=\"1016\" data-end=\"1036\">Shape: Round<\/li>\n<li data-start=\"1039\" data-end=\"1075\">Tipo: Pala de p\u00e1del de control<\/li>\n<li data-start=\"1078\" data-end=\"1110\">Nivel: Jugadores avanzados<\/li>\n<\/ul>","protected":false},"featured_media":31083,"template":"","meta":[],"product_brand":[],"product_cat":[700,711,582,589,586],"product_tag":[],"class_list":{"0":"post-28331","1":"product","2":"type-product","3":"status-publish","4":"has-post-thumbnail","6":"product_cat-adidas-padel","7":"product_cat-adidas-palas","8":"product_cat-avanzado-palas","9":"product_cat-hombre-palas","10":"product_cat-redonda-palas","11":"pa_brand-adidas","13":"first","14":"instock","15":"sale","16":"taxable","17":"shipping-taxable","18":"purchasable","19":"product-type-simple"},"yoast_head":"<!-- This site is optimized with the Yoast SEO plugin v27.4 - https:\/\/yoast.com\/product\/yoast-seo-wordpress\/ -->\n<title>Pala Padel Adidas Metalbone Carbon CTRL 2026 - Padel Zoco<\/title>\n<meta name=\"description\" content=\"Pala de p\u00e1del Adidas Metalbone Carbon CTRL 2026 con carbono 6K, n\u00facleo EVA Soft y forma redonda para m\u00e1ximo control y precisi\u00f3n en jugadores avanzados. Best Padel Shop.\" \/>\n<meta name=\"robots\" content=\"index, follow, max-snippet:-1, max-image-preview:large, max-video-preview:-1\" \/>\n<link rel=\"canonical\" href=\"https:\/\/padelzoco.es\/en\/product\/pala-padel-adidas-metalbone-carbon-ctrl-2026\/\" \/>\n<meta property=\"og:locale\" content=\"en_GB\" \/>\n<meta property=\"og:type\" content=\"article\" \/>\n<meta property=\"og:title\" content=\"Pala Padel Adidas Metalbone Carbon CTRL 2026 - Padel Zoco\" \/>\n<meta property=\"og:description\" content=\"Pala de p\u00e1del Adidas Metalbone Carbon CTRL 2026 con carbono 6K, n\u00facleo EVA Soft y forma redonda para m\u00e1ximo control y precisi\u00f3n en jugadores avanzados. Best Padel Shop.\" \/>\n<meta property=\"og:url\" content=\"https:\/\/padelzoco.es\/en\/product\/pala-padel-adidas-metalbone-carbon-ctrl-2026\/\" \/>\n<meta property=\"og:site_name\" content=\"Padel Zoco\" \/>\n<meta property=\"article:modified_time\" content=\"2026-04-20T16:24:22+00:00\" \/>\n<meta property=\"og:image\" content=\"https:\/\/padelzoco.es\/wp-content\/uploads\/2025\/10\/ADIDAS-Metalbone-Carbon-CTRL-Padel-Racket-2026-01.webp\" \/>\n\t<meta property=\"og:image:width\" content=\"1400\" \/>\n\t<meta property=\"og:image:height\" content=\"1400\" \/>\n\t<meta property=\"og:image:type\" content=\"image\/webp\" \/>\n<meta name=\"twitter:card\" content=\"summary_large_image\" \/>\n<meta name=\"twitter:label1\" content=\"Estimated reading time\" \/>\n\t<meta name=\"twitter:data1\" content=\"1 minute\" \/>\n<script type=\"application\/ld+json\" class=\"yoast-schema-graph\">{\"@context\":\"https:\\\/\\\/schema.org\",\"@graph\":[{\"@type\":\"WebPage\",\"@id\":\"https:\\\/\\\/padelzoco.es\\\/product\\\/pala-padel-adidas-metalbone-carbon-ctrl-2026\\\/\",\"url\":\"https:\\\/\\\/padelzoco.es\\\/product\\\/pala-padel-adidas-metalbone-carbon-ctrl-2026\\\/\",\"name\":\"Pala Padel Adidas Metalbone Carbon CTRL 2026 - Padel Zoco\",\"isPartOf\":{\"@id\":\"https:\\\/\\\/padelzoco.es\\\/#website\"},\"primaryImageOfPage\":{\"@id\":\"https:\\\/\\\/padelzoco.es\\\/product\\\/pala-padel-adidas-metalbone-carbon-ctrl-2026\\\/#primaryimage\"},\"image\":{\"@id\":\"https:\\\/\\\/padelzoco.es\\\/product\\\/pala-padel-adidas-metalbone-carbon-ctrl-2026\\\/#primaryimage\"},\"thumbnailUrl\":\"https:\\\/\\\/padelzoco.es\\\/wp-content\\\/uploads\\\/2025\\\/10\\\/ADIDAS-Metalbone-Carbon-CTRL-Padel-Racket-2026-01.webp\",\"datePublished\":\"2025-10-16T11:19:36+00:00\",\"dateModified\":\"2026-04-20T16:24:22+00:00\",\"description\":\"Pala de p\u00e1del Adidas Metalbone Carbon CTRL 2026 con carbono 6K, n\u00facleo EVA Soft y forma redonda para m\u00e1ximo control y precisi\u00f3n en jugadores avanzados. Best Padel Shop.\",\"breadcrumb\":{\"@id\":\"https:\\\/\\\/padelzoco.es\\\/product\\\/pala-padel-adidas-metalbone-carbon-ctrl-2026\\\/#breadcrumb\"},\"inLanguage\":\"en-GB\",\"potentialAction\":[{\"@type\":\"ReadAction\",\"target\":[\"https:\\\/\\\/padelzoco.es\\\/product\\\/pala-padel-adidas-metalbone-carbon-ctrl-2026\\\/\"]}]},{\"@type\":\"ImageObject\",\"inLanguage\":\"en-GB\",\"@id\":\"https:\\\/\\\/padelzoco.es\\\/product\\\/pala-padel-adidas-metalbone-carbon-ctrl-2026\\\/#primaryimage\",\"url\":\"https:\\\/\\\/padelzoco.es\\\/wp-content\\\/uploads\\\/2025\\\/10\\\/ADIDAS-Metalbone-Carbon-CTRL-Padel-Racket-2026-01.webp\",\"contentUrl\":\"https:\\\/\\\/padelzoco.es\\\/wp-content\\\/uploads\\\/2025\\\/10\\\/ADIDAS-Metalbone-Carbon-CTRL-Padel-Racket-2026-01.webp\",\"width\":1400,\"height\":1400,\"caption\":\"ADIDAS Metalbone Carbon CTRL Padel Racket 2026 01\"},{\"@type\":\"BreadcrumbList\",\"@id\":\"https:\\\/\\\/padelzoco.es\\\/product\\\/pala-padel-adidas-metalbone-carbon-ctrl-2026\\\/#breadcrumb\",\"itemListElement\":[{\"@type\":\"ListItem\",\"position\":1,\"name\":\"Home\",\"item\":\"https:\\\/\\\/padelzoco.es\\\/\"},{\"@type\":\"ListItem\",\"position\":2,\"name\":\"Padel Zoco\",\"item\":\"https:\\\/\\\/padelzoco.es\\\/padel-zoco\\\/\"},{\"@type\":\"ListItem\",\"position\":3,\"name\":\"Pala Padel Adidas Metalbone Carbon CTRL 2026\"}]},{\"@type\":\"WebSite\",\"@id\":\"https:\\\/\\\/padelzoco.es\\\/#website\",\"url\":\"https:\\\/\\\/padelzoco.es\\\/\",\"name\":\"Padel Zoco\",\"description\":\"Padel Zoco | Spain\",\"publisher\":{\"@id\":\"https:\\\/\\\/padelzoco.es\\\/#organization\"},\"potentialAction\":[{\"@type\":\"SearchAction\",\"target\":{\"@type\":\"EntryPoint\",\"urlTemplate\":\"https:\\\/\\\/padelzoco.es\\\/?s={search_term_string}\"},\"query-input\":{\"@type\":\"PropertyValueSpecification\",\"valueRequired\":true,\"valueName\":\"search_term_string\"}}],\"inLanguage\":\"en-GB\"},{\"@type\":\"Organization\",\"@id\":\"https:\\\/\\\/padelzoco.es\\\/#organization\",\"name\":\"Padel Zoco\",\"url\":\"https:\\\/\\\/padelzoco.es\\\/\",\"logo\":{\"@type\":\"ImageObject\",\"inLanguage\":\"en-GB\",\"@id\":\"https:\\\/\\\/padelzoco.es\\\/#\\\/schema\\\/logo\\\/image\\\/\",\"url\":\"https:\\\/\\\/padelzoco.es\\\/wp-content\\\/uploads\\\/2023\\\/11\\\/PadelZoco_Logo_black_white.webp\",\"contentUrl\":\"https:\\\/\\\/padelzoco.es\\\/wp-content\\\/uploads\\\/2023\\\/11\\\/PadelZoco_Logo_black_white.webp\",\"width\":1500,\"height\":631,\"caption\":\"Padel Zoco\"},\"image\":{\"@id\":\"https:\\\/\\\/padelzoco.es\\\/#\\\/schema\\\/logo\\\/image\\\/\"}}]}<\/script>\n<!-- \/ Yoast SEO plugin. -->","yoast_head_json":{"title":"Pala Padel Adidas Metalbone Carbon CTRL 2026 - Padel Zoco","description":"Pala de p\u00e1del Adidas Metalbone Carbon CTRL 2026 con carbono 6K, n\u00facleo EVA Soft y forma redonda para m\u00e1ximo control y precisi\u00f3n en jugadores avanzados. Best Padel Shop.","robots":{"index":"index","follow":"follow","max-snippet":"max-snippet:-1","max-image-preview":"max-image-preview:large","max-video-preview":"max-video-preview:-1"},"canonical":"https:\/\/padelzoco.es\/en\/product\/pala-padel-adidas-metalbone-carbon-ctrl-2026\/","og_locale":"en_GB","og_type":"article","og_title":"Pala Padel Adidas Metalbone Carbon CTRL 2026 - Padel Zoco","og_description":"Pala de p\u00e1del Adidas Metalbone Carbon CTRL 2026 con carbono 6K, n\u00facleo EVA Soft y forma redonda para m\u00e1ximo control y precisi\u00f3n en jugadores avanzados. Best Padel Shop.","og_url":"https:\/\/padelzoco.es\/en\/product\/pala-padel-adidas-metalbone-carbon-ctrl-2026\/","og_site_name":"Padel Zoco","article_modified_time":"2026-04-20T16:24:22+00:00","og_image":[{"width":1400,"height":1400,"url":"https:\/\/padelzoco.es\/wp-content\/uploads\/2025\/10\/ADIDAS-Metalbone-Carbon-CTRL-Padel-Racket-2026-01.webp","type":"image\/webp"}],"twitter_card":"summary_large_image","twitter_misc":{"Estimated reading time":"1 minute"},"schema":{"@context":"https:\/\/schema.org","@graph":[{"@type":"WebPage","@id":"https:\/\/padelzoco.es\/product\/pala-padel-adidas-metalbone-carbon-ctrl-2026\/","url":"https:\/\/padelzoco.es\/product\/pala-padel-adidas-metalbone-carbon-ctrl-2026\/","name":"Pala Padel Adidas Metalbone Carbon CTRL 2026 - Padel Zoco","isPartOf":{"@id":"https:\/\/padelzoco.es\/#website"},"primaryImageOfPage":{"@id":"https:\/\/padelzoco.es\/product\/pala-padel-adidas-metalbone-carbon-ctrl-2026\/#primaryimage"},"image":{"@id":"https:\/\/padelzoco.es\/product\/pala-padel-adidas-metalbone-carbon-ctrl-2026\/#primaryimage"},"thumbnailUrl":"https:\/\/padelzoco.es\/wp-content\/uploads\/2025\/10\/ADIDAS-Metalbone-Carbon-CTRL-Padel-Racket-2026-01.webp","datePublished":"2025-10-16T11:19:36+00:00","dateModified":"2026-04-20T16:24:22+00:00","description":"Pala de p\u00e1del Adidas Metalbone Carbon CTRL 2026 con carbono 6K, n\u00facleo EVA Soft y forma redonda para m\u00e1ximo control y precisi\u00f3n en jugadores avanzados. Best Padel Shop.","breadcrumb":{"@id":"https:\/\/padelzoco.es\/product\/pala-padel-adidas-metalbone-carbon-ctrl-2026\/#breadcrumb"},"inLanguage":"en-GB","potentialAction":[{"@type":"ReadAction","target":["https:\/\/padelzoco.es\/product\/pala-padel-adidas-metalbone-carbon-ctrl-2026\/"]}]},{"@type":"ImageObject","inLanguage":"en-GB","@id":"https:\/\/padelzoco.es\/product\/pala-padel-adidas-metalbone-carbon-ctrl-2026\/#primaryimage","url":"https:\/\/padelzoco.es\/wp-content\/uploads\/2025\/10\/ADIDAS-Metalbone-Carbon-CTRL-Padel-Racket-2026-01.webp","contentUrl":"https:\/\/padelzoco.es\/wp-content\/uploads\/2025\/10\/ADIDAS-Metalbone-Carbon-CTRL-Padel-Racket-2026-01.webp","width":1400,"height":1400,"caption":"ADIDAS Metalbone Carbon CTRL Padel Racket 2026 01"},{"@type":"BreadcrumbList","@id":"https:\/\/padelzoco.es\/product\/pala-padel-adidas-metalbone-carbon-ctrl-2026\/#breadcrumb","itemListElement":[{"@type":"ListItem","position":1,"name":"Home","item":"https:\/\/padelzoco.es\/"},{"@type":"ListItem","position":2,"name":"Padel Zoco","item":"https:\/\/padelzoco.es\/padel-zoco\/"},{"@type":"ListItem","position":3,"name":"Pala Padel Adidas Metalbone Carbon CTRL 2026"}]},{"@type":"WebSite","@id":"https:\/\/padelzoco.es\/#website","url":"https:\/\/padelzoco.es\/","name":"Padel Zoco","description":"Padel Zoco | Spain","publisher":{"@id":"https:\/\/padelzoco.es\/#organization"},"potentialAction":[{"@type":"SearchAction","target":{"@type":"EntryPoint","urlTemplate":"https:\/\/padelzoco.es\/?s={search_term_string}"},"query-input":{"@type":"PropertyValueSpecification","valueRequired":true,"valueName":"search_term_string"}}],"inLanguage":"en-GB"},{"@type":"Organization","@id":"https:\/\/padelzoco.es\/#organization","name":"Padel Zoco","url":"https:\/\/padelzoco.es\/","logo":{"@type":"ImageObject","inLanguage":"en-GB","@id":"https:\/\/padelzoco.es\/#\/schema\/logo\/image\/","url":"https:\/\/padelzoco.es\/wp-content\/uploads\/2023\/11\/PadelZoco_Logo_black_white.webp","contentUrl":"https:\/\/padelzoco.es\/wp-content\/uploads\/2023\/11\/PadelZoco_Logo_black_white.webp","width":1500,"height":631,"caption":"Padel Zoco"},"image":{"@id":"https:\/\/padelzoco.es\/#\/schema\/logo\/image\/"}}]}},"_links":{"self":[{"href":"https:\/\/padelzoco.es\/en\/wp-json\/wp\/v2\/product\/28331","targetHints":{"allow":["GET"]}}],"collection":[{"href":"https:\/\/padelzoco.es\/en\/wp-json\/wp\/v2\/product"}],"about":[{"href":"https:\/\/padelzoco.es\/en\/wp-json\/wp\/v2\/types\/product"}],"version-history":[{"count":7,"href":"https:\/\/padelzoco.es\/en\/wp-json\/wp\/v2\/product\/28331\/revisions"}],"predecessor-version":[{"id":38094,"href":"https:\/\/padelzoco.es\/en\/wp-json\/wp\/v2\/product\/28331\/revisions\/38094"}],"wp:featuredmedia":[{"embeddable":true,"href":"https:\/\/padelzoco.es\/en\/wp-json\/wp\/v2\/media\/31083"}],"wp:attachment":[{"href":"https:\/\/padelzoco.es\/en\/wp-json\/wp\/v2\/media?parent=28331"}],"wp:term":[{"taxonomy":"product_brand","embeddable":true,"href":"https:\/\/padelzoco.es\/en\/wp-json\/wp\/v2\/product_brand?post=28331"},{"taxonomy":"product_cat","embeddable":true,"href":"https:\/\/padelzoco.es\/en\/wp-json\/wp\/v2\/product_cat?post=28331"},{"taxonomy":"product_tag","embeddable":true,"href":"https:\/\/padelzoco.es\/en\/wp-json\/wp\/v2\/product_tag?post=28331"}],"curies":[{"name":"wp","href":"https:\/\/api.w.org\/{rel}","templated":true}]}}