{"id":28378,"date":"2025-10-17T06:59:32","date_gmt":"2025-10-17T05:59:32","guid":{"rendered":"https:\/\/padelzoco.es\/?post_type=product&#038;p=28378"},"modified":"2026-04-20T11:53:23","modified_gmt":"2026-04-20T10:53:23","slug":"pala-padel-adidas-arrow-hit-junior-2026-blanca-rosa","status":"publish","type":"product","link":"https:\/\/padelzoco.es\/en\/product\/pala-padel-adidas-arrow-hit-junior-2026-blanca-rosa\/","title":{"rendered":"Pala Padel Adidas Arrow Hit Junior 2026 Blanca Rosa"},"content":{"rendered":"<p data-start=\"77\" data-end=\"448\"><strong data-start=\"77\" data-end=\"127\">Pala de p\u00e1del ADIDAS Arrow Hit Junior Red 2026<\/strong> combina <strong data-start=\"136\" data-end=\"169\">control, comodidad y ligereza<\/strong>, dise\u00f1ada para que los <strong data-start=\"193\" data-end=\"214\">jugadores j\u00f3venes<\/strong> desarrollen una t\u00e9cnica s\u00f3lida en la pista. Su <strong data-start=\"262\" data-end=\"279\">forma redonda<\/strong> and <strong data-start=\"282\" data-end=\"305\">equilibrio uniforme<\/strong> proporcionan un <strong data-start=\"322\" data-end=\"346\">punto dulce centrado<\/strong>, mejorando la <strong data-start=\"361\" data-end=\"383\" data-is-only-node=\"\">precisi\u00f3n y perd\u00f3n<\/strong> en los golpes, ideal para juniors que perfeccionan su t\u00e9cnica.<\/p>\n<p data-start=\"450\" data-end=\"812\">Construida con <strong data-start=\"465\" data-end=\"495\">marco y cara de Fiberglass<\/strong>, la pala garantiza <strong data-start=\"515\" data-end=\"545\">resistencia y consistencia<\/strong> en cada golpe. El <strong data-start=\"564\" data-end=\"595\">n\u00facleo Soft Performance EVA<\/strong> aporta <strong data-start=\"603\" data-end=\"640\">comodidad y absorci\u00f3n de impactos<\/strong>, permitiendo jugar m\u00e1s tiempo sin fatiga. Su dise\u00f1o <strong data-start=\"693\" data-end=\"716\">ligero de 310\u2013330 g<\/strong> facilita swings suaves y maniobrabilidad sin esfuerzo, perfecto para jugadores en desarrollo.<\/p>\n<p data-start=\"814\" data-end=\"841\"><strong data-start=\"814\" data-end=\"839\">Caracter\u00edsticas clave<\/strong><\/p>\n<ul data-start=\"843\" data-end=\"1087\">\n<li data-section-id=\"51dyov\" data-start=\"843\" data-end=\"930\">\n<p data-start=\"845\" data-end=\"930\"><strong data-start=\"845\" data-end=\"862\">Power Groove:<\/strong> Estructura reforzada para mayor control y estabilidad de potencia<\/p>\n<\/li>\n<li data-section-id=\"eqki01\" data-start=\"931\" data-end=\"1011\">\n<p data-start=\"933\" data-end=\"1011\"><strong data-start=\"933\" data-end=\"955\">Smart Holes Curve:<\/strong> Patr\u00f3n de agujeros optimizado para precisi\u00f3n y efecto<\/p>\n<\/li>\n<li data-section-id=\"2y6v89\" data-start=\"1012\" data-end=\"1087\">\n<p data-start=\"1014\" data-end=\"1087\"><strong data-start=\"1014\" data-end=\"1043\">Structural Reinforcement:<\/strong> Mayor durabilidad y resistencia del marco<\/p>\n<\/li>\n<\/ul>\n<p data-start=\"1089\" data-end=\"1308\" data-is-last-node=\"\" data-is-only-node=\"\">","protected":false},"excerpt":{"rendered":"<div class=\"flex max-w-full flex-col flex-grow\">\n<div class=\"min-h-8 text-message flex w-full flex-col items-end gap-2 whitespace-normal break-words [.text-message+&amp;]:mt-5\" dir=\"auto\" data-message-author-role=\"assistant\" data-message-id=\"f84f2722-abba-440f-b6c5-3e011774339f\" data-client-thread-id=\"WEB:3961e10c-38fb-4e03-bc29-07fd61f5fd03\" data-message-model-slug=\"gpt-4o\">\n<div class=\"flex w-full flex-col gap-1 empty:hidden first:pt-[3px]\">\n<div class=\"markdown prose w-full break-words dark:prose-invert light\">\n<div class=\"flex max-w-full flex-col flex-grow\">\n<div class=\"min-h-8 text-message flex w-full flex-col items-end gap-2 whitespace-normal break-words [.text-message+&amp;]:mt-5\" dir=\"auto\" data-message-author-role=\"assistant\" data-message-id=\"f84f2722-abba-440f-b6c5-3e011774339f\" data-client-thread-id=\"WEB:3961e10c-38fb-4e03-bc29-07fd61f5fd03\" data-message-model-slug=\"gpt-4o\">\n<div class=\"flex w-full flex-col gap-1 empty:hidden first:pt-[3px]\">\n<div class=\"markdown prose w-full break-words dark:prose-invert light\">\n<div class=\"flex max-w-full flex-col flex-grow\">\n<div class=\"min-h-8 text-message flex w-full flex-col items-end gap-2 whitespace-normal break-words [.text-message+&amp;]:mt-5\" dir=\"auto\" data-message-author-role=\"assistant\" data-message-id=\"f84f2722-abba-440f-b6c5-3e011774339f\" data-client-thread-id=\"WEB:3961e10c-38fb-4e03-bc29-07fd61f5fd03\" data-message-model-slug=\"gpt-4o\">\n<div class=\"flex w-full flex-col gap-1 empty:hidden first:pt-[3px]\">\n<div class=\"markdown prose w-full break-words dark:prose-invert light\">\n<div class=\"flex max-w-full flex-col flex-grow\">\n<div class=\"min-h-8 text-message flex w-full flex-col items-end gap-2 whitespace-normal break-words [.text-message+&amp;]:mt-5\" dir=\"auto\" data-message-author-role=\"assistant\" data-message-id=\"f84f2722-abba-440f-b6c5-3e011774339f\" data-client-thread-id=\"WEB:3961e10c-38fb-4e03-bc29-07fd61f5fd03\" data-message-model-slug=\"gpt-4o\">\n<div class=\"flex w-full flex-col gap-1 empty:hidden first:pt-[3px]\">\n<div class=\"markdown prose w-full break-words dark:prose-invert light\">\n<p data-start=\"73\" data-end=\"427\"><strong data-start=\"73\" data-end=\"123\">Pala de p\u00e1del ADIDAS Arrow Hit Junior Red 2026<\/strong> est\u00e1 dise\u00f1ada para <strong data-start=\"143\" data-end=\"164\">jugadores j\u00f3venes<\/strong> que buscan desarrollar <strong data-start=\"188\" data-end=\"211\">precisi\u00f3n y control<\/strong> en la pista. Su <strong data-start=\"228\" data-end=\"251\">construcci\u00f3n ligera<\/strong> y <strong data-start=\"254\" data-end=\"285\">n\u00facleo Soft Performance EVA<\/strong> ofrecen <strong data-start=\"294\" data-end=\"335\" data-is-only-node=\"\">comodidad, potencia y manejo sencillo<\/strong> en cada golpe. Ideal para juniors que quieren mejorar su juego con confianza y seguridad.<\/p>\n<p data-start=\"429\" data-end=\"462\"><strong data-start=\"429\" data-end=\"460\">Caracter\u00edsticas principales<\/strong><\/p>\n<ul data-start=\"464\" data-end=\"612\">\n<li data-section-id=\"gubkn2\" data-start=\"464\" data-end=\"514\">\n<p data-start=\"466\" data-end=\"514\"><strong data-start=\"466\" data-end=\"483\">Forma redonda<\/strong> para un punto dulce centrado<\/p>\n<\/li>\n<li data-section-id=\"x23hr4\" data-start=\"515\" data-end=\"563\">\n<p data-start=\"517\" data-end=\"563\"><strong data-start=\"517\" data-end=\"540\">Control excepcional<\/strong> para golpes precisos<\/p>\n<\/li>\n<li data-section-id=\"1t6kfe4\" data-start=\"564\" data-end=\"612\">\n<p data-start=\"566\" data-end=\"612\"><strong data-start=\"566\" data-end=\"583\">Dise\u00f1o ligero<\/strong> apto para jugadores junior<\/p>\n<\/li>\n<\/ul>\n<\/div>\n<\/div>\n<\/div>\n<\/div>\n<\/div>\n<\/div>\n<\/div>\n<\/div>\n<\/div>\n<\/div>\n<\/div>\n<\/div>\n<\/div>\n<\/div>\n<\/div>\n<\/div>\n","protected":false},"featured_media":31011,"template":"","meta":[],"product_brand":[],"product_cat":[700,711,591,586],"product_tag":[],"class_list":{"0":"post-28378","1":"product","2":"type-product","3":"status-publish","4":"has-post-thumbnail","6":"product_cat-adidas-padel","7":"product_cat-adidas-palas","8":"product_cat-ninos-palas","9":"product_cat-redonda-palas","10":"pa_brand-adidas","12":"first","13":"instock","14":"sale","15":"taxable","16":"shipping-taxable","17":"purchasable","18":"product-type-simple"},"yoast_head":"<!-- This site is optimized with the Yoast SEO plugin v27.3 - https:\/\/yoast.com\/product\/yoast-seo-wordpress\/ -->\n<title>Pala Padel Adidas Arrow Hit Junior 2026 Blanca Rosa - Padel Zoco<\/title>\n<meta name=\"description\" content=\"Meta descripci\u00f3n:ADIDAS Arrow Hit Junior Red 2026 ofrece control, confort y ligereza para j\u00f3venes jugadores, con n\u00facleo EVA, marco de Fiberglass y punto dulce centrado, ideal para mejorar la t\u00e9cnica en pista.\" \/>\n<meta name=\"robots\" content=\"index, follow, max-snippet:-1, max-image-preview:large, max-video-preview:-1\" \/>\n<link rel=\"canonical\" href=\"https:\/\/padelzoco.es\/en\/product\/pala-padel-adidas-arrow-hit-junior-2026-blanca-rosa\/\" \/>\n<meta property=\"og:locale\" content=\"en_GB\" \/>\n<meta property=\"og:type\" content=\"article\" \/>\n<meta property=\"og:title\" content=\"Pala Padel Adidas Arrow Hit Junior 2026 Blanca Rosa - Padel Zoco\" \/>\n<meta property=\"og:description\" content=\"Meta descripci\u00f3n:ADIDAS Arrow Hit Junior Red 2026 ofrece control, confort y ligereza para j\u00f3venes jugadores, con n\u00facleo EVA, marco de Fiberglass y punto dulce centrado, ideal para mejorar la t\u00e9cnica en pista.\" \/>\n<meta property=\"og:url\" content=\"https:\/\/padelzoco.es\/en\/product\/pala-padel-adidas-arrow-hit-junior-2026-blanca-rosa\/\" \/>\n<meta property=\"og:site_name\" content=\"Padel Zoco\" \/>\n<meta property=\"article:modified_time\" content=\"2026-04-20T10:53:23+00:00\" \/>\n<meta property=\"og:image\" content=\"https:\/\/padelzoco.es\/wp-content\/uploads\/2025\/10\/ADIDAS-Arrow-Hit-Junior-Padel-Racket-2026-Pink-01.webp\" \/>\n\t<meta property=\"og:image:width\" content=\"1400\" \/>\n\t<meta property=\"og:image:height\" content=\"1400\" \/>\n\t<meta property=\"og:image:type\" content=\"image\/webp\" \/>\n<meta name=\"twitter:card\" content=\"summary_large_image\" \/>\n<meta name=\"twitter:label1\" content=\"Estimated reading time\" \/>\n\t<meta name=\"twitter:data1\" content=\"1 minute\" \/>\n<script type=\"application\/ld+json\" class=\"yoast-schema-graph\">{\"@context\":\"https:\\\/\\\/schema.org\",\"@graph\":[{\"@type\":\"WebPage\",\"@id\":\"https:\\\/\\\/padelzoco.es\\\/product\\\/pala-padel-adidas-arrow-hit-junior-2026-blanca-rosa\\\/\",\"url\":\"https:\\\/\\\/padelzoco.es\\\/product\\\/pala-padel-adidas-arrow-hit-junior-2026-blanca-rosa\\\/\",\"name\":\"Pala Padel Adidas Arrow Hit Junior 2026 Blanca Rosa - Padel Zoco\",\"isPartOf\":{\"@id\":\"https:\\\/\\\/padelzoco.es\\\/#website\"},\"primaryImageOfPage\":{\"@id\":\"https:\\\/\\\/padelzoco.es\\\/product\\\/pala-padel-adidas-arrow-hit-junior-2026-blanca-rosa\\\/#primaryimage\"},\"image\":{\"@id\":\"https:\\\/\\\/padelzoco.es\\\/product\\\/pala-padel-adidas-arrow-hit-junior-2026-blanca-rosa\\\/#primaryimage\"},\"thumbnailUrl\":\"https:\\\/\\\/padelzoco.es\\\/wp-content\\\/uploads\\\/2025\\\/10\\\/ADIDAS-Arrow-Hit-Junior-Padel-Racket-2026-Pink-01.webp\",\"datePublished\":\"2025-10-17T05:59:32+00:00\",\"dateModified\":\"2026-04-20T10:53:23+00:00\",\"description\":\"Meta descripci\u00f3n:ADIDAS Arrow Hit Junior Red 2026 ofrece control, confort y ligereza para j\u00f3venes jugadores, con n\u00facleo EVA, marco de Fiberglass y punto dulce centrado, ideal para mejorar la t\u00e9cnica en pista.\",\"breadcrumb\":{\"@id\":\"https:\\\/\\\/padelzoco.es\\\/product\\\/pala-padel-adidas-arrow-hit-junior-2026-blanca-rosa\\\/#breadcrumb\"},\"inLanguage\":\"en-GB\",\"potentialAction\":[{\"@type\":\"ReadAction\",\"target\":[\"https:\\\/\\\/padelzoco.es\\\/product\\\/pala-padel-adidas-arrow-hit-junior-2026-blanca-rosa\\\/\"]}]},{\"@type\":\"ImageObject\",\"inLanguage\":\"en-GB\",\"@id\":\"https:\\\/\\\/padelzoco.es\\\/product\\\/pala-padel-adidas-arrow-hit-junior-2026-blanca-rosa\\\/#primaryimage\",\"url\":\"https:\\\/\\\/padelzoco.es\\\/wp-content\\\/uploads\\\/2025\\\/10\\\/ADIDAS-Arrow-Hit-Junior-Padel-Racket-2026-Pink-01.webp\",\"contentUrl\":\"https:\\\/\\\/padelzoco.es\\\/wp-content\\\/uploads\\\/2025\\\/10\\\/ADIDAS-Arrow-Hit-Junior-Padel-Racket-2026-Pink-01.webp\",\"width\":1400,\"height\":1400,\"caption\":\"ADIDAS Arrow Hit Junior Padel Racket 2026 Pink 01\"},{\"@type\":\"BreadcrumbList\",\"@id\":\"https:\\\/\\\/padelzoco.es\\\/product\\\/pala-padel-adidas-arrow-hit-junior-2026-blanca-rosa\\\/#breadcrumb\",\"itemListElement\":[{\"@type\":\"ListItem\",\"position\":1,\"name\":\"Home\",\"item\":\"https:\\\/\\\/padelzoco.es\\\/\"},{\"@type\":\"ListItem\",\"position\":2,\"name\":\"Padel Zoco\",\"item\":\"https:\\\/\\\/padelzoco.es\\\/padel-zoco\\\/\"},{\"@type\":\"ListItem\",\"position\":3,\"name\":\"Pala Padel Adidas Arrow Hit Junior 2026 Blanca Rosa\"}]},{\"@type\":\"WebSite\",\"@id\":\"https:\\\/\\\/padelzoco.es\\\/#website\",\"url\":\"https:\\\/\\\/padelzoco.es\\\/\",\"name\":\"Padel Zoco\",\"description\":\"Padel Zoco | Spain\",\"publisher\":{\"@id\":\"https:\\\/\\\/padelzoco.es\\\/#organization\"},\"potentialAction\":[{\"@type\":\"SearchAction\",\"target\":{\"@type\":\"EntryPoint\",\"urlTemplate\":\"https:\\\/\\\/padelzoco.es\\\/?s={search_term_string}\"},\"query-input\":{\"@type\":\"PropertyValueSpecification\",\"valueRequired\":true,\"valueName\":\"search_term_string\"}}],\"inLanguage\":\"en-GB\"},{\"@type\":\"Organization\",\"@id\":\"https:\\\/\\\/padelzoco.es\\\/#organization\",\"name\":\"Padel Zoco\",\"url\":\"https:\\\/\\\/padelzoco.es\\\/\",\"logo\":{\"@type\":\"ImageObject\",\"inLanguage\":\"en-GB\",\"@id\":\"https:\\\/\\\/padelzoco.es\\\/#\\\/schema\\\/logo\\\/image\\\/\",\"url\":\"https:\\\/\\\/padelzoco.es\\\/wp-content\\\/uploads\\\/2023\\\/11\\\/PadelZoco_Logo_black_white.webp\",\"contentUrl\":\"https:\\\/\\\/padelzoco.es\\\/wp-content\\\/uploads\\\/2023\\\/11\\\/PadelZoco_Logo_black_white.webp\",\"width\":1500,\"height\":631,\"caption\":\"Padel Zoco\"},\"image\":{\"@id\":\"https:\\\/\\\/padelzoco.es\\\/#\\\/schema\\\/logo\\\/image\\\/\"}}]}<\/script>\n<!-- \/ Yoast SEO plugin. -->","yoast_head_json":{"title":"Pala Padel Adidas Arrow Hit Junior 2026 Blanca Rosa - Padel Zoco","description":"Meta descripci\u00f3n:ADIDAS Arrow Hit Junior Red 2026 ofrece control, confort y ligereza para j\u00f3venes jugadores, con n\u00facleo EVA, marco de Fiberglass y punto dulce centrado, ideal para mejorar la t\u00e9cnica en pista.","robots":{"index":"index","follow":"follow","max-snippet":"max-snippet:-1","max-image-preview":"max-image-preview:large","max-video-preview":"max-video-preview:-1"},"canonical":"https:\/\/padelzoco.es\/en\/product\/pala-padel-adidas-arrow-hit-junior-2026-blanca-rosa\/","og_locale":"en_GB","og_type":"article","og_title":"Pala Padel Adidas Arrow Hit Junior 2026 Blanca Rosa - Padel Zoco","og_description":"Meta descripci\u00f3n:ADIDAS Arrow Hit Junior Red 2026 ofrece control, confort y ligereza para j\u00f3venes jugadores, con n\u00facleo EVA, marco de Fiberglass y punto dulce centrado, ideal para mejorar la t\u00e9cnica en pista.","og_url":"https:\/\/padelzoco.es\/en\/product\/pala-padel-adidas-arrow-hit-junior-2026-blanca-rosa\/","og_site_name":"Padel Zoco","article_modified_time":"2026-04-20T10:53:23+00:00","og_image":[{"width":1400,"height":1400,"url":"https:\/\/padelzoco.es\/wp-content\/uploads\/2025\/10\/ADIDAS-Arrow-Hit-Junior-Padel-Racket-2026-Pink-01.webp","type":"image\/webp"}],"twitter_card":"summary_large_image","twitter_misc":{"Estimated reading time":"1 minute"},"schema":{"@context":"https:\/\/schema.org","@graph":[{"@type":"WebPage","@id":"https:\/\/padelzoco.es\/product\/pala-padel-adidas-arrow-hit-junior-2026-blanca-rosa\/","url":"https:\/\/padelzoco.es\/product\/pala-padel-adidas-arrow-hit-junior-2026-blanca-rosa\/","name":"Pala Padel Adidas Arrow Hit Junior 2026 Blanca Rosa - Padel Zoco","isPartOf":{"@id":"https:\/\/padelzoco.es\/#website"},"primaryImageOfPage":{"@id":"https:\/\/padelzoco.es\/product\/pala-padel-adidas-arrow-hit-junior-2026-blanca-rosa\/#primaryimage"},"image":{"@id":"https:\/\/padelzoco.es\/product\/pala-padel-adidas-arrow-hit-junior-2026-blanca-rosa\/#primaryimage"},"thumbnailUrl":"https:\/\/padelzoco.es\/wp-content\/uploads\/2025\/10\/ADIDAS-Arrow-Hit-Junior-Padel-Racket-2026-Pink-01.webp","datePublished":"2025-10-17T05:59:32+00:00","dateModified":"2026-04-20T10:53:23+00:00","description":"Meta descripci\u00f3n:ADIDAS Arrow Hit Junior Red 2026 ofrece control, confort y ligereza para j\u00f3venes jugadores, con n\u00facleo EVA, marco de Fiberglass y punto dulce centrado, ideal para mejorar la t\u00e9cnica en pista.","breadcrumb":{"@id":"https:\/\/padelzoco.es\/product\/pala-padel-adidas-arrow-hit-junior-2026-blanca-rosa\/#breadcrumb"},"inLanguage":"en-GB","potentialAction":[{"@type":"ReadAction","target":["https:\/\/padelzoco.es\/product\/pala-padel-adidas-arrow-hit-junior-2026-blanca-rosa\/"]}]},{"@type":"ImageObject","inLanguage":"en-GB","@id":"https:\/\/padelzoco.es\/product\/pala-padel-adidas-arrow-hit-junior-2026-blanca-rosa\/#primaryimage","url":"https:\/\/padelzoco.es\/wp-content\/uploads\/2025\/10\/ADIDAS-Arrow-Hit-Junior-Padel-Racket-2026-Pink-01.webp","contentUrl":"https:\/\/padelzoco.es\/wp-content\/uploads\/2025\/10\/ADIDAS-Arrow-Hit-Junior-Padel-Racket-2026-Pink-01.webp","width":1400,"height":1400,"caption":"ADIDAS Arrow Hit Junior Padel Racket 2026 Pink 01"},{"@type":"BreadcrumbList","@id":"https:\/\/padelzoco.es\/product\/pala-padel-adidas-arrow-hit-junior-2026-blanca-rosa\/#breadcrumb","itemListElement":[{"@type":"ListItem","position":1,"name":"Home","item":"https:\/\/padelzoco.es\/"},{"@type":"ListItem","position":2,"name":"Padel Zoco","item":"https:\/\/padelzoco.es\/padel-zoco\/"},{"@type":"ListItem","position":3,"name":"Pala Padel Adidas Arrow Hit Junior 2026 Blanca Rosa"}]},{"@type":"WebSite","@id":"https:\/\/padelzoco.es\/#website","url":"https:\/\/padelzoco.es\/","name":"Padel Zoco","description":"Padel Zoco | Spain","publisher":{"@id":"https:\/\/padelzoco.es\/#organization"},"potentialAction":[{"@type":"SearchAction","target":{"@type":"EntryPoint","urlTemplate":"https:\/\/padelzoco.es\/?s={search_term_string}"},"query-input":{"@type":"PropertyValueSpecification","valueRequired":true,"valueName":"search_term_string"}}],"inLanguage":"en-GB"},{"@type":"Organization","@id":"https:\/\/padelzoco.es\/#organization","name":"Padel Zoco","url":"https:\/\/padelzoco.es\/","logo":{"@type":"ImageObject","inLanguage":"en-GB","@id":"https:\/\/padelzoco.es\/#\/schema\/logo\/image\/","url":"https:\/\/padelzoco.es\/wp-content\/uploads\/2023\/11\/PadelZoco_Logo_black_white.webp","contentUrl":"https:\/\/padelzoco.es\/wp-content\/uploads\/2023\/11\/PadelZoco_Logo_black_white.webp","width":1500,"height":631,"caption":"Padel Zoco"},"image":{"@id":"https:\/\/padelzoco.es\/#\/schema\/logo\/image\/"}}]}},"_links":{"self":[{"href":"https:\/\/padelzoco.es\/en\/wp-json\/wp\/v2\/product\/28378","targetHints":{"allow":["GET"]}}],"collection":[{"href":"https:\/\/padelzoco.es\/en\/wp-json\/wp\/v2\/product"}],"about":[{"href":"https:\/\/padelzoco.es\/en\/wp-json\/wp\/v2\/types\/product"}],"version-history":[{"count":5,"href":"https:\/\/padelzoco.es\/en\/wp-json\/wp\/v2\/product\/28378\/revisions"}],"predecessor-version":[{"id":38467,"href":"https:\/\/padelzoco.es\/en\/wp-json\/wp\/v2\/product\/28378\/revisions\/38467"}],"wp:featuredmedia":[{"embeddable":true,"href":"https:\/\/padelzoco.es\/en\/wp-json\/wp\/v2\/media\/31011"}],"wp:attachment":[{"href":"https:\/\/padelzoco.es\/en\/wp-json\/wp\/v2\/media?parent=28378"}],"wp:term":[{"taxonomy":"product_brand","embeddable":true,"href":"https:\/\/padelzoco.es\/en\/wp-json\/wp\/v2\/product_brand?post=28378"},{"taxonomy":"product_cat","embeddable":true,"href":"https:\/\/padelzoco.es\/en\/wp-json\/wp\/v2\/product_cat?post=28378"},{"taxonomy":"product_tag","embeddable":true,"href":"https:\/\/padelzoco.es\/en\/wp-json\/wp\/v2\/product_tag?post=28378"}],"curies":[{"name":"wp","href":"https:\/\/api.w.org\/{rel}","templated":true}]}}