{"id":28405,"date":"2025-10-17T11:16:04","date_gmt":"2025-10-17T10:16:04","guid":{"rendered":"https:\/\/padelzoco.es\/?post_type=product&#038;p=28405"},"modified":"2026-04-20T17:24:21","modified_gmt":"2026-04-20T16:24:21","slug":"pala-padel-adidas-drive-black-2026","status":"publish","type":"product","link":"https:\/\/padelzoco.es\/en\/product\/pala-padel-adidas-drive-black-2026\/","title":{"rendered":"Pala Padel Adidas Drive Black 2026"},"content":{"rendered":"<p>La pala de p\u00e1del <strong>ADIDAS Drive Black 2026<\/strong> es la elecci\u00f3n perfecta para principiantes y jugadores ocasionales que buscan <strong>control<\/strong> <strong>y comodidad<\/strong> en la pista. Su dise\u00f1o ligero y equilibrado ayuda a mejorar la precisi\u00f3n y la confianza en cada golpe.<\/p>\n<p>La pala cuenta con un marco y una cara de <strong>fibra de vidrio<\/strong>, lo que proporciona flexibilidad y un toque suave para un f\u00e1cil control de la pelota. El <strong>n\u00facleo de EVA Soft Performance<\/strong> mejora la comodidad al reducir las vibraciones, lo que garantiza una jugabilidad fluida y una menor fatiga del brazo.<\/p>\n<p>Con una <strong>forma redonda<\/strong> y un equilibrio uniforme, esta pala ofrece un <strong>punto dulce amplio<\/strong>, lo que la hace m\u00e1s tolerante con los golpes descentrados. El sistema de refuerzo estructural aumenta la durabilidad general del marco, mientras que el patr\u00f3n <strong>Smart Holes Curve<\/strong> optimiza el efecto y la precisi\u00f3n.<\/p>\n<p>Key Technologies and Features<\/p>\n<ul>\n<li>Refuerzo estructural: a\u00f1ade durabilidad y estabilidad al marco.<\/li>\n<li>Curva de orificios inteligentes:<strong> mejora el efecto y la consistencia del golpe<\/strong>.<\/li>\n<li><strong>EVA de rendimiento suave<\/strong>: mejora la comodidad y la absorci\u00f3n de vibraciones.<\/li>\n<li>Marco y cara de <strong>fibra de vidrio<\/strong>: proporcionan flexibilidad y control.<\/li>\n<li><strong>Round Padel Racket<\/strong> con equilibrio uniforme: ofrece tolerancia y precisi\u00f3n.<\/li>\n<\/ul>\n<p>&nbsp;<\/p>","protected":false},"excerpt":{"rendered":"<div class=\"flex max-w-full flex-col flex-grow\">\n<div class=\"min-h-8 text-message flex w-full flex-col items-end gap-2 whitespace-normal break-words [.text-message+&amp;]:mt-5\" dir=\"auto\" data-message-author-role=\"assistant\" data-message-id=\"f84f2722-abba-440f-b6c5-3e011774339f\" data-client-thread-id=\"WEB:3961e10c-38fb-4e03-bc29-07fd61f5fd03\" data-message-model-slug=\"gpt-4o\">\n<div class=\"flex w-full flex-col gap-1 empty:hidden first:pt-[3px]\">\n<div class=\"markdown prose w-full break-words dark:prose-invert light\">\n<div class=\"flex max-w-full flex-col flex-grow\">\n<div class=\"min-h-8 text-message flex w-full flex-col items-end gap-2 whitespace-normal break-words [.text-message+&amp;]:mt-5\" dir=\"auto\" data-message-author-role=\"assistant\" data-message-id=\"f84f2722-abba-440f-b6c5-3e011774339f\" data-client-thread-id=\"WEB:3961e10c-38fb-4e03-bc29-07fd61f5fd03\" data-message-model-slug=\"gpt-4o\">\n<div class=\"flex w-full flex-col gap-1 empty:hidden first:pt-[3px]\">\n<div class=\"markdown prose w-full break-words dark:prose-invert light\">\n<div class=\"flex max-w-full flex-col flex-grow\">\n<div class=\"min-h-8 text-message flex w-full flex-col items-end gap-2 whitespace-normal break-words [.text-message+&amp;]:mt-5\" dir=\"auto\" data-message-author-role=\"assistant\" data-message-id=\"f84f2722-abba-440f-b6c5-3e011774339f\" data-client-thread-id=\"WEB:3961e10c-38fb-4e03-bc29-07fd61f5fd03\" data-message-model-slug=\"gpt-4o\">\n<div class=\"flex w-full flex-col gap-1 empty:hidden first:pt-[3px]\">\n<div class=\"markdown prose w-full break-words dark:prose-invert light\">\n<div class=\"flex max-w-full flex-col flex-grow\">\n<div class=\"min-h-8 text-message flex w-full flex-col items-end gap-2 whitespace-normal break-words [.text-message+&amp;]:mt-5\" dir=\"auto\" data-message-author-role=\"assistant\" data-message-id=\"f84f2722-abba-440f-b6c5-3e011774339f\" data-client-thread-id=\"WEB:3961e10c-38fb-4e03-bc29-07fd61f5fd03\" data-message-model-slug=\"gpt-4o\">\n<div class=\"flex w-full flex-col gap-1 empty:hidden first:pt-[3px]\">\n<div class=\"markdown prose w-full break-words dark:prose-invert light\">\n<p>La pala de p\u00e1del <strong>ADIDAS Drive Black 2026<\/strong> ofrece un excelente control, comodidad y tolerancia para los <strong>jugadores principiantes<\/strong>. Fabricada con un marco de <strong>fibra de vidrio<\/strong> y un <strong>n\u00facleo de EVA Soft Performance<\/strong>, proporciona un manejo suave y golpes consistentes. Ideal para jugadores que comienzan su andadura en el p\u00e1del con estabilidad y facilidad.<\/p>\n<ul>\n<li><strong>Forma redonda<\/strong> de p\u00e1del.<\/li>\n<li>Pala de p\u00e1del de <strong>control<\/strong>.<\/li>\n<li>Pala de p\u00e1del para <strong>principiantes<\/strong>.<\/li>\n<\/ul>\n<p>&nbsp;<\/p>\n<\/div>\n<\/div>\n<\/div>\n<\/div>\n<\/div>\n<\/div>\n<\/div>\n<\/div>\n<\/div>\n<\/div>\n<\/div>\n<\/div>\n<\/div>\n<\/div>\n<\/div>\n<\/div>\n","protected":false},"featured_media":30916,"template":"","meta":[],"product_brand":[],"product_cat":[700,711,589,590,580,586],"product_tag":[],"class_list":{"0":"post-28405","1":"product","2":"type-product","3":"status-publish","4":"has-post-thumbnail","6":"product_cat-adidas-padel","7":"product_cat-adidas-palas","8":"product_cat-hombre-palas","9":"product_cat-mujer-palas","10":"product_cat-principiante-palas","11":"product_cat-redonda-palas","12":"pa_brand-adidas","14":"first","15":"instock","16":"sale","17":"taxable","18":"shipping-taxable","19":"purchasable","20":"product-type-simple"},"yoast_head":"<!-- This site is optimized with the Yoast SEO plugin v27.3 - https:\/\/yoast.com\/product\/yoast-seo-wordpress\/ -->\n<title>Pala Padel Adidas Drive Black 2026 - Padel Zoco<\/title>\n<meta name=\"description\" content=\"La Adidas Drive Black 2026 es una pala ideal para principiantes que buscan m\u00e1ximo control, comodidad y un punto dulce amplio para golpes m\u00e1s precisos. Su construcci\u00f3n en fibra de vidrio y n\u00facleo EVA Soft ofrece un tacto suave, menos vibraciones y una jugabilidad muy manejable.\" \/>\n<meta name=\"robots\" content=\"index, follow, max-snippet:-1, max-image-preview:large, max-video-preview:-1\" \/>\n<link rel=\"canonical\" href=\"https:\/\/padelzoco.es\/en\/product\/pala-padel-adidas-drive-black-2026\/\" \/>\n<meta property=\"og:locale\" content=\"en_GB\" \/>\n<meta property=\"og:type\" content=\"article\" \/>\n<meta property=\"og:title\" content=\"Pala Padel Adidas Drive Black 2026 - Padel Zoco\" \/>\n<meta property=\"og:description\" content=\"La Adidas Drive Black 2026 es una pala ideal para principiantes que buscan m\u00e1ximo control, comodidad y un punto dulce amplio para golpes m\u00e1s precisos. Su construcci\u00f3n en fibra de vidrio y n\u00facleo EVA Soft ofrece un tacto suave, menos vibraciones y una jugabilidad muy manejable.\" \/>\n<meta property=\"og:url\" content=\"https:\/\/padelzoco.es\/en\/product\/pala-padel-adidas-drive-black-2026\/\" \/>\n<meta property=\"og:site_name\" content=\"Padel Zoco\" \/>\n<meta property=\"article:modified_time\" content=\"2026-04-20T16:24:21+00:00\" \/>\n<meta property=\"og:image\" content=\"https:\/\/padelzoco.es\/wp-content\/uploads\/2025\/10\/ADIDAS-Drive-2026-Padel-Racket-13.webp\" \/>\n\t<meta property=\"og:image:width\" content=\"1400\" \/>\n\t<meta property=\"og:image:height\" content=\"1400\" \/>\n\t<meta property=\"og:image:type\" content=\"image\/webp\" \/>\n<meta name=\"twitter:card\" content=\"summary_large_image\" \/>\n<meta name=\"twitter:label1\" content=\"Estimated reading time\" \/>\n\t<meta name=\"twitter:data1\" content=\"2 minutes\" \/>\n<script type=\"application\/ld+json\" class=\"yoast-schema-graph\">{\"@context\":\"https:\\\/\\\/schema.org\",\"@graph\":[{\"@type\":\"WebPage\",\"@id\":\"https:\\\/\\\/padelzoco.es\\\/product\\\/pala-padel-adidas-drive-black-2026\\\/\",\"url\":\"https:\\\/\\\/padelzoco.es\\\/product\\\/pala-padel-adidas-drive-black-2026\\\/\",\"name\":\"Pala Padel Adidas Drive Black 2026 - Padel Zoco\",\"isPartOf\":{\"@id\":\"https:\\\/\\\/padelzoco.es\\\/#website\"},\"primaryImageOfPage\":{\"@id\":\"https:\\\/\\\/padelzoco.es\\\/product\\\/pala-padel-adidas-drive-black-2026\\\/#primaryimage\"},\"image\":{\"@id\":\"https:\\\/\\\/padelzoco.es\\\/product\\\/pala-padel-adidas-drive-black-2026\\\/#primaryimage\"},\"thumbnailUrl\":\"https:\\\/\\\/padelzoco.es\\\/wp-content\\\/uploads\\\/2025\\\/10\\\/ADIDAS-Drive-2026-Padel-Racket-13.webp\",\"datePublished\":\"2025-10-17T10:16:04+00:00\",\"dateModified\":\"2026-04-20T16:24:21+00:00\",\"description\":\"La Adidas Drive Black 2026 es una pala ideal para principiantes que buscan m\u00e1ximo control, comodidad y un punto dulce amplio para golpes m\u00e1s precisos. Su construcci\u00f3n en fibra de vidrio y n\u00facleo EVA Soft ofrece un tacto suave, menos vibraciones y una jugabilidad muy manejable.\",\"breadcrumb\":{\"@id\":\"https:\\\/\\\/padelzoco.es\\\/product\\\/pala-padel-adidas-drive-black-2026\\\/#breadcrumb\"},\"inLanguage\":\"en-GB\",\"potentialAction\":[{\"@type\":\"ReadAction\",\"target\":[\"https:\\\/\\\/padelzoco.es\\\/product\\\/pala-padel-adidas-drive-black-2026\\\/\"]}]},{\"@type\":\"ImageObject\",\"inLanguage\":\"en-GB\",\"@id\":\"https:\\\/\\\/padelzoco.es\\\/product\\\/pala-padel-adidas-drive-black-2026\\\/#primaryimage\",\"url\":\"https:\\\/\\\/padelzoco.es\\\/wp-content\\\/uploads\\\/2025\\\/10\\\/ADIDAS-Drive-2026-Padel-Racket-13.webp\",\"contentUrl\":\"https:\\\/\\\/padelzoco.es\\\/wp-content\\\/uploads\\\/2025\\\/10\\\/ADIDAS-Drive-2026-Padel-Racket-13.webp\",\"width\":1400,\"height\":1400,\"caption\":\"ADIDAS Drive 2026 Padel Racket 13\"},{\"@type\":\"BreadcrumbList\",\"@id\":\"https:\\\/\\\/padelzoco.es\\\/product\\\/pala-padel-adidas-drive-black-2026\\\/#breadcrumb\",\"itemListElement\":[{\"@type\":\"ListItem\",\"position\":1,\"name\":\"Home\",\"item\":\"https:\\\/\\\/padelzoco.es\\\/\"},{\"@type\":\"ListItem\",\"position\":2,\"name\":\"Padel Zoco\",\"item\":\"https:\\\/\\\/padelzoco.es\\\/padel-zoco\\\/\"},{\"@type\":\"ListItem\",\"position\":3,\"name\":\"Pala Padel Adidas Drive Black 2026\"}]},{\"@type\":\"WebSite\",\"@id\":\"https:\\\/\\\/padelzoco.es\\\/#website\",\"url\":\"https:\\\/\\\/padelzoco.es\\\/\",\"name\":\"Padel Zoco\",\"description\":\"Padel Zoco | Spain\",\"publisher\":{\"@id\":\"https:\\\/\\\/padelzoco.es\\\/#organization\"},\"potentialAction\":[{\"@type\":\"SearchAction\",\"target\":{\"@type\":\"EntryPoint\",\"urlTemplate\":\"https:\\\/\\\/padelzoco.es\\\/?s={search_term_string}\"},\"query-input\":{\"@type\":\"PropertyValueSpecification\",\"valueRequired\":true,\"valueName\":\"search_term_string\"}}],\"inLanguage\":\"en-GB\"},{\"@type\":\"Organization\",\"@id\":\"https:\\\/\\\/padelzoco.es\\\/#organization\",\"name\":\"Padel Zoco\",\"url\":\"https:\\\/\\\/padelzoco.es\\\/\",\"logo\":{\"@type\":\"ImageObject\",\"inLanguage\":\"en-GB\",\"@id\":\"https:\\\/\\\/padelzoco.es\\\/#\\\/schema\\\/logo\\\/image\\\/\",\"url\":\"https:\\\/\\\/padelzoco.es\\\/wp-content\\\/uploads\\\/2023\\\/11\\\/PadelZoco_Logo_black_white.webp\",\"contentUrl\":\"https:\\\/\\\/padelzoco.es\\\/wp-content\\\/uploads\\\/2023\\\/11\\\/PadelZoco_Logo_black_white.webp\",\"width\":1500,\"height\":631,\"caption\":\"Padel Zoco\"},\"image\":{\"@id\":\"https:\\\/\\\/padelzoco.es\\\/#\\\/schema\\\/logo\\\/image\\\/\"}}]}<\/script>\n<!-- \/ Yoast SEO plugin. -->","yoast_head_json":{"title":"Pala Padel Adidas Drive Black 2026 - Padel Zoco","description":"La Adidas Drive Black 2026 es una pala ideal para principiantes que buscan m\u00e1ximo control, comodidad y un punto dulce amplio para golpes m\u00e1s precisos. Su construcci\u00f3n en fibra de vidrio y n\u00facleo EVA Soft ofrece un tacto suave, menos vibraciones y una jugabilidad muy manejable.","robots":{"index":"index","follow":"follow","max-snippet":"max-snippet:-1","max-image-preview":"max-image-preview:large","max-video-preview":"max-video-preview:-1"},"canonical":"https:\/\/padelzoco.es\/en\/product\/pala-padel-adidas-drive-black-2026\/","og_locale":"en_GB","og_type":"article","og_title":"Pala Padel Adidas Drive Black 2026 - Padel Zoco","og_description":"La Adidas Drive Black 2026 es una pala ideal para principiantes que buscan m\u00e1ximo control, comodidad y un punto dulce amplio para golpes m\u00e1s precisos. Su construcci\u00f3n en fibra de vidrio y n\u00facleo EVA Soft ofrece un tacto suave, menos vibraciones y una jugabilidad muy manejable.","og_url":"https:\/\/padelzoco.es\/en\/product\/pala-padel-adidas-drive-black-2026\/","og_site_name":"Padel Zoco","article_modified_time":"2026-04-20T16:24:21+00:00","og_image":[{"width":1400,"height":1400,"url":"https:\/\/padelzoco.es\/wp-content\/uploads\/2025\/10\/ADIDAS-Drive-2026-Padel-Racket-13.webp","type":"image\/webp"}],"twitter_card":"summary_large_image","twitter_misc":{"Estimated reading time":"2 minutes"},"schema":{"@context":"https:\/\/schema.org","@graph":[{"@type":"WebPage","@id":"https:\/\/padelzoco.es\/product\/pala-padel-adidas-drive-black-2026\/","url":"https:\/\/padelzoco.es\/product\/pala-padel-adidas-drive-black-2026\/","name":"Pala Padel Adidas Drive Black 2026 - Padel Zoco","isPartOf":{"@id":"https:\/\/padelzoco.es\/#website"},"primaryImageOfPage":{"@id":"https:\/\/padelzoco.es\/product\/pala-padel-adidas-drive-black-2026\/#primaryimage"},"image":{"@id":"https:\/\/padelzoco.es\/product\/pala-padel-adidas-drive-black-2026\/#primaryimage"},"thumbnailUrl":"https:\/\/padelzoco.es\/wp-content\/uploads\/2025\/10\/ADIDAS-Drive-2026-Padel-Racket-13.webp","datePublished":"2025-10-17T10:16:04+00:00","dateModified":"2026-04-20T16:24:21+00:00","description":"La Adidas Drive Black 2026 es una pala ideal para principiantes que buscan m\u00e1ximo control, comodidad y un punto dulce amplio para golpes m\u00e1s precisos. Su construcci\u00f3n en fibra de vidrio y n\u00facleo EVA Soft ofrece un tacto suave, menos vibraciones y una jugabilidad muy manejable.","breadcrumb":{"@id":"https:\/\/padelzoco.es\/product\/pala-padel-adidas-drive-black-2026\/#breadcrumb"},"inLanguage":"en-GB","potentialAction":[{"@type":"ReadAction","target":["https:\/\/padelzoco.es\/product\/pala-padel-adidas-drive-black-2026\/"]}]},{"@type":"ImageObject","inLanguage":"en-GB","@id":"https:\/\/padelzoco.es\/product\/pala-padel-adidas-drive-black-2026\/#primaryimage","url":"https:\/\/padelzoco.es\/wp-content\/uploads\/2025\/10\/ADIDAS-Drive-2026-Padel-Racket-13.webp","contentUrl":"https:\/\/padelzoco.es\/wp-content\/uploads\/2025\/10\/ADIDAS-Drive-2026-Padel-Racket-13.webp","width":1400,"height":1400,"caption":"ADIDAS Drive 2026 Padel Racket 13"},{"@type":"BreadcrumbList","@id":"https:\/\/padelzoco.es\/product\/pala-padel-adidas-drive-black-2026\/#breadcrumb","itemListElement":[{"@type":"ListItem","position":1,"name":"Home","item":"https:\/\/padelzoco.es\/"},{"@type":"ListItem","position":2,"name":"Padel Zoco","item":"https:\/\/padelzoco.es\/padel-zoco\/"},{"@type":"ListItem","position":3,"name":"Pala Padel Adidas Drive Black 2026"}]},{"@type":"WebSite","@id":"https:\/\/padelzoco.es\/#website","url":"https:\/\/padelzoco.es\/","name":"Padel Zoco","description":"Padel Zoco | Spain","publisher":{"@id":"https:\/\/padelzoco.es\/#organization"},"potentialAction":[{"@type":"SearchAction","target":{"@type":"EntryPoint","urlTemplate":"https:\/\/padelzoco.es\/?s={search_term_string}"},"query-input":{"@type":"PropertyValueSpecification","valueRequired":true,"valueName":"search_term_string"}}],"inLanguage":"en-GB"},{"@type":"Organization","@id":"https:\/\/padelzoco.es\/#organization","name":"Padel Zoco","url":"https:\/\/padelzoco.es\/","logo":{"@type":"ImageObject","inLanguage":"en-GB","@id":"https:\/\/padelzoco.es\/#\/schema\/logo\/image\/","url":"https:\/\/padelzoco.es\/wp-content\/uploads\/2023\/11\/PadelZoco_Logo_black_white.webp","contentUrl":"https:\/\/padelzoco.es\/wp-content\/uploads\/2023\/11\/PadelZoco_Logo_black_white.webp","width":1500,"height":631,"caption":"Padel Zoco"},"image":{"@id":"https:\/\/padelzoco.es\/#\/schema\/logo\/image\/"}}]}},"_links":{"self":[{"href":"https:\/\/padelzoco.es\/en\/wp-json\/wp\/v2\/product\/28405","targetHints":{"allow":["GET"]}}],"collection":[{"href":"https:\/\/padelzoco.es\/en\/wp-json\/wp\/v2\/product"}],"about":[{"href":"https:\/\/padelzoco.es\/en\/wp-json\/wp\/v2\/types\/product"}],"version-history":[{"count":3,"href":"https:\/\/padelzoco.es\/en\/wp-json\/wp\/v2\/product\/28405\/revisions"}],"predecessor-version":[{"id":30817,"href":"https:\/\/padelzoco.es\/en\/wp-json\/wp\/v2\/product\/28405\/revisions\/30817"}],"wp:featuredmedia":[{"embeddable":true,"href":"https:\/\/padelzoco.es\/en\/wp-json\/wp\/v2\/media\/30916"}],"wp:attachment":[{"href":"https:\/\/padelzoco.es\/en\/wp-json\/wp\/v2\/media?parent=28405"}],"wp:term":[{"taxonomy":"product_brand","embeddable":true,"href":"https:\/\/padelzoco.es\/en\/wp-json\/wp\/v2\/product_brand?post=28405"},{"taxonomy":"product_cat","embeddable":true,"href":"https:\/\/padelzoco.es\/en\/wp-json\/wp\/v2\/product_cat?post=28405"},{"taxonomy":"product_tag","embeddable":true,"href":"https:\/\/padelzoco.es\/en\/wp-json\/wp\/v2\/product_tag?post=28405"}],"curies":[{"name":"wp","href":"https:\/\/api.w.org\/{rel}","templated":true}]}}