{"id":28513,"date":"2025-10-20T16:24:29","date_gmt":"2025-10-20T15:24:29","guid":{"rendered":"https:\/\/padelzoco.es\/?post_type=product&#038;p=28513"},"modified":"2026-04-30T19:17:06","modified_gmt":"2026-04-30T18:17:06","slug":"mochila-padel-adidas-multigame-ale-galan","status":"publish","type":"product","link":"https:\/\/padelzoco.es\/en\/product\/mochila-padel-adidas-multigame-ale-galan\/","title":{"rendered":"Mochila p\u00e1del ADIDAS Multigame Ale Gal\u00e1n"},"content":{"rendered":"<p data-start=\"586\" data-end=\"880\">La mochila de p\u00e1del ADIDAS Multigame Ale Gal\u00e1n es una opci\u00f3n premium dise\u00f1ada para jugadores competitivos que buscan versatilidad, protecci\u00f3n y organizaci\u00f3n en cada desplazamiento. Su innovadora apertura rolltop permite ajustar la capacidad seg\u00fan las necesidades del entrenamiento o torneo.<\/p>\n<p data-start=\"882\" data-end=\"1257\">Cuenta con un compartimento t\u00e9rmico trasero que protege la pala de los cambios de temperatura, prolongando su rendimiento. Dispone de varios bolsillos funcionales: bolsillo frontal con cremallera, bolsillo lateral con cremallera, bolsillo lateral de malla para botella o accesorios y una base TPE invertida impermeable que protege el equipamiento de la humedad y la suciedad.<\/p>\n<p data-start=\"1259\" data-end=\"1472\">Avalada por el jugador profesional Ale Gal\u00e1n, esta mochila combina un dise\u00f1o elegante y deportivo con materiales resistentes y una distribuci\u00f3n inteligente, perfecta para el d\u00eda a d\u00eda en la pista o la competici\u00f3n.<\/p>","protected":false},"excerpt":{"rendered":"<p>La mochila p\u00e1del ADIDAS Multigame Ale Gal\u00e1n ofrece compartimento t\u00e9rmico para la pala, gran capacidad ajustable y base impermeable, ideal para jugadores exigentes.<\/p>","protected":false},"featured_media":32471,"template":"","meta":[],"product_brand":[],"product_cat":[631,634,15],"product_tag":[],"class_list":{"0":"post-28513","1":"product","2":"type-product","3":"status-publish","4":"has-post-thumbnail","6":"product_cat-adidas-bolsas","7":"product_cat-mochila","8":"product_cat-uncategorized","9":"pa_brand-adidas","10":"pa_hs_code-673","12":"first","13":"instock","14":"taxable","15":"shipping-taxable","16":"purchasable","17":"product-type-simple"},"yoast_head":"<!-- This site is optimized with the Yoast SEO plugin v27.5 - https:\/\/yoast.com\/product\/yoast-seo-wordpress\/ -->\n<title>Mochila p\u00e1del ADIDAS Multigame Ale Gal\u00e1n - Padel Zoco<\/title>\n<meta name=\"description\" content=\"Mochila p\u00e1del ADIDAS Multigame Ale Gal\u00e1n con compartimento t\u00e9rmico, apertura rolltop ajustable y base impermeable para m\u00e1ximo rendimiento.\" \/>\n<meta name=\"robots\" content=\"index, follow, max-snippet:-1, max-image-preview:large, max-video-preview:-1\" \/>\n<link rel=\"canonical\" href=\"https:\/\/padelzoco.es\/en\/product\/mochila-padel-adidas-multigame-ale-galan\/\" \/>\n<meta property=\"og:locale\" content=\"en_GB\" \/>\n<meta property=\"og:type\" content=\"article\" \/>\n<meta property=\"og:title\" content=\"Mochila p\u00e1del ADIDAS Multigame Ale Gal\u00e1n - Padel Zoco\" \/>\n<meta property=\"og:description\" content=\"Mochila p\u00e1del ADIDAS Multigame Ale Gal\u00e1n con compartimento t\u00e9rmico, apertura rolltop ajustable y base impermeable para m\u00e1ximo rendimiento.\" \/>\n<meta property=\"og:url\" content=\"https:\/\/padelzoco.es\/en\/product\/mochila-padel-adidas-multigame-ale-galan\/\" \/>\n<meta property=\"og:site_name\" content=\"Padel Zoco\" \/>\n<meta property=\"article:modified_time\" content=\"2026-04-30T18:17:06+00:00\" \/>\n<meta property=\"og:image\" content=\"https:\/\/padelzoco.es\/wp-content\/uploads\/2025\/12\/ADIDAS-Multigame-Padel-Backpack-Ale-Galan-Off-White-01.webp\" \/>\n\t<meta property=\"og:image:width\" content=\"1400\" \/>\n\t<meta property=\"og:image:height\" content=\"1400\" \/>\n\t<meta property=\"og:image:type\" content=\"image\/webp\" \/>\n<meta name=\"twitter:card\" content=\"summary_large_image\" \/>\n<meta name=\"twitter:label1\" content=\"Estimated reading time\" \/>\n\t<meta name=\"twitter:data1\" content=\"1 minute\" \/>\n<script type=\"application\/ld+json\" class=\"yoast-schema-graph\">{\"@context\":\"https:\\\/\\\/schema.org\",\"@graph\":[{\"@type\":\"WebPage\",\"@id\":\"https:\\\/\\\/padelzoco.es\\\/product\\\/mochila-padel-adidas-multigame-ale-galan\\\/\",\"url\":\"https:\\\/\\\/padelzoco.es\\\/product\\\/mochila-padel-adidas-multigame-ale-galan\\\/\",\"name\":\"Mochila p\u00e1del ADIDAS Multigame Ale Gal\u00e1n - Padel Zoco\",\"isPartOf\":{\"@id\":\"https:\\\/\\\/padelzoco.es\\\/#website\"},\"primaryImageOfPage\":{\"@id\":\"https:\\\/\\\/padelzoco.es\\\/product\\\/mochila-padel-adidas-multigame-ale-galan\\\/#primaryimage\"},\"image\":{\"@id\":\"https:\\\/\\\/padelzoco.es\\\/product\\\/mochila-padel-adidas-multigame-ale-galan\\\/#primaryimage\"},\"thumbnailUrl\":\"https:\\\/\\\/padelzoco.es\\\/wp-content\\\/uploads\\\/2025\\\/12\\\/ADIDAS-Multigame-Padel-Backpack-Ale-Galan-Off-White-01.webp\",\"datePublished\":\"2025-10-20T15:24:29+00:00\",\"dateModified\":\"2026-04-30T18:17:06+00:00\",\"description\":\"Mochila p\u00e1del ADIDAS Multigame Ale Gal\u00e1n con compartimento t\u00e9rmico, apertura rolltop ajustable y base impermeable para m\u00e1ximo rendimiento.\",\"breadcrumb\":{\"@id\":\"https:\\\/\\\/padelzoco.es\\\/product\\\/mochila-padel-adidas-multigame-ale-galan\\\/#breadcrumb\"},\"inLanguage\":\"en-GB\",\"potentialAction\":[{\"@type\":\"ReadAction\",\"target\":[\"https:\\\/\\\/padelzoco.es\\\/product\\\/mochila-padel-adidas-multigame-ale-galan\\\/\"]}]},{\"@type\":\"ImageObject\",\"inLanguage\":\"en-GB\",\"@id\":\"https:\\\/\\\/padelzoco.es\\\/product\\\/mochila-padel-adidas-multigame-ale-galan\\\/#primaryimage\",\"url\":\"https:\\\/\\\/padelzoco.es\\\/wp-content\\\/uploads\\\/2025\\\/12\\\/ADIDAS-Multigame-Padel-Backpack-Ale-Galan-Off-White-01.webp\",\"contentUrl\":\"https:\\\/\\\/padelzoco.es\\\/wp-content\\\/uploads\\\/2025\\\/12\\\/ADIDAS-Multigame-Padel-Backpack-Ale-Galan-Off-White-01.webp\",\"width\":1400,\"height\":1400},{\"@type\":\"BreadcrumbList\",\"@id\":\"https:\\\/\\\/padelzoco.es\\\/product\\\/mochila-padel-adidas-multigame-ale-galan\\\/#breadcrumb\",\"itemListElement\":[{\"@type\":\"ListItem\",\"position\":1,\"name\":\"Home\",\"item\":\"https:\\\/\\\/padelzoco.es\\\/\"},{\"@type\":\"ListItem\",\"position\":2,\"name\":\"Padel Zoco\",\"item\":\"https:\\\/\\\/padelzoco.es\\\/padel-zoco\\\/\"},{\"@type\":\"ListItem\",\"position\":3,\"name\":\"Mochila p\u00e1del ADIDAS Multigame Ale Gal\u00e1n\"}]},{\"@type\":\"WebSite\",\"@id\":\"https:\\\/\\\/padelzoco.es\\\/#website\",\"url\":\"https:\\\/\\\/padelzoco.es\\\/\",\"name\":\"Padel Zoco\",\"description\":\"Padel Zoco | Spain\",\"publisher\":{\"@id\":\"https:\\\/\\\/padelzoco.es\\\/#organization\"},\"potentialAction\":[{\"@type\":\"SearchAction\",\"target\":{\"@type\":\"EntryPoint\",\"urlTemplate\":\"https:\\\/\\\/padelzoco.es\\\/?s={search_term_string}\"},\"query-input\":{\"@type\":\"PropertyValueSpecification\",\"valueRequired\":true,\"valueName\":\"search_term_string\"}}],\"inLanguage\":\"en-GB\"},{\"@type\":\"Organization\",\"@id\":\"https:\\\/\\\/padelzoco.es\\\/#organization\",\"name\":\"Padel Zoco\",\"url\":\"https:\\\/\\\/padelzoco.es\\\/\",\"logo\":{\"@type\":\"ImageObject\",\"inLanguage\":\"en-GB\",\"@id\":\"https:\\\/\\\/padelzoco.es\\\/#\\\/schema\\\/logo\\\/image\\\/\",\"url\":\"https:\\\/\\\/padelzoco.es\\\/wp-content\\\/uploads\\\/2023\\\/11\\\/PadelZoco_Logo_black_white.webp\",\"contentUrl\":\"https:\\\/\\\/padelzoco.es\\\/wp-content\\\/uploads\\\/2023\\\/11\\\/PadelZoco_Logo_black_white.webp\",\"width\":1500,\"height\":631,\"caption\":\"Padel Zoco\"},\"image\":{\"@id\":\"https:\\\/\\\/padelzoco.es\\\/#\\\/schema\\\/logo\\\/image\\\/\"}}]}<\/script>\n<!-- \/ Yoast SEO plugin. -->","yoast_head_json":{"title":"Mochila p\u00e1del ADIDAS Multigame Ale Gal\u00e1n - Padel Zoco","description":"Mochila p\u00e1del ADIDAS Multigame Ale Gal\u00e1n con compartimento t\u00e9rmico, apertura rolltop ajustable y base impermeable para m\u00e1ximo rendimiento.","robots":{"index":"index","follow":"follow","max-snippet":"max-snippet:-1","max-image-preview":"max-image-preview:large","max-video-preview":"max-video-preview:-1"},"canonical":"https:\/\/padelzoco.es\/en\/product\/mochila-padel-adidas-multigame-ale-galan\/","og_locale":"en_GB","og_type":"article","og_title":"Mochila p\u00e1del ADIDAS Multigame Ale Gal\u00e1n - Padel Zoco","og_description":"Mochila p\u00e1del ADIDAS Multigame Ale Gal\u00e1n con compartimento t\u00e9rmico, apertura rolltop ajustable y base impermeable para m\u00e1ximo rendimiento.","og_url":"https:\/\/padelzoco.es\/en\/product\/mochila-padel-adidas-multigame-ale-galan\/","og_site_name":"Padel Zoco","article_modified_time":"2026-04-30T18:17:06+00:00","og_image":[{"width":1400,"height":1400,"url":"https:\/\/padelzoco.es\/wp-content\/uploads\/2025\/12\/ADIDAS-Multigame-Padel-Backpack-Ale-Galan-Off-White-01.webp","type":"image\/webp"}],"twitter_card":"summary_large_image","twitter_misc":{"Estimated reading time":"1 minute"},"schema":{"@context":"https:\/\/schema.org","@graph":[{"@type":"WebPage","@id":"https:\/\/padelzoco.es\/product\/mochila-padel-adidas-multigame-ale-galan\/","url":"https:\/\/padelzoco.es\/product\/mochila-padel-adidas-multigame-ale-galan\/","name":"Mochila p\u00e1del ADIDAS Multigame Ale Gal\u00e1n - Padel Zoco","isPartOf":{"@id":"https:\/\/padelzoco.es\/#website"},"primaryImageOfPage":{"@id":"https:\/\/padelzoco.es\/product\/mochila-padel-adidas-multigame-ale-galan\/#primaryimage"},"image":{"@id":"https:\/\/padelzoco.es\/product\/mochila-padel-adidas-multigame-ale-galan\/#primaryimage"},"thumbnailUrl":"https:\/\/padelzoco.es\/wp-content\/uploads\/2025\/12\/ADIDAS-Multigame-Padel-Backpack-Ale-Galan-Off-White-01.webp","datePublished":"2025-10-20T15:24:29+00:00","dateModified":"2026-04-30T18:17:06+00:00","description":"Mochila p\u00e1del ADIDAS Multigame Ale Gal\u00e1n con compartimento t\u00e9rmico, apertura rolltop ajustable y base impermeable para m\u00e1ximo rendimiento.","breadcrumb":{"@id":"https:\/\/padelzoco.es\/product\/mochila-padel-adidas-multigame-ale-galan\/#breadcrumb"},"inLanguage":"en-GB","potentialAction":[{"@type":"ReadAction","target":["https:\/\/padelzoco.es\/product\/mochila-padel-adidas-multigame-ale-galan\/"]}]},{"@type":"ImageObject","inLanguage":"en-GB","@id":"https:\/\/padelzoco.es\/product\/mochila-padel-adidas-multigame-ale-galan\/#primaryimage","url":"https:\/\/padelzoco.es\/wp-content\/uploads\/2025\/12\/ADIDAS-Multigame-Padel-Backpack-Ale-Galan-Off-White-01.webp","contentUrl":"https:\/\/padelzoco.es\/wp-content\/uploads\/2025\/12\/ADIDAS-Multigame-Padel-Backpack-Ale-Galan-Off-White-01.webp","width":1400,"height":1400},{"@type":"BreadcrumbList","@id":"https:\/\/padelzoco.es\/product\/mochila-padel-adidas-multigame-ale-galan\/#breadcrumb","itemListElement":[{"@type":"ListItem","position":1,"name":"Home","item":"https:\/\/padelzoco.es\/"},{"@type":"ListItem","position":2,"name":"Padel Zoco","item":"https:\/\/padelzoco.es\/padel-zoco\/"},{"@type":"ListItem","position":3,"name":"Mochila p\u00e1del ADIDAS Multigame Ale Gal\u00e1n"}]},{"@type":"WebSite","@id":"https:\/\/padelzoco.es\/#website","url":"https:\/\/padelzoco.es\/","name":"Padel Zoco","description":"Padel Zoco | Spain","publisher":{"@id":"https:\/\/padelzoco.es\/#organization"},"potentialAction":[{"@type":"SearchAction","target":{"@type":"EntryPoint","urlTemplate":"https:\/\/padelzoco.es\/?s={search_term_string}"},"query-input":{"@type":"PropertyValueSpecification","valueRequired":true,"valueName":"search_term_string"}}],"inLanguage":"en-GB"},{"@type":"Organization","@id":"https:\/\/padelzoco.es\/#organization","name":"Padel Zoco","url":"https:\/\/padelzoco.es\/","logo":{"@type":"ImageObject","inLanguage":"en-GB","@id":"https:\/\/padelzoco.es\/#\/schema\/logo\/image\/","url":"https:\/\/padelzoco.es\/wp-content\/uploads\/2023\/11\/PadelZoco_Logo_black_white.webp","contentUrl":"https:\/\/padelzoco.es\/wp-content\/uploads\/2023\/11\/PadelZoco_Logo_black_white.webp","width":1500,"height":631,"caption":"Padel Zoco"},"image":{"@id":"https:\/\/padelzoco.es\/#\/schema\/logo\/image\/"}}]}},"_links":{"self":[{"href":"https:\/\/padelzoco.es\/en\/wp-json\/wp\/v2\/product\/28513","targetHints":{"allow":["GET"]}}],"collection":[{"href":"https:\/\/padelzoco.es\/en\/wp-json\/wp\/v2\/product"}],"about":[{"href":"https:\/\/padelzoco.es\/en\/wp-json\/wp\/v2\/types\/product"}],"version-history":[{"count":5,"href":"https:\/\/padelzoco.es\/en\/wp-json\/wp\/v2\/product\/28513\/revisions"}],"predecessor-version":[{"id":32555,"href":"https:\/\/padelzoco.es\/en\/wp-json\/wp\/v2\/product\/28513\/revisions\/32555"}],"wp:featuredmedia":[{"embeddable":true,"href":"https:\/\/padelzoco.es\/en\/wp-json\/wp\/v2\/media\/32471"}],"wp:attachment":[{"href":"https:\/\/padelzoco.es\/en\/wp-json\/wp\/v2\/media?parent=28513"}],"wp:term":[{"taxonomy":"product_brand","embeddable":true,"href":"https:\/\/padelzoco.es\/en\/wp-json\/wp\/v2\/product_brand?post=28513"},{"taxonomy":"product_cat","embeddable":true,"href":"https:\/\/padelzoco.es\/en\/wp-json\/wp\/v2\/product_cat?post=28513"},{"taxonomy":"product_tag","embeddable":true,"href":"https:\/\/padelzoco.es\/en\/wp-json\/wp\/v2\/product_tag?post=28513"}],"curies":[{"name":"wp","href":"https:\/\/api.w.org\/{rel}","templated":true}]}}