{"id":28517,"date":"2025-10-20T16:24:30","date_gmt":"2025-10-20T15:24:30","guid":{"rendered":"https:\/\/padelzoco.es\/?post_type=product&#038;p=28517"},"modified":"2026-04-30T19:17:06","modified_gmt":"2026-04-30T18:17:06","slug":"bolsa-zapatillero-padel-adidas-ale-galan","status":"publish","type":"product","link":"https:\/\/padelzoco.es\/en\/product\/bolsa-zapatillero-padel-adidas-ale-galan\/","title":{"rendered":"Bolsa zapatillero p\u00e1del ADIDAS Ale Gal\u00e1n"},"content":{"rendered":"<p data-start=\"675\" data-end=\"942\">La <strong data-start=\"678\" data-end=\"729\">bolsa para zapatillas de p\u00e1del ADIDAS Ale Gal\u00e1n<\/strong> est\u00e1 dise\u00f1ada para jugadores que buscan una soluci\u00f3n pr\u00e1ctica y resistente para transportar su calzado deportivo. Fabricada con <strong data-start=\"858\" data-end=\"888\">materiales de alta calidad<\/strong>, garantiza durabilidad y protecci\u00f3n en el uso diario.<\/p>\n<p data-start=\"944\" data-end=\"1223\">Incorpora un <strong data-start=\"957\" data-end=\"990\">panel de ventilaci\u00f3n de malla<\/strong> que favorece la transpiraci\u00f3n y ayuda a mantener las zapatillas frescas, evitando la acumulaci\u00f3n de humedad y malos olores. Su <strong data-start=\"1118\" data-end=\"1145\">apertura con cremallera<\/strong> permite un acceso r\u00e1pido y c\u00f3modo, ideal para entrenamientos y competiciones.<\/p>\n<p data-start=\"1225\" data-end=\"1458\">El <strong data-start=\"1228\" data-end=\"1266\">dise\u00f1o exclusivo en rojo Ale Gal\u00e1n<\/strong> refleja la est\u00e9tica profesional del jugador, aportando un estilo deportivo y moderno. Compacta y ligera, esta bolsa zapatillero es perfecta para llevar dentro del paletero o mochila de p\u00e1del.<\/p>\n<h2 data-start=\"1465\" data-end=\"1499\"><strong data-start=\"1468\" data-end=\"1499\">Caracter\u00edsticas principales<\/strong><\/h2>\n<ul data-start=\"1500\" data-end=\"1710\">\n<li data-start=\"1500\" data-end=\"1545\">\n<p data-start=\"1502\" data-end=\"1545\">Bolsa espec\u00edfica para zapatillas de p\u00e1del<\/p>\n<\/li>\n<li data-start=\"1546\" data-end=\"1580\">\n<p data-start=\"1548\" data-end=\"1580\">Material resistente y duradero<\/p>\n<\/li>\n<li data-start=\"1581\" data-end=\"1616\">\n<p data-start=\"1583\" data-end=\"1616\">Panel de malla para ventilaci\u00f3n<\/p>\n<\/li>\n<li data-start=\"1617\" data-end=\"1642\">\n<p data-start=\"1619\" data-end=\"1642\">Cierre con cremallera<\/p>\n<\/li>\n<li data-start=\"1643\" data-end=\"1680\">\n<p data-start=\"1645\" data-end=\"1680\">Dise\u00f1o exclusivo ADIDAS Ale Gal\u00e1n<\/p>\n<\/li>\n<li data-start=\"1681\" data-end=\"1710\">\n<p data-start=\"1683\" data-end=\"1710\">Formato compacto y ligero<\/p>\n<\/li>\n<\/ul>","protected":false},"excerpt":{"rendered":"<p>La <strong data-start=\"678\" data-end=\"729\">bolsa para zapatillas de p\u00e1del ADIDAS Ale Gal\u00e1n<\/strong> est\u00e1 dise\u00f1ada para jugadores que buscan una soluci\u00f3n pr\u00e1ctica y resistente para transportar su calzado deportivo. Fabricada con <strong data-start=\"858\" data-end=\"888\">materiales de alta calidad<\/strong>, garantiza durabilidad y protecci\u00f3n en el uso diario.<\/p>","protected":false},"featured_media":37437,"template":"","meta":[],"product_brand":[],"product_cat":[631,700,636,626],"product_tag":[],"class_list":{"0":"post-28517","1":"product","2":"type-product","3":"status-publish","4":"has-post-thumbnail","6":"product_cat-adidas-bolsas","7":"product_cat-adidas-padel","8":"product_cat-bolsa","9":"product_cat-bolsas","10":"pa_brand-adidas","11":"pa_hs_code-673","13":"first","14":"instock","15":"taxable","16":"shipping-taxable","17":"purchasable","18":"product-type-simple"},"yoast_head":"<!-- This site is optimized with the Yoast SEO plugin v27.5 - https:\/\/yoast.com\/product\/yoast-seo-wordpress\/ -->\n<title>Bolsa zapatillero p\u00e1del ADIDAS Ale Gal\u00e1n - Padel Zoco<\/title>\n<meta name=\"description\" content=\"Bolsa zapatillero p\u00e1del ADIDAS Ale Gal\u00e1n con panel de ventilaci\u00f3n y dise\u00f1o compacto para entrenamientos y torneos.\" \/>\n<meta name=\"robots\" content=\"index, follow, max-snippet:-1, max-image-preview:large, max-video-preview:-1\" \/>\n<link rel=\"canonical\" href=\"https:\/\/padelzoco.es\/en\/product\/bolsa-zapatillero-padel-adidas-ale-galan\/\" \/>\n<meta property=\"og:locale\" content=\"en_GB\" \/>\n<meta property=\"og:type\" content=\"article\" \/>\n<meta property=\"og:title\" content=\"Bolsa zapatillero p\u00e1del ADIDAS Ale Gal\u00e1n - Padel Zoco\" \/>\n<meta property=\"og:description\" content=\"Bolsa zapatillero p\u00e1del ADIDAS Ale Gal\u00e1n con panel de ventilaci\u00f3n y dise\u00f1o compacto para entrenamientos y torneos.\" \/>\n<meta property=\"og:url\" content=\"https:\/\/padelzoco.es\/en\/product\/bolsa-zapatillero-padel-adidas-ale-galan\/\" \/>\n<meta property=\"og:site_name\" content=\"Padel Zoco\" \/>\n<meta property=\"article:modified_time\" content=\"2026-04-30T18:17:06+00:00\" \/>\n<meta property=\"og:image\" content=\"https:\/\/padelzoco.es\/wp-content\/uploads\/2025\/10\/ADIDAS-Toiletry-Padel-Bag-Ale-Galan-2026-Red-01.webp\" \/>\n\t<meta property=\"og:image:width\" content=\"1400\" \/>\n\t<meta property=\"og:image:height\" content=\"1400\" \/>\n\t<meta property=\"og:image:type\" content=\"image\/webp\" \/>\n<meta name=\"twitter:card\" content=\"summary_large_image\" \/>\n<meta name=\"twitter:label1\" content=\"Estimated reading time\" \/>\n\t<meta name=\"twitter:data1\" content=\"1 minute\" \/>\n<script type=\"application\/ld+json\" class=\"yoast-schema-graph\">{\"@context\":\"https:\\\/\\\/schema.org\",\"@graph\":[{\"@type\":\"WebPage\",\"@id\":\"https:\\\/\\\/padelzoco.es\\\/product\\\/bolsa-zapatillero-padel-adidas-ale-galan\\\/\",\"url\":\"https:\\\/\\\/padelzoco.es\\\/product\\\/bolsa-zapatillero-padel-adidas-ale-galan\\\/\",\"name\":\"Bolsa zapatillero p\u00e1del ADIDAS Ale Gal\u00e1n - Padel Zoco\",\"isPartOf\":{\"@id\":\"https:\\\/\\\/padelzoco.es\\\/#website\"},\"primaryImageOfPage\":{\"@id\":\"https:\\\/\\\/padelzoco.es\\\/product\\\/bolsa-zapatillero-padel-adidas-ale-galan\\\/#primaryimage\"},\"image\":{\"@id\":\"https:\\\/\\\/padelzoco.es\\\/product\\\/bolsa-zapatillero-padel-adidas-ale-galan\\\/#primaryimage\"},\"thumbnailUrl\":\"https:\\\/\\\/padelzoco.es\\\/wp-content\\\/uploads\\\/2025\\\/10\\\/ADIDAS-Toiletry-Padel-Bag-Ale-Galan-2026-Red-01.webp\",\"datePublished\":\"2025-10-20T15:24:30+00:00\",\"dateModified\":\"2026-04-30T18:17:06+00:00\",\"description\":\"Bolsa zapatillero p\u00e1del ADIDAS Ale Gal\u00e1n con panel de ventilaci\u00f3n y dise\u00f1o compacto para entrenamientos y torneos.\",\"breadcrumb\":{\"@id\":\"https:\\\/\\\/padelzoco.es\\\/product\\\/bolsa-zapatillero-padel-adidas-ale-galan\\\/#breadcrumb\"},\"inLanguage\":\"en-GB\",\"potentialAction\":[{\"@type\":\"ReadAction\",\"target\":[\"https:\\\/\\\/padelzoco.es\\\/product\\\/bolsa-zapatillero-padel-adidas-ale-galan\\\/\"]}]},{\"@type\":\"ImageObject\",\"inLanguage\":\"en-GB\",\"@id\":\"https:\\\/\\\/padelzoco.es\\\/product\\\/bolsa-zapatillero-padel-adidas-ale-galan\\\/#primaryimage\",\"url\":\"https:\\\/\\\/padelzoco.es\\\/wp-content\\\/uploads\\\/2025\\\/10\\\/ADIDAS-Toiletry-Padel-Bag-Ale-Galan-2026-Red-01.webp\",\"contentUrl\":\"https:\\\/\\\/padelzoco.es\\\/wp-content\\\/uploads\\\/2025\\\/10\\\/ADIDAS-Toiletry-Padel-Bag-Ale-Galan-2026-Red-01.webp\",\"width\":1400,\"height\":1400,\"caption\":\"ADIDAS Toiletry Padel Bag Ale Gal\u00e1n 2026 Red 01\"},{\"@type\":\"BreadcrumbList\",\"@id\":\"https:\\\/\\\/padelzoco.es\\\/product\\\/bolsa-zapatillero-padel-adidas-ale-galan\\\/#breadcrumb\",\"itemListElement\":[{\"@type\":\"ListItem\",\"position\":1,\"name\":\"Home\",\"item\":\"https:\\\/\\\/padelzoco.es\\\/\"},{\"@type\":\"ListItem\",\"position\":2,\"name\":\"Padel Zoco\",\"item\":\"https:\\\/\\\/padelzoco.es\\\/padel-zoco\\\/\"},{\"@type\":\"ListItem\",\"position\":3,\"name\":\"Bolsa zapatillero p\u00e1del ADIDAS Ale Gal\u00e1n\"}]},{\"@type\":\"WebSite\",\"@id\":\"https:\\\/\\\/padelzoco.es\\\/#website\",\"url\":\"https:\\\/\\\/padelzoco.es\\\/\",\"name\":\"Padel Zoco\",\"description\":\"Padel Zoco | Spain\",\"publisher\":{\"@id\":\"https:\\\/\\\/padelzoco.es\\\/#organization\"},\"potentialAction\":[{\"@type\":\"SearchAction\",\"target\":{\"@type\":\"EntryPoint\",\"urlTemplate\":\"https:\\\/\\\/padelzoco.es\\\/?s={search_term_string}\"},\"query-input\":{\"@type\":\"PropertyValueSpecification\",\"valueRequired\":true,\"valueName\":\"search_term_string\"}}],\"inLanguage\":\"en-GB\"},{\"@type\":\"Organization\",\"@id\":\"https:\\\/\\\/padelzoco.es\\\/#organization\",\"name\":\"Padel Zoco\",\"url\":\"https:\\\/\\\/padelzoco.es\\\/\",\"logo\":{\"@type\":\"ImageObject\",\"inLanguage\":\"en-GB\",\"@id\":\"https:\\\/\\\/padelzoco.es\\\/#\\\/schema\\\/logo\\\/image\\\/\",\"url\":\"https:\\\/\\\/padelzoco.es\\\/wp-content\\\/uploads\\\/2023\\\/11\\\/PadelZoco_Logo_black_white.webp\",\"contentUrl\":\"https:\\\/\\\/padelzoco.es\\\/wp-content\\\/uploads\\\/2023\\\/11\\\/PadelZoco_Logo_black_white.webp\",\"width\":1500,\"height\":631,\"caption\":\"Padel Zoco\"},\"image\":{\"@id\":\"https:\\\/\\\/padelzoco.es\\\/#\\\/schema\\\/logo\\\/image\\\/\"}}]}<\/script>\n<!-- \/ Yoast SEO plugin. -->","yoast_head_json":{"title":"Bolsa zapatillero p\u00e1del ADIDAS Ale Gal\u00e1n - Padel Zoco","description":"Bolsa zapatillero p\u00e1del ADIDAS Ale Gal\u00e1n con panel de ventilaci\u00f3n y dise\u00f1o compacto para entrenamientos y torneos.","robots":{"index":"index","follow":"follow","max-snippet":"max-snippet:-1","max-image-preview":"max-image-preview:large","max-video-preview":"max-video-preview:-1"},"canonical":"https:\/\/padelzoco.es\/en\/product\/bolsa-zapatillero-padel-adidas-ale-galan\/","og_locale":"en_GB","og_type":"article","og_title":"Bolsa zapatillero p\u00e1del ADIDAS Ale Gal\u00e1n - Padel Zoco","og_description":"Bolsa zapatillero p\u00e1del ADIDAS Ale Gal\u00e1n con panel de ventilaci\u00f3n y dise\u00f1o compacto para entrenamientos y torneos.","og_url":"https:\/\/padelzoco.es\/en\/product\/bolsa-zapatillero-padel-adidas-ale-galan\/","og_site_name":"Padel Zoco","article_modified_time":"2026-04-30T18:17:06+00:00","og_image":[{"width":1400,"height":1400,"url":"https:\/\/padelzoco.es\/wp-content\/uploads\/2025\/10\/ADIDAS-Toiletry-Padel-Bag-Ale-Galan-2026-Red-01.webp","type":"image\/webp"}],"twitter_card":"summary_large_image","twitter_misc":{"Estimated reading time":"1 minute"},"schema":{"@context":"https:\/\/schema.org","@graph":[{"@type":"WebPage","@id":"https:\/\/padelzoco.es\/product\/bolsa-zapatillero-padel-adidas-ale-galan\/","url":"https:\/\/padelzoco.es\/product\/bolsa-zapatillero-padel-adidas-ale-galan\/","name":"Bolsa zapatillero p\u00e1del ADIDAS Ale Gal\u00e1n - Padel Zoco","isPartOf":{"@id":"https:\/\/padelzoco.es\/#website"},"primaryImageOfPage":{"@id":"https:\/\/padelzoco.es\/product\/bolsa-zapatillero-padel-adidas-ale-galan\/#primaryimage"},"image":{"@id":"https:\/\/padelzoco.es\/product\/bolsa-zapatillero-padel-adidas-ale-galan\/#primaryimage"},"thumbnailUrl":"https:\/\/padelzoco.es\/wp-content\/uploads\/2025\/10\/ADIDAS-Toiletry-Padel-Bag-Ale-Galan-2026-Red-01.webp","datePublished":"2025-10-20T15:24:30+00:00","dateModified":"2026-04-30T18:17:06+00:00","description":"Bolsa zapatillero p\u00e1del ADIDAS Ale Gal\u00e1n con panel de ventilaci\u00f3n y dise\u00f1o compacto para entrenamientos y torneos.","breadcrumb":{"@id":"https:\/\/padelzoco.es\/product\/bolsa-zapatillero-padel-adidas-ale-galan\/#breadcrumb"},"inLanguage":"en-GB","potentialAction":[{"@type":"ReadAction","target":["https:\/\/padelzoco.es\/product\/bolsa-zapatillero-padel-adidas-ale-galan\/"]}]},{"@type":"ImageObject","inLanguage":"en-GB","@id":"https:\/\/padelzoco.es\/product\/bolsa-zapatillero-padel-adidas-ale-galan\/#primaryimage","url":"https:\/\/padelzoco.es\/wp-content\/uploads\/2025\/10\/ADIDAS-Toiletry-Padel-Bag-Ale-Galan-2026-Red-01.webp","contentUrl":"https:\/\/padelzoco.es\/wp-content\/uploads\/2025\/10\/ADIDAS-Toiletry-Padel-Bag-Ale-Galan-2026-Red-01.webp","width":1400,"height":1400,"caption":"ADIDAS Toiletry Padel Bag Ale Gal\u00e1n 2026 Red 01"},{"@type":"BreadcrumbList","@id":"https:\/\/padelzoco.es\/product\/bolsa-zapatillero-padel-adidas-ale-galan\/#breadcrumb","itemListElement":[{"@type":"ListItem","position":1,"name":"Home","item":"https:\/\/padelzoco.es\/"},{"@type":"ListItem","position":2,"name":"Padel Zoco","item":"https:\/\/padelzoco.es\/padel-zoco\/"},{"@type":"ListItem","position":3,"name":"Bolsa zapatillero p\u00e1del ADIDAS Ale Gal\u00e1n"}]},{"@type":"WebSite","@id":"https:\/\/padelzoco.es\/#website","url":"https:\/\/padelzoco.es\/","name":"Padel Zoco","description":"Padel Zoco | Spain","publisher":{"@id":"https:\/\/padelzoco.es\/#organization"},"potentialAction":[{"@type":"SearchAction","target":{"@type":"EntryPoint","urlTemplate":"https:\/\/padelzoco.es\/?s={search_term_string}"},"query-input":{"@type":"PropertyValueSpecification","valueRequired":true,"valueName":"search_term_string"}}],"inLanguage":"en-GB"},{"@type":"Organization","@id":"https:\/\/padelzoco.es\/#organization","name":"Padel Zoco","url":"https:\/\/padelzoco.es\/","logo":{"@type":"ImageObject","inLanguage":"en-GB","@id":"https:\/\/padelzoco.es\/#\/schema\/logo\/image\/","url":"https:\/\/padelzoco.es\/wp-content\/uploads\/2023\/11\/PadelZoco_Logo_black_white.webp","contentUrl":"https:\/\/padelzoco.es\/wp-content\/uploads\/2023\/11\/PadelZoco_Logo_black_white.webp","width":1500,"height":631,"caption":"Padel Zoco"},"image":{"@id":"https:\/\/padelzoco.es\/#\/schema\/logo\/image\/"}}]}},"_links":{"self":[{"href":"https:\/\/padelzoco.es\/en\/wp-json\/wp\/v2\/product\/28517","targetHints":{"allow":["GET"]}}],"collection":[{"href":"https:\/\/padelzoco.es\/en\/wp-json\/wp\/v2\/product"}],"about":[{"href":"https:\/\/padelzoco.es\/en\/wp-json\/wp\/v2\/types\/product"}],"version-history":[{"count":4,"href":"https:\/\/padelzoco.es\/en\/wp-json\/wp\/v2\/product\/28517\/revisions"}],"predecessor-version":[{"id":37438,"href":"https:\/\/padelzoco.es\/en\/wp-json\/wp\/v2\/product\/28517\/revisions\/37438"}],"wp:featuredmedia":[{"embeddable":true,"href":"https:\/\/padelzoco.es\/en\/wp-json\/wp\/v2\/media\/37437"}],"wp:attachment":[{"href":"https:\/\/padelzoco.es\/en\/wp-json\/wp\/v2\/media?parent=28517"}],"wp:term":[{"taxonomy":"product_brand","embeddable":true,"href":"https:\/\/padelzoco.es\/en\/wp-json\/wp\/v2\/product_brand?post=28517"},{"taxonomy":"product_cat","embeddable":true,"href":"https:\/\/padelzoco.es\/en\/wp-json\/wp\/v2\/product_cat?post=28517"},{"taxonomy":"product_tag","embeddable":true,"href":"https:\/\/padelzoco.es\/en\/wp-json\/wp\/v2\/product_tag?post=28517"}],"curies":[{"name":"wp","href":"https:\/\/api.w.org\/{rel}","templated":true}]}}