{"id":28824,"date":"2025-10-26T02:00:44","date_gmt":"2025-10-26T01:00:44","guid":{"rendered":"https:\/\/padelzoco.es\/?post_type=product&#038;p=28824"},"modified":"2026-03-12T11:01:39","modified_gmt":"2026-03-12T10:01:39","slug":"pala-padel-siux-diablo-elite-2026","status":"publish","type":"product","link":"https:\/\/padelzoco.es\/en\/product\/pala-padel-siux-diablo-elite-2026\/","title":{"rendered":"Siux Diablo Elite 2026 Padel Racket"},"content":{"rendered":"<p>The Siux Diablo Elite 2026 padel racket is designed for players who value comfort, precision, and ease of play. Made with a 3K carbon face, this racket offers the perfect combination of flexibility and responsiveness, allowing for consistent control across the entire hitting surface. Its rounded shape and low balance enhance maneuverability, making it ideal for players who prefer a defensive or tactical style of play.<\/p>\n<p>The soft EVA core ensures excellent vibration absorption and a smooth, forgiving feel on every shot. With its 3D matte finish, the Diablo Elite provides greater spin and durability, maintaining peak performance match after match. Whether you're improving your technique or looking for a comfortable racket to develop your skills, the Diablo Elite offers confidence and consistency on every point.<\/p>\n<p><strong>Features<\/strong><\/p>\n<ul>\n<li>3K Carbon Face: Offers durability, flexibility, and enhanced shot control.<\/li>\n<li>Soft EVA Core: Absorbs vibrations for greater comfort and stability.<\/li>\n<li>Rounded shape and low balance: prioritizes control and easy maneuverability.<\/li>\n<li>Matte + 3D finish: adds texture to enhance the effect and surface durability.<\/li>\n<\/ul>","protected":false},"excerpt":{"rendered":"<p>The Siux Diablo Elite 2026 padel racket offers exceptional comfort and control for beginner and intermediate players. Made with a 3K carbon face, EVA core, and rounded shape for greater stability and precision, it guarantees smooth handling and reduced vibrations for confident performance in every rally.<\/p>\n<ul>\n<li>Round Padel Racket<\/li>\n<li>Control Padel Racket<\/li>\n<li>Beginner Intermediate Padel Racket<\/li>\n<\/ul>","protected":false},"featured_media":30744,"template":"","meta":[],"product_brand":[],"product_cat":[589,581,585,590,580,776],"product_tag":[],"class_list":{"0":"post-28824","1":"product","2":"type-product","3":"status-publish","4":"has-post-thumbnail","6":"product_cat-hombre-palas","7":"product_cat-intermedio-palas","8":"product_cat-lagrima-palas","9":"product_cat-mujer-palas","10":"product_cat-principiante-palas","11":"product_cat-siux_-pala","12":"pa_brand-siux","13":"pa_hs_code-134","15":"first","16":"instock","17":"sale","18":"taxable","19":"shipping-taxable","20":"purchasable","21":"product-type-simple"},"yoast_head":"<!-- This site is optimized with the Yoast SEO plugin v27.3 - https:\/\/yoast.com\/product\/yoast-seo-wordpress\/ -->\n<title>Pala Padel Siux Diablo Elite 2026 - Padel Zoco<\/title>\n<meta name=\"description\" content=\"La Siux Diablo Elite 2026 ofrece un control excepcional gracias a su forma redonda, equilibrio bajo y n\u00facleo de EVA blando que aporta gran comodidad y absorci\u00f3n de vibraciones. Su carbono 3K y acabado mate 3D mejoran la respuesta, el efecto y la durabilidad para un juego t\u00e1ctico y preciso.\" \/>\n<meta name=\"robots\" content=\"index, follow, max-snippet:-1, max-image-preview:large, max-video-preview:-1\" \/>\n<link rel=\"canonical\" href=\"https:\/\/padelzoco.es\/en\/product\/pala-padel-siux-diablo-elite-2026\/\" \/>\n<meta property=\"og:locale\" content=\"en_GB\" \/>\n<meta property=\"og:type\" content=\"article\" \/>\n<meta property=\"og:title\" content=\"Pala Padel Siux Diablo Elite 2026 - Padel Zoco\" \/>\n<meta property=\"og:description\" content=\"La Siux Diablo Elite 2026 ofrece un control excepcional gracias a su forma redonda, equilibrio bajo y n\u00facleo de EVA blando que aporta gran comodidad y absorci\u00f3n de vibraciones. Su carbono 3K y acabado mate 3D mejoran la respuesta, el efecto y la durabilidad para un juego t\u00e1ctico y preciso.\" \/>\n<meta property=\"og:url\" content=\"https:\/\/padelzoco.es\/en\/product\/pala-padel-siux-diablo-elite-2026\/\" \/>\n<meta property=\"og:site_name\" content=\"Padel Zoco\" \/>\n<meta property=\"article:modified_time\" content=\"2026-03-12T10:01:39+00:00\" \/>\n<meta property=\"og:image\" content=\"https:\/\/padelzoco.es\/wp-content\/uploads\/2025\/10\/SIUX-Diablo-Elite-2026-Padel-Racket-08.webp\" \/>\n\t<meta property=\"og:image:width\" content=\"1400\" \/>\n\t<meta property=\"og:image:height\" content=\"1400\" \/>\n\t<meta property=\"og:image:type\" content=\"image\/webp\" \/>\n<meta name=\"twitter:card\" content=\"summary_large_image\" \/>\n<meta name=\"twitter:label1\" content=\"Estimated reading time\" \/>\n\t<meta name=\"twitter:data1\" content=\"2 minutes\" \/>\n<script type=\"application\/ld+json\" class=\"yoast-schema-graph\">{\"@context\":\"https:\\\/\\\/schema.org\",\"@graph\":[{\"@type\":\"WebPage\",\"@id\":\"https:\\\/\\\/padelzoco.es\\\/product\\\/pala-padel-siux-diablo-elite-2026\\\/\",\"url\":\"https:\\\/\\\/padelzoco.es\\\/product\\\/pala-padel-siux-diablo-elite-2026\\\/\",\"name\":\"Pala Padel Siux Diablo Elite 2026 - Padel Zoco\",\"isPartOf\":{\"@id\":\"https:\\\/\\\/padelzoco.es\\\/#website\"},\"primaryImageOfPage\":{\"@id\":\"https:\\\/\\\/padelzoco.es\\\/product\\\/pala-padel-siux-diablo-elite-2026\\\/#primaryimage\"},\"image\":{\"@id\":\"https:\\\/\\\/padelzoco.es\\\/product\\\/pala-padel-siux-diablo-elite-2026\\\/#primaryimage\"},\"thumbnailUrl\":\"https:\\\/\\\/padelzoco.es\\\/wp-content\\\/uploads\\\/2025\\\/10\\\/SIUX-Diablo-Elite-2026-Padel-Racket-08.webp\",\"datePublished\":\"2025-10-26T01:00:44+00:00\",\"dateModified\":\"2026-03-12T10:01:39+00:00\",\"description\":\"La Siux Diablo Elite 2026 ofrece un control excepcional gracias a su forma redonda, equilibrio bajo y n\u00facleo de EVA blando que aporta gran comodidad y absorci\u00f3n de vibraciones. Su carbono 3K y acabado mate 3D mejoran la respuesta, el efecto y la durabilidad para un juego t\u00e1ctico y preciso.\",\"breadcrumb\":{\"@id\":\"https:\\\/\\\/padelzoco.es\\\/product\\\/pala-padel-siux-diablo-elite-2026\\\/#breadcrumb\"},\"inLanguage\":\"en-GB\",\"potentialAction\":[{\"@type\":\"ReadAction\",\"target\":[\"https:\\\/\\\/padelzoco.es\\\/product\\\/pala-padel-siux-diablo-elite-2026\\\/\"]}]},{\"@type\":\"ImageObject\",\"inLanguage\":\"en-GB\",\"@id\":\"https:\\\/\\\/padelzoco.es\\\/product\\\/pala-padel-siux-diablo-elite-2026\\\/#primaryimage\",\"url\":\"https:\\\/\\\/padelzoco.es\\\/wp-content\\\/uploads\\\/2025\\\/10\\\/SIUX-Diablo-Elite-2026-Padel-Racket-08.webp\",\"contentUrl\":\"https:\\\/\\\/padelzoco.es\\\/wp-content\\\/uploads\\\/2025\\\/10\\\/SIUX-Diablo-Elite-2026-Padel-Racket-08.webp\",\"width\":1400,\"height\":1400,\"caption\":\"SIUX Diablo Elite 2026 Padel Racket 08\"},{\"@type\":\"BreadcrumbList\",\"@id\":\"https:\\\/\\\/padelzoco.es\\\/product\\\/pala-padel-siux-diablo-elite-2026\\\/#breadcrumb\",\"itemListElement\":[{\"@type\":\"ListItem\",\"position\":1,\"name\":\"Home\",\"item\":\"https:\\\/\\\/padelzoco.es\\\/\"},{\"@type\":\"ListItem\",\"position\":2,\"name\":\"Padel Zoco\",\"item\":\"https:\\\/\\\/padelzoco.es\\\/padel-zoco\\\/\"},{\"@type\":\"ListItem\",\"position\":3,\"name\":\"Pala Padel Siux Diablo Elite 2026\"}]},{\"@type\":\"WebSite\",\"@id\":\"https:\\\/\\\/padelzoco.es\\\/#website\",\"url\":\"https:\\\/\\\/padelzoco.es\\\/\",\"name\":\"Padel Zoco\",\"description\":\"Padel Zoco | Spain\",\"publisher\":{\"@id\":\"https:\\\/\\\/padelzoco.es\\\/#organization\"},\"potentialAction\":[{\"@type\":\"SearchAction\",\"target\":{\"@type\":\"EntryPoint\",\"urlTemplate\":\"https:\\\/\\\/padelzoco.es\\\/?s={search_term_string}\"},\"query-input\":{\"@type\":\"PropertyValueSpecification\",\"valueRequired\":true,\"valueName\":\"search_term_string\"}}],\"inLanguage\":\"en-GB\"},{\"@type\":\"Organization\",\"@id\":\"https:\\\/\\\/padelzoco.es\\\/#organization\",\"name\":\"Padel Zoco\",\"url\":\"https:\\\/\\\/padelzoco.es\\\/\",\"logo\":{\"@type\":\"ImageObject\",\"inLanguage\":\"en-GB\",\"@id\":\"https:\\\/\\\/padelzoco.es\\\/#\\\/schema\\\/logo\\\/image\\\/\",\"url\":\"https:\\\/\\\/padelzoco.es\\\/wp-content\\\/uploads\\\/2023\\\/11\\\/PadelZoco_Logo_black_white.webp\",\"contentUrl\":\"https:\\\/\\\/padelzoco.es\\\/wp-content\\\/uploads\\\/2023\\\/11\\\/PadelZoco_Logo_black_white.webp\",\"width\":1500,\"height\":631,\"caption\":\"Padel Zoco\"},\"image\":{\"@id\":\"https:\\\/\\\/padelzoco.es\\\/#\\\/schema\\\/logo\\\/image\\\/\"}}]}<\/script>\n<!-- \/ Yoast SEO plugin. -->","yoast_head_json":{"title":"Pala Padel Siux Diablo Elite 2026 - Padel Zoco","description":"La Siux Diablo Elite 2026 ofrece un control excepcional gracias a su forma redonda, equilibrio bajo y n\u00facleo de EVA blando que aporta gran comodidad y absorci\u00f3n de vibraciones. Su carbono 3K y acabado mate 3D mejoran la respuesta, el efecto y la durabilidad para un juego t\u00e1ctico y preciso.","robots":{"index":"index","follow":"follow","max-snippet":"max-snippet:-1","max-image-preview":"max-image-preview:large","max-video-preview":"max-video-preview:-1"},"canonical":"https:\/\/padelzoco.es\/en\/product\/pala-padel-siux-diablo-elite-2026\/","og_locale":"en_GB","og_type":"article","og_title":"Pala Padel Siux Diablo Elite 2026 - Padel Zoco","og_description":"La Siux Diablo Elite 2026 ofrece un control excepcional gracias a su forma redonda, equilibrio bajo y n\u00facleo de EVA blando que aporta gran comodidad y absorci\u00f3n de vibraciones. Su carbono 3K y acabado mate 3D mejoran la respuesta, el efecto y la durabilidad para un juego t\u00e1ctico y preciso.","og_url":"https:\/\/padelzoco.es\/en\/product\/pala-padel-siux-diablo-elite-2026\/","og_site_name":"Padel Zoco","article_modified_time":"2026-03-12T10:01:39+00:00","og_image":[{"width":1400,"height":1400,"url":"https:\/\/padelzoco.es\/wp-content\/uploads\/2025\/10\/SIUX-Diablo-Elite-2026-Padel-Racket-08.webp","type":"image\/webp"}],"twitter_card":"summary_large_image","twitter_misc":{"Estimated reading time":"2 minutes"},"schema":{"@context":"https:\/\/schema.org","@graph":[{"@type":"WebPage","@id":"https:\/\/padelzoco.es\/product\/pala-padel-siux-diablo-elite-2026\/","url":"https:\/\/padelzoco.es\/product\/pala-padel-siux-diablo-elite-2026\/","name":"Pala Padel Siux Diablo Elite 2026 - Padel Zoco","isPartOf":{"@id":"https:\/\/padelzoco.es\/#website"},"primaryImageOfPage":{"@id":"https:\/\/padelzoco.es\/product\/pala-padel-siux-diablo-elite-2026\/#primaryimage"},"image":{"@id":"https:\/\/padelzoco.es\/product\/pala-padel-siux-diablo-elite-2026\/#primaryimage"},"thumbnailUrl":"https:\/\/padelzoco.es\/wp-content\/uploads\/2025\/10\/SIUX-Diablo-Elite-2026-Padel-Racket-08.webp","datePublished":"2025-10-26T01:00:44+00:00","dateModified":"2026-03-12T10:01:39+00:00","description":"La Siux Diablo Elite 2026 ofrece un control excepcional gracias a su forma redonda, equilibrio bajo y n\u00facleo de EVA blando que aporta gran comodidad y absorci\u00f3n de vibraciones. Su carbono 3K y acabado mate 3D mejoran la respuesta, el efecto y la durabilidad para un juego t\u00e1ctico y preciso.","breadcrumb":{"@id":"https:\/\/padelzoco.es\/product\/pala-padel-siux-diablo-elite-2026\/#breadcrumb"},"inLanguage":"en-GB","potentialAction":[{"@type":"ReadAction","target":["https:\/\/padelzoco.es\/product\/pala-padel-siux-diablo-elite-2026\/"]}]},{"@type":"ImageObject","inLanguage":"en-GB","@id":"https:\/\/padelzoco.es\/product\/pala-padel-siux-diablo-elite-2026\/#primaryimage","url":"https:\/\/padelzoco.es\/wp-content\/uploads\/2025\/10\/SIUX-Diablo-Elite-2026-Padel-Racket-08.webp","contentUrl":"https:\/\/padelzoco.es\/wp-content\/uploads\/2025\/10\/SIUX-Diablo-Elite-2026-Padel-Racket-08.webp","width":1400,"height":1400,"caption":"SIUX Diablo Elite 2026 Padel Racket 08"},{"@type":"BreadcrumbList","@id":"https:\/\/padelzoco.es\/product\/pala-padel-siux-diablo-elite-2026\/#breadcrumb","itemListElement":[{"@type":"ListItem","position":1,"name":"Home","item":"https:\/\/padelzoco.es\/"},{"@type":"ListItem","position":2,"name":"Padel Zoco","item":"https:\/\/padelzoco.es\/padel-zoco\/"},{"@type":"ListItem","position":3,"name":"Pala Padel Siux Diablo Elite 2026"}]},{"@type":"WebSite","@id":"https:\/\/padelzoco.es\/#website","url":"https:\/\/padelzoco.es\/","name":"Padel Zoco","description":"Padel Zoco | Spain","publisher":{"@id":"https:\/\/padelzoco.es\/#organization"},"potentialAction":[{"@type":"SearchAction","target":{"@type":"EntryPoint","urlTemplate":"https:\/\/padelzoco.es\/?s={search_term_string}"},"query-input":{"@type":"PropertyValueSpecification","valueRequired":true,"valueName":"search_term_string"}}],"inLanguage":"en-GB"},{"@type":"Organization","@id":"https:\/\/padelzoco.es\/#organization","name":"Padel Zoco","url":"https:\/\/padelzoco.es\/","logo":{"@type":"ImageObject","inLanguage":"en-GB","@id":"https:\/\/padelzoco.es\/#\/schema\/logo\/image\/","url":"https:\/\/padelzoco.es\/wp-content\/uploads\/2023\/11\/PadelZoco_Logo_black_white.webp","contentUrl":"https:\/\/padelzoco.es\/wp-content\/uploads\/2023\/11\/PadelZoco_Logo_black_white.webp","width":1500,"height":631,"caption":"Padel Zoco"},"image":{"@id":"https:\/\/padelzoco.es\/#\/schema\/logo\/image\/"}}]}},"_links":{"self":[{"href":"https:\/\/padelzoco.es\/en\/wp-json\/wp\/v2\/product\/28824","targetHints":{"allow":["GET"]}}],"collection":[{"href":"https:\/\/padelzoco.es\/en\/wp-json\/wp\/v2\/product"}],"about":[{"href":"https:\/\/padelzoco.es\/en\/wp-json\/wp\/v2\/types\/product"}],"version-history":[{"count":5,"href":"https:\/\/padelzoco.es\/en\/wp-json\/wp\/v2\/product\/28824\/revisions"}],"predecessor-version":[{"id":30754,"href":"https:\/\/padelzoco.es\/en\/wp-json\/wp\/v2\/product\/28824\/revisions\/30754"}],"wp:featuredmedia":[{"embeddable":true,"href":"https:\/\/padelzoco.es\/en\/wp-json\/wp\/v2\/media\/30744"}],"wp:attachment":[{"href":"https:\/\/padelzoco.es\/en\/wp-json\/wp\/v2\/media?parent=28824"}],"wp:term":[{"taxonomy":"product_brand","embeddable":true,"href":"https:\/\/padelzoco.es\/en\/wp-json\/wp\/v2\/product_brand?post=28824"},{"taxonomy":"product_cat","embeddable":true,"href":"https:\/\/padelzoco.es\/en\/wp-json\/wp\/v2\/product_cat?post=28824"},{"taxonomy":"product_tag","embeddable":true,"href":"https:\/\/padelzoco.es\/en\/wp-json\/wp\/v2\/product_tag?post=28824"}],"curies":[{"name":"wp","href":"https:\/\/api.w.org\/{rel}","templated":true}]}}