{"id":30325,"date":"2025-12-11T12:34:28","date_gmt":"2025-12-11T11:34:28","guid":{"rendered":"https:\/\/padelzoco.es\/?post_type=product&#038;p=30325"},"modified":"2026-05-12T12:10:15","modified_gmt":"2026-05-12T11:10:15","slug":"royal-padel-r-ace-2026-padel-racket","status":"publish","type":"product","link":"https:\/\/padelzoco.es\/en\/product\/royal-padel-r-ace-2026-padel-racket\/","title":{"rendered":"Pala De Padel Royal Padel R-ACE 2026"},"content":{"rendered":"<div class=\"flex flex-col text-sm pb-25\">\n<section class=\"text-token-text-primary w-full focus:outline-none [--shadow-height:45px] has-data-writing-block:pointer-events-none has-data-writing-block:-mt-(--shadow-height) has-data-writing-block:pt-(--shadow-height) [&amp;:has([data-writing-block])&gt;*]:pointer-events-auto scroll-mt-[calc(var(--header-height)+min(200px,max(70px,20svh)))]\" dir=\"auto\" data-turn-id=\"request-69aec6f8-1ed8-838f-be1a-d53e25acb648-37\" data-testid=\"conversation-turn-184\" data-scroll-anchor=\"true\" data-turn=\"assistant\">\n<div class=\"text-base my-auto mx-auto pb-10 [--thread-content-margin:var(--thread-content-margin-xs,calc(var(--spacing)*4))] @w-sm\/main:[--thread-content-margin:var(--thread-content-margin-sm,calc(var(--spacing)*6))] @w-lg\/main:[--thread-content-margin:var(--thread-content-margin-lg,calc(var(--spacing)*16))] px-(--thread-content-margin)\">\n<div class=\"[--thread-content-max-width:40rem] @w-lg\/main:[--thread-content-max-width:48rem] mx-auto max-w-(--thread-content-max-width) flex-1 group\/turn-messages focus-visible:outline-hidden relative flex w-full min-w-0 flex-col agent-turn\">\n<div class=\"flex max-w-full flex-col gap-4 grow\">\n<div class=\"min-h-8 text-message relative flex w-full flex-col items-end gap-2 text-start break-words whitespace-normal outline-none keyboard-focused:focus-ring [.text-message+&amp;]:mt-1\" dir=\"auto\" tabindex=\"0\" data-message-author-role=\"assistant\" data-message-id=\"4cb17fba-5da3-42a2-b960-ef26f589d241\" data-message-model-slug=\"gpt-5-3-mini\" data-turn-start-message=\"true\">\n<div class=\"flex w-full flex-col gap-1 empty:hidden\">\n<div class=\"markdown prose dark:prose-invert w-full wrap-break-word light markdown-new-styling\">\n<p data-start=\"0\" data-end=\"289\">La <strong data-start=\"3\" data-end=\"43\">pala de p\u00e1del Royal Padel R ACE 2026<\/strong> est\u00e1 dise\u00f1ada para jugadores que priorizan la m\u00e1xima potencia y un rendimiento agresivo. Desarrollada junto a jugadores profesionales, esta pala est\u00e1 pensada para dominar el juego ofensivo con una respuesta explosiva y precisi\u00f3n en cada golpe.<\/p>\n<p data-start=\"291\" data-end=\"327\"><strong data-start=\"291\" data-end=\"325\">M\u00e1ximo rendimiento de potencia<\/strong><\/p>\n<p data-start=\"329\" data-end=\"582\">Con forma de diamante y balance alto, la <strong data-start=\"370\" data-end=\"384\">R ACE 2026<\/strong> se centra en ofrecer potencia m\u00e1xima. Destaca en golpes por encima de la cabeza, remates y juego en la red, siendo la herramienta perfecta para jugadores ofensivos que quieren dominar cada punto.<\/p>\n<p data-start=\"584\" data-end=\"616\"><strong data-start=\"584\" data-end=\"614\">Construcci\u00f3n en carbono 3K<\/strong><\/p>\n<p data-start=\"618\" data-end=\"844\">La estructura completa de carbono 3K en caras y marco garantiza una durabilidad y resistencia excepcionales. Esta construcci\u00f3n premium mejora la transferencia de potencia manteniendo estabilidad en golpes de alta intensidad.<\/p>\n<p data-start=\"846\" data-end=\"871\"><strong data-start=\"846\" data-end=\"869\">N\u00facleo EVA Mid Hard<\/strong><\/p>\n<p data-start=\"873\" data-end=\"1092\">El n\u00facleo <strong data-start=\"883\" data-end=\"899\">EVA Mid Hard<\/strong> proporciona un tacto m\u00e1s firme, ofreciendo una respuesta m\u00e1s directa y potente. Es ideal para jugadores que prefieren sensaciones s\u00f3lidas y m\u00e1xima devoluci\u00f3n de energ\u00eda en el juego agresivo.<\/p>\n<p data-start=\"1094\" data-end=\"1129\"><strong data-start=\"1094\" data-end=\"1127\">Tecnolog\u00eda de efecto mejorado<\/strong><\/p>\n<p data-start=\"1131\" data-end=\"1304\">La superficie <strong data-start=\"1145\" data-end=\"1165\">Total Rough Spin<\/strong> mejora el agarre sobre la pelota, permitiendo generar m\u00e1s efecto y precisi\u00f3n. Aumenta el control en golpes t\u00e9cnicos sin perder potencia.<\/p>\n<p data-start=\"1306\" data-end=\"1339\"><strong data-start=\"1306\" data-end=\"1337\">Dise\u00f1o de nivel profesional<\/strong><\/p>\n<p data-start=\"1341\" data-end=\"1529\">Utilizada por el jugador profesional Roger Arom\u00ed, esta pala est\u00e1 dise\u00f1ada para competici\u00f3n de alto nivel. Su dise\u00f1o moderno y agresivo refleja su car\u00e1cter ofensivo y su alto rendimiento.<\/p>\n<p data-start=\"1531\" data-end=\"1572\"><strong data-start=\"1531\" data-end=\"1570\">Tecnolog\u00edas y caracter\u00edsticas clave<\/strong><\/p>\n<ul data-start=\"1574\" data-end=\"1862\">\n<li data-section-id=\"1i69b71\" data-start=\"1574\" data-end=\"1633\">Estructura de carbono 3K: m\u00e1xima durabilidad y potencia<\/li>\n<li data-section-id=\"1tq9p1\" data-start=\"1634\" data-end=\"1694\">N\u00facleo EVA Mid Hard: tacto firme con respuesta explosiva<\/li>\n<li data-section-id=\"17gsr22\" data-start=\"1695\" data-end=\"1750\">Forma de diamante: balance alto para juego ofensivo<\/li>\n<li data-section-id=\"1rvlxz\" data-start=\"1751\" data-end=\"1806\">Total Rough Spin: mayor efecto y control de la bola<\/li>\n<li data-section-id=\"1rcnmjy\" data-start=\"1807\" data-end=\"1862\">Construcci\u00f3n profesional: dise\u00f1ada para competici\u00f3n<\/li>\n<\/ul>\n<p data-start=\"1864\" data-end=\"1886\"><strong data-start=\"1864\" data-end=\"1884\">Especificaciones<\/strong><\/p>\n<ul data-start=\"1888\" data-end=\"2124\" data-is-last-node=\"\" data-is-only-node=\"\">\n<li data-section-id=\"1n550d7\" data-start=\"1888\" data-end=\"1910\">Marca: Royal Padel<\/li>\n<li data-section-id=\"1qed1bv\" data-start=\"1911\" data-end=\"1944\">Nivel: Avanzado a profesional<\/li>\n<li data-section-id=\"dygtvf\" data-start=\"1945\" data-end=\"1978\">Forma: Pala de p\u00e1del diamante<\/li>\n<li data-section-id=\"1o80fya\" data-start=\"1979\" data-end=\"1996\">Balance: Alto<\/li>\n<li data-section-id=\"1102ira\" data-start=\"1997\" data-end=\"2018\">Peso: 365 a 380 g<\/li>\n<li data-section-id=\"15cde9p\" data-start=\"2019\" data-end=\"2036\">Perfil: 38 mm<\/li>\n<li data-section-id=\"4je0ie\" data-start=\"2037\" data-end=\"2056\">Potencia: 10\/10<\/li>\n<li data-section-id=\"1fuckn7\" data-start=\"2057\" data-end=\"2074\">Control: 8\/10<\/li>\n<li data-section-id=\"uc9j66\" data-start=\"2075\" data-end=\"2099\">N\u00facleo: EVA Mid Hard<\/li>\n<li data-section-id=\"nrv3cn\" data-start=\"2100\" data-end=\"2124\" data-is-last-node=\"\">Superficie: Carbono 3K<\/li>\n<\/ul>\n<\/div>\n<\/div>\n<\/div>\n<\/div>\n<div class=\"z-0 flex min-h-[46px] justify-start\"><\/div>\n<div class=\"mt-3 w-full empty:hidden\">\n<div class=\"text-center\"><\/div>\n<\/div>\n<\/div>\n<\/div>\n<\/section>\n<\/div>\n<div class=\"pointer-events-none h-px w-px absolute bottom-0\" aria-hidden=\"true\" data-edge=\"true\"><\/div>\n","protected":false},"excerpt":{"rendered":"<p data-start=\"0\" data-end=\"190\">La <strong data-start=\"3\" data-end=\"43\">pala de p\u00e1del Royal Padel R ACE 2026<\/strong> ofrece una potencia de ataque explosiva con construcci\u00f3n en carbono 3K, balance alto y n\u00facleo EVA Mid Hard para jugadores avanzados y agresivos.<\/p>\n<ul data-start=\"192\" data-end=\"285\" data-is-last-node=\"\" data-is-only-node=\"\">\n<li data-section-id=\"1d2dyuj\" data-start=\"192\" data-end=\"230\">Pala de p\u00e1del en forma de diamante<\/li>\n<li data-section-id=\"oj0a8z\" data-start=\"231\" data-end=\"260\">Power padel racket<\/li>\n<li data-section-id=\"1235mr3\" data-start=\"261\" data-end=\"285\" data-is-last-node=\"\">Advanced padel racket<\/li>\n<\/ul>","protected":false},"featured_media":38112,"template":"","meta":[],"product_brand":[],"product_cat":[582,584,589,991],"product_tag":[],"class_list":{"0":"post-30325","1":"product","2":"type-product","3":"status-publish","4":"has-post-thumbnail","6":"product_cat-avanzado-palas","7":"product_cat-diamante-palas","8":"product_cat-hombre-palas","9":"product_cat-royal-padel","10":"pa_brand-royal-padel","11":"pa_hs_code-134","13":"first","14":"instock","15":"taxable","16":"shipping-taxable","17":"purchasable","18":"product-type-simple"},"yoast_head":"<!-- This site is optimized with the Yoast SEO plugin v27.6 - https:\/\/yoast.com\/product\/yoast-seo-wordpress\/ -->\n<title>Pala De Padel Royal Padel R-ACE 2026 - Padel Zoco<\/title>\n<meta name=\"description\" content=\"La pala de p\u00e1del Royal Padel R ACE 2026 con carbono 3K y n\u00facleo EVA Mid Hard ofrece m\u00e1xima potencia y efecto para el ataque. La mejor pala de p\u00e1del Royal Padel.\" \/>\n<meta name=\"robots\" content=\"index, follow, max-snippet:-1, max-image-preview:large, max-video-preview:-1\" \/>\n<link rel=\"canonical\" href=\"https:\/\/padelzoco.es\/en\/product\/royal-padel-r-ace-2026-padel-racket\/\" \/>\n<meta property=\"og:locale\" content=\"en_GB\" \/>\n<meta property=\"og:type\" content=\"article\" \/>\n<meta property=\"og:title\" content=\"Pala De Padel Royal Padel R-ACE 2026 - Padel Zoco\" \/>\n<meta property=\"og:description\" content=\"La pala de p\u00e1del Royal Padel R ACE 2026 con carbono 3K y n\u00facleo EVA Mid Hard ofrece m\u00e1xima potencia y efecto para el ataque. La mejor pala de p\u00e1del Royal Padel.\" \/>\n<meta property=\"og:url\" content=\"https:\/\/padelzoco.es\/en\/product\/royal-padel-r-ace-2026-padel-racket\/\" \/>\n<meta property=\"og:site_name\" content=\"Padel Zoco\" \/>\n<meta property=\"article:modified_time\" content=\"2026-05-12T11:10:15+00:00\" \/>\n<meta property=\"og:image\" content=\"https:\/\/padelzoco.es\/wp-content\/uploads\/2025\/12\/Royal-Padel-R-ACE-2026-Padel-Racket-01.webp\" \/>\n\t<meta property=\"og:image:width\" content=\"1400\" \/>\n\t<meta property=\"og:image:height\" content=\"1400\" \/>\n\t<meta property=\"og:image:type\" content=\"image\/webp\" \/>\n<meta name=\"twitter:card\" content=\"summary_large_image\" \/>\n<meta name=\"twitter:label1\" content=\"Estimated reading time\" \/>\n\t<meta name=\"twitter:data1\" content=\"2 minutes\" \/>\n<script type=\"application\/ld+json\" class=\"yoast-schema-graph\">{\"@context\":\"https:\\\/\\\/schema.org\",\"@graph\":[{\"@type\":\"WebPage\",\"@id\":\"https:\\\/\\\/padelzoco.es\\\/product\\\/royal-padel-r-ace-2026-padel-racket\\\/\",\"url\":\"https:\\\/\\\/padelzoco.es\\\/product\\\/royal-padel-r-ace-2026-padel-racket\\\/\",\"name\":\"Pala De Padel Royal Padel R-ACE 2026 - Padel Zoco\",\"isPartOf\":{\"@id\":\"https:\\\/\\\/padelzoco.es\\\/#website\"},\"primaryImageOfPage\":{\"@id\":\"https:\\\/\\\/padelzoco.es\\\/product\\\/royal-padel-r-ace-2026-padel-racket\\\/#primaryimage\"},\"image\":{\"@id\":\"https:\\\/\\\/padelzoco.es\\\/product\\\/royal-padel-r-ace-2026-padel-racket\\\/#primaryimage\"},\"thumbnailUrl\":\"https:\\\/\\\/padelzoco.es\\\/wp-content\\\/uploads\\\/2025\\\/12\\\/Royal-Padel-R-ACE-2026-Padel-Racket-01.webp\",\"datePublished\":\"2025-12-11T11:34:28+00:00\",\"dateModified\":\"2026-05-12T11:10:15+00:00\",\"description\":\"La pala de p\u00e1del Royal Padel R ACE 2026 con carbono 3K y n\u00facleo EVA Mid Hard ofrece m\u00e1xima potencia y efecto para el ataque. La mejor pala de p\u00e1del Royal Padel.\",\"breadcrumb\":{\"@id\":\"https:\\\/\\\/padelzoco.es\\\/product\\\/royal-padel-r-ace-2026-padel-racket\\\/#breadcrumb\"},\"inLanguage\":\"en-GB\",\"potentialAction\":[{\"@type\":\"ReadAction\",\"target\":[\"https:\\\/\\\/padelzoco.es\\\/product\\\/royal-padel-r-ace-2026-padel-racket\\\/\"]}]},{\"@type\":\"ImageObject\",\"inLanguage\":\"en-GB\",\"@id\":\"https:\\\/\\\/padelzoco.es\\\/product\\\/royal-padel-r-ace-2026-padel-racket\\\/#primaryimage\",\"url\":\"https:\\\/\\\/padelzoco.es\\\/wp-content\\\/uploads\\\/2025\\\/12\\\/Royal-Padel-R-ACE-2026-Padel-Racket-01.webp\",\"contentUrl\":\"https:\\\/\\\/padelzoco.es\\\/wp-content\\\/uploads\\\/2025\\\/12\\\/Royal-Padel-R-ACE-2026-Padel-Racket-01.webp\",\"width\":1400,\"height\":1400,\"caption\":\"Royal Padel R ACE 2026 Padel Racket 01\"},{\"@type\":\"BreadcrumbList\",\"@id\":\"https:\\\/\\\/padelzoco.es\\\/product\\\/royal-padel-r-ace-2026-padel-racket\\\/#breadcrumb\",\"itemListElement\":[{\"@type\":\"ListItem\",\"position\":1,\"name\":\"Home\",\"item\":\"https:\\\/\\\/padelzoco.es\\\/\"},{\"@type\":\"ListItem\",\"position\":2,\"name\":\"Padel Zoco\",\"item\":\"https:\\\/\\\/padelzoco.es\\\/padel-zoco\\\/\"},{\"@type\":\"ListItem\",\"position\":3,\"name\":\"Pala De Padel Royal Padel R-ACE 2026\"}]},{\"@type\":\"WebSite\",\"@id\":\"https:\\\/\\\/padelzoco.es\\\/#website\",\"url\":\"https:\\\/\\\/padelzoco.es\\\/\",\"name\":\"Padel Zoco\",\"description\":\"Padel Zoco | Spain\",\"publisher\":{\"@id\":\"https:\\\/\\\/padelzoco.es\\\/#organization\"},\"potentialAction\":[{\"@type\":\"SearchAction\",\"target\":{\"@type\":\"EntryPoint\",\"urlTemplate\":\"https:\\\/\\\/padelzoco.es\\\/?s={search_term_string}\"},\"query-input\":{\"@type\":\"PropertyValueSpecification\",\"valueRequired\":true,\"valueName\":\"search_term_string\"}}],\"inLanguage\":\"en-GB\"},{\"@type\":\"Organization\",\"@id\":\"https:\\\/\\\/padelzoco.es\\\/#organization\",\"name\":\"Padel Zoco\",\"url\":\"https:\\\/\\\/padelzoco.es\\\/\",\"logo\":{\"@type\":\"ImageObject\",\"inLanguage\":\"en-GB\",\"@id\":\"https:\\\/\\\/padelzoco.es\\\/#\\\/schema\\\/logo\\\/image\\\/\",\"url\":\"https:\\\/\\\/padelzoco.es\\\/wp-content\\\/uploads\\\/2023\\\/11\\\/PadelZoco_Logo_black_white.webp\",\"contentUrl\":\"https:\\\/\\\/padelzoco.es\\\/wp-content\\\/uploads\\\/2023\\\/11\\\/PadelZoco_Logo_black_white.webp\",\"width\":1500,\"height\":631,\"caption\":\"Padel Zoco\"},\"image\":{\"@id\":\"https:\\\/\\\/padelzoco.es\\\/#\\\/schema\\\/logo\\\/image\\\/\"}}]}<\/script>\n<!-- \/ Yoast SEO plugin. -->","yoast_head_json":{"title":"Pala De Padel Royal Padel R-ACE 2026 - Padel Zoco","description":"La pala de p\u00e1del Royal Padel R ACE 2026 con carbono 3K y n\u00facleo EVA Mid Hard ofrece m\u00e1xima potencia y efecto para el ataque. La mejor pala de p\u00e1del Royal Padel.","robots":{"index":"index","follow":"follow","max-snippet":"max-snippet:-1","max-image-preview":"max-image-preview:large","max-video-preview":"max-video-preview:-1"},"canonical":"https:\/\/padelzoco.es\/en\/product\/royal-padel-r-ace-2026-padel-racket\/","og_locale":"en_GB","og_type":"article","og_title":"Pala De Padel Royal Padel R-ACE 2026 - Padel Zoco","og_description":"La pala de p\u00e1del Royal Padel R ACE 2026 con carbono 3K y n\u00facleo EVA Mid Hard ofrece m\u00e1xima potencia y efecto para el ataque. La mejor pala de p\u00e1del Royal Padel.","og_url":"https:\/\/padelzoco.es\/en\/product\/royal-padel-r-ace-2026-padel-racket\/","og_site_name":"Padel Zoco","article_modified_time":"2026-05-12T11:10:15+00:00","og_image":[{"width":1400,"height":1400,"url":"https:\/\/padelzoco.es\/wp-content\/uploads\/2025\/12\/Royal-Padel-R-ACE-2026-Padel-Racket-01.webp","type":"image\/webp"}],"twitter_card":"summary_large_image","twitter_misc":{"Estimated reading time":"2 minutes"},"schema":{"@context":"https:\/\/schema.org","@graph":[{"@type":"WebPage","@id":"https:\/\/padelzoco.es\/product\/royal-padel-r-ace-2026-padel-racket\/","url":"https:\/\/padelzoco.es\/product\/royal-padel-r-ace-2026-padel-racket\/","name":"Pala De Padel Royal Padel R-ACE 2026 - Padel Zoco","isPartOf":{"@id":"https:\/\/padelzoco.es\/#website"},"primaryImageOfPage":{"@id":"https:\/\/padelzoco.es\/product\/royal-padel-r-ace-2026-padel-racket\/#primaryimage"},"image":{"@id":"https:\/\/padelzoco.es\/product\/royal-padel-r-ace-2026-padel-racket\/#primaryimage"},"thumbnailUrl":"https:\/\/padelzoco.es\/wp-content\/uploads\/2025\/12\/Royal-Padel-R-ACE-2026-Padel-Racket-01.webp","datePublished":"2025-12-11T11:34:28+00:00","dateModified":"2026-05-12T11:10:15+00:00","description":"La pala de p\u00e1del Royal Padel R ACE 2026 con carbono 3K y n\u00facleo EVA Mid Hard ofrece m\u00e1xima potencia y efecto para el ataque. La mejor pala de p\u00e1del Royal Padel.","breadcrumb":{"@id":"https:\/\/padelzoco.es\/product\/royal-padel-r-ace-2026-padel-racket\/#breadcrumb"},"inLanguage":"en-GB","potentialAction":[{"@type":"ReadAction","target":["https:\/\/padelzoco.es\/product\/royal-padel-r-ace-2026-padel-racket\/"]}]},{"@type":"ImageObject","inLanguage":"en-GB","@id":"https:\/\/padelzoco.es\/product\/royal-padel-r-ace-2026-padel-racket\/#primaryimage","url":"https:\/\/padelzoco.es\/wp-content\/uploads\/2025\/12\/Royal-Padel-R-ACE-2026-Padel-Racket-01.webp","contentUrl":"https:\/\/padelzoco.es\/wp-content\/uploads\/2025\/12\/Royal-Padel-R-ACE-2026-Padel-Racket-01.webp","width":1400,"height":1400,"caption":"Royal Padel R ACE 2026 Padel Racket 01"},{"@type":"BreadcrumbList","@id":"https:\/\/padelzoco.es\/product\/royal-padel-r-ace-2026-padel-racket\/#breadcrumb","itemListElement":[{"@type":"ListItem","position":1,"name":"Home","item":"https:\/\/padelzoco.es\/"},{"@type":"ListItem","position":2,"name":"Padel Zoco","item":"https:\/\/padelzoco.es\/padel-zoco\/"},{"@type":"ListItem","position":3,"name":"Pala De Padel Royal Padel R-ACE 2026"}]},{"@type":"WebSite","@id":"https:\/\/padelzoco.es\/#website","url":"https:\/\/padelzoco.es\/","name":"Padel Zoco","description":"Padel Zoco | Spain","publisher":{"@id":"https:\/\/padelzoco.es\/#organization"},"potentialAction":[{"@type":"SearchAction","target":{"@type":"EntryPoint","urlTemplate":"https:\/\/padelzoco.es\/?s={search_term_string}"},"query-input":{"@type":"PropertyValueSpecification","valueRequired":true,"valueName":"search_term_string"}}],"inLanguage":"en-GB"},{"@type":"Organization","@id":"https:\/\/padelzoco.es\/#organization","name":"Padel Zoco","url":"https:\/\/padelzoco.es\/","logo":{"@type":"ImageObject","inLanguage":"en-GB","@id":"https:\/\/padelzoco.es\/#\/schema\/logo\/image\/","url":"https:\/\/padelzoco.es\/wp-content\/uploads\/2023\/11\/PadelZoco_Logo_black_white.webp","contentUrl":"https:\/\/padelzoco.es\/wp-content\/uploads\/2023\/11\/PadelZoco_Logo_black_white.webp","width":1500,"height":631,"caption":"Padel Zoco"},"image":{"@id":"https:\/\/padelzoco.es\/#\/schema\/logo\/image\/"}}]}},"_links":{"self":[{"href":"https:\/\/padelzoco.es\/en\/wp-json\/wp\/v2\/product\/30325","targetHints":{"allow":["GET"]}}],"collection":[{"href":"https:\/\/padelzoco.es\/en\/wp-json\/wp\/v2\/product"}],"about":[{"href":"https:\/\/padelzoco.es\/en\/wp-json\/wp\/v2\/types\/product"}],"version-history":[{"count":6,"href":"https:\/\/padelzoco.es\/en\/wp-json\/wp\/v2\/product\/30325\/revisions"}],"predecessor-version":[{"id":40053,"href":"https:\/\/padelzoco.es\/en\/wp-json\/wp\/v2\/product\/30325\/revisions\/40053"}],"wp:featuredmedia":[{"embeddable":true,"href":"https:\/\/padelzoco.es\/en\/wp-json\/wp\/v2\/media\/38112"}],"wp:attachment":[{"href":"https:\/\/padelzoco.es\/en\/wp-json\/wp\/v2\/media?parent=30325"}],"wp:term":[{"taxonomy":"product_brand","embeddable":true,"href":"https:\/\/padelzoco.es\/en\/wp-json\/wp\/v2\/product_brand?post=30325"},{"taxonomy":"product_cat","embeddable":true,"href":"https:\/\/padelzoco.es\/en\/wp-json\/wp\/v2\/product_cat?post=30325"},{"taxonomy":"product_tag","embeddable":true,"href":"https:\/\/padelzoco.es\/en\/wp-json\/wp\/v2\/product_tag?post=30325"}],"curies":[{"name":"wp","href":"https:\/\/api.w.org\/{rel}","templated":true}]}}