{"id":30340,"date":"2025-11-20T12:21:49","date_gmt":"2025-11-20T11:21:49","guid":{"rendered":"https:\/\/padelzoco.es\/?post_type=product&#038;p=30340"},"modified":"2026-04-10T18:11:29","modified_gmt":"2026-04-10T17:11:29","slug":"royal-padel-36-aniversario-poly-2026-padel-racket","status":"publish","type":"product","link":"https:\/\/padelzoco.es\/en\/product\/royal-padel-36-aniversario-poly-2026-padel-racket\/","title":{"rendered":"Royal Padel 36 Aniversario Poly 2026 Padel Racket"},"content":{"rendered":"<div class=\"flex flex-col text-sm pb-25\">\n<section class=\"text-token-text-primary w-full focus:outline-none [--shadow-height:45px] has-data-writing-block:pointer-events-none has-data-writing-block:-mt-(--shadow-height) has-data-writing-block:pt-(--shadow-height) [&amp;:has([data-writing-block])&gt;*]:pointer-events-auto scroll-mt-[calc(var(--header-height)+min(200px,max(70px,20svh)))]\" dir=\"auto\" data-turn-id=\"request-69aec6f8-1ed8-838f-be1a-d53e25acb648-15\" data-testid=\"conversation-turn-142\" data-scroll-anchor=\"true\" data-turn=\"assistant\">\n<div class=\"text-base my-auto mx-auto pb-10 [--thread-content-margin:var(--thread-content-margin-xs,calc(var(--spacing)*4))] @w-sm\/main:[--thread-content-margin:var(--thread-content-margin-sm,calc(var(--spacing)*6))] @w-lg\/main:[--thread-content-margin:var(--thread-content-margin-lg,calc(var(--spacing)*16))] px-(--thread-content-margin)\">\n<div class=\"[--thread-content-max-width:40rem] @w-lg\/main:[--thread-content-max-width:48rem] mx-auto max-w-(--thread-content-max-width) flex-1 group\/turn-messages focus-visible:outline-hidden relative flex w-full min-w-0 flex-col agent-turn\">\n<div class=\"flex max-w-full flex-col gap-4 grow\">\n<div class=\"min-h-8 text-message relative flex w-full flex-col items-end gap-2 text-start break-words whitespace-normal outline-none keyboard-focused:focus-ring [.text-message+&amp;]:mt-1\" dir=\"auto\" tabindex=\"0\" data-message-author-role=\"assistant\" data-message-id=\"40458a98-e8c8-4259-bdfe-be5b0a8740a3\" data-message-model-slug=\"gpt-5-3-mini\" data-turn-start-message=\"true\">\n<div class=\"flex w-full flex-col gap-1 empty:hidden\">\n<div class=\"markdown prose dark:prose-invert w-full wrap-break-word light markdown-new-styling\">\n<p data-start=\"0\" data-end=\"458\">La <strong data-start=\"3\" data-end=\"56\">pala de p\u00e1del Royal Padel 36 Aniversary Poly 2026<\/strong> contin\u00faa liderando el mercado en rendimiento enfocado en el confort. Dise\u00f1ada espec\u00edficamente para prevenir y reducir lesiones en el codo, esta pala combina materiales avanzados con un dise\u00f1o amigable para el jugador. Ofrece un control excepcional, alta absorci\u00f3n de vibraciones y un tacto suave, siendo perfecta tanto para jugadores en recuperaci\u00f3n como para quienes buscan comodidad a largo plazo.<\/p>\n<p data-start=\"460\" data-end=\"491\"><strong data-start=\"460\" data-end=\"489\">Materiales y construcci\u00f3n<\/strong><\/p>\n<p data-start=\"493\" data-end=\"829\">El n\u00facleo est\u00e1 fabricado con <strong data-start=\"522\" data-end=\"562\">polietileno blando de alta absorci\u00f3n<\/strong>, que reduce significativamente las vibraciones del impacto. La superficie incorpora <strong data-start=\"647\" data-end=\"660\">Fibertech<\/strong>, proporcionando un equilibrio entre control y durabilidad. El marco reforzado con carbono mejora la resistencia estructural manteniendo una sensaci\u00f3n ligera y c\u00f3moda.<\/p>\n<p data-start=\"831\" data-end=\"862\"><strong data-start=\"831\" data-end=\"860\">Beneficios de rendimiento<\/strong><\/p>\n<p data-start=\"864\" data-end=\"1140\">Esta pala est\u00e1 dise\u00f1ada para el control y la comodidad sin comprometer la jugabilidad. El amplio punto dulce mejora la consistencia, mientras que el balance bajo facilita la manejabilidad. Su tacto suave reduce la fatiga del brazo, permitiendo partidos m\u00e1s largos y c\u00f3modos.<\/p>\n<p data-start=\"1142\" data-end=\"1176\"><strong data-start=\"1142\" data-end=\"1174\">Explicaci\u00f3n de la tecnolog\u00eda<\/strong><\/p>\n<p data-start=\"1178\" data-end=\"1501\">La distribuci\u00f3n optimizada de agujeros ampl\u00eda el punto dulce y mejora la precisi\u00f3n de los golpes. El sistema integrado de absorci\u00f3n de impactos reduce las vibraciones en el golpeo, protegiendo el codo y mejorando la sensaci\u00f3n general. La superficie texturizada ayuda a generar efecto y aporta mayor control en cada golpe.<\/p>\n<p data-start=\"1503\" data-end=\"1528\"><strong data-start=\"1503\" data-end=\"1526\">Dise\u00f1o y adaptaci\u00f3n<\/strong><\/p>\n<p data-start=\"1530\" data-end=\"1848\">El dise\u00f1o en forma de l\u00e1grima combinado con un balance bajo hace que esta pala sea f\u00e1cil de manejar y muy tolerante. Disponible en un rango de peso de 360 a 380 gramos, cada unidad se pesa individualmente para garantizar precisi\u00f3n. Tambi\u00e9n existe una versi\u00f3n m\u00e1s ligera para jugadores que buscan mayor manejabilidad.<\/p>\n<p data-start=\"1850\" data-end=\"1891\"><strong data-start=\"1850\" data-end=\"1889\">Tecnolog\u00edas y caracter\u00edsticas clave<\/strong><\/p>\n<ul data-start=\"1893\" data-end=\"2240\">\n<li data-section-id=\"1c6mz8j\" data-start=\"1893\" data-end=\"1962\">N\u00facleo de polietileno blando para m\u00e1xima absorci\u00f3n de vibraciones<\/li>\n<li data-section-id=\"y9epqw\" data-start=\"1963\" data-end=\"2014\">Superficie Fibertech para control y durabilidad<\/li>\n<li data-section-id=\"1n4v7ug\" data-start=\"2015\" data-end=\"2069\">Marco reforzado con carbono para mayor resistencia<\/li>\n<li data-section-id=\"sf5a9k\" data-start=\"2070\" data-end=\"2131\">Sistema de absorci\u00f3n de impactos para protecci\u00f3n del codo<\/li>\n<li data-section-id=\"1d9k65i\" data-start=\"2132\" data-end=\"2188\">Patr\u00f3n de agujeros optimizado para mayor punto dulce<\/li>\n<li data-section-id=\"1mzdzfh\" data-start=\"2189\" data-end=\"2240\">Acabado texturizado para mejor efecto y control<\/li>\n<\/ul>\n<p data-start=\"2242\" data-end=\"2264\"><strong data-start=\"2242\" data-end=\"2262\">Especificaciones<\/strong><\/p>\n<ul data-start=\"2266\" data-end=\"2419\" data-is-last-node=\"\" data-is-only-node=\"\">\n<li data-section-id=\"16i2ae0\" data-start=\"2266\" data-end=\"2284\">Forma: L\u00e1grima<\/li>\n<li data-section-id=\"1nojf5e\" data-start=\"2285\" data-end=\"2302\">Balance: Bajo<\/li>\n<li data-section-id=\"1b2rh2p\" data-start=\"2303\" data-end=\"2329\">Peso: 360 a 380 gramos<\/li>\n<li data-section-id=\"15cde9p\" data-start=\"2330\" data-end=\"2347\">Perfil: 38 mm<\/li>\n<li data-section-id=\"43do9m\" data-start=\"2348\" data-end=\"2366\">Control: 10\/10<\/li>\n<li data-section-id=\"1ah0jhc\" data-start=\"2367\" data-end=\"2385\">Potencia: 7\/10<\/li>\n<li data-section-id=\"mwdgc5\" data-start=\"2386\" data-end=\"2419\" data-is-last-node=\"\">Absorci\u00f3n de vibraciones: 10\/10<\/li>\n<\/ul>\n<\/div>\n<\/div>\n<\/div>\n<\/div>\n<div class=\"z-0 flex min-h-[46px] justify-start\"><\/div>\n<div class=\"mt-3 w-full empty:hidden\">\n<div class=\"text-center\"><\/div>\n<\/div>\n<\/div>\n<\/div>\n<\/section>\n<\/div>\n<div class=\"pointer-events-none h-px w-px absolute bottom-0\" aria-hidden=\"true\" data-edge=\"true\"><\/div>\n","protected":false},"excerpt":{"rendered":"<p data-start=\"0\" data-end=\"426\">La <strong data-start=\"3\" data-end=\"56\">pala de p\u00e1del Royal Padel 36 Aniversary Poly 2026<\/strong> est\u00e1 dise\u00f1ada para jugadores que buscan el m\u00e1ximo confort y la prevenci\u00f3n de lesiones. Construida con <strong data-start=\"159\" data-end=\"191\">n\u00facleo de polietileno blando<\/strong> and <strong data-start=\"194\" data-end=\"218\">superficie Fibertech<\/strong>, ofrece una excelente absorci\u00f3n de vibraciones, control y un tacto suave. Su <strong data-start=\"296\" data-end=\"316\">forma de l\u00e1grima<\/strong> and <strong data-start=\"319\" data-end=\"335\">balance bajo<\/strong> reducen la tensi\u00f3n en el codo, siendo ideal para jugadores propensos a la epicondilitis.<\/p>\n<ul data-start=\"428\" data-end=\"520\" data-is-last-node=\"\" data-is-only-node=\"\">\n<li data-section-id=\"1t8abr0\" data-start=\"428\" data-end=\"457\">Pala de p\u00e1del Royal Padel<\/li>\n<li data-section-id=\"1ugpai7\" data-start=\"458\" data-end=\"484\">Advanced padel racket<\/li>\n<li data-section-id=\"1t54kw9\" data-start=\"485\" data-end=\"520\" data-is-last-node=\"\">Pala de p\u00e1del en forma de l\u00e1grima<\/li>\n<\/ul>","protected":false},"featured_media":38151,"template":"","meta":[],"product_brand":[],"product_cat":[582,589,585,590,991],"product_tag":[],"class_list":{"0":"post-30340","1":"product","2":"type-product","3":"status-publish","4":"has-post-thumbnail","6":"product_cat-avanzado-palas","7":"product_cat-hombre-palas","8":"product_cat-lagrima-palas","9":"product_cat-mujer-palas","10":"product_cat-royal-padel","11":"pa_brand-royal-padel","12":"pa_country_of_origin-argentina","13":"pa_hs_code-134","15":"first","16":"instock","17":"taxable","18":"shipping-taxable","19":"purchasable","20":"product-type-simple"},"yoast_head":"<!-- This site is optimized with the Yoast SEO plugin v27.3 - https:\/\/yoast.com\/product\/yoast-seo-wordpress\/ -->\n<title>Royal Padel 36 Aniversario Poly 2026 Padel Racket - Padel Zoco<\/title>\n<meta name=\"description\" content=\"La pala de p\u00e1del Royal Padel 36 Aniversario Poly 2026 ofrece una comodidad ultra suave, absorci\u00f3n de impactos y control. La mejor pala de p\u00e1del Royal Padel.\" \/>\n<meta name=\"robots\" content=\"index, follow, max-snippet:-1, max-image-preview:large, max-video-preview:-1\" \/>\n<link rel=\"canonical\" href=\"https:\/\/padelzoco.es\/en\/product\/royal-padel-36-aniversario-poly-2026-padel-racket\/\" \/>\n<meta property=\"og:locale\" content=\"en_GB\" \/>\n<meta property=\"og:type\" content=\"article\" \/>\n<meta property=\"og:title\" content=\"Royal Padel 36 Aniversario Poly 2026 Padel Racket - Padel Zoco\" \/>\n<meta property=\"og:description\" content=\"La pala de p\u00e1del Royal Padel 36 Aniversario Poly 2026 ofrece una comodidad ultra suave, absorci\u00f3n de impactos y control. La mejor pala de p\u00e1del Royal Padel.\" \/>\n<meta property=\"og:url\" content=\"https:\/\/padelzoco.es\/en\/product\/royal-padel-36-aniversario-poly-2026-padel-racket\/\" \/>\n<meta property=\"og:site_name\" content=\"Padel Zoco\" \/>\n<meta property=\"article:modified_time\" content=\"2026-04-10T17:11:29+00:00\" \/>\n<meta property=\"og:image\" content=\"https:\/\/padelzoco.es\/wp-content\/uploads\/2025\/11\/Royal-Padel-36-Aniversario-Poly-2026-Padel-Racket-01.webp\" \/>\n\t<meta property=\"og:image:width\" content=\"1400\" \/>\n\t<meta property=\"og:image:height\" content=\"1400\" \/>\n\t<meta property=\"og:image:type\" content=\"image\/webp\" \/>\n<meta name=\"twitter:card\" content=\"summary_large_image\" \/>\n<meta name=\"twitter:label1\" content=\"Estimated reading time\" \/>\n\t<meta name=\"twitter:data1\" content=\"2 minutes\" \/>\n<script type=\"application\/ld+json\" class=\"yoast-schema-graph\">{\"@context\":\"https:\\\/\\\/schema.org\",\"@graph\":[{\"@type\":\"WebPage\",\"@id\":\"https:\\\/\\\/padelzoco.es\\\/product\\\/royal-padel-36-aniversario-poly-2026-padel-racket\\\/\",\"url\":\"https:\\\/\\\/padelzoco.es\\\/product\\\/royal-padel-36-aniversario-poly-2026-padel-racket\\\/\",\"name\":\"Royal Padel 36 Aniversario Poly 2026 Padel Racket - Padel Zoco\",\"isPartOf\":{\"@id\":\"https:\\\/\\\/padelzoco.es\\\/#website\"},\"primaryImageOfPage\":{\"@id\":\"https:\\\/\\\/padelzoco.es\\\/product\\\/royal-padel-36-aniversario-poly-2026-padel-racket\\\/#primaryimage\"},\"image\":{\"@id\":\"https:\\\/\\\/padelzoco.es\\\/product\\\/royal-padel-36-aniversario-poly-2026-padel-racket\\\/#primaryimage\"},\"thumbnailUrl\":\"https:\\\/\\\/padelzoco.es\\\/wp-content\\\/uploads\\\/2025\\\/11\\\/Royal-Padel-36-Aniversario-Poly-2026-Padel-Racket-01.webp\",\"datePublished\":\"2025-11-20T11:21:49+00:00\",\"dateModified\":\"2026-04-10T17:11:29+00:00\",\"description\":\"La pala de p\u00e1del Royal Padel 36 Aniversario Poly 2026 ofrece una comodidad ultra suave, absorci\u00f3n de impactos y control. La mejor pala de p\u00e1del Royal Padel.\",\"breadcrumb\":{\"@id\":\"https:\\\/\\\/padelzoco.es\\\/product\\\/royal-padel-36-aniversario-poly-2026-padel-racket\\\/#breadcrumb\"},\"inLanguage\":\"en-GB\",\"potentialAction\":[{\"@type\":\"ReadAction\",\"target\":[\"https:\\\/\\\/padelzoco.es\\\/product\\\/royal-padel-36-aniversario-poly-2026-padel-racket\\\/\"]}]},{\"@type\":\"ImageObject\",\"inLanguage\":\"en-GB\",\"@id\":\"https:\\\/\\\/padelzoco.es\\\/product\\\/royal-padel-36-aniversario-poly-2026-padel-racket\\\/#primaryimage\",\"url\":\"https:\\\/\\\/padelzoco.es\\\/wp-content\\\/uploads\\\/2025\\\/11\\\/Royal-Padel-36-Aniversario-Poly-2026-Padel-Racket-01.webp\",\"contentUrl\":\"https:\\\/\\\/padelzoco.es\\\/wp-content\\\/uploads\\\/2025\\\/11\\\/Royal-Padel-36-Aniversario-Poly-2026-Padel-Racket-01.webp\",\"width\":1400,\"height\":1400,\"caption\":\"Royal Padel 36 Aniversario Poly 2026 Padel Racket 01\"},{\"@type\":\"BreadcrumbList\",\"@id\":\"https:\\\/\\\/padelzoco.es\\\/product\\\/royal-padel-36-aniversario-poly-2026-padel-racket\\\/#breadcrumb\",\"itemListElement\":[{\"@type\":\"ListItem\",\"position\":1,\"name\":\"Home\",\"item\":\"https:\\\/\\\/padelzoco.es\\\/\"},{\"@type\":\"ListItem\",\"position\":2,\"name\":\"Padel Zoco\",\"item\":\"https:\\\/\\\/padelzoco.es\\\/padel-zoco\\\/\"},{\"@type\":\"ListItem\",\"position\":3,\"name\":\"Royal Padel 36 Aniversario Poly 2026 Padel Racket\"}]},{\"@type\":\"WebSite\",\"@id\":\"https:\\\/\\\/padelzoco.es\\\/#website\",\"url\":\"https:\\\/\\\/padelzoco.es\\\/\",\"name\":\"Padel Zoco\",\"description\":\"Padel Zoco | Spain\",\"publisher\":{\"@id\":\"https:\\\/\\\/padelzoco.es\\\/#organization\"},\"potentialAction\":[{\"@type\":\"SearchAction\",\"target\":{\"@type\":\"EntryPoint\",\"urlTemplate\":\"https:\\\/\\\/padelzoco.es\\\/?s={search_term_string}\"},\"query-input\":{\"@type\":\"PropertyValueSpecification\",\"valueRequired\":true,\"valueName\":\"search_term_string\"}}],\"inLanguage\":\"en-GB\"},{\"@type\":\"Organization\",\"@id\":\"https:\\\/\\\/padelzoco.es\\\/#organization\",\"name\":\"Padel Zoco\",\"url\":\"https:\\\/\\\/padelzoco.es\\\/\",\"logo\":{\"@type\":\"ImageObject\",\"inLanguage\":\"en-GB\",\"@id\":\"https:\\\/\\\/padelzoco.es\\\/#\\\/schema\\\/logo\\\/image\\\/\",\"url\":\"https:\\\/\\\/padelzoco.es\\\/wp-content\\\/uploads\\\/2023\\\/11\\\/PadelZoco_Logo_black_white.webp\",\"contentUrl\":\"https:\\\/\\\/padelzoco.es\\\/wp-content\\\/uploads\\\/2023\\\/11\\\/PadelZoco_Logo_black_white.webp\",\"width\":1500,\"height\":631,\"caption\":\"Padel Zoco\"},\"image\":{\"@id\":\"https:\\\/\\\/padelzoco.es\\\/#\\\/schema\\\/logo\\\/image\\\/\"}}]}<\/script>\n<!-- \/ Yoast SEO plugin. -->","yoast_head_json":{"title":"Royal Padel 36 Aniversario Poly 2026 Padel Racket - Padel Zoco","description":"La pala de p\u00e1del Royal Padel 36 Aniversario Poly 2026 ofrece una comodidad ultra suave, absorci\u00f3n de impactos y control. La mejor pala de p\u00e1del Royal Padel.","robots":{"index":"index","follow":"follow","max-snippet":"max-snippet:-1","max-image-preview":"max-image-preview:large","max-video-preview":"max-video-preview:-1"},"canonical":"https:\/\/padelzoco.es\/en\/product\/royal-padel-36-aniversario-poly-2026-padel-racket\/","og_locale":"en_GB","og_type":"article","og_title":"Royal Padel 36 Aniversario Poly 2026 Padel Racket - Padel Zoco","og_description":"La pala de p\u00e1del Royal Padel 36 Aniversario Poly 2026 ofrece una comodidad ultra suave, absorci\u00f3n de impactos y control. La mejor pala de p\u00e1del Royal Padel.","og_url":"https:\/\/padelzoco.es\/en\/product\/royal-padel-36-aniversario-poly-2026-padel-racket\/","og_site_name":"Padel Zoco","article_modified_time":"2026-04-10T17:11:29+00:00","og_image":[{"width":1400,"height":1400,"url":"https:\/\/padelzoco.es\/wp-content\/uploads\/2025\/11\/Royal-Padel-36-Aniversario-Poly-2026-Padel-Racket-01.webp","type":"image\/webp"}],"twitter_card":"summary_large_image","twitter_misc":{"Estimated reading time":"2 minutes"},"schema":{"@context":"https:\/\/schema.org","@graph":[{"@type":"WebPage","@id":"https:\/\/padelzoco.es\/product\/royal-padel-36-aniversario-poly-2026-padel-racket\/","url":"https:\/\/padelzoco.es\/product\/royal-padel-36-aniversario-poly-2026-padel-racket\/","name":"Royal Padel 36 Aniversario Poly 2026 Padel Racket - Padel Zoco","isPartOf":{"@id":"https:\/\/padelzoco.es\/#website"},"primaryImageOfPage":{"@id":"https:\/\/padelzoco.es\/product\/royal-padel-36-aniversario-poly-2026-padel-racket\/#primaryimage"},"image":{"@id":"https:\/\/padelzoco.es\/product\/royal-padel-36-aniversario-poly-2026-padel-racket\/#primaryimage"},"thumbnailUrl":"https:\/\/padelzoco.es\/wp-content\/uploads\/2025\/11\/Royal-Padel-36-Aniversario-Poly-2026-Padel-Racket-01.webp","datePublished":"2025-11-20T11:21:49+00:00","dateModified":"2026-04-10T17:11:29+00:00","description":"La pala de p\u00e1del Royal Padel 36 Aniversario Poly 2026 ofrece una comodidad ultra suave, absorci\u00f3n de impactos y control. La mejor pala de p\u00e1del Royal Padel.","breadcrumb":{"@id":"https:\/\/padelzoco.es\/product\/royal-padel-36-aniversario-poly-2026-padel-racket\/#breadcrumb"},"inLanguage":"en-GB","potentialAction":[{"@type":"ReadAction","target":["https:\/\/padelzoco.es\/product\/royal-padel-36-aniversario-poly-2026-padel-racket\/"]}]},{"@type":"ImageObject","inLanguage":"en-GB","@id":"https:\/\/padelzoco.es\/product\/royal-padel-36-aniversario-poly-2026-padel-racket\/#primaryimage","url":"https:\/\/padelzoco.es\/wp-content\/uploads\/2025\/11\/Royal-Padel-36-Aniversario-Poly-2026-Padel-Racket-01.webp","contentUrl":"https:\/\/padelzoco.es\/wp-content\/uploads\/2025\/11\/Royal-Padel-36-Aniversario-Poly-2026-Padel-Racket-01.webp","width":1400,"height":1400,"caption":"Royal Padel 36 Aniversario Poly 2026 Padel Racket 01"},{"@type":"BreadcrumbList","@id":"https:\/\/padelzoco.es\/product\/royal-padel-36-aniversario-poly-2026-padel-racket\/#breadcrumb","itemListElement":[{"@type":"ListItem","position":1,"name":"Home","item":"https:\/\/padelzoco.es\/"},{"@type":"ListItem","position":2,"name":"Padel Zoco","item":"https:\/\/padelzoco.es\/padel-zoco\/"},{"@type":"ListItem","position":3,"name":"Royal Padel 36 Aniversario Poly 2026 Padel Racket"}]},{"@type":"WebSite","@id":"https:\/\/padelzoco.es\/#website","url":"https:\/\/padelzoco.es\/","name":"Padel Zoco","description":"Padel Zoco | Spain","publisher":{"@id":"https:\/\/padelzoco.es\/#organization"},"potentialAction":[{"@type":"SearchAction","target":{"@type":"EntryPoint","urlTemplate":"https:\/\/padelzoco.es\/?s={search_term_string}"},"query-input":{"@type":"PropertyValueSpecification","valueRequired":true,"valueName":"search_term_string"}}],"inLanguage":"en-GB"},{"@type":"Organization","@id":"https:\/\/padelzoco.es\/#organization","name":"Padel Zoco","url":"https:\/\/padelzoco.es\/","logo":{"@type":"ImageObject","inLanguage":"en-GB","@id":"https:\/\/padelzoco.es\/#\/schema\/logo\/image\/","url":"https:\/\/padelzoco.es\/wp-content\/uploads\/2023\/11\/PadelZoco_Logo_black_white.webp","contentUrl":"https:\/\/padelzoco.es\/wp-content\/uploads\/2023\/11\/PadelZoco_Logo_black_white.webp","width":1500,"height":631,"caption":"Padel Zoco"},"image":{"@id":"https:\/\/padelzoco.es\/#\/schema\/logo\/image\/"}}]}},"_links":{"self":[{"href":"https:\/\/padelzoco.es\/en\/wp-json\/wp\/v2\/product\/30340","targetHints":{"allow":["GET"]}}],"collection":[{"href":"https:\/\/padelzoco.es\/en\/wp-json\/wp\/v2\/product"}],"about":[{"href":"https:\/\/padelzoco.es\/en\/wp-json\/wp\/v2\/types\/product"}],"version-history":[{"count":5,"href":"https:\/\/padelzoco.es\/en\/wp-json\/wp\/v2\/product\/30340\/revisions"}],"predecessor-version":[{"id":38491,"href":"https:\/\/padelzoco.es\/en\/wp-json\/wp\/v2\/product\/30340\/revisions\/38491"}],"wp:featuredmedia":[{"embeddable":true,"href":"https:\/\/padelzoco.es\/en\/wp-json\/wp\/v2\/media\/38151"}],"wp:attachment":[{"href":"https:\/\/padelzoco.es\/en\/wp-json\/wp\/v2\/media?parent=30340"}],"wp:term":[{"taxonomy":"product_brand","embeddable":true,"href":"https:\/\/padelzoco.es\/en\/wp-json\/wp\/v2\/product_brand?post=30340"},{"taxonomy":"product_cat","embeddable":true,"href":"https:\/\/padelzoco.es\/en\/wp-json\/wp\/v2\/product_cat?post=30340"},{"taxonomy":"product_tag","embeddable":true,"href":"https:\/\/padelzoco.es\/en\/wp-json\/wp\/v2\/product_tag?post=30340"}],"curies":[{"name":"wp","href":"https:\/\/api.w.org\/{rel}","templated":true}]}}