{"id":30388,"date":"2025-11-21T19:25:33","date_gmt":"2025-11-21T18:25:33","guid":{"rendered":"https:\/\/padelzoco.es\/?post_type=product&#038;p=30388"},"modified":"2026-03-21T13:59:23","modified_gmt":"2026-03-21T12:59:23","slug":"camiseta-nox-team-regular-roja","status":"publish","type":"product","link":"https:\/\/padelzoco.es\/en\/product\/camiseta-nox-team-regular-roja\/","title":{"rendered":"Camiseta Nox Team Regular Roja"},"content":{"rendered":"<p data-start=\"0\" data-end=\"352\">La Camiseta <strong data-start=\"3\" data-end=\"39\">NOX Team Regular Red<\/strong> est\u00e1 dise\u00f1ada para jugadores que buscan <strong data-start=\"80\" data-end=\"93\">comodidad<\/strong>, <strong data-start=\"95\" data-end=\"115\">transpirabilidad<\/strong> and <strong data-start=\"118\" data-end=\"144\">libertad de movimiento<\/strong> en cada partido. Fabricada con la tecnolog\u00eda <strong data-start=\"190\" data-end=\"211\">NOX Balance Fresh<\/strong>, favorece una \u00f3ptima circulaci\u00f3n del aire y un eficaz control de la humedad, manteni\u00e9ndote fresco incluso en los intercambios m\u00e1s exigentes.<\/p>\n<p data-start=\"354\" data-end=\"636\">Su <strong data-start=\"357\" data-end=\"374\">corte regular<\/strong>, mangas cortas y tejido el\u00e1stico ofrecen un ajuste c\u00f3modo y deportivo, ideal tanto para entrenamientos como para competici\u00f3n. El dise\u00f1o en rojo con detalles en blanco aporta una est\u00e9tica limpia y <strong data-start=\"571\" data-end=\"584\">deportiva<\/strong>, inspirada en la equipaci\u00f3n oficial del equipo NOX.<\/p>\n<p data-start=\"638\" data-end=\"823\">El uso de materiales de alto rendimiento garantiza <strong data-start=\"689\" data-end=\"704\">durabilidad<\/strong>, <strong data-start=\"706\" data-end=\"721\">elasticidad<\/strong> y confort durante todo el d\u00eda, convirti\u00e9ndola en una prenda esencial para cualquier jugador de p\u00e1del.<\/p>\n<p data-start=\"825\" data-end=\"853\"><strong data-start=\"825\" data-end=\"851\">Key Features:<\/strong><\/p>\n<ul data-start=\"854\" data-end=\"1073\">\n<li data-start=\"854\" data-end=\"922\">\n<p data-start=\"856\" data-end=\"922\">Tecnolog\u00eda <strong data-start=\"867\" data-end=\"884\">Balance Fresh<\/strong> para una transpirabilidad superior.<\/p>\n<\/li>\n<li data-start=\"923\" data-end=\"978\">\n<p data-start=\"925\" data-end=\"978\">Tejido t\u00e9cnico suave, ligero y de alto rendimiento.<\/p>\n<\/li>\n<li data-start=\"979\" data-end=\"1036\">\n<p data-start=\"981\" data-end=\"1036\"><strong data-start=\"981\" data-end=\"998\">Corte regular<\/strong> que favorece el movimiento natural.<\/p>\n<\/li>\n<li data-start=\"1037\" data-end=\"1073\">\n<p data-start=\"1039\" data-end=\"1073\">Dise\u00f1o cl\u00e1sico del <strong data-start=\"1058\" data-end=\"1072\">equipo NOX<\/strong>.<\/p>\n<\/li>\n<\/ul>\n<p data-start=\"1075\" data-end=\"1098\"><strong data-start=\"1075\" data-end=\"1096\">Specifications:<\/strong><\/p>\n<ul data-start=\"1099\" data-end=\"1259\">\n<li data-start=\"1099\" data-end=\"1118\">\n<p data-start=\"1101\" data-end=\"1118\">Ajuste: Regular<\/p>\n<\/li>\n<li data-start=\"1119\" data-end=\"1137\">\n<p data-start=\"1121\" data-end=\"1137\">Mangas: Cortas<\/p>\n<\/li>\n<li data-start=\"1138\" data-end=\"1175\">\n<p data-start=\"1140\" data-end=\"1175\">Tecnolog\u00eda: <strong data-start=\"1152\" data-end=\"1173\">NOX Balance Fresh<\/strong><\/p>\n<\/li>\n<li data-start=\"1176\" data-end=\"1220\">\n<p data-start=\"1178\" data-end=\"1220\">Composici\u00f3n: 90% poli\u00e9ster, 10% elastano<\/p>\n<\/li>\n<li data-start=\"1221\" data-end=\"1259\">\n<p data-start=\"1223\" data-end=\"1259\">Color: Rojo con detalles en blanco<\/p>\n<\/li>\n<\/ul>","protected":false},"excerpt":{"rendered":"<p data-start=\"145\" data-end=\"349\">Camiseta NOX Team Red con tecnolog\u00eda Balance Fresh, dise\u00f1o ligero y corte regular para m\u00e1xima comodidad y transpirabilidad en pista.<\/p>","protected":false},"featured_media":30396,"template":"","meta":[],"product_brand":[],"product_cat":[611,697,603],"product_tag":[],"class_list":{"0":"post-30388","1":"product","2":"type-product","3":"status-publish","4":"has-post-thumbnail","6":"product_cat-camisetas-ropa","7":"product_cat-nox-padel","8":"product_cat-nox-ropa","9":"pa_brand-nox","10":"pa_color-rosa","11":"pa_country_of_origin-china","12":"pa_hs_code-997","13":"pa_size-l","14":"pa_size-m","15":"pa_size-s","16":"pa_size-xl","17":"pa_size-xxl","19":"first","20":"instock","21":"sale","22":"taxable","23":"shipping-taxable","24":"purchasable","25":"product-type-variable"},"yoast_head":"<!-- This site is optimized with the Yoast SEO plugin v27.3 - https:\/\/yoast.com\/product\/yoast-seo-wordpress\/ -->\n<title>Camiseta Nox Team Regular Roja - Padel Zoco<\/title>\n<meta name=\"description\" content=\"Camiseta NOX Team Red para hombre: tecnolog\u00eda Balance Fresh, tejido ligero y corte regular. Comodidad, transpirabilidad y estilo para jugadores exigentes.\" \/>\n<meta name=\"robots\" content=\"index, follow, max-snippet:-1, max-image-preview:large, max-video-preview:-1\" \/>\n<link rel=\"canonical\" href=\"https:\/\/padelzoco.es\/en\/product\/camiseta-nox-team-regular-roja\/\" \/>\n<meta property=\"og:locale\" content=\"en_GB\" \/>\n<meta property=\"og:type\" content=\"article\" \/>\n<meta property=\"og:title\" content=\"Camiseta Nox Team Regular Roja - Padel Zoco\" \/>\n<meta property=\"og:description\" content=\"Camiseta NOX Team Red para hombre: tecnolog\u00eda Balance Fresh, tejido ligero y corte regular. Comodidad, transpirabilidad y estilo para jugadores exigentes.\" \/>\n<meta property=\"og:url\" content=\"https:\/\/padelzoco.es\/en\/product\/camiseta-nox-team-regular-roja\/\" \/>\n<meta property=\"og:site_name\" content=\"Padel Zoco\" \/>\n<meta property=\"article:modified_time\" content=\"2026-03-21T12:59:23+00:00\" \/>\n<meta property=\"og:image\" content=\"https:\/\/padelzoco.es\/wp-content\/uploads\/2025\/11\/NOX-Team-Men-Padel-Shirt-Red-01.webp\" \/>\n\t<meta property=\"og:image:width\" content=\"1400\" \/>\n\t<meta property=\"og:image:height\" content=\"1400\" \/>\n\t<meta property=\"og:image:type\" content=\"image\/webp\" \/>\n<meta name=\"twitter:card\" content=\"summary_large_image\" \/>\n<meta name=\"twitter:label1\" content=\"Estimated reading time\" \/>\n\t<meta name=\"twitter:data1\" content=\"1 minute\" \/>\n<script type=\"application\/ld+json\" class=\"yoast-schema-graph\">{\"@context\":\"https:\\\/\\\/schema.org\",\"@graph\":[{\"@type\":\"WebPage\",\"@id\":\"https:\\\/\\\/padelzoco.es\\\/product\\\/camiseta-nox-team-regular-roja\\\/\",\"url\":\"https:\\\/\\\/padelzoco.es\\\/product\\\/camiseta-nox-team-regular-roja\\\/\",\"name\":\"Camiseta Nox Team Regular Roja - Padel Zoco\",\"isPartOf\":{\"@id\":\"https:\\\/\\\/padelzoco.es\\\/#website\"},\"primaryImageOfPage\":{\"@id\":\"https:\\\/\\\/padelzoco.es\\\/product\\\/camiseta-nox-team-regular-roja\\\/#primaryimage\"},\"image\":{\"@id\":\"https:\\\/\\\/padelzoco.es\\\/product\\\/camiseta-nox-team-regular-roja\\\/#primaryimage\"},\"thumbnailUrl\":\"https:\\\/\\\/padelzoco.es\\\/wp-content\\\/uploads\\\/2025\\\/11\\\/NOX-Team-Men-Padel-Shirt-Red-01.webp\",\"datePublished\":\"2025-11-21T18:25:33+00:00\",\"dateModified\":\"2026-03-21T12:59:23+00:00\",\"description\":\"Camiseta NOX Team Red para hombre: tecnolog\u00eda Balance Fresh, tejido ligero y corte regular. Comodidad, transpirabilidad y estilo para jugadores exigentes.\",\"breadcrumb\":{\"@id\":\"https:\\\/\\\/padelzoco.es\\\/product\\\/camiseta-nox-team-regular-roja\\\/#breadcrumb\"},\"inLanguage\":\"en-GB\",\"potentialAction\":[{\"@type\":\"ReadAction\",\"target\":[\"https:\\\/\\\/padelzoco.es\\\/product\\\/camiseta-nox-team-regular-roja\\\/\"]}]},{\"@type\":\"ImageObject\",\"inLanguage\":\"en-GB\",\"@id\":\"https:\\\/\\\/padelzoco.es\\\/product\\\/camiseta-nox-team-regular-roja\\\/#primaryimage\",\"url\":\"https:\\\/\\\/padelzoco.es\\\/wp-content\\\/uploads\\\/2025\\\/11\\\/NOX-Team-Men-Padel-Shirt-Red-01.webp\",\"contentUrl\":\"https:\\\/\\\/padelzoco.es\\\/wp-content\\\/uploads\\\/2025\\\/11\\\/NOX-Team-Men-Padel-Shirt-Red-01.webp\",\"width\":1400,\"height\":1400,\"caption\":\"NOX Team Men Padel Shirt Red 01\"},{\"@type\":\"BreadcrumbList\",\"@id\":\"https:\\\/\\\/padelzoco.es\\\/product\\\/camiseta-nox-team-regular-roja\\\/#breadcrumb\",\"itemListElement\":[{\"@type\":\"ListItem\",\"position\":1,\"name\":\"Home\",\"item\":\"https:\\\/\\\/padelzoco.es\\\/\"},{\"@type\":\"ListItem\",\"position\":2,\"name\":\"Padel Zoco\",\"item\":\"https:\\\/\\\/padelzoco.es\\\/padel-zoco\\\/\"},{\"@type\":\"ListItem\",\"position\":3,\"name\":\"Camiseta Nox Team Regular Roja\"}]},{\"@type\":\"WebSite\",\"@id\":\"https:\\\/\\\/padelzoco.es\\\/#website\",\"url\":\"https:\\\/\\\/padelzoco.es\\\/\",\"name\":\"Padel Zoco\",\"description\":\"Padel Zoco | Spain\",\"publisher\":{\"@id\":\"https:\\\/\\\/padelzoco.es\\\/#organization\"},\"potentialAction\":[{\"@type\":\"SearchAction\",\"target\":{\"@type\":\"EntryPoint\",\"urlTemplate\":\"https:\\\/\\\/padelzoco.es\\\/?s={search_term_string}\"},\"query-input\":{\"@type\":\"PropertyValueSpecification\",\"valueRequired\":true,\"valueName\":\"search_term_string\"}}],\"inLanguage\":\"en-GB\"},{\"@type\":\"Organization\",\"@id\":\"https:\\\/\\\/padelzoco.es\\\/#organization\",\"name\":\"Padel Zoco\",\"url\":\"https:\\\/\\\/padelzoco.es\\\/\",\"logo\":{\"@type\":\"ImageObject\",\"inLanguage\":\"en-GB\",\"@id\":\"https:\\\/\\\/padelzoco.es\\\/#\\\/schema\\\/logo\\\/image\\\/\",\"url\":\"https:\\\/\\\/padelzoco.es\\\/wp-content\\\/uploads\\\/2023\\\/11\\\/PadelZoco_Logo_black_white.webp\",\"contentUrl\":\"https:\\\/\\\/padelzoco.es\\\/wp-content\\\/uploads\\\/2023\\\/11\\\/PadelZoco_Logo_black_white.webp\",\"width\":1500,\"height\":631,\"caption\":\"Padel Zoco\"},\"image\":{\"@id\":\"https:\\\/\\\/padelzoco.es\\\/#\\\/schema\\\/logo\\\/image\\\/\"}}]}<\/script>\n<!-- \/ Yoast SEO plugin. -->","yoast_head_json":{"title":"Camiseta Nox Team Regular Roja - Padel Zoco","description":"Camiseta NOX Team Red para hombre: tecnolog\u00eda Balance Fresh, tejido ligero y corte regular. Comodidad, transpirabilidad y estilo para jugadores exigentes.","robots":{"index":"index","follow":"follow","max-snippet":"max-snippet:-1","max-image-preview":"max-image-preview:large","max-video-preview":"max-video-preview:-1"},"canonical":"https:\/\/padelzoco.es\/en\/product\/camiseta-nox-team-regular-roja\/","og_locale":"en_GB","og_type":"article","og_title":"Camiseta Nox Team Regular Roja - Padel Zoco","og_description":"Camiseta NOX Team Red para hombre: tecnolog\u00eda Balance Fresh, tejido ligero y corte regular. Comodidad, transpirabilidad y estilo para jugadores exigentes.","og_url":"https:\/\/padelzoco.es\/en\/product\/camiseta-nox-team-regular-roja\/","og_site_name":"Padel Zoco","article_modified_time":"2026-03-21T12:59:23+00:00","og_image":[{"width":1400,"height":1400,"url":"https:\/\/padelzoco.es\/wp-content\/uploads\/2025\/11\/NOX-Team-Men-Padel-Shirt-Red-01.webp","type":"image\/webp"}],"twitter_card":"summary_large_image","twitter_misc":{"Estimated reading time":"1 minute"},"schema":{"@context":"https:\/\/schema.org","@graph":[{"@type":"WebPage","@id":"https:\/\/padelzoco.es\/product\/camiseta-nox-team-regular-roja\/","url":"https:\/\/padelzoco.es\/product\/camiseta-nox-team-regular-roja\/","name":"Camiseta Nox Team Regular Roja - Padel Zoco","isPartOf":{"@id":"https:\/\/padelzoco.es\/#website"},"primaryImageOfPage":{"@id":"https:\/\/padelzoco.es\/product\/camiseta-nox-team-regular-roja\/#primaryimage"},"image":{"@id":"https:\/\/padelzoco.es\/product\/camiseta-nox-team-regular-roja\/#primaryimage"},"thumbnailUrl":"https:\/\/padelzoco.es\/wp-content\/uploads\/2025\/11\/NOX-Team-Men-Padel-Shirt-Red-01.webp","datePublished":"2025-11-21T18:25:33+00:00","dateModified":"2026-03-21T12:59:23+00:00","description":"Camiseta NOX Team Red para hombre: tecnolog\u00eda Balance Fresh, tejido ligero y corte regular. Comodidad, transpirabilidad y estilo para jugadores exigentes.","breadcrumb":{"@id":"https:\/\/padelzoco.es\/product\/camiseta-nox-team-regular-roja\/#breadcrumb"},"inLanguage":"en-GB","potentialAction":[{"@type":"ReadAction","target":["https:\/\/padelzoco.es\/product\/camiseta-nox-team-regular-roja\/"]}]},{"@type":"ImageObject","inLanguage":"en-GB","@id":"https:\/\/padelzoco.es\/product\/camiseta-nox-team-regular-roja\/#primaryimage","url":"https:\/\/padelzoco.es\/wp-content\/uploads\/2025\/11\/NOX-Team-Men-Padel-Shirt-Red-01.webp","contentUrl":"https:\/\/padelzoco.es\/wp-content\/uploads\/2025\/11\/NOX-Team-Men-Padel-Shirt-Red-01.webp","width":1400,"height":1400,"caption":"NOX Team Men Padel Shirt Red 01"},{"@type":"BreadcrumbList","@id":"https:\/\/padelzoco.es\/product\/camiseta-nox-team-regular-roja\/#breadcrumb","itemListElement":[{"@type":"ListItem","position":1,"name":"Home","item":"https:\/\/padelzoco.es\/"},{"@type":"ListItem","position":2,"name":"Padel Zoco","item":"https:\/\/padelzoco.es\/padel-zoco\/"},{"@type":"ListItem","position":3,"name":"Camiseta Nox Team Regular Roja"}]},{"@type":"WebSite","@id":"https:\/\/padelzoco.es\/#website","url":"https:\/\/padelzoco.es\/","name":"Padel Zoco","description":"Padel Zoco | Spain","publisher":{"@id":"https:\/\/padelzoco.es\/#organization"},"potentialAction":[{"@type":"SearchAction","target":{"@type":"EntryPoint","urlTemplate":"https:\/\/padelzoco.es\/?s={search_term_string}"},"query-input":{"@type":"PropertyValueSpecification","valueRequired":true,"valueName":"search_term_string"}}],"inLanguage":"en-GB"},{"@type":"Organization","@id":"https:\/\/padelzoco.es\/#organization","name":"Padel Zoco","url":"https:\/\/padelzoco.es\/","logo":{"@type":"ImageObject","inLanguage":"en-GB","@id":"https:\/\/padelzoco.es\/#\/schema\/logo\/image\/","url":"https:\/\/padelzoco.es\/wp-content\/uploads\/2023\/11\/PadelZoco_Logo_black_white.webp","contentUrl":"https:\/\/padelzoco.es\/wp-content\/uploads\/2023\/11\/PadelZoco_Logo_black_white.webp","width":1500,"height":631,"caption":"Padel Zoco"},"image":{"@id":"https:\/\/padelzoco.es\/#\/schema\/logo\/image\/"}}]}},"_links":{"self":[{"href":"https:\/\/padelzoco.es\/en\/wp-json\/wp\/v2\/product\/30388","targetHints":{"allow":["GET"]}}],"collection":[{"href":"https:\/\/padelzoco.es\/en\/wp-json\/wp\/v2\/product"}],"about":[{"href":"https:\/\/padelzoco.es\/en\/wp-json\/wp\/v2\/types\/product"}],"version-history":[{"count":4,"href":"https:\/\/padelzoco.es\/en\/wp-json\/wp\/v2\/product\/30388\/revisions"}],"predecessor-version":[{"id":30411,"href":"https:\/\/padelzoco.es\/en\/wp-json\/wp\/v2\/product\/30388\/revisions\/30411"}],"wp:featuredmedia":[{"embeddable":true,"href":"https:\/\/padelzoco.es\/en\/wp-json\/wp\/v2\/media\/30396"}],"wp:attachment":[{"href":"https:\/\/padelzoco.es\/en\/wp-json\/wp\/v2\/media?parent=30388"}],"wp:term":[{"taxonomy":"product_brand","embeddable":true,"href":"https:\/\/padelzoco.es\/en\/wp-json\/wp\/v2\/product_brand?post=30388"},{"taxonomy":"product_cat","embeddable":true,"href":"https:\/\/padelzoco.es\/en\/wp-json\/wp\/v2\/product_cat?post=30388"},{"taxonomy":"product_tag","embeddable":true,"href":"https:\/\/padelzoco.es\/en\/wp-json\/wp\/v2\/product_tag?post=30388"}],"curies":[{"name":"wp","href":"https:\/\/api.w.org\/{rel}","templated":true}]}}