{"id":31308,"date":"2025-12-05T23:33:39","date_gmt":"2025-12-05T22:33:39","guid":{"rendered":"https:\/\/padelzoco.es\/?post_type=product&#038;p=31308"},"modified":"2026-04-30T19:15:37","modified_gmt":"2026-04-30T18:15:37","slug":"paletero-head-base-padel-navy","status":"publish","type":"product","link":"https:\/\/padelzoco.es\/en\/product\/paletero-head-base-padel-navy\/","title":{"rendered":"Paletero Head Base Padel Navy"},"content":{"rendered":"<p data-start=\"0\" data-end=\"357\"><span data-start=\"3\" data-end=\"26\">EL Paletero <\/span><strong data-start=\"3\" data-end=\"26\">HEAD Base Padel<\/strong>\u00a0est\u00e1 dise\u00f1ada para jugadores que buscan <strong data-start=\"67\" data-end=\"120\">durabilidad, comodidad y almacenamiento eficiente<\/strong> para el uso diario en p\u00e1del. Actualizada con una nueva <strong data-start=\"176\" data-end=\"196\">forma ergon\u00f3mica<\/strong> y una <strong data-start=\"203\" data-end=\"227\">estructura reforzada<\/strong>, esta paletera ofrece mayor <strong data-start=\"256\" data-end=\"271\">estabilidad<\/strong> and <strong data-start=\"274\" data-end=\"288\">protecci\u00f3n<\/strong> para tu equipamiento durante los desplazamientos o entrenamientos.<\/p>\n<p data-start=\"359\" data-end=\"711\">El sistema de asas redise\u00f1ado y las <strong data-start=\"395\" data-end=\"419\">correas tipo mochila<\/strong> permiten un transporte m\u00e1s c\u00f3modo, tanto si vas andando a la pista como si vas en transporte. En el interior, dispone de <strong data-start=\"541\" data-end=\"571\">dos grandes compartimentos<\/strong> con espacio para varias palas, ropa y accesorios. Un <strong data-start=\"625\" data-end=\"653\">bolsillo para accesorios<\/strong> mantiene los objetos peque\u00f1os organizados y accesibles.<\/p>\n<p data-start=\"713\" data-end=\"931\">Su dise\u00f1o <strong data-start=\"723\" data-end=\"744\">moderno y premium<\/strong> mejora tu estilo en pista, mientras que la <strong data-start=\"788\" data-end=\"810\">etiqueta ecol\u00f3gica<\/strong> fabricada con papel reciclado y cuerda de c\u00e1\u00f1amo refleja el compromiso de HEAD con la reducci\u00f3n de residuos pl\u00e1sticos.<\/p>\n<p data-start=\"933\" data-end=\"1085\">Fabricada en <strong data-start=\"946\" data-end=\"975\">poli\u00e9ster resistente 100%<\/strong>, esta bolsa est\u00e1 preparada para el uso frecuente, manteniendo tu equipamiento protegido y listo para jugar.<\/p>\n<p data-start=\"1087\" data-end=\"1119\"><strong data-start=\"1087\" data-end=\"1117\">Caracter\u00edsticas destacadas<\/strong><\/p>\n<ul data-start=\"1120\" data-end=\"1543\">\n<li data-start=\"1120\" data-end=\"1172\">\n<p data-start=\"1122\" data-end=\"1172\">Nueva <strong data-start=\"1128\" data-end=\"1148\">forma ergon\u00f3mica<\/strong> para mejor equilibrio<\/p>\n<\/li>\n<li data-start=\"1173\" data-end=\"1231\">\n<p data-start=\"1175\" data-end=\"1231\"><strong data-start=\"1175\" data-end=\"1199\">Estructura reforzada<\/strong> para estabilidad y protecci\u00f3n<\/p>\n<\/li>\n<li data-start=\"1232\" data-end=\"1274\">\n<p data-start=\"1234\" data-end=\"1274\"><strong data-start=\"1234\" data-end=\"1272\">Sistema de transporte tipo mochila<\/strong><\/p>\n<\/li>\n<li data-start=\"1275\" data-end=\"1329\">\n<p data-start=\"1277\" data-end=\"1329\"><strong data-start=\"1277\" data-end=\"1298\">Asas actualizadas<\/strong> para facilitar el transporte<\/p>\n<\/li>\n<li data-start=\"1330\" data-end=\"1382\">\n<p data-start=\"1332\" data-end=\"1382\"><strong data-start=\"1332\" data-end=\"1362\">Dos compartimentos amplios<\/strong> para palas y ropa<\/p>\n<\/li>\n<li data-start=\"1383\" data-end=\"1415\">\n<p data-start=\"1385\" data-end=\"1415\"><strong data-start=\"1385\" data-end=\"1413\">Bolsillo para accesorios<\/strong><\/p>\n<\/li>\n<li data-start=\"1416\" data-end=\"1448\">\n<p data-start=\"1418\" data-end=\"1448\">Dise\u00f1o <strong data-start=\"1425\" data-end=\"1446\">premium y moderno<\/strong><\/p>\n<\/li>\n<li data-start=\"1449\" data-end=\"1500\">\n<p data-start=\"1451\" data-end=\"1500\"><strong data-start=\"1451\" data-end=\"1473\">Etiqueta ecol\u00f3gica<\/strong> de materiales reciclados<\/p>\n<\/li>\n<li data-start=\"1501\" data-end=\"1543\">\n<p data-start=\"1503\" data-end=\"1543\">100% <strong data-start=\"1508\" data-end=\"1521\">Poli\u00e9ster<\/strong> interior y exterior<\/p>\n<\/li>\n<\/ul>","protected":false},"excerpt":{"rendered":"<p data-start=\"186\" data-end=\"563\">Paletero HEAD resistente con forma ergon\u00f3mica, dos compartimentos amplios y sistema tipo mochila para m\u00e1xima comodidad diaria.<\/p>","protected":false},"featured_media":31303,"template":"","meta":[],"product_brand":[],"product_cat":[636,626,748,699],"product_tag":[],"class_list":{"0":"post-31308","1":"product","2":"type-product","3":"status-publish","4":"has-post-thumbnail","6":"product_cat-bolsa","7":"product_cat-bolsas","8":"product_cat-head-bolsas","9":"product_cat-wilson-padel","10":"pa_brand-head","11":"pa_country_of_origin-china","12":"pa_hs_code-673","14":"first","15":"instock","16":"sale","17":"taxable","18":"shipping-taxable","19":"purchasable","20":"product-type-simple"},"yoast_head":"<!-- This site is optimized with the Yoast SEO plugin v27.5 - https:\/\/yoast.com\/product\/yoast-seo-wordpress\/ -->\n<title>Paletero Head Base Padel Navy - Padel Zoco<\/title>\n<meta name=\"description\" content=\"Paletero HEAD Base Padel: paletero ergon\u00f3mico con estructura reforzada, doble compartimento y transporte tipo mochila. Dise\u00f1o moderno y duradero.\" \/>\n<meta name=\"robots\" content=\"index, follow, max-snippet:-1, max-image-preview:large, max-video-preview:-1\" \/>\n<link rel=\"canonical\" href=\"https:\/\/padelzoco.es\/en\/product\/paletero-head-base-padel-navy\/\" \/>\n<meta property=\"og:locale\" content=\"en_GB\" \/>\n<meta property=\"og:type\" content=\"article\" \/>\n<meta property=\"og:title\" content=\"Paletero Head Base Padel Navy - Padel Zoco\" \/>\n<meta property=\"og:description\" content=\"Paletero HEAD Base Padel: paletero ergon\u00f3mico con estructura reforzada, doble compartimento y transporte tipo mochila. Dise\u00f1o moderno y duradero.\" \/>\n<meta property=\"og:url\" content=\"https:\/\/padelzoco.es\/en\/product\/paletero-head-base-padel-navy\/\" \/>\n<meta property=\"og:site_name\" content=\"Padel Zoco\" \/>\n<meta property=\"article:modified_time\" content=\"2026-04-30T18:15:37+00:00\" \/>\n<meta property=\"og:image\" content=\"https:\/\/padelzoco.es\/wp-content\/uploads\/2025\/12\/HEAD-Base-Padel-Bag-004.webp\" \/>\n\t<meta property=\"og:image:width\" content=\"1400\" \/>\n\t<meta property=\"og:image:height\" content=\"1400\" \/>\n\t<meta property=\"og:image:type\" content=\"image\/webp\" \/>\n<meta name=\"twitter:card\" content=\"summary_large_image\" \/>\n<meta name=\"twitter:label1\" content=\"Estimated reading time\" \/>\n\t<meta name=\"twitter:data1\" content=\"2 minutes\" \/>\n<script type=\"application\/ld+json\" class=\"yoast-schema-graph\">{\"@context\":\"https:\\\/\\\/schema.org\",\"@graph\":[{\"@type\":\"WebPage\",\"@id\":\"https:\\\/\\\/padelzoco.es\\\/product\\\/paletero-head-base-padel-navy\\\/\",\"url\":\"https:\\\/\\\/padelzoco.es\\\/product\\\/paletero-head-base-padel-navy\\\/\",\"name\":\"Paletero Head Base Padel Navy - Padel Zoco\",\"isPartOf\":{\"@id\":\"https:\\\/\\\/padelzoco.es\\\/#website\"},\"primaryImageOfPage\":{\"@id\":\"https:\\\/\\\/padelzoco.es\\\/product\\\/paletero-head-base-padel-navy\\\/#primaryimage\"},\"image\":{\"@id\":\"https:\\\/\\\/padelzoco.es\\\/product\\\/paletero-head-base-padel-navy\\\/#primaryimage\"},\"thumbnailUrl\":\"https:\\\/\\\/padelzoco.es\\\/wp-content\\\/uploads\\\/2025\\\/12\\\/HEAD-Base-Padel-Bag-004.webp\",\"datePublished\":\"2025-12-05T22:33:39+00:00\",\"dateModified\":\"2026-04-30T18:15:37+00:00\",\"description\":\"Paletero HEAD Base Padel: paletero ergon\u00f3mico con estructura reforzada, doble compartimento y transporte tipo mochila. Dise\u00f1o moderno y duradero.\",\"breadcrumb\":{\"@id\":\"https:\\\/\\\/padelzoco.es\\\/product\\\/paletero-head-base-padel-navy\\\/#breadcrumb\"},\"inLanguage\":\"en-GB\",\"potentialAction\":[{\"@type\":\"ReadAction\",\"target\":[\"https:\\\/\\\/padelzoco.es\\\/product\\\/paletero-head-base-padel-navy\\\/\"]}]},{\"@type\":\"ImageObject\",\"inLanguage\":\"en-GB\",\"@id\":\"https:\\\/\\\/padelzoco.es\\\/product\\\/paletero-head-base-padel-navy\\\/#primaryimage\",\"url\":\"https:\\\/\\\/padelzoco.es\\\/wp-content\\\/uploads\\\/2025\\\/12\\\/HEAD-Base-Padel-Bag-004.webp\",\"contentUrl\":\"https:\\\/\\\/padelzoco.es\\\/wp-content\\\/uploads\\\/2025\\\/12\\\/HEAD-Base-Padel-Bag-004.webp\",\"width\":1400,\"height\":1400,\"caption\":\"HEAD Base Padel Bag 004\"},{\"@type\":\"BreadcrumbList\",\"@id\":\"https:\\\/\\\/padelzoco.es\\\/product\\\/paletero-head-base-padel-navy\\\/#breadcrumb\",\"itemListElement\":[{\"@type\":\"ListItem\",\"position\":1,\"name\":\"Home\",\"item\":\"https:\\\/\\\/padelzoco.es\\\/\"},{\"@type\":\"ListItem\",\"position\":2,\"name\":\"Padel Zoco\",\"item\":\"https:\\\/\\\/padelzoco.es\\\/padel-zoco\\\/\"},{\"@type\":\"ListItem\",\"position\":3,\"name\":\"Paletero Head Base Padel Navy\"}]},{\"@type\":\"WebSite\",\"@id\":\"https:\\\/\\\/padelzoco.es\\\/#website\",\"url\":\"https:\\\/\\\/padelzoco.es\\\/\",\"name\":\"Padel Zoco\",\"description\":\"Padel Zoco | Spain\",\"publisher\":{\"@id\":\"https:\\\/\\\/padelzoco.es\\\/#organization\"},\"potentialAction\":[{\"@type\":\"SearchAction\",\"target\":{\"@type\":\"EntryPoint\",\"urlTemplate\":\"https:\\\/\\\/padelzoco.es\\\/?s={search_term_string}\"},\"query-input\":{\"@type\":\"PropertyValueSpecification\",\"valueRequired\":true,\"valueName\":\"search_term_string\"}}],\"inLanguage\":\"en-GB\"},{\"@type\":\"Organization\",\"@id\":\"https:\\\/\\\/padelzoco.es\\\/#organization\",\"name\":\"Padel Zoco\",\"url\":\"https:\\\/\\\/padelzoco.es\\\/\",\"logo\":{\"@type\":\"ImageObject\",\"inLanguage\":\"en-GB\",\"@id\":\"https:\\\/\\\/padelzoco.es\\\/#\\\/schema\\\/logo\\\/image\\\/\",\"url\":\"https:\\\/\\\/padelzoco.es\\\/wp-content\\\/uploads\\\/2023\\\/11\\\/PadelZoco_Logo_black_white.webp\",\"contentUrl\":\"https:\\\/\\\/padelzoco.es\\\/wp-content\\\/uploads\\\/2023\\\/11\\\/PadelZoco_Logo_black_white.webp\",\"width\":1500,\"height\":631,\"caption\":\"Padel Zoco\"},\"image\":{\"@id\":\"https:\\\/\\\/padelzoco.es\\\/#\\\/schema\\\/logo\\\/image\\\/\"}}]}<\/script>\n<!-- \/ Yoast SEO plugin. -->","yoast_head_json":{"title":"Paletero Head Base Padel Navy - Padel Zoco","description":"Paletero HEAD Base Padel: paletero ergon\u00f3mico con estructura reforzada, doble compartimento y transporte tipo mochila. Dise\u00f1o moderno y duradero.","robots":{"index":"index","follow":"follow","max-snippet":"max-snippet:-1","max-image-preview":"max-image-preview:large","max-video-preview":"max-video-preview:-1"},"canonical":"https:\/\/padelzoco.es\/en\/product\/paletero-head-base-padel-navy\/","og_locale":"en_GB","og_type":"article","og_title":"Paletero Head Base Padel Navy - Padel Zoco","og_description":"Paletero HEAD Base Padel: paletero ergon\u00f3mico con estructura reforzada, doble compartimento y transporte tipo mochila. Dise\u00f1o moderno y duradero.","og_url":"https:\/\/padelzoco.es\/en\/product\/paletero-head-base-padel-navy\/","og_site_name":"Padel Zoco","article_modified_time":"2026-04-30T18:15:37+00:00","og_image":[{"width":1400,"height":1400,"url":"https:\/\/padelzoco.es\/wp-content\/uploads\/2025\/12\/HEAD-Base-Padel-Bag-004.webp","type":"image\/webp"}],"twitter_card":"summary_large_image","twitter_misc":{"Estimated reading time":"2 minutes"},"schema":{"@context":"https:\/\/schema.org","@graph":[{"@type":"WebPage","@id":"https:\/\/padelzoco.es\/product\/paletero-head-base-padel-navy\/","url":"https:\/\/padelzoco.es\/product\/paletero-head-base-padel-navy\/","name":"Paletero Head Base Padel Navy - Padel Zoco","isPartOf":{"@id":"https:\/\/padelzoco.es\/#website"},"primaryImageOfPage":{"@id":"https:\/\/padelzoco.es\/product\/paletero-head-base-padel-navy\/#primaryimage"},"image":{"@id":"https:\/\/padelzoco.es\/product\/paletero-head-base-padel-navy\/#primaryimage"},"thumbnailUrl":"https:\/\/padelzoco.es\/wp-content\/uploads\/2025\/12\/HEAD-Base-Padel-Bag-004.webp","datePublished":"2025-12-05T22:33:39+00:00","dateModified":"2026-04-30T18:15:37+00:00","description":"Paletero HEAD Base Padel: paletero ergon\u00f3mico con estructura reforzada, doble compartimento y transporte tipo mochila. Dise\u00f1o moderno y duradero.","breadcrumb":{"@id":"https:\/\/padelzoco.es\/product\/paletero-head-base-padel-navy\/#breadcrumb"},"inLanguage":"en-GB","potentialAction":[{"@type":"ReadAction","target":["https:\/\/padelzoco.es\/product\/paletero-head-base-padel-navy\/"]}]},{"@type":"ImageObject","inLanguage":"en-GB","@id":"https:\/\/padelzoco.es\/product\/paletero-head-base-padel-navy\/#primaryimage","url":"https:\/\/padelzoco.es\/wp-content\/uploads\/2025\/12\/HEAD-Base-Padel-Bag-004.webp","contentUrl":"https:\/\/padelzoco.es\/wp-content\/uploads\/2025\/12\/HEAD-Base-Padel-Bag-004.webp","width":1400,"height":1400,"caption":"HEAD Base Padel Bag 004"},{"@type":"BreadcrumbList","@id":"https:\/\/padelzoco.es\/product\/paletero-head-base-padel-navy\/#breadcrumb","itemListElement":[{"@type":"ListItem","position":1,"name":"Home","item":"https:\/\/padelzoco.es\/"},{"@type":"ListItem","position":2,"name":"Padel Zoco","item":"https:\/\/padelzoco.es\/padel-zoco\/"},{"@type":"ListItem","position":3,"name":"Paletero Head Base Padel Navy"}]},{"@type":"WebSite","@id":"https:\/\/padelzoco.es\/#website","url":"https:\/\/padelzoco.es\/","name":"Padel Zoco","description":"Padel Zoco | Spain","publisher":{"@id":"https:\/\/padelzoco.es\/#organization"},"potentialAction":[{"@type":"SearchAction","target":{"@type":"EntryPoint","urlTemplate":"https:\/\/padelzoco.es\/?s={search_term_string}"},"query-input":{"@type":"PropertyValueSpecification","valueRequired":true,"valueName":"search_term_string"}}],"inLanguage":"en-GB"},{"@type":"Organization","@id":"https:\/\/padelzoco.es\/#organization","name":"Padel Zoco","url":"https:\/\/padelzoco.es\/","logo":{"@type":"ImageObject","inLanguage":"en-GB","@id":"https:\/\/padelzoco.es\/#\/schema\/logo\/image\/","url":"https:\/\/padelzoco.es\/wp-content\/uploads\/2023\/11\/PadelZoco_Logo_black_white.webp","contentUrl":"https:\/\/padelzoco.es\/wp-content\/uploads\/2023\/11\/PadelZoco_Logo_black_white.webp","width":1500,"height":631,"caption":"Padel Zoco"},"image":{"@id":"https:\/\/padelzoco.es\/#\/schema\/logo\/image\/"}}]}},"_links":{"self":[{"href":"https:\/\/padelzoco.es\/en\/wp-json\/wp\/v2\/product\/31308","targetHints":{"allow":["GET"]}}],"collection":[{"href":"https:\/\/padelzoco.es\/en\/wp-json\/wp\/v2\/product"}],"about":[{"href":"https:\/\/padelzoco.es\/en\/wp-json\/wp\/v2\/types\/product"}],"version-history":[{"count":3,"href":"https:\/\/padelzoco.es\/en\/wp-json\/wp\/v2\/product\/31308\/revisions"}],"predecessor-version":[{"id":31375,"href":"https:\/\/padelzoco.es\/en\/wp-json\/wp\/v2\/product\/31308\/revisions\/31375"}],"wp:featuredmedia":[{"embeddable":true,"href":"https:\/\/padelzoco.es\/en\/wp-json\/wp\/v2\/media\/31303"}],"wp:attachment":[{"href":"https:\/\/padelzoco.es\/en\/wp-json\/wp\/v2\/media?parent=31308"}],"wp:term":[{"taxonomy":"product_brand","embeddable":true,"href":"https:\/\/padelzoco.es\/en\/wp-json\/wp\/v2\/product_brand?post=31308"},{"taxonomy":"product_cat","embeddable":true,"href":"https:\/\/padelzoco.es\/en\/wp-json\/wp\/v2\/product_cat?post=31308"},{"taxonomy":"product_tag","embeddable":true,"href":"https:\/\/padelzoco.es\/en\/wp-json\/wp\/v2\/product_tag?post=31308"}],"curies":[{"name":"wp","href":"https:\/\/api.w.org\/{rel}","templated":true}]}}