{"id":31388,"date":"2025-12-10T10:06:50","date_gmt":"2025-12-10T09:06:50","guid":{"rendered":"https:\/\/padelzoco.es\/?post_type=product&#038;p=31388"},"modified":"2026-04-30T19:29:47","modified_gmt":"2026-04-30T18:29:47","slug":"camiseta-babolat-crew-neck-tee-padel-juan-lebron-orange","status":"publish","type":"product","link":"https:\/\/padelzoco.es\/en\/product\/camiseta-babolat-crew-neck-tee-padel-juan-lebron-orange\/","title":{"rendered":"Camiseta Babolat Crew Neck Tee Padel Juan Lebr\u00f3n Orange"},"content":{"rendered":"<p data-start=\"0\" data-end=\"349\">La <strong data-start=\"3\" data-end=\"41\">Camiseta BABOLAT Juan Lebr\u00f3n Padel<\/strong> combina un dise\u00f1o de <strong data-start=\"63\" data-end=\"83\">alto rendimiento<\/strong> con el estilo din\u00e1mico de uno de los jugadores m\u00e1s influyentes del <strong data-start=\"151\" data-end=\"160\">p\u00e1del<\/strong>. Pensada para quienes buscan <strong data-start=\"190\" data-end=\"203\">comodidad<\/strong>, <strong data-start=\"205\" data-end=\"218\">movilidad<\/strong> y una est\u00e9tica profesional, esta camiseta est\u00e1 dise\u00f1ada para soportar movimientos r\u00e1pidos e intensos durante el juego competitivo.<\/p>\n<p data-start=\"351\" data-end=\"752\">Fabricada con un 90,35% de <strong data-start=\"378\" data-end=\"401\">poli\u00e9ster reciclado<\/strong> y 9,65% de <strong data-start=\"413\" data-end=\"425\">elastano<\/strong>, su tejido t\u00e9cnico ofrece un tacto suave y ligero que mejora la <strong data-start=\"490\" data-end=\"505\">ventilaci\u00f3n<\/strong> y evac\u00faa r\u00e1pidamente la <strong data-start=\"530\" data-end=\"541\">humedad<\/strong> de la piel, manteni\u00e9ndote seco y c\u00f3modo incluso en partidos largos o entrenamientos exigentes. Su elasticidad a\u00f1ade total libertad de movimiento para reaccionar r\u00e1pido y desplazarte con naturalidad en la pista.<\/p>\n<p data-start=\"754\" data-end=\"1090\">El cuello redondo cl\u00e1sico y las mangas cortas aseguran una movilidad \u00f3ptima, mientras que en la parte frontal destacan los logotipos de <strong data-start=\"890\" data-end=\"901\">Babolat<\/strong> and <strong data-start=\"904\" data-end=\"919\">Juan Lebr\u00f3n<\/strong>, aportando una identidad deportiva y profesional. Tanto si entrenas como si compites, podr\u00e1s lucir el mismo estilo que Juan Lebr\u00f3n con materiales de rendimiento avanzado.<\/p>\n<p data-start=\"1092\" data-end=\"1474\">Key Features:<br data-start=\"1114\" data-end=\"1117\" \/>\u2022 Ropa oficial inspirada en <strong data-start=\"1145\" data-end=\"1160\">Juan Lebr\u00f3n<\/strong><br data-start=\"1160\" data-end=\"1163\" \/>\u2022 Tejido t\u00e9cnico con poli\u00e9ster reciclado sostenible<br data-start=\"1214\" data-end=\"1217\" \/>\u2022 Material ligero, transpirable y de gesti\u00f3n de humedad<br data-start=\"1272\" data-end=\"1275\" \/>\u2022 Cuello redondo y mangas cortas para una movilidad superior<br data-start=\"1335\" data-end=\"1338\" \/>\u2022 Contenido de elastano para un ajuste flexible y preparado para el rendimiento<br data-start=\"1417\" data-end=\"1420\" \/>\u2022 Gr\u00e1ficos Babolat y Lebr\u00f3n para un look profesional<\/p>","protected":false},"excerpt":{"rendered":"<p data-start=\"287\" data-end=\"663\">Camiseta t\u00e9cnica <strong data-start=\"1514\" data-end=\"1537\">BABOLAT Juan Lebr\u00f3n<\/strong> con tejido reciclado, ligera, transpirable y dise\u00f1ada para ofrecer m\u00e1xima movilidad y rendimiento en la pista.<\/p>","protected":false},"featured_media":31396,"template":"","meta":[],"product_brand":[],"product_cat":[894,611],"product_tag":[],"class_list":{"0":"post-31388","1":"product","2":"type-product","3":"status-publish","4":"has-post-thumbnail","6":"product_cat-babolat-ropa","7":"product_cat-camisetas-ropa","8":"pa_brand-babolat","9":"pa_color-orange","10":"pa_country_of_origin-china","11":"pa_hs_code-997","12":"pa_size-l","13":"pa_size-m","14":"pa_size-s","15":"pa_size-xl","16":"pa_size-xxl","18":"first","19":"instock","20":"taxable","21":"shipping-taxable","22":"purchasable","23":"product-type-variable"},"yoast_head":"<!-- This site is optimized with the Yoast SEO plugin v27.5 - https:\/\/yoast.com\/product\/yoast-seo-wordpress\/ -->\n<title>Camiseta Babolat Crew Neck Tee Padel Juan Lebr\u00f3n Orange - Padel Zoco<\/title>\n<meta name=\"description\" content=\"Compra la Camiseta Babolat Juan Lebr\u00f3n Padel, ligera, transpirable y fabricada con poli\u00e9ster reciclado para m\u00e1ximo confort y rendimiento.\" \/>\n<meta name=\"robots\" content=\"index, follow, max-snippet:-1, max-image-preview:large, max-video-preview:-1\" \/>\n<link rel=\"canonical\" href=\"https:\/\/padelzoco.es\/en\/product\/camiseta-babolat-crew-neck-tee-padel-juan-lebron-orange\/\" \/>\n<meta property=\"og:locale\" content=\"en_GB\" \/>\n<meta property=\"og:type\" content=\"article\" \/>\n<meta property=\"og:title\" content=\"Camiseta Babolat Crew Neck Tee Padel Juan Lebr\u00f3n Orange - Padel Zoco\" \/>\n<meta property=\"og:description\" content=\"Compra la Camiseta Babolat Juan Lebr\u00f3n Padel, ligera, transpirable y fabricada con poli\u00e9ster reciclado para m\u00e1ximo confort y rendimiento.\" \/>\n<meta property=\"og:url\" content=\"https:\/\/padelzoco.es\/en\/product\/camiseta-babolat-crew-neck-tee-padel-juan-lebron-orange\/\" \/>\n<meta property=\"og:site_name\" content=\"Padel Zoco\" \/>\n<meta property=\"article:modified_time\" content=\"2026-04-30T18:29:47+00:00\" \/>\n<meta property=\"og:image\" content=\"https:\/\/padelzoco.es\/wp-content\/uploads\/2025\/12\/BABOLAT-Juan-Lebron-Padel-T-Shirt-08.webp\" \/>\n\t<meta property=\"og:image:width\" content=\"1400\" \/>\n\t<meta property=\"og:image:height\" content=\"1400\" \/>\n\t<meta property=\"og:image:type\" content=\"image\/webp\" \/>\n<meta name=\"twitter:card\" content=\"summary_large_image\" \/>\n<meta name=\"twitter:label1\" content=\"Estimated reading time\" \/>\n\t<meta name=\"twitter:data1\" content=\"2 minutes\" \/>\n<script type=\"application\/ld+json\" class=\"yoast-schema-graph\">{\"@context\":\"https:\\\/\\\/schema.org\",\"@graph\":[{\"@type\":\"WebPage\",\"@id\":\"https:\\\/\\\/padelzoco.es\\\/product\\\/camiseta-babolat-crew-neck-tee-padel-juan-lebron-orange\\\/\",\"url\":\"https:\\\/\\\/padelzoco.es\\\/product\\\/camiseta-babolat-crew-neck-tee-padel-juan-lebron-orange\\\/\",\"name\":\"Camiseta Babolat Crew Neck Tee Padel Juan Lebr\u00f3n Orange - Padel Zoco\",\"isPartOf\":{\"@id\":\"https:\\\/\\\/padelzoco.es\\\/#website\"},\"primaryImageOfPage\":{\"@id\":\"https:\\\/\\\/padelzoco.es\\\/product\\\/camiseta-babolat-crew-neck-tee-padel-juan-lebron-orange\\\/#primaryimage\"},\"image\":{\"@id\":\"https:\\\/\\\/padelzoco.es\\\/product\\\/camiseta-babolat-crew-neck-tee-padel-juan-lebron-orange\\\/#primaryimage\"},\"thumbnailUrl\":\"https:\\\/\\\/padelzoco.es\\\/wp-content\\\/uploads\\\/2025\\\/12\\\/BABOLAT-Juan-Lebron-Padel-T-Shirt-08.webp\",\"datePublished\":\"2025-12-10T09:06:50+00:00\",\"dateModified\":\"2026-04-30T18:29:47+00:00\",\"description\":\"Compra la Camiseta Babolat Juan Lebr\u00f3n Padel, ligera, transpirable y fabricada con poli\u00e9ster reciclado para m\u00e1ximo confort y rendimiento.\",\"breadcrumb\":{\"@id\":\"https:\\\/\\\/padelzoco.es\\\/product\\\/camiseta-babolat-crew-neck-tee-padel-juan-lebron-orange\\\/#breadcrumb\"},\"inLanguage\":\"en-GB\",\"potentialAction\":[{\"@type\":\"ReadAction\",\"target\":[\"https:\\\/\\\/padelzoco.es\\\/product\\\/camiseta-babolat-crew-neck-tee-padel-juan-lebron-orange\\\/\"]}]},{\"@type\":\"ImageObject\",\"inLanguage\":\"en-GB\",\"@id\":\"https:\\\/\\\/padelzoco.es\\\/product\\\/camiseta-babolat-crew-neck-tee-padel-juan-lebron-orange\\\/#primaryimage\",\"url\":\"https:\\\/\\\/padelzoco.es\\\/wp-content\\\/uploads\\\/2025\\\/12\\\/BABOLAT-Juan-Lebron-Padel-T-Shirt-08.webp\",\"contentUrl\":\"https:\\\/\\\/padelzoco.es\\\/wp-content\\\/uploads\\\/2025\\\/12\\\/BABOLAT-Juan-Lebron-Padel-T-Shirt-08.webp\",\"width\":1400,\"height\":1400,\"caption\":\"BABOLAT Juan Lebr\u00f3n Padel T-Shirt 08\"},{\"@type\":\"BreadcrumbList\",\"@id\":\"https:\\\/\\\/padelzoco.es\\\/product\\\/camiseta-babolat-crew-neck-tee-padel-juan-lebron-orange\\\/#breadcrumb\",\"itemListElement\":[{\"@type\":\"ListItem\",\"position\":1,\"name\":\"Home\",\"item\":\"https:\\\/\\\/padelzoco.es\\\/\"},{\"@type\":\"ListItem\",\"position\":2,\"name\":\"Padel Zoco\",\"item\":\"https:\\\/\\\/padelzoco.es\\\/padel-zoco\\\/\"},{\"@type\":\"ListItem\",\"position\":3,\"name\":\"Camiseta Babolat Crew Neck Tee Padel Juan Lebr\u00f3n Orange\"}]},{\"@type\":\"WebSite\",\"@id\":\"https:\\\/\\\/padelzoco.es\\\/#website\",\"url\":\"https:\\\/\\\/padelzoco.es\\\/\",\"name\":\"Padel Zoco\",\"description\":\"Padel Zoco | Spain\",\"publisher\":{\"@id\":\"https:\\\/\\\/padelzoco.es\\\/#organization\"},\"potentialAction\":[{\"@type\":\"SearchAction\",\"target\":{\"@type\":\"EntryPoint\",\"urlTemplate\":\"https:\\\/\\\/padelzoco.es\\\/?s={search_term_string}\"},\"query-input\":{\"@type\":\"PropertyValueSpecification\",\"valueRequired\":true,\"valueName\":\"search_term_string\"}}],\"inLanguage\":\"en-GB\"},{\"@type\":\"Organization\",\"@id\":\"https:\\\/\\\/padelzoco.es\\\/#organization\",\"name\":\"Padel Zoco\",\"url\":\"https:\\\/\\\/padelzoco.es\\\/\",\"logo\":{\"@type\":\"ImageObject\",\"inLanguage\":\"en-GB\",\"@id\":\"https:\\\/\\\/padelzoco.es\\\/#\\\/schema\\\/logo\\\/image\\\/\",\"url\":\"https:\\\/\\\/padelzoco.es\\\/wp-content\\\/uploads\\\/2023\\\/11\\\/PadelZoco_Logo_black_white.webp\",\"contentUrl\":\"https:\\\/\\\/padelzoco.es\\\/wp-content\\\/uploads\\\/2023\\\/11\\\/PadelZoco_Logo_black_white.webp\",\"width\":1500,\"height\":631,\"caption\":\"Padel Zoco\"},\"image\":{\"@id\":\"https:\\\/\\\/padelzoco.es\\\/#\\\/schema\\\/logo\\\/image\\\/\"}}]}<\/script>\n<!-- \/ Yoast SEO plugin. -->","yoast_head_json":{"title":"Camiseta Babolat Crew Neck Tee Padel Juan Lebr\u00f3n Orange - Padel Zoco","description":"Compra la Camiseta Babolat Juan Lebr\u00f3n Padel, ligera, transpirable y fabricada con poli\u00e9ster reciclado para m\u00e1ximo confort y rendimiento.","robots":{"index":"index","follow":"follow","max-snippet":"max-snippet:-1","max-image-preview":"max-image-preview:large","max-video-preview":"max-video-preview:-1"},"canonical":"https:\/\/padelzoco.es\/en\/product\/camiseta-babolat-crew-neck-tee-padel-juan-lebron-orange\/","og_locale":"en_GB","og_type":"article","og_title":"Camiseta Babolat Crew Neck Tee Padel Juan Lebr\u00f3n Orange - Padel Zoco","og_description":"Compra la Camiseta Babolat Juan Lebr\u00f3n Padel, ligera, transpirable y fabricada con poli\u00e9ster reciclado para m\u00e1ximo confort y rendimiento.","og_url":"https:\/\/padelzoco.es\/en\/product\/camiseta-babolat-crew-neck-tee-padel-juan-lebron-orange\/","og_site_name":"Padel Zoco","article_modified_time":"2026-04-30T18:29:47+00:00","og_image":[{"width":1400,"height":1400,"url":"https:\/\/padelzoco.es\/wp-content\/uploads\/2025\/12\/BABOLAT-Juan-Lebron-Padel-T-Shirt-08.webp","type":"image\/webp"}],"twitter_card":"summary_large_image","twitter_misc":{"Estimated reading time":"2 minutes"},"schema":{"@context":"https:\/\/schema.org","@graph":[{"@type":"WebPage","@id":"https:\/\/padelzoco.es\/product\/camiseta-babolat-crew-neck-tee-padel-juan-lebron-orange\/","url":"https:\/\/padelzoco.es\/product\/camiseta-babolat-crew-neck-tee-padel-juan-lebron-orange\/","name":"Camiseta Babolat Crew Neck Tee Padel Juan Lebr\u00f3n Orange - Padel Zoco","isPartOf":{"@id":"https:\/\/padelzoco.es\/#website"},"primaryImageOfPage":{"@id":"https:\/\/padelzoco.es\/product\/camiseta-babolat-crew-neck-tee-padel-juan-lebron-orange\/#primaryimage"},"image":{"@id":"https:\/\/padelzoco.es\/product\/camiseta-babolat-crew-neck-tee-padel-juan-lebron-orange\/#primaryimage"},"thumbnailUrl":"https:\/\/padelzoco.es\/wp-content\/uploads\/2025\/12\/BABOLAT-Juan-Lebron-Padel-T-Shirt-08.webp","datePublished":"2025-12-10T09:06:50+00:00","dateModified":"2026-04-30T18:29:47+00:00","description":"Compra la Camiseta Babolat Juan Lebr\u00f3n Padel, ligera, transpirable y fabricada con poli\u00e9ster reciclado para m\u00e1ximo confort y rendimiento.","breadcrumb":{"@id":"https:\/\/padelzoco.es\/product\/camiseta-babolat-crew-neck-tee-padel-juan-lebron-orange\/#breadcrumb"},"inLanguage":"en-GB","potentialAction":[{"@type":"ReadAction","target":["https:\/\/padelzoco.es\/product\/camiseta-babolat-crew-neck-tee-padel-juan-lebron-orange\/"]}]},{"@type":"ImageObject","inLanguage":"en-GB","@id":"https:\/\/padelzoco.es\/product\/camiseta-babolat-crew-neck-tee-padel-juan-lebron-orange\/#primaryimage","url":"https:\/\/padelzoco.es\/wp-content\/uploads\/2025\/12\/BABOLAT-Juan-Lebron-Padel-T-Shirt-08.webp","contentUrl":"https:\/\/padelzoco.es\/wp-content\/uploads\/2025\/12\/BABOLAT-Juan-Lebron-Padel-T-Shirt-08.webp","width":1400,"height":1400,"caption":"BABOLAT Juan Lebr\u00f3n Padel T-Shirt 08"},{"@type":"BreadcrumbList","@id":"https:\/\/padelzoco.es\/product\/camiseta-babolat-crew-neck-tee-padel-juan-lebron-orange\/#breadcrumb","itemListElement":[{"@type":"ListItem","position":1,"name":"Home","item":"https:\/\/padelzoco.es\/"},{"@type":"ListItem","position":2,"name":"Padel Zoco","item":"https:\/\/padelzoco.es\/padel-zoco\/"},{"@type":"ListItem","position":3,"name":"Camiseta Babolat Crew Neck Tee Padel Juan Lebr\u00f3n Orange"}]},{"@type":"WebSite","@id":"https:\/\/padelzoco.es\/#website","url":"https:\/\/padelzoco.es\/","name":"Padel Zoco","description":"Padel Zoco | Spain","publisher":{"@id":"https:\/\/padelzoco.es\/#organization"},"potentialAction":[{"@type":"SearchAction","target":{"@type":"EntryPoint","urlTemplate":"https:\/\/padelzoco.es\/?s={search_term_string}"},"query-input":{"@type":"PropertyValueSpecification","valueRequired":true,"valueName":"search_term_string"}}],"inLanguage":"en-GB"},{"@type":"Organization","@id":"https:\/\/padelzoco.es\/#organization","name":"Padel Zoco","url":"https:\/\/padelzoco.es\/","logo":{"@type":"ImageObject","inLanguage":"en-GB","@id":"https:\/\/padelzoco.es\/#\/schema\/logo\/image\/","url":"https:\/\/padelzoco.es\/wp-content\/uploads\/2023\/11\/PadelZoco_Logo_black_white.webp","contentUrl":"https:\/\/padelzoco.es\/wp-content\/uploads\/2023\/11\/PadelZoco_Logo_black_white.webp","width":1500,"height":631,"caption":"Padel Zoco"},"image":{"@id":"https:\/\/padelzoco.es\/#\/schema\/logo\/image\/"}}]}},"_links":{"self":[{"href":"https:\/\/padelzoco.es\/en\/wp-json\/wp\/v2\/product\/31388","targetHints":{"allow":["GET"]}}],"collection":[{"href":"https:\/\/padelzoco.es\/en\/wp-json\/wp\/v2\/product"}],"about":[{"href":"https:\/\/padelzoco.es\/en\/wp-json\/wp\/v2\/types\/product"}],"version-history":[{"count":4,"href":"https:\/\/padelzoco.es\/en\/wp-json\/wp\/v2\/product\/31388\/revisions"}],"predecessor-version":[{"id":31514,"href":"https:\/\/padelzoco.es\/en\/wp-json\/wp\/v2\/product\/31388\/revisions\/31514"}],"wp:featuredmedia":[{"embeddable":true,"href":"https:\/\/padelzoco.es\/en\/wp-json\/wp\/v2\/media\/31396"}],"wp:attachment":[{"href":"https:\/\/padelzoco.es\/en\/wp-json\/wp\/v2\/media?parent=31388"}],"wp:term":[{"taxonomy":"product_brand","embeddable":true,"href":"https:\/\/padelzoco.es\/en\/wp-json\/wp\/v2\/product_brand?post=31388"},{"taxonomy":"product_cat","embeddable":true,"href":"https:\/\/padelzoco.es\/en\/wp-json\/wp\/v2\/product_cat?post=31388"},{"taxonomy":"product_tag","embeddable":true,"href":"https:\/\/padelzoco.es\/en\/wp-json\/wp\/v2\/product_tag?post=31388"}],"curies":[{"name":"wp","href":"https:\/\/api.w.org\/{rel}","templated":true}]}}