{"id":31766,"date":"2025-12-12T14:46:59","date_gmt":"2025-12-12T13:46:59","guid":{"rendered":"https:\/\/padelzoco.es\/?post_type=product&#038;p=31766"},"modified":"2026-04-30T19:29:42","modified_gmt":"2026-04-30T18:29:42","slug":"camiseta-padel-adidas-club-climacool-negra","status":"publish","type":"product","link":"https:\/\/padelzoco.es\/en\/product\/camiseta-padel-adidas-club-climacool-negra\/","title":{"rendered":"Camiseta Padel ADIDAS Club Climacool Negra"},"content":{"rendered":"<p data-start=\"743\" data-end=\"1052\">La <strong data-start=\"746\" data-end=\"783\">ADIDAS Club Climacool <\/strong>est\u00e1 dise\u00f1ada para jugadores que buscan frescura, comodidad y libertad total de movimiento durante los partidos m\u00e1s exigentes. Fabricada en <strong data-start=\"924\" data-end=\"952\">100% poli\u00e9ster reciclado<\/strong>, ofrece una sensaci\u00f3n ligera y transpirable que ayuda a mantener la concentraci\u00f3n punto tras punto.<\/p>\n<p data-start=\"1054\" data-end=\"1392\">Gracias a la tecnolog\u00eda <strong data-start=\"1078\" data-end=\"1091\">Climacool<\/strong>, la camiseta gestiona la humedad de forma eficiente, alejando el sudor de la piel y mejorando la ventilaci\u00f3n para mantenerte seco incluso en los intercambios m\u00e1s r\u00e1pidos. Su dise\u00f1o <strong data-start=\"1273\" data-end=\"1285\">FreeLift<\/strong> mejora la movilidad de los hombros, permitiendo servicios, voleas y remates m\u00e1s fluidos sin restricciones.<\/p>\n<p data-start=\"1394\" data-end=\"1637\">Con un <strong data-start=\"1401\" data-end=\"1419\">ajuste cl\u00e1sico<\/strong>, equilibrado entre comodidad y rendimiento, esta camiseta es perfecta tanto para entrenamientos como para partidos. Su acabado con estilo deportivo adidas ofrece una imagen profesional con funcionalidad de alto nivel.<\/p>","protected":false},"excerpt":{"rendered":"<p data-start=\"1659\" data-end=\"1879\">La Camiseta ADIDAS Club Climacool ofrece frescura, secado r\u00e1pido y libertad de movimiento con tejido reciclado y dise\u00f1o FreeLift. Rendimiento y comodidad total.<\/p>","protected":false},"featured_media":31777,"template":"","meta":[],"product_brand":[],"product_cat":[899,700,611,608],"product_tag":[],"class_list":{"0":"post-31766","1":"product","2":"type-product","3":"status-publish","4":"has-post-thumbnail","6":"product_cat-adidas-ropa","7":"product_cat-adidas-padel","8":"product_cat-camisetas-ropa","9":"product_cat-hombre-ropa","10":"pa_brand-adidas","11":"pa_color-negro","12":"pa_country_of_origin-china","13":"pa_gender-hombre","14":"pa_size-l","15":"pa_size-m","16":"pa_size-s","17":"pa_size-xl","18":"pa_size-xxl","20":"first","21":"instock","22":"sale","23":"taxable","24":"shipping-taxable","25":"purchasable","26":"product-type-variable"},"yoast_head":"<!-- This site is optimized with the Yoast SEO plugin v27.5 - https:\/\/yoast.com\/product\/yoast-seo-wordpress\/ -->\n<title>Camiseta Padel ADIDAS Club Climacool Negra - Padel Zoco<\/title>\n<meta name=\"description\" content=\"La Camiseta ADIDAS Club Climacool combina frescura, secado r\u00e1pido y libertad de movimiento gracias a Climacool, FreeLift y su tejido 100% reciclado.\" \/>\n<meta name=\"robots\" content=\"index, follow, max-snippet:-1, max-image-preview:large, max-video-preview:-1\" \/>\n<link rel=\"canonical\" href=\"https:\/\/padelzoco.es\/en\/product\/camiseta-padel-adidas-club-climacool-negra\/\" \/>\n<meta property=\"og:locale\" content=\"en_GB\" \/>\n<meta property=\"og:type\" content=\"article\" \/>\n<meta property=\"og:title\" content=\"Camiseta Padel ADIDAS Club Climacool Negra - Padel Zoco\" \/>\n<meta property=\"og:description\" content=\"La Camiseta ADIDAS Club Climacool combina frescura, secado r\u00e1pido y libertad de movimiento gracias a Climacool, FreeLift y su tejido 100% reciclado.\" \/>\n<meta property=\"og:url\" content=\"https:\/\/padelzoco.es\/en\/product\/camiseta-padel-adidas-club-climacool-negra\/\" \/>\n<meta property=\"og:site_name\" content=\"Padel Zoco\" \/>\n<meta property=\"article:modified_time\" content=\"2026-04-30T18:29:42+00:00\" \/>\n<meta property=\"og:image\" content=\"https:\/\/padelzoco.es\/wp-content\/uploads\/2025\/12\/ADIDAS-Club-Climacool-Padel-Shirt-01.webp\" \/>\n\t<meta property=\"og:image:width\" content=\"1400\" \/>\n\t<meta property=\"og:image:height\" content=\"1400\" \/>\n\t<meta property=\"og:image:type\" content=\"image\/webp\" \/>\n<meta name=\"twitter:card\" content=\"summary_large_image\" \/>\n<meta name=\"twitter:label1\" content=\"Estimated reading time\" \/>\n\t<meta name=\"twitter:data1\" content=\"1 minute\" \/>\n<script type=\"application\/ld+json\" class=\"yoast-schema-graph\">{\"@context\":\"https:\\\/\\\/schema.org\",\"@graph\":[{\"@type\":\"WebPage\",\"@id\":\"https:\\\/\\\/padelzoco.es\\\/product\\\/camiseta-padel-adidas-club-climacool-negra\\\/\",\"url\":\"https:\\\/\\\/padelzoco.es\\\/product\\\/camiseta-padel-adidas-club-climacool-negra\\\/\",\"name\":\"Camiseta Padel ADIDAS Club Climacool Negra - Padel Zoco\",\"isPartOf\":{\"@id\":\"https:\\\/\\\/padelzoco.es\\\/#website\"},\"primaryImageOfPage\":{\"@id\":\"https:\\\/\\\/padelzoco.es\\\/product\\\/camiseta-padel-adidas-club-climacool-negra\\\/#primaryimage\"},\"image\":{\"@id\":\"https:\\\/\\\/padelzoco.es\\\/product\\\/camiseta-padel-adidas-club-climacool-negra\\\/#primaryimage\"},\"thumbnailUrl\":\"https:\\\/\\\/padelzoco.es\\\/wp-content\\\/uploads\\\/2025\\\/12\\\/ADIDAS-Club-Climacool-Padel-Shirt-01.webp\",\"datePublished\":\"2025-12-12T13:46:59+00:00\",\"dateModified\":\"2026-04-30T18:29:42+00:00\",\"description\":\"La Camiseta ADIDAS Club Climacool combina frescura, secado r\u00e1pido y libertad de movimiento gracias a Climacool, FreeLift y su tejido 100% reciclado.\",\"breadcrumb\":{\"@id\":\"https:\\\/\\\/padelzoco.es\\\/product\\\/camiseta-padel-adidas-club-climacool-negra\\\/#breadcrumb\"},\"inLanguage\":\"en-GB\",\"potentialAction\":[{\"@type\":\"ReadAction\",\"target\":[\"https:\\\/\\\/padelzoco.es\\\/product\\\/camiseta-padel-adidas-club-climacool-negra\\\/\"]}]},{\"@type\":\"ImageObject\",\"inLanguage\":\"en-GB\",\"@id\":\"https:\\\/\\\/padelzoco.es\\\/product\\\/camiseta-padel-adidas-club-climacool-negra\\\/#primaryimage\",\"url\":\"https:\\\/\\\/padelzoco.es\\\/wp-content\\\/uploads\\\/2025\\\/12\\\/ADIDAS-Club-Climacool-Padel-Shirt-01.webp\",\"contentUrl\":\"https:\\\/\\\/padelzoco.es\\\/wp-content\\\/uploads\\\/2025\\\/12\\\/ADIDAS-Club-Climacool-Padel-Shirt-01.webp\",\"width\":1400,\"height\":1400,\"caption\":\"ADIDAS Club Climacool Padel Shirt 01\"},{\"@type\":\"BreadcrumbList\",\"@id\":\"https:\\\/\\\/padelzoco.es\\\/product\\\/camiseta-padel-adidas-club-climacool-negra\\\/#breadcrumb\",\"itemListElement\":[{\"@type\":\"ListItem\",\"position\":1,\"name\":\"Home\",\"item\":\"https:\\\/\\\/padelzoco.es\\\/\"},{\"@type\":\"ListItem\",\"position\":2,\"name\":\"Padel Zoco\",\"item\":\"https:\\\/\\\/padelzoco.es\\\/padel-zoco\\\/\"},{\"@type\":\"ListItem\",\"position\":3,\"name\":\"Camiseta Padel ADIDAS Club Climacool Negra\"}]},{\"@type\":\"WebSite\",\"@id\":\"https:\\\/\\\/padelzoco.es\\\/#website\",\"url\":\"https:\\\/\\\/padelzoco.es\\\/\",\"name\":\"Padel Zoco\",\"description\":\"Padel Zoco | Spain\",\"publisher\":{\"@id\":\"https:\\\/\\\/padelzoco.es\\\/#organization\"},\"potentialAction\":[{\"@type\":\"SearchAction\",\"target\":{\"@type\":\"EntryPoint\",\"urlTemplate\":\"https:\\\/\\\/padelzoco.es\\\/?s={search_term_string}\"},\"query-input\":{\"@type\":\"PropertyValueSpecification\",\"valueRequired\":true,\"valueName\":\"search_term_string\"}}],\"inLanguage\":\"en-GB\"},{\"@type\":\"Organization\",\"@id\":\"https:\\\/\\\/padelzoco.es\\\/#organization\",\"name\":\"Padel Zoco\",\"url\":\"https:\\\/\\\/padelzoco.es\\\/\",\"logo\":{\"@type\":\"ImageObject\",\"inLanguage\":\"en-GB\",\"@id\":\"https:\\\/\\\/padelzoco.es\\\/#\\\/schema\\\/logo\\\/image\\\/\",\"url\":\"https:\\\/\\\/padelzoco.es\\\/wp-content\\\/uploads\\\/2023\\\/11\\\/PadelZoco_Logo_black_white.webp\",\"contentUrl\":\"https:\\\/\\\/padelzoco.es\\\/wp-content\\\/uploads\\\/2023\\\/11\\\/PadelZoco_Logo_black_white.webp\",\"width\":1500,\"height\":631,\"caption\":\"Padel Zoco\"},\"image\":{\"@id\":\"https:\\\/\\\/padelzoco.es\\\/#\\\/schema\\\/logo\\\/image\\\/\"}}]}<\/script>\n<!-- \/ Yoast SEO plugin. -->","yoast_head_json":{"title":"Camiseta Padel ADIDAS Club Climacool Negra - Padel Zoco","description":"La Camiseta ADIDAS Club Climacool combina frescura, secado r\u00e1pido y libertad de movimiento gracias a Climacool, FreeLift y su tejido 100% reciclado.","robots":{"index":"index","follow":"follow","max-snippet":"max-snippet:-1","max-image-preview":"max-image-preview:large","max-video-preview":"max-video-preview:-1"},"canonical":"https:\/\/padelzoco.es\/en\/product\/camiseta-padel-adidas-club-climacool-negra\/","og_locale":"en_GB","og_type":"article","og_title":"Camiseta Padel ADIDAS Club Climacool Negra - Padel Zoco","og_description":"La Camiseta ADIDAS Club Climacool combina frescura, secado r\u00e1pido y libertad de movimiento gracias a Climacool, FreeLift y su tejido 100% reciclado.","og_url":"https:\/\/padelzoco.es\/en\/product\/camiseta-padel-adidas-club-climacool-negra\/","og_site_name":"Padel Zoco","article_modified_time":"2026-04-30T18:29:42+00:00","og_image":[{"width":1400,"height":1400,"url":"https:\/\/padelzoco.es\/wp-content\/uploads\/2025\/12\/ADIDAS-Club-Climacool-Padel-Shirt-01.webp","type":"image\/webp"}],"twitter_card":"summary_large_image","twitter_misc":{"Estimated reading time":"1 minute"},"schema":{"@context":"https:\/\/schema.org","@graph":[{"@type":"WebPage","@id":"https:\/\/padelzoco.es\/product\/camiseta-padel-adidas-club-climacool-negra\/","url":"https:\/\/padelzoco.es\/product\/camiseta-padel-adidas-club-climacool-negra\/","name":"Camiseta Padel ADIDAS Club Climacool Negra - Padel Zoco","isPartOf":{"@id":"https:\/\/padelzoco.es\/#website"},"primaryImageOfPage":{"@id":"https:\/\/padelzoco.es\/product\/camiseta-padel-adidas-club-climacool-negra\/#primaryimage"},"image":{"@id":"https:\/\/padelzoco.es\/product\/camiseta-padel-adidas-club-climacool-negra\/#primaryimage"},"thumbnailUrl":"https:\/\/padelzoco.es\/wp-content\/uploads\/2025\/12\/ADIDAS-Club-Climacool-Padel-Shirt-01.webp","datePublished":"2025-12-12T13:46:59+00:00","dateModified":"2026-04-30T18:29:42+00:00","description":"La Camiseta ADIDAS Club Climacool combina frescura, secado r\u00e1pido y libertad de movimiento gracias a Climacool, FreeLift y su tejido 100% reciclado.","breadcrumb":{"@id":"https:\/\/padelzoco.es\/product\/camiseta-padel-adidas-club-climacool-negra\/#breadcrumb"},"inLanguage":"en-GB","potentialAction":[{"@type":"ReadAction","target":["https:\/\/padelzoco.es\/product\/camiseta-padel-adidas-club-climacool-negra\/"]}]},{"@type":"ImageObject","inLanguage":"en-GB","@id":"https:\/\/padelzoco.es\/product\/camiseta-padel-adidas-club-climacool-negra\/#primaryimage","url":"https:\/\/padelzoco.es\/wp-content\/uploads\/2025\/12\/ADIDAS-Club-Climacool-Padel-Shirt-01.webp","contentUrl":"https:\/\/padelzoco.es\/wp-content\/uploads\/2025\/12\/ADIDAS-Club-Climacool-Padel-Shirt-01.webp","width":1400,"height":1400,"caption":"ADIDAS Club Climacool Padel Shirt 01"},{"@type":"BreadcrumbList","@id":"https:\/\/padelzoco.es\/product\/camiseta-padel-adidas-club-climacool-negra\/#breadcrumb","itemListElement":[{"@type":"ListItem","position":1,"name":"Home","item":"https:\/\/padelzoco.es\/"},{"@type":"ListItem","position":2,"name":"Padel Zoco","item":"https:\/\/padelzoco.es\/padel-zoco\/"},{"@type":"ListItem","position":3,"name":"Camiseta Padel ADIDAS Club Climacool Negra"}]},{"@type":"WebSite","@id":"https:\/\/padelzoco.es\/#website","url":"https:\/\/padelzoco.es\/","name":"Padel Zoco","description":"Padel Zoco | Spain","publisher":{"@id":"https:\/\/padelzoco.es\/#organization"},"potentialAction":[{"@type":"SearchAction","target":{"@type":"EntryPoint","urlTemplate":"https:\/\/padelzoco.es\/?s={search_term_string}"},"query-input":{"@type":"PropertyValueSpecification","valueRequired":true,"valueName":"search_term_string"}}],"inLanguage":"en-GB"},{"@type":"Organization","@id":"https:\/\/padelzoco.es\/#organization","name":"Padel Zoco","url":"https:\/\/padelzoco.es\/","logo":{"@type":"ImageObject","inLanguage":"en-GB","@id":"https:\/\/padelzoco.es\/#\/schema\/logo\/image\/","url":"https:\/\/padelzoco.es\/wp-content\/uploads\/2023\/11\/PadelZoco_Logo_black_white.webp","contentUrl":"https:\/\/padelzoco.es\/wp-content\/uploads\/2023\/11\/PadelZoco_Logo_black_white.webp","width":1500,"height":631,"caption":"Padel Zoco"},"image":{"@id":"https:\/\/padelzoco.es\/#\/schema\/logo\/image\/"}}]}},"_links":{"self":[{"href":"https:\/\/padelzoco.es\/en\/wp-json\/wp\/v2\/product\/31766","targetHints":{"allow":["GET"]}}],"collection":[{"href":"https:\/\/padelzoco.es\/en\/wp-json\/wp\/v2\/product"}],"about":[{"href":"https:\/\/padelzoco.es\/en\/wp-json\/wp\/v2\/types\/product"}],"version-history":[{"count":4,"href":"https:\/\/padelzoco.es\/en\/wp-json\/wp\/v2\/product\/31766\/revisions"}],"predecessor-version":[{"id":32082,"href":"https:\/\/padelzoco.es\/en\/wp-json\/wp\/v2\/product\/31766\/revisions\/32082"}],"wp:featuredmedia":[{"embeddable":true,"href":"https:\/\/padelzoco.es\/en\/wp-json\/wp\/v2\/media\/31777"}],"wp:attachment":[{"href":"https:\/\/padelzoco.es\/en\/wp-json\/wp\/v2\/media?parent=31766"}],"wp:term":[{"taxonomy":"product_brand","embeddable":true,"href":"https:\/\/padelzoco.es\/en\/wp-json\/wp\/v2\/product_brand?post=31766"},{"taxonomy":"product_cat","embeddable":true,"href":"https:\/\/padelzoco.es\/en\/wp-json\/wp\/v2\/product_cat?post=31766"},{"taxonomy":"product_tag","embeddable":true,"href":"https:\/\/padelzoco.es\/en\/wp-json\/wp\/v2\/product_tag?post=31766"}],"curies":[{"name":"wp","href":"https:\/\/api.w.org\/{rel}","templated":true}]}}