{"id":31847,"date":"2025-12-12T17:47:13","date_gmt":"2025-12-12T16:47:13","guid":{"rendered":"https:\/\/padelzoco.es\/?post_type=product&#038;p=31847"},"modified":"2026-04-30T19:16:45","modified_gmt":"2026-04-30T18:16:45","slug":"noene-undergrip-anti-shock-padel-tannis","status":"publish","type":"product","link":"https:\/\/padelzoco.es\/en\/product\/noene-undergrip-anti-shock-padel-tannis\/","title":{"rendered":"NOENE UnderGrip Anti-shock Padel Tannis"},"content":{"rendered":"<p data-start=\"613\" data-end=\"901\">El <strong>undergrip de p\u00e1del NOENE Anti Shock<\/strong> est\u00e1 dise\u00f1ado para proteger las manos, mu\u00f1ecas y hombros de los impactos y vibraciones producidos al golpear la bola. Gracias a la tecnolog\u00eda NOENE\u00ae, este grip absorbe eficazmente los golpes, ayudando a prevenir molestias y lesiones durante el juego.<\/p>\n<p data-start=\"903\" data-end=\"1182\">Su <strong data-start=\"906\" data-end=\"932\">recubrimiento PU TACKY<\/strong> garantiza una adherencia excelente y un agarre \u00f3ptimo incluso en partidos intensos. Adem\u00e1s, su instalaci\u00f3n es r\u00e1pida y sencilla gracias a la <strong data-start=\"1074\" data-end=\"1124\">cinta adhesiva de doble cara de larga duraci\u00f3n<\/strong>, asegurando una fijaci\u00f3n firme sobre el mango de la pala.<\/p>\n<p data-start=\"1184\" data-end=\"1376\">Con un <strong data-start=\"1191\" data-end=\"1211\">grosor de 1,6 mm<\/strong>, ofrece una sensaci\u00f3n c\u00f3moda sin perder control ni sensibilidad en el golpeo. Ideal para jugadores que buscan mayor confort, protecci\u00f3n y estabilidad en cada punto.<\/p>","protected":false},"excerpt":{"rendered":"<p>Grip p\u00e1del NOENE Anti Shock con tecnolog\u00eda antivibraci\u00f3n, tacto adherente y protecci\u00f3n para manos y hombros.<\/p>","protected":false},"featured_media":31848,"template":"","meta":[],"product_brand":[],"product_cat":[637,638],"product_tag":[321,322,323,324,325,326,327],"class_list":{"0":"post-31847","1":"product","2":"type-product","3":"status-publish","4":"has-post-thumbnail","6":"product_cat-accesorios","7":"product_cat-grips-and-overgrips","8":"product_tag-colored-overgrips","9":"product_tag-padel-overgrips","10":"product_tag-wilson","11":"product_tag-wilson-grips","12":"product_tag-wilson-overgrips","13":"product_tag-wilson-padel-overgrips","14":"product_tag-wilson-padel-tennis","15":"pa_brand-noene","16":"pa_hs_code-929","18":"first","19":"instock","20":"taxable","21":"shipping-taxable","22":"purchasable","23":"product-type-simple"},"yoast_head":"<!-- This site is optimized with the Yoast SEO plugin v27.5 - https:\/\/yoast.com\/product\/yoast-seo-wordpress\/ -->\n<title>NOENE UnderGrip Anti-shock Padel Tannis - Padel Zoco<\/title>\n<meta name=\"description\" content=\"El undergrip p\u00e1del NOENE Anti Shock reduce impactos y vibraciones, mejorando el agarre y protegiendo tus articulaciones.\" \/>\n<meta name=\"robots\" content=\"index, follow, max-snippet:-1, max-image-preview:large, max-video-preview:-1\" \/>\n<link rel=\"canonical\" href=\"https:\/\/padelzoco.es\/en\/product\/noene-undergrip-anti-shock-padel-tannis\/\" \/>\n<meta property=\"og:locale\" content=\"en_GB\" \/>\n<meta property=\"og:type\" content=\"article\" \/>\n<meta property=\"og:title\" content=\"NOENE UnderGrip Anti-shock Padel Tannis - Padel Zoco\" \/>\n<meta property=\"og:description\" content=\"El undergrip p\u00e1del NOENE Anti Shock reduce impactos y vibraciones, mejorando el agarre y protegiendo tus articulaciones.\" \/>\n<meta property=\"og:url\" content=\"https:\/\/padelzoco.es\/en\/product\/noene-undergrip-anti-shock-padel-tannis\/\" \/>\n<meta property=\"og:site_name\" content=\"Padel Zoco\" \/>\n<meta property=\"article:modified_time\" content=\"2026-04-30T18:16:45+00:00\" \/>\n<meta property=\"og:image\" content=\"https:\/\/padelzoco.es\/wp-content\/uploads\/2025\/12\/NOENE-UnderGrip-Anti-shock-Padel-Tannis.webp\" \/>\n\t<meta property=\"og:image:width\" content=\"1400\" \/>\n\t<meta property=\"og:image:height\" content=\"1400\" \/>\n\t<meta property=\"og:image:type\" content=\"image\/webp\" \/>\n<meta name=\"twitter:card\" content=\"summary_large_image\" \/>\n<meta name=\"twitter:label1\" content=\"Estimated reading time\" \/>\n\t<meta name=\"twitter:data1\" content=\"1 minute\" \/>\n<script type=\"application\/ld+json\" class=\"yoast-schema-graph\">{\"@context\":\"https:\\\/\\\/schema.org\",\"@graph\":[{\"@type\":\"WebPage\",\"@id\":\"https:\\\/\\\/padelzoco.es\\\/product\\\/noene-undergrip-anti-shock-padel-tannis\\\/\",\"url\":\"https:\\\/\\\/padelzoco.es\\\/product\\\/noene-undergrip-anti-shock-padel-tannis\\\/\",\"name\":\"NOENE UnderGrip Anti-shock Padel Tannis - Padel Zoco\",\"isPartOf\":{\"@id\":\"https:\\\/\\\/padelzoco.es\\\/#website\"},\"primaryImageOfPage\":{\"@id\":\"https:\\\/\\\/padelzoco.es\\\/product\\\/noene-undergrip-anti-shock-padel-tannis\\\/#primaryimage\"},\"image\":{\"@id\":\"https:\\\/\\\/padelzoco.es\\\/product\\\/noene-undergrip-anti-shock-padel-tannis\\\/#primaryimage\"},\"thumbnailUrl\":\"https:\\\/\\\/padelzoco.es\\\/wp-content\\\/uploads\\\/2025\\\/12\\\/NOENE-UnderGrip-Anti-shock-Padel-Tannis.webp\",\"datePublished\":\"2025-12-12T16:47:13+00:00\",\"dateModified\":\"2026-04-30T18:16:45+00:00\",\"description\":\"El undergrip p\u00e1del NOENE Anti Shock reduce impactos y vibraciones, mejorando el agarre y protegiendo tus articulaciones.\",\"breadcrumb\":{\"@id\":\"https:\\\/\\\/padelzoco.es\\\/product\\\/noene-undergrip-anti-shock-padel-tannis\\\/#breadcrumb\"},\"inLanguage\":\"en-GB\",\"potentialAction\":[{\"@type\":\"ReadAction\",\"target\":[\"https:\\\/\\\/padelzoco.es\\\/product\\\/noene-undergrip-anti-shock-padel-tannis\\\/\"]}]},{\"@type\":\"ImageObject\",\"inLanguage\":\"en-GB\",\"@id\":\"https:\\\/\\\/padelzoco.es\\\/product\\\/noene-undergrip-anti-shock-padel-tannis\\\/#primaryimage\",\"url\":\"https:\\\/\\\/padelzoco.es\\\/wp-content\\\/uploads\\\/2025\\\/12\\\/NOENE-UnderGrip-Anti-shock-Padel-Tannis.webp\",\"contentUrl\":\"https:\\\/\\\/padelzoco.es\\\/wp-content\\\/uploads\\\/2025\\\/12\\\/NOENE-UnderGrip-Anti-shock-Padel-Tannis.webp\",\"width\":1400,\"height\":1400},{\"@type\":\"BreadcrumbList\",\"@id\":\"https:\\\/\\\/padelzoco.es\\\/product\\\/noene-undergrip-anti-shock-padel-tannis\\\/#breadcrumb\",\"itemListElement\":[{\"@type\":\"ListItem\",\"position\":1,\"name\":\"Home\",\"item\":\"https:\\\/\\\/padelzoco.es\\\/\"},{\"@type\":\"ListItem\",\"position\":2,\"name\":\"Padel Zoco\",\"item\":\"https:\\\/\\\/padelzoco.es\\\/padel-zoco\\\/\"},{\"@type\":\"ListItem\",\"position\":3,\"name\":\"NOENE UnderGrip Anti-shock Padel Tannis\"}]},{\"@type\":\"WebSite\",\"@id\":\"https:\\\/\\\/padelzoco.es\\\/#website\",\"url\":\"https:\\\/\\\/padelzoco.es\\\/\",\"name\":\"Padel Zoco\",\"description\":\"Padel Zoco | Spain\",\"publisher\":{\"@id\":\"https:\\\/\\\/padelzoco.es\\\/#organization\"},\"potentialAction\":[{\"@type\":\"SearchAction\",\"target\":{\"@type\":\"EntryPoint\",\"urlTemplate\":\"https:\\\/\\\/padelzoco.es\\\/?s={search_term_string}\"},\"query-input\":{\"@type\":\"PropertyValueSpecification\",\"valueRequired\":true,\"valueName\":\"search_term_string\"}}],\"inLanguage\":\"en-GB\"},{\"@type\":\"Organization\",\"@id\":\"https:\\\/\\\/padelzoco.es\\\/#organization\",\"name\":\"Padel Zoco\",\"url\":\"https:\\\/\\\/padelzoco.es\\\/\",\"logo\":{\"@type\":\"ImageObject\",\"inLanguage\":\"en-GB\",\"@id\":\"https:\\\/\\\/padelzoco.es\\\/#\\\/schema\\\/logo\\\/image\\\/\",\"url\":\"https:\\\/\\\/padelzoco.es\\\/wp-content\\\/uploads\\\/2023\\\/11\\\/PadelZoco_Logo_black_white.webp\",\"contentUrl\":\"https:\\\/\\\/padelzoco.es\\\/wp-content\\\/uploads\\\/2023\\\/11\\\/PadelZoco_Logo_black_white.webp\",\"width\":1500,\"height\":631,\"caption\":\"Padel Zoco\"},\"image\":{\"@id\":\"https:\\\/\\\/padelzoco.es\\\/#\\\/schema\\\/logo\\\/image\\\/\"}}]}<\/script>\n<!-- \/ Yoast SEO plugin. -->","yoast_head_json":{"title":"NOENE UnderGrip Anti-shock Padel Tannis - Padel Zoco","description":"El undergrip p\u00e1del NOENE Anti Shock reduce impactos y vibraciones, mejorando el agarre y protegiendo tus articulaciones.","robots":{"index":"index","follow":"follow","max-snippet":"max-snippet:-1","max-image-preview":"max-image-preview:large","max-video-preview":"max-video-preview:-1"},"canonical":"https:\/\/padelzoco.es\/en\/product\/noene-undergrip-anti-shock-padel-tannis\/","og_locale":"en_GB","og_type":"article","og_title":"NOENE UnderGrip Anti-shock Padel Tannis - Padel Zoco","og_description":"El undergrip p\u00e1del NOENE Anti Shock reduce impactos y vibraciones, mejorando el agarre y protegiendo tus articulaciones.","og_url":"https:\/\/padelzoco.es\/en\/product\/noene-undergrip-anti-shock-padel-tannis\/","og_site_name":"Padel Zoco","article_modified_time":"2026-04-30T18:16:45+00:00","og_image":[{"width":1400,"height":1400,"url":"https:\/\/padelzoco.es\/wp-content\/uploads\/2025\/12\/NOENE-UnderGrip-Anti-shock-Padel-Tannis.webp","type":"image\/webp"}],"twitter_card":"summary_large_image","twitter_misc":{"Estimated reading time":"1 minute"},"schema":{"@context":"https:\/\/schema.org","@graph":[{"@type":"WebPage","@id":"https:\/\/padelzoco.es\/product\/noene-undergrip-anti-shock-padel-tannis\/","url":"https:\/\/padelzoco.es\/product\/noene-undergrip-anti-shock-padel-tannis\/","name":"NOENE UnderGrip Anti-shock Padel Tannis - Padel Zoco","isPartOf":{"@id":"https:\/\/padelzoco.es\/#website"},"primaryImageOfPage":{"@id":"https:\/\/padelzoco.es\/product\/noene-undergrip-anti-shock-padel-tannis\/#primaryimage"},"image":{"@id":"https:\/\/padelzoco.es\/product\/noene-undergrip-anti-shock-padel-tannis\/#primaryimage"},"thumbnailUrl":"https:\/\/padelzoco.es\/wp-content\/uploads\/2025\/12\/NOENE-UnderGrip-Anti-shock-Padel-Tannis.webp","datePublished":"2025-12-12T16:47:13+00:00","dateModified":"2026-04-30T18:16:45+00:00","description":"El undergrip p\u00e1del NOENE Anti Shock reduce impactos y vibraciones, mejorando el agarre y protegiendo tus articulaciones.","breadcrumb":{"@id":"https:\/\/padelzoco.es\/product\/noene-undergrip-anti-shock-padel-tannis\/#breadcrumb"},"inLanguage":"en-GB","potentialAction":[{"@type":"ReadAction","target":["https:\/\/padelzoco.es\/product\/noene-undergrip-anti-shock-padel-tannis\/"]}]},{"@type":"ImageObject","inLanguage":"en-GB","@id":"https:\/\/padelzoco.es\/product\/noene-undergrip-anti-shock-padel-tannis\/#primaryimage","url":"https:\/\/padelzoco.es\/wp-content\/uploads\/2025\/12\/NOENE-UnderGrip-Anti-shock-Padel-Tannis.webp","contentUrl":"https:\/\/padelzoco.es\/wp-content\/uploads\/2025\/12\/NOENE-UnderGrip-Anti-shock-Padel-Tannis.webp","width":1400,"height":1400},{"@type":"BreadcrumbList","@id":"https:\/\/padelzoco.es\/product\/noene-undergrip-anti-shock-padel-tannis\/#breadcrumb","itemListElement":[{"@type":"ListItem","position":1,"name":"Home","item":"https:\/\/padelzoco.es\/"},{"@type":"ListItem","position":2,"name":"Padel Zoco","item":"https:\/\/padelzoco.es\/padel-zoco\/"},{"@type":"ListItem","position":3,"name":"NOENE UnderGrip Anti-shock Padel Tannis"}]},{"@type":"WebSite","@id":"https:\/\/padelzoco.es\/#website","url":"https:\/\/padelzoco.es\/","name":"Padel Zoco","description":"Padel Zoco | Spain","publisher":{"@id":"https:\/\/padelzoco.es\/#organization"},"potentialAction":[{"@type":"SearchAction","target":{"@type":"EntryPoint","urlTemplate":"https:\/\/padelzoco.es\/?s={search_term_string}"},"query-input":{"@type":"PropertyValueSpecification","valueRequired":true,"valueName":"search_term_string"}}],"inLanguage":"en-GB"},{"@type":"Organization","@id":"https:\/\/padelzoco.es\/#organization","name":"Padel Zoco","url":"https:\/\/padelzoco.es\/","logo":{"@type":"ImageObject","inLanguage":"en-GB","@id":"https:\/\/padelzoco.es\/#\/schema\/logo\/image\/","url":"https:\/\/padelzoco.es\/wp-content\/uploads\/2023\/11\/PadelZoco_Logo_black_white.webp","contentUrl":"https:\/\/padelzoco.es\/wp-content\/uploads\/2023\/11\/PadelZoco_Logo_black_white.webp","width":1500,"height":631,"caption":"Padel Zoco"},"image":{"@id":"https:\/\/padelzoco.es\/#\/schema\/logo\/image\/"}}]}},"_links":{"self":[{"href":"https:\/\/padelzoco.es\/en\/wp-json\/wp\/v2\/product\/31847","targetHints":{"allow":["GET"]}}],"collection":[{"href":"https:\/\/padelzoco.es\/en\/wp-json\/wp\/v2\/product"}],"about":[{"href":"https:\/\/padelzoco.es\/en\/wp-json\/wp\/v2\/types\/product"}],"version-history":[{"count":3,"href":"https:\/\/padelzoco.es\/en\/wp-json\/wp\/v2\/product\/31847\/revisions"}],"predecessor-version":[{"id":31979,"href":"https:\/\/padelzoco.es\/en\/wp-json\/wp\/v2\/product\/31847\/revisions\/31979"}],"wp:featuredmedia":[{"embeddable":true,"href":"https:\/\/padelzoco.es\/en\/wp-json\/wp\/v2\/media\/31848"}],"wp:attachment":[{"href":"https:\/\/padelzoco.es\/en\/wp-json\/wp\/v2\/media?parent=31847"}],"wp:term":[{"taxonomy":"product_brand","embeddable":true,"href":"https:\/\/padelzoco.es\/en\/wp-json\/wp\/v2\/product_brand?post=31847"},{"taxonomy":"product_cat","embeddable":true,"href":"https:\/\/padelzoco.es\/en\/wp-json\/wp\/v2\/product_cat?post=31847"},{"taxonomy":"product_tag","embeddable":true,"href":"https:\/\/padelzoco.es\/en\/wp-json\/wp\/v2\/product_tag?post=31847"}],"curies":[{"name":"wp","href":"https:\/\/api.w.org\/{rel}","templated":true}]}}