{"id":31851,"date":"2025-12-12T17:54:01","date_gmt":"2025-12-12T16:54:01","guid":{"rendered":"https:\/\/padelzoco.es\/?post_type=product&#038;p=31851"},"modified":"2026-04-30T19:29:39","modified_gmt":"2026-04-30T18:29:39","slug":"plantillas-padel-noene-ergonomic-3d-insole","status":"publish","type":"product","link":"https:\/\/padelzoco.es\/en\/product\/plantillas-padel-noene-ergonomic-3d-insole\/","title":{"rendered":"Plantillas Padel Noene Ergonomic 3d Insole"},"content":{"rendered":"<p data-start=\"364\" data-end=\"547\">Las <strong data-start=\"368\" data-end=\"410\">plantillas TENNIS &amp; PADEL ERGONOMIC 3D<\/strong> cuentan con una <strong data-start=\"427\" data-end=\"459\">doble capa de AIR FOAM y EVA<\/strong>, que garantiza una excelente elasticidad y un alto nivel de comodidad durante el juego.<\/p>\n<p data-start=\"549\" data-end=\"908\">La <strong data-start=\"552\" data-end=\"608\">forma ergon\u00f3mica del refuerzo de EVA (color naranja)<\/strong> gu\u00eda el tal\u00f3n y el arco del pie durante los cambios de direcci\u00f3n y los saltos, aportando estabilidad y control en movimientos explosivos. Incorporan una <strong data-start=\"762\" data-end=\"797\">capa completa de NOENE\u00ae de 1 mm<\/strong>, junto con un <strong data-start=\"812\" data-end=\"845\">insert espec\u00edfico en el tal\u00f3n<\/strong>, que ayudan a absorber impactos y proteger las articulaciones.<\/p>\n<p data-start=\"910\" data-end=\"1046\">Su <strong data-start=\"913\" data-end=\"936\">base tridimensional<\/strong> mejora el agarre dentro del calzado, evitando deslizamientos internos y aumentando la sensaci\u00f3n de seguridad.<\/p>\n<p data-start=\"1048\" data-end=\"1126\">Estas plantillas <strong data-start=\"1065\" data-end=\"1113\">sustituyen la plantilla original del calzado<\/strong> (3D Insole).<\/p>","protected":false},"excerpt":{"rendered":"<p>La <strong data-start=\"379\" data-end=\"420\">Plantilla TENNIS &amp; PADEL ERGONOMIC 3D<\/strong> ofrece absorci\u00f3n de impactos, estabilidad y comodidad gracias a su doble capa EVA + AIR FOAM y protecci\u00f3n NOENE\u00ae, ideal para p\u00e1del y tenis intensivos.<\/p>","protected":false},"featured_media":31856,"template":"","meta":[],"product_brand":[],"product_cat":[15],"product_tag":[],"class_list":{"0":"post-31851","1":"product","2":"type-product","3":"status-publish","4":"has-post-thumbnail","6":"product_cat-uncategorized","7":"pa_brand-noene","8":"pa_hs_code-1009","10":"first","11":"instock","12":"taxable","13":"shipping-taxable","14":"purchasable","15":"product-type-variable"},"yoast_head":"<!-- This site is optimized with the Yoast SEO plugin v27.5 - https:\/\/yoast.com\/product\/yoast-seo-wordpress\/ -->\n<title>Plantillas Padel Noene Ergonomic 3d Insole - Padel Zoco<\/title>\n<meta name=\"description\" content=\"Plantilla TENNIS &amp; PADEL ERGONOMIC 3D con EVA, AIR FOAM y NOENE\u00ae. M\u00e1xima absorci\u00f3n de impactos, estabilidad y confort para p\u00e1del y tenis.\" \/>\n<meta name=\"robots\" content=\"index, follow, max-snippet:-1, max-image-preview:large, max-video-preview:-1\" \/>\n<link rel=\"canonical\" href=\"https:\/\/padelzoco.es\/en\/product\/plantillas-padel-noene-ergonomic-3d-insole\/\" \/>\n<meta property=\"og:locale\" content=\"en_GB\" \/>\n<meta property=\"og:type\" content=\"article\" \/>\n<meta property=\"og:title\" content=\"Plantillas Padel Noene Ergonomic 3d Insole - Padel Zoco\" \/>\n<meta property=\"og:description\" content=\"Plantilla TENNIS &amp; PADEL ERGONOMIC 3D con EVA, AIR FOAM y NOENE\u00ae. M\u00e1xima absorci\u00f3n de impactos, estabilidad y confort para p\u00e1del y tenis.\" \/>\n<meta property=\"og:url\" content=\"https:\/\/padelzoco.es\/en\/product\/plantillas-padel-noene-ergonomic-3d-insole\/\" \/>\n<meta property=\"og:site_name\" content=\"Padel Zoco\" \/>\n<meta property=\"article:modified_time\" content=\"2026-04-30T18:29:39+00:00\" \/>\n<meta property=\"og:image\" content=\"https:\/\/padelzoco.es\/wp-content\/uploads\/2025\/12\/NOENE-TENNIS-PADEL-ERGONOMIC-3D-INSOLE-image-1.webp\" \/>\n\t<meta property=\"og:image:width\" content=\"1400\" \/>\n\t<meta property=\"og:image:height\" content=\"1400\" \/>\n\t<meta property=\"og:image:type\" content=\"image\/webp\" \/>\n<meta name=\"twitter:card\" content=\"summary_large_image\" \/>\n<meta name=\"twitter:label1\" content=\"Estimated reading time\" \/>\n\t<meta name=\"twitter:data1\" content=\"1 minute\" \/>\n<script type=\"application\/ld+json\" class=\"yoast-schema-graph\">{\"@context\":\"https:\\\/\\\/schema.org\",\"@graph\":[{\"@type\":\"WebPage\",\"@id\":\"https:\\\/\\\/padelzoco.es\\\/product\\\/plantillas-padel-noene-ergonomic-3d-insole\\\/\",\"url\":\"https:\\\/\\\/padelzoco.es\\\/product\\\/plantillas-padel-noene-ergonomic-3d-insole\\\/\",\"name\":\"Plantillas Padel Noene Ergonomic 3d Insole - Padel Zoco\",\"isPartOf\":{\"@id\":\"https:\\\/\\\/padelzoco.es\\\/#website\"},\"primaryImageOfPage\":{\"@id\":\"https:\\\/\\\/padelzoco.es\\\/product\\\/plantillas-padel-noene-ergonomic-3d-insole\\\/#primaryimage\"},\"image\":{\"@id\":\"https:\\\/\\\/padelzoco.es\\\/product\\\/plantillas-padel-noene-ergonomic-3d-insole\\\/#primaryimage\"},\"thumbnailUrl\":\"https:\\\/\\\/padelzoco.es\\\/wp-content\\\/uploads\\\/2025\\\/12\\\/NOENE-TENNIS-PADEL-ERGONOMIC-3D-INSOLE-image-1.webp\",\"datePublished\":\"2025-12-12T16:54:01+00:00\",\"dateModified\":\"2026-04-30T18:29:39+00:00\",\"description\":\"Plantilla TENNIS & PADEL ERGONOMIC 3D con EVA, AIR FOAM y NOENE\u00ae. M\u00e1xima absorci\u00f3n de impactos, estabilidad y confort para p\u00e1del y tenis.\",\"breadcrumb\":{\"@id\":\"https:\\\/\\\/padelzoco.es\\\/product\\\/plantillas-padel-noene-ergonomic-3d-insole\\\/#breadcrumb\"},\"inLanguage\":\"en-GB\",\"potentialAction\":[{\"@type\":\"ReadAction\",\"target\":[\"https:\\\/\\\/padelzoco.es\\\/product\\\/plantillas-padel-noene-ergonomic-3d-insole\\\/\"]}]},{\"@type\":\"ImageObject\",\"inLanguage\":\"en-GB\",\"@id\":\"https:\\\/\\\/padelzoco.es\\\/product\\\/plantillas-padel-noene-ergonomic-3d-insole\\\/#primaryimage\",\"url\":\"https:\\\/\\\/padelzoco.es\\\/wp-content\\\/uploads\\\/2025\\\/12\\\/NOENE-TENNIS-PADEL-ERGONOMIC-3D-INSOLE-image-1.webp\",\"contentUrl\":\"https:\\\/\\\/padelzoco.es\\\/wp-content\\\/uploads\\\/2025\\\/12\\\/NOENE-TENNIS-PADEL-ERGONOMIC-3D-INSOLE-image-1.webp\",\"width\":1400,\"height\":1400},{\"@type\":\"BreadcrumbList\",\"@id\":\"https:\\\/\\\/padelzoco.es\\\/product\\\/plantillas-padel-noene-ergonomic-3d-insole\\\/#breadcrumb\",\"itemListElement\":[{\"@type\":\"ListItem\",\"position\":1,\"name\":\"Home\",\"item\":\"https:\\\/\\\/padelzoco.es\\\/\"},{\"@type\":\"ListItem\",\"position\":2,\"name\":\"Padel Zoco\",\"item\":\"https:\\\/\\\/padelzoco.es\\\/padel-zoco\\\/\"},{\"@type\":\"ListItem\",\"position\":3,\"name\":\"Plantillas Padel Noene Ergonomic 3d Insole\"}]},{\"@type\":\"WebSite\",\"@id\":\"https:\\\/\\\/padelzoco.es\\\/#website\",\"url\":\"https:\\\/\\\/padelzoco.es\\\/\",\"name\":\"Padel Zoco\",\"description\":\"Padel Zoco | Spain\",\"publisher\":{\"@id\":\"https:\\\/\\\/padelzoco.es\\\/#organization\"},\"potentialAction\":[{\"@type\":\"SearchAction\",\"target\":{\"@type\":\"EntryPoint\",\"urlTemplate\":\"https:\\\/\\\/padelzoco.es\\\/?s={search_term_string}\"},\"query-input\":{\"@type\":\"PropertyValueSpecification\",\"valueRequired\":true,\"valueName\":\"search_term_string\"}}],\"inLanguage\":\"en-GB\"},{\"@type\":\"Organization\",\"@id\":\"https:\\\/\\\/padelzoco.es\\\/#organization\",\"name\":\"Padel Zoco\",\"url\":\"https:\\\/\\\/padelzoco.es\\\/\",\"logo\":{\"@type\":\"ImageObject\",\"inLanguage\":\"en-GB\",\"@id\":\"https:\\\/\\\/padelzoco.es\\\/#\\\/schema\\\/logo\\\/image\\\/\",\"url\":\"https:\\\/\\\/padelzoco.es\\\/wp-content\\\/uploads\\\/2023\\\/11\\\/PadelZoco_Logo_black_white.webp\",\"contentUrl\":\"https:\\\/\\\/padelzoco.es\\\/wp-content\\\/uploads\\\/2023\\\/11\\\/PadelZoco_Logo_black_white.webp\",\"width\":1500,\"height\":631,\"caption\":\"Padel Zoco\"},\"image\":{\"@id\":\"https:\\\/\\\/padelzoco.es\\\/#\\\/schema\\\/logo\\\/image\\\/\"}}]}<\/script>\n<!-- \/ Yoast SEO plugin. -->","yoast_head_json":{"title":"Plantillas Padel Noene Ergonomic 3d Insole - Padel Zoco","description":"Plantilla TENNIS & PADEL ERGONOMIC 3D con EVA, AIR FOAM y NOENE\u00ae. M\u00e1xima absorci\u00f3n de impactos, estabilidad y confort para p\u00e1del y tenis.","robots":{"index":"index","follow":"follow","max-snippet":"max-snippet:-1","max-image-preview":"max-image-preview:large","max-video-preview":"max-video-preview:-1"},"canonical":"https:\/\/padelzoco.es\/en\/product\/plantillas-padel-noene-ergonomic-3d-insole\/","og_locale":"en_GB","og_type":"article","og_title":"Plantillas Padel Noene Ergonomic 3d Insole - Padel Zoco","og_description":"Plantilla TENNIS & PADEL ERGONOMIC 3D con EVA, AIR FOAM y NOENE\u00ae. M\u00e1xima absorci\u00f3n de impactos, estabilidad y confort para p\u00e1del y tenis.","og_url":"https:\/\/padelzoco.es\/en\/product\/plantillas-padel-noene-ergonomic-3d-insole\/","og_site_name":"Padel Zoco","article_modified_time":"2026-04-30T18:29:39+00:00","og_image":[{"width":1400,"height":1400,"url":"https:\/\/padelzoco.es\/wp-content\/uploads\/2025\/12\/NOENE-TENNIS-PADEL-ERGONOMIC-3D-INSOLE-image-1.webp","type":"image\/webp"}],"twitter_card":"summary_large_image","twitter_misc":{"Estimated reading time":"1 minute"},"schema":{"@context":"https:\/\/schema.org","@graph":[{"@type":"WebPage","@id":"https:\/\/padelzoco.es\/product\/plantillas-padel-noene-ergonomic-3d-insole\/","url":"https:\/\/padelzoco.es\/product\/plantillas-padel-noene-ergonomic-3d-insole\/","name":"Plantillas Padel Noene Ergonomic 3d Insole - Padel Zoco","isPartOf":{"@id":"https:\/\/padelzoco.es\/#website"},"primaryImageOfPage":{"@id":"https:\/\/padelzoco.es\/product\/plantillas-padel-noene-ergonomic-3d-insole\/#primaryimage"},"image":{"@id":"https:\/\/padelzoco.es\/product\/plantillas-padel-noene-ergonomic-3d-insole\/#primaryimage"},"thumbnailUrl":"https:\/\/padelzoco.es\/wp-content\/uploads\/2025\/12\/NOENE-TENNIS-PADEL-ERGONOMIC-3D-INSOLE-image-1.webp","datePublished":"2025-12-12T16:54:01+00:00","dateModified":"2026-04-30T18:29:39+00:00","description":"Plantilla TENNIS & PADEL ERGONOMIC 3D con EVA, AIR FOAM y NOENE\u00ae. M\u00e1xima absorci\u00f3n de impactos, estabilidad y confort para p\u00e1del y tenis.","breadcrumb":{"@id":"https:\/\/padelzoco.es\/product\/plantillas-padel-noene-ergonomic-3d-insole\/#breadcrumb"},"inLanguage":"en-GB","potentialAction":[{"@type":"ReadAction","target":["https:\/\/padelzoco.es\/product\/plantillas-padel-noene-ergonomic-3d-insole\/"]}]},{"@type":"ImageObject","inLanguage":"en-GB","@id":"https:\/\/padelzoco.es\/product\/plantillas-padel-noene-ergonomic-3d-insole\/#primaryimage","url":"https:\/\/padelzoco.es\/wp-content\/uploads\/2025\/12\/NOENE-TENNIS-PADEL-ERGONOMIC-3D-INSOLE-image-1.webp","contentUrl":"https:\/\/padelzoco.es\/wp-content\/uploads\/2025\/12\/NOENE-TENNIS-PADEL-ERGONOMIC-3D-INSOLE-image-1.webp","width":1400,"height":1400},{"@type":"BreadcrumbList","@id":"https:\/\/padelzoco.es\/product\/plantillas-padel-noene-ergonomic-3d-insole\/#breadcrumb","itemListElement":[{"@type":"ListItem","position":1,"name":"Home","item":"https:\/\/padelzoco.es\/"},{"@type":"ListItem","position":2,"name":"Padel Zoco","item":"https:\/\/padelzoco.es\/padel-zoco\/"},{"@type":"ListItem","position":3,"name":"Plantillas Padel Noene Ergonomic 3d Insole"}]},{"@type":"WebSite","@id":"https:\/\/padelzoco.es\/#website","url":"https:\/\/padelzoco.es\/","name":"Padel Zoco","description":"Padel Zoco | Spain","publisher":{"@id":"https:\/\/padelzoco.es\/#organization"},"potentialAction":[{"@type":"SearchAction","target":{"@type":"EntryPoint","urlTemplate":"https:\/\/padelzoco.es\/?s={search_term_string}"},"query-input":{"@type":"PropertyValueSpecification","valueRequired":true,"valueName":"search_term_string"}}],"inLanguage":"en-GB"},{"@type":"Organization","@id":"https:\/\/padelzoco.es\/#organization","name":"Padel Zoco","url":"https:\/\/padelzoco.es\/","logo":{"@type":"ImageObject","inLanguage":"en-GB","@id":"https:\/\/padelzoco.es\/#\/schema\/logo\/image\/","url":"https:\/\/padelzoco.es\/wp-content\/uploads\/2023\/11\/PadelZoco_Logo_black_white.webp","contentUrl":"https:\/\/padelzoco.es\/wp-content\/uploads\/2023\/11\/PadelZoco_Logo_black_white.webp","width":1500,"height":631,"caption":"Padel Zoco"},"image":{"@id":"https:\/\/padelzoco.es\/#\/schema\/logo\/image\/"}}]}},"_links":{"self":[{"href":"https:\/\/padelzoco.es\/en\/wp-json\/wp\/v2\/product\/31851","targetHints":{"allow":["GET"]}}],"collection":[{"href":"https:\/\/padelzoco.es\/en\/wp-json\/wp\/v2\/product"}],"about":[{"href":"https:\/\/padelzoco.es\/en\/wp-json\/wp\/v2\/types\/product"}],"version-history":[{"count":3,"href":"https:\/\/padelzoco.es\/en\/wp-json\/wp\/v2\/product\/31851\/revisions"}],"predecessor-version":[{"id":31873,"href":"https:\/\/padelzoco.es\/en\/wp-json\/wp\/v2\/product\/31851\/revisions\/31873"}],"wp:featuredmedia":[{"embeddable":true,"href":"https:\/\/padelzoco.es\/en\/wp-json\/wp\/v2\/media\/31856"}],"wp:attachment":[{"href":"https:\/\/padelzoco.es\/en\/wp-json\/wp\/v2\/media?parent=31851"}],"wp:term":[{"taxonomy":"product_brand","embeddable":true,"href":"https:\/\/padelzoco.es\/en\/wp-json\/wp\/v2\/product_brand?post=31851"},{"taxonomy":"product_cat","embeddable":true,"href":"https:\/\/padelzoco.es\/en\/wp-json\/wp\/v2\/product_cat?post=31851"},{"taxonomy":"product_tag","embeddable":true,"href":"https:\/\/padelzoco.es\/en\/wp-json\/wp\/v2\/product_tag?post=31851"}],"curies":[{"name":"wp","href":"https:\/\/api.w.org\/{rel}","templated":true}]}}