{"id":32643,"date":"2025-12-24T21:23:01","date_gmt":"2025-12-24T20:23:01","guid":{"rendered":"https:\/\/padelzoco.es\/?post_type=product&#038;p=32643"},"modified":"2026-04-13T18:40:57","modified_gmt":"2026-04-13T17:40:57","slug":"pala-padel-bullpadel-indiga-boy-2026","status":"publish","type":"product","link":"https:\/\/padelzoco.es\/en\/product\/pala-padel-bullpadel-indiga-boy-2026\/","title":{"rendered":"Pala Padel Bullpadel Indiga Boy 2026"},"content":{"rendered":"<div class=\"gtx-body\">\n<div class=\"gtx-body\">\n<p data-start=\"955\" data-end=\"1373\">La <strong data-start=\"958\" data-end=\"1014\">Bullpadel Indiga Boy and Girl Kids Padel Racket 2026<\/strong> es la nueva pala infantil de Bullpadel, creada para ayudar a los ni\u00f1os y ni\u00f1as que est\u00e1n empezando en el p\u00e1del a aprender la t\u00e9cnica de golpeo de forma m\u00e1s r\u00e1pida y sencilla. Gracias a su innovadora tecnolog\u00eda <strong data-start=\"1225\" data-end=\"1238\">Grip Zone<\/strong>, los peque\u00f1os jugadores aprenden a colocar correctamente la mano no dominante, mejorando su control y facilitando sus primeros golpes.<\/p>\n<p data-start=\"1375\" data-end=\"1607\">Su forma de l\u00e1grima, balance medio y cara de fibra de vidrio <strong data-start=\"1436\" data-end=\"1449\">Polyglass<\/strong>, junto al n\u00facleo <strong data-start=\"1467\" data-end=\"1480\">Evalastic<\/strong>, ofrecen un tacto c\u00f3modo, buena salida de bola y reducci\u00f3n de vibraciones, permitiendo un aprendizaje m\u00e1s natural y divertido.<\/p>\n<\/div>\n<\/div>","protected":false},"excerpt":{"rendered":"<div class=\"gtx-body\">\n<p>Las palas Indiga Boy y Girl son las palas kids de Bullpadel, para los ni\u00f1os que empiezan a disfrutar del padel, unas palas muy llamativas que esconden una tecnolog\u00eda que los llevar\u00e1 de la mano para aprender la t\u00e9cnica de los golpes, de una manera mucho m\u00e1s f\u00e1cil y r\u00e1pida.<\/p>\n<p>Peso:\u00a0280 grs.<br \/>\nPerfil:\u00a026 mm.<br \/>\nBalance:\u00a0Medio<br \/>\nShape: Teardrop<br \/>\nN\u00facleo exterior:\u00a0Polyglass<br \/>\nN\u00facleo interior:\u00a0Evalastic<br \/>\nProtector:\u00a0No<br \/>\nJugador:\u00a0Kid<br \/>\nPotencia\/Control: 60\/60<\/p>\n<\/div>","protected":false},"featured_media":15599,"template":"","meta":[],"product_brand":[],"product_cat":[698,575,585,591,572,757,580,754],"product_tag":[],"class_list":{"0":"post-32643","1":"product","2":"type-product","3":"status-publish","4":"has-post-thumbnail","6":"product_cat-bullpadel-padel","7":"product_cat-bullpadel-palas","8":"product_cat-lagrima-palas","9":"product_cat-ninos-palas","10":"product_cat-palas","11":"product_cat-palas-ofertas","12":"product_cat-principiante-palas","13":"product_cat-rebajas","14":"pa_brand-bullpadel","15":"pa_gender-ninos","16":"pa_hs_code-134","18":"first","19":"instock","20":"sale","21":"taxable","22":"shipping-taxable","23":"purchasable","24":"product-type-simple"},"yoast_head":"<!-- This site is optimized with the Yoast SEO plugin v27.3 - https:\/\/yoast.com\/product\/yoast-seo-wordpress\/ -->\n<title>Pala Padel Bullpadel Indiga Boy 2026 - Padel Zoco<\/title>\n<meta name=\"description\" content=\"Bullpadel Indiga Boy and Girl Kids 2026, pala infantil ultraligera con Grip Zone para aprender m\u00e1s r\u00e1pido. Fibra de vidrio Polyglass, n\u00facleo Evalastic y balance medio.\" \/>\n<meta name=\"robots\" content=\"index, follow, max-snippet:-1, max-image-preview:large, max-video-preview:-1\" \/>\n<link rel=\"canonical\" href=\"https:\/\/padelzoco.es\/en\/product\/pala-padel-bullpadel-indiga-boy-2026\/\" \/>\n<meta property=\"og:locale\" content=\"en_GB\" \/>\n<meta property=\"og:type\" content=\"article\" \/>\n<meta property=\"og:title\" content=\"Pala Padel Bullpadel Indiga Boy 2026 - Padel Zoco\" \/>\n<meta property=\"og:description\" content=\"Bullpadel Indiga Boy and Girl Kids 2026, pala infantil ultraligera con Grip Zone para aprender m\u00e1s r\u00e1pido. Fibra de vidrio Polyglass, n\u00facleo Evalastic y balance medio.\" \/>\n<meta property=\"og:url\" content=\"https:\/\/padelzoco.es\/en\/product\/pala-padel-bullpadel-indiga-boy-2026\/\" \/>\n<meta property=\"og:site_name\" content=\"Padel Zoco\" \/>\n<meta property=\"article:modified_time\" content=\"2026-04-13T17:40:57+00:00\" \/>\n<meta property=\"og:image\" content=\"https:\/\/padelzoco.es\/wp-content\/uploads\/2024\/12\/BULLPADEL-Racket-Indiga-Boy-2025-01.webp\" \/>\n\t<meta property=\"og:image:width\" content=\"1400\" \/>\n\t<meta property=\"og:image:height\" content=\"1400\" \/>\n\t<meta property=\"og:image:type\" content=\"image\/webp\" \/>\n<meta name=\"twitter:card\" content=\"summary_large_image\" \/>\n<meta name=\"twitter:label1\" content=\"Estimated reading time\" \/>\n\t<meta name=\"twitter:data1\" content=\"1 minute\" \/>\n<script type=\"application\/ld+json\" class=\"yoast-schema-graph\">{\"@context\":\"https:\\\/\\\/schema.org\",\"@graph\":[{\"@type\":\"WebPage\",\"@id\":\"https:\\\/\\\/padelzoco.es\\\/product\\\/pala-padel-bullpadel-indiga-boy-2026\\\/\",\"url\":\"https:\\\/\\\/padelzoco.es\\\/product\\\/pala-padel-bullpadel-indiga-boy-2026\\\/\",\"name\":\"Pala Padel Bullpadel Indiga Boy 2026 - Padel Zoco\",\"isPartOf\":{\"@id\":\"https:\\\/\\\/padelzoco.es\\\/#website\"},\"primaryImageOfPage\":{\"@id\":\"https:\\\/\\\/padelzoco.es\\\/product\\\/pala-padel-bullpadel-indiga-boy-2026\\\/#primaryimage\"},\"image\":{\"@id\":\"https:\\\/\\\/padelzoco.es\\\/product\\\/pala-padel-bullpadel-indiga-boy-2026\\\/#primaryimage\"},\"thumbnailUrl\":\"https:\\\/\\\/padelzoco.es\\\/wp-content\\\/uploads\\\/2024\\\/12\\\/BULLPADEL-Racket-Indiga-Boy-2025-01.webp\",\"datePublished\":\"2025-12-24T20:23:01+00:00\",\"dateModified\":\"2026-04-13T17:40:57+00:00\",\"description\":\"Bullpadel Indiga Boy and Girl Kids 2026, pala infantil ultraligera con Grip Zone para aprender m\u00e1s r\u00e1pido. Fibra de vidrio Polyglass, n\u00facleo Evalastic y balance medio.\",\"breadcrumb\":{\"@id\":\"https:\\\/\\\/padelzoco.es\\\/product\\\/pala-padel-bullpadel-indiga-boy-2026\\\/#breadcrumb\"},\"inLanguage\":\"en-GB\",\"potentialAction\":[{\"@type\":\"ReadAction\",\"target\":[\"https:\\\/\\\/padelzoco.es\\\/product\\\/pala-padel-bullpadel-indiga-boy-2026\\\/\"]}]},{\"@type\":\"ImageObject\",\"inLanguage\":\"en-GB\",\"@id\":\"https:\\\/\\\/padelzoco.es\\\/product\\\/pala-padel-bullpadel-indiga-boy-2026\\\/#primaryimage\",\"url\":\"https:\\\/\\\/padelzoco.es\\\/wp-content\\\/uploads\\\/2024\\\/12\\\/BULLPADEL-Racket-Indiga-Boy-2025-01.webp\",\"contentUrl\":\"https:\\\/\\\/padelzoco.es\\\/wp-content\\\/uploads\\\/2024\\\/12\\\/BULLPADEL-Racket-Indiga-Boy-2025-01.webp\",\"width\":1400,\"height\":1400,\"caption\":\"BULLPADEL Racket Indiga Boy 2025 01\"},{\"@type\":\"BreadcrumbList\",\"@id\":\"https:\\\/\\\/padelzoco.es\\\/product\\\/pala-padel-bullpadel-indiga-boy-2026\\\/#breadcrumb\",\"itemListElement\":[{\"@type\":\"ListItem\",\"position\":1,\"name\":\"Home\",\"item\":\"https:\\\/\\\/padelzoco.es\\\/\"},{\"@type\":\"ListItem\",\"position\":2,\"name\":\"Padel Zoco\",\"item\":\"https:\\\/\\\/padelzoco.es\\\/padel-zoco\\\/\"},{\"@type\":\"ListItem\",\"position\":3,\"name\":\"Pala Padel Bullpadel Indiga Boy 2026\"}]},{\"@type\":\"WebSite\",\"@id\":\"https:\\\/\\\/padelzoco.es\\\/#website\",\"url\":\"https:\\\/\\\/padelzoco.es\\\/\",\"name\":\"Padel Zoco\",\"description\":\"Padel Zoco | Spain\",\"publisher\":{\"@id\":\"https:\\\/\\\/padelzoco.es\\\/#organization\"},\"potentialAction\":[{\"@type\":\"SearchAction\",\"target\":{\"@type\":\"EntryPoint\",\"urlTemplate\":\"https:\\\/\\\/padelzoco.es\\\/?s={search_term_string}\"},\"query-input\":{\"@type\":\"PropertyValueSpecification\",\"valueRequired\":true,\"valueName\":\"search_term_string\"}}],\"inLanguage\":\"en-GB\"},{\"@type\":\"Organization\",\"@id\":\"https:\\\/\\\/padelzoco.es\\\/#organization\",\"name\":\"Padel Zoco\",\"url\":\"https:\\\/\\\/padelzoco.es\\\/\",\"logo\":{\"@type\":\"ImageObject\",\"inLanguage\":\"en-GB\",\"@id\":\"https:\\\/\\\/padelzoco.es\\\/#\\\/schema\\\/logo\\\/image\\\/\",\"url\":\"https:\\\/\\\/padelzoco.es\\\/wp-content\\\/uploads\\\/2023\\\/11\\\/PadelZoco_Logo_black_white.webp\",\"contentUrl\":\"https:\\\/\\\/padelzoco.es\\\/wp-content\\\/uploads\\\/2023\\\/11\\\/PadelZoco_Logo_black_white.webp\",\"width\":1500,\"height\":631,\"caption\":\"Padel Zoco\"},\"image\":{\"@id\":\"https:\\\/\\\/padelzoco.es\\\/#\\\/schema\\\/logo\\\/image\\\/\"}}]}<\/script>\n<!-- \/ Yoast SEO plugin. -->","yoast_head_json":{"title":"Pala Padel Bullpadel Indiga Boy 2026 - Padel Zoco","description":"Bullpadel Indiga Boy and Girl Kids 2026, pala infantil ultraligera con Grip Zone para aprender m\u00e1s r\u00e1pido. Fibra de vidrio Polyglass, n\u00facleo Evalastic y balance medio.","robots":{"index":"index","follow":"follow","max-snippet":"max-snippet:-1","max-image-preview":"max-image-preview:large","max-video-preview":"max-video-preview:-1"},"canonical":"https:\/\/padelzoco.es\/en\/product\/pala-padel-bullpadel-indiga-boy-2026\/","og_locale":"en_GB","og_type":"article","og_title":"Pala Padel Bullpadel Indiga Boy 2026 - Padel Zoco","og_description":"Bullpadel Indiga Boy and Girl Kids 2026, pala infantil ultraligera con Grip Zone para aprender m\u00e1s r\u00e1pido. Fibra de vidrio Polyglass, n\u00facleo Evalastic y balance medio.","og_url":"https:\/\/padelzoco.es\/en\/product\/pala-padel-bullpadel-indiga-boy-2026\/","og_site_name":"Padel Zoco","article_modified_time":"2026-04-13T17:40:57+00:00","og_image":[{"width":1400,"height":1400,"url":"https:\/\/padelzoco.es\/wp-content\/uploads\/2024\/12\/BULLPADEL-Racket-Indiga-Boy-2025-01.webp","type":"image\/webp"}],"twitter_card":"summary_large_image","twitter_misc":{"Estimated reading time":"1 minute"},"schema":{"@context":"https:\/\/schema.org","@graph":[{"@type":"WebPage","@id":"https:\/\/padelzoco.es\/product\/pala-padel-bullpadel-indiga-boy-2026\/","url":"https:\/\/padelzoco.es\/product\/pala-padel-bullpadel-indiga-boy-2026\/","name":"Pala Padel Bullpadel Indiga Boy 2026 - Padel Zoco","isPartOf":{"@id":"https:\/\/padelzoco.es\/#website"},"primaryImageOfPage":{"@id":"https:\/\/padelzoco.es\/product\/pala-padel-bullpadel-indiga-boy-2026\/#primaryimage"},"image":{"@id":"https:\/\/padelzoco.es\/product\/pala-padel-bullpadel-indiga-boy-2026\/#primaryimage"},"thumbnailUrl":"https:\/\/padelzoco.es\/wp-content\/uploads\/2024\/12\/BULLPADEL-Racket-Indiga-Boy-2025-01.webp","datePublished":"2025-12-24T20:23:01+00:00","dateModified":"2026-04-13T17:40:57+00:00","description":"Bullpadel Indiga Boy and Girl Kids 2026, pala infantil ultraligera con Grip Zone para aprender m\u00e1s r\u00e1pido. Fibra de vidrio Polyglass, n\u00facleo Evalastic y balance medio.","breadcrumb":{"@id":"https:\/\/padelzoco.es\/product\/pala-padel-bullpadel-indiga-boy-2026\/#breadcrumb"},"inLanguage":"en-GB","potentialAction":[{"@type":"ReadAction","target":["https:\/\/padelzoco.es\/product\/pala-padel-bullpadel-indiga-boy-2026\/"]}]},{"@type":"ImageObject","inLanguage":"en-GB","@id":"https:\/\/padelzoco.es\/product\/pala-padel-bullpadel-indiga-boy-2026\/#primaryimage","url":"https:\/\/padelzoco.es\/wp-content\/uploads\/2024\/12\/BULLPADEL-Racket-Indiga-Boy-2025-01.webp","contentUrl":"https:\/\/padelzoco.es\/wp-content\/uploads\/2024\/12\/BULLPADEL-Racket-Indiga-Boy-2025-01.webp","width":1400,"height":1400,"caption":"BULLPADEL Racket Indiga Boy 2025 01"},{"@type":"BreadcrumbList","@id":"https:\/\/padelzoco.es\/product\/pala-padel-bullpadel-indiga-boy-2026\/#breadcrumb","itemListElement":[{"@type":"ListItem","position":1,"name":"Home","item":"https:\/\/padelzoco.es\/"},{"@type":"ListItem","position":2,"name":"Padel Zoco","item":"https:\/\/padelzoco.es\/padel-zoco\/"},{"@type":"ListItem","position":3,"name":"Pala Padel Bullpadel Indiga Boy 2026"}]},{"@type":"WebSite","@id":"https:\/\/padelzoco.es\/#website","url":"https:\/\/padelzoco.es\/","name":"Padel Zoco","description":"Padel Zoco | Spain","publisher":{"@id":"https:\/\/padelzoco.es\/#organization"},"potentialAction":[{"@type":"SearchAction","target":{"@type":"EntryPoint","urlTemplate":"https:\/\/padelzoco.es\/?s={search_term_string}"},"query-input":{"@type":"PropertyValueSpecification","valueRequired":true,"valueName":"search_term_string"}}],"inLanguage":"en-GB"},{"@type":"Organization","@id":"https:\/\/padelzoco.es\/#organization","name":"Padel Zoco","url":"https:\/\/padelzoco.es\/","logo":{"@type":"ImageObject","inLanguage":"en-GB","@id":"https:\/\/padelzoco.es\/#\/schema\/logo\/image\/","url":"https:\/\/padelzoco.es\/wp-content\/uploads\/2023\/11\/PadelZoco_Logo_black_white.webp","contentUrl":"https:\/\/padelzoco.es\/wp-content\/uploads\/2023\/11\/PadelZoco_Logo_black_white.webp","width":1500,"height":631,"caption":"Padel Zoco"},"image":{"@id":"https:\/\/padelzoco.es\/#\/schema\/logo\/image\/"}}]}},"_links":{"self":[{"href":"https:\/\/padelzoco.es\/en\/wp-json\/wp\/v2\/product\/32643","targetHints":{"allow":["GET"]}}],"collection":[{"href":"https:\/\/padelzoco.es\/en\/wp-json\/wp\/v2\/product"}],"about":[{"href":"https:\/\/padelzoco.es\/en\/wp-json\/wp\/v2\/types\/product"}],"version-history":[{"count":3,"href":"https:\/\/padelzoco.es\/en\/wp-json\/wp\/v2\/product\/32643\/revisions"}],"predecessor-version":[{"id":32696,"href":"https:\/\/padelzoco.es\/en\/wp-json\/wp\/v2\/product\/32643\/revisions\/32696"}],"wp:featuredmedia":[{"embeddable":true,"href":"https:\/\/padelzoco.es\/en\/wp-json\/wp\/v2\/media\/15599"}],"wp:attachment":[{"href":"https:\/\/padelzoco.es\/en\/wp-json\/wp\/v2\/media?parent=32643"}],"wp:term":[{"taxonomy":"product_brand","embeddable":true,"href":"https:\/\/padelzoco.es\/en\/wp-json\/wp\/v2\/product_brand?post=32643"},{"taxonomy":"product_cat","embeddable":true,"href":"https:\/\/padelzoco.es\/en\/wp-json\/wp\/v2\/product_cat?post=32643"},{"taxonomy":"product_tag","embeddable":true,"href":"https:\/\/padelzoco.es\/en\/wp-json\/wp\/v2\/product_tag?post=32643"}],"curies":[{"name":"wp","href":"https:\/\/api.w.org\/{rel}","templated":true}]}}