{"id":33446,"date":"2026-01-11T20:50:45","date_gmt":"2026-01-11T19:50:45","guid":{"rendered":"https:\/\/padelzoco.es\/?post_type=product&#038;p=33446"},"modified":"2026-04-30T19:14:45","modified_gmt":"2026-04-30T18:14:45","slug":"llavero-pelota-wilson-premier-padel","status":"publish","type":"product","link":"https:\/\/padelzoco.es\/en\/product\/llavero-pelota-wilson-premier-padel\/","title":{"rendered":"Llavero Pelota WILSON Premier Padel"},"content":{"rendered":"<p data-start=\"628\" data-end=\"900\">El <strong data-start=\"631\" data-end=\"669\">WILSON Premier Padel Ball Keychain<\/strong> es un accesorio pr\u00e1ctico y llamativo, dise\u00f1ado para <strong data-start=\"722\" data-end=\"775\">amantes del p\u00e1del y seguidores de la marca Wilson<\/strong>. Inspirado en la ic\u00f3nica pelota de p\u00e1del, combina un <strong data-start=\"829\" data-end=\"849\">estilo deportivo<\/strong> con la funcionalidad necesaria para el uso diario.<\/p>\n<p data-start=\"902\" data-end=\"1241\">Fabricado con <strong data-start=\"916\" data-end=\"958\">materiales duraderos y de alta calidad<\/strong>, este llavero est\u00e1 preparado para soportar el uso cotidiano y diferentes condiciones clim\u00e1ticas sin perder su forma ni su aspecto. Su <strong data-start=\"1093\" data-end=\"1121\">tama\u00f1o compacto y ligero<\/strong> lo hace f\u00e1cil de llevar en las llaves, mochilas o paleteros, manteniendo siempre una sensaci\u00f3n de solidez y fiabilidad.<\/p>\n<p data-start=\"1243\" data-end=\"1524\">M\u00e1s que un simple accesorio, su <strong data-start=\"1275\" data-end=\"1313\">dise\u00f1o en forma de pelota de p\u00e1del<\/strong> lo convierte en una forma sutil y elegante de expresar tu pasi\u00f3n por el p\u00e1del y por Wilson, tanto dentro como fuera de la pista. Adem\u00e1s, es una excelente opci\u00f3n como <strong data-start=\"1480\" data-end=\"1523\">regalo original para jugadores de p\u00e1del<\/strong>.<\/p>\n<hr data-start=\"1526\" data-end=\"1529\" \/>\n<h2 data-start=\"1531\" data-end=\"1564\">Caracter\u00edsticas principales<\/h2>\n<ul data-start=\"1566\" data-end=\"1811\">\n<li data-start=\"1566\" data-end=\"1622\">\n<p data-start=\"1568\" data-end=\"1622\">Materiales resistentes para un uso diario prolongado<\/p>\n<\/li>\n<li data-start=\"1623\" data-end=\"1666\">\n<p data-start=\"1625\" data-end=\"1666\">Dise\u00f1o inspirado en una pelota de p\u00e1del<\/p>\n<\/li>\n<li data-start=\"1667\" data-end=\"1723\">\n<p data-start=\"1669\" data-end=\"1723\">Construcci\u00f3n resistente a las condiciones clim\u00e1ticas<\/p>\n<\/li>\n<li data-start=\"1724\" data-end=\"1757\">\n<p data-start=\"1726\" data-end=\"1757\">Tama\u00f1o compacto y peso ligero<\/p>\n<\/li>\n<li data-start=\"1758\" data-end=\"1811\">\n<p data-start=\"1760\" data-end=\"1811\">Accesorio ideal para llaves, mochilas o paleteros<\/p>\n<\/li>\n<\/ul>","protected":false},"excerpt":{"rendered":"<p data-start=\"628\" data-end=\"900\">El <strong data-start=\"631\" data-end=\"669\">WILSON Premier Padel Ball Keychain<\/strong> es un accesorio pr\u00e1ctico y llamativo, dise\u00f1ado para <strong data-start=\"722\" data-end=\"775\">amantes del p\u00e1del y seguidores de la marca Wilson<\/strong>. Inspirado en la ic\u00f3nica pelota de p\u00e1del, combina un <strong data-start=\"829\" data-end=\"849\">estilo deportivo<\/strong> con la funcionalidad necesaria para el uso diario.<\/p>\n<p data-start=\"902\" data-end=\"1241\">Fabricado con <strong data-start=\"916\" data-end=\"958\">materiales duraderos y de alta calidad<\/strong>, este llavero est\u00e1 preparado para soportar el uso cotidiano y diferentes condiciones clim\u00e1ticas sin perder su forma ni su aspecto. Su <strong data-start=\"1093\" data-end=\"1121\">tama\u00f1o compacto y ligero<\/strong> lo hace f\u00e1cil de llevar en las llaves, mochilas o paleteros, manteniendo siempre una sensaci\u00f3n de solidez y fiabilidad.<\/p>","protected":false},"featured_media":33447,"template":"","meta":[],"product_brand":[],"product_cat":[637,642,701],"product_tag":[],"class_list":{"0":"post-33446","1":"product","2":"type-product","3":"status-publish","4":"has-post-thumbnail","6":"product_cat-accesorios","7":"product_cat-llaveros","8":"product_cat-oso-padel","9":"pa_brand-wilson","11":"first","12":"instock","13":"taxable","14":"shipping-taxable","15":"purchasable","16":"product-type-simple"},"yoast_head":"<!-- This site is optimized with the Yoast SEO plugin v27.5 - https:\/\/yoast.com\/product\/yoast-seo-wordpress\/ -->\n<title>Llavero Pelota WILSON Premier Padel - Padel Zoco<\/title>\n<meta name=\"description\" content=\"Llavero Wilson Premier Padel con dise\u00f1o de pelota de p\u00e1del. Resistente, ligero y perfecto para llaves, mochilas o paleteros.\" \/>\n<meta name=\"robots\" content=\"index, follow, max-snippet:-1, max-image-preview:large, max-video-preview:-1\" \/>\n<link rel=\"canonical\" href=\"https:\/\/padelzoco.es\/en\/product\/llavero-pelota-wilson-premier-padel\/\" \/>\n<meta property=\"og:locale\" content=\"en_GB\" \/>\n<meta property=\"og:type\" content=\"article\" \/>\n<meta property=\"og:title\" content=\"Llavero Pelota WILSON Premier Padel - Padel Zoco\" \/>\n<meta property=\"og:description\" content=\"Llavero Wilson Premier Padel con dise\u00f1o de pelota de p\u00e1del. Resistente, ligero y perfecto para llaves, mochilas o paleteros.\" \/>\n<meta property=\"og:url\" content=\"https:\/\/padelzoco.es\/en\/product\/llavero-pelota-wilson-premier-padel\/\" \/>\n<meta property=\"og:site_name\" content=\"Padel Zoco\" \/>\n<meta property=\"article:modified_time\" content=\"2026-04-30T18:14:45+00:00\" \/>\n<meta property=\"og:image\" content=\"https:\/\/padelzoco.es\/wp-content\/uploads\/2026\/01\/WILSON-Premier-Padel-Ball-Keychain-03.webp\" \/>\n\t<meta property=\"og:image:width\" content=\"1400\" \/>\n\t<meta property=\"og:image:height\" content=\"1400\" \/>\n\t<meta property=\"og:image:type\" content=\"image\/webp\" \/>\n<meta name=\"twitter:card\" content=\"summary_large_image\" \/>\n<meta name=\"twitter:label1\" content=\"Estimated reading time\" \/>\n\t<meta name=\"twitter:data1\" content=\"2 minutes\" \/>\n<script type=\"application\/ld+json\" class=\"yoast-schema-graph\">{\"@context\":\"https:\\\/\\\/schema.org\",\"@graph\":[{\"@type\":\"WebPage\",\"@id\":\"https:\\\/\\\/padelzoco.es\\\/product\\\/llavero-pelota-wilson-premier-padel\\\/\",\"url\":\"https:\\\/\\\/padelzoco.es\\\/product\\\/llavero-pelota-wilson-premier-padel\\\/\",\"name\":\"Llavero Pelota WILSON Premier Padel - Padel Zoco\",\"isPartOf\":{\"@id\":\"https:\\\/\\\/padelzoco.es\\\/#website\"},\"primaryImageOfPage\":{\"@id\":\"https:\\\/\\\/padelzoco.es\\\/product\\\/llavero-pelota-wilson-premier-padel\\\/#primaryimage\"},\"image\":{\"@id\":\"https:\\\/\\\/padelzoco.es\\\/product\\\/llavero-pelota-wilson-premier-padel\\\/#primaryimage\"},\"thumbnailUrl\":\"https:\\\/\\\/padelzoco.es\\\/wp-content\\\/uploads\\\/2026\\\/01\\\/WILSON-Premier-Padel-Ball-Keychain-03.webp\",\"datePublished\":\"2026-01-11T19:50:45+00:00\",\"dateModified\":\"2026-04-30T18:14:45+00:00\",\"description\":\"Llavero Wilson Premier Padel con dise\u00f1o de pelota de p\u00e1del. Resistente, ligero y perfecto para llaves, mochilas o paleteros.\",\"breadcrumb\":{\"@id\":\"https:\\\/\\\/padelzoco.es\\\/product\\\/llavero-pelota-wilson-premier-padel\\\/#breadcrumb\"},\"inLanguage\":\"en-GB\",\"potentialAction\":[{\"@type\":\"ReadAction\",\"target\":[\"https:\\\/\\\/padelzoco.es\\\/product\\\/llavero-pelota-wilson-premier-padel\\\/\"]}]},{\"@type\":\"ImageObject\",\"inLanguage\":\"en-GB\",\"@id\":\"https:\\\/\\\/padelzoco.es\\\/product\\\/llavero-pelota-wilson-premier-padel\\\/#primaryimage\",\"url\":\"https:\\\/\\\/padelzoco.es\\\/wp-content\\\/uploads\\\/2026\\\/01\\\/WILSON-Premier-Padel-Ball-Keychain-03.webp\",\"contentUrl\":\"https:\\\/\\\/padelzoco.es\\\/wp-content\\\/uploads\\\/2026\\\/01\\\/WILSON-Premier-Padel-Ball-Keychain-03.webp\",\"width\":1400,\"height\":1400,\"caption\":\"WILSON Premier Padel Ball Keychain 03\"},{\"@type\":\"BreadcrumbList\",\"@id\":\"https:\\\/\\\/padelzoco.es\\\/product\\\/llavero-pelota-wilson-premier-padel\\\/#breadcrumb\",\"itemListElement\":[{\"@type\":\"ListItem\",\"position\":1,\"name\":\"Home\",\"item\":\"https:\\\/\\\/padelzoco.es\\\/\"},{\"@type\":\"ListItem\",\"position\":2,\"name\":\"Padel Zoco\",\"item\":\"https:\\\/\\\/padelzoco.es\\\/padel-zoco\\\/\"},{\"@type\":\"ListItem\",\"position\":3,\"name\":\"Llavero Pelota WILSON Premier Padel\"}]},{\"@type\":\"WebSite\",\"@id\":\"https:\\\/\\\/padelzoco.es\\\/#website\",\"url\":\"https:\\\/\\\/padelzoco.es\\\/\",\"name\":\"Padel Zoco\",\"description\":\"Padel Zoco | Spain\",\"publisher\":{\"@id\":\"https:\\\/\\\/padelzoco.es\\\/#organization\"},\"potentialAction\":[{\"@type\":\"SearchAction\",\"target\":{\"@type\":\"EntryPoint\",\"urlTemplate\":\"https:\\\/\\\/padelzoco.es\\\/?s={search_term_string}\"},\"query-input\":{\"@type\":\"PropertyValueSpecification\",\"valueRequired\":true,\"valueName\":\"search_term_string\"}}],\"inLanguage\":\"en-GB\"},{\"@type\":\"Organization\",\"@id\":\"https:\\\/\\\/padelzoco.es\\\/#organization\",\"name\":\"Padel Zoco\",\"url\":\"https:\\\/\\\/padelzoco.es\\\/\",\"logo\":{\"@type\":\"ImageObject\",\"inLanguage\":\"en-GB\",\"@id\":\"https:\\\/\\\/padelzoco.es\\\/#\\\/schema\\\/logo\\\/image\\\/\",\"url\":\"https:\\\/\\\/padelzoco.es\\\/wp-content\\\/uploads\\\/2023\\\/11\\\/PadelZoco_Logo_black_white.webp\",\"contentUrl\":\"https:\\\/\\\/padelzoco.es\\\/wp-content\\\/uploads\\\/2023\\\/11\\\/PadelZoco_Logo_black_white.webp\",\"width\":1500,\"height\":631,\"caption\":\"Padel Zoco\"},\"image\":{\"@id\":\"https:\\\/\\\/padelzoco.es\\\/#\\\/schema\\\/logo\\\/image\\\/\"}}]}<\/script>\n<!-- \/ Yoast SEO plugin. -->","yoast_head_json":{"title":"Llavero Pelota WILSON Premier Padel - Padel Zoco","description":"Llavero Wilson Premier Padel con dise\u00f1o de pelota de p\u00e1del. Resistente, ligero y perfecto para llaves, mochilas o paleteros.","robots":{"index":"index","follow":"follow","max-snippet":"max-snippet:-1","max-image-preview":"max-image-preview:large","max-video-preview":"max-video-preview:-1"},"canonical":"https:\/\/padelzoco.es\/en\/product\/llavero-pelota-wilson-premier-padel\/","og_locale":"en_GB","og_type":"article","og_title":"Llavero Pelota WILSON Premier Padel - Padel Zoco","og_description":"Llavero Wilson Premier Padel con dise\u00f1o de pelota de p\u00e1del. Resistente, ligero y perfecto para llaves, mochilas o paleteros.","og_url":"https:\/\/padelzoco.es\/en\/product\/llavero-pelota-wilson-premier-padel\/","og_site_name":"Padel Zoco","article_modified_time":"2026-04-30T18:14:45+00:00","og_image":[{"width":1400,"height":1400,"url":"https:\/\/padelzoco.es\/wp-content\/uploads\/2026\/01\/WILSON-Premier-Padel-Ball-Keychain-03.webp","type":"image\/webp"}],"twitter_card":"summary_large_image","twitter_misc":{"Estimated reading time":"2 minutes"},"schema":{"@context":"https:\/\/schema.org","@graph":[{"@type":"WebPage","@id":"https:\/\/padelzoco.es\/product\/llavero-pelota-wilson-premier-padel\/","url":"https:\/\/padelzoco.es\/product\/llavero-pelota-wilson-premier-padel\/","name":"Llavero Pelota WILSON Premier Padel - Padel Zoco","isPartOf":{"@id":"https:\/\/padelzoco.es\/#website"},"primaryImageOfPage":{"@id":"https:\/\/padelzoco.es\/product\/llavero-pelota-wilson-premier-padel\/#primaryimage"},"image":{"@id":"https:\/\/padelzoco.es\/product\/llavero-pelota-wilson-premier-padel\/#primaryimage"},"thumbnailUrl":"https:\/\/padelzoco.es\/wp-content\/uploads\/2026\/01\/WILSON-Premier-Padel-Ball-Keychain-03.webp","datePublished":"2026-01-11T19:50:45+00:00","dateModified":"2026-04-30T18:14:45+00:00","description":"Llavero Wilson Premier Padel con dise\u00f1o de pelota de p\u00e1del. Resistente, ligero y perfecto para llaves, mochilas o paleteros.","breadcrumb":{"@id":"https:\/\/padelzoco.es\/product\/llavero-pelota-wilson-premier-padel\/#breadcrumb"},"inLanguage":"en-GB","potentialAction":[{"@type":"ReadAction","target":["https:\/\/padelzoco.es\/product\/llavero-pelota-wilson-premier-padel\/"]}]},{"@type":"ImageObject","inLanguage":"en-GB","@id":"https:\/\/padelzoco.es\/product\/llavero-pelota-wilson-premier-padel\/#primaryimage","url":"https:\/\/padelzoco.es\/wp-content\/uploads\/2026\/01\/WILSON-Premier-Padel-Ball-Keychain-03.webp","contentUrl":"https:\/\/padelzoco.es\/wp-content\/uploads\/2026\/01\/WILSON-Premier-Padel-Ball-Keychain-03.webp","width":1400,"height":1400,"caption":"WILSON Premier Padel Ball Keychain 03"},{"@type":"BreadcrumbList","@id":"https:\/\/padelzoco.es\/product\/llavero-pelota-wilson-premier-padel\/#breadcrumb","itemListElement":[{"@type":"ListItem","position":1,"name":"Home","item":"https:\/\/padelzoco.es\/"},{"@type":"ListItem","position":2,"name":"Padel Zoco","item":"https:\/\/padelzoco.es\/padel-zoco\/"},{"@type":"ListItem","position":3,"name":"Llavero Pelota WILSON Premier Padel"}]},{"@type":"WebSite","@id":"https:\/\/padelzoco.es\/#website","url":"https:\/\/padelzoco.es\/","name":"Padel Zoco","description":"Padel Zoco | Spain","publisher":{"@id":"https:\/\/padelzoco.es\/#organization"},"potentialAction":[{"@type":"SearchAction","target":{"@type":"EntryPoint","urlTemplate":"https:\/\/padelzoco.es\/?s={search_term_string}"},"query-input":{"@type":"PropertyValueSpecification","valueRequired":true,"valueName":"search_term_string"}}],"inLanguage":"en-GB"},{"@type":"Organization","@id":"https:\/\/padelzoco.es\/#organization","name":"Padel Zoco","url":"https:\/\/padelzoco.es\/","logo":{"@type":"ImageObject","inLanguage":"en-GB","@id":"https:\/\/padelzoco.es\/#\/schema\/logo\/image\/","url":"https:\/\/padelzoco.es\/wp-content\/uploads\/2023\/11\/PadelZoco_Logo_black_white.webp","contentUrl":"https:\/\/padelzoco.es\/wp-content\/uploads\/2023\/11\/PadelZoco_Logo_black_white.webp","width":1500,"height":631,"caption":"Padel Zoco"},"image":{"@id":"https:\/\/padelzoco.es\/#\/schema\/logo\/image\/"}}]}},"_links":{"self":[{"href":"https:\/\/padelzoco.es\/en\/wp-json\/wp\/v2\/product\/33446","targetHints":{"allow":["GET"]}}],"collection":[{"href":"https:\/\/padelzoco.es\/en\/wp-json\/wp\/v2\/product"}],"about":[{"href":"https:\/\/padelzoco.es\/en\/wp-json\/wp\/v2\/types\/product"}],"version-history":[{"count":5,"href":"https:\/\/padelzoco.es\/en\/wp-json\/wp\/v2\/product\/33446\/revisions"}],"predecessor-version":[{"id":33709,"href":"https:\/\/padelzoco.es\/en\/wp-json\/wp\/v2\/product\/33446\/revisions\/33709"}],"wp:featuredmedia":[{"embeddable":true,"href":"https:\/\/padelzoco.es\/en\/wp-json\/wp\/v2\/media\/33447"}],"wp:attachment":[{"href":"https:\/\/padelzoco.es\/en\/wp-json\/wp\/v2\/media?parent=33446"}],"wp:term":[{"taxonomy":"product_brand","embeddable":true,"href":"https:\/\/padelzoco.es\/en\/wp-json\/wp\/v2\/product_brand?post=33446"},{"taxonomy":"product_cat","embeddable":true,"href":"https:\/\/padelzoco.es\/en\/wp-json\/wp\/v2\/product_cat?post=33446"},{"taxonomy":"product_tag","embeddable":true,"href":"https:\/\/padelzoco.es\/en\/wp-json\/wp\/v2\/product_tag?post=33446"}],"curies":[{"name":"wp","href":"https:\/\/api.w.org\/{rel}","templated":true}]}}