{"id":33601,"date":"2026-01-14T21:18:43","date_gmt":"2026-01-14T20:18:43","guid":{"rendered":"https:\/\/padelzoco.es\/?post_type=product&#038;p=33601"},"modified":"2026-04-30T19:16:25","modified_gmt":"2026-04-30T18:16:25","slug":"munequera-adidas-padel","status":"publish","type":"product","link":"https:\/\/padelzoco.es\/en\/product\/munequera-adidas-padel\/","title":{"rendered":"Mu\u00f1equera Adidas Padel"},"content":{"rendered":"<p data-start=\"691\" data-end=\"1046\">Las <strong>Mu\u00f1equeras ADIDAS <\/strong>est\u00e1n dise\u00f1adas para jugadores que buscan m\u00e1ximo confort, control y concentraci\u00f3n durante los partidos de p\u00e1del m\u00e1s exigentes. Gracias a su tama\u00f1o grande, proporcionan una mayor superficie de absorci\u00f3n, ayudando a mantener las manos secas y el agarre firme incluso en los intercambios m\u00e1s largos e intensos.<\/p>\n<p data-start=\"1048\" data-end=\"1362\">Fabricadas con un tejido t\u00e9cnico suave y duradero, estas mu\u00f1equeras ofrecen una excelente elasticidad que se adapta de forma natural a la mu\u00f1eca sin apretar ni deslizarse. Su ajuste c\u00f3modo evita distracciones y permite jugar con total libertad de movimiento, aportando una sensaci\u00f3n de seguridad en cada punto.<\/p>\n<p data-start=\"1364\" data-end=\"1575\">Adem\u00e1s, adidas refuerza su compromiso con la sostenibilidad utilizando al menos un 70% de materiales reciclados, reduciendo el impacto ambiental sin comprometer el rendimiento ni la durabilidad del producto.<\/p>\n<p data-start=\"1577\" data-end=\"1761\">Las Adidas Wristbands Large son un accesorio esencial para jugadores de p\u00e1del que valoran la comodidad, la absorci\u00f3n eficaz del sudor y un dise\u00f1o responsable con el medio ambiente.<\/p>\n<hr data-start=\"1763\" data-end=\"1766\" \/>\n<h2 data-start=\"1768\" data-end=\"1808\">Caracter\u00edsticas y especificaciones<\/h2>\n<ul data-start=\"1810\" data-end=\"2206\">\n<li data-start=\"1810\" data-end=\"1843\">\n<p data-start=\"1812\" data-end=\"1843\"><strong data-start=\"1812\" data-end=\"1821\">Tipo:<\/strong> Mu\u00f1equeras de p\u00e1del<\/p>\n<\/li>\n<li data-start=\"1844\" data-end=\"1880\">\n<p data-start=\"1846\" data-end=\"1880\"><strong data-start=\"1846\" data-end=\"1859\">Cantidad:<\/strong> Pack de 2 unidades<\/p>\n<\/li>\n<li data-start=\"1881\" data-end=\"1939\">\n<p data-start=\"1883\" data-end=\"1939\"><strong data-start=\"1883\" data-end=\"1894\">Tama\u00f1o:<\/strong> Large (tama\u00f1o grande para mayor absorci\u00f3n)<\/p>\n<\/li>\n<li data-start=\"1940\" data-end=\"1981\">\n<p data-start=\"1942\" data-end=\"1981\"><strong data-start=\"1942\" data-end=\"1954\">Funci\u00f3n:<\/strong> Alta absorci\u00f3n del sudor<\/p>\n<\/li>\n<li data-start=\"1982\" data-end=\"2024\">\n<p data-start=\"1984\" data-end=\"2024\"><strong data-start=\"1984\" data-end=\"1995\">Ajuste:<\/strong> C\u00f3modo, el\u00e1stico y estable<\/p>\n<\/li>\n<li data-start=\"2025\" data-end=\"2074\">\n<p data-start=\"2027\" data-end=\"2074\"><strong data-start=\"2027\" data-end=\"2040\">Material:<\/strong> Tejido t\u00e9cnico suave y duradero<\/p>\n<\/li>\n<li data-start=\"2075\" data-end=\"2136\">\n<p data-start=\"2077\" data-end=\"2136\"><strong data-start=\"2077\" data-end=\"2096\">Sostenibilidad:<\/strong> Al menos 70% de materiales reciclados<\/p>\n<\/li>\n<li data-start=\"2137\" data-end=\"2206\">\n<p data-start=\"2139\" data-end=\"2206\"><strong data-start=\"2139\" data-end=\"2159\">Uso recomendado:<\/strong> Entrenamientos y partidos de alta intensidad<\/p>\n<\/li>\n<\/ul>","protected":false},"excerpt":{"rendered":"<div id=\"product-description-short-475\" class=\"rte-content product-description\">\n<div id=\"product-description-short-475\" class=\"rte-content product-description\">\n<p data-start=\"691\" data-end=\"1046\">Las <strong>Mu\u00f1equeras ADIDAS <\/strong>est\u00e1n dise\u00f1adas para jugadores que buscan m\u00e1ximo confort, control y concentraci\u00f3n durante los partidos de p\u00e1del m\u00e1s exigentes. Gracias a su tama\u00f1o grande, proporcionan una mayor superficie de absorci\u00f3n, ayudando a mantener las manos secas y el agarre firme incluso en los intercambios m\u00e1s largos e intensos.<\/p>\n<p data-start=\"1048\" data-end=\"1362\">Fabricadas con un tejido t\u00e9cnico suave y duradero, estas mu\u00f1equeras ofrecen una excelente elasticidad que se adapta de forma natural a la mu\u00f1eca sin apretar ni deslizarse. Su ajuste c\u00f3modo evita distracciones y permite jugar con total libertad de movimiento, aportando una sensaci\u00f3n de seguridad en cada punto.<\/p>\n<\/div>\n<\/div>","protected":false},"featured_media":33603,"template":"","meta":[],"product_brand":[],"product_cat":[637,639],"product_tag":[],"class_list":{"0":"post-33601","1":"product","2":"type-product","3":"status-publish","4":"has-post-thumbnail","6":"product_cat-accesorios","7":"product_cat-munequeras","8":"pa_brand-adidas","9":"pa_country_of_origin-china","10":"pa_hs_code-997","12":"first","13":"instock","14":"taxable","15":"shipping-taxable","16":"purchasable","17":"product-type-simple"},"yoast_head":"<!-- This site is optimized with the Yoast SEO plugin v27.5 - https:\/\/yoast.com\/product\/yoast-seo-wordpress\/ -->\n<title>Mu\u00f1equera Adidas Padel - Padel Zoco<\/title>\n<meta name=\"description\" content=\"Mu\u00f1equeras Adidas Wristbands Large con alta absorci\u00f3n de sudor, ajuste c\u00f3modo y tejido reciclado. M\u00e1xima concentraci\u00f3n y control en pista.\" \/>\n<meta name=\"robots\" content=\"index, follow, max-snippet:-1, max-image-preview:large, max-video-preview:-1\" \/>\n<link rel=\"canonical\" href=\"https:\/\/padelzoco.es\/en\/product\/munequera-adidas-padel\/\" \/>\n<meta property=\"og:locale\" content=\"en_GB\" \/>\n<meta property=\"og:type\" content=\"article\" \/>\n<meta property=\"og:title\" content=\"Mu\u00f1equera Adidas Padel - Padel Zoco\" \/>\n<meta property=\"og:description\" content=\"Mu\u00f1equeras Adidas Wristbands Large con alta absorci\u00f3n de sudor, ajuste c\u00f3modo y tejido reciclado. M\u00e1xima concentraci\u00f3n y control en pista.\" \/>\n<meta property=\"og:url\" content=\"https:\/\/padelzoco.es\/en\/product\/munequera-adidas-padel\/\" \/>\n<meta property=\"og:site_name\" content=\"Padel Zoco\" \/>\n<meta property=\"article:modified_time\" content=\"2026-04-30T18:16:25+00:00\" \/>\n<meta property=\"og:image\" content=\"https:\/\/padelzoco.es\/wp-content\/uploads\/2026\/01\/ADIDAS-Wristbands-Large-2-Units-02.webp\" \/>\n\t<meta property=\"og:image:width\" content=\"1400\" \/>\n\t<meta property=\"og:image:height\" content=\"1400\" \/>\n\t<meta property=\"og:image:type\" content=\"image\/webp\" \/>\n<meta name=\"twitter:card\" content=\"summary_large_image\" \/>\n<meta name=\"twitter:label1\" content=\"Estimated reading time\" \/>\n\t<meta name=\"twitter:data1\" content=\"2 minutes\" \/>\n<script type=\"application\/ld+json\" class=\"yoast-schema-graph\">{\"@context\":\"https:\\\/\\\/schema.org\",\"@graph\":[{\"@type\":\"WebPage\",\"@id\":\"https:\\\/\\\/padelzoco.es\\\/product\\\/munequera-adidas-padel\\\/\",\"url\":\"https:\\\/\\\/padelzoco.es\\\/product\\\/munequera-adidas-padel\\\/\",\"name\":\"Mu\u00f1equera Adidas Padel - Padel Zoco\",\"isPartOf\":{\"@id\":\"https:\\\/\\\/padelzoco.es\\\/#website\"},\"primaryImageOfPage\":{\"@id\":\"https:\\\/\\\/padelzoco.es\\\/product\\\/munequera-adidas-padel\\\/#primaryimage\"},\"image\":{\"@id\":\"https:\\\/\\\/padelzoco.es\\\/product\\\/munequera-adidas-padel\\\/#primaryimage\"},\"thumbnailUrl\":\"https:\\\/\\\/padelzoco.es\\\/wp-content\\\/uploads\\\/2026\\\/01\\\/ADIDAS-Wristbands-Large-2-Units-02.webp\",\"datePublished\":\"2026-01-14T20:18:43+00:00\",\"dateModified\":\"2026-04-30T18:16:25+00:00\",\"description\":\"Mu\u00f1equeras Adidas Wristbands Large con alta absorci\u00f3n de sudor, ajuste c\u00f3modo y tejido reciclado. M\u00e1xima concentraci\u00f3n y control en pista.\",\"breadcrumb\":{\"@id\":\"https:\\\/\\\/padelzoco.es\\\/product\\\/munequera-adidas-padel\\\/#breadcrumb\"},\"inLanguage\":\"en-GB\",\"potentialAction\":[{\"@type\":\"ReadAction\",\"target\":[\"https:\\\/\\\/padelzoco.es\\\/product\\\/munequera-adidas-padel\\\/\"]}]},{\"@type\":\"ImageObject\",\"inLanguage\":\"en-GB\",\"@id\":\"https:\\\/\\\/padelzoco.es\\\/product\\\/munequera-adidas-padel\\\/#primaryimage\",\"url\":\"https:\\\/\\\/padelzoco.es\\\/wp-content\\\/uploads\\\/2026\\\/01\\\/ADIDAS-Wristbands-Large-2-Units-02.webp\",\"contentUrl\":\"https:\\\/\\\/padelzoco.es\\\/wp-content\\\/uploads\\\/2026\\\/01\\\/ADIDAS-Wristbands-Large-2-Units-02.webp\",\"width\":1400,\"height\":1400,\"caption\":\"ADIDAS Wristbands Large 2 Units 02\"},{\"@type\":\"BreadcrumbList\",\"@id\":\"https:\\\/\\\/padelzoco.es\\\/product\\\/munequera-adidas-padel\\\/#breadcrumb\",\"itemListElement\":[{\"@type\":\"ListItem\",\"position\":1,\"name\":\"Home\",\"item\":\"https:\\\/\\\/padelzoco.es\\\/\"},{\"@type\":\"ListItem\",\"position\":2,\"name\":\"Padel Zoco\",\"item\":\"https:\\\/\\\/padelzoco.es\\\/padel-zoco\\\/\"},{\"@type\":\"ListItem\",\"position\":3,\"name\":\"Mu\u00f1equera Adidas Padel\"}]},{\"@type\":\"WebSite\",\"@id\":\"https:\\\/\\\/padelzoco.es\\\/#website\",\"url\":\"https:\\\/\\\/padelzoco.es\\\/\",\"name\":\"Padel Zoco\",\"description\":\"Padel Zoco | Spain\",\"publisher\":{\"@id\":\"https:\\\/\\\/padelzoco.es\\\/#organization\"},\"potentialAction\":[{\"@type\":\"SearchAction\",\"target\":{\"@type\":\"EntryPoint\",\"urlTemplate\":\"https:\\\/\\\/padelzoco.es\\\/?s={search_term_string}\"},\"query-input\":{\"@type\":\"PropertyValueSpecification\",\"valueRequired\":true,\"valueName\":\"search_term_string\"}}],\"inLanguage\":\"en-GB\"},{\"@type\":\"Organization\",\"@id\":\"https:\\\/\\\/padelzoco.es\\\/#organization\",\"name\":\"Padel Zoco\",\"url\":\"https:\\\/\\\/padelzoco.es\\\/\",\"logo\":{\"@type\":\"ImageObject\",\"inLanguage\":\"en-GB\",\"@id\":\"https:\\\/\\\/padelzoco.es\\\/#\\\/schema\\\/logo\\\/image\\\/\",\"url\":\"https:\\\/\\\/padelzoco.es\\\/wp-content\\\/uploads\\\/2023\\\/11\\\/PadelZoco_Logo_black_white.webp\",\"contentUrl\":\"https:\\\/\\\/padelzoco.es\\\/wp-content\\\/uploads\\\/2023\\\/11\\\/PadelZoco_Logo_black_white.webp\",\"width\":1500,\"height\":631,\"caption\":\"Padel Zoco\"},\"image\":{\"@id\":\"https:\\\/\\\/padelzoco.es\\\/#\\\/schema\\\/logo\\\/image\\\/\"}}]}<\/script>\n<!-- \/ Yoast SEO plugin. -->","yoast_head_json":{"title":"Mu\u00f1equera Adidas Padel - Padel Zoco","description":"Mu\u00f1equeras Adidas Wristbands Large con alta absorci\u00f3n de sudor, ajuste c\u00f3modo y tejido reciclado. M\u00e1xima concentraci\u00f3n y control en pista.","robots":{"index":"index","follow":"follow","max-snippet":"max-snippet:-1","max-image-preview":"max-image-preview:large","max-video-preview":"max-video-preview:-1"},"canonical":"https:\/\/padelzoco.es\/en\/product\/munequera-adidas-padel\/","og_locale":"en_GB","og_type":"article","og_title":"Mu\u00f1equera Adidas Padel - Padel Zoco","og_description":"Mu\u00f1equeras Adidas Wristbands Large con alta absorci\u00f3n de sudor, ajuste c\u00f3modo y tejido reciclado. M\u00e1xima concentraci\u00f3n y control en pista.","og_url":"https:\/\/padelzoco.es\/en\/product\/munequera-adidas-padel\/","og_site_name":"Padel Zoco","article_modified_time":"2026-04-30T18:16:25+00:00","og_image":[{"width":1400,"height":1400,"url":"https:\/\/padelzoco.es\/wp-content\/uploads\/2026\/01\/ADIDAS-Wristbands-Large-2-Units-02.webp","type":"image\/webp"}],"twitter_card":"summary_large_image","twitter_misc":{"Estimated reading time":"2 minutes"},"schema":{"@context":"https:\/\/schema.org","@graph":[{"@type":"WebPage","@id":"https:\/\/padelzoco.es\/product\/munequera-adidas-padel\/","url":"https:\/\/padelzoco.es\/product\/munequera-adidas-padel\/","name":"Mu\u00f1equera Adidas Padel - Padel Zoco","isPartOf":{"@id":"https:\/\/padelzoco.es\/#website"},"primaryImageOfPage":{"@id":"https:\/\/padelzoco.es\/product\/munequera-adidas-padel\/#primaryimage"},"image":{"@id":"https:\/\/padelzoco.es\/product\/munequera-adidas-padel\/#primaryimage"},"thumbnailUrl":"https:\/\/padelzoco.es\/wp-content\/uploads\/2026\/01\/ADIDAS-Wristbands-Large-2-Units-02.webp","datePublished":"2026-01-14T20:18:43+00:00","dateModified":"2026-04-30T18:16:25+00:00","description":"Mu\u00f1equeras Adidas Wristbands Large con alta absorci\u00f3n de sudor, ajuste c\u00f3modo y tejido reciclado. M\u00e1xima concentraci\u00f3n y control en pista.","breadcrumb":{"@id":"https:\/\/padelzoco.es\/product\/munequera-adidas-padel\/#breadcrumb"},"inLanguage":"en-GB","potentialAction":[{"@type":"ReadAction","target":["https:\/\/padelzoco.es\/product\/munequera-adidas-padel\/"]}]},{"@type":"ImageObject","inLanguage":"en-GB","@id":"https:\/\/padelzoco.es\/product\/munequera-adidas-padel\/#primaryimage","url":"https:\/\/padelzoco.es\/wp-content\/uploads\/2026\/01\/ADIDAS-Wristbands-Large-2-Units-02.webp","contentUrl":"https:\/\/padelzoco.es\/wp-content\/uploads\/2026\/01\/ADIDAS-Wristbands-Large-2-Units-02.webp","width":1400,"height":1400,"caption":"ADIDAS Wristbands Large 2 Units 02"},{"@type":"BreadcrumbList","@id":"https:\/\/padelzoco.es\/product\/munequera-adidas-padel\/#breadcrumb","itemListElement":[{"@type":"ListItem","position":1,"name":"Home","item":"https:\/\/padelzoco.es\/"},{"@type":"ListItem","position":2,"name":"Padel Zoco","item":"https:\/\/padelzoco.es\/padel-zoco\/"},{"@type":"ListItem","position":3,"name":"Mu\u00f1equera Adidas Padel"}]},{"@type":"WebSite","@id":"https:\/\/padelzoco.es\/#website","url":"https:\/\/padelzoco.es\/","name":"Padel Zoco","description":"Padel Zoco | Spain","publisher":{"@id":"https:\/\/padelzoco.es\/#organization"},"potentialAction":[{"@type":"SearchAction","target":{"@type":"EntryPoint","urlTemplate":"https:\/\/padelzoco.es\/?s={search_term_string}"},"query-input":{"@type":"PropertyValueSpecification","valueRequired":true,"valueName":"search_term_string"}}],"inLanguage":"en-GB"},{"@type":"Organization","@id":"https:\/\/padelzoco.es\/#organization","name":"Padel Zoco","url":"https:\/\/padelzoco.es\/","logo":{"@type":"ImageObject","inLanguage":"en-GB","@id":"https:\/\/padelzoco.es\/#\/schema\/logo\/image\/","url":"https:\/\/padelzoco.es\/wp-content\/uploads\/2023\/11\/PadelZoco_Logo_black_white.webp","contentUrl":"https:\/\/padelzoco.es\/wp-content\/uploads\/2023\/11\/PadelZoco_Logo_black_white.webp","width":1500,"height":631,"caption":"Padel Zoco"},"image":{"@id":"https:\/\/padelzoco.es\/#\/schema\/logo\/image\/"}}]}},"_links":{"self":[{"href":"https:\/\/padelzoco.es\/en\/wp-json\/wp\/v2\/product\/33601","targetHints":{"allow":["GET"]}}],"collection":[{"href":"https:\/\/padelzoco.es\/en\/wp-json\/wp\/v2\/product"}],"about":[{"href":"https:\/\/padelzoco.es\/en\/wp-json\/wp\/v2\/types\/product"}],"version-history":[{"count":3,"href":"https:\/\/padelzoco.es\/en\/wp-json\/wp\/v2\/product\/33601\/revisions"}],"predecessor-version":[{"id":33903,"href":"https:\/\/padelzoco.es\/en\/wp-json\/wp\/v2\/product\/33601\/revisions\/33903"}],"wp:featuredmedia":[{"embeddable":true,"href":"https:\/\/padelzoco.es\/en\/wp-json\/wp\/v2\/media\/33603"}],"wp:attachment":[{"href":"https:\/\/padelzoco.es\/en\/wp-json\/wp\/v2\/media?parent=33601"}],"wp:term":[{"taxonomy":"product_brand","embeddable":true,"href":"https:\/\/padelzoco.es\/en\/wp-json\/wp\/v2\/product_brand?post=33601"},{"taxonomy":"product_cat","embeddable":true,"href":"https:\/\/padelzoco.es\/en\/wp-json\/wp\/v2\/product_cat?post=33601"},{"taxonomy":"product_tag","embeddable":true,"href":"https:\/\/padelzoco.es\/en\/wp-json\/wp\/v2\/product_tag?post=33601"}],"curies":[{"name":"wp","href":"https:\/\/api.w.org\/{rel}","templated":true}]}}