{"id":33684,"date":"2026-01-15T02:59:22","date_gmt":"2026-01-15T01:59:22","guid":{"rendered":"https:\/\/padelzoco.es\/?post_type=product&#038;p=33684"},"modified":"2026-03-04T19:41:21","modified_gmt":"2026-03-04T18:41:21","slug":"mochila-wilson-defy-v1-padel-black-gold","status":"publish","type":"product","link":"https:\/\/padelzoco.es\/en\/product\/mochila-wilson-defy-v1-padel-black-gold\/","title":{"rendered":"Mochila Wilson Defy V1 Padel Black Gold"},"content":{"rendered":"<div class=\"product-description product-description__container rte container cf padded-row not-in-quickbuy\">\n<div class=\"product_content_left\">\n<p data-start=\"0\" data-end=\"329\">La <strong data-start=\"3\" data-end=\"55\">Mochila WILSON Defy V1 Padel Backpack Black Gold<\/strong> est\u00e1 dise\u00f1ada para jugadores de <strong data-start=\"88\" data-end=\"97\">p\u00e1del<\/strong> que valoran la <strong data-start=\"113\" data-end=\"126\">movilidad<\/strong>, la <strong data-start=\"131\" data-end=\"145\">protecci\u00f3n<\/strong> y un dise\u00f1o <strong data-start=\"158\" data-end=\"180\">moderno y elegante<\/strong>. Ideal para desplazarse entre clubes, entrenamientos y torneos, combina una construcci\u00f3n <strong data-start=\"270\" data-end=\"280\">ligera<\/strong> con soluciones de almacenamiento inteligentes.<\/p>\n<p data-start=\"331\" data-end=\"632\">Cuenta con <strong data-start=\"342\" data-end=\"376\">dos compartimentos principales<\/strong>, uno de ellos <strong data-start=\"391\" data-end=\"402\">t\u00e9rmico<\/strong>, capaz de proteger hasta <strong data-start=\"428\" data-end=\"450\">dos palas de p\u00e1del<\/strong> frente a cambios de temperatura, ayudando a mantener su rendimiento y durabilidad. Su estructura resistente garantiza un uso prolongado incluso con viajes frecuentes y uso diario.<\/p>\n<p data-start=\"634\" data-end=\"955\">La <strong data-start=\"637\" data-end=\"650\">comodidad<\/strong> est\u00e1 asegurada gracias a los <strong data-start=\"680\" data-end=\"703\">tirantes acolchados<\/strong> y al asa superior reforzada para un transporte r\u00e1pido. Adem\u00e1s, incorpora una pr\u00e1ctica <strong data-start=\"790\" data-end=\"817\">correa trasera carry-on<\/strong> que permite fijar la mochila a una maleta, convirti\u00e9ndola en una excelente opci\u00f3n para viajes en avi\u00f3n y competiciones internacionales.<\/p>\n<p data-start=\"957\" data-end=\"1279\">Dos <strong data-start=\"961\" data-end=\"1000\">bolsillos exteriores con cremallera<\/strong> facilitan el acceso r\u00e1pido a objetos personales como llaves, cartera o tel\u00e9fono. Como parte de la colecci\u00f3n <strong data-start=\"1109\" data-end=\"1124\">Wilson 2026<\/strong>, esta mochila combina funcionalidad deportiva con un sofisticado dise\u00f1o en <strong data-start=\"1200\" data-end=\"1218\">negro y dorado<\/strong>, perfecta tanto para la pista como para el entorno urbano.<\/p>\n<p data-start=\"1281\" data-end=\"1491\">Con unas dimensiones compactas de <strong data-start=\"1315\" data-end=\"1340\">31,1 x 22,9 x 45,7 cm<\/strong>, la Wilson Defy V1 ofrece el equilibrio ideal entre <strong data-start=\"1393\" data-end=\"1406\">capacidad<\/strong>, <strong data-start=\"1408\" data-end=\"1424\">organizaci\u00f3n<\/strong> and <strong data-start=\"1427\" data-end=\"1437\">estilo<\/strong> para jugadores comprometidos y viajeros frecuentes.<\/p>\n<\/div>\n<\/div>","protected":false},"excerpt":{"rendered":"<div class=\"product_content_left\">\n<div class=\"product-description product-description__container rte container cf padded-row not-in-quickbuy\">\n<div class=\"product_content_left\">\n<div class=\"product_content_left\">\n<p data-start=\"24\" data-end=\"263\">Backpack <strong data-start=\"1522\" data-end=\"1551\">WILSON Defy V1 Black Gold<\/strong>, ligera y elegante, con compartimento t\u00e9rmico para palas, dise\u00f1o carry-on y m\u00e1xima comodidad para entrenamientos y viajes.<\/p>\n<\/div>\n<\/div>\n<\/div>\n<\/div>","protected":false},"featured_media":33685,"template":"","meta":[],"product_brand":[],"product_cat":[626,634,630],"product_tag":[],"class_list":{"0":"post-33684","1":"product","2":"type-product","3":"status-publish","4":"has-post-thumbnail","6":"product_cat-bolsas","7":"product_cat-mochila","8":"product_cat-wilson-bolsas","9":"pa_brand-wilson","10":"pa_country_of_origin-china","11":"pa_hs_code-673","13":"first","14":"instock","15":"sale","16":"taxable","17":"shipping-taxable","18":"purchasable","19":"product-type-simple"},"yoast_head":"<!-- This site is optimized with the Yoast SEO plugin v27.4 - https:\/\/yoast.com\/product\/yoast-seo-wordpress\/ -->\n<title>Mochila Wilson Defy V1 Padel Black Gold - Padel Zoco<\/title>\n<meta name=\"description\" content=\"Compra la WILSON Defy V1 Padel Backpack Black Gold, mochila ligera con compartimento t\u00e9rmico para palas, dise\u00f1o elegante y sistema carry-on.\" \/>\n<meta name=\"robots\" content=\"index, follow, max-snippet:-1, max-image-preview:large, max-video-preview:-1\" \/>\n<link rel=\"canonical\" href=\"https:\/\/padelzoco.es\/en\/product\/mochila-wilson-defy-v1-padel-black-gold\/\" \/>\n<meta property=\"og:locale\" content=\"en_GB\" \/>\n<meta property=\"og:type\" content=\"article\" \/>\n<meta property=\"og:title\" content=\"Mochila Wilson Defy V1 Padel Black Gold - Padel Zoco\" \/>\n<meta property=\"og:description\" content=\"Compra la WILSON Defy V1 Padel Backpack Black Gold, mochila ligera con compartimento t\u00e9rmico para palas, dise\u00f1o elegante y sistema carry-on.\" \/>\n<meta property=\"og:url\" content=\"https:\/\/padelzoco.es\/en\/product\/mochila-wilson-defy-v1-padel-black-gold\/\" \/>\n<meta property=\"og:site_name\" content=\"Padel Zoco\" \/>\n<meta property=\"article:modified_time\" content=\"2026-03-04T18:41:21+00:00\" \/>\n<meta property=\"og:image\" content=\"https:\/\/padelzoco.es\/wp-content\/uploads\/2026\/01\/Wilson-Defy-V1-Padel-Backpack-Black-Gold-03.webp\" \/>\n\t<meta property=\"og:image:width\" content=\"1400\" \/>\n\t<meta property=\"og:image:height\" content=\"1400\" \/>\n\t<meta property=\"og:image:type\" content=\"image\/webp\" \/>\n<meta name=\"twitter:card\" content=\"summary_large_image\" \/>\n<meta name=\"twitter:label1\" content=\"Estimated reading time\" \/>\n\t<meta name=\"twitter:data1\" content=\"2 minutes\" \/>\n<script type=\"application\/ld+json\" class=\"yoast-schema-graph\">{\"@context\":\"https:\\\/\\\/schema.org\",\"@graph\":[{\"@type\":\"WebPage\",\"@id\":\"https:\\\/\\\/padelzoco.es\\\/product\\\/mochila-wilson-defy-v1-padel-black-gold\\\/\",\"url\":\"https:\\\/\\\/padelzoco.es\\\/product\\\/mochila-wilson-defy-v1-padel-black-gold\\\/\",\"name\":\"Mochila Wilson Defy V1 Padel Black Gold - Padel Zoco\",\"isPartOf\":{\"@id\":\"https:\\\/\\\/padelzoco.es\\\/#website\"},\"primaryImageOfPage\":{\"@id\":\"https:\\\/\\\/padelzoco.es\\\/product\\\/mochila-wilson-defy-v1-padel-black-gold\\\/#primaryimage\"},\"image\":{\"@id\":\"https:\\\/\\\/padelzoco.es\\\/product\\\/mochila-wilson-defy-v1-padel-black-gold\\\/#primaryimage\"},\"thumbnailUrl\":\"https:\\\/\\\/padelzoco.es\\\/wp-content\\\/uploads\\\/2026\\\/01\\\/Wilson-Defy-V1-Padel-Backpack-Black-Gold-03.webp\",\"datePublished\":\"2026-01-15T01:59:22+00:00\",\"dateModified\":\"2026-03-04T18:41:21+00:00\",\"description\":\"Compra la WILSON Defy V1 Padel Backpack Black Gold, mochila ligera con compartimento t\u00e9rmico para palas, dise\u00f1o elegante y sistema carry-on.\",\"breadcrumb\":{\"@id\":\"https:\\\/\\\/padelzoco.es\\\/product\\\/mochila-wilson-defy-v1-padel-black-gold\\\/#breadcrumb\"},\"inLanguage\":\"en-GB\",\"potentialAction\":[{\"@type\":\"ReadAction\",\"target\":[\"https:\\\/\\\/padelzoco.es\\\/product\\\/mochila-wilson-defy-v1-padel-black-gold\\\/\"]}]},{\"@type\":\"ImageObject\",\"inLanguage\":\"en-GB\",\"@id\":\"https:\\\/\\\/padelzoco.es\\\/product\\\/mochila-wilson-defy-v1-padel-black-gold\\\/#primaryimage\",\"url\":\"https:\\\/\\\/padelzoco.es\\\/wp-content\\\/uploads\\\/2026\\\/01\\\/Wilson-Defy-V1-Padel-Backpack-Black-Gold-03.webp\",\"contentUrl\":\"https:\\\/\\\/padelzoco.es\\\/wp-content\\\/uploads\\\/2026\\\/01\\\/Wilson-Defy-V1-Padel-Backpack-Black-Gold-03.webp\",\"width\":1400,\"height\":1400,\"caption\":\"Wilson Defy V1 Padel Backpack Black Gold 03\"},{\"@type\":\"BreadcrumbList\",\"@id\":\"https:\\\/\\\/padelzoco.es\\\/product\\\/mochila-wilson-defy-v1-padel-black-gold\\\/#breadcrumb\",\"itemListElement\":[{\"@type\":\"ListItem\",\"position\":1,\"name\":\"Home\",\"item\":\"https:\\\/\\\/padelzoco.es\\\/\"},{\"@type\":\"ListItem\",\"position\":2,\"name\":\"Padel Zoco\",\"item\":\"https:\\\/\\\/padelzoco.es\\\/padel-zoco\\\/\"},{\"@type\":\"ListItem\",\"position\":3,\"name\":\"Mochila Wilson Defy V1 Padel Black Gold\"}]},{\"@type\":\"WebSite\",\"@id\":\"https:\\\/\\\/padelzoco.es\\\/#website\",\"url\":\"https:\\\/\\\/padelzoco.es\\\/\",\"name\":\"Padel Zoco\",\"description\":\"Padel Zoco | Spain\",\"publisher\":{\"@id\":\"https:\\\/\\\/padelzoco.es\\\/#organization\"},\"potentialAction\":[{\"@type\":\"SearchAction\",\"target\":{\"@type\":\"EntryPoint\",\"urlTemplate\":\"https:\\\/\\\/padelzoco.es\\\/?s={search_term_string}\"},\"query-input\":{\"@type\":\"PropertyValueSpecification\",\"valueRequired\":true,\"valueName\":\"search_term_string\"}}],\"inLanguage\":\"en-GB\"},{\"@type\":\"Organization\",\"@id\":\"https:\\\/\\\/padelzoco.es\\\/#organization\",\"name\":\"Padel Zoco\",\"url\":\"https:\\\/\\\/padelzoco.es\\\/\",\"logo\":{\"@type\":\"ImageObject\",\"inLanguage\":\"en-GB\",\"@id\":\"https:\\\/\\\/padelzoco.es\\\/#\\\/schema\\\/logo\\\/image\\\/\",\"url\":\"https:\\\/\\\/padelzoco.es\\\/wp-content\\\/uploads\\\/2023\\\/11\\\/PadelZoco_Logo_black_white.webp\",\"contentUrl\":\"https:\\\/\\\/padelzoco.es\\\/wp-content\\\/uploads\\\/2023\\\/11\\\/PadelZoco_Logo_black_white.webp\",\"width\":1500,\"height\":631,\"caption\":\"Padel Zoco\"},\"image\":{\"@id\":\"https:\\\/\\\/padelzoco.es\\\/#\\\/schema\\\/logo\\\/image\\\/\"}}]}<\/script>\n<!-- \/ Yoast SEO plugin. -->","yoast_head_json":{"title":"Mochila Wilson Defy V1 Padel Black Gold - Padel Zoco","description":"Compra la WILSON Defy V1 Padel Backpack Black Gold, mochila ligera con compartimento t\u00e9rmico para palas, dise\u00f1o elegante y sistema carry-on.","robots":{"index":"index","follow":"follow","max-snippet":"max-snippet:-1","max-image-preview":"max-image-preview:large","max-video-preview":"max-video-preview:-1"},"canonical":"https:\/\/padelzoco.es\/en\/product\/mochila-wilson-defy-v1-padel-black-gold\/","og_locale":"en_GB","og_type":"article","og_title":"Mochila Wilson Defy V1 Padel Black Gold - Padel Zoco","og_description":"Compra la WILSON Defy V1 Padel Backpack Black Gold, mochila ligera con compartimento t\u00e9rmico para palas, dise\u00f1o elegante y sistema carry-on.","og_url":"https:\/\/padelzoco.es\/en\/product\/mochila-wilson-defy-v1-padel-black-gold\/","og_site_name":"Padel Zoco","article_modified_time":"2026-03-04T18:41:21+00:00","og_image":[{"width":1400,"height":1400,"url":"https:\/\/padelzoco.es\/wp-content\/uploads\/2026\/01\/Wilson-Defy-V1-Padel-Backpack-Black-Gold-03.webp","type":"image\/webp"}],"twitter_card":"summary_large_image","twitter_misc":{"Estimated reading time":"2 minutes"},"schema":{"@context":"https:\/\/schema.org","@graph":[{"@type":"WebPage","@id":"https:\/\/padelzoco.es\/product\/mochila-wilson-defy-v1-padel-black-gold\/","url":"https:\/\/padelzoco.es\/product\/mochila-wilson-defy-v1-padel-black-gold\/","name":"Mochila Wilson Defy V1 Padel Black Gold - Padel Zoco","isPartOf":{"@id":"https:\/\/padelzoco.es\/#website"},"primaryImageOfPage":{"@id":"https:\/\/padelzoco.es\/product\/mochila-wilson-defy-v1-padel-black-gold\/#primaryimage"},"image":{"@id":"https:\/\/padelzoco.es\/product\/mochila-wilson-defy-v1-padel-black-gold\/#primaryimage"},"thumbnailUrl":"https:\/\/padelzoco.es\/wp-content\/uploads\/2026\/01\/Wilson-Defy-V1-Padel-Backpack-Black-Gold-03.webp","datePublished":"2026-01-15T01:59:22+00:00","dateModified":"2026-03-04T18:41:21+00:00","description":"Compra la WILSON Defy V1 Padel Backpack Black Gold, mochila ligera con compartimento t\u00e9rmico para palas, dise\u00f1o elegante y sistema carry-on.","breadcrumb":{"@id":"https:\/\/padelzoco.es\/product\/mochila-wilson-defy-v1-padel-black-gold\/#breadcrumb"},"inLanguage":"en-GB","potentialAction":[{"@type":"ReadAction","target":["https:\/\/padelzoco.es\/product\/mochila-wilson-defy-v1-padel-black-gold\/"]}]},{"@type":"ImageObject","inLanguage":"en-GB","@id":"https:\/\/padelzoco.es\/product\/mochila-wilson-defy-v1-padel-black-gold\/#primaryimage","url":"https:\/\/padelzoco.es\/wp-content\/uploads\/2026\/01\/Wilson-Defy-V1-Padel-Backpack-Black-Gold-03.webp","contentUrl":"https:\/\/padelzoco.es\/wp-content\/uploads\/2026\/01\/Wilson-Defy-V1-Padel-Backpack-Black-Gold-03.webp","width":1400,"height":1400,"caption":"Wilson Defy V1 Padel Backpack Black Gold 03"},{"@type":"BreadcrumbList","@id":"https:\/\/padelzoco.es\/product\/mochila-wilson-defy-v1-padel-black-gold\/#breadcrumb","itemListElement":[{"@type":"ListItem","position":1,"name":"Home","item":"https:\/\/padelzoco.es\/"},{"@type":"ListItem","position":2,"name":"Padel Zoco","item":"https:\/\/padelzoco.es\/padel-zoco\/"},{"@type":"ListItem","position":3,"name":"Mochila Wilson Defy V1 Padel Black Gold"}]},{"@type":"WebSite","@id":"https:\/\/padelzoco.es\/#website","url":"https:\/\/padelzoco.es\/","name":"Padel Zoco","description":"Padel Zoco | Spain","publisher":{"@id":"https:\/\/padelzoco.es\/#organization"},"potentialAction":[{"@type":"SearchAction","target":{"@type":"EntryPoint","urlTemplate":"https:\/\/padelzoco.es\/?s={search_term_string}"},"query-input":{"@type":"PropertyValueSpecification","valueRequired":true,"valueName":"search_term_string"}}],"inLanguage":"en-GB"},{"@type":"Organization","@id":"https:\/\/padelzoco.es\/#organization","name":"Padel Zoco","url":"https:\/\/padelzoco.es\/","logo":{"@type":"ImageObject","inLanguage":"en-GB","@id":"https:\/\/padelzoco.es\/#\/schema\/logo\/image\/","url":"https:\/\/padelzoco.es\/wp-content\/uploads\/2023\/11\/PadelZoco_Logo_black_white.webp","contentUrl":"https:\/\/padelzoco.es\/wp-content\/uploads\/2023\/11\/PadelZoco_Logo_black_white.webp","width":1500,"height":631,"caption":"Padel Zoco"},"image":{"@id":"https:\/\/padelzoco.es\/#\/schema\/logo\/image\/"}}]}},"_links":{"self":[{"href":"https:\/\/padelzoco.es\/en\/wp-json\/wp\/v2\/product\/33684","targetHints":{"allow":["GET"]}}],"collection":[{"href":"https:\/\/padelzoco.es\/en\/wp-json\/wp\/v2\/product"}],"about":[{"href":"https:\/\/padelzoco.es\/en\/wp-json\/wp\/v2\/types\/product"}],"version-history":[{"count":3,"href":"https:\/\/padelzoco.es\/en\/wp-json\/wp\/v2\/product\/33684\/revisions"}],"predecessor-version":[{"id":33715,"href":"https:\/\/padelzoco.es\/en\/wp-json\/wp\/v2\/product\/33684\/revisions\/33715"}],"wp:featuredmedia":[{"embeddable":true,"href":"https:\/\/padelzoco.es\/en\/wp-json\/wp\/v2\/media\/33685"}],"wp:attachment":[{"href":"https:\/\/padelzoco.es\/en\/wp-json\/wp\/v2\/media?parent=33684"}],"wp:term":[{"taxonomy":"product_brand","embeddable":true,"href":"https:\/\/padelzoco.es\/en\/wp-json\/wp\/v2\/product_brand?post=33684"},{"taxonomy":"product_cat","embeddable":true,"href":"https:\/\/padelzoco.es\/en\/wp-json\/wp\/v2\/product_cat?post=33684"},{"taxonomy":"product_tag","embeddable":true,"href":"https:\/\/padelzoco.es\/en\/wp-json\/wp\/v2\/product_tag?post=33684"}],"curies":[{"name":"wp","href":"https:\/\/api.w.org\/{rel}","templated":true}]}}