{"id":35590,"date":"2026-02-17T16:42:33","date_gmt":"2026-02-17T15:42:33","guid":{"rendered":"https:\/\/padelzoco.es\/?post_type=product&#038;p=35590"},"modified":"2026-04-30T18:28:04","modified_gmt":"2026-04-30T17:28:04","slug":"pala-padel-noxfuture-attack-12k-alum-2026","status":"publish","type":"product","link":"https:\/\/padelzoco.es\/en\/product\/pala-padel-noxfuture-attack-12k-alum-2026\/","title":{"rendered":"Pala Padel NoxFuture Attack 12K Alum 2026"},"content":{"rendered":"<p data-start=\"28\" data-end=\"339\">The NOX Future Attack 12K Alum 2025 is designed for players who not only compete, but also dictate the pace and outcome of every point. As the most powerful model in the NOX Future Academy line, it's made for aggressive players who train at an elite level and seek to dominate at the net.<\/p>\n<p data-start=\"341\" data-end=\"660\">With a diamond shape, it shifts the balance towards the head to deliver maximum power in smashes, volleys, and smashes. Its 12K Alum Carbon face optimizes energy transfer and responsiveness, while the EV50 core provides a firm, stable feel and great speed on fast shots.<\/p>\n<p data-start=\"662\" data-end=\"963\">The 3D textured surface enhances spin generation, allowing for more precise and aggressive shots. Created to offer both control and explosiveness, it combines durability and innovation in a high-performance racket, perfect for those who dominate with every shot.<\/p>\n<p data-start=\"965\" data-end=\"997\"><strong data-start=\"965\" data-end=\"996\">Caracter\u00edsticas principales<\/strong>:<\/p>\n<ul data-start=\"998\" data-end=\"1492\">\n<li data-start=\"998\" data-end=\"1077\">\n<p data-start=\"1000\" data-end=\"1077\">Diamond shape for enhanced power and a head-heavy balance<\/p>\n<\/li>\n<li data-start=\"1078\" data-end=\"1153\">\n<p data-start=\"1080\" data-end=\"1153\">12K Aluminum Carbon face for increased rigidity and power in every shot<\/p>\n<\/li>\n<li data-start=\"1154\" data-end=\"1237\">\n<p data-start=\"1156\" data-end=\"1237\">EV50 core for firmness, speed, and a stable feel near the net<\/p>\n<\/li>\n<li data-start=\"1238\" data-end=\"1320\">\n<p data-start=\"1240\" data-end=\"1320\">3D texture for improved grip and more varied and powerful shots<\/p>\n<\/li>\n<li data-start=\"1321\" data-end=\"1391\">\n<p data-start=\"1323\" data-end=\"1391\">Carbon frame for maximum durability and structural strength<\/p>\n<\/li>\n<li data-start=\"1392\" data-end=\"1492\">\n<p data-start=\"1394\" data-end=\"1492\">Official racket of the NOX Future Academy, designed for emerging talents and elite competition<\/p>\n<\/li>\n<\/ul>\n<p data-start=\"1494\" data-end=\"1510\"><strong data-start=\"1494\" data-end=\"1509\">Technologies<\/strong>:<\/p>\n<ul data-start=\"1511\" data-end=\"2267\">\n<li data-start=\"1511\" data-end=\"1638\">\n<p data-start=\"1513\" data-end=\"1638\">12K Aluminum Carbon: 25% lighter carbon for rigidity, comfort, and consistent performance in any temperature<\/p>\n<\/li>\n<li data-start=\"1639\" data-end=\"1774\">\n<p data-start=\"1641\" data-end=\"1774\">EV50: High-density, medium-high hardness core that improves speed and control on powerful shots, especially at the net<\/p>\n<\/li>\n<li data-start=\"1775\" data-end=\"1858\">\n<p data-start=\"1777\" data-end=\"1858\">3D Texture: Rough finish that increases spin without sacrificing durability<\/p>\n<\/li>\n<li data-start=\"1859\" data-end=\"1979\">\n<p data-start=\"1861\" data-end=\"1979\">DCS \u2013 Dynamic Composite Structure: Reinforced face-frame junction to prevent cracking and improve resistance<\/p>\n<\/li>\n<li data-start=\"1980\" data-end=\"2071\">\n<p data-start=\"1982\" data-end=\"2071\">SmartStrap: Interchangeable safety strap For greater hygiene and customization<\/p>\n<\/li>\n<li data-start=\"2072\" data-end=\"2159\">\n<p data-start=\"2074\" data-end=\"2159\">Carbon Frame: Rigid carbon structure for greater stability and durability<\/p>\n<\/li>\n<li data-start=\"2160\" data-end=\"2267\">\n<p data-start=\"2162\" data-end=\"2267\">Custom Grip\u00ae: NOX technology certified by Testea Padel that improves grip and reduces vibrations<\/p>\n<\/li>\n<\/ul>\n<p data-start=\"2269\" data-end=\"2379\">If your goal is to dominate the court, the Future Attack 12K Alum 2025 is your ultimate offensive padel racket.<\/p>","protected":false},"excerpt":{"rendered":"<p data-start=\"227\" data-end=\"394\">The NOX Future Attack 12K Alum 2025 is an offensive racket with a diamond shape, 12K Alum Carbon and EV50 core, designed for players looking for power, spin and total domination at the net.<\/p>","protected":false},"featured_media":21970,"template":"","meta":[],"product_brand":[],"product_cat":[582,584,589,581,590,697,574,757,754],"product_tag":[],"class_list":{"0":"post-35590","1":"product","2":"type-product","3":"status-publish","4":"has-post-thumbnail","6":"product_cat-avanzado-palas","7":"product_cat-diamante-palas","8":"product_cat-hombre-palas","9":"product_cat-intermedio-palas","10":"product_cat-mujer-palas","11":"product_cat-nox-padel","12":"product_cat-nox-palas","13":"product_cat-palas-ofertas","14":"product_cat-rebajas","15":"pa_brand-nox","17":"first","18":"instock","19":"sale","20":"taxable","21":"shipping-taxable","22":"purchasable","23":"product-type-simple"},"yoast_head":"<!-- This site is optimized with the Yoast SEO plugin v27.5 - https:\/\/yoast.com\/product\/yoast-seo-wordpress\/ -->\n<title>Pala Padel NoxFuture Attack 12K Alum 2026 - Padel Zoco<\/title>\n<meta name=\"description\" content=\"Domina la pista con la pala NOX Future Attack 12K Alum 2025. M\u00e1xima potencia, efectos agresivos y tecnolog\u00eda de \u00e9lite, perfecta para jugadores ofensivos.\" \/>\n<meta name=\"robots\" content=\"index, follow, max-snippet:-1, max-image-preview:large, max-video-preview:-1\" \/>\n<link rel=\"canonical\" href=\"https:\/\/padelzoco.es\/en\/product\/pala-padel-noxfuture-attack-12k-alum-2026\/\" \/>\n<meta property=\"og:locale\" content=\"en_GB\" \/>\n<meta property=\"og:type\" content=\"article\" \/>\n<meta property=\"og:title\" content=\"Pala Padel NoxFuture Attack 12K Alum 2026 - Padel Zoco\" \/>\n<meta property=\"og:description\" content=\"Domina la pista con la pala NOX Future Attack 12K Alum 2025. M\u00e1xima potencia, efectos agresivos y tecnolog\u00eda de \u00e9lite, perfecta para jugadores ofensivos.\" \/>\n<meta property=\"og:url\" content=\"https:\/\/padelzoco.es\/en\/product\/pala-padel-noxfuture-attack-12k-alum-2026\/\" \/>\n<meta property=\"og:site_name\" content=\"Padel Zoco\" \/>\n<meta property=\"article:modified_time\" content=\"2026-04-30T17:28:04+00:00\" \/>\n<meta property=\"og:image\" content=\"https:\/\/padelzoco.es\/wp-content\/uploads\/2025\/06\/NOX-Future-Attack-12K-Alum-2025-Padel-Racket-01.webp\" \/>\n\t<meta property=\"og:image:width\" content=\"1400\" \/>\n\t<meta property=\"og:image:height\" content=\"1400\" \/>\n\t<meta property=\"og:image:type\" content=\"image\/webp\" \/>\n<meta name=\"twitter:card\" content=\"summary_large_image\" \/>\n<meta name=\"twitter:label1\" content=\"Estimated reading time\" \/>\n\t<meta name=\"twitter:data1\" content=\"2 minutes\" \/>\n<script type=\"application\/ld+json\" class=\"yoast-schema-graph\">{\"@context\":\"https:\\\/\\\/schema.org\",\"@graph\":[{\"@type\":\"WebPage\",\"@id\":\"https:\\\/\\\/padelzoco.es\\\/product\\\/pala-padel-noxfuture-attack-12k-alum-2026\\\/\",\"url\":\"https:\\\/\\\/padelzoco.es\\\/product\\\/pala-padel-noxfuture-attack-12k-alum-2026\\\/\",\"name\":\"Pala Padel NoxFuture Attack 12K Alum 2026 - Padel Zoco\",\"isPartOf\":{\"@id\":\"https:\\\/\\\/padelzoco.es\\\/#website\"},\"primaryImageOfPage\":{\"@id\":\"https:\\\/\\\/padelzoco.es\\\/product\\\/pala-padel-noxfuture-attack-12k-alum-2026\\\/#primaryimage\"},\"image\":{\"@id\":\"https:\\\/\\\/padelzoco.es\\\/product\\\/pala-padel-noxfuture-attack-12k-alum-2026\\\/#primaryimage\"},\"thumbnailUrl\":\"https:\\\/\\\/padelzoco.es\\\/wp-content\\\/uploads\\\/2025\\\/06\\\/NOX-Future-Attack-12K-Alum-2025-Padel-Racket-01.webp\",\"datePublished\":\"2026-02-17T15:42:33+00:00\",\"dateModified\":\"2026-04-30T17:28:04+00:00\",\"description\":\"Domina la pista con la pala NOX Future Attack 12K Alum 2025. M\u00e1xima potencia, efectos agresivos y tecnolog\u00eda de \u00e9lite, perfecta para jugadores ofensivos.\",\"breadcrumb\":{\"@id\":\"https:\\\/\\\/padelzoco.es\\\/product\\\/pala-padel-noxfuture-attack-12k-alum-2026\\\/#breadcrumb\"},\"inLanguage\":\"en-GB\",\"potentialAction\":[{\"@type\":\"ReadAction\",\"target\":[\"https:\\\/\\\/padelzoco.es\\\/product\\\/pala-padel-noxfuture-attack-12k-alum-2026\\\/\"]}]},{\"@type\":\"ImageObject\",\"inLanguage\":\"en-GB\",\"@id\":\"https:\\\/\\\/padelzoco.es\\\/product\\\/pala-padel-noxfuture-attack-12k-alum-2026\\\/#primaryimage\",\"url\":\"https:\\\/\\\/padelzoco.es\\\/wp-content\\\/uploads\\\/2025\\\/06\\\/NOX-Future-Attack-12K-Alum-2025-Padel-Racket-01.webp\",\"contentUrl\":\"https:\\\/\\\/padelzoco.es\\\/wp-content\\\/uploads\\\/2025\\\/06\\\/NOX-Future-Attack-12K-Alum-2025-Padel-Racket-01.webp\",\"width\":1400,\"height\":1400,\"caption\":\"NOX Future Attack 12K Alum 2025 Padel Racket 01\"},{\"@type\":\"BreadcrumbList\",\"@id\":\"https:\\\/\\\/padelzoco.es\\\/product\\\/pala-padel-noxfuture-attack-12k-alum-2026\\\/#breadcrumb\",\"itemListElement\":[{\"@type\":\"ListItem\",\"position\":1,\"name\":\"Home\",\"item\":\"https:\\\/\\\/padelzoco.es\\\/\"},{\"@type\":\"ListItem\",\"position\":2,\"name\":\"Padel Zoco\",\"item\":\"https:\\\/\\\/padelzoco.es\\\/padel-zoco\\\/\"},{\"@type\":\"ListItem\",\"position\":3,\"name\":\"Pala Padel NoxFuture Attack 12K Alum 2026\"}]},{\"@type\":\"WebSite\",\"@id\":\"https:\\\/\\\/padelzoco.es\\\/#website\",\"url\":\"https:\\\/\\\/padelzoco.es\\\/\",\"name\":\"Padel Zoco\",\"description\":\"Padel Zoco | Spain\",\"publisher\":{\"@id\":\"https:\\\/\\\/padelzoco.es\\\/#organization\"},\"potentialAction\":[{\"@type\":\"SearchAction\",\"target\":{\"@type\":\"EntryPoint\",\"urlTemplate\":\"https:\\\/\\\/padelzoco.es\\\/?s={search_term_string}\"},\"query-input\":{\"@type\":\"PropertyValueSpecification\",\"valueRequired\":true,\"valueName\":\"search_term_string\"}}],\"inLanguage\":\"en-GB\"},{\"@type\":\"Organization\",\"@id\":\"https:\\\/\\\/padelzoco.es\\\/#organization\",\"name\":\"Padel Zoco\",\"url\":\"https:\\\/\\\/padelzoco.es\\\/\",\"logo\":{\"@type\":\"ImageObject\",\"inLanguage\":\"en-GB\",\"@id\":\"https:\\\/\\\/padelzoco.es\\\/#\\\/schema\\\/logo\\\/image\\\/\",\"url\":\"https:\\\/\\\/padelzoco.es\\\/wp-content\\\/uploads\\\/2023\\\/11\\\/PadelZoco_Logo_black_white.webp\",\"contentUrl\":\"https:\\\/\\\/padelzoco.es\\\/wp-content\\\/uploads\\\/2023\\\/11\\\/PadelZoco_Logo_black_white.webp\",\"width\":1500,\"height\":631,\"caption\":\"Padel Zoco\"},\"image\":{\"@id\":\"https:\\\/\\\/padelzoco.es\\\/#\\\/schema\\\/logo\\\/image\\\/\"}}]}<\/script>\n<!-- \/ Yoast SEO plugin. -->","yoast_head_json":{"title":"Pala Padel NoxFuture Attack 12K Alum 2026 - Padel Zoco","description":"Domina la pista con la pala NOX Future Attack 12K Alum 2025. M\u00e1xima potencia, efectos agresivos y tecnolog\u00eda de \u00e9lite, perfecta para jugadores ofensivos.","robots":{"index":"index","follow":"follow","max-snippet":"max-snippet:-1","max-image-preview":"max-image-preview:large","max-video-preview":"max-video-preview:-1"},"canonical":"https:\/\/padelzoco.es\/en\/product\/pala-padel-noxfuture-attack-12k-alum-2026\/","og_locale":"en_GB","og_type":"article","og_title":"Pala Padel NoxFuture Attack 12K Alum 2026 - Padel Zoco","og_description":"Domina la pista con la pala NOX Future Attack 12K Alum 2025. M\u00e1xima potencia, efectos agresivos y tecnolog\u00eda de \u00e9lite, perfecta para jugadores ofensivos.","og_url":"https:\/\/padelzoco.es\/en\/product\/pala-padel-noxfuture-attack-12k-alum-2026\/","og_site_name":"Padel Zoco","article_modified_time":"2026-04-30T17:28:04+00:00","og_image":[{"width":1400,"height":1400,"url":"https:\/\/padelzoco.es\/wp-content\/uploads\/2025\/06\/NOX-Future-Attack-12K-Alum-2025-Padel-Racket-01.webp","type":"image\/webp"}],"twitter_card":"summary_large_image","twitter_misc":{"Estimated reading time":"2 minutes"},"schema":{"@context":"https:\/\/schema.org","@graph":[{"@type":"WebPage","@id":"https:\/\/padelzoco.es\/product\/pala-padel-noxfuture-attack-12k-alum-2026\/","url":"https:\/\/padelzoco.es\/product\/pala-padel-noxfuture-attack-12k-alum-2026\/","name":"Pala Padel NoxFuture Attack 12K Alum 2026 - Padel Zoco","isPartOf":{"@id":"https:\/\/padelzoco.es\/#website"},"primaryImageOfPage":{"@id":"https:\/\/padelzoco.es\/product\/pala-padel-noxfuture-attack-12k-alum-2026\/#primaryimage"},"image":{"@id":"https:\/\/padelzoco.es\/product\/pala-padel-noxfuture-attack-12k-alum-2026\/#primaryimage"},"thumbnailUrl":"https:\/\/padelzoco.es\/wp-content\/uploads\/2025\/06\/NOX-Future-Attack-12K-Alum-2025-Padel-Racket-01.webp","datePublished":"2026-02-17T15:42:33+00:00","dateModified":"2026-04-30T17:28:04+00:00","description":"Domina la pista con la pala NOX Future Attack 12K Alum 2025. M\u00e1xima potencia, efectos agresivos y tecnolog\u00eda de \u00e9lite, perfecta para jugadores ofensivos.","breadcrumb":{"@id":"https:\/\/padelzoco.es\/product\/pala-padel-noxfuture-attack-12k-alum-2026\/#breadcrumb"},"inLanguage":"en-GB","potentialAction":[{"@type":"ReadAction","target":["https:\/\/padelzoco.es\/product\/pala-padel-noxfuture-attack-12k-alum-2026\/"]}]},{"@type":"ImageObject","inLanguage":"en-GB","@id":"https:\/\/padelzoco.es\/product\/pala-padel-noxfuture-attack-12k-alum-2026\/#primaryimage","url":"https:\/\/padelzoco.es\/wp-content\/uploads\/2025\/06\/NOX-Future-Attack-12K-Alum-2025-Padel-Racket-01.webp","contentUrl":"https:\/\/padelzoco.es\/wp-content\/uploads\/2025\/06\/NOX-Future-Attack-12K-Alum-2025-Padel-Racket-01.webp","width":1400,"height":1400,"caption":"NOX Future Attack 12K Alum 2025 Padel Racket 01"},{"@type":"BreadcrumbList","@id":"https:\/\/padelzoco.es\/product\/pala-padel-noxfuture-attack-12k-alum-2026\/#breadcrumb","itemListElement":[{"@type":"ListItem","position":1,"name":"Home","item":"https:\/\/padelzoco.es\/"},{"@type":"ListItem","position":2,"name":"Padel Zoco","item":"https:\/\/padelzoco.es\/padel-zoco\/"},{"@type":"ListItem","position":3,"name":"Pala Padel NoxFuture Attack 12K Alum 2026"}]},{"@type":"WebSite","@id":"https:\/\/padelzoco.es\/#website","url":"https:\/\/padelzoco.es\/","name":"Padel Zoco","description":"Padel Zoco | Spain","publisher":{"@id":"https:\/\/padelzoco.es\/#organization"},"potentialAction":[{"@type":"SearchAction","target":{"@type":"EntryPoint","urlTemplate":"https:\/\/padelzoco.es\/?s={search_term_string}"},"query-input":{"@type":"PropertyValueSpecification","valueRequired":true,"valueName":"search_term_string"}}],"inLanguage":"en-GB"},{"@type":"Organization","@id":"https:\/\/padelzoco.es\/#organization","name":"Padel Zoco","url":"https:\/\/padelzoco.es\/","logo":{"@type":"ImageObject","inLanguage":"en-GB","@id":"https:\/\/padelzoco.es\/#\/schema\/logo\/image\/","url":"https:\/\/padelzoco.es\/wp-content\/uploads\/2023\/11\/PadelZoco_Logo_black_white.webp","contentUrl":"https:\/\/padelzoco.es\/wp-content\/uploads\/2023\/11\/PadelZoco_Logo_black_white.webp","width":1500,"height":631,"caption":"Padel Zoco"},"image":{"@id":"https:\/\/padelzoco.es\/#\/schema\/logo\/image\/"}}]}},"_links":{"self":[{"href":"https:\/\/padelzoco.es\/en\/wp-json\/wp\/v2\/product\/35590","targetHints":{"allow":["GET"]}}],"collection":[{"href":"https:\/\/padelzoco.es\/en\/wp-json\/wp\/v2\/product"}],"about":[{"href":"https:\/\/padelzoco.es\/en\/wp-json\/wp\/v2\/types\/product"}],"version-history":[{"count":1,"href":"https:\/\/padelzoco.es\/en\/wp-json\/wp\/v2\/product\/35590\/revisions"}],"predecessor-version":[{"id":35591,"href":"https:\/\/padelzoco.es\/en\/wp-json\/wp\/v2\/product\/35590\/revisions\/35591"}],"wp:featuredmedia":[{"embeddable":true,"href":"https:\/\/padelzoco.es\/en\/wp-json\/wp\/v2\/media\/21970"}],"wp:attachment":[{"href":"https:\/\/padelzoco.es\/en\/wp-json\/wp\/v2\/media?parent=35590"}],"wp:term":[{"taxonomy":"product_brand","embeddable":true,"href":"https:\/\/padelzoco.es\/en\/wp-json\/wp\/v2\/product_brand?post=35590"},{"taxonomy":"product_cat","embeddable":true,"href":"https:\/\/padelzoco.es\/en\/wp-json\/wp\/v2\/product_cat?post=35590"},{"taxonomy":"product_tag","embeddable":true,"href":"https:\/\/padelzoco.es\/en\/wp-json\/wp\/v2\/product_tag?post=35590"}],"curies":[{"name":"wp","href":"https:\/\/api.w.org\/{rel}","templated":true}]}}