{"id":38414,"date":"2026-04-10T12:42:04","date_gmt":"2026-04-10T11:42:04","guid":{"rendered":"https:\/\/padelzoco.es\/?post_type=product&#038;p=38414"},"modified":"2026-04-10T17:53:54","modified_gmt":"2026-04-10T16:53:54","slug":"pack-de-2-botes-de-pelotas-head-pro-s-2","status":"publish","type":"product","link":"https:\/\/padelzoco.es\/en\/product\/pack-de-2-botes-de-pelotas-head-pro-s-2\/","title":{"rendered":"Pack de 2 Botes de Pelotas Head PRO S+"},"content":{"rendered":"<section class=\"productInformation-productInformation-T9F\">\n<div class=\"react-tabs\" data-tabs=\"true\">\n<div id=\"react-tabs-1\" class=\"productInformation-productInfoPanel-JrJ productInformation-productInfoPanel-JrJ productInformation-producTabPanelSelected-mI1 productInformation-producTabPanelSelected-mI1\" role=\"tabpanel\" aria-labelledby=\"react-tabs-0\">\n<div class=\"productInformation-textBlock-Chr productInformation-textBlock-Chr\">\n<p data-start=\"28\" data-end=\"508\"><span class=\"_fadeIn_m1hgl_8\">HEAD <\/span><span class=\"_fadeIn_m1hgl_8\">Padel <\/span><span class=\"_fadeIn_m1hgl_8\">Ball <\/span><span class=\"_fadeIn_m1hgl_8\">PRO <\/span><span class=\"_fadeIn_m1hgl_8\">S+<\/span> <span class=\"_fadeIn_m1hgl_8\">acelera <\/span><span class=\"_fadeIn_m1hgl_8\">el <\/span><span class=\"_fadeIn_m1hgl_8\">juego <\/span><span class=\"_fadeIn_m1hgl_8\">and <\/span><span class=\"_fadeIn_m1hgl_8\">a\u00f1ade <\/span><span class=\"_fadeIn_m1hgl_8\">emoci\u00f3n <\/span><span class=\"_fadeIn_m1hgl_8\">extra <\/span><span class=\"_fadeIn_m1hgl_8\">en <\/span><span class=\"_fadeIn_m1hgl_8\">la <\/span><span class=\"_fadeIn_m1hgl_8\">pista <\/span><span class=\"_fadeIn_m1hgl_8\">de <\/span><span class=\"_fadeIn_m1hgl_8\">p\u00e1del. <\/span><span class=\"_fadeIn_m1hgl_8\">Gracias <\/span><span class=\"_fadeIn_m1hgl_8\">a <\/span><span class=\"_fadeIn_m1hgl_8\">su <\/span><span class=\"_fadeIn_m1hgl_8\">mayor <\/span><span class=\"_fadeIn_m1hgl_8\">dureza <\/span><span class=\"_fadeIn_m1hgl_8\">and <\/span><span class=\"_fadeIn_m1hgl_8\">rebote<\/span><span class=\"_fadeIn_m1hgl_8\">, <\/span><span class=\"_fadeIn_m1hgl_8\">la <\/span><span class=\"_fadeIn_m1hgl_8\">HEAD <\/span><span class=\"_fadeIn_m1hgl_8\">PADEL <\/span><span class=\"_fadeIn_m1hgl_8\">PRO <\/span><span class=\"_fadeIn_m1hgl_8\">S+<\/span> <span class=\"_fadeIn_m1hgl_8\">permite <\/span><span class=\"_fadeIn_m1hgl_8\">un <\/span><span class=\"_fadeIn_m1hgl_8\">juego <\/span><span class=\"_fadeIn_m1hgl_8\">mucho <\/span><span class=\"_fadeIn_m1hgl_8\">m\u00e1s <\/span><span class=\"_fadeIn_m1hgl_8\">r\u00e1pido <\/span><span class=\"_fadeIn_m1hgl_8\">and <\/span><span class=\"_fadeIn_m1hgl_8\">facilita <\/span><span class=\"_fadeIn_m1hgl_8\">los <\/span><span class=\"_fadeIn_m1hgl_8\">smashes <\/span><span class=\"_fadeIn_m1hgl_8\">fuera <\/span><span class=\"_fadeIn_m1hgl_8\">de <\/span><span class=\"_fadeIn_m1hgl_8\">la <\/span><span class=\"_fadeIn_m1hgl_8\">pista<\/span><span class=\"_fadeIn_m1hgl_8\">. <\/span><span class=\"_fadeIn_m1hgl_8\">Su <\/span><span class=\"_fadeIn_m1hgl_8\">n\u00facleo, <\/span><span class=\"_fadeIn_m1hgl_8\">fabricado <\/span><span class=\"_fadeIn_m1hgl_8\">con <\/span><span class=\"_fadeIn_m1hgl_8\">una <\/span><span class=\"_fadeIn_m1hgl_8\">nueva <\/span><span class=\"_fadeIn_m1hgl_8\">f\u00f3rmula<\/span><span class=\"_fadeIn_m1hgl_8\">, <\/span><span class=\"_fadeIn_m1hgl_8\">mantiene <\/span><span class=\"_fadeIn_m1hgl_8\">la <\/span><span class=\"_fadeIn_m1hgl_8\">presi\u00f3n <\/span><span class=\"_fadeIn_m1hgl_8\">por <\/span><span class=\"_fadeIn_m1hgl_8\">m\u00e1s <\/span><span class=\"_fadeIn_m1hgl_8\">tiempo, <\/span><span class=\"_fadeIn_m1hgl_8\">lo <\/span><span class=\"_fadeIn_m1hgl_8\">que <\/span><span class=\"_fadeIn_m1hgl_8\">la <\/span><span class=\"_fadeIn_m1hgl_8\">convierte <\/span><span class=\"_fadeIn_m1hgl_8\">en <\/span><span class=\"_fadeIn_m1hgl_8\">una <\/span><span class=\"_fadeIn_m1hgl_8\">pelota <\/span><span class=\"_fadeIn_m1hgl_8\">ideal <\/span><span class=\"_fadeIn_m1hgl_8\">para <\/span><span class=\"_fadeIn_m1hgl_8\">torneos. <\/span><span class=\"_fadeIn_m1hgl_8\">Adem\u00e1s, <\/span><span class=\"_fadeIn_m1hgl_8\">su <\/span><span class=\"_fadeIn_m1hgl_8\">nuevo <\/span><span class=\"_fadeIn_m1hgl_8\">fieltro<\/span><span class=\"_fadeIn_m1hgl_8\">, <\/span><span class=\"_fadeIn_m1hgl_8\">desarrollado <\/span><span class=\"_fadeIn_m1hgl_8\">exclusivamente <\/span><span class=\"_fadeIn_m1hgl_8\">para <\/span><span class=\"_fadeIn_m1hgl_8\">p\u00e1del, <\/span><span class=\"_fadeIn_m1hgl_8\">mejora <\/span><span class=\"_fadeIn_m1hgl_8\">notablemente <\/span><span class=\"_fadeIn_m1hgl_8\">su <\/span><span class=\"_fadeIn_m1hgl_8\">durabilidad<\/span><span class=\"_fadeIn_m1hgl_8\">.<\/span><\/p>\n<p data-start=\"510\" data-end=\"678\"><span class=\"_fadeIn_m1hgl_8\">Para <\/span><span class=\"_fadeIn_m1hgl_8\">reducir <\/span><span class=\"_fadeIn_m1hgl_8\">el <\/span><span class=\"_fadeIn_m1hgl_8\">impacto <\/span><span class=\"_fadeIn_m1hgl_8\">ambiental, <\/span><span class=\"_fadeIn_m1hgl_8\">la <\/span><span class=\"_fadeIn_m1hgl_8\">HEAD <\/span><span class=\"_fadeIn_m1hgl_8\">PADEL <\/span><span class=\"_fadeIn_m1hgl_8\">PRO <\/span><span class=\"_fadeIn_m1hgl_8\">S+ <\/span><span class=\"_fadeIn_m1hgl_8\">se <\/span><span class=\"_fadeIn_m1hgl_8\">presenta <\/span><span class=\"_fadeIn_m1hgl_8\">en <\/span><span class=\"_fadeIn_m1hgl_8\">un <\/span><span class=\"_fadeIn_m1hgl_8\">envase <\/span><span class=\"_fadeIn_m1hgl_8\">m\u00e1s <\/span><span class=\"_fadeIn_m1hgl_8\">sostenible<\/span><span class=\"_fadeIn_m1hgl_8\">, <\/span><span class=\"_fadeIn_m1hgl_8\">con <\/span><span class=\"_fadeIn_m1hgl_8\">un <\/span><span class=\"_fadeIn_m1hgl_8\">dise\u00f1o <\/span><span class=\"_fadeIn_m1hgl_8\">de <\/span><span class=\"_fadeIn_m1hgl_8\">bote <\/span><span class=\"_fadeIn_m1hgl_8\">and <\/span><span class=\"_fadeIn_m1hgl_8\">funda <\/span><span class=\"_fadeIn_m1hgl_8\">m\u00e1s <\/span><span class=\"_fadeIn_m1hgl_8\">ecol\u00f3gicos <\/span><span class=\"_fadeIn_m1hgl_8\">and <\/span><span class=\"_fadeIn_m1hgl_8\">f\u00e1ciles <\/span><span class=\"_fadeIn_m1hgl_8\">de <\/span><span class=\"_fadeIn_m1hgl_8\">reciclar.<\/span><\/p>\n<p data-start=\"680\" data-end=\"700\"><strong data-start=\"680\" data-end=\"700\"><span class=\"_fadeIn_m1hgl_8\">Features:<\/span><\/strong><\/p>\n<ul>\n<li data-start=\"703\" data-end=\"740\"><span class=\"_fadeIn_m1hgl_8\">Dise\u00f1ada <\/span><span class=\"_fadeIn_m1hgl_8\">para <\/span><span class=\"_fadeIn_m1hgl_8\">un <\/span><span class=\"_fadeIn_m1hgl_8\">juego <\/span><span class=\"_fadeIn_m1hgl_8\">m\u00e1s <\/span><span class=\"_fadeIn_m1hgl_8\">r\u00e1pido<\/span><\/li>\n<li data-start=\"743\" data-end=\"806\"><span class=\"_fadeIn_m1hgl_8\">Nueva <\/span><span class=\"_fadeIn_m1hgl_8\">f\u00f3rmula <\/span><span class=\"_fadeIn_m1hgl_8\">del <\/span><span class=\"_fadeIn_m1hgl_8\">n\u00facleo <\/span><span class=\"_fadeIn_m1hgl_8\">que <\/span><span class=\"_fadeIn_m1hgl_8\">mantiene <\/span><span class=\"_fadeIn_m1hgl_8\">la <\/span><span class=\"_fadeIn_m1hgl_8\">presi\u00f3n <\/span><span class=\"_fadeIn_m1hgl_8\">por <\/span><span class=\"_fadeIn_m1hgl_8\">m\u00e1s <\/span><span class=\"_fadeIn_m1hgl_8\">tiempo<\/span><\/li>\n<li data-start=\"809\" data-end=\"863\"><span class=\"_fadeIn_m1hgl_8\">Fieltro <\/span><span class=\"_fadeIn_m1hgl_8\">exclusivo <\/span><span class=\"_fadeIn_m1hgl_8\">para <\/span><span class=\"_fadeIn_m1hgl_8\">p\u00e1del <\/span><span class=\"_fadeIn_m1hgl_8\">que <\/span><span class=\"_fadeIn_m1hgl_8\">mejora <\/span><span class=\"_fadeIn_m1hgl_8\">la <\/span><span class=\"_fadeIn_m1hgl_8\">durabilidad<\/span><\/li>\n<li data-start=\"866\" data-end=\"907\"><span class=\"_fadeIn_m1hgl_8\">Bote <\/span><span class=\"_fadeIn_m1hgl_8\">m\u00e1s <\/span><span class=\"_fadeIn_m1hgl_8\">ecol\u00f3gico<\/span><span class=\"_fadeIn_m1hgl_8\">, <\/span><span class=\"_fadeIn_m1hgl_8\">f\u00e1cil <\/span><span class=\"_fadeIn_m1hgl_8\">de <\/span><span class=\"_fadeIn_m1hgl_8\">reciclar<\/span><\/li>\n<li data-start=\"910\" data-end=\"955\"><span class=\"_fadeIn_m1hgl_8\">Hecho <\/span><span class=\"_fadeIn_m1hgl_8\">con <\/span><span class=\"_fadeIn_m1hgl_8\">35% <\/span><span class=\"_fadeIn_m1hgl_8\">de <\/span><span class=\"_fadeIn_m1hgl_8\">PET <\/span><span class=\"_fadeIn_m1hgl_8\">reciclado <\/span><span class=\"_fadeIn_m1hgl_8\">preconsumo<\/span><\/li>\n<li data-start=\"958\" data-end=\"1017\"><span class=\"_fadeIn_m1hgl_8\">Funda <\/span><span class=\"_fadeIn_m1hgl_8\">m\u00e1s <\/span><span class=\"_fadeIn_m1hgl_8\">corta <\/span><span class=\"_fadeIn_m1hgl_8\">and <\/span><span class=\"_fadeIn_m1hgl_8\">fabricada <\/span><span class=\"_fadeIn_m1hgl_8\">en <\/span><span class=\"_fadeIn_m1hgl_8\">polipropileno <\/span><span class=\"_fadeIn_m1hgl_8\">reciclable<\/span><\/li>\n<li data-start=\"1020\" data-end=\"1078\"><span class=\"_fadeIn_m1hgl_8\">Dise\u00f1o <\/span><span class=\"_fadeIn_m1hgl_8\">optimizado <\/span><span class=\"_fadeIn_m1hgl_8\">para <\/span><span class=\"_fadeIn_m1hgl_8\">facilitar <\/span><span class=\"_fadeIn_m1hgl_8\">su <\/span><span class=\"_fadeIn_m1hgl_8\">reciclaje <\/span><span class=\"_fadeIn_m1hgl_8\">automatizado<\/span><\/li>\n<\/ul>\n<\/div>\n<\/div>\n<\/div>\n<\/section>\n<section class=\"recommendedProducts-recommendedProductsSection-JHz\"><\/section>\n<section class=\"cmsBlock-cmsSection-hHv cmsBlock-hidden-viX\"><\/section>","protected":false},"excerpt":{"rendered":"<section class=\"productInformation-productInformation-T9F\">\n<div class=\"react-tabs\" data-tabs=\"true\">\n<div id=\"react-tabs-1\" class=\"productInformation-productInfoPanel-JrJ productInformation-productInfoPanel-JrJ productInformation-producTabPanelSelected-mI1 productInformation-producTabPanelSelected-mI1\" role=\"tabpanel\" aria-labelledby=\"react-tabs-0\">\n<div class=\"productInformation-textBlock-Chr productInformation-textBlock-Chr\"><span class=\"_fadeIn_m1hgl_8\">Pack de 2 Botes de Pelotas <\/span><span class=\"_fadeIn_m1hgl_8\">de <\/span><span class=\"_fadeIn_m1hgl_8\">p\u00e1del <\/span><span class=\"_fadeIn_m1hgl_8\">HEAD <\/span><span class=\"_fadeIn_m1hgl_8\">PRO <\/span><span class=\"_fadeIn_m1hgl_8\">S+ <\/span><span class=\"_fadeIn_m1hgl_8\">para <\/span><span class=\"_fadeIn_m1hgl_8\">un <\/span><span class=\"_fadeIn_m1hgl_8\">juego <\/span><span class=\"_fadeIn_m1hgl_8\">r\u00e1pido, <\/span><span class=\"_fadeIn_m1hgl_8\">duradera <\/span><span class=\"_fadeIn_m1hgl_8\">and <\/span><span class=\"_fadeIn_m1hgl_8\">con <\/span><span class=\"_fadeIn_m1hgl_8\">bote <\/span><span class=\"_fadeIn_m1hgl_8\">ecol\u00f3gico, <\/span><span class=\"_fadeIn_m1hgl_8\">ideal <\/span><span class=\"_fadeIn_m1hgl_8\">para <\/span><span class=\"_fadeIn_m1hgl_8\">competici\u00f3n <\/span><span class=\"_fadeIn_m1hgl_8\">and <\/span><span class=\"_fadeIn_m1hgl_8\">uso <\/span><span class=\"_fadeIn_m1hgl_8\">intensivo.<\/span><\/div>\n<\/div>\n<\/div>\n<\/section>","protected":false},"featured_media":21082,"template":"","meta":[],"product_brand":[],"product_cat":[747,774,618,624],"product_tag":[],"class_list":{"0":"post-38414","1":"product","2":"type-product","3":"status-publish","4":"has-post-thumbnail","6":"product_cat-head-padel","7":"product_cat-head-pelotas","8":"product_cat-pelotas","9":"product_cat-tubo-pelotas","10":"pa_brand-head","11":"pa_hs_code-87","13":"first","14":"instock","15":"sale","16":"taxable","17":"shipping-taxable","18":"purchasable","19":"product-type-simple"},"yoast_head":"<!-- This site is optimized with the Yoast SEO plugin v27.3 - https:\/\/yoast.com\/product\/yoast-seo-wordpress\/ -->\n<title>Pack de 2 Botes de Pelotas Head PRO S+ - Padel Zoco<\/title>\n<meta name=\"description\" content=\"HEAD PRO S+ es la pelota de p\u00e1del perfecta para un juego r\u00e1pido y potente. Mayor durabilidad, presi\u00f3n constante y bote sostenible.\" \/>\n<meta name=\"robots\" content=\"index, follow, max-snippet:-1, max-image-preview:large, max-video-preview:-1\" \/>\n<link rel=\"canonical\" href=\"https:\/\/padelzoco.es\/en\/product\/pack-de-2-botes-de-pelotas-head-pro-s-2\/\" \/>\n<meta property=\"og:locale\" content=\"en_GB\" \/>\n<meta property=\"og:type\" content=\"article\" \/>\n<meta property=\"og:title\" content=\"Pack de 2 Botes de Pelotas Head PRO S+ - Padel Zoco\" \/>\n<meta property=\"og:description\" content=\"HEAD PRO S+ es la pelota de p\u00e1del perfecta para un juego r\u00e1pido y potente. Mayor durabilidad, presi\u00f3n constante y bote sostenible.\" \/>\n<meta property=\"og:url\" content=\"https:\/\/padelzoco.es\/en\/product\/pack-de-2-botes-de-pelotas-head-pro-s-2\/\" \/>\n<meta property=\"og:site_name\" content=\"Padel Zoco\" \/>\n<meta property=\"article:modified_time\" content=\"2026-04-10T16:53:54+00:00\" \/>\n<meta property=\"og:image\" content=\"https:\/\/padelzoco.es\/wp-content\/uploads\/2025\/06\/Head-Padel-Balls-PRO-S-Bipack-01.webp\" \/>\n\t<meta property=\"og:image:width\" content=\"1400\" \/>\n\t<meta property=\"og:image:height\" content=\"1400\" \/>\n\t<meta property=\"og:image:type\" content=\"image\/webp\" \/>\n<meta name=\"twitter:card\" content=\"summary_large_image\" \/>\n<meta name=\"twitter:label1\" content=\"Estimated reading time\" \/>\n\t<meta name=\"twitter:data1\" content=\"1 minute\" \/>\n<script type=\"application\/ld+json\" class=\"yoast-schema-graph\">{\"@context\":\"https:\\\/\\\/schema.org\",\"@graph\":[{\"@type\":\"WebPage\",\"@id\":\"https:\\\/\\\/padelzoco.es\\\/product\\\/pack-de-2-botes-de-pelotas-head-pro-s-2\\\/\",\"url\":\"https:\\\/\\\/padelzoco.es\\\/product\\\/pack-de-2-botes-de-pelotas-head-pro-s-2\\\/\",\"name\":\"Pack de 2 Botes de Pelotas Head PRO S+ - Padel Zoco\",\"isPartOf\":{\"@id\":\"https:\\\/\\\/padelzoco.es\\\/#website\"},\"primaryImageOfPage\":{\"@id\":\"https:\\\/\\\/padelzoco.es\\\/product\\\/pack-de-2-botes-de-pelotas-head-pro-s-2\\\/#primaryimage\"},\"image\":{\"@id\":\"https:\\\/\\\/padelzoco.es\\\/product\\\/pack-de-2-botes-de-pelotas-head-pro-s-2\\\/#primaryimage\"},\"thumbnailUrl\":\"https:\\\/\\\/padelzoco.es\\\/wp-content\\\/uploads\\\/2025\\\/06\\\/Head-Padel-Balls-PRO-S-Bipack-01.webp\",\"datePublished\":\"2026-04-10T11:42:04+00:00\",\"dateModified\":\"2026-04-10T16:53:54+00:00\",\"description\":\"HEAD PRO S+ es la pelota de p\u00e1del perfecta para un juego r\u00e1pido y potente. Mayor durabilidad, presi\u00f3n constante y bote sostenible.\",\"breadcrumb\":{\"@id\":\"https:\\\/\\\/padelzoco.es\\\/product\\\/pack-de-2-botes-de-pelotas-head-pro-s-2\\\/#breadcrumb\"},\"inLanguage\":\"en-GB\",\"potentialAction\":[{\"@type\":\"ReadAction\",\"target\":[\"https:\\\/\\\/padelzoco.es\\\/product\\\/pack-de-2-botes-de-pelotas-head-pro-s-2\\\/\"]}]},{\"@type\":\"ImageObject\",\"inLanguage\":\"en-GB\",\"@id\":\"https:\\\/\\\/padelzoco.es\\\/product\\\/pack-de-2-botes-de-pelotas-head-pro-s-2\\\/#primaryimage\",\"url\":\"https:\\\/\\\/padelzoco.es\\\/wp-content\\\/uploads\\\/2025\\\/06\\\/Head-Padel-Balls-PRO-S-Bipack-01.webp\",\"contentUrl\":\"https:\\\/\\\/padelzoco.es\\\/wp-content\\\/uploads\\\/2025\\\/06\\\/Head-Padel-Balls-PRO-S-Bipack-01.webp\",\"width\":1400,\"height\":1400,\"caption\":\"Head Padel Balls PRO S+ Bipack 01\"},{\"@type\":\"BreadcrumbList\",\"@id\":\"https:\\\/\\\/padelzoco.es\\\/product\\\/pack-de-2-botes-de-pelotas-head-pro-s-2\\\/#breadcrumb\",\"itemListElement\":[{\"@type\":\"ListItem\",\"position\":1,\"name\":\"Home\",\"item\":\"https:\\\/\\\/padelzoco.es\\\/\"},{\"@type\":\"ListItem\",\"position\":2,\"name\":\"Padel Zoco\",\"item\":\"https:\\\/\\\/padelzoco.es\\\/padel-zoco\\\/\"},{\"@type\":\"ListItem\",\"position\":3,\"name\":\"Pack de 2 Botes de Pelotas Head PRO S+\"}]},{\"@type\":\"WebSite\",\"@id\":\"https:\\\/\\\/padelzoco.es\\\/#website\",\"url\":\"https:\\\/\\\/padelzoco.es\\\/\",\"name\":\"Padel Zoco\",\"description\":\"Padel Zoco | Spain\",\"publisher\":{\"@id\":\"https:\\\/\\\/padelzoco.es\\\/#organization\"},\"potentialAction\":[{\"@type\":\"SearchAction\",\"target\":{\"@type\":\"EntryPoint\",\"urlTemplate\":\"https:\\\/\\\/padelzoco.es\\\/?s={search_term_string}\"},\"query-input\":{\"@type\":\"PropertyValueSpecification\",\"valueRequired\":true,\"valueName\":\"search_term_string\"}}],\"inLanguage\":\"en-GB\"},{\"@type\":\"Organization\",\"@id\":\"https:\\\/\\\/padelzoco.es\\\/#organization\",\"name\":\"Padel Zoco\",\"url\":\"https:\\\/\\\/padelzoco.es\\\/\",\"logo\":{\"@type\":\"ImageObject\",\"inLanguage\":\"en-GB\",\"@id\":\"https:\\\/\\\/padelzoco.es\\\/#\\\/schema\\\/logo\\\/image\\\/\",\"url\":\"https:\\\/\\\/padelzoco.es\\\/wp-content\\\/uploads\\\/2023\\\/11\\\/PadelZoco_Logo_black_white.webp\",\"contentUrl\":\"https:\\\/\\\/padelzoco.es\\\/wp-content\\\/uploads\\\/2023\\\/11\\\/PadelZoco_Logo_black_white.webp\",\"width\":1500,\"height\":631,\"caption\":\"Padel Zoco\"},\"image\":{\"@id\":\"https:\\\/\\\/padelzoco.es\\\/#\\\/schema\\\/logo\\\/image\\\/\"}}]}<\/script>\n<!-- \/ Yoast SEO plugin. -->","yoast_head_json":{"title":"Pack de 2 Botes de Pelotas Head PRO S+ - Padel Zoco","description":"HEAD PRO S+ es la pelota de p\u00e1del perfecta para un juego r\u00e1pido y potente. Mayor durabilidad, presi\u00f3n constante y bote sostenible.","robots":{"index":"index","follow":"follow","max-snippet":"max-snippet:-1","max-image-preview":"max-image-preview:large","max-video-preview":"max-video-preview:-1"},"canonical":"https:\/\/padelzoco.es\/en\/product\/pack-de-2-botes-de-pelotas-head-pro-s-2\/","og_locale":"en_GB","og_type":"article","og_title":"Pack de 2 Botes de Pelotas Head PRO S+ - Padel Zoco","og_description":"HEAD PRO S+ es la pelota de p\u00e1del perfecta para un juego r\u00e1pido y potente. Mayor durabilidad, presi\u00f3n constante y bote sostenible.","og_url":"https:\/\/padelzoco.es\/en\/product\/pack-de-2-botes-de-pelotas-head-pro-s-2\/","og_site_name":"Padel Zoco","article_modified_time":"2026-04-10T16:53:54+00:00","og_image":[{"width":1400,"height":1400,"url":"https:\/\/padelzoco.es\/wp-content\/uploads\/2025\/06\/Head-Padel-Balls-PRO-S-Bipack-01.webp","type":"image\/webp"}],"twitter_card":"summary_large_image","twitter_misc":{"Estimated reading time":"1 minute"},"schema":{"@context":"https:\/\/schema.org","@graph":[{"@type":"WebPage","@id":"https:\/\/padelzoco.es\/product\/pack-de-2-botes-de-pelotas-head-pro-s-2\/","url":"https:\/\/padelzoco.es\/product\/pack-de-2-botes-de-pelotas-head-pro-s-2\/","name":"Pack de 2 Botes de Pelotas Head PRO S+ - Padel Zoco","isPartOf":{"@id":"https:\/\/padelzoco.es\/#website"},"primaryImageOfPage":{"@id":"https:\/\/padelzoco.es\/product\/pack-de-2-botes-de-pelotas-head-pro-s-2\/#primaryimage"},"image":{"@id":"https:\/\/padelzoco.es\/product\/pack-de-2-botes-de-pelotas-head-pro-s-2\/#primaryimage"},"thumbnailUrl":"https:\/\/padelzoco.es\/wp-content\/uploads\/2025\/06\/Head-Padel-Balls-PRO-S-Bipack-01.webp","datePublished":"2026-04-10T11:42:04+00:00","dateModified":"2026-04-10T16:53:54+00:00","description":"HEAD PRO S+ es la pelota de p\u00e1del perfecta para un juego r\u00e1pido y potente. Mayor durabilidad, presi\u00f3n constante y bote sostenible.","breadcrumb":{"@id":"https:\/\/padelzoco.es\/product\/pack-de-2-botes-de-pelotas-head-pro-s-2\/#breadcrumb"},"inLanguage":"en-GB","potentialAction":[{"@type":"ReadAction","target":["https:\/\/padelzoco.es\/product\/pack-de-2-botes-de-pelotas-head-pro-s-2\/"]}]},{"@type":"ImageObject","inLanguage":"en-GB","@id":"https:\/\/padelzoco.es\/product\/pack-de-2-botes-de-pelotas-head-pro-s-2\/#primaryimage","url":"https:\/\/padelzoco.es\/wp-content\/uploads\/2025\/06\/Head-Padel-Balls-PRO-S-Bipack-01.webp","contentUrl":"https:\/\/padelzoco.es\/wp-content\/uploads\/2025\/06\/Head-Padel-Balls-PRO-S-Bipack-01.webp","width":1400,"height":1400,"caption":"Head Padel Balls PRO S+ Bipack 01"},{"@type":"BreadcrumbList","@id":"https:\/\/padelzoco.es\/product\/pack-de-2-botes-de-pelotas-head-pro-s-2\/#breadcrumb","itemListElement":[{"@type":"ListItem","position":1,"name":"Home","item":"https:\/\/padelzoco.es\/"},{"@type":"ListItem","position":2,"name":"Padel Zoco","item":"https:\/\/padelzoco.es\/padel-zoco\/"},{"@type":"ListItem","position":3,"name":"Pack de 2 Botes de Pelotas Head PRO S+"}]},{"@type":"WebSite","@id":"https:\/\/padelzoco.es\/#website","url":"https:\/\/padelzoco.es\/","name":"Padel Zoco","description":"Padel Zoco | Spain","publisher":{"@id":"https:\/\/padelzoco.es\/#organization"},"potentialAction":[{"@type":"SearchAction","target":{"@type":"EntryPoint","urlTemplate":"https:\/\/padelzoco.es\/?s={search_term_string}"},"query-input":{"@type":"PropertyValueSpecification","valueRequired":true,"valueName":"search_term_string"}}],"inLanguage":"en-GB"},{"@type":"Organization","@id":"https:\/\/padelzoco.es\/#organization","name":"Padel Zoco","url":"https:\/\/padelzoco.es\/","logo":{"@type":"ImageObject","inLanguage":"en-GB","@id":"https:\/\/padelzoco.es\/#\/schema\/logo\/image\/","url":"https:\/\/padelzoco.es\/wp-content\/uploads\/2023\/11\/PadelZoco_Logo_black_white.webp","contentUrl":"https:\/\/padelzoco.es\/wp-content\/uploads\/2023\/11\/PadelZoco_Logo_black_white.webp","width":1500,"height":631,"caption":"Padel Zoco"},"image":{"@id":"https:\/\/padelzoco.es\/#\/schema\/logo\/image\/"}}]}},"_links":{"self":[{"href":"https:\/\/padelzoco.es\/en\/wp-json\/wp\/v2\/product\/38414","targetHints":{"allow":["GET"]}}],"collection":[{"href":"https:\/\/padelzoco.es\/en\/wp-json\/wp\/v2\/product"}],"about":[{"href":"https:\/\/padelzoco.es\/en\/wp-json\/wp\/v2\/types\/product"}],"version-history":[{"count":1,"href":"https:\/\/padelzoco.es\/en\/wp-json\/wp\/v2\/product\/38414\/revisions"}],"predecessor-version":[{"id":38415,"href":"https:\/\/padelzoco.es\/en\/wp-json\/wp\/v2\/product\/38414\/revisions\/38415"}],"wp:featuredmedia":[{"embeddable":true,"href":"https:\/\/padelzoco.es\/en\/wp-json\/wp\/v2\/media\/21082"}],"wp:attachment":[{"href":"https:\/\/padelzoco.es\/en\/wp-json\/wp\/v2\/media?parent=38414"}],"wp:term":[{"taxonomy":"product_brand","embeddable":true,"href":"https:\/\/padelzoco.es\/en\/wp-json\/wp\/v2\/product_brand?post=38414"},{"taxonomy":"product_cat","embeddable":true,"href":"https:\/\/padelzoco.es\/en\/wp-json\/wp\/v2\/product_cat?post=38414"},{"taxonomy":"product_tag","embeddable":true,"href":"https:\/\/padelzoco.es\/en\/wp-json\/wp\/v2\/product_tag?post=38414"}],"curies":[{"name":"wp","href":"https:\/\/api.w.org\/{rel}","templated":true}]}}