{"id":38836,"date":"2026-04-17T15:43:54","date_gmt":"2026-04-17T14:43:54","guid":{"rendered":"https:\/\/padelzoco.es\/?post_type=product&#038;p=38836"},"modified":"2026-04-20T18:13:39","modified_gmt":"2026-04-20T17:13:39","slug":"gorra-nox-padel-gris","status":"publish","type":"product","link":"https:\/\/padelzoco.es\/en\/product\/gorra-nox-padel-gris\/","title":{"rendered":"Gorra NOX Padel Gris"},"content":{"rendered":"<p data-start=\"524\" data-end=\"800\">La <strong data-start=\"527\" data-end=\"583\">Gorra <span class=\"hover:entity-accent entity-underline inline cursor-pointer align-baseline\"><span class=\"whitespace-normal\">NOX<\/span><\/span> Padel Gris\u00a0<\/strong> est\u00e1 dise\u00f1ada para ofrecer protecci\u00f3n y comodidad durante los partidos de p\u00e1del. Su construcci\u00f3n ligera protege del sol mientras mantiene una alta transpirabilidad, ayudando a jugar con mayor concentraci\u00f3n y confort.<\/p>\n<p data-start=\"802\" data-end=\"1042\">Fabricada en <strong data-start=\"815\" data-end=\"841\">poli\u00e9ster transpirable<\/strong>, permite una correcta circulaci\u00f3n del aire y reduce la acumulaci\u00f3n de calor. Su material ligero ayuda a gestionar la humedad, manteniendo una sensaci\u00f3n seca durante entrenamientos y partidos intensos.<\/p>\n<p data-start=\"1044\" data-end=\"1221\">Su dise\u00f1o t\u00e9cnico mejora el control del sudor y evita distracciones durante el juego. El cierre ajustable trasero proporciona un ajuste seguro y personalizado para cada jugador.<\/p>\n<p data-start=\"1223\" data-end=\"1359\">El dise\u00f1o deportivo en color gris aporta un estilo neutro y vers\u00e1til, ideal tanto para competici\u00f3n como para entrenamiento o uso diario.<\/p>\n<h3 data-section-id=\"1a0km5t\" data-start=\"1366\" data-end=\"1399\">Caracter\u00edsticas principales<\/h3>\n<ul data-start=\"1401\" data-end=\"1622\">\n<li data-section-id=\"26f2mg\" data-start=\"1401\" data-end=\"1439\">Construcci\u00f3n ligera y transpirable<\/li>\n<li data-section-id=\"s6bwau\" data-start=\"1440\" data-end=\"1471\">Tejido de poli\u00e9ster t\u00e9cnico<\/li>\n<li data-section-id=\"1c3gx5o\" data-start=\"1472\" data-end=\"1502\">Control de humedad y sudor<\/li>\n<li data-section-id=\"pz4107\" data-start=\"1503\" data-end=\"1532\">Protecci\u00f3n solar en pista<\/li>\n<li data-section-id=\"1xkwi9p\" data-start=\"1533\" data-end=\"1561\">Cierre ajustable trasero<\/li>\n<li data-section-id=\"1myiori\" data-start=\"1562\" data-end=\"1592\">Ajuste c\u00f3modo y ergon\u00f3mico<\/li>\n<li data-section-id=\"3pd0yu\" data-start=\"1593\" data-end=\"1622\">Estabilidad en movimiento<\/li>\n<\/ul>\n<h3 data-section-id=\"1ukshz5\" data-start=\"1629\" data-end=\"1661\">Especificaciones t\u00e9cnicas<\/h3>\n<ul data-start=\"1663\" data-end=\"1885\">\n<li data-section-id=\"19l7wro\" data-start=\"1663\" data-end=\"1687\">Tipo: Gorra de p\u00e1del<\/li>\n<li data-section-id=\"fifhda\" data-start=\"1688\" data-end=\"1716\">Material: 100% poli\u00e9ster<\/li>\n<li data-section-id=\"b3vh7f\" data-start=\"1717\" data-end=\"1753\">Ajuste: Cierre ajustable trasero<\/li>\n<li data-section-id=\"1rod8fl\" data-start=\"1754\" data-end=\"1786\">Dise\u00f1o: Gorra t\u00e9cnica ligera<\/li>\n<li data-section-id=\"3hakk2\" data-start=\"1787\" data-end=\"1832\">Uso: Entrenamiento y competici\u00f3n de p\u00e1del<\/li>\n<li data-section-id=\"14uk1o6\" data-start=\"1833\" data-end=\"1851\">G\u00e9nero: Unisex<\/li>\n<li data-section-id=\"c36nra\" data-start=\"1852\" data-end=\"1885\">Categor\u00eda: Accesorio de p\u00e1del<\/li>\n<\/ul>","protected":false},"excerpt":{"rendered":"<p data-start=\"0\" data-end=\"361\">La <strong data-start=\"3\" data-end=\"30\">gorra de p\u00e1del NOX Gris<\/strong>\u00a0es una gorra ligera de rendimiento dise\u00f1ada para ofrecer comodidad, protecci\u00f3n solar y control del sudor en pista. Fabricada con tejido transpirable y cierre ajustable, garantiza un ajuste seguro durante el juego. Ideal para entrenamientos y partidos, ayuda a mantener la concentraci\u00f3n mientras proporciona una comodidad fiable.<\/p>\n<ul data-start=\"363\" data-end=\"416\" data-is-last-node=\"\" data-is-only-node=\"\">\n<li data-section-id=\"at53id\" data-start=\"363\" data-end=\"385\">Gorra de p\u00e1del NOX<\/li>\n<li data-section-id=\"ujc51x\" data-start=\"386\" data-end=\"416\" data-is-last-node=\"\">Dise\u00f1o ligero y transpirable<\/li>\n<\/ul>","protected":false},"featured_media":38841,"template":"","meta":[],"product_brand":[],"product_cat":[643,608,603,601],"product_tag":[],"class_list":{"0":"post-38836","1":"product","2":"type-product","3":"status-publish","4":"has-post-thumbnail","6":"product_cat-gorras-accessorios","7":"product_cat-hombre-ropa","8":"product_cat-nox-ropa","9":"product_cat-ropa","10":"pa_brand-nox","11":"pa_color-grey","12":"pa_country_of_origin-china","13":"pa_hs_code-87","15":"first","16":"instock","17":"taxable","18":"shipping-taxable","19":"purchasable","20":"product-type-simple"},"yoast_head":"<!-- This site is optimized with the Yoast SEO plugin v27.4 - https:\/\/yoast.com\/product\/yoast-seo-wordpress\/ -->\n<title>Gorra NOX Padel Gris - Padel Zoco<\/title>\n<meta name=\"description\" content=\"Descubre la gorra NOX Padel Gris: ligera, transpirable y ajustable, ideal para protecci\u00f3n solar y comodidad en partidos de p\u00e1del.\" \/>\n<meta name=\"robots\" content=\"index, follow, max-snippet:-1, max-image-preview:large, max-video-preview:-1\" \/>\n<link rel=\"canonical\" href=\"https:\/\/padelzoco.es\/en\/product\/gorra-nox-padel-gris\/\" \/>\n<meta property=\"og:locale\" content=\"en_GB\" \/>\n<meta property=\"og:type\" content=\"article\" \/>\n<meta property=\"og:title\" content=\"Gorra NOX Padel Gris - Padel Zoco\" \/>\n<meta property=\"og:description\" content=\"Descubre la gorra NOX Padel Gris: ligera, transpirable y ajustable, ideal para protecci\u00f3n solar y comodidad en partidos de p\u00e1del.\" \/>\n<meta property=\"og:url\" content=\"https:\/\/padelzoco.es\/en\/product\/gorra-nox-padel-gris\/\" \/>\n<meta property=\"og:site_name\" content=\"Padel Zoco\" \/>\n<meta property=\"article:modified_time\" content=\"2026-04-20T17:13:39+00:00\" \/>\n<meta property=\"og:image\" content=\"https:\/\/padelzoco.es\/wp-content\/uploads\/2026\/04\/NOX-Padel-Cap-Grey-01.webp\" \/>\n\t<meta property=\"og:image:width\" content=\"1400\" \/>\n\t<meta property=\"og:image:height\" content=\"1400\" \/>\n\t<meta property=\"og:image:type\" content=\"image\/webp\" \/>\n<meta name=\"twitter:card\" content=\"summary_large_image\" \/>\n<meta name=\"twitter:label1\" content=\"Estimated reading time\" \/>\n\t<meta name=\"twitter:data1\" content=\"2 minutes\" \/>\n<script type=\"application\/ld+json\" class=\"yoast-schema-graph\">{\"@context\":\"https:\\\/\\\/schema.org\",\"@graph\":[{\"@type\":\"WebPage\",\"@id\":\"https:\\\/\\\/padelzoco.es\\\/product\\\/gorra-nox-padel-gris\\\/\",\"url\":\"https:\\\/\\\/padelzoco.es\\\/product\\\/gorra-nox-padel-gris\\\/\",\"name\":\"Gorra NOX Padel Gris - Padel Zoco\",\"isPartOf\":{\"@id\":\"https:\\\/\\\/padelzoco.es\\\/#website\"},\"primaryImageOfPage\":{\"@id\":\"https:\\\/\\\/padelzoco.es\\\/product\\\/gorra-nox-padel-gris\\\/#primaryimage\"},\"image\":{\"@id\":\"https:\\\/\\\/padelzoco.es\\\/product\\\/gorra-nox-padel-gris\\\/#primaryimage\"},\"thumbnailUrl\":\"https:\\\/\\\/padelzoco.es\\\/wp-content\\\/uploads\\\/2026\\\/04\\\/NOX-Padel-Cap-Grey-01.webp\",\"datePublished\":\"2026-04-17T14:43:54+00:00\",\"dateModified\":\"2026-04-20T17:13:39+00:00\",\"description\":\"Descubre la gorra NOX Padel Gris: ligera, transpirable y ajustable, ideal para protecci\u00f3n solar y comodidad en partidos de p\u00e1del.\",\"breadcrumb\":{\"@id\":\"https:\\\/\\\/padelzoco.es\\\/product\\\/gorra-nox-padel-gris\\\/#breadcrumb\"},\"inLanguage\":\"en-GB\",\"potentialAction\":[{\"@type\":\"ReadAction\",\"target\":[\"https:\\\/\\\/padelzoco.es\\\/product\\\/gorra-nox-padel-gris\\\/\"]}]},{\"@type\":\"ImageObject\",\"inLanguage\":\"en-GB\",\"@id\":\"https:\\\/\\\/padelzoco.es\\\/product\\\/gorra-nox-padel-gris\\\/#primaryimage\",\"url\":\"https:\\\/\\\/padelzoco.es\\\/wp-content\\\/uploads\\\/2026\\\/04\\\/NOX-Padel-Cap-Grey-01.webp\",\"contentUrl\":\"https:\\\/\\\/padelzoco.es\\\/wp-content\\\/uploads\\\/2026\\\/04\\\/NOX-Padel-Cap-Grey-01.webp\",\"width\":1400,\"height\":1400,\"caption\":\"NOX Padel Cap Grey 01\"},{\"@type\":\"BreadcrumbList\",\"@id\":\"https:\\\/\\\/padelzoco.es\\\/product\\\/gorra-nox-padel-gris\\\/#breadcrumb\",\"itemListElement\":[{\"@type\":\"ListItem\",\"position\":1,\"name\":\"Home\",\"item\":\"https:\\\/\\\/padelzoco.es\\\/\"},{\"@type\":\"ListItem\",\"position\":2,\"name\":\"Padel Zoco\",\"item\":\"https:\\\/\\\/padelzoco.es\\\/padel-zoco\\\/\"},{\"@type\":\"ListItem\",\"position\":3,\"name\":\"Gorra NOX Padel Gris\"}]},{\"@type\":\"WebSite\",\"@id\":\"https:\\\/\\\/padelzoco.es\\\/#website\",\"url\":\"https:\\\/\\\/padelzoco.es\\\/\",\"name\":\"Padel Zoco\",\"description\":\"Padel Zoco | Spain\",\"publisher\":{\"@id\":\"https:\\\/\\\/padelzoco.es\\\/#organization\"},\"potentialAction\":[{\"@type\":\"SearchAction\",\"target\":{\"@type\":\"EntryPoint\",\"urlTemplate\":\"https:\\\/\\\/padelzoco.es\\\/?s={search_term_string}\"},\"query-input\":{\"@type\":\"PropertyValueSpecification\",\"valueRequired\":true,\"valueName\":\"search_term_string\"}}],\"inLanguage\":\"en-GB\"},{\"@type\":\"Organization\",\"@id\":\"https:\\\/\\\/padelzoco.es\\\/#organization\",\"name\":\"Padel Zoco\",\"url\":\"https:\\\/\\\/padelzoco.es\\\/\",\"logo\":{\"@type\":\"ImageObject\",\"inLanguage\":\"en-GB\",\"@id\":\"https:\\\/\\\/padelzoco.es\\\/#\\\/schema\\\/logo\\\/image\\\/\",\"url\":\"https:\\\/\\\/padelzoco.es\\\/wp-content\\\/uploads\\\/2023\\\/11\\\/PadelZoco_Logo_black_white.webp\",\"contentUrl\":\"https:\\\/\\\/padelzoco.es\\\/wp-content\\\/uploads\\\/2023\\\/11\\\/PadelZoco_Logo_black_white.webp\",\"width\":1500,\"height\":631,\"caption\":\"Padel Zoco\"},\"image\":{\"@id\":\"https:\\\/\\\/padelzoco.es\\\/#\\\/schema\\\/logo\\\/image\\\/\"}}]}<\/script>\n<!-- \/ Yoast SEO plugin. -->","yoast_head_json":{"title":"Gorra NOX Padel Gris - Padel Zoco","description":"Descubre la gorra NOX Padel Gris: ligera, transpirable y ajustable, ideal para protecci\u00f3n solar y comodidad en partidos de p\u00e1del.","robots":{"index":"index","follow":"follow","max-snippet":"max-snippet:-1","max-image-preview":"max-image-preview:large","max-video-preview":"max-video-preview:-1"},"canonical":"https:\/\/padelzoco.es\/en\/product\/gorra-nox-padel-gris\/","og_locale":"en_GB","og_type":"article","og_title":"Gorra NOX Padel Gris - Padel Zoco","og_description":"Descubre la gorra NOX Padel Gris: ligera, transpirable y ajustable, ideal para protecci\u00f3n solar y comodidad en partidos de p\u00e1del.","og_url":"https:\/\/padelzoco.es\/en\/product\/gorra-nox-padel-gris\/","og_site_name":"Padel Zoco","article_modified_time":"2026-04-20T17:13:39+00:00","og_image":[{"width":1400,"height":1400,"url":"https:\/\/padelzoco.es\/wp-content\/uploads\/2026\/04\/NOX-Padel-Cap-Grey-01.webp","type":"image\/webp"}],"twitter_card":"summary_large_image","twitter_misc":{"Estimated reading time":"2 minutes"},"schema":{"@context":"https:\/\/schema.org","@graph":[{"@type":"WebPage","@id":"https:\/\/padelzoco.es\/product\/gorra-nox-padel-gris\/","url":"https:\/\/padelzoco.es\/product\/gorra-nox-padel-gris\/","name":"Gorra NOX Padel Gris - Padel Zoco","isPartOf":{"@id":"https:\/\/padelzoco.es\/#website"},"primaryImageOfPage":{"@id":"https:\/\/padelzoco.es\/product\/gorra-nox-padel-gris\/#primaryimage"},"image":{"@id":"https:\/\/padelzoco.es\/product\/gorra-nox-padel-gris\/#primaryimage"},"thumbnailUrl":"https:\/\/padelzoco.es\/wp-content\/uploads\/2026\/04\/NOX-Padel-Cap-Grey-01.webp","datePublished":"2026-04-17T14:43:54+00:00","dateModified":"2026-04-20T17:13:39+00:00","description":"Descubre la gorra NOX Padel Gris: ligera, transpirable y ajustable, ideal para protecci\u00f3n solar y comodidad en partidos de p\u00e1del.","breadcrumb":{"@id":"https:\/\/padelzoco.es\/product\/gorra-nox-padel-gris\/#breadcrumb"},"inLanguage":"en-GB","potentialAction":[{"@type":"ReadAction","target":["https:\/\/padelzoco.es\/product\/gorra-nox-padel-gris\/"]}]},{"@type":"ImageObject","inLanguage":"en-GB","@id":"https:\/\/padelzoco.es\/product\/gorra-nox-padel-gris\/#primaryimage","url":"https:\/\/padelzoco.es\/wp-content\/uploads\/2026\/04\/NOX-Padel-Cap-Grey-01.webp","contentUrl":"https:\/\/padelzoco.es\/wp-content\/uploads\/2026\/04\/NOX-Padel-Cap-Grey-01.webp","width":1400,"height":1400,"caption":"NOX Padel Cap Grey 01"},{"@type":"BreadcrumbList","@id":"https:\/\/padelzoco.es\/product\/gorra-nox-padel-gris\/#breadcrumb","itemListElement":[{"@type":"ListItem","position":1,"name":"Home","item":"https:\/\/padelzoco.es\/"},{"@type":"ListItem","position":2,"name":"Padel Zoco","item":"https:\/\/padelzoco.es\/padel-zoco\/"},{"@type":"ListItem","position":3,"name":"Gorra NOX Padel Gris"}]},{"@type":"WebSite","@id":"https:\/\/padelzoco.es\/#website","url":"https:\/\/padelzoco.es\/","name":"Padel Zoco","description":"Padel Zoco | Spain","publisher":{"@id":"https:\/\/padelzoco.es\/#organization"},"potentialAction":[{"@type":"SearchAction","target":{"@type":"EntryPoint","urlTemplate":"https:\/\/padelzoco.es\/?s={search_term_string}"},"query-input":{"@type":"PropertyValueSpecification","valueRequired":true,"valueName":"search_term_string"}}],"inLanguage":"en-GB"},{"@type":"Organization","@id":"https:\/\/padelzoco.es\/#organization","name":"Padel Zoco","url":"https:\/\/padelzoco.es\/","logo":{"@type":"ImageObject","inLanguage":"en-GB","@id":"https:\/\/padelzoco.es\/#\/schema\/logo\/image\/","url":"https:\/\/padelzoco.es\/wp-content\/uploads\/2023\/11\/PadelZoco_Logo_black_white.webp","contentUrl":"https:\/\/padelzoco.es\/wp-content\/uploads\/2023\/11\/PadelZoco_Logo_black_white.webp","width":1500,"height":631,"caption":"Padel Zoco"},"image":{"@id":"https:\/\/padelzoco.es\/#\/schema\/logo\/image\/"}}]}},"_links":{"self":[{"href":"https:\/\/padelzoco.es\/en\/wp-json\/wp\/v2\/product\/38836","targetHints":{"allow":["GET"]}}],"collection":[{"href":"https:\/\/padelzoco.es\/en\/wp-json\/wp\/v2\/product"}],"about":[{"href":"https:\/\/padelzoco.es\/en\/wp-json\/wp\/v2\/types\/product"}],"version-history":[{"count":5,"href":"https:\/\/padelzoco.es\/en\/wp-json\/wp\/v2\/product\/38836\/revisions"}],"predecessor-version":[{"id":39147,"href":"https:\/\/padelzoco.es\/en\/wp-json\/wp\/v2\/product\/38836\/revisions\/39147"}],"wp:featuredmedia":[{"embeddable":true,"href":"https:\/\/padelzoco.es\/en\/wp-json\/wp\/v2\/media\/38841"}],"wp:attachment":[{"href":"https:\/\/padelzoco.es\/en\/wp-json\/wp\/v2\/media?parent=38836"}],"wp:term":[{"taxonomy":"product_brand","embeddable":true,"href":"https:\/\/padelzoco.es\/en\/wp-json\/wp\/v2\/product_brand?post=38836"},{"taxonomy":"product_cat","embeddable":true,"href":"https:\/\/padelzoco.es\/en\/wp-json\/wp\/v2\/product_cat?post=38836"},{"taxonomy":"product_tag","embeddable":true,"href":"https:\/\/padelzoco.es\/en\/wp-json\/wp\/v2\/product_tag?post=38836"}],"curies":[{"name":"wp","href":"https:\/\/api.w.org\/{rel}","templated":true}]}}