{"id":39000,"date":"2026-04-17T17:49:59","date_gmt":"2026-04-17T16:49:59","guid":{"rendered":"https:\/\/padelzoco.es\/?post_type=product&#038;p=39000"},"modified":"2026-04-20T12:58:45","modified_gmt":"2026-04-20T11:58:45","slug":"nox-camiseta-tirantes-mujer-team-blanco-navy","status":"publish","type":"product","link":"https:\/\/padelzoco.es\/en\/product\/nox-camiseta-tirantes-mujer-team-blanco-navy\/","title":{"rendered":"NOX Camiseta Tirantes Mujer Team Blanco Navy"},"content":{"rendered":"<p data-start=\"534\" data-end=\"841\">El <strong data-start=\"537\" data-end=\"617\"><span class=\"hover:entity-accent entity-underline inline cursor-pointer align-baseline\"><span class=\"whitespace-normal\">NOX<\/span><\/span> Camiseta Tirantes Mujer TEAM Blanco Navy<\/strong>\u00a0est\u00e1 dise\u00f1ado para jugadoras que buscan rendimiento, comodidad y libertad de movimiento en pista. Su dise\u00f1o sin mangas y su tejido t\u00e9cnico lo convierten en una prenda ideal para partidos intensos y entrenamientos exigentes.<\/p>\n<p data-start=\"843\" data-end=\"1131\">Fabricado en tejido <strong data-start=\"863\" data-end=\"893\">interlock el\u00e1stico de 200g<\/strong>, compuesto por <strong data-start=\"909\" data-end=\"940\">83% poli\u00e9ster y 17% spandex<\/strong>, ofrece una combinaci\u00f3n equilibrada de suavidad, elasticidad y resistencia. Su construcci\u00f3n transpirable favorece la circulaci\u00f3n del aire y ayuda a mantener la comodidad durante el esfuerzo.<\/p>\n<p data-start=\"1133\" data-end=\"1367\">El tejido t\u00e9cnico facilita la evacuaci\u00f3n del sudor y ayuda a mantener el cuerpo fresco en los momentos de m\u00e1xima intensidad. Su elasticidad permite libertad total de movimiento en golpes como remates, voleas o desplazamientos r\u00e1pidos.<\/p>\n<p data-start=\"1369\" data-end=\"1597\">El dise\u00f1o sin mangas mejora la movilidad de brazos y hombros, mientras que el ajuste atl\u00e9tico proporciona un equilibrio perfecto entre comodidad y rendimiento. Su estilo limpio y deportivo ofrece una imagen profesional en pista.<\/p>\n<hr data-start=\"1599\" data-end=\"1602\" \/>\n<h3 data-section-id=\"1a0km5t\" data-start=\"1604\" data-end=\"1637\">\u2b50 Caracter\u00edsticas principales<\/h3>\n<ul data-start=\"1639\" data-end=\"1940\">\n<li data-section-id=\"8t429m\" data-start=\"1639\" data-end=\"1684\">Tejido t\u00e9cnico interlock el\u00e1stico premium<\/li>\n<li data-section-id=\"rc2zag\" data-start=\"1685\" data-end=\"1723\">Construcci\u00f3n transpirable y ligera<\/li>\n<li data-section-id=\"1yu3yqs\" data-start=\"1724\" data-end=\"1767\">Dise\u00f1o sin mangas para m\u00e1xima movilidad<\/li>\n<li data-section-id=\"1f9symm\" data-start=\"1768\" data-end=\"1811\">Elasticidad para libertad de movimiento<\/li>\n<li data-section-id=\"1iefa22\" data-start=\"1812\" data-end=\"1851\">Gesti\u00f3n de humedad durante el juego<\/li>\n<li data-section-id=\"1scaj9w\" data-start=\"1852\" data-end=\"1886\">Ajuste atl\u00e9tico de rendimiento<\/li>\n<li data-section-id=\"1b0qrbl\" data-start=\"1887\" data-end=\"1911\">Tacto suave y c\u00f3modo<\/li>\n<li data-section-id=\"1998jc\" data-start=\"1912\" data-end=\"1940\">Estilo deportivo moderno<\/li>\n<\/ul>\n<hr data-start=\"1942\" data-end=\"1945\" \/>\n<h3 data-section-id=\"1ukshz5\" data-start=\"1947\" data-end=\"1979\">\u2699\ufe0f Especificaciones t\u00e9cnicas<\/h3>\n<ul data-start=\"1981\" data-end=\"2207\">\n<li data-section-id=\"m3r00j\" data-start=\"1981\" data-end=\"2014\">Tipo: Tank top de p\u00e1del mujer<\/li>\n<li data-section-id=\"ucffun\" data-start=\"2015\" data-end=\"2039\">Ajuste: Athletic fit<\/li>\n<li data-section-id=\"1ldt6or\" data-start=\"2040\" data-end=\"2075\">Tejido: Interlock el\u00e1stico 200g<\/li>\n<li data-section-id=\"qii4b9\" data-start=\"2076\" data-end=\"2120\">Composici\u00f3n: 83% poli\u00e9ster \/ 17% spandex<\/li>\n<li data-section-id=\"498n6c\" data-start=\"2121\" data-end=\"2143\">Dise\u00f1o: Sin mangas<\/li>\n<li data-section-id=\"1eb7q7j\" data-start=\"2144\" data-end=\"2161\">G\u00e9nero: Mujer<\/li>\n<li data-section-id=\"3hakk2\" data-start=\"2162\" data-end=\"2207\">Uso: Entrenamiento y competici\u00f3n de p\u00e1del<\/li>\n<\/ul>","protected":false},"excerpt":{"rendered":"<p data-start=\"0\" data-end=\"367\">La <strong data-start=\"3\" data-end=\"56\">camiseta de tirantes de p\u00e1del NOX Team para mujer<\/strong> est\u00e1 dise\u00f1ada para ofrecer comodidad en competici\u00f3n y libertad de movimiento. Fabricada con tejido interlock el\u00e1stico de alta calidad, proporciona transpirabilidad, suavidad y elasticidad. Su dise\u00f1o deportivo sin mangas mejora la movilidad y mantiene la frescura durante partidos de p\u00e1del de alta intensidad.<\/p>\n<ul data-start=\"369\" data-end=\"484\" data-is-last-node=\"\" data-is-only-node=\"\">\n<li data-section-id=\"bd8956\" data-start=\"369\" data-end=\"406\">Camiseta de tirantes de p\u00e1del NOX<\/li>\n<li data-section-id=\"60rto2\" data-start=\"407\" data-end=\"456\">Camiseta de tirantes de p\u00e1del para mujer 2026<\/li>\n<li data-section-id=\"15a8ix4\" data-start=\"457\" data-end=\"484\" data-is-last-node=\"\">Top deportivo de tirantes<\/li>\n<\/ul>","protected":false},"featured_media":38975,"template":"","meta":[],"product_brand":[],"product_cat":[609,603,695],"product_tag":[],"class_list":{"0":"post-39000","1":"product","2":"type-product","3":"status-publish","4":"has-post-thumbnail","6":"product_cat-mujer-ropa","7":"product_cat-nox-ropa","8":"product_cat-topas","9":"pa_brand-nox","10":"pa_color-blue","11":"pa_color-blanco","12":"pa_country_of_origin-china","13":"pa_gender-mujer","14":"pa_hs_code-997","15":"pa_size-m","16":"pa_size-xl","18":"first","19":"instock","20":"taxable","21":"shipping-taxable","22":"purchasable","23":"product-type-variable"},"yoast_head":"<!-- This site is optimized with the Yoast SEO plugin v27.3 - https:\/\/yoast.com\/product\/yoast-seo-wordpress\/ -->\n<title>NOX Camiseta Tirantes Mujer Team Blanco Navy - Padel Zoco<\/title>\n<meta name=\"description\" content=\"Descubre el tank top NOX Team Women 2026 White: ligero, transpirable y el\u00e1stico, dise\u00f1ado para m\u00e1xima libertad y rendimiento en p\u00e1del.\" \/>\n<meta name=\"robots\" content=\"index, follow, max-snippet:-1, max-image-preview:large, max-video-preview:-1\" \/>\n<link rel=\"canonical\" href=\"https:\/\/padelzoco.es\/en\/product\/nox-camiseta-tirantes-mujer-team-blanco-navy\/\" \/>\n<meta property=\"og:locale\" content=\"en_GB\" \/>\n<meta property=\"og:type\" content=\"article\" \/>\n<meta property=\"og:title\" content=\"NOX Camiseta Tirantes Mujer Team Blanco Navy - Padel Zoco\" \/>\n<meta property=\"og:description\" content=\"Descubre el tank top NOX Team Women 2026 White: ligero, transpirable y el\u00e1stico, dise\u00f1ado para m\u00e1xima libertad y rendimiento en p\u00e1del.\" \/>\n<meta property=\"og:url\" content=\"https:\/\/padelzoco.es\/en\/product\/nox-camiseta-tirantes-mujer-team-blanco-navy\/\" \/>\n<meta property=\"og:site_name\" content=\"Padel Zoco\" \/>\n<meta property=\"article:modified_time\" content=\"2026-04-20T11:58:45+00:00\" \/>\n<meta property=\"og:image\" content=\"https:\/\/padelzoco.es\/wp-content\/uploads\/2026\/04\/NOX-Team-Women-Padel-Tank-Top-2026-10.webp\" \/>\n\t<meta property=\"og:image:width\" content=\"1400\" \/>\n\t<meta property=\"og:image:height\" content=\"1400\" \/>\n\t<meta property=\"og:image:type\" content=\"image\/webp\" \/>\n<meta name=\"twitter:card\" content=\"summary_large_image\" \/>\n<meta name=\"twitter:label1\" content=\"Estimated reading time\" \/>\n\t<meta name=\"twitter:data1\" content=\"2 minutes\" \/>\n<script type=\"application\/ld+json\" class=\"yoast-schema-graph\">{\"@context\":\"https:\\\/\\\/schema.org\",\"@graph\":[{\"@type\":\"WebPage\",\"@id\":\"https:\\\/\\\/padelzoco.es\\\/product\\\/nox-camiseta-tirantes-mujer-team-blanco-navy\\\/\",\"url\":\"https:\\\/\\\/padelzoco.es\\\/product\\\/nox-camiseta-tirantes-mujer-team-blanco-navy\\\/\",\"name\":\"NOX Camiseta Tirantes Mujer Team Blanco Navy - Padel Zoco\",\"isPartOf\":{\"@id\":\"https:\\\/\\\/padelzoco.es\\\/#website\"},\"primaryImageOfPage\":{\"@id\":\"https:\\\/\\\/padelzoco.es\\\/product\\\/nox-camiseta-tirantes-mujer-team-blanco-navy\\\/#primaryimage\"},\"image\":{\"@id\":\"https:\\\/\\\/padelzoco.es\\\/product\\\/nox-camiseta-tirantes-mujer-team-blanco-navy\\\/#primaryimage\"},\"thumbnailUrl\":\"https:\\\/\\\/padelzoco.es\\\/wp-content\\\/uploads\\\/2026\\\/04\\\/NOX-Team-Women-Padel-Tank-Top-2026-10.webp\",\"datePublished\":\"2026-04-17T16:49:59+00:00\",\"dateModified\":\"2026-04-20T11:58:45+00:00\",\"description\":\"Descubre el tank top NOX Team Women 2026 White: ligero, transpirable y el\u00e1stico, dise\u00f1ado para m\u00e1xima libertad y rendimiento en p\u00e1del.\",\"breadcrumb\":{\"@id\":\"https:\\\/\\\/padelzoco.es\\\/product\\\/nox-camiseta-tirantes-mujer-team-blanco-navy\\\/#breadcrumb\"},\"inLanguage\":\"en-GB\",\"potentialAction\":[{\"@type\":\"ReadAction\",\"target\":[\"https:\\\/\\\/padelzoco.es\\\/product\\\/nox-camiseta-tirantes-mujer-team-blanco-navy\\\/\"]}]},{\"@type\":\"ImageObject\",\"inLanguage\":\"en-GB\",\"@id\":\"https:\\\/\\\/padelzoco.es\\\/product\\\/nox-camiseta-tirantes-mujer-team-blanco-navy\\\/#primaryimage\",\"url\":\"https:\\\/\\\/padelzoco.es\\\/wp-content\\\/uploads\\\/2026\\\/04\\\/NOX-Team-Women-Padel-Tank-Top-2026-10.webp\",\"contentUrl\":\"https:\\\/\\\/padelzoco.es\\\/wp-content\\\/uploads\\\/2026\\\/04\\\/NOX-Team-Women-Padel-Tank-Top-2026-10.webp\",\"width\":1400,\"height\":1400,\"caption\":\"NOX Team Women Padel Tank Top 2026 10\"},{\"@type\":\"BreadcrumbList\",\"@id\":\"https:\\\/\\\/padelzoco.es\\\/product\\\/nox-camiseta-tirantes-mujer-team-blanco-navy\\\/#breadcrumb\",\"itemListElement\":[{\"@type\":\"ListItem\",\"position\":1,\"name\":\"Home\",\"item\":\"https:\\\/\\\/padelzoco.es\\\/\"},{\"@type\":\"ListItem\",\"position\":2,\"name\":\"Padel Zoco\",\"item\":\"https:\\\/\\\/padelzoco.es\\\/padel-zoco\\\/\"},{\"@type\":\"ListItem\",\"position\":3,\"name\":\"NOX Camiseta Tirantes Mujer Team Blanco Navy\"}]},{\"@type\":\"WebSite\",\"@id\":\"https:\\\/\\\/padelzoco.es\\\/#website\",\"url\":\"https:\\\/\\\/padelzoco.es\\\/\",\"name\":\"Padel Zoco\",\"description\":\"Padel Zoco | Spain\",\"publisher\":{\"@id\":\"https:\\\/\\\/padelzoco.es\\\/#organization\"},\"potentialAction\":[{\"@type\":\"SearchAction\",\"target\":{\"@type\":\"EntryPoint\",\"urlTemplate\":\"https:\\\/\\\/padelzoco.es\\\/?s={search_term_string}\"},\"query-input\":{\"@type\":\"PropertyValueSpecification\",\"valueRequired\":true,\"valueName\":\"search_term_string\"}}],\"inLanguage\":\"en-GB\"},{\"@type\":\"Organization\",\"@id\":\"https:\\\/\\\/padelzoco.es\\\/#organization\",\"name\":\"Padel Zoco\",\"url\":\"https:\\\/\\\/padelzoco.es\\\/\",\"logo\":{\"@type\":\"ImageObject\",\"inLanguage\":\"en-GB\",\"@id\":\"https:\\\/\\\/padelzoco.es\\\/#\\\/schema\\\/logo\\\/image\\\/\",\"url\":\"https:\\\/\\\/padelzoco.es\\\/wp-content\\\/uploads\\\/2023\\\/11\\\/PadelZoco_Logo_black_white.webp\",\"contentUrl\":\"https:\\\/\\\/padelzoco.es\\\/wp-content\\\/uploads\\\/2023\\\/11\\\/PadelZoco_Logo_black_white.webp\",\"width\":1500,\"height\":631,\"caption\":\"Padel Zoco\"},\"image\":{\"@id\":\"https:\\\/\\\/padelzoco.es\\\/#\\\/schema\\\/logo\\\/image\\\/\"}}]}<\/script>\n<!-- \/ Yoast SEO plugin. -->","yoast_head_json":{"title":"NOX Camiseta Tirantes Mujer Team Blanco Navy - Padel Zoco","description":"Descubre el tank top NOX Team Women 2026 White: ligero, transpirable y el\u00e1stico, dise\u00f1ado para m\u00e1xima libertad y rendimiento en p\u00e1del.","robots":{"index":"index","follow":"follow","max-snippet":"max-snippet:-1","max-image-preview":"max-image-preview:large","max-video-preview":"max-video-preview:-1"},"canonical":"https:\/\/padelzoco.es\/en\/product\/nox-camiseta-tirantes-mujer-team-blanco-navy\/","og_locale":"en_GB","og_type":"article","og_title":"NOX Camiseta Tirantes Mujer Team Blanco Navy - Padel Zoco","og_description":"Descubre el tank top NOX Team Women 2026 White: ligero, transpirable y el\u00e1stico, dise\u00f1ado para m\u00e1xima libertad y rendimiento en p\u00e1del.","og_url":"https:\/\/padelzoco.es\/en\/product\/nox-camiseta-tirantes-mujer-team-blanco-navy\/","og_site_name":"Padel Zoco","article_modified_time":"2026-04-20T11:58:45+00:00","og_image":[{"width":1400,"height":1400,"url":"https:\/\/padelzoco.es\/wp-content\/uploads\/2026\/04\/NOX-Team-Women-Padel-Tank-Top-2026-10.webp","type":"image\/webp"}],"twitter_card":"summary_large_image","twitter_misc":{"Estimated reading time":"2 minutes"},"schema":{"@context":"https:\/\/schema.org","@graph":[{"@type":"WebPage","@id":"https:\/\/padelzoco.es\/product\/nox-camiseta-tirantes-mujer-team-blanco-navy\/","url":"https:\/\/padelzoco.es\/product\/nox-camiseta-tirantes-mujer-team-blanco-navy\/","name":"NOX Camiseta Tirantes Mujer Team Blanco Navy - Padel Zoco","isPartOf":{"@id":"https:\/\/padelzoco.es\/#website"},"primaryImageOfPage":{"@id":"https:\/\/padelzoco.es\/product\/nox-camiseta-tirantes-mujer-team-blanco-navy\/#primaryimage"},"image":{"@id":"https:\/\/padelzoco.es\/product\/nox-camiseta-tirantes-mujer-team-blanco-navy\/#primaryimage"},"thumbnailUrl":"https:\/\/padelzoco.es\/wp-content\/uploads\/2026\/04\/NOX-Team-Women-Padel-Tank-Top-2026-10.webp","datePublished":"2026-04-17T16:49:59+00:00","dateModified":"2026-04-20T11:58:45+00:00","description":"Descubre el tank top NOX Team Women 2026 White: ligero, transpirable y el\u00e1stico, dise\u00f1ado para m\u00e1xima libertad y rendimiento en p\u00e1del.","breadcrumb":{"@id":"https:\/\/padelzoco.es\/product\/nox-camiseta-tirantes-mujer-team-blanco-navy\/#breadcrumb"},"inLanguage":"en-GB","potentialAction":[{"@type":"ReadAction","target":["https:\/\/padelzoco.es\/product\/nox-camiseta-tirantes-mujer-team-blanco-navy\/"]}]},{"@type":"ImageObject","inLanguage":"en-GB","@id":"https:\/\/padelzoco.es\/product\/nox-camiseta-tirantes-mujer-team-blanco-navy\/#primaryimage","url":"https:\/\/padelzoco.es\/wp-content\/uploads\/2026\/04\/NOX-Team-Women-Padel-Tank-Top-2026-10.webp","contentUrl":"https:\/\/padelzoco.es\/wp-content\/uploads\/2026\/04\/NOX-Team-Women-Padel-Tank-Top-2026-10.webp","width":1400,"height":1400,"caption":"NOX Team Women Padel Tank Top 2026 10"},{"@type":"BreadcrumbList","@id":"https:\/\/padelzoco.es\/product\/nox-camiseta-tirantes-mujer-team-blanco-navy\/#breadcrumb","itemListElement":[{"@type":"ListItem","position":1,"name":"Home","item":"https:\/\/padelzoco.es\/"},{"@type":"ListItem","position":2,"name":"Padel Zoco","item":"https:\/\/padelzoco.es\/padel-zoco\/"},{"@type":"ListItem","position":3,"name":"NOX Camiseta Tirantes Mujer Team Blanco Navy"}]},{"@type":"WebSite","@id":"https:\/\/padelzoco.es\/#website","url":"https:\/\/padelzoco.es\/","name":"Padel Zoco","description":"Padel Zoco | Spain","publisher":{"@id":"https:\/\/padelzoco.es\/#organization"},"potentialAction":[{"@type":"SearchAction","target":{"@type":"EntryPoint","urlTemplate":"https:\/\/padelzoco.es\/?s={search_term_string}"},"query-input":{"@type":"PropertyValueSpecification","valueRequired":true,"valueName":"search_term_string"}}],"inLanguage":"en-GB"},{"@type":"Organization","@id":"https:\/\/padelzoco.es\/#organization","name":"Padel Zoco","url":"https:\/\/padelzoco.es\/","logo":{"@type":"ImageObject","inLanguage":"en-GB","@id":"https:\/\/padelzoco.es\/#\/schema\/logo\/image\/","url":"https:\/\/padelzoco.es\/wp-content\/uploads\/2023\/11\/PadelZoco_Logo_black_white.webp","contentUrl":"https:\/\/padelzoco.es\/wp-content\/uploads\/2023\/11\/PadelZoco_Logo_black_white.webp","width":1500,"height":631,"caption":"Padel Zoco"},"image":{"@id":"https:\/\/padelzoco.es\/#\/schema\/logo\/image\/"}}]}},"_links":{"self":[{"href":"https:\/\/padelzoco.es\/en\/wp-json\/wp\/v2\/product\/39000","targetHints":{"allow":["GET"]}}],"collection":[{"href":"https:\/\/padelzoco.es\/en\/wp-json\/wp\/v2\/product"}],"about":[{"href":"https:\/\/padelzoco.es\/en\/wp-json\/wp\/v2\/types\/product"}],"version-history":[{"count":3,"href":"https:\/\/padelzoco.es\/en\/wp-json\/wp\/v2\/product\/39000\/revisions"}],"predecessor-version":[{"id":39128,"href":"https:\/\/padelzoco.es\/en\/wp-json\/wp\/v2\/product\/39000\/revisions\/39128"}],"wp:featuredmedia":[{"embeddable":true,"href":"https:\/\/padelzoco.es\/en\/wp-json\/wp\/v2\/media\/38975"}],"wp:attachment":[{"href":"https:\/\/padelzoco.es\/en\/wp-json\/wp\/v2\/media?parent=39000"}],"wp:term":[{"taxonomy":"product_brand","embeddable":true,"href":"https:\/\/padelzoco.es\/en\/wp-json\/wp\/v2\/product_brand?post=39000"},{"taxonomy":"product_cat","embeddable":true,"href":"https:\/\/padelzoco.es\/en\/wp-json\/wp\/v2\/product_cat?post=39000"},{"taxonomy":"product_tag","embeddable":true,"href":"https:\/\/padelzoco.es\/en\/wp-json\/wp\/v2\/product_tag?post=39000"}],"curies":[{"name":"wp","href":"https:\/\/api.w.org\/{rel}","templated":true}]}}