{"id":40109,"date":"2026-05-12T19:18:25","date_gmt":"2026-05-12T18:18:25","guid":{"rendered":"https:\/\/padelzoco.es\/?post_type=product&#038;p=40109"},"modified":"2026-05-14T11:22:57","modified_gmt":"2026-05-14T10:22:57","slug":"protector-pala-oso-3k-transparente","status":"publish","type":"product","link":"https:\/\/padelzoco.es\/en\/product\/protector-pala-oso-3k-transparente\/","title":{"rendered":"Protector Pala OSO 3K Transparente"},"content":{"rendered":"<p data-start=\"0\" data-end=\"214\">El accesorio esencial para todo jugador de p\u00e1del que busca proteger su valiosa pala. Este protector de pala combina m\u00e1xima calidad y una durabilidad inigualable para proteger tu pala de ara\u00f1azos, golpes y desgaste.<\/p>\n<p data-start=\"216\" data-end=\"493\" data-is-last-node=\"\" data-is-only-node=\"\">El protector de pala OSO Padel ofrece una protecci\u00f3n incomparable sin comprometer la flexibilidad ni el rendimiento. El material de alta calidad garantiza una absorci\u00f3n \u00f3ptima de impactos, protegiendo tu pala durante intercambios intensos y colisiones accidentales en la pista.<\/p>","protected":false},"excerpt":{"rendered":"<p data-start=\"0\" data-end=\"214\">El accesorio esencial para todo jugador de p\u00e1del que busca proteger su valiosa pala. Este protector de pala combina m\u00e1xima calidad y una durabilidad inigualable para proteger tu pala de ara\u00f1azos, golpes y desgaste.<\/p>\n<p data-start=\"216\" data-end=\"493\" data-is-last-node=\"\" data-is-only-node=\"\">El protector de pala OSO Padel ofrece una protecci\u00f3n incomparable sin comprometer la flexibilidad ni el rendimiento. El material de alta calidad garantiza una absorci\u00f3n \u00f3ptima de impactos, protegiendo tu pala durante intercambios intensos y colisiones accidentales en la pista.<\/p>","protected":false},"featured_media":40113,"template":"","meta":[],"product_brand":[],"product_cat":[637,701,640,679],"product_tag":[],"class_list":{"0":"post-40109","1":"product","2":"type-product","3":"status-publish","4":"has-post-thumbnail","6":"product_cat-accesorios","7":"product_cat-oso-padel","8":"product_cat-protectores","9":"product_cat-protectores-de-pala","11":"first","12":"instock","13":"taxable","14":"shipping-taxable","15":"purchasable","16":"product-type-simple"},"yoast_head":"<!-- This site is optimized with the Yoast SEO plugin v27.6 - https:\/\/yoast.com\/product\/yoast-seo-wordpress\/ -->\n<title>Protector Pala OSO 3K Transparente - Padel Zoco<\/title>\n<meta name=\"description\" content=\"Protector de pala OSO 3D que protege tu pala de da\u00f1os y est\u00e1 fabricado con material altamente duradero y adhesivo de larga duraci\u00f3n para mantenerse pegado a la pala de p\u00e1del durante mucho tiempo.\" \/>\n<meta name=\"robots\" content=\"index, follow, max-snippet:-1, max-image-preview:large, max-video-preview:-1\" \/>\n<link rel=\"canonical\" href=\"https:\/\/padelzoco.es\/en\/product\/protector-pala-oso-3k-transparente\/\" \/>\n<meta property=\"og:locale\" content=\"en_GB\" \/>\n<meta property=\"og:type\" content=\"article\" \/>\n<meta property=\"og:title\" content=\"Protector Pala OSO 3K Transparente - Padel Zoco\" \/>\n<meta property=\"og:description\" content=\"Protector de pala OSO 3D que protege tu pala de da\u00f1os y est\u00e1 fabricado con material altamente duradero y adhesivo de larga duraci\u00f3n para mantenerse pegado a la pala de p\u00e1del durante mucho tiempo.\" \/>\n<meta property=\"og:url\" content=\"https:\/\/padelzoco.es\/en\/product\/protector-pala-oso-3k-transparente\/\" \/>\n<meta property=\"og:site_name\" content=\"Padel Zoco\" \/>\n<meta property=\"article:modified_time\" content=\"2026-05-14T10:22:57+00:00\" \/>\n<meta property=\"og:image\" content=\"https:\/\/padelzoco.es\/wp-content\/uploads\/2026\/05\/OSO-3K-Transparent-Padel-Racket-Protector-01.webp\" \/>\n\t<meta property=\"og:image:width\" content=\"1400\" \/>\n\t<meta property=\"og:image:height\" content=\"1400\" \/>\n\t<meta property=\"og:image:type\" content=\"image\/webp\" \/>\n<meta name=\"twitter:card\" content=\"summary_large_image\" \/>\n<meta name=\"twitter:label1\" content=\"Estimated reading time\" \/>\n\t<meta name=\"twitter:data1\" content=\"1 minute\" \/>\n<script type=\"application\/ld+json\" class=\"yoast-schema-graph\">{\"@context\":\"https:\\\/\\\/schema.org\",\"@graph\":[{\"@type\":\"WebPage\",\"@id\":\"https:\\\/\\\/padelzoco.es\\\/product\\\/protector-pala-oso-3k-transparente\\\/\",\"url\":\"https:\\\/\\\/padelzoco.es\\\/product\\\/protector-pala-oso-3k-transparente\\\/\",\"name\":\"Protector Pala OSO 3K Transparente - Padel Zoco\",\"isPartOf\":{\"@id\":\"https:\\\/\\\/padelzoco.es\\\/#website\"},\"primaryImageOfPage\":{\"@id\":\"https:\\\/\\\/padelzoco.es\\\/product\\\/protector-pala-oso-3k-transparente\\\/#primaryimage\"},\"image\":{\"@id\":\"https:\\\/\\\/padelzoco.es\\\/product\\\/protector-pala-oso-3k-transparente\\\/#primaryimage\"},\"thumbnailUrl\":\"https:\\\/\\\/padelzoco.es\\\/wp-content\\\/uploads\\\/2026\\\/05\\\/OSO-3K-Transparent-Padel-Racket-Protector-01.webp\",\"datePublished\":\"2026-05-12T18:18:25+00:00\",\"dateModified\":\"2026-05-14T10:22:57+00:00\",\"description\":\"Protector de pala OSO 3D que protege tu pala de da\u00f1os y est\u00e1 fabricado con material altamente duradero y adhesivo de larga duraci\u00f3n para mantenerse pegado a la pala de p\u00e1del durante mucho tiempo.\",\"breadcrumb\":{\"@id\":\"https:\\\/\\\/padelzoco.es\\\/product\\\/protector-pala-oso-3k-transparente\\\/#breadcrumb\"},\"inLanguage\":\"en-GB\",\"potentialAction\":[{\"@type\":\"ReadAction\",\"target\":[\"https:\\\/\\\/padelzoco.es\\\/product\\\/protector-pala-oso-3k-transparente\\\/\"]}]},{\"@type\":\"ImageObject\",\"inLanguage\":\"en-GB\",\"@id\":\"https:\\\/\\\/padelzoco.es\\\/product\\\/protector-pala-oso-3k-transparente\\\/#primaryimage\",\"url\":\"https:\\\/\\\/padelzoco.es\\\/wp-content\\\/uploads\\\/2026\\\/05\\\/OSO-3K-Transparent-Padel-Racket-Protector-01.webp\",\"contentUrl\":\"https:\\\/\\\/padelzoco.es\\\/wp-content\\\/uploads\\\/2026\\\/05\\\/OSO-3K-Transparent-Padel-Racket-Protector-01.webp\",\"width\":1400,\"height\":1400,\"caption\":\"OSO 3K Transparent Padel Racket Protector 01\"},{\"@type\":\"BreadcrumbList\",\"@id\":\"https:\\\/\\\/padelzoco.es\\\/product\\\/protector-pala-oso-3k-transparente\\\/#breadcrumb\",\"itemListElement\":[{\"@type\":\"ListItem\",\"position\":1,\"name\":\"Home\",\"item\":\"https:\\\/\\\/padelzoco.es\\\/\"},{\"@type\":\"ListItem\",\"position\":2,\"name\":\"Padel Zoco\",\"item\":\"https:\\\/\\\/padelzoco.es\\\/padel-zoco\\\/\"},{\"@type\":\"ListItem\",\"position\":3,\"name\":\"Protector Pala OSO 3K Transparente\"}]},{\"@type\":\"WebSite\",\"@id\":\"https:\\\/\\\/padelzoco.es\\\/#website\",\"url\":\"https:\\\/\\\/padelzoco.es\\\/\",\"name\":\"Padel Zoco\",\"description\":\"Padel Zoco | Spain\",\"publisher\":{\"@id\":\"https:\\\/\\\/padelzoco.es\\\/#organization\"},\"potentialAction\":[{\"@type\":\"SearchAction\",\"target\":{\"@type\":\"EntryPoint\",\"urlTemplate\":\"https:\\\/\\\/padelzoco.es\\\/?s={search_term_string}\"},\"query-input\":{\"@type\":\"PropertyValueSpecification\",\"valueRequired\":true,\"valueName\":\"search_term_string\"}}],\"inLanguage\":\"en-GB\"},{\"@type\":\"Organization\",\"@id\":\"https:\\\/\\\/padelzoco.es\\\/#organization\",\"name\":\"Padel Zoco\",\"url\":\"https:\\\/\\\/padelzoco.es\\\/\",\"logo\":{\"@type\":\"ImageObject\",\"inLanguage\":\"en-GB\",\"@id\":\"https:\\\/\\\/padelzoco.es\\\/#\\\/schema\\\/logo\\\/image\\\/\",\"url\":\"https:\\\/\\\/padelzoco.es\\\/wp-content\\\/uploads\\\/2023\\\/11\\\/PadelZoco_Logo_black_white.webp\",\"contentUrl\":\"https:\\\/\\\/padelzoco.es\\\/wp-content\\\/uploads\\\/2023\\\/11\\\/PadelZoco_Logo_black_white.webp\",\"width\":1500,\"height\":631,\"caption\":\"Padel Zoco\"},\"image\":{\"@id\":\"https:\\\/\\\/padelzoco.es\\\/#\\\/schema\\\/logo\\\/image\\\/\"}}]}<\/script>\n<!-- \/ Yoast SEO plugin. -->","yoast_head_json":{"title":"Protector Pala OSO 3K Transparente - Padel Zoco","description":"Protector de pala OSO 3D que protege tu pala de da\u00f1os y est\u00e1 fabricado con material altamente duradero y adhesivo de larga duraci\u00f3n para mantenerse pegado a la pala de p\u00e1del durante mucho tiempo.","robots":{"index":"index","follow":"follow","max-snippet":"max-snippet:-1","max-image-preview":"max-image-preview:large","max-video-preview":"max-video-preview:-1"},"canonical":"https:\/\/padelzoco.es\/en\/product\/protector-pala-oso-3k-transparente\/","og_locale":"en_GB","og_type":"article","og_title":"Protector Pala OSO 3K Transparente - Padel Zoco","og_description":"Protector de pala OSO 3D que protege tu pala de da\u00f1os y est\u00e1 fabricado con material altamente duradero y adhesivo de larga duraci\u00f3n para mantenerse pegado a la pala de p\u00e1del durante mucho tiempo.","og_url":"https:\/\/padelzoco.es\/en\/product\/protector-pala-oso-3k-transparente\/","og_site_name":"Padel Zoco","article_modified_time":"2026-05-14T10:22:57+00:00","og_image":[{"width":1400,"height":1400,"url":"https:\/\/padelzoco.es\/wp-content\/uploads\/2026\/05\/OSO-3K-Transparent-Padel-Racket-Protector-01.webp","type":"image\/webp"}],"twitter_card":"summary_large_image","twitter_misc":{"Estimated reading time":"1 minute"},"schema":{"@context":"https:\/\/schema.org","@graph":[{"@type":"WebPage","@id":"https:\/\/padelzoco.es\/product\/protector-pala-oso-3k-transparente\/","url":"https:\/\/padelzoco.es\/product\/protector-pala-oso-3k-transparente\/","name":"Protector Pala OSO 3K Transparente - Padel Zoco","isPartOf":{"@id":"https:\/\/padelzoco.es\/#website"},"primaryImageOfPage":{"@id":"https:\/\/padelzoco.es\/product\/protector-pala-oso-3k-transparente\/#primaryimage"},"image":{"@id":"https:\/\/padelzoco.es\/product\/protector-pala-oso-3k-transparente\/#primaryimage"},"thumbnailUrl":"https:\/\/padelzoco.es\/wp-content\/uploads\/2026\/05\/OSO-3K-Transparent-Padel-Racket-Protector-01.webp","datePublished":"2026-05-12T18:18:25+00:00","dateModified":"2026-05-14T10:22:57+00:00","description":"Protector de pala OSO 3D que protege tu pala de da\u00f1os y est\u00e1 fabricado con material altamente duradero y adhesivo de larga duraci\u00f3n para mantenerse pegado a la pala de p\u00e1del durante mucho tiempo.","breadcrumb":{"@id":"https:\/\/padelzoco.es\/product\/protector-pala-oso-3k-transparente\/#breadcrumb"},"inLanguage":"en-GB","potentialAction":[{"@type":"ReadAction","target":["https:\/\/padelzoco.es\/product\/protector-pala-oso-3k-transparente\/"]}]},{"@type":"ImageObject","inLanguage":"en-GB","@id":"https:\/\/padelzoco.es\/product\/protector-pala-oso-3k-transparente\/#primaryimage","url":"https:\/\/padelzoco.es\/wp-content\/uploads\/2026\/05\/OSO-3K-Transparent-Padel-Racket-Protector-01.webp","contentUrl":"https:\/\/padelzoco.es\/wp-content\/uploads\/2026\/05\/OSO-3K-Transparent-Padel-Racket-Protector-01.webp","width":1400,"height":1400,"caption":"OSO 3K Transparent Padel Racket Protector 01"},{"@type":"BreadcrumbList","@id":"https:\/\/padelzoco.es\/product\/protector-pala-oso-3k-transparente\/#breadcrumb","itemListElement":[{"@type":"ListItem","position":1,"name":"Home","item":"https:\/\/padelzoco.es\/"},{"@type":"ListItem","position":2,"name":"Padel Zoco","item":"https:\/\/padelzoco.es\/padel-zoco\/"},{"@type":"ListItem","position":3,"name":"Protector Pala OSO 3K Transparente"}]},{"@type":"WebSite","@id":"https:\/\/padelzoco.es\/#website","url":"https:\/\/padelzoco.es\/","name":"Padel Zoco","description":"Padel Zoco | Spain","publisher":{"@id":"https:\/\/padelzoco.es\/#organization"},"potentialAction":[{"@type":"SearchAction","target":{"@type":"EntryPoint","urlTemplate":"https:\/\/padelzoco.es\/?s={search_term_string}"},"query-input":{"@type":"PropertyValueSpecification","valueRequired":true,"valueName":"search_term_string"}}],"inLanguage":"en-GB"},{"@type":"Organization","@id":"https:\/\/padelzoco.es\/#organization","name":"Padel Zoco","url":"https:\/\/padelzoco.es\/","logo":{"@type":"ImageObject","inLanguage":"en-GB","@id":"https:\/\/padelzoco.es\/#\/schema\/logo\/image\/","url":"https:\/\/padelzoco.es\/wp-content\/uploads\/2023\/11\/PadelZoco_Logo_black_white.webp","contentUrl":"https:\/\/padelzoco.es\/wp-content\/uploads\/2023\/11\/PadelZoco_Logo_black_white.webp","width":1500,"height":631,"caption":"Padel Zoco"},"image":{"@id":"https:\/\/padelzoco.es\/#\/schema\/logo\/image\/"}}]}},"_links":{"self":[{"href":"https:\/\/padelzoco.es\/en\/wp-json\/wp\/v2\/product\/40109","targetHints":{"allow":["GET"]}}],"collection":[{"href":"https:\/\/padelzoco.es\/en\/wp-json\/wp\/v2\/product"}],"about":[{"href":"https:\/\/padelzoco.es\/en\/wp-json\/wp\/v2\/types\/product"}],"version-history":[{"count":4,"href":"https:\/\/padelzoco.es\/en\/wp-json\/wp\/v2\/product\/40109\/revisions"}],"predecessor-version":[{"id":40188,"href":"https:\/\/padelzoco.es\/en\/wp-json\/wp\/v2\/product\/40109\/revisions\/40188"}],"wp:featuredmedia":[{"embeddable":true,"href":"https:\/\/padelzoco.es\/en\/wp-json\/wp\/v2\/media\/40113"}],"wp:attachment":[{"href":"https:\/\/padelzoco.es\/en\/wp-json\/wp\/v2\/media?parent=40109"}],"wp:term":[{"taxonomy":"product_brand","embeddable":true,"href":"https:\/\/padelzoco.es\/en\/wp-json\/wp\/v2\/product_brand?post=40109"},{"taxonomy":"product_cat","embeddable":true,"href":"https:\/\/padelzoco.es\/en\/wp-json\/wp\/v2\/product_cat?post=40109"},{"taxonomy":"product_tag","embeddable":true,"href":"https:\/\/padelzoco.es\/en\/wp-json\/wp\/v2\/product_tag?post=40109"}],"curies":[{"name":"wp","href":"https:\/\/api.w.org\/{rel}","templated":true}]}}