{"id":5121,"date":"2023-12-01T11:16:45","date_gmt":"2023-12-01T11:16:45","guid":{"rendered":"https:\/\/adc06f55e9.nxcli.io\/?post_type=product&#038;p=5121"},"modified":"2026-02-13T19:55:28","modified_gmt":"2026-02-13T18:55:28","slug":"zapatillas-wilson-bela-pro-rojas","status":"publish","type":"product","link":"https:\/\/padelzoco.es\/en\/product\/zapatillas-wilson-bela-pro-rojas\/","title":{"rendered":"Zapatillas Wilson Bela Pro Rojo"},"content":{"rendered":"<p>Gracias a un dise\u00f1o espec\u00edficamente ingeniado para conseguir movimientos \u00f3ptimos en la pista de p\u00e1del, la<strong> Bela Pro<\/strong> crea nuevas posibilidades para los jugadores de p\u00e1del que busquen alcanzar el m\u00e1ximo de su rendimiento gracias a sus zapatillas. Una colaboraci\u00f3n entre Wilson y la misma leyenda de p\u00e1del. Esta zapatilla presenta un dise\u00f1o \u00fanico que sorprende como ninguna otra en el juego. Lo m\u00e1s atractivo para los jugadores \u00e1vidos es la suela completamente nueva, que presenta una pieza circular y elimina la goma en lugares estrat\u00e9gicos para mejorar los movimientos de juego de pies m\u00e1s importantes en el p\u00e1del: <strong>pivotar y rotar<\/strong>. Fabricada con un <strong>Kaos Chassis<\/strong> para una excelente combinaci\u00f3n de <strong>comodidad, agilidad y estabilidad<\/strong> con una construcci\u00f3n de doble chasis, no es de extra\u00f1ar que el propio Bela use las Bela Pro para los partidos m\u00e1s importantes en los escenarios m\u00e1s importantes del deporte.<\/p>\n<p><strong>Features<\/strong><\/p>\n<p><strong>Kaos Chassis<\/strong> La construcci\u00f3n de doble chasis mejora el movimiento natural del pie a trav\u00e9s de dos mecanismos: un soporte de arco flexible para comodidad y agilidad, y un soporte lateral para control de torsi\u00f3n y mayor estabilidad general.<br \/>\n<strong>Sensifeel 2.0<\/strong> La parte superior con capas m\u00ednimas y una malla dise\u00f1ada proporciona transpirabilidad, sensaci\u00f3n, comodidad y un ajuste homog\u00e9neo mejorados.<br \/>\n<strong>OrthoLite EVA<\/strong> moldeada La espuma OrthoLite de alta densidad ofrece la m\u00e1xima amortiguaci\u00f3n y una longevidad impresionante.<br \/>\nLa ca\u00edda del tal\u00f3n a la punta del DF2 (9 mm) proporciona el mejor equilibrio entre comodidad y rendimiento.<br \/>\n<strong>Duralast<\/strong> El compuesto de caucho de alta densidad y extremadamente duradero proporciona resistencia a la abrasi\u00f3n y m\u00e1xima tracci\u00f3n en todas las superficies.<br \/>\nLa espuma de entresuela <strong>R-DST+<\/strong> ofrece la mejor combinaci\u00f3n de amortiguaci\u00f3n y rebote para un rendimiento din\u00e1mico.<br \/>\nLa zapatilla elegida en la pista por la leyenda del p\u00e1del <strong>Fernando Belasteguin<\/strong><br \/>\nSuela dise\u00f1ada con flex adicional para pivotes y rotaciones \u00f3ptimas en la pista de p\u00e1del<br \/>\nDise\u00f1ado para el mejor rendimiento en superficies de pistas de p\u00e1del<\/p>","protected":false},"excerpt":{"rendered":"<p>Gracias a un dise\u00f1o espec\u00edficamente ingeniado para conseguir movimientos \u00f3ptimos en la pista de p\u00e1del, la<strong> Bela Pro<\/strong> crea nuevas posibilidades para los jugadores de p\u00e1del que busquen alcanzar el m\u00e1ximo de su rendimiento gracias a sus zapatillas. Una colaboraci\u00f3n entre Wilson y la misma leyenda de p\u00e1del. Esta zapatilla presenta un dise\u00f1o \u00fanico que sorprende como ninguna otra en el juego. Lo m\u00e1s atractivo para los jugadores \u00e1vidos es la suela completamente nueva, que presenta una pieza circular y elimina la goma en lugares estrat\u00e9gicos para mejorar los movimientos de juego de pies m\u00e1s importantes en el p\u00e1del: <strong>pivotar y rotar<\/strong>. Fabricada con un <strong>Kaos Chassis<\/strong> para una excelente combinaci\u00f3n de <strong>comodidad, agilidad y estabilidad<\/strong> con una construcci\u00f3n de doble chasis, no es de extra\u00f1ar que el propio Bela use las Bela Pro para los partidos m\u00e1s importantes en los escenarios m\u00e1s importantes del deporte.<\/p>\n<p><strong>Features<\/strong><\/p>\n<p><strong>Kaos Chassis<\/strong> La construcci\u00f3n de doble chasis mejora el movimiento natural del pie a trav\u00e9s de dos mecanismos: un soporte de arco flexible para comodidad y agilidad, y un soporte lateral para control de torsi\u00f3n y mayor estabilidad general.<br \/>\n<strong>Sensifeel 2.0<\/strong> La parte superior con capas m\u00ednimas y una malla dise\u00f1ada proporciona transpirabilidad, sensaci\u00f3n, comodidad y un ajuste homog\u00e9neo mejorados.<br \/>\n<strong>OrthoLite EVA<\/strong> moldeada La espuma OrthoLite de alta densidad ofrece la m\u00e1xima amortiguaci\u00f3n y una longevidad impresionante.<br \/>\nLa ca\u00edda del tal\u00f3n a la punta del DF2 (9 mm) proporciona el mejor equilibrio entre comodidad y rendimiento.<br \/>\n<strong>Duralast<\/strong> El compuesto de caucho de alta densidad y extremadamente duradero proporciona resistencia a la abrasi\u00f3n y m\u00e1xima tracci\u00f3n en todas las superficies.<br \/>\nLa espuma de entresuela <strong>R-DST+<\/strong> ofrece la mejor combinaci\u00f3n de amortiguaci\u00f3n y rebote para un rendimiento din\u00e1mico.<br \/>\nLa zapatilla elegida en la pista por la leyenda del p\u00e1del <strong>Fernando Belasteguin<\/strong><br \/>\nSuela dise\u00f1ada con flex adicional para pivotes y rotaciones \u00f3ptimas en la pista de p\u00e1del<br \/>\nDise\u00f1ado para el mejor rendimiento en superficies de pistas de p\u00e1del<\/p>","protected":false},"featured_media":5127,"template":"","meta":[],"product_brand":[],"product_cat":[703,599,754,699,596,592,758],"product_tag":[],"class_list":{"0":"post-5121","1":"product","2":"type-product","3":"status-publish","4":"has-post-thumbnail","6":"product_cat-fernandobelasteguin","7":"product_cat-hombre-zapatillas","8":"product_cat-rebajas","9":"product_cat-wilson-padel","10":"product_cat-wilson-zapatillas","11":"product_cat-zapatillas","12":"product_cat-zapatillas-ofertas","13":"pa_brand-wilson","14":"pa_color-rojo","15":"pa_gender-hombre","16":"pa_hs_code-87","17":"pa_shoes-size-302","18":"pa_shoes-size-303","19":"pa_shoes-size-40-5","20":"pa_shoes-size-80","21":"pa_shoes-size-41-5","22":"pa_shoes-size-89","23":"pa_shoes-size-42-2-3","24":"pa_shoes-size-81","25":"pa_shoes-size-43-1-3","26":"pa_shoes-size-82","27":"pa_shoes-size-44-2-3","28":"pa_shoes-size-44-5","29":"pa_shoes-size-84","30":"pa_shoes-size-45-1-3","31":"pa_shoes-size-85","32":"pa_shoes-size-46-2-3","33":"pa_shoes-size-46-5","34":"pa_shoes-size-304","35":"pa_shoes-size-47-1-3","36":"pa_shoes-size-678","38":"first","39":"outofstock","40":"taxable","41":"shipping-taxable","42":"product-type-variable"},"yoast_head":"<!-- This site is optimized with the Yoast SEO plugin v27.3 - https:\/\/yoast.com\/product\/yoast-seo-wordpress\/ -->\n<title>Zapatillas Wilson Bela Pro Rojo - Padel Zoco<\/title>\n<meta name=\"description\" content=\"Get the Best Wilson Padel Shoes Bela Pro extreme softness and style with breathable fabrics and optimum grip. Buy Now at Padel Zoco\" \/>\n<meta name=\"robots\" content=\"index, follow, max-snippet:-1, max-image-preview:large, max-video-preview:-1\" \/>\n<link rel=\"canonical\" href=\"https:\/\/padelzoco.es\/en\/product\/zapatillas-wilson-bela-pro-rojas\/\" \/>\n<meta property=\"og:locale\" content=\"en_GB\" \/>\n<meta property=\"og:type\" content=\"article\" \/>\n<meta property=\"og:title\" content=\"Zapatillas Wilson Bela Pro Rojo - Padel Zoco\" \/>\n<meta property=\"og:description\" content=\"Get the Best Wilson Padel Shoes Bela Pro extreme softness and style with breathable fabrics and optimum grip. Buy Now at Padel Zoco\" \/>\n<meta property=\"og:url\" content=\"https:\/\/padelzoco.es\/en\/product\/zapatillas-wilson-bela-pro-rojas\/\" \/>\n<meta property=\"og:site_name\" content=\"Padel Zoco\" \/>\n<meta property=\"article:modified_time\" content=\"2026-02-13T18:55:28+00:00\" \/>\n<meta property=\"og:image\" content=\"https:\/\/padelzoco.es\/wp-content\/uploads\/2023\/12\/Wilson-Bela-Pro-Red-Padel-Shoes-Image-6.webp\" \/>\n\t<meta property=\"og:image:width\" content=\"1400\" \/>\n\t<meta property=\"og:image:height\" content=\"1400\" \/>\n\t<meta property=\"og:image:type\" content=\"image\/webp\" \/>\n<meta name=\"twitter:card\" content=\"summary_large_image\" \/>\n<meta name=\"twitter:label1\" content=\"Estimated reading time\" \/>\n\t<meta name=\"twitter:data1\" content=\"2 minutes\" \/>\n<script type=\"application\/ld+json\" class=\"yoast-schema-graph\">{\"@context\":\"https:\\\/\\\/schema.org\",\"@graph\":[{\"@type\":\"WebPage\",\"@id\":\"https:\\\/\\\/padelzoco.es\\\/product\\\/zapatillas-wilson-bela-pro-rojas\\\/\",\"url\":\"https:\\\/\\\/padelzoco.es\\\/product\\\/zapatillas-wilson-bela-pro-rojas\\\/\",\"name\":\"Zapatillas Wilson Bela Pro Rojo - Padel Zoco\",\"isPartOf\":{\"@id\":\"https:\\\/\\\/padelzoco.es\\\/#website\"},\"primaryImageOfPage\":{\"@id\":\"https:\\\/\\\/padelzoco.es\\\/product\\\/zapatillas-wilson-bela-pro-rojas\\\/#primaryimage\"},\"image\":{\"@id\":\"https:\\\/\\\/padelzoco.es\\\/product\\\/zapatillas-wilson-bela-pro-rojas\\\/#primaryimage\"},\"thumbnailUrl\":\"https:\\\/\\\/padelzoco.es\\\/wp-content\\\/uploads\\\/2023\\\/12\\\/Wilson-Bela-Pro-Red-Padel-Shoes-Image-6.webp\",\"datePublished\":\"2023-12-01T11:16:45+00:00\",\"dateModified\":\"2026-02-13T18:55:28+00:00\",\"description\":\"Get the Best Wilson Padel Shoes Bela Pro extreme softness and style with breathable fabrics and optimum grip. Buy Now at Padel Zoco\",\"breadcrumb\":{\"@id\":\"https:\\\/\\\/padelzoco.es\\\/product\\\/zapatillas-wilson-bela-pro-rojas\\\/#breadcrumb\"},\"inLanguage\":\"en-GB\",\"potentialAction\":[{\"@type\":\"ReadAction\",\"target\":[\"https:\\\/\\\/padelzoco.es\\\/product\\\/zapatillas-wilson-bela-pro-rojas\\\/\"]}]},{\"@type\":\"ImageObject\",\"inLanguage\":\"en-GB\",\"@id\":\"https:\\\/\\\/padelzoco.es\\\/product\\\/zapatillas-wilson-bela-pro-rojas\\\/#primaryimage\",\"url\":\"https:\\\/\\\/padelzoco.es\\\/wp-content\\\/uploads\\\/2023\\\/12\\\/Wilson-Bela-Pro-Red-Padel-Shoes-Image-6.webp\",\"contentUrl\":\"https:\\\/\\\/padelzoco.es\\\/wp-content\\\/uploads\\\/2023\\\/12\\\/Wilson-Bela-Pro-Red-Padel-Shoes-Image-6.webp\",\"width\":1400,\"height\":1400},{\"@type\":\"BreadcrumbList\",\"@id\":\"https:\\\/\\\/padelzoco.es\\\/product\\\/zapatillas-wilson-bela-pro-rojas\\\/#breadcrumb\",\"itemListElement\":[{\"@type\":\"ListItem\",\"position\":1,\"name\":\"Home\",\"item\":\"https:\\\/\\\/padelzoco.es\\\/\"},{\"@type\":\"ListItem\",\"position\":2,\"name\":\"Padel Zoco\",\"item\":\"https:\\\/\\\/padelzoco.es\\\/padel-zoco\\\/\"},{\"@type\":\"ListItem\",\"position\":3,\"name\":\"Zapatillas Wilson Bela Pro Rojo\"}]},{\"@type\":\"WebSite\",\"@id\":\"https:\\\/\\\/padelzoco.es\\\/#website\",\"url\":\"https:\\\/\\\/padelzoco.es\\\/\",\"name\":\"Padel Zoco\",\"description\":\"Padel Zoco | Spain\",\"publisher\":{\"@id\":\"https:\\\/\\\/padelzoco.es\\\/#organization\"},\"potentialAction\":[{\"@type\":\"SearchAction\",\"target\":{\"@type\":\"EntryPoint\",\"urlTemplate\":\"https:\\\/\\\/padelzoco.es\\\/?s={search_term_string}\"},\"query-input\":{\"@type\":\"PropertyValueSpecification\",\"valueRequired\":true,\"valueName\":\"search_term_string\"}}],\"inLanguage\":\"en-GB\"},{\"@type\":\"Organization\",\"@id\":\"https:\\\/\\\/padelzoco.es\\\/#organization\",\"name\":\"Padel Zoco\",\"url\":\"https:\\\/\\\/padelzoco.es\\\/\",\"logo\":{\"@type\":\"ImageObject\",\"inLanguage\":\"en-GB\",\"@id\":\"https:\\\/\\\/padelzoco.es\\\/#\\\/schema\\\/logo\\\/image\\\/\",\"url\":\"https:\\\/\\\/padelzoco.es\\\/wp-content\\\/uploads\\\/2023\\\/11\\\/PadelZoco_Logo_black_white.webp\",\"contentUrl\":\"https:\\\/\\\/padelzoco.es\\\/wp-content\\\/uploads\\\/2023\\\/11\\\/PadelZoco_Logo_black_white.webp\",\"width\":1500,\"height\":631,\"caption\":\"Padel Zoco\"},\"image\":{\"@id\":\"https:\\\/\\\/padelzoco.es\\\/#\\\/schema\\\/logo\\\/image\\\/\"}}]}<\/script>\n<!-- \/ Yoast SEO plugin. -->","yoast_head_json":{"title":"Zapatillas Wilson Bela Pro Rojo - Padel Zoco","description":"Get the Best Wilson Padel Shoes Bela Pro extreme softness and style with breathable fabrics and optimum grip. Buy Now at Padel Zoco","robots":{"index":"index","follow":"follow","max-snippet":"max-snippet:-1","max-image-preview":"max-image-preview:large","max-video-preview":"max-video-preview:-1"},"canonical":"https:\/\/padelzoco.es\/en\/product\/zapatillas-wilson-bela-pro-rojas\/","og_locale":"en_GB","og_type":"article","og_title":"Zapatillas Wilson Bela Pro Rojo - Padel Zoco","og_description":"Get the Best Wilson Padel Shoes Bela Pro extreme softness and style with breathable fabrics and optimum grip. Buy Now at Padel Zoco","og_url":"https:\/\/padelzoco.es\/en\/product\/zapatillas-wilson-bela-pro-rojas\/","og_site_name":"Padel Zoco","article_modified_time":"2026-02-13T18:55:28+00:00","og_image":[{"width":1400,"height":1400,"url":"https:\/\/padelzoco.es\/wp-content\/uploads\/2023\/12\/Wilson-Bela-Pro-Red-Padel-Shoes-Image-6.webp","type":"image\/webp"}],"twitter_card":"summary_large_image","twitter_misc":{"Estimated reading time":"2 minutes"},"schema":{"@context":"https:\/\/schema.org","@graph":[{"@type":"WebPage","@id":"https:\/\/padelzoco.es\/product\/zapatillas-wilson-bela-pro-rojas\/","url":"https:\/\/padelzoco.es\/product\/zapatillas-wilson-bela-pro-rojas\/","name":"Zapatillas Wilson Bela Pro Rojo - Padel Zoco","isPartOf":{"@id":"https:\/\/padelzoco.es\/#website"},"primaryImageOfPage":{"@id":"https:\/\/padelzoco.es\/product\/zapatillas-wilson-bela-pro-rojas\/#primaryimage"},"image":{"@id":"https:\/\/padelzoco.es\/product\/zapatillas-wilson-bela-pro-rojas\/#primaryimage"},"thumbnailUrl":"https:\/\/padelzoco.es\/wp-content\/uploads\/2023\/12\/Wilson-Bela-Pro-Red-Padel-Shoes-Image-6.webp","datePublished":"2023-12-01T11:16:45+00:00","dateModified":"2026-02-13T18:55:28+00:00","description":"Get the Best Wilson Padel Shoes Bela Pro extreme softness and style with breathable fabrics and optimum grip. Buy Now at Padel Zoco","breadcrumb":{"@id":"https:\/\/padelzoco.es\/product\/zapatillas-wilson-bela-pro-rojas\/#breadcrumb"},"inLanguage":"en-GB","potentialAction":[{"@type":"ReadAction","target":["https:\/\/padelzoco.es\/product\/zapatillas-wilson-bela-pro-rojas\/"]}]},{"@type":"ImageObject","inLanguage":"en-GB","@id":"https:\/\/padelzoco.es\/product\/zapatillas-wilson-bela-pro-rojas\/#primaryimage","url":"https:\/\/padelzoco.es\/wp-content\/uploads\/2023\/12\/Wilson-Bela-Pro-Red-Padel-Shoes-Image-6.webp","contentUrl":"https:\/\/padelzoco.es\/wp-content\/uploads\/2023\/12\/Wilson-Bela-Pro-Red-Padel-Shoes-Image-6.webp","width":1400,"height":1400},{"@type":"BreadcrumbList","@id":"https:\/\/padelzoco.es\/product\/zapatillas-wilson-bela-pro-rojas\/#breadcrumb","itemListElement":[{"@type":"ListItem","position":1,"name":"Home","item":"https:\/\/padelzoco.es\/"},{"@type":"ListItem","position":2,"name":"Padel Zoco","item":"https:\/\/padelzoco.es\/padel-zoco\/"},{"@type":"ListItem","position":3,"name":"Zapatillas Wilson Bela Pro Rojo"}]},{"@type":"WebSite","@id":"https:\/\/padelzoco.es\/#website","url":"https:\/\/padelzoco.es\/","name":"Padel Zoco","description":"Padel Zoco | Spain","publisher":{"@id":"https:\/\/padelzoco.es\/#organization"},"potentialAction":[{"@type":"SearchAction","target":{"@type":"EntryPoint","urlTemplate":"https:\/\/padelzoco.es\/?s={search_term_string}"},"query-input":{"@type":"PropertyValueSpecification","valueRequired":true,"valueName":"search_term_string"}}],"inLanguage":"en-GB"},{"@type":"Organization","@id":"https:\/\/padelzoco.es\/#organization","name":"Padel Zoco","url":"https:\/\/padelzoco.es\/","logo":{"@type":"ImageObject","inLanguage":"en-GB","@id":"https:\/\/padelzoco.es\/#\/schema\/logo\/image\/","url":"https:\/\/padelzoco.es\/wp-content\/uploads\/2023\/11\/PadelZoco_Logo_black_white.webp","contentUrl":"https:\/\/padelzoco.es\/wp-content\/uploads\/2023\/11\/PadelZoco_Logo_black_white.webp","width":1500,"height":631,"caption":"Padel Zoco"},"image":{"@id":"https:\/\/padelzoco.es\/#\/schema\/logo\/image\/"}}]}},"_links":{"self":[{"href":"https:\/\/padelzoco.es\/en\/wp-json\/wp\/v2\/product\/5121","targetHints":{"allow":["GET"]}}],"collection":[{"href":"https:\/\/padelzoco.es\/en\/wp-json\/wp\/v2\/product"}],"about":[{"href":"https:\/\/padelzoco.es\/en\/wp-json\/wp\/v2\/types\/product"}],"version-history":[{"count":1,"href":"https:\/\/padelzoco.es\/en\/wp-json\/wp\/v2\/product\/5121\/revisions"}],"predecessor-version":[{"id":28029,"href":"https:\/\/padelzoco.es\/en\/wp-json\/wp\/v2\/product\/5121\/revisions\/28029"}],"wp:featuredmedia":[{"embeddable":true,"href":"https:\/\/padelzoco.es\/en\/wp-json\/wp\/v2\/media\/5127"}],"wp:attachment":[{"href":"https:\/\/padelzoco.es\/en\/wp-json\/wp\/v2\/media?parent=5121"}],"wp:term":[{"taxonomy":"product_brand","embeddable":true,"href":"https:\/\/padelzoco.es\/en\/wp-json\/wp\/v2\/product_brand?post=5121"},{"taxonomy":"product_cat","embeddable":true,"href":"https:\/\/padelzoco.es\/en\/wp-json\/wp\/v2\/product_cat?post=5121"},{"taxonomy":"product_tag","embeddable":true,"href":"https:\/\/padelzoco.es\/en\/wp-json\/wp\/v2\/product_tag?post=5121"}],"curies":[{"name":"wp","href":"https:\/\/api.w.org\/{rel}","templated":true}]}}