{"id":5222,"date":"2023-12-01T15:37:46","date_gmt":"2023-12-01T15:37:46","guid":{"rendered":"https:\/\/adc06f55e9.nxcli.io\/?post_type=product&#038;p=5222"},"modified":"2026-04-13T19:15:45","modified_gmt":"2026-04-13T18:15:45","slug":"pelotas-bullpadel-bp-fip-next-pro","status":"publish","type":"product","link":"https:\/\/padelzoco.es\/en\/product\/pelotas-bullpadel-bp-fip-next-pro\/","title":{"rendered":"Bote 3 Pelotas Bullpadel BP Fip Next PRO"},"content":{"rendered":"<p data-start=\"0\" data-end=\"281\">El bote de 3 pelotas NEXT PRO est\u00e1 dise\u00f1ado para jugadores que buscan m\u00e1xima velocidad y alto rendimiento en competici\u00f3n. Cada pelota ofrece una excelente salida de bola y un gran control, manteniendo su rendimiento durante partidos largos y exigentes.<\/p>\n<p data-start=\"283\" data-end=\"509\">Fabricadas con materiales de alta calidad, las NEXT PRO combinan resistencia y durabilidad, asegurando que cada golpe sea consistente y preciso, ideales para torneos y jugadores avanzados que demandan lo mejor en cada punto.<\/p>\n<p data-start=\"511\" data-end=\"534\"><strong data-start=\"511\" data-end=\"532\">Specifications:<\/strong><\/p>\n<ul data-start=\"535\" data-end=\"699\">\n<li data-section-id=\"15c8hv4\" data-start=\"535\" data-end=\"567\">\n<p data-start=\"537\" data-end=\"567\">Cantidad: 3 pelotas por bote<\/p>\n<\/li>\n<li data-section-id=\"rp7dw7\" data-start=\"568\" data-end=\"596\">\n<p data-start=\"570\" data-end=\"596\">Tipo: Pelota presurizada<\/p>\n<\/li>\n<li data-section-id=\"156wasz\" data-start=\"597\" data-end=\"666\">\n<p data-start=\"599\" data-end=\"666\">Caracter\u00edsticas: M\u00e1xima velocidad, gran control, alta durabilidad<\/p>\n<\/li>\n<li data-section-id=\"qlgkvc\" data-start=\"667\" data-end=\"699\">\n<p data-start=\"669\" data-end=\"699\">Uso: Competiciones y torneos<\/p>\n<\/li>\n<\/ul>","protected":false},"excerpt":{"rendered":"<p>Bote\u00a0de 3 bolas\u00a0NEXT PRO de m\u00e1xima velocidad y gran calidad pensada para competiciones y torneos.<\/p>\n<p>Es una pelota de p\u00e1del muy resistente que proporciona una excelente salida de bola, un gran control y una larga duraci\u00f3n para los jugadores m\u00e1s exigentes.<\/p>\n<p>&nbsp;<\/p>","protected":false},"featured_media":5235,"template":"","meta":[],"product_brand":[],"product_cat":[698,621,618,624],"product_tag":[],"class_list":{"0":"post-5222","1":"product","2":"type-product","3":"status-publish","4":"has-post-thumbnail","6":"product_cat-bullpadel-padel","7":"product_cat-bullpadel-pelotas","8":"product_cat-pelotas","9":"product_cat-tubo-pelotas","10":"pa_brand-bullpadel","11":"pa_hs_code-87","13":"first","14":"instock","15":"taxable","16":"shipping-taxable","17":"purchasable","18":"product-type-simple"},"yoast_head":"<!-- This site is optimized with the Yoast SEO plugin v27.3 - https:\/\/yoast.com\/product\/yoast-seo-wordpress\/ -->\n<title>Bote 3 Pelotas Bullpadel BP Fip Next PRO - Padel Zoco<\/title>\n<meta name=\"description\" content=\"Pelotas NEXT PRO en bote de 3, r\u00e1pidas, resistentes y precisas, perfectas para competiciones y torneos de p\u00e1del.\" \/>\n<meta name=\"robots\" content=\"index, follow, max-snippet:-1, max-image-preview:large, max-video-preview:-1\" \/>\n<link rel=\"canonical\" href=\"https:\/\/padelzoco.es\/en\/product\/pelotas-bullpadel-bp-fip-next-pro\/\" \/>\n<meta property=\"og:locale\" content=\"en_GB\" \/>\n<meta property=\"og:type\" content=\"article\" \/>\n<meta property=\"og:title\" content=\"Bote 3 Pelotas Bullpadel BP Fip Next PRO - Padel Zoco\" \/>\n<meta property=\"og:description\" content=\"Pelotas NEXT PRO en bote de 3, r\u00e1pidas, resistentes y precisas, perfectas para competiciones y torneos de p\u00e1del.\" \/>\n<meta property=\"og:url\" content=\"https:\/\/padelzoco.es\/en\/product\/pelotas-bullpadel-bp-fip-next-pro\/\" \/>\n<meta property=\"og:site_name\" content=\"Padel Zoco\" \/>\n<meta property=\"article:modified_time\" content=\"2026-04-13T18:15:45+00:00\" \/>\n<meta property=\"og:image\" content=\"https:\/\/padelzoco.es\/wp-content\/uploads\/2023\/12\/BullPadel-Next-PRO-Padel-Balls.webp\" \/>\n\t<meta property=\"og:image:width\" content=\"1400\" \/>\n\t<meta property=\"og:image:height\" content=\"1400\" \/>\n\t<meta property=\"og:image:type\" content=\"image\/webp\" \/>\n<meta name=\"twitter:card\" content=\"summary_large_image\" \/>\n<meta name=\"twitter:label1\" content=\"Estimated reading time\" \/>\n\t<meta name=\"twitter:data1\" content=\"1 minute\" \/>\n<script type=\"application\/ld+json\" class=\"yoast-schema-graph\">{\"@context\":\"https:\\\/\\\/schema.org\",\"@graph\":[{\"@type\":\"WebPage\",\"@id\":\"https:\\\/\\\/padelzoco.es\\\/product\\\/pelotas-bullpadel-bp-fip-next-pro\\\/\",\"url\":\"https:\\\/\\\/padelzoco.es\\\/product\\\/pelotas-bullpadel-bp-fip-next-pro\\\/\",\"name\":\"Bote 3 Pelotas Bullpadel BP Fip Next PRO - Padel Zoco\",\"isPartOf\":{\"@id\":\"https:\\\/\\\/padelzoco.es\\\/#website\"},\"primaryImageOfPage\":{\"@id\":\"https:\\\/\\\/padelzoco.es\\\/product\\\/pelotas-bullpadel-bp-fip-next-pro\\\/#primaryimage\"},\"image\":{\"@id\":\"https:\\\/\\\/padelzoco.es\\\/product\\\/pelotas-bullpadel-bp-fip-next-pro\\\/#primaryimage\"},\"thumbnailUrl\":\"https:\\\/\\\/padelzoco.es\\\/wp-content\\\/uploads\\\/2023\\\/12\\\/BullPadel-Next-PRO-Padel-Balls.webp\",\"datePublished\":\"2023-12-01T15:37:46+00:00\",\"dateModified\":\"2026-04-13T18:15:45+00:00\",\"description\":\"Pelotas NEXT PRO en bote de 3, r\u00e1pidas, resistentes y precisas, perfectas para competiciones y torneos de p\u00e1del.\",\"breadcrumb\":{\"@id\":\"https:\\\/\\\/padelzoco.es\\\/product\\\/pelotas-bullpadel-bp-fip-next-pro\\\/#breadcrumb\"},\"inLanguage\":\"en-GB\",\"potentialAction\":[{\"@type\":\"ReadAction\",\"target\":[\"https:\\\/\\\/padelzoco.es\\\/product\\\/pelotas-bullpadel-bp-fip-next-pro\\\/\"]}]},{\"@type\":\"ImageObject\",\"inLanguage\":\"en-GB\",\"@id\":\"https:\\\/\\\/padelzoco.es\\\/product\\\/pelotas-bullpadel-bp-fip-next-pro\\\/#primaryimage\",\"url\":\"https:\\\/\\\/padelzoco.es\\\/wp-content\\\/uploads\\\/2023\\\/12\\\/BullPadel-Next-PRO-Padel-Balls.webp\",\"contentUrl\":\"https:\\\/\\\/padelzoco.es\\\/wp-content\\\/uploads\\\/2023\\\/12\\\/BullPadel-Next-PRO-Padel-Balls.webp\",\"width\":1400,\"height\":1400,\"caption\":\"BullPadel Next PRO Padel Balls\"},{\"@type\":\"BreadcrumbList\",\"@id\":\"https:\\\/\\\/padelzoco.es\\\/product\\\/pelotas-bullpadel-bp-fip-next-pro\\\/#breadcrumb\",\"itemListElement\":[{\"@type\":\"ListItem\",\"position\":1,\"name\":\"Home\",\"item\":\"https:\\\/\\\/padelzoco.es\\\/\"},{\"@type\":\"ListItem\",\"position\":2,\"name\":\"Padel Zoco\",\"item\":\"https:\\\/\\\/padelzoco.es\\\/padel-zoco\\\/\"},{\"@type\":\"ListItem\",\"position\":3,\"name\":\"Bote 3 Pelotas Bullpadel BP Fip Next PRO\"}]},{\"@type\":\"WebSite\",\"@id\":\"https:\\\/\\\/padelzoco.es\\\/#website\",\"url\":\"https:\\\/\\\/padelzoco.es\\\/\",\"name\":\"Padel Zoco\",\"description\":\"Padel Zoco | Spain\",\"publisher\":{\"@id\":\"https:\\\/\\\/padelzoco.es\\\/#organization\"},\"potentialAction\":[{\"@type\":\"SearchAction\",\"target\":{\"@type\":\"EntryPoint\",\"urlTemplate\":\"https:\\\/\\\/padelzoco.es\\\/?s={search_term_string}\"},\"query-input\":{\"@type\":\"PropertyValueSpecification\",\"valueRequired\":true,\"valueName\":\"search_term_string\"}}],\"inLanguage\":\"en-GB\"},{\"@type\":\"Organization\",\"@id\":\"https:\\\/\\\/padelzoco.es\\\/#organization\",\"name\":\"Padel Zoco\",\"url\":\"https:\\\/\\\/padelzoco.es\\\/\",\"logo\":{\"@type\":\"ImageObject\",\"inLanguage\":\"en-GB\",\"@id\":\"https:\\\/\\\/padelzoco.es\\\/#\\\/schema\\\/logo\\\/image\\\/\",\"url\":\"https:\\\/\\\/padelzoco.es\\\/wp-content\\\/uploads\\\/2023\\\/11\\\/PadelZoco_Logo_black_white.webp\",\"contentUrl\":\"https:\\\/\\\/padelzoco.es\\\/wp-content\\\/uploads\\\/2023\\\/11\\\/PadelZoco_Logo_black_white.webp\",\"width\":1500,\"height\":631,\"caption\":\"Padel Zoco\"},\"image\":{\"@id\":\"https:\\\/\\\/padelzoco.es\\\/#\\\/schema\\\/logo\\\/image\\\/\"}}]}<\/script>\n<!-- \/ Yoast SEO plugin. -->","yoast_head_json":{"title":"Bote 3 Pelotas Bullpadel BP Fip Next PRO - Padel Zoco","description":"Pelotas NEXT PRO en bote de 3, r\u00e1pidas, resistentes y precisas, perfectas para competiciones y torneos de p\u00e1del.","robots":{"index":"index","follow":"follow","max-snippet":"max-snippet:-1","max-image-preview":"max-image-preview:large","max-video-preview":"max-video-preview:-1"},"canonical":"https:\/\/padelzoco.es\/en\/product\/pelotas-bullpadel-bp-fip-next-pro\/","og_locale":"en_GB","og_type":"article","og_title":"Bote 3 Pelotas Bullpadel BP Fip Next PRO - Padel Zoco","og_description":"Pelotas NEXT PRO en bote de 3, r\u00e1pidas, resistentes y precisas, perfectas para competiciones y torneos de p\u00e1del.","og_url":"https:\/\/padelzoco.es\/en\/product\/pelotas-bullpadel-bp-fip-next-pro\/","og_site_name":"Padel Zoco","article_modified_time":"2026-04-13T18:15:45+00:00","og_image":[{"width":1400,"height":1400,"url":"https:\/\/padelzoco.es\/wp-content\/uploads\/2023\/12\/BullPadel-Next-PRO-Padel-Balls.webp","type":"image\/webp"}],"twitter_card":"summary_large_image","twitter_misc":{"Estimated reading time":"1 minute"},"schema":{"@context":"https:\/\/schema.org","@graph":[{"@type":"WebPage","@id":"https:\/\/padelzoco.es\/product\/pelotas-bullpadel-bp-fip-next-pro\/","url":"https:\/\/padelzoco.es\/product\/pelotas-bullpadel-bp-fip-next-pro\/","name":"Bote 3 Pelotas Bullpadel BP Fip Next PRO - Padel Zoco","isPartOf":{"@id":"https:\/\/padelzoco.es\/#website"},"primaryImageOfPage":{"@id":"https:\/\/padelzoco.es\/product\/pelotas-bullpadel-bp-fip-next-pro\/#primaryimage"},"image":{"@id":"https:\/\/padelzoco.es\/product\/pelotas-bullpadel-bp-fip-next-pro\/#primaryimage"},"thumbnailUrl":"https:\/\/padelzoco.es\/wp-content\/uploads\/2023\/12\/BullPadel-Next-PRO-Padel-Balls.webp","datePublished":"2023-12-01T15:37:46+00:00","dateModified":"2026-04-13T18:15:45+00:00","description":"Pelotas NEXT PRO en bote de 3, r\u00e1pidas, resistentes y precisas, perfectas para competiciones y torneos de p\u00e1del.","breadcrumb":{"@id":"https:\/\/padelzoco.es\/product\/pelotas-bullpadel-bp-fip-next-pro\/#breadcrumb"},"inLanguage":"en-GB","potentialAction":[{"@type":"ReadAction","target":["https:\/\/padelzoco.es\/product\/pelotas-bullpadel-bp-fip-next-pro\/"]}]},{"@type":"ImageObject","inLanguage":"en-GB","@id":"https:\/\/padelzoco.es\/product\/pelotas-bullpadel-bp-fip-next-pro\/#primaryimage","url":"https:\/\/padelzoco.es\/wp-content\/uploads\/2023\/12\/BullPadel-Next-PRO-Padel-Balls.webp","contentUrl":"https:\/\/padelzoco.es\/wp-content\/uploads\/2023\/12\/BullPadel-Next-PRO-Padel-Balls.webp","width":1400,"height":1400,"caption":"BullPadel Next PRO Padel Balls"},{"@type":"BreadcrumbList","@id":"https:\/\/padelzoco.es\/product\/pelotas-bullpadel-bp-fip-next-pro\/#breadcrumb","itemListElement":[{"@type":"ListItem","position":1,"name":"Home","item":"https:\/\/padelzoco.es\/"},{"@type":"ListItem","position":2,"name":"Padel Zoco","item":"https:\/\/padelzoco.es\/padel-zoco\/"},{"@type":"ListItem","position":3,"name":"Bote 3 Pelotas Bullpadel BP Fip Next PRO"}]},{"@type":"WebSite","@id":"https:\/\/padelzoco.es\/#website","url":"https:\/\/padelzoco.es\/","name":"Padel Zoco","description":"Padel Zoco | Spain","publisher":{"@id":"https:\/\/padelzoco.es\/#organization"},"potentialAction":[{"@type":"SearchAction","target":{"@type":"EntryPoint","urlTemplate":"https:\/\/padelzoco.es\/?s={search_term_string}"},"query-input":{"@type":"PropertyValueSpecification","valueRequired":true,"valueName":"search_term_string"}}],"inLanguage":"en-GB"},{"@type":"Organization","@id":"https:\/\/padelzoco.es\/#organization","name":"Padel Zoco","url":"https:\/\/padelzoco.es\/","logo":{"@type":"ImageObject","inLanguage":"en-GB","@id":"https:\/\/padelzoco.es\/#\/schema\/logo\/image\/","url":"https:\/\/padelzoco.es\/wp-content\/uploads\/2023\/11\/PadelZoco_Logo_black_white.webp","contentUrl":"https:\/\/padelzoco.es\/wp-content\/uploads\/2023\/11\/PadelZoco_Logo_black_white.webp","width":1500,"height":631,"caption":"Padel Zoco"},"image":{"@id":"https:\/\/padelzoco.es\/#\/schema\/logo\/image\/"}}]}},"_links":{"self":[{"href":"https:\/\/padelzoco.es\/en\/wp-json\/wp\/v2\/product\/5222","targetHints":{"allow":["GET"]}}],"collection":[{"href":"https:\/\/padelzoco.es\/en\/wp-json\/wp\/v2\/product"}],"about":[{"href":"https:\/\/padelzoco.es\/en\/wp-json\/wp\/v2\/types\/product"}],"version-history":[{"count":5,"href":"https:\/\/padelzoco.es\/en\/wp-json\/wp\/v2\/product\/5222\/revisions"}],"predecessor-version":[{"id":37826,"href":"https:\/\/padelzoco.es\/en\/wp-json\/wp\/v2\/product\/5222\/revisions\/37826"}],"wp:featuredmedia":[{"embeddable":true,"href":"https:\/\/padelzoco.es\/en\/wp-json\/wp\/v2\/media\/5235"}],"wp:attachment":[{"href":"https:\/\/padelzoco.es\/en\/wp-json\/wp\/v2\/media?parent=5222"}],"wp:term":[{"taxonomy":"product_brand","embeddable":true,"href":"https:\/\/padelzoco.es\/en\/wp-json\/wp\/v2\/product_brand?post=5222"},{"taxonomy":"product_cat","embeddable":true,"href":"https:\/\/padelzoco.es\/en\/wp-json\/wp\/v2\/product_cat?post=5222"},{"taxonomy":"product_tag","embeddable":true,"href":"https:\/\/padelzoco.es\/en\/wp-json\/wp\/v2\/product_tag?post=5222"}],"curies":[{"name":"wp","href":"https:\/\/api.w.org\/{rel}","templated":true}]}}