{"id":5236,"date":"2023-12-01T15:44:41","date_gmt":"2023-12-01T15:44:41","guid":{"rendered":"https:\/\/adc06f55e9.nxcli.io\/?post_type=product&#038;p=5236"},"modified":"2026-04-01T16:11:12","modified_gmt":"2026-04-01T15:11:12","slug":"pelotas-bullpadel-premium-pro","status":"publish","type":"product","link":"https:\/\/padelzoco.es\/en\/product\/pelotas-bullpadel-premium-pro\/","title":{"rendered":"Bote 3 Pelotas Bullpadel Premium PRO"},"content":{"rendered":"<p data-start=\"0\" data-end=\"317\">El bote de 3 pelotas Premium Pro est\u00e1 dise\u00f1ado para jugadores que buscan velocidad y durabilidad en sus partidos. Cada pelota combina un n\u00facleo de caucho de alta densidad con fieltro sint\u00e9tico de m\u00e1xima calidad, ofreciendo una sensaci\u00f3n de golpeo \u00f3ptima y consistente en cada intercambio.<\/p>\n<p data-start=\"319\" data-end=\"592\">Su construcci\u00f3n permite que los partidos sean m\u00e1s \u00e1giles y din\u00e1micos, asegurando que la pelota mantenga su rendimiento durante entrenamientos y competiciones. La Premium Pro es ideal para quienes buscan precisi\u00f3n, control y un juego r\u00e1pido sin comprometer la durabilidad.<\/p>\n<p data-start=\"594\" data-end=\"617\"><strong data-start=\"594\" data-end=\"615\">Specifications:<\/strong><\/p>\n<ul data-start=\"618\" data-end=\"878\">\n<li data-section-id=\"15c8hv4\" data-start=\"618\" data-end=\"650\">\n<p data-start=\"620\" data-end=\"650\">Cantidad: 3 pelotas por bote<\/p>\n<\/li>\n<li data-section-id=\"rp7dw7\" data-start=\"651\" data-end=\"679\">\n<p data-start=\"653\" data-end=\"679\">Tipo: Pelota presurizada<\/p>\n<\/li>\n<li data-section-id=\"2xey2y\" data-start=\"680\" data-end=\"764\">\n<p data-start=\"682\" data-end=\"764\">Caracter\u00edsticas: Alta velocidad, gran durabilidad, excelente sensaci\u00f3n de golpeo<\/p>\n<\/li>\n<li data-section-id=\"xqcbzn\" data-start=\"765\" data-end=\"805\">\n<p data-start=\"767\" data-end=\"805\">Fieltro: Sint\u00e9tico de m\u00e1xima calidad<\/p>\n<\/li>\n<li data-section-id=\"8kobi5\" data-start=\"806\" data-end=\"841\">\n<p data-start=\"808\" data-end=\"841\">N\u00facleo: Caucho de alta densidad<\/p>\n<\/li>\n<li data-section-id=\"cezci7\" data-start=\"842\" data-end=\"878\">\n<p data-start=\"844\" data-end=\"878\">Uso: Entrenamiento y competici\u00f3n<\/p>\n<\/li>\n<\/ul>","protected":false},"excerpt":{"rendered":"<p>Bote de 3 bolas de gran velocidad y durabilidad.<\/p>\n<p>Fabricada con fieltro sint\u00e9tico de m\u00e1xima calidad y n\u00facleo de caucho de alta densidad.<\/p>\n<p>La pelota Premium Pro, es una pelota de m\u00e1xima velocidad para as\u00ed, agilizar los partidos.<\/p>\n<p>Posee una gran durabilidad gracias a su fabricaci\u00f3n en fieltro sint\u00e9tico de m\u00e1xima calidad, y aumenta y garantiza una mejor sensaci\u00f3n de golpeo.<\/p>\n<p>&nbsp;<\/p>","protected":false},"featured_media":16399,"template":"","meta":[],"product_brand":[],"product_cat":[698,621,618],"product_tag":[],"class_list":{"0":"post-5236","1":"product","2":"type-product","3":"status-publish","4":"has-post-thumbnail","6":"product_cat-bullpadel-padel","7":"product_cat-bullpadel-pelotas","8":"product_cat-pelotas","9":"pa_brand-bullpadel","10":"pa_hs_code-87","12":"first","13":"instock","14":"taxable","15":"shipping-taxable","16":"purchasable","17":"product-type-simple"},"yoast_head":"<!-- This site is optimized with the Yoast SEO plugin v27.3 - https:\/\/yoast.com\/product\/yoast-seo-wordpress\/ -->\n<title>Bote 3 Pelotas Bullpadel Premium PRO - Padel Zoco<\/title>\n<meta name=\"description\" content=\"Pelotas Premium Pro en bote de 3, r\u00e1pidas, duraderas y con fieltro sint\u00e9tico de m\u00e1xima calidad para un golpeo consistente y partidos \u00e1giles.\" \/>\n<meta name=\"robots\" content=\"index, follow, max-snippet:-1, max-image-preview:large, max-video-preview:-1\" \/>\n<link rel=\"canonical\" href=\"https:\/\/padelzoco.es\/en\/product\/pelotas-bullpadel-premium-pro\/\" \/>\n<meta property=\"og:locale\" content=\"en_GB\" \/>\n<meta property=\"og:type\" content=\"article\" \/>\n<meta property=\"og:title\" content=\"Bote 3 Pelotas Bullpadel Premium PRO - Padel Zoco\" \/>\n<meta property=\"og:description\" content=\"Pelotas Premium Pro en bote de 3, r\u00e1pidas, duraderas y con fieltro sint\u00e9tico de m\u00e1xima calidad para un golpeo consistente y partidos \u00e1giles.\" \/>\n<meta property=\"og:url\" content=\"https:\/\/padelzoco.es\/en\/product\/pelotas-bullpadel-premium-pro\/\" \/>\n<meta property=\"og:site_name\" content=\"Padel Zoco\" \/>\n<meta property=\"article:modified_time\" content=\"2026-04-01T15:11:12+00:00\" \/>\n<meta property=\"og:image\" content=\"https:\/\/padelzoco.es\/wp-content\/uploads\/2023\/12\/Pelotas-Bullpadel-Premium-PRO-01.webp\" \/>\n\t<meta property=\"og:image:width\" content=\"1400\" \/>\n\t<meta property=\"og:image:height\" content=\"1400\" \/>\n\t<meta property=\"og:image:type\" content=\"image\/webp\" \/>\n<meta name=\"twitter:card\" content=\"summary_large_image\" \/>\n<meta name=\"twitter:label1\" content=\"Estimated reading time\" \/>\n\t<meta name=\"twitter:data1\" content=\"1 minute\" \/>\n<script type=\"application\/ld+json\" class=\"yoast-schema-graph\">{\"@context\":\"https:\\\/\\\/schema.org\",\"@graph\":[{\"@type\":\"WebPage\",\"@id\":\"https:\\\/\\\/padelzoco.es\\\/product\\\/pelotas-bullpadel-premium-pro\\\/\",\"url\":\"https:\\\/\\\/padelzoco.es\\\/product\\\/pelotas-bullpadel-premium-pro\\\/\",\"name\":\"Bote 3 Pelotas Bullpadel Premium PRO - Padel Zoco\",\"isPartOf\":{\"@id\":\"https:\\\/\\\/padelzoco.es\\\/#website\"},\"primaryImageOfPage\":{\"@id\":\"https:\\\/\\\/padelzoco.es\\\/product\\\/pelotas-bullpadel-premium-pro\\\/#primaryimage\"},\"image\":{\"@id\":\"https:\\\/\\\/padelzoco.es\\\/product\\\/pelotas-bullpadel-premium-pro\\\/#primaryimage\"},\"thumbnailUrl\":\"https:\\\/\\\/padelzoco.es\\\/wp-content\\\/uploads\\\/2023\\\/12\\\/Pelotas-Bullpadel-Premium-PRO-01.webp\",\"datePublished\":\"2023-12-01T15:44:41+00:00\",\"dateModified\":\"2026-04-01T15:11:12+00:00\",\"description\":\"Pelotas Premium Pro en bote de 3, r\u00e1pidas, duraderas y con fieltro sint\u00e9tico de m\u00e1xima calidad para un golpeo consistente y partidos \u00e1giles.\",\"breadcrumb\":{\"@id\":\"https:\\\/\\\/padelzoco.es\\\/product\\\/pelotas-bullpadel-premium-pro\\\/#breadcrumb\"},\"inLanguage\":\"en-GB\",\"potentialAction\":[{\"@type\":\"ReadAction\",\"target\":[\"https:\\\/\\\/padelzoco.es\\\/product\\\/pelotas-bullpadel-premium-pro\\\/\"]}]},{\"@type\":\"ImageObject\",\"inLanguage\":\"en-GB\",\"@id\":\"https:\\\/\\\/padelzoco.es\\\/product\\\/pelotas-bullpadel-premium-pro\\\/#primaryimage\",\"url\":\"https:\\\/\\\/padelzoco.es\\\/wp-content\\\/uploads\\\/2023\\\/12\\\/Pelotas-Bullpadel-Premium-PRO-01.webp\",\"contentUrl\":\"https:\\\/\\\/padelzoco.es\\\/wp-content\\\/uploads\\\/2023\\\/12\\\/Pelotas-Bullpadel-Premium-PRO-01.webp\",\"width\":1400,\"height\":1400,\"caption\":\"Pelotas Bullpadel Premium PRO 01\"},{\"@type\":\"BreadcrumbList\",\"@id\":\"https:\\\/\\\/padelzoco.es\\\/product\\\/pelotas-bullpadel-premium-pro\\\/#breadcrumb\",\"itemListElement\":[{\"@type\":\"ListItem\",\"position\":1,\"name\":\"Home\",\"item\":\"https:\\\/\\\/padelzoco.es\\\/\"},{\"@type\":\"ListItem\",\"position\":2,\"name\":\"Padel Zoco\",\"item\":\"https:\\\/\\\/padelzoco.es\\\/padel-zoco\\\/\"},{\"@type\":\"ListItem\",\"position\":3,\"name\":\"Bote 3 Pelotas Bullpadel Premium PRO\"}]},{\"@type\":\"WebSite\",\"@id\":\"https:\\\/\\\/padelzoco.es\\\/#website\",\"url\":\"https:\\\/\\\/padelzoco.es\\\/\",\"name\":\"Padel Zoco\",\"description\":\"Padel Zoco | Spain\",\"publisher\":{\"@id\":\"https:\\\/\\\/padelzoco.es\\\/#organization\"},\"potentialAction\":[{\"@type\":\"SearchAction\",\"target\":{\"@type\":\"EntryPoint\",\"urlTemplate\":\"https:\\\/\\\/padelzoco.es\\\/?s={search_term_string}\"},\"query-input\":{\"@type\":\"PropertyValueSpecification\",\"valueRequired\":true,\"valueName\":\"search_term_string\"}}],\"inLanguage\":\"en-GB\"},{\"@type\":\"Organization\",\"@id\":\"https:\\\/\\\/padelzoco.es\\\/#organization\",\"name\":\"Padel Zoco\",\"url\":\"https:\\\/\\\/padelzoco.es\\\/\",\"logo\":{\"@type\":\"ImageObject\",\"inLanguage\":\"en-GB\",\"@id\":\"https:\\\/\\\/padelzoco.es\\\/#\\\/schema\\\/logo\\\/image\\\/\",\"url\":\"https:\\\/\\\/padelzoco.es\\\/wp-content\\\/uploads\\\/2023\\\/11\\\/PadelZoco_Logo_black_white.webp\",\"contentUrl\":\"https:\\\/\\\/padelzoco.es\\\/wp-content\\\/uploads\\\/2023\\\/11\\\/PadelZoco_Logo_black_white.webp\",\"width\":1500,\"height\":631,\"caption\":\"Padel Zoco\"},\"image\":{\"@id\":\"https:\\\/\\\/padelzoco.es\\\/#\\\/schema\\\/logo\\\/image\\\/\"}}]}<\/script>\n<!-- \/ Yoast SEO plugin. -->","yoast_head_json":{"title":"Bote 3 Pelotas Bullpadel Premium PRO - Padel Zoco","description":"Pelotas Premium Pro en bote de 3, r\u00e1pidas, duraderas y con fieltro sint\u00e9tico de m\u00e1xima calidad para un golpeo consistente y partidos \u00e1giles.","robots":{"index":"index","follow":"follow","max-snippet":"max-snippet:-1","max-image-preview":"max-image-preview:large","max-video-preview":"max-video-preview:-1"},"canonical":"https:\/\/padelzoco.es\/en\/product\/pelotas-bullpadel-premium-pro\/","og_locale":"en_GB","og_type":"article","og_title":"Bote 3 Pelotas Bullpadel Premium PRO - Padel Zoco","og_description":"Pelotas Premium Pro en bote de 3, r\u00e1pidas, duraderas y con fieltro sint\u00e9tico de m\u00e1xima calidad para un golpeo consistente y partidos \u00e1giles.","og_url":"https:\/\/padelzoco.es\/en\/product\/pelotas-bullpadel-premium-pro\/","og_site_name":"Padel Zoco","article_modified_time":"2026-04-01T15:11:12+00:00","og_image":[{"width":1400,"height":1400,"url":"https:\/\/padelzoco.es\/wp-content\/uploads\/2023\/12\/Pelotas-Bullpadel-Premium-PRO-01.webp","type":"image\/webp"}],"twitter_card":"summary_large_image","twitter_misc":{"Estimated reading time":"1 minute"},"schema":{"@context":"https:\/\/schema.org","@graph":[{"@type":"WebPage","@id":"https:\/\/padelzoco.es\/product\/pelotas-bullpadel-premium-pro\/","url":"https:\/\/padelzoco.es\/product\/pelotas-bullpadel-premium-pro\/","name":"Bote 3 Pelotas Bullpadel Premium PRO - Padel Zoco","isPartOf":{"@id":"https:\/\/padelzoco.es\/#website"},"primaryImageOfPage":{"@id":"https:\/\/padelzoco.es\/product\/pelotas-bullpadel-premium-pro\/#primaryimage"},"image":{"@id":"https:\/\/padelzoco.es\/product\/pelotas-bullpadel-premium-pro\/#primaryimage"},"thumbnailUrl":"https:\/\/padelzoco.es\/wp-content\/uploads\/2023\/12\/Pelotas-Bullpadel-Premium-PRO-01.webp","datePublished":"2023-12-01T15:44:41+00:00","dateModified":"2026-04-01T15:11:12+00:00","description":"Pelotas Premium Pro en bote de 3, r\u00e1pidas, duraderas y con fieltro sint\u00e9tico de m\u00e1xima calidad para un golpeo consistente y partidos \u00e1giles.","breadcrumb":{"@id":"https:\/\/padelzoco.es\/product\/pelotas-bullpadel-premium-pro\/#breadcrumb"},"inLanguage":"en-GB","potentialAction":[{"@type":"ReadAction","target":["https:\/\/padelzoco.es\/product\/pelotas-bullpadel-premium-pro\/"]}]},{"@type":"ImageObject","inLanguage":"en-GB","@id":"https:\/\/padelzoco.es\/product\/pelotas-bullpadel-premium-pro\/#primaryimage","url":"https:\/\/padelzoco.es\/wp-content\/uploads\/2023\/12\/Pelotas-Bullpadel-Premium-PRO-01.webp","contentUrl":"https:\/\/padelzoco.es\/wp-content\/uploads\/2023\/12\/Pelotas-Bullpadel-Premium-PRO-01.webp","width":1400,"height":1400,"caption":"Pelotas Bullpadel Premium PRO 01"},{"@type":"BreadcrumbList","@id":"https:\/\/padelzoco.es\/product\/pelotas-bullpadel-premium-pro\/#breadcrumb","itemListElement":[{"@type":"ListItem","position":1,"name":"Home","item":"https:\/\/padelzoco.es\/"},{"@type":"ListItem","position":2,"name":"Padel Zoco","item":"https:\/\/padelzoco.es\/padel-zoco\/"},{"@type":"ListItem","position":3,"name":"Bote 3 Pelotas Bullpadel Premium PRO"}]},{"@type":"WebSite","@id":"https:\/\/padelzoco.es\/#website","url":"https:\/\/padelzoco.es\/","name":"Padel Zoco","description":"Padel Zoco | Spain","publisher":{"@id":"https:\/\/padelzoco.es\/#organization"},"potentialAction":[{"@type":"SearchAction","target":{"@type":"EntryPoint","urlTemplate":"https:\/\/padelzoco.es\/?s={search_term_string}"},"query-input":{"@type":"PropertyValueSpecification","valueRequired":true,"valueName":"search_term_string"}}],"inLanguage":"en-GB"},{"@type":"Organization","@id":"https:\/\/padelzoco.es\/#organization","name":"Padel Zoco","url":"https:\/\/padelzoco.es\/","logo":{"@type":"ImageObject","inLanguage":"en-GB","@id":"https:\/\/padelzoco.es\/#\/schema\/logo\/image\/","url":"https:\/\/padelzoco.es\/wp-content\/uploads\/2023\/11\/PadelZoco_Logo_black_white.webp","contentUrl":"https:\/\/padelzoco.es\/wp-content\/uploads\/2023\/11\/PadelZoco_Logo_black_white.webp","width":1500,"height":631,"caption":"Padel Zoco"},"image":{"@id":"https:\/\/padelzoco.es\/#\/schema\/logo\/image\/"}}]}},"_links":{"self":[{"href":"https:\/\/padelzoco.es\/en\/wp-json\/wp\/v2\/product\/5236","targetHints":{"allow":["GET"]}}],"collection":[{"href":"https:\/\/padelzoco.es\/en\/wp-json\/wp\/v2\/product"}],"about":[{"href":"https:\/\/padelzoco.es\/en\/wp-json\/wp\/v2\/types\/product"}],"version-history":[{"count":6,"href":"https:\/\/padelzoco.es\/en\/wp-json\/wp\/v2\/product\/5236\/revisions"}],"predecessor-version":[{"id":37824,"href":"https:\/\/padelzoco.es\/en\/wp-json\/wp\/v2\/product\/5236\/revisions\/37824"}],"wp:featuredmedia":[{"embeddable":true,"href":"https:\/\/padelzoco.es\/en\/wp-json\/wp\/v2\/media\/16399"}],"wp:attachment":[{"href":"https:\/\/padelzoco.es\/en\/wp-json\/wp\/v2\/media?parent=5236"}],"wp:term":[{"taxonomy":"product_brand","embeddable":true,"href":"https:\/\/padelzoco.es\/en\/wp-json\/wp\/v2\/product_brand?post=5236"},{"taxonomy":"product_cat","embeddable":true,"href":"https:\/\/padelzoco.es\/en\/wp-json\/wp\/v2\/product_cat?post=5236"},{"taxonomy":"product_tag","embeddable":true,"href":"https:\/\/padelzoco.es\/en\/wp-json\/wp\/v2\/product_tag?post=5236"}],"curies":[{"name":"wp","href":"https:\/\/api.w.org\/{rel}","templated":true}]}}