{"id":5323,"date":"2023-12-03T16:15:17","date_gmt":"2023-12-03T16:15:17","guid":{"rendered":"https:\/\/adc06f55e9.nxcli.io\/?post_type=product&#038;p=5323"},"modified":"2026-04-30T18:48:32","modified_gmt":"2026-04-30T17:48:32","slug":"pala-padel-bullpadel-2024-ionic-light","status":"publish","type":"product","link":"https:\/\/padelzoco.es\/en\/product\/pala-padel-bullpadel-2024-ionic-light\/","title":{"rendered":"Pala Padel Bullpadel 2024 Ionic Light"},"content":{"rendered":"<p>La nueva pala de <strong>Bullpadel Ionic Light<\/strong> destaca por su manejabilidad y su eficacia. Tiene forma de <strong>l\u00e1grima<\/strong> con balance medio y cuenta con el nuevo <strong>sistema XForce<\/strong>. Est\u00e1 concebida para jugadores de nivel avanzado que buscan una pala liviana y manejable.<\/p>\n<p>Su n\u00facleo externo est\u00e1 acabado con <strong>Glaphite<\/strong>, un trenzado especial desarrollado por Bullpadel que mezcla fibras el\u00e1sticas de vidrio con otras de carbono para lograr un tacto confortable, pero a la vez lo suficientemente reactivo para quien persigue el juego veloz. El n\u00facleo interno est\u00e1 compuesto de <strong>Multieva,<\/strong> y su marco <strong>CarbonTube<\/strong> de carbono 100%. Incorpora la <strong>superficie rugosa 3D Grain<\/strong> con forma poligonal, que favorece el agarre en el momento del contacto de la bola con la pala, consiguiendo as\u00ed un mayor efecto de la bola.<\/p>\n<p>Weight\u00a0<span class=\"s1\">Approximate<\/span>: 350-360 GRS.<\/p>\n<p>Profile: 38 mm<\/p>\n<p>Balance: Medium<\/p>\n<p>Forma: H\u00edbrida<\/p>\n<p>Outer core: Glaphite<\/p>\n<p>Inner core: Multieva<\/p>\n<p>Player level: Advanced<\/p>\n<p>Potencia\/Control: 85\/85<\/p>\n<p>Technologies:<\/p>\n<p>Multieva \/ Glaphite \/ Ionic \/ XForce \/ Carbon Tube \/ 3D Grain<\/p>","protected":false},"excerpt":{"rendered":"<p>La nueva pala de <strong>Bullpadel Ionic Light<\/strong> destaca por su manejabilidad y su eficacia. Tiene forma de <strong>l\u00e1grima<\/strong> con balance medio y cuenta con el nuevo <strong>sistema XForce<\/strong>. Est\u00e1 concebida para jugadores de nivel avanzado que buscan una pala liviana y manejable.<\/p>\n<p>Su n\u00facleo externo est\u00e1 acabado con <strong>Glaphite<\/strong>, un trenzado especial desarrollado por Bullpadel que mezcla fibras el\u00e1sticas de vidrio con otras de carbono para lograr un tacto confortable, pero a la vez lo suficientemente reactivo para quien persigue el juego veloz. El n\u00facleo interno est\u00e1 compuesto de <strong>Multieva,<\/strong> y su marco <strong>CarbonTube<\/strong> de carbono 100%. Incorpora la <strong>superficie rugosa 3D Grain<\/strong> con forma poligonal, que favorece el agarre en el momento del contacto de la bola con la pala, consiguiendo as\u00ed un mayor efecto de la bola.<\/p>\n<p>Weight\u00a0<span class=\"s1\">Approximate<\/span>: 350-360 GRS.<\/p>\n<p>Profile: 38 mm<\/p>\n<p>Balance: Medium<\/p>\n<p>Forma: H\u00edbrida<\/p>\n<p>Outer core: Glaphite<\/p>\n<p>Inner core: Multieva<\/p>\n<p>Player level: Advanced<\/p>\n<p>Potencia\/Control: 85\/85<\/p>\n<p>Technologies:<\/p>\n<p>Multieva \/ Glaphite \/ Ionic \/ XForce \/ Carbon Tube \/ 3D Grain<\/p>","protected":false},"featured_media":5326,"template":"","meta":[],"product_brand":[],"product_cat":[582,698,575,581,585,590,572,757,754],"product_tag":[],"class_list":{"0":"post-5323","1":"product","2":"type-product","3":"status-publish","4":"has-post-thumbnail","6":"product_cat-avanzado-palas","7":"product_cat-bullpadel-padel","8":"product_cat-bullpadel-palas","9":"product_cat-intermedio-palas","10":"product_cat-lagrima-palas","11":"product_cat-mujer-palas","12":"product_cat-palas","13":"product_cat-palas-ofertas","14":"product_cat-rebajas","15":"pa_brand-bullpadel","16":"pa_gender-hombre","17":"pa_hs_code-134","19":"first","20":"outofstock","21":"sale","22":"taxable","23":"shipping-taxable","24":"purchasable","25":"product-type-simple"},"yoast_head":"<!-- This site is optimized with the Yoast SEO plugin v27.6 - https:\/\/yoast.com\/product\/yoast-seo-wordpress\/ -->\n<title>Pala Padel Bullpadel 2024 Ionic Light - Padel Zoco<\/title>\n<meta name=\"robots\" content=\"index, follow, max-snippet:-1, max-image-preview:large, max-video-preview:-1\" \/>\n<link rel=\"canonical\" href=\"https:\/\/padelzoco.es\/en\/product\/pala-padel-bullpadel-2024-ionic-light\/\" \/>\n<meta property=\"og:locale\" content=\"en_GB\" \/>\n<meta property=\"og:type\" content=\"article\" \/>\n<meta property=\"og:title\" content=\"Pala Padel Bullpadel 2024 Ionic Light - Padel Zoco\" \/>\n<meta property=\"og:description\" content=\"La nueva pala de Bullpadel Ionic Light destaca por su manejabilidad y su eficacia. Tiene forma de l\u00e1grima con balance medio y cuenta con el nuevo sistema XForce. Est\u00e1 concebida para jugadores de nivel avanzado que buscan una pala liviana y manejable.  Su n\u00facleo externo est\u00e1 acabado con Glaphite, un trenzado especial desarrollado por Bullpadel que mezcla fibras el\u00e1sticas de vidrio con otras de carbono para lograr un tacto confortable, pero a la vez lo suficientemente reactivo para quien persigue el juego veloz. El n\u00facleo interno est\u00e1 compuesto de Multieva, y su marco CarbonTube de carbono 100%. Incorpora la superficie rugosa 3D Grain con forma poligonal, que favorece el agarre en el momento del contacto de la bola con la pala, consiguiendo as\u00ed un mayor efecto de la bola.  Peso\u00a0aprox: 350-360 GRS.  Perfil: 38 MM  Balance: Medio  Forma: H\u00edbrida  N\u00facleo exterior: Glaphite  N\u00facleo interior: Multieva  Jugador: Avanzado  Potencia\/Control: 85\/85  Tecnolog\u00edas:  Multieva \/ Glaphite \/ Ionic \/ XForce \/ Carbon Tube \/ 3D Grain\" \/>\n<meta property=\"og:url\" content=\"https:\/\/padelzoco.es\/en\/product\/pala-padel-bullpadel-2024-ionic-light\/\" \/>\n<meta property=\"og:site_name\" content=\"Padel Zoco\" \/>\n<meta property=\"article:modified_time\" content=\"2026-04-30T17:48:32+00:00\" \/>\n<meta property=\"og:image\" content=\"https:\/\/padelzoco.es\/wp-content\/uploads\/2023\/12\/BULLPADEL-Racket-2024-IONIC-LIGHT-Image-3.webp\" \/>\n\t<meta property=\"og:image:width\" content=\"1400\" \/>\n\t<meta property=\"og:image:height\" content=\"1400\" \/>\n\t<meta property=\"og:image:type\" content=\"image\/webp\" \/>\n<meta name=\"twitter:card\" content=\"summary_large_image\" \/>\n<meta name=\"twitter:label1\" content=\"Estimated reading time\" \/>\n\t<meta name=\"twitter:data1\" content=\"1 minute\" \/>\n<script type=\"application\/ld+json\" class=\"yoast-schema-graph\">{\"@context\":\"https:\\\/\\\/schema.org\",\"@graph\":[{\"@type\":\"WebPage\",\"@id\":\"https:\\\/\\\/padelzoco.es\\\/product\\\/pala-padel-bullpadel-2024-ionic-light\\\/\",\"url\":\"https:\\\/\\\/padelzoco.es\\\/product\\\/pala-padel-bullpadel-2024-ionic-light\\\/\",\"name\":\"Pala Padel Bullpadel 2024 Ionic Light - Padel Zoco\",\"isPartOf\":{\"@id\":\"https:\\\/\\\/padelzoco.es\\\/#website\"},\"primaryImageOfPage\":{\"@id\":\"https:\\\/\\\/padelzoco.es\\\/product\\\/pala-padel-bullpadel-2024-ionic-light\\\/#primaryimage\"},\"image\":{\"@id\":\"https:\\\/\\\/padelzoco.es\\\/product\\\/pala-padel-bullpadel-2024-ionic-light\\\/#primaryimage\"},\"thumbnailUrl\":\"https:\\\/\\\/padelzoco.es\\\/wp-content\\\/uploads\\\/2023\\\/12\\\/BULLPADEL-Racket-2024-IONIC-LIGHT-Image-3.webp\",\"datePublished\":\"2023-12-03T16:15:17+00:00\",\"dateModified\":\"2026-04-30T17:48:32+00:00\",\"breadcrumb\":{\"@id\":\"https:\\\/\\\/padelzoco.es\\\/product\\\/pala-padel-bullpadel-2024-ionic-light\\\/#breadcrumb\"},\"inLanguage\":\"en-GB\",\"potentialAction\":[{\"@type\":\"ReadAction\",\"target\":[\"https:\\\/\\\/padelzoco.es\\\/product\\\/pala-padel-bullpadel-2024-ionic-light\\\/\"]}]},{\"@type\":\"ImageObject\",\"inLanguage\":\"en-GB\",\"@id\":\"https:\\\/\\\/padelzoco.es\\\/product\\\/pala-padel-bullpadel-2024-ionic-light\\\/#primaryimage\",\"url\":\"https:\\\/\\\/padelzoco.es\\\/wp-content\\\/uploads\\\/2023\\\/12\\\/BULLPADEL-Racket-2024-IONIC-LIGHT-Image-3.webp\",\"contentUrl\":\"https:\\\/\\\/padelzoco.es\\\/wp-content\\\/uploads\\\/2023\\\/12\\\/BULLPADEL-Racket-2024-IONIC-LIGHT-Image-3.webp\",\"width\":1400,\"height\":1400,\"caption\":\"BULLPADEL Racket 2024 IONIC LIGHT Image 3\"},{\"@type\":\"BreadcrumbList\",\"@id\":\"https:\\\/\\\/padelzoco.es\\\/product\\\/pala-padel-bullpadel-2024-ionic-light\\\/#breadcrumb\",\"itemListElement\":[{\"@type\":\"ListItem\",\"position\":1,\"name\":\"Home\",\"item\":\"https:\\\/\\\/padelzoco.es\\\/\"},{\"@type\":\"ListItem\",\"position\":2,\"name\":\"Padel Zoco\",\"item\":\"https:\\\/\\\/padelzoco.es\\\/padel-zoco\\\/\"},{\"@type\":\"ListItem\",\"position\":3,\"name\":\"Pala Padel Bullpadel 2024 Ionic Light\"}]},{\"@type\":\"WebSite\",\"@id\":\"https:\\\/\\\/padelzoco.es\\\/#website\",\"url\":\"https:\\\/\\\/padelzoco.es\\\/\",\"name\":\"Padel Zoco\",\"description\":\"Padel Zoco | Spain\",\"publisher\":{\"@id\":\"https:\\\/\\\/padelzoco.es\\\/#organization\"},\"potentialAction\":[{\"@type\":\"SearchAction\",\"target\":{\"@type\":\"EntryPoint\",\"urlTemplate\":\"https:\\\/\\\/padelzoco.es\\\/?s={search_term_string}\"},\"query-input\":{\"@type\":\"PropertyValueSpecification\",\"valueRequired\":true,\"valueName\":\"search_term_string\"}}],\"inLanguage\":\"en-GB\"},{\"@type\":\"Organization\",\"@id\":\"https:\\\/\\\/padelzoco.es\\\/#organization\",\"name\":\"Padel Zoco\",\"url\":\"https:\\\/\\\/padelzoco.es\\\/\",\"logo\":{\"@type\":\"ImageObject\",\"inLanguage\":\"en-GB\",\"@id\":\"https:\\\/\\\/padelzoco.es\\\/#\\\/schema\\\/logo\\\/image\\\/\",\"url\":\"https:\\\/\\\/padelzoco.es\\\/wp-content\\\/uploads\\\/2023\\\/11\\\/PadelZoco_Logo_black_white.webp\",\"contentUrl\":\"https:\\\/\\\/padelzoco.es\\\/wp-content\\\/uploads\\\/2023\\\/11\\\/PadelZoco_Logo_black_white.webp\",\"width\":1500,\"height\":631,\"caption\":\"Padel Zoco\"},\"image\":{\"@id\":\"https:\\\/\\\/padelzoco.es\\\/#\\\/schema\\\/logo\\\/image\\\/\"}}]}<\/script>\n<!-- \/ Yoast SEO plugin. -->","yoast_head_json":{"title":"Pala Padel Bullpadel 2024 Ionic Light - Padel Zoco","robots":{"index":"index","follow":"follow","max-snippet":"max-snippet:-1","max-image-preview":"max-image-preview:large","max-video-preview":"max-video-preview:-1"},"canonical":"https:\/\/padelzoco.es\/en\/product\/pala-padel-bullpadel-2024-ionic-light\/","og_locale":"en_GB","og_type":"article","og_title":"Pala Padel Bullpadel 2024 Ionic Light - Padel Zoco","og_description":"La nueva pala de Bullpadel Ionic Light destaca por su manejabilidad y su eficacia. Tiene forma de l\u00e1grima con balance medio y cuenta con el nuevo sistema XForce. Est\u00e1 concebida para jugadores de nivel avanzado que buscan una pala liviana y manejable.  Su n\u00facleo externo est\u00e1 acabado con Glaphite, un trenzado especial desarrollado por Bullpadel que mezcla fibras el\u00e1sticas de vidrio con otras de carbono para lograr un tacto confortable, pero a la vez lo suficientemente reactivo para quien persigue el juego veloz. El n\u00facleo interno est\u00e1 compuesto de Multieva, y su marco CarbonTube de carbono 100%. Incorpora la superficie rugosa 3D Grain con forma poligonal, que favorece el agarre en el momento del contacto de la bola con la pala, consiguiendo as\u00ed un mayor efecto de la bola.  Peso\u00a0aprox: 350-360 GRS.  Perfil: 38 MM  Balance: Medio  Forma: H\u00edbrida  N\u00facleo exterior: Glaphite  N\u00facleo interior: Multieva  Jugador: Avanzado  Potencia\/Control: 85\/85  Tecnolog\u00edas:  Multieva \/ Glaphite \/ Ionic \/ XForce \/ Carbon Tube \/ 3D Grain","og_url":"https:\/\/padelzoco.es\/en\/product\/pala-padel-bullpadel-2024-ionic-light\/","og_site_name":"Padel Zoco","article_modified_time":"2026-04-30T17:48:32+00:00","og_image":[{"width":1400,"height":1400,"url":"https:\/\/padelzoco.es\/wp-content\/uploads\/2023\/12\/BULLPADEL-Racket-2024-IONIC-LIGHT-Image-3.webp","type":"image\/webp"}],"twitter_card":"summary_large_image","twitter_misc":{"Estimated reading time":"1 minute"},"schema":{"@context":"https:\/\/schema.org","@graph":[{"@type":"WebPage","@id":"https:\/\/padelzoco.es\/product\/pala-padel-bullpadel-2024-ionic-light\/","url":"https:\/\/padelzoco.es\/product\/pala-padel-bullpadel-2024-ionic-light\/","name":"Pala Padel Bullpadel 2024 Ionic Light - Padel Zoco","isPartOf":{"@id":"https:\/\/padelzoco.es\/#website"},"primaryImageOfPage":{"@id":"https:\/\/padelzoco.es\/product\/pala-padel-bullpadel-2024-ionic-light\/#primaryimage"},"image":{"@id":"https:\/\/padelzoco.es\/product\/pala-padel-bullpadel-2024-ionic-light\/#primaryimage"},"thumbnailUrl":"https:\/\/padelzoco.es\/wp-content\/uploads\/2023\/12\/BULLPADEL-Racket-2024-IONIC-LIGHT-Image-3.webp","datePublished":"2023-12-03T16:15:17+00:00","dateModified":"2026-04-30T17:48:32+00:00","breadcrumb":{"@id":"https:\/\/padelzoco.es\/product\/pala-padel-bullpadel-2024-ionic-light\/#breadcrumb"},"inLanguage":"en-GB","potentialAction":[{"@type":"ReadAction","target":["https:\/\/padelzoco.es\/product\/pala-padel-bullpadel-2024-ionic-light\/"]}]},{"@type":"ImageObject","inLanguage":"en-GB","@id":"https:\/\/padelzoco.es\/product\/pala-padel-bullpadel-2024-ionic-light\/#primaryimage","url":"https:\/\/padelzoco.es\/wp-content\/uploads\/2023\/12\/BULLPADEL-Racket-2024-IONIC-LIGHT-Image-3.webp","contentUrl":"https:\/\/padelzoco.es\/wp-content\/uploads\/2023\/12\/BULLPADEL-Racket-2024-IONIC-LIGHT-Image-3.webp","width":1400,"height":1400,"caption":"BULLPADEL Racket 2024 IONIC LIGHT Image 3"},{"@type":"BreadcrumbList","@id":"https:\/\/padelzoco.es\/product\/pala-padel-bullpadel-2024-ionic-light\/#breadcrumb","itemListElement":[{"@type":"ListItem","position":1,"name":"Home","item":"https:\/\/padelzoco.es\/"},{"@type":"ListItem","position":2,"name":"Padel Zoco","item":"https:\/\/padelzoco.es\/padel-zoco\/"},{"@type":"ListItem","position":3,"name":"Pala Padel Bullpadel 2024 Ionic Light"}]},{"@type":"WebSite","@id":"https:\/\/padelzoco.es\/#website","url":"https:\/\/padelzoco.es\/","name":"Padel Zoco","description":"Padel Zoco | Spain","publisher":{"@id":"https:\/\/padelzoco.es\/#organization"},"potentialAction":[{"@type":"SearchAction","target":{"@type":"EntryPoint","urlTemplate":"https:\/\/padelzoco.es\/?s={search_term_string}"},"query-input":{"@type":"PropertyValueSpecification","valueRequired":true,"valueName":"search_term_string"}}],"inLanguage":"en-GB"},{"@type":"Organization","@id":"https:\/\/padelzoco.es\/#organization","name":"Padel Zoco","url":"https:\/\/padelzoco.es\/","logo":{"@type":"ImageObject","inLanguage":"en-GB","@id":"https:\/\/padelzoco.es\/#\/schema\/logo\/image\/","url":"https:\/\/padelzoco.es\/wp-content\/uploads\/2023\/11\/PadelZoco_Logo_black_white.webp","contentUrl":"https:\/\/padelzoco.es\/wp-content\/uploads\/2023\/11\/PadelZoco_Logo_black_white.webp","width":1500,"height":631,"caption":"Padel Zoco"},"image":{"@id":"https:\/\/padelzoco.es\/#\/schema\/logo\/image\/"}}]}},"_links":{"self":[{"href":"https:\/\/padelzoco.es\/en\/wp-json\/wp\/v2\/product\/5323","targetHints":{"allow":["GET"]}}],"collection":[{"href":"https:\/\/padelzoco.es\/en\/wp-json\/wp\/v2\/product"}],"about":[{"href":"https:\/\/padelzoco.es\/en\/wp-json\/wp\/v2\/types\/product"}],"version-history":[{"count":1,"href":"https:\/\/padelzoco.es\/en\/wp-json\/wp\/v2\/product\/5323\/revisions"}],"predecessor-version":[{"id":28023,"href":"https:\/\/padelzoco.es\/en\/wp-json\/wp\/v2\/product\/5323\/revisions\/28023"}],"wp:featuredmedia":[{"embeddable":true,"href":"https:\/\/padelzoco.es\/en\/wp-json\/wp\/v2\/media\/5326"}],"wp:attachment":[{"href":"https:\/\/padelzoco.es\/en\/wp-json\/wp\/v2\/media?parent=5323"}],"wp:term":[{"taxonomy":"product_brand","embeddable":true,"href":"https:\/\/padelzoco.es\/en\/wp-json\/wp\/v2\/product_brand?post=5323"},{"taxonomy":"product_cat","embeddable":true,"href":"https:\/\/padelzoco.es\/en\/wp-json\/wp\/v2\/product_cat?post=5323"},{"taxonomy":"product_tag","embeddable":true,"href":"https:\/\/padelzoco.es\/en\/wp-json\/wp\/v2\/product_tag?post=5323"}],"curies":[{"name":"wp","href":"https:\/\/api.w.org\/{rel}","templated":true}]}}