{"id":5356,"date":"2023-12-03T16:31:24","date_gmt":"2023-12-03T16:31:24","guid":{"rendered":"https:\/\/adc06f55e9.nxcli.io\/?post_type=product&#038;p=5356"},"modified":"2026-04-30T18:48:32","modified_gmt":"2026-04-30T17:48:32","slug":"pala-padel-bullpadel-vertex-04-24","status":"publish","type":"product","link":"https:\/\/padelzoco.es\/en\/product\/pala-padel-bullpadel-vertex-04-24\/","title":{"rendered":"Pala Padel Bullpadel Vertex 04 24"},"content":{"rendered":"<p>La nueva<strong> Vertex 04<\/strong> es una pala con forma de diamante, de m\u00e1xima potencia, con superficie rugosa Top Spin. Est\u00e1 concebida para jugadores profesionales o avanzados. Incluye funda.<\/p>\n<p>Incorpora dos conceptos nuevos en el marco, el sistema\u00a0<strong>CURVAKTIV<\/strong>: Su estructura retorcida nos proporciona resistencia adicional a las torsiones. Gracias al giro de sus caras, nos permite introducir una secci\u00f3n en el costado de la pala variable. Conseguimos introducir una secci\u00f3n m\u00e1s peque\u00f1a que la del marco de la vertex03 aumentando la rigidez, pero adem\u00e1s conseguimos que vaya ensanch\u00e1ndose la secci\u00f3n a lo largo de su longitud consiguiendo una transmisi\u00f3n m\u00e1s uniforme de las tensiones por toda la pala. Esta mejor distribuci\u00f3n de las vibraciones y esfuerzos est\u00e1 apoyada tambi\u00e9n en la uni\u00f3n del CURVAKTIV con el AIR POWER. El\u00a0<strong>AIR POWER<\/strong>\u00a0es la evoluci\u00f3n natural del sistema <strong>Air React Channel<\/strong>. Es un canal que generamos a trav\u00e9s de una pieza hueca en el costado inferior de la pala. Esta pieza hueca trabaja mejor que si fuera una pieza maciza ya que al estar formada por menos material es menos propensa a la deformaci\u00f3n, haciendo la estructura m\u00e1s fuerte. El n\u00facleo externo se compone de carbono <strong>Xtend Carbon 12K,<\/strong> su n\u00facleo interno de la nueva goma <strong>MultiEva<\/strong> y su marco <strong>CarbonTube<\/strong> de fibra de carbono 100%. Cuenta con el sistema de placas de peso <strong>CustomWeight<\/strong> permitiendo modificar el balance de la pala en funci\u00f3n de las necesidades de cada jugador. Dispone del sistema <strong>Vibradrive<\/strong> para absorci\u00f3n de vibraciones. Adem\u00e1s, incorpora el grip Hesacore, el cual reduce el esfuerzo, las vibraciones y la probabilidad de lesiones.<\/p>\n<p>Weight <span class=\"s1\">Approximate<\/span>: 365-375 gr<\/p>\n<p>Profile: 38 mm<\/p>\n<p>Balance: High<\/p>\n<p>Shape: Diamond<\/p>\n<p>Comp. exterior: XT-Carbon 12K<\/p>\n<p>Comp. interior: Multieva<\/p>\n<p>Jugador: Adulto experto<\/p>\n<p>Power\/Control: 100\/90<\/p>\n<p>Technologies<strong>:<\/strong><\/p>\n<p>Multieva \/ XT Carbon 12K \/ Vertex \/ Vibradrive \/ Custom Weight \/ Carbon Tube \/ Hesacore \/ Topspin \/\u00a0 Curvaktiv<\/p>","protected":false},"excerpt":{"rendered":"<p>La nueva<strong> Vertex 04<\/strong> es una pala con forma de diamante, de m\u00e1xima potencia, con superficie rugosa Top Spin. Est\u00e1 concebida para jugadores profesionales o avanzados. Incluye funda.<\/p>\n<p>Incorpora dos conceptos nuevos en el marco, el sistema\u00a0<strong>CURVAKTIV<\/strong>: Su estructura retorcida nos proporciona resistencia adicional a las torsiones. Gracias al giro de sus caras, nos permite introducir una secci\u00f3n en el costado de la pala variable. Conseguimos introducir una secci\u00f3n m\u00e1s peque\u00f1a que la del marco de la vertex03 aumentando la rigidez, pero adem\u00e1s conseguimos que vaya ensanch\u00e1ndose la secci\u00f3n a lo largo de su longitud consiguiendo una transmisi\u00f3n m\u00e1s uniforme de las tensiones por toda la pala. Esta mejor distribuci\u00f3n de las vibraciones y esfuerzos est\u00e1 apoyada tambi\u00e9n en la uni\u00f3n del CURVAKTIV con el AIR POWER. El\u00a0<strong>AIR POWER<\/strong>\u00a0es la evoluci\u00f3n natural del sistema <strong>Air React Channel<\/strong>. Es un canal que generamos a trav\u00e9s de una pieza hueca en el costado inferior de la pala. Esta pieza hueca trabaja mejor que si fuera una pieza maciza ya que al estar formada por menos material es menos propensa a la deformaci\u00f3n, haciendo la estructura m\u00e1s fuerte. El n\u00facleo externo se compone de carbono <strong>Xtend Carbon 12K,<\/strong> su n\u00facleo interno de la nueva goma <strong>MultiEva<\/strong> y su marco <strong>CarbonTube<\/strong> de fibra de carbono 100%. Cuenta con el sistema de placas de peso <strong>CustomWeight<\/strong> permitiendo modificar el balance de la pala en funci\u00f3n de las necesidades de cada jugador. Dispone del sistema <strong>Vibradrive<\/strong> para absorci\u00f3n de vibraciones. Adem\u00e1s, incorpora el grip Hesacore, el cual reduce el esfuerzo, las vibraciones y la probabilidad de lesiones.<\/p>\n<p>Weight <span class=\"s1\">Approximate<\/span>: 365-375 gr<\/p>\n<p>Profile: 38 mm<\/p>\n<p>Balance: High<\/p>\n<p>Shape: Diamond<\/p>\n<p>Comp. exterior: XT-Carbon 12K<\/p>\n<p>Comp. interior: Multieva<\/p>\n<p>Jugador: Adulto experto<\/p>\n<p>Power\/Control: 100\/90<\/p>\n<p>Technologies<strong>:<\/strong><\/p>\n<p>Multieva \/ XT Carbon 12K \/ Vertex \/ Vibradrive \/ Custom Weight \/ Carbon Tube \/ Hesacore \/ Topspin \/\u00a0 Curvaktiv<\/p>","protected":false},"featured_media":5357,"template":"","meta":[],"product_brand":[],"product_cat":[582,698,575,584,589,735,572,757,754],"product_tag":[],"class_list":{"0":"post-5356","1":"product","2":"type-product","3":"status-publish","4":"has-post-thumbnail","6":"product_cat-avanzado-palas","7":"product_cat-bullpadel-padel","8":"product_cat-bullpadel-palas","9":"product_cat-diamante-palas","10":"product_cat-hombre-palas","11":"product_cat-juan-tello","12":"product_cat-palas","13":"product_cat-palas-ofertas","14":"product_cat-rebajas","15":"pa_brand-bullpadel","16":"pa_gender-hombre","17":"pa_hs_code-134","19":"first","20":"outofstock","21":"sale","22":"taxable","23":"shipping-taxable","24":"purchasable","25":"product-type-simple"},"yoast_head":"<!-- This site is optimized with the Yoast SEO plugin v27.6 - https:\/\/yoast.com\/product\/yoast-seo-wordpress\/ -->\n<title>Pala Padel Bullpadel Vertex 04 24 - Padel Zoco<\/title>\n<meta name=\"robots\" content=\"index, follow, max-snippet:-1, max-image-preview:large, max-video-preview:-1\" \/>\n<link rel=\"canonical\" href=\"https:\/\/padelzoco.es\/en\/product\/pala-padel-bullpadel-vertex-04-24\/\" \/>\n<meta property=\"og:locale\" content=\"en_GB\" \/>\n<meta property=\"og:type\" content=\"article\" \/>\n<meta property=\"og:title\" content=\"Pala Padel Bullpadel Vertex 04 24 - Padel Zoco\" \/>\n<meta property=\"og:description\" content=\"La nueva Vertex 04 es una pala con forma de diamante, de m\u00e1xima potencia, con superficie rugosa Top Spin. Est\u00e1 concebida para jugadores profesionales o avanzados. Incluye funda.  Incorpora dos conceptos nuevos en el marco, el sistema\u00a0CURVAKTIV: Su estructura retorcida nos proporciona resistencia adicional a las torsiones. Gracias al giro de sus caras, nos permite introducir una secci\u00f3n en el costado de la pala variable. Conseguimos introducir una secci\u00f3n m\u00e1s peque\u00f1a que la del marco de la vertex03 aumentando la rigidez, pero adem\u00e1s conseguimos que vaya ensanch\u00e1ndose la secci\u00f3n a lo largo de su longitud consiguiendo una transmisi\u00f3n m\u00e1s uniforme de las tensiones por toda la pala. Esta mejor distribuci\u00f3n de las vibraciones y esfuerzos est\u00e1 apoyada tambi\u00e9n en la uni\u00f3n del CURVAKTIV con el AIR POWER. El\u00a0AIR POWER\u00a0es la evoluci\u00f3n natural del sistema Air React Channel. Es un canal que generamos a trav\u00e9s de una pieza hueca en el costado inferior de la pala. Esta pieza hueca trabaja mejor que si fuera una pieza maciza ya que al estar formada por menos material es menos propensa a la deformaci\u00f3n, haciendo la estructura m\u00e1s fuerte. El n\u00facleo externo se compone de carbono Xtend Carbon 12K, su n\u00facleo interno de la nueva goma MultiEva y su marco CarbonTube de fibra de carbono 100%. Cuenta con el sistema de placas de peso CustomWeight permitiendo modificar el balance de la pala en funci\u00f3n de las necesidades de cada jugador. Dispone del sistema Vibradrive para absorci\u00f3n de vibraciones. Adem\u00e1s, incorpora el grip Hesacore, el cual reduce el esfuerzo, las vibraciones y la probabilidad de lesiones.  Peso aprox: 365-375 gr  Perfil: 38 mm  Balance: Alto  Forma: Diamante  Comp. exterior: XT-Carbon 12K  Comp. interior: Multieva  Jugador: Adulto experto  Potencia\/Control: 100\/90  Tecnolog\u00edas:  Multieva \/ XT Carbon 12K \/ Vertex \/ Vibradrive \/ Custom Weight \/ Carbon Tube \/ Hesacore \/ Topspin \/\u00a0 Curvaktiv\" \/>\n<meta property=\"og:url\" content=\"https:\/\/padelzoco.es\/en\/product\/pala-padel-bullpadel-vertex-04-24\/\" \/>\n<meta property=\"og:site_name\" content=\"Padel Zoco\" \/>\n<meta property=\"article:modified_time\" content=\"2026-04-30T17:48:32+00:00\" \/>\n<meta property=\"og:image\" content=\"https:\/\/padelzoco.es\/wp-content\/uploads\/2023\/12\/BULLPADEL-VERTEX-04-24-Padel-Racket-Image-1.webp\" \/>\n\t<meta property=\"og:image:width\" content=\"1400\" \/>\n\t<meta property=\"og:image:height\" content=\"1400\" \/>\n\t<meta property=\"og:image:type\" content=\"image\/webp\" \/>\n<meta name=\"twitter:card\" content=\"summary_large_image\" \/>\n<meta name=\"twitter:label1\" content=\"Estimated reading time\" \/>\n\t<meta name=\"twitter:data1\" content=\"2 minutes\" \/>\n<script type=\"application\/ld+json\" class=\"yoast-schema-graph\">{\"@context\":\"https:\\\/\\\/schema.org\",\"@graph\":[{\"@type\":\"WebPage\",\"@id\":\"https:\\\/\\\/padelzoco.es\\\/product\\\/pala-padel-bullpadel-vertex-04-24\\\/\",\"url\":\"https:\\\/\\\/padelzoco.es\\\/product\\\/pala-padel-bullpadel-vertex-04-24\\\/\",\"name\":\"Pala Padel Bullpadel Vertex 04 24 - Padel Zoco\",\"isPartOf\":{\"@id\":\"https:\\\/\\\/padelzoco.es\\\/#website\"},\"primaryImageOfPage\":{\"@id\":\"https:\\\/\\\/padelzoco.es\\\/product\\\/pala-padel-bullpadel-vertex-04-24\\\/#primaryimage\"},\"image\":{\"@id\":\"https:\\\/\\\/padelzoco.es\\\/product\\\/pala-padel-bullpadel-vertex-04-24\\\/#primaryimage\"},\"thumbnailUrl\":\"https:\\\/\\\/padelzoco.es\\\/wp-content\\\/uploads\\\/2023\\\/12\\\/BULLPADEL-VERTEX-04-24-Padel-Racket-Image-1.webp\",\"datePublished\":\"2023-12-03T16:31:24+00:00\",\"dateModified\":\"2026-04-30T17:48:32+00:00\",\"breadcrumb\":{\"@id\":\"https:\\\/\\\/padelzoco.es\\\/product\\\/pala-padel-bullpadel-vertex-04-24\\\/#breadcrumb\"},\"inLanguage\":\"en-GB\",\"potentialAction\":[{\"@type\":\"ReadAction\",\"target\":[\"https:\\\/\\\/padelzoco.es\\\/product\\\/pala-padel-bullpadel-vertex-04-24\\\/\"]}]},{\"@type\":\"ImageObject\",\"inLanguage\":\"en-GB\",\"@id\":\"https:\\\/\\\/padelzoco.es\\\/product\\\/pala-padel-bullpadel-vertex-04-24\\\/#primaryimage\",\"url\":\"https:\\\/\\\/padelzoco.es\\\/wp-content\\\/uploads\\\/2023\\\/12\\\/BULLPADEL-VERTEX-04-24-Padel-Racket-Image-1.webp\",\"contentUrl\":\"https:\\\/\\\/padelzoco.es\\\/wp-content\\\/uploads\\\/2023\\\/12\\\/BULLPADEL-VERTEX-04-24-Padel-Racket-Image-1.webp\",\"width\":1400,\"height\":1400},{\"@type\":\"BreadcrumbList\",\"@id\":\"https:\\\/\\\/padelzoco.es\\\/product\\\/pala-padel-bullpadel-vertex-04-24\\\/#breadcrumb\",\"itemListElement\":[{\"@type\":\"ListItem\",\"position\":1,\"name\":\"Home\",\"item\":\"https:\\\/\\\/padelzoco.es\\\/\"},{\"@type\":\"ListItem\",\"position\":2,\"name\":\"Padel Zoco\",\"item\":\"https:\\\/\\\/padelzoco.es\\\/padel-zoco\\\/\"},{\"@type\":\"ListItem\",\"position\":3,\"name\":\"Pala Padel Bullpadel Vertex 04 24\"}]},{\"@type\":\"WebSite\",\"@id\":\"https:\\\/\\\/padelzoco.es\\\/#website\",\"url\":\"https:\\\/\\\/padelzoco.es\\\/\",\"name\":\"Padel Zoco\",\"description\":\"Padel Zoco | Spain\",\"publisher\":{\"@id\":\"https:\\\/\\\/padelzoco.es\\\/#organization\"},\"potentialAction\":[{\"@type\":\"SearchAction\",\"target\":{\"@type\":\"EntryPoint\",\"urlTemplate\":\"https:\\\/\\\/padelzoco.es\\\/?s={search_term_string}\"},\"query-input\":{\"@type\":\"PropertyValueSpecification\",\"valueRequired\":true,\"valueName\":\"search_term_string\"}}],\"inLanguage\":\"en-GB\"},{\"@type\":\"Organization\",\"@id\":\"https:\\\/\\\/padelzoco.es\\\/#organization\",\"name\":\"Padel Zoco\",\"url\":\"https:\\\/\\\/padelzoco.es\\\/\",\"logo\":{\"@type\":\"ImageObject\",\"inLanguage\":\"en-GB\",\"@id\":\"https:\\\/\\\/padelzoco.es\\\/#\\\/schema\\\/logo\\\/image\\\/\",\"url\":\"https:\\\/\\\/padelzoco.es\\\/wp-content\\\/uploads\\\/2023\\\/11\\\/PadelZoco_Logo_black_white.webp\",\"contentUrl\":\"https:\\\/\\\/padelzoco.es\\\/wp-content\\\/uploads\\\/2023\\\/11\\\/PadelZoco_Logo_black_white.webp\",\"width\":1500,\"height\":631,\"caption\":\"Padel Zoco\"},\"image\":{\"@id\":\"https:\\\/\\\/padelzoco.es\\\/#\\\/schema\\\/logo\\\/image\\\/\"}}]}<\/script>\n<!-- \/ Yoast SEO plugin. -->","yoast_head_json":{"title":"Pala Padel Bullpadel Vertex 04 24 - Padel Zoco","robots":{"index":"index","follow":"follow","max-snippet":"max-snippet:-1","max-image-preview":"max-image-preview:large","max-video-preview":"max-video-preview:-1"},"canonical":"https:\/\/padelzoco.es\/en\/product\/pala-padel-bullpadel-vertex-04-24\/","og_locale":"en_GB","og_type":"article","og_title":"Pala Padel Bullpadel Vertex 04 24 - Padel Zoco","og_description":"La nueva Vertex 04 es una pala con forma de diamante, de m\u00e1xima potencia, con superficie rugosa Top Spin. Est\u00e1 concebida para jugadores profesionales o avanzados. Incluye funda.  Incorpora dos conceptos nuevos en el marco, el sistema\u00a0CURVAKTIV: Su estructura retorcida nos proporciona resistencia adicional a las torsiones. Gracias al giro de sus caras, nos permite introducir una secci\u00f3n en el costado de la pala variable. Conseguimos introducir una secci\u00f3n m\u00e1s peque\u00f1a que la del marco de la vertex03 aumentando la rigidez, pero adem\u00e1s conseguimos que vaya ensanch\u00e1ndose la secci\u00f3n a lo largo de su longitud consiguiendo una transmisi\u00f3n m\u00e1s uniforme de las tensiones por toda la pala. Esta mejor distribuci\u00f3n de las vibraciones y esfuerzos est\u00e1 apoyada tambi\u00e9n en la uni\u00f3n del CURVAKTIV con el AIR POWER. El\u00a0AIR POWER\u00a0es la evoluci\u00f3n natural del sistema Air React Channel. Es un canal que generamos a trav\u00e9s de una pieza hueca en el costado inferior de la pala. Esta pieza hueca trabaja mejor que si fuera una pieza maciza ya que al estar formada por menos material es menos propensa a la deformaci\u00f3n, haciendo la estructura m\u00e1s fuerte. El n\u00facleo externo se compone de carbono Xtend Carbon 12K, su n\u00facleo interno de la nueva goma MultiEva y su marco CarbonTube de fibra de carbono 100%. Cuenta con el sistema de placas de peso CustomWeight permitiendo modificar el balance de la pala en funci\u00f3n de las necesidades de cada jugador. Dispone del sistema Vibradrive para absorci\u00f3n de vibraciones. Adem\u00e1s, incorpora el grip Hesacore, el cual reduce el esfuerzo, las vibraciones y la probabilidad de lesiones.  Peso aprox: 365-375 gr  Perfil: 38 mm  Balance: Alto  Forma: Diamante  Comp. exterior: XT-Carbon 12K  Comp. interior: Multieva  Jugador: Adulto experto  Potencia\/Control: 100\/90  Tecnolog\u00edas:  Multieva \/ XT Carbon 12K \/ Vertex \/ Vibradrive \/ Custom Weight \/ Carbon Tube \/ Hesacore \/ Topspin \/\u00a0 Curvaktiv","og_url":"https:\/\/padelzoco.es\/en\/product\/pala-padel-bullpadel-vertex-04-24\/","og_site_name":"Padel Zoco","article_modified_time":"2026-04-30T17:48:32+00:00","og_image":[{"width":1400,"height":1400,"url":"https:\/\/padelzoco.es\/wp-content\/uploads\/2023\/12\/BULLPADEL-VERTEX-04-24-Padel-Racket-Image-1.webp","type":"image\/webp"}],"twitter_card":"summary_large_image","twitter_misc":{"Estimated reading time":"2 minutes"},"schema":{"@context":"https:\/\/schema.org","@graph":[{"@type":"WebPage","@id":"https:\/\/padelzoco.es\/product\/pala-padel-bullpadel-vertex-04-24\/","url":"https:\/\/padelzoco.es\/product\/pala-padel-bullpadel-vertex-04-24\/","name":"Pala Padel Bullpadel Vertex 04 24 - Padel Zoco","isPartOf":{"@id":"https:\/\/padelzoco.es\/#website"},"primaryImageOfPage":{"@id":"https:\/\/padelzoco.es\/product\/pala-padel-bullpadel-vertex-04-24\/#primaryimage"},"image":{"@id":"https:\/\/padelzoco.es\/product\/pala-padel-bullpadel-vertex-04-24\/#primaryimage"},"thumbnailUrl":"https:\/\/padelzoco.es\/wp-content\/uploads\/2023\/12\/BULLPADEL-VERTEX-04-24-Padel-Racket-Image-1.webp","datePublished":"2023-12-03T16:31:24+00:00","dateModified":"2026-04-30T17:48:32+00:00","breadcrumb":{"@id":"https:\/\/padelzoco.es\/product\/pala-padel-bullpadel-vertex-04-24\/#breadcrumb"},"inLanguage":"en-GB","potentialAction":[{"@type":"ReadAction","target":["https:\/\/padelzoco.es\/product\/pala-padel-bullpadel-vertex-04-24\/"]}]},{"@type":"ImageObject","inLanguage":"en-GB","@id":"https:\/\/padelzoco.es\/product\/pala-padel-bullpadel-vertex-04-24\/#primaryimage","url":"https:\/\/padelzoco.es\/wp-content\/uploads\/2023\/12\/BULLPADEL-VERTEX-04-24-Padel-Racket-Image-1.webp","contentUrl":"https:\/\/padelzoco.es\/wp-content\/uploads\/2023\/12\/BULLPADEL-VERTEX-04-24-Padel-Racket-Image-1.webp","width":1400,"height":1400},{"@type":"BreadcrumbList","@id":"https:\/\/padelzoco.es\/product\/pala-padel-bullpadel-vertex-04-24\/#breadcrumb","itemListElement":[{"@type":"ListItem","position":1,"name":"Home","item":"https:\/\/padelzoco.es\/"},{"@type":"ListItem","position":2,"name":"Padel Zoco","item":"https:\/\/padelzoco.es\/padel-zoco\/"},{"@type":"ListItem","position":3,"name":"Pala Padel Bullpadel Vertex 04 24"}]},{"@type":"WebSite","@id":"https:\/\/padelzoco.es\/#website","url":"https:\/\/padelzoco.es\/","name":"Padel Zoco","description":"Padel Zoco | Spain","publisher":{"@id":"https:\/\/padelzoco.es\/#organization"},"potentialAction":[{"@type":"SearchAction","target":{"@type":"EntryPoint","urlTemplate":"https:\/\/padelzoco.es\/?s={search_term_string}"},"query-input":{"@type":"PropertyValueSpecification","valueRequired":true,"valueName":"search_term_string"}}],"inLanguage":"en-GB"},{"@type":"Organization","@id":"https:\/\/padelzoco.es\/#organization","name":"Padel Zoco","url":"https:\/\/padelzoco.es\/","logo":{"@type":"ImageObject","inLanguage":"en-GB","@id":"https:\/\/padelzoco.es\/#\/schema\/logo\/image\/","url":"https:\/\/padelzoco.es\/wp-content\/uploads\/2023\/11\/PadelZoco_Logo_black_white.webp","contentUrl":"https:\/\/padelzoco.es\/wp-content\/uploads\/2023\/11\/PadelZoco_Logo_black_white.webp","width":1500,"height":631,"caption":"Padel Zoco"},"image":{"@id":"https:\/\/padelzoco.es\/#\/schema\/logo\/image\/"}}]}},"_links":{"self":[{"href":"https:\/\/padelzoco.es\/en\/wp-json\/wp\/v2\/product\/5356","targetHints":{"allow":["GET"]}}],"collection":[{"href":"https:\/\/padelzoco.es\/en\/wp-json\/wp\/v2\/product"}],"about":[{"href":"https:\/\/padelzoco.es\/en\/wp-json\/wp\/v2\/types\/product"}],"version-history":[{"count":1,"href":"https:\/\/padelzoco.es\/en\/wp-json\/wp\/v2\/product\/5356\/revisions"}],"predecessor-version":[{"id":28019,"href":"https:\/\/padelzoco.es\/en\/wp-json\/wp\/v2\/product\/5356\/revisions\/28019"}],"wp:featuredmedia":[{"embeddable":true,"href":"https:\/\/padelzoco.es\/en\/wp-json\/wp\/v2\/media\/5357"}],"wp:attachment":[{"href":"https:\/\/padelzoco.es\/en\/wp-json\/wp\/v2\/media?parent=5356"}],"wp:term":[{"taxonomy":"product_brand","embeddable":true,"href":"https:\/\/padelzoco.es\/en\/wp-json\/wp\/v2\/product_brand?post=5356"},{"taxonomy":"product_cat","embeddable":true,"href":"https:\/\/padelzoco.es\/en\/wp-json\/wp\/v2\/product_cat?post=5356"},{"taxonomy":"product_tag","embeddable":true,"href":"https:\/\/padelzoco.es\/en\/wp-json\/wp\/v2\/product_tag?post=5356"}],"curies":[{"name":"wp","href":"https:\/\/api.w.org\/{rel}","templated":true}]}}