{"id":5388,"date":"2023-12-03T18:03:53","date_gmt":"2023-12-03T18:03:53","guid":{"rendered":"https:\/\/adc06f55e9.nxcli.io\/?post_type=product&#038;p=5388"},"modified":"2026-02-02T09:27:27","modified_gmt":"2026-02-02T08:27:27","slug":"pala-padel-bullpadel-neuron-24","status":"publish","type":"product","link":"https:\/\/padelzoco.es\/en\/product\/pala-padel-bullpadel-neuron-24\/","title":{"rendered":"Pala Padel Bullpadel Neuron 24"},"content":{"rendered":"<p>La nueva <strong>Neuron<\/strong> es una pala con forma h\u00edbrida, con gran facilidad para acelerar la bola. Est\u00e1 concebida para jugadores profesionales o avanzados.<\/p>\n<p>Incorpora dos conceptos nuevos en el marco, el coraz\u00f3n Neuron, con un puente transversal que confiere estabilidad para evitar las torsiones. Por otro lado, el <strong>perfil lateral Wave<\/strong>, que consiste en un marco con estructura en forma de ondas que disipa las vibraciones y reduce la flexi\u00f3n de la pala a la hora del golpe. F\u00e1cil aceleraci\u00f3n con menor esfuerzo. El n\u00facleo externo se compone de carbono <strong>Xtend<\/strong> <strong>Carbon 3K<\/strong>, su n\u00facleo interno de la nueva<strong> goma MultiEva<\/strong> y el <strong>marco CarbonTube de fibra de carbono 100%<\/strong>. Dispone del sistema <strong>Vibradrive<\/strong> para absorci\u00f3n de vibraciones. Adem\u00e1s, incorpora el <strong>grip Hesacore<\/strong>, el cual reduce el esfuerzo, las vibraciones y la probabilidad de lesiones.<\/p>\n<p>Peso: 365-375 grs.<\/p>\n<p>Perfil: 38mm.<\/p>\n<p>Balance: Medio.<\/p>\n<p>Forma: H\u00edbrida.<\/p>\n<p>Comp. exterior: Xted Carbon 3K.<\/p>\n<p>Comp. interior: Multieva<\/p>\n<p>Jugador: Adulto experto.<\/p>\n<p>Power\/Control: 95\/95<\/p>\n<p>Tecnolog\u00eda: Multieva \/ Vibradrive \/ Carbontube \/ Wave System \/\u00a0Xted Carbon 3K \/ Aero Channel\/ Smart Holes \/\u00a0Neuron Bridge<\/p>\n<p>&nbsp;<\/p>","protected":false},"excerpt":{"rendered":"<p>La nueva <strong>Neuron<\/strong> es una pala con forma h\u00edbrida, con gran facilidad para acelerar la bola. Est\u00e1 concebida para jugadores profesionales o avanzados.<\/p>\n<p>Incorpora dos conceptos nuevos en el marco, el coraz\u00f3n Neuron, con un puente transversal que confiere estabilidad para evitar las torsiones. Por otro lado, el <strong>perfil lateral Wave<\/strong>, que consiste en un marco con estructura en forma de ondas que disipa las vibraciones y reduce la flexi\u00f3n de la pala a la hora del golpe. F\u00e1cil aceleraci\u00f3n con menor esfuerzo. El n\u00facleo externo se compone de carbono <strong>Xtend<\/strong> <strong>Carbon 3K<\/strong>, su n\u00facleo interno de la nueva<strong> goma MultiEva<\/strong> y el <strong>marco CarbonTube de fibra de carbono 100%<\/strong>. Dispone del sistema <strong>Vibradrive<\/strong> para absorci\u00f3n de vibraciones. Adem\u00e1s, incorpora el <strong>grip Hesacore<\/strong>, el cual reduce el esfuerzo, las vibraciones y la probabilidad de lesiones.<\/p>\n<p>Peso: 365-375 grs.<\/p>\n<p>Perfil: 38mm.<\/p>\n<p>Balance: Medio.<\/p>\n<p>Forma: H\u00edbrida.<\/p>\n<p>Comp. exterior: Xted Carbon 3K.<\/p>\n<p>Comp. interior: Multieva<\/p>\n<p>Jugador: Adulto experto.<\/p>\n<p>Power\/Control: 95\/95<\/p>\n<p>Tecnolog\u00eda: Multieva \/ Vibradrive \/ Carbontube \/ Wave System \/\u00a0Xted Carbon 3K \/ Aero Channel\/ Smart Holes \/\u00a0Neuron Bridge<\/p>\n<p>&nbsp;<\/p>","protected":false},"featured_media":5393,"template":"","meta":[],"product_brand":[],"product_cat":[582,698,575,704,587,589,572,757,754],"product_tag":[],"class_list":{"0":"post-5388","1":"product","2":"type-product","3":"status-publish","4":"has-post-thumbnail","6":"product_cat-avanzado-palas","7":"product_cat-bullpadel-padel","8":"product_cat-bullpadel-palas","9":"product_cat-federico-chingotto","10":"product_cat-hibrida-palas","11":"product_cat-hombre-palas","12":"product_cat-palas","13":"product_cat-palas-ofertas","14":"product_cat-rebajas","15":"pa_brand-bullpadel","16":"pa_gender-unisexo","17":"pa_hs_code-134","19":"first","20":"outofstock","21":"sale","22":"taxable","23":"shipping-taxable","24":"purchasable","25":"product-type-simple"},"yoast_head":"<!-- This site is optimized with the Yoast SEO plugin v27.4 - https:\/\/yoast.com\/product\/yoast-seo-wordpress\/ -->\n<title>Pala Padel Bullpadel Neuron 24 - Padel Zoco<\/title>\n<meta name=\"description\" content=\"The new Bullpadel ELITE, the racket of Gemma Triay. A new teardrop-shaped form helps to develop the full potential of Gemma\u2019s attacking game, Padel Shop.\" \/>\n<meta name=\"robots\" content=\"index, follow, max-snippet:-1, max-image-preview:large, max-video-preview:-1\" \/>\n<link rel=\"canonical\" href=\"https:\/\/padelzoco.es\/en\/product\/pala-padel-bullpadel-neuron-24\/\" \/>\n<meta property=\"og:locale\" content=\"en_GB\" \/>\n<meta property=\"og:type\" content=\"article\" \/>\n<meta property=\"og:title\" content=\"Pala Padel Bullpadel Neuron 24 - Padel Zoco\" \/>\n<meta property=\"og:description\" content=\"The new Bullpadel ELITE, the racket of Gemma Triay. A new teardrop-shaped form helps to develop the full potential of Gemma\u2019s attacking game, Padel Shop.\" \/>\n<meta property=\"og:url\" content=\"https:\/\/padelzoco.es\/en\/product\/pala-padel-bullpadel-neuron-24\/\" \/>\n<meta property=\"og:site_name\" content=\"Padel Zoco\" \/>\n<meta property=\"article:modified_time\" content=\"2026-02-02T08:27:27+00:00\" \/>\n<meta property=\"og:image\" content=\"https:\/\/padelzoco.es\/wp-content\/uploads\/2023\/12\/BULLPADEL-NEURON-24-Padel-Racket-Image-5.webp\" \/>\n\t<meta property=\"og:image:width\" content=\"1400\" \/>\n\t<meta property=\"og:image:height\" content=\"1400\" \/>\n\t<meta property=\"og:image:type\" content=\"image\/webp\" \/>\n<meta name=\"twitter:card\" content=\"summary_large_image\" \/>\n<meta name=\"twitter:label1\" content=\"Estimated reading time\" \/>\n\t<meta name=\"twitter:data1\" content=\"1 minute\" \/>\n<script type=\"application\/ld+json\" class=\"yoast-schema-graph\">{\"@context\":\"https:\\\/\\\/schema.org\",\"@graph\":[{\"@type\":\"WebPage\",\"@id\":\"https:\\\/\\\/padelzoco.es\\\/product\\\/pala-padel-bullpadel-neuron-24\\\/\",\"url\":\"https:\\\/\\\/padelzoco.es\\\/product\\\/pala-padel-bullpadel-neuron-24\\\/\",\"name\":\"Pala Padel Bullpadel Neuron 24 - Padel Zoco\",\"isPartOf\":{\"@id\":\"https:\\\/\\\/padelzoco.es\\\/#website\"},\"primaryImageOfPage\":{\"@id\":\"https:\\\/\\\/padelzoco.es\\\/product\\\/pala-padel-bullpadel-neuron-24\\\/#primaryimage\"},\"image\":{\"@id\":\"https:\\\/\\\/padelzoco.es\\\/product\\\/pala-padel-bullpadel-neuron-24\\\/#primaryimage\"},\"thumbnailUrl\":\"https:\\\/\\\/padelzoco.es\\\/wp-content\\\/uploads\\\/2023\\\/12\\\/BULLPADEL-NEURON-24-Padel-Racket-Image-5.webp\",\"datePublished\":\"2023-12-03T18:03:53+00:00\",\"dateModified\":\"2026-02-02T08:27:27+00:00\",\"description\":\"The new Bullpadel ELITE, the racket of Gemma Triay. A new teardrop-shaped form helps to develop the full potential of Gemma\u2019s attacking game, Padel Shop.\",\"breadcrumb\":{\"@id\":\"https:\\\/\\\/padelzoco.es\\\/product\\\/pala-padel-bullpadel-neuron-24\\\/#breadcrumb\"},\"inLanguage\":\"en-GB\",\"potentialAction\":[{\"@type\":\"ReadAction\",\"target\":[\"https:\\\/\\\/padelzoco.es\\\/product\\\/pala-padel-bullpadel-neuron-24\\\/\"]}]},{\"@type\":\"ImageObject\",\"inLanguage\":\"en-GB\",\"@id\":\"https:\\\/\\\/padelzoco.es\\\/product\\\/pala-padel-bullpadel-neuron-24\\\/#primaryimage\",\"url\":\"https:\\\/\\\/padelzoco.es\\\/wp-content\\\/uploads\\\/2023\\\/12\\\/BULLPADEL-NEURON-24-Padel-Racket-Image-5.webp\",\"contentUrl\":\"https:\\\/\\\/padelzoco.es\\\/wp-content\\\/uploads\\\/2023\\\/12\\\/BULLPADEL-NEURON-24-Padel-Racket-Image-5.webp\",\"width\":1400,\"height\":1400},{\"@type\":\"BreadcrumbList\",\"@id\":\"https:\\\/\\\/padelzoco.es\\\/product\\\/pala-padel-bullpadel-neuron-24\\\/#breadcrumb\",\"itemListElement\":[{\"@type\":\"ListItem\",\"position\":1,\"name\":\"Home\",\"item\":\"https:\\\/\\\/padelzoco.es\\\/\"},{\"@type\":\"ListItem\",\"position\":2,\"name\":\"Padel Zoco\",\"item\":\"https:\\\/\\\/padelzoco.es\\\/padel-zoco\\\/\"},{\"@type\":\"ListItem\",\"position\":3,\"name\":\"Pala Padel Bullpadel Neuron 24\"}]},{\"@type\":\"WebSite\",\"@id\":\"https:\\\/\\\/padelzoco.es\\\/#website\",\"url\":\"https:\\\/\\\/padelzoco.es\\\/\",\"name\":\"Padel Zoco\",\"description\":\"Padel Zoco | Spain\",\"publisher\":{\"@id\":\"https:\\\/\\\/padelzoco.es\\\/#organization\"},\"potentialAction\":[{\"@type\":\"SearchAction\",\"target\":{\"@type\":\"EntryPoint\",\"urlTemplate\":\"https:\\\/\\\/padelzoco.es\\\/?s={search_term_string}\"},\"query-input\":{\"@type\":\"PropertyValueSpecification\",\"valueRequired\":true,\"valueName\":\"search_term_string\"}}],\"inLanguage\":\"en-GB\"},{\"@type\":\"Organization\",\"@id\":\"https:\\\/\\\/padelzoco.es\\\/#organization\",\"name\":\"Padel Zoco\",\"url\":\"https:\\\/\\\/padelzoco.es\\\/\",\"logo\":{\"@type\":\"ImageObject\",\"inLanguage\":\"en-GB\",\"@id\":\"https:\\\/\\\/padelzoco.es\\\/#\\\/schema\\\/logo\\\/image\\\/\",\"url\":\"https:\\\/\\\/padelzoco.es\\\/wp-content\\\/uploads\\\/2023\\\/11\\\/PadelZoco_Logo_black_white.webp\",\"contentUrl\":\"https:\\\/\\\/padelzoco.es\\\/wp-content\\\/uploads\\\/2023\\\/11\\\/PadelZoco_Logo_black_white.webp\",\"width\":1500,\"height\":631,\"caption\":\"Padel Zoco\"},\"image\":{\"@id\":\"https:\\\/\\\/padelzoco.es\\\/#\\\/schema\\\/logo\\\/image\\\/\"}}]}<\/script>\n<!-- \/ Yoast SEO plugin. -->","yoast_head_json":{"title":"Pala Padel Bullpadel Neuron 24 - Padel Zoco","description":"The new Bullpadel ELITE, the racket of Gemma Triay. A new teardrop-shaped form helps to develop the full potential of Gemma\u2019s attacking game, Padel Shop.","robots":{"index":"index","follow":"follow","max-snippet":"max-snippet:-1","max-image-preview":"max-image-preview:large","max-video-preview":"max-video-preview:-1"},"canonical":"https:\/\/padelzoco.es\/en\/product\/pala-padel-bullpadel-neuron-24\/","og_locale":"en_GB","og_type":"article","og_title":"Pala Padel Bullpadel Neuron 24 - Padel Zoco","og_description":"The new Bullpadel ELITE, the racket of Gemma Triay. A new teardrop-shaped form helps to develop the full potential of Gemma\u2019s attacking game, Padel Shop.","og_url":"https:\/\/padelzoco.es\/en\/product\/pala-padel-bullpadel-neuron-24\/","og_site_name":"Padel Zoco","article_modified_time":"2026-02-02T08:27:27+00:00","og_image":[{"width":1400,"height":1400,"url":"https:\/\/padelzoco.es\/wp-content\/uploads\/2023\/12\/BULLPADEL-NEURON-24-Padel-Racket-Image-5.webp","type":"image\/webp"}],"twitter_card":"summary_large_image","twitter_misc":{"Estimated reading time":"1 minute"},"schema":{"@context":"https:\/\/schema.org","@graph":[{"@type":"WebPage","@id":"https:\/\/padelzoco.es\/product\/pala-padel-bullpadel-neuron-24\/","url":"https:\/\/padelzoco.es\/product\/pala-padel-bullpadel-neuron-24\/","name":"Pala Padel Bullpadel Neuron 24 - Padel Zoco","isPartOf":{"@id":"https:\/\/padelzoco.es\/#website"},"primaryImageOfPage":{"@id":"https:\/\/padelzoco.es\/product\/pala-padel-bullpadel-neuron-24\/#primaryimage"},"image":{"@id":"https:\/\/padelzoco.es\/product\/pala-padel-bullpadel-neuron-24\/#primaryimage"},"thumbnailUrl":"https:\/\/padelzoco.es\/wp-content\/uploads\/2023\/12\/BULLPADEL-NEURON-24-Padel-Racket-Image-5.webp","datePublished":"2023-12-03T18:03:53+00:00","dateModified":"2026-02-02T08:27:27+00:00","description":"The new Bullpadel ELITE, the racket of Gemma Triay. A new teardrop-shaped form helps to develop the full potential of Gemma\u2019s attacking game, Padel Shop.","breadcrumb":{"@id":"https:\/\/padelzoco.es\/product\/pala-padel-bullpadel-neuron-24\/#breadcrumb"},"inLanguage":"en-GB","potentialAction":[{"@type":"ReadAction","target":["https:\/\/padelzoco.es\/product\/pala-padel-bullpadel-neuron-24\/"]}]},{"@type":"ImageObject","inLanguage":"en-GB","@id":"https:\/\/padelzoco.es\/product\/pala-padel-bullpadel-neuron-24\/#primaryimage","url":"https:\/\/padelzoco.es\/wp-content\/uploads\/2023\/12\/BULLPADEL-NEURON-24-Padel-Racket-Image-5.webp","contentUrl":"https:\/\/padelzoco.es\/wp-content\/uploads\/2023\/12\/BULLPADEL-NEURON-24-Padel-Racket-Image-5.webp","width":1400,"height":1400},{"@type":"BreadcrumbList","@id":"https:\/\/padelzoco.es\/product\/pala-padel-bullpadel-neuron-24\/#breadcrumb","itemListElement":[{"@type":"ListItem","position":1,"name":"Home","item":"https:\/\/padelzoco.es\/"},{"@type":"ListItem","position":2,"name":"Padel Zoco","item":"https:\/\/padelzoco.es\/padel-zoco\/"},{"@type":"ListItem","position":3,"name":"Pala Padel Bullpadel Neuron 24"}]},{"@type":"WebSite","@id":"https:\/\/padelzoco.es\/#website","url":"https:\/\/padelzoco.es\/","name":"Padel Zoco","description":"Padel Zoco | Spain","publisher":{"@id":"https:\/\/padelzoco.es\/#organization"},"potentialAction":[{"@type":"SearchAction","target":{"@type":"EntryPoint","urlTemplate":"https:\/\/padelzoco.es\/?s={search_term_string}"},"query-input":{"@type":"PropertyValueSpecification","valueRequired":true,"valueName":"search_term_string"}}],"inLanguage":"en-GB"},{"@type":"Organization","@id":"https:\/\/padelzoco.es\/#organization","name":"Padel Zoco","url":"https:\/\/padelzoco.es\/","logo":{"@type":"ImageObject","inLanguage":"en-GB","@id":"https:\/\/padelzoco.es\/#\/schema\/logo\/image\/","url":"https:\/\/padelzoco.es\/wp-content\/uploads\/2023\/11\/PadelZoco_Logo_black_white.webp","contentUrl":"https:\/\/padelzoco.es\/wp-content\/uploads\/2023\/11\/PadelZoco_Logo_black_white.webp","width":1500,"height":631,"caption":"Padel Zoco"},"image":{"@id":"https:\/\/padelzoco.es\/#\/schema\/logo\/image\/"}}]}},"_links":{"self":[{"href":"https:\/\/padelzoco.es\/en\/wp-json\/wp\/v2\/product\/5388","targetHints":{"allow":["GET"]}}],"collection":[{"href":"https:\/\/padelzoco.es\/en\/wp-json\/wp\/v2\/product"}],"about":[{"href":"https:\/\/padelzoco.es\/en\/wp-json\/wp\/v2\/types\/product"}],"version-history":[{"count":1,"href":"https:\/\/padelzoco.es\/en\/wp-json\/wp\/v2\/product\/5388\/revisions"}],"predecessor-version":[{"id":28015,"href":"https:\/\/padelzoco.es\/en\/wp-json\/wp\/v2\/product\/5388\/revisions\/28015"}],"wp:featuredmedia":[{"embeddable":true,"href":"https:\/\/padelzoco.es\/en\/wp-json\/wp\/v2\/media\/5393"}],"wp:attachment":[{"href":"https:\/\/padelzoco.es\/en\/wp-json\/wp\/v2\/media?parent=5388"}],"wp:term":[{"taxonomy":"product_brand","embeddable":true,"href":"https:\/\/padelzoco.es\/en\/wp-json\/wp\/v2\/product_brand?post=5388"},{"taxonomy":"product_cat","embeddable":true,"href":"https:\/\/padelzoco.es\/en\/wp-json\/wp\/v2\/product_cat?post=5388"},{"taxonomy":"product_tag","embeddable":true,"href":"https:\/\/padelzoco.es\/en\/wp-json\/wp\/v2\/product_tag?post=5388"}],"curies":[{"name":"wp","href":"https:\/\/api.w.org\/{rel}","templated":true}]}}