{"id":5397,"date":"2023-12-03T18:43:50","date_gmt":"2023-12-03T18:43:50","guid":{"rendered":"https:\/\/adc06f55e9.nxcli.io\/?post_type=product&#038;p=5397"},"modified":"2026-04-08T18:12:01","modified_gmt":"2026-04-08T17:12:01","slug":"pelotas-wilson-padel-x3","status":"publish","type":"product","link":"https:\/\/padelzoco.es\/en\/product\/pelotas-wilson-padel-x3\/","title":{"rendered":"Pelotas Wilson Padel X3"},"content":{"rendered":"<p data-start=\"0\" data-end=\"334\">La pelota de p\u00e1del X3 de Wilson est\u00e1 dise\u00f1ada para mantener un rendimiento constante incluso tras entrenamientos o partidos largos y exigentes. Su combinaci\u00f3n de durabilidad, jugabilidad y consistencia la convierte en una opci\u00f3n confiable para todo tipo de jugadores y para todas las superficies de p\u00e1del.<\/p>\n<p data-start=\"336\" data-end=\"668\">El fieltro Dura-Weave, firmemente envuelto alrededor del n\u00facleo, permite que la pelota se desplace con rapidez y fluidez, incluso en condiciones de juego m\u00e1s lentas. Cada tubo incluye tres pelotas y su embalaje ha sido optimizado para reducir el desperdicio de pl\u00e1stico a la mitad, demostrando un compromiso con el medio ambiente.<\/p>\n<p data-start=\"670\" data-end=\"693\"><strong data-start=\"670\" data-end=\"691\">Specifications:<\/strong><\/p>\n<ul data-start=\"694\" data-end=\"1003\">\n<li data-section-id=\"cdkvvd\" data-start=\"694\" data-end=\"708\">\n<p data-start=\"696\" data-end=\"708\">Modelo: X3<\/p>\n<\/li>\n<li data-section-id=\"19955r4\" data-start=\"709\" data-end=\"741\">\n<p data-start=\"711\" data-end=\"741\">Cantidad: 3 pelotas por tubo<\/p>\n<\/li>\n<li data-section-id=\"rp7dw7\" data-start=\"742\" data-end=\"770\">\n<p data-start=\"744\" data-end=\"770\">Tipo: Pelota presurizada<\/p>\n<\/li>\n<li data-section-id=\"1tzxigu\" data-start=\"771\" data-end=\"822\">\n<p data-start=\"773\" data-end=\"822\">Caracter\u00edsticas: Consistente, duradera y r\u00e1pida<\/p>\n<\/li>\n<li data-section-id=\"czbi0a\" data-start=\"823\" data-end=\"877\">\n<p data-start=\"825\" data-end=\"877\">Fieltro: Dura-Weave para mejor velocidad y control<\/p>\n<\/li>\n<li data-section-id=\"cezci7\" data-start=\"878\" data-end=\"914\">\n<p data-start=\"880\" data-end=\"914\">Uso: Entrenamiento y competici\u00f3n<\/p>\n<\/li>\n<li data-section-id=\"4thhf5\" data-start=\"915\" data-end=\"956\">\n<p data-start=\"917\" data-end=\"956\">Superficie: Todas las pistas de p\u00e1del<\/p>\n<\/li>\n<li data-section-id=\"wfbqid\" data-start=\"957\" data-end=\"1003\">\n<p data-start=\"959\" data-end=\"1003\">Embalaje: Reducci\u00f3n de pl\u00e1stico en la tapa<\/p>\n<\/li>\n<\/ul>","protected":false},"excerpt":{"rendered":"<p>Ya no te tendr\u00e1s que preocupar m\u00e1s por que una pelota de p\u00e1del mantenga su rendimiento despu\u00e9s de entrenamientos o partidos largos y agotadores gracias a la pelota de p\u00e1del X3 de Wilson. La X3 est\u00e1 dise\u00f1ada con la combinaci\u00f3n perfecta de consistencia, durabilidad y jugabilidad, y es adecuado para su uso en todas las superficies de p\u00e1del. El fieltro Dura-Weave est\u00e1 firmemente envuelto alrededor del n\u00facleo, lo que permite que la pelota se mueva m\u00e1s r\u00e1pido incluso en condiciones lentas. El embalaje hace un gui\u00f1o amistoso al medio ambiente al reducir a la mitad el desperdicio de pl\u00e1stico de la tapa. El tubo incluye tres pelotas.<\/p>\n<p>&nbsp;<\/p>\n<p>&nbsp;<\/p>","protected":false},"featured_media":5399,"template":"","meta":[],"product_brand":[],"product_cat":[618,699,622],"product_tag":[],"class_list":{"0":"post-5397","1":"product","2":"type-product","3":"status-publish","4":"has-post-thumbnail","6":"product_cat-pelotas","7":"product_cat-wilson-padel","8":"product_cat-wilson-pelotas","9":"pa_brand-wilson","10":"pa_hs_code-87","12":"first","13":"instock","14":"sale","15":"taxable","16":"shipping-taxable","17":"purchasable","18":"product-type-simple"},"yoast_head":"<!-- This site is optimized with the Yoast SEO plugin v27.3 - https:\/\/yoast.com\/product\/yoast-seo-wordpress\/ -->\n<title>Pelotas Wilson Padel X3 - Padel Zoco<\/title>\n<meta name=\"description\" content=\"Pelotas X3 de Wilson en bote de 3, consistentes, duraderas y r\u00e1pidas, con fieltro Dura-Weave y embalaje ecol\u00f3gico para entrenamientos y competici\u00f3n.\" \/>\n<meta name=\"robots\" content=\"index, follow, max-snippet:-1, max-image-preview:large, max-video-preview:-1\" \/>\n<link rel=\"canonical\" href=\"https:\/\/padelzoco.es\/en\/product\/pelotas-wilson-padel-x3\/\" \/>\n<meta property=\"og:locale\" content=\"en_GB\" \/>\n<meta property=\"og:type\" content=\"article\" \/>\n<meta property=\"og:title\" content=\"Pelotas Wilson Padel X3 - Padel Zoco\" \/>\n<meta property=\"og:description\" content=\"Pelotas X3 de Wilson en bote de 3, consistentes, duraderas y r\u00e1pidas, con fieltro Dura-Weave y embalaje ecol\u00f3gico para entrenamientos y competici\u00f3n.\" \/>\n<meta property=\"og:url\" content=\"https:\/\/padelzoco.es\/en\/product\/pelotas-wilson-padel-x3\/\" \/>\n<meta property=\"og:site_name\" content=\"Padel Zoco\" \/>\n<meta property=\"article:modified_time\" content=\"2026-04-08T17:12:01+00:00\" \/>\n<meta property=\"og:image\" content=\"https:\/\/padelzoco.es\/wp-content\/uploads\/2023\/12\/Wilson-Padel-Balls-X3-Can-of-3-Image-2.webp\" \/>\n\t<meta property=\"og:image:width\" content=\"1400\" \/>\n\t<meta property=\"og:image:height\" content=\"1400\" \/>\n\t<meta property=\"og:image:type\" content=\"image\/webp\" \/>\n<meta name=\"twitter:card\" content=\"summary_large_image\" \/>\n<meta name=\"twitter:label1\" content=\"Estimated reading time\" \/>\n\t<meta name=\"twitter:data1\" content=\"1 minute\" \/>\n<script type=\"application\/ld+json\" class=\"yoast-schema-graph\">{\"@context\":\"https:\\\/\\\/schema.org\",\"@graph\":[{\"@type\":\"WebPage\",\"@id\":\"https:\\\/\\\/padelzoco.es\\\/product\\\/pelotas-wilson-padel-x3\\\/\",\"url\":\"https:\\\/\\\/padelzoco.es\\\/product\\\/pelotas-wilson-padel-x3\\\/\",\"name\":\"Pelotas Wilson Padel X3 - Padel Zoco\",\"isPartOf\":{\"@id\":\"https:\\\/\\\/padelzoco.es\\\/#website\"},\"primaryImageOfPage\":{\"@id\":\"https:\\\/\\\/padelzoco.es\\\/product\\\/pelotas-wilson-padel-x3\\\/#primaryimage\"},\"image\":{\"@id\":\"https:\\\/\\\/padelzoco.es\\\/product\\\/pelotas-wilson-padel-x3\\\/#primaryimage\"},\"thumbnailUrl\":\"https:\\\/\\\/padelzoco.es\\\/wp-content\\\/uploads\\\/2023\\\/12\\\/Wilson-Padel-Balls-X3-Can-of-3-Image-2.webp\",\"datePublished\":\"2023-12-03T18:43:50+00:00\",\"dateModified\":\"2026-04-08T17:12:01+00:00\",\"description\":\"Pelotas X3 de Wilson en bote de 3, consistentes, duraderas y r\u00e1pidas, con fieltro Dura-Weave y embalaje ecol\u00f3gico para entrenamientos y competici\u00f3n.\",\"breadcrumb\":{\"@id\":\"https:\\\/\\\/padelzoco.es\\\/product\\\/pelotas-wilson-padel-x3\\\/#breadcrumb\"},\"inLanguage\":\"en-GB\",\"potentialAction\":[{\"@type\":\"ReadAction\",\"target\":[\"https:\\\/\\\/padelzoco.es\\\/product\\\/pelotas-wilson-padel-x3\\\/\"]}]},{\"@type\":\"ImageObject\",\"inLanguage\":\"en-GB\",\"@id\":\"https:\\\/\\\/padelzoco.es\\\/product\\\/pelotas-wilson-padel-x3\\\/#primaryimage\",\"url\":\"https:\\\/\\\/padelzoco.es\\\/wp-content\\\/uploads\\\/2023\\\/12\\\/Wilson-Padel-Balls-X3-Can-of-3-Image-2.webp\",\"contentUrl\":\"https:\\\/\\\/padelzoco.es\\\/wp-content\\\/uploads\\\/2023\\\/12\\\/Wilson-Padel-Balls-X3-Can-of-3-Image-2.webp\",\"width\":1400,\"height\":1400},{\"@type\":\"BreadcrumbList\",\"@id\":\"https:\\\/\\\/padelzoco.es\\\/product\\\/pelotas-wilson-padel-x3\\\/#breadcrumb\",\"itemListElement\":[{\"@type\":\"ListItem\",\"position\":1,\"name\":\"Home\",\"item\":\"https:\\\/\\\/padelzoco.es\\\/\"},{\"@type\":\"ListItem\",\"position\":2,\"name\":\"Padel Zoco\",\"item\":\"https:\\\/\\\/padelzoco.es\\\/padel-zoco\\\/\"},{\"@type\":\"ListItem\",\"position\":3,\"name\":\"Pelotas Wilson Padel X3\"}]},{\"@type\":\"WebSite\",\"@id\":\"https:\\\/\\\/padelzoco.es\\\/#website\",\"url\":\"https:\\\/\\\/padelzoco.es\\\/\",\"name\":\"Padel Zoco\",\"description\":\"Padel Zoco | Spain\",\"publisher\":{\"@id\":\"https:\\\/\\\/padelzoco.es\\\/#organization\"},\"potentialAction\":[{\"@type\":\"SearchAction\",\"target\":{\"@type\":\"EntryPoint\",\"urlTemplate\":\"https:\\\/\\\/padelzoco.es\\\/?s={search_term_string}\"},\"query-input\":{\"@type\":\"PropertyValueSpecification\",\"valueRequired\":true,\"valueName\":\"search_term_string\"}}],\"inLanguage\":\"en-GB\"},{\"@type\":\"Organization\",\"@id\":\"https:\\\/\\\/padelzoco.es\\\/#organization\",\"name\":\"Padel Zoco\",\"url\":\"https:\\\/\\\/padelzoco.es\\\/\",\"logo\":{\"@type\":\"ImageObject\",\"inLanguage\":\"en-GB\",\"@id\":\"https:\\\/\\\/padelzoco.es\\\/#\\\/schema\\\/logo\\\/image\\\/\",\"url\":\"https:\\\/\\\/padelzoco.es\\\/wp-content\\\/uploads\\\/2023\\\/11\\\/PadelZoco_Logo_black_white.webp\",\"contentUrl\":\"https:\\\/\\\/padelzoco.es\\\/wp-content\\\/uploads\\\/2023\\\/11\\\/PadelZoco_Logo_black_white.webp\",\"width\":1500,\"height\":631,\"caption\":\"Padel Zoco\"},\"image\":{\"@id\":\"https:\\\/\\\/padelzoco.es\\\/#\\\/schema\\\/logo\\\/image\\\/\"}}]}<\/script>\n<!-- \/ Yoast SEO plugin. -->","yoast_head_json":{"title":"Pelotas Wilson Padel X3 - Padel Zoco","description":"Pelotas X3 de Wilson en bote de 3, consistentes, duraderas y r\u00e1pidas, con fieltro Dura-Weave y embalaje ecol\u00f3gico para entrenamientos y competici\u00f3n.","robots":{"index":"index","follow":"follow","max-snippet":"max-snippet:-1","max-image-preview":"max-image-preview:large","max-video-preview":"max-video-preview:-1"},"canonical":"https:\/\/padelzoco.es\/en\/product\/pelotas-wilson-padel-x3\/","og_locale":"en_GB","og_type":"article","og_title":"Pelotas Wilson Padel X3 - Padel Zoco","og_description":"Pelotas X3 de Wilson en bote de 3, consistentes, duraderas y r\u00e1pidas, con fieltro Dura-Weave y embalaje ecol\u00f3gico para entrenamientos y competici\u00f3n.","og_url":"https:\/\/padelzoco.es\/en\/product\/pelotas-wilson-padel-x3\/","og_site_name":"Padel Zoco","article_modified_time":"2026-04-08T17:12:01+00:00","og_image":[{"width":1400,"height":1400,"url":"https:\/\/padelzoco.es\/wp-content\/uploads\/2023\/12\/Wilson-Padel-Balls-X3-Can-of-3-Image-2.webp","type":"image\/webp"}],"twitter_card":"summary_large_image","twitter_misc":{"Estimated reading time":"1 minute"},"schema":{"@context":"https:\/\/schema.org","@graph":[{"@type":"WebPage","@id":"https:\/\/padelzoco.es\/product\/pelotas-wilson-padel-x3\/","url":"https:\/\/padelzoco.es\/product\/pelotas-wilson-padel-x3\/","name":"Pelotas Wilson Padel X3 - Padel Zoco","isPartOf":{"@id":"https:\/\/padelzoco.es\/#website"},"primaryImageOfPage":{"@id":"https:\/\/padelzoco.es\/product\/pelotas-wilson-padel-x3\/#primaryimage"},"image":{"@id":"https:\/\/padelzoco.es\/product\/pelotas-wilson-padel-x3\/#primaryimage"},"thumbnailUrl":"https:\/\/padelzoco.es\/wp-content\/uploads\/2023\/12\/Wilson-Padel-Balls-X3-Can-of-3-Image-2.webp","datePublished":"2023-12-03T18:43:50+00:00","dateModified":"2026-04-08T17:12:01+00:00","description":"Pelotas X3 de Wilson en bote de 3, consistentes, duraderas y r\u00e1pidas, con fieltro Dura-Weave y embalaje ecol\u00f3gico para entrenamientos y competici\u00f3n.","breadcrumb":{"@id":"https:\/\/padelzoco.es\/product\/pelotas-wilson-padel-x3\/#breadcrumb"},"inLanguage":"en-GB","potentialAction":[{"@type":"ReadAction","target":["https:\/\/padelzoco.es\/product\/pelotas-wilson-padel-x3\/"]}]},{"@type":"ImageObject","inLanguage":"en-GB","@id":"https:\/\/padelzoco.es\/product\/pelotas-wilson-padel-x3\/#primaryimage","url":"https:\/\/padelzoco.es\/wp-content\/uploads\/2023\/12\/Wilson-Padel-Balls-X3-Can-of-3-Image-2.webp","contentUrl":"https:\/\/padelzoco.es\/wp-content\/uploads\/2023\/12\/Wilson-Padel-Balls-X3-Can-of-3-Image-2.webp","width":1400,"height":1400},{"@type":"BreadcrumbList","@id":"https:\/\/padelzoco.es\/product\/pelotas-wilson-padel-x3\/#breadcrumb","itemListElement":[{"@type":"ListItem","position":1,"name":"Home","item":"https:\/\/padelzoco.es\/"},{"@type":"ListItem","position":2,"name":"Padel Zoco","item":"https:\/\/padelzoco.es\/padel-zoco\/"},{"@type":"ListItem","position":3,"name":"Pelotas Wilson Padel X3"}]},{"@type":"WebSite","@id":"https:\/\/padelzoco.es\/#website","url":"https:\/\/padelzoco.es\/","name":"Padel Zoco","description":"Padel Zoco | Spain","publisher":{"@id":"https:\/\/padelzoco.es\/#organization"},"potentialAction":[{"@type":"SearchAction","target":{"@type":"EntryPoint","urlTemplate":"https:\/\/padelzoco.es\/?s={search_term_string}"},"query-input":{"@type":"PropertyValueSpecification","valueRequired":true,"valueName":"search_term_string"}}],"inLanguage":"en-GB"},{"@type":"Organization","@id":"https:\/\/padelzoco.es\/#organization","name":"Padel Zoco","url":"https:\/\/padelzoco.es\/","logo":{"@type":"ImageObject","inLanguage":"en-GB","@id":"https:\/\/padelzoco.es\/#\/schema\/logo\/image\/","url":"https:\/\/padelzoco.es\/wp-content\/uploads\/2023\/11\/PadelZoco_Logo_black_white.webp","contentUrl":"https:\/\/padelzoco.es\/wp-content\/uploads\/2023\/11\/PadelZoco_Logo_black_white.webp","width":1500,"height":631,"caption":"Padel Zoco"},"image":{"@id":"https:\/\/padelzoco.es\/#\/schema\/logo\/image\/"}}]}},"_links":{"self":[{"href":"https:\/\/padelzoco.es\/en\/wp-json\/wp\/v2\/product\/5397","targetHints":{"allow":["GET"]}}],"collection":[{"href":"https:\/\/padelzoco.es\/en\/wp-json\/wp\/v2\/product"}],"about":[{"href":"https:\/\/padelzoco.es\/en\/wp-json\/wp\/v2\/types\/product"}],"version-history":[{"count":4,"href":"https:\/\/padelzoco.es\/en\/wp-json\/wp\/v2\/product\/5397\/revisions"}],"predecessor-version":[{"id":37822,"href":"https:\/\/padelzoco.es\/en\/wp-json\/wp\/v2\/product\/5397\/revisions\/37822"}],"wp:featuredmedia":[{"embeddable":true,"href":"https:\/\/padelzoco.es\/en\/wp-json\/wp\/v2\/media\/5399"}],"wp:attachment":[{"href":"https:\/\/padelzoco.es\/en\/wp-json\/wp\/v2\/media?parent=5397"}],"wp:term":[{"taxonomy":"product_brand","embeddable":true,"href":"https:\/\/padelzoco.es\/en\/wp-json\/wp\/v2\/product_brand?post=5397"},{"taxonomy":"product_cat","embeddable":true,"href":"https:\/\/padelzoco.es\/en\/wp-json\/wp\/v2\/product_cat?post=5397"},{"taxonomy":"product_tag","embeddable":true,"href":"https:\/\/padelzoco.es\/en\/wp-json\/wp\/v2\/product_tag?post=5397"}],"curies":[{"name":"wp","href":"https:\/\/api.w.org\/{rel}","templated":true}]}}