{"id":5440,"date":"2023-12-03T22:29:35","date_gmt":"2023-12-03T22:29:35","guid":{"rendered":"https:\/\/adc06f55e9.nxcli.io\/?post_type=product&#038;p=5440"},"modified":"2026-04-30T18:48:31","modified_gmt":"2026-04-30T17:48:31","slug":"pack-2-cordones-nox-smartstrap-luxury-rojo-negro","status":"publish","type":"product","link":"https:\/\/padelzoco.es\/en\/product\/pack-2-cordones-nox-smartstrap-luxury-rojo-negro\/","title":{"rendered":"Pack 2 Cordones NOX Smartstrap Luxury Rojo\/Negro"},"content":{"rendered":"<p><strong>Pack cordones de seguridad simples Nox\u00a0<\/strong><strong>Smartstrap\u00ae.<\/strong><\/p>\n<p>En dos colores: negro y rojo.<\/p>\n<p>Mejora la higiene y la seguridad de tu pala de p\u00e1del Nox 2022 reemplazando f\u00e1cilmente el cord\u00f3n de seguridad sin perder la garant\u00eda al no tener que manipular el tap\u00f3n inferior. \u00a1M\u00e1s opciones de personalizaci\u00f3n al alcance de tu mano!<\/p>\n<p>Accesorio de p\u00e1del\u00a0compatible\u00a0para\u00a0cualquier pala.<\/p>","protected":false},"excerpt":{"rendered":"<p><strong>Pack cordones de seguridad simples Nox\u00a0<\/strong><strong>Smartstrap\u00ae.<\/strong><\/p>\n<p>En dos colores: negro y rojo.<\/p>\n<p>Mejora la higiene y la seguridad de tu pala de p\u00e1del Nox 2022 reemplazando f\u00e1cilmente el cord\u00f3n de seguridad sin perder la garant\u00eda al no tener que manipular el tap\u00f3n inferior. \u00a1M\u00e1s opciones de personalizaci\u00f3n al alcance de tu mano!<\/p>\n<p>Accesorio de p\u00e1del\u00a0compatible\u00a0para\u00a0cualquier pala.<\/p>","protected":false},"featured_media":5442,"template":"","meta":[],"product_brand":[],"product_cat":[637,697,674],"product_tag":[],"class_list":{"0":"post-5440","1":"product","2":"type-product","3":"status-publish","4":"has-post-thumbnail","6":"product_cat-accesorios","7":"product_cat-nox-padel","8":"product_cat-smart-straps","9":"pa_brand-nox","10":"pa_hs_code-87","12":"first","13":"outofstock","14":"taxable","15":"shipping-taxable","16":"purchasable","17":"product-type-simple"},"yoast_head":"<!-- This site is optimized with the Yoast SEO plugin v27.5 - https:\/\/yoast.com\/product\/yoast-seo-wordpress\/ -->\n<title>Pack 2 Cordones NOX Smartstrap Luxury Rojo\/Negro - Padel Zoco<\/title>\n<meta name=\"description\" content=\"Get the 2023 NOX Padel smart strap replaceable, add safety and style to your nox padel racket. Buy at Padel Shop Madrid.\" \/>\n<meta name=\"robots\" content=\"index, follow, max-snippet:-1, max-image-preview:large, max-video-preview:-1\" \/>\n<link rel=\"canonical\" href=\"https:\/\/padelzoco.es\/en\/product\/pack-2-cordones-nox-smartstrap-luxury-rojo-negro\/\" \/>\n<meta property=\"og:locale\" content=\"en_GB\" \/>\n<meta property=\"og:type\" content=\"article\" \/>\n<meta property=\"og:title\" content=\"Pack 2 Cordones NOX Smartstrap Luxury Rojo\/Negro - Padel Zoco\" \/>\n<meta property=\"og:description\" content=\"Get the 2023 NOX Padel smart strap replaceable, add safety and style to your nox padel racket. Buy at Padel Shop Madrid.\" \/>\n<meta property=\"og:url\" content=\"https:\/\/padelzoco.es\/en\/product\/pack-2-cordones-nox-smartstrap-luxury-rojo-negro\/\" \/>\n<meta property=\"og:site_name\" content=\"Padel Zoco\" \/>\n<meta property=\"article:modified_time\" content=\"2026-04-30T17:48:31+00:00\" \/>\n<meta property=\"og:image\" content=\"https:\/\/padelzoco.es\/wp-content\/uploads\/2023\/12\/NOX-Padel-SmartStrap-PRO-Pack-of-2-Safety-Strap-2023.webp\" \/>\n\t<meta property=\"og:image:width\" content=\"1400\" \/>\n\t<meta property=\"og:image:height\" content=\"1400\" \/>\n\t<meta property=\"og:image:type\" content=\"image\/webp\" \/>\n<meta name=\"twitter:card\" content=\"summary_large_image\" \/>\n<meta name=\"twitter:label1\" content=\"Estimated reading time\" \/>\n\t<meta name=\"twitter:data1\" content=\"1 minute\" \/>\n<script type=\"application\/ld+json\" class=\"yoast-schema-graph\">{\"@context\":\"https:\\\/\\\/schema.org\",\"@graph\":[{\"@type\":\"WebPage\",\"@id\":\"https:\\\/\\\/padelzoco.es\\\/product\\\/pack-2-cordones-nox-smartstrap-luxury-rojo-negro\\\/\",\"url\":\"https:\\\/\\\/padelzoco.es\\\/product\\\/pack-2-cordones-nox-smartstrap-luxury-rojo-negro\\\/\",\"name\":\"Pack 2 Cordones NOX Smartstrap Luxury Rojo\\\/Negro - Padel Zoco\",\"isPartOf\":{\"@id\":\"https:\\\/\\\/padelzoco.es\\\/#website\"},\"primaryImageOfPage\":{\"@id\":\"https:\\\/\\\/padelzoco.es\\\/product\\\/pack-2-cordones-nox-smartstrap-luxury-rojo-negro\\\/#primaryimage\"},\"image\":{\"@id\":\"https:\\\/\\\/padelzoco.es\\\/product\\\/pack-2-cordones-nox-smartstrap-luxury-rojo-negro\\\/#primaryimage\"},\"thumbnailUrl\":\"https:\\\/\\\/padelzoco.es\\\/wp-content\\\/uploads\\\/2023\\\/12\\\/NOX-Padel-SmartStrap-PRO-Pack-of-2-Safety-Strap-2023.webp\",\"datePublished\":\"2023-12-03T22:29:35+00:00\",\"dateModified\":\"2026-04-30T17:48:31+00:00\",\"description\":\"Get the 2023 NOX Padel smart strap replaceable, add safety and style to your nox padel racket. Buy at Padel Shop Madrid.\",\"breadcrumb\":{\"@id\":\"https:\\\/\\\/padelzoco.es\\\/product\\\/pack-2-cordones-nox-smartstrap-luxury-rojo-negro\\\/#breadcrumb\"},\"inLanguage\":\"en-GB\",\"potentialAction\":[{\"@type\":\"ReadAction\",\"target\":[\"https:\\\/\\\/padelzoco.es\\\/product\\\/pack-2-cordones-nox-smartstrap-luxury-rojo-negro\\\/\"]}]},{\"@type\":\"ImageObject\",\"inLanguage\":\"en-GB\",\"@id\":\"https:\\\/\\\/padelzoco.es\\\/product\\\/pack-2-cordones-nox-smartstrap-luxury-rojo-negro\\\/#primaryimage\",\"url\":\"https:\\\/\\\/padelzoco.es\\\/wp-content\\\/uploads\\\/2023\\\/12\\\/NOX-Padel-SmartStrap-PRO-Pack-of-2-Safety-Strap-2023.webp\",\"contentUrl\":\"https:\\\/\\\/padelzoco.es\\\/wp-content\\\/uploads\\\/2023\\\/12\\\/NOX-Padel-SmartStrap-PRO-Pack-of-2-Safety-Strap-2023.webp\",\"width\":1400,\"height\":1400},{\"@type\":\"BreadcrumbList\",\"@id\":\"https:\\\/\\\/padelzoco.es\\\/product\\\/pack-2-cordones-nox-smartstrap-luxury-rojo-negro\\\/#breadcrumb\",\"itemListElement\":[{\"@type\":\"ListItem\",\"position\":1,\"name\":\"Home\",\"item\":\"https:\\\/\\\/padelzoco.es\\\/\"},{\"@type\":\"ListItem\",\"position\":2,\"name\":\"Padel Zoco\",\"item\":\"https:\\\/\\\/padelzoco.es\\\/padel-zoco\\\/\"},{\"@type\":\"ListItem\",\"position\":3,\"name\":\"Pack 2 Cordones NOX Smartstrap Luxury Rojo\\\/Negro\"}]},{\"@type\":\"WebSite\",\"@id\":\"https:\\\/\\\/padelzoco.es\\\/#website\",\"url\":\"https:\\\/\\\/padelzoco.es\\\/\",\"name\":\"Padel Zoco\",\"description\":\"Padel Zoco | Spain\",\"publisher\":{\"@id\":\"https:\\\/\\\/padelzoco.es\\\/#organization\"},\"potentialAction\":[{\"@type\":\"SearchAction\",\"target\":{\"@type\":\"EntryPoint\",\"urlTemplate\":\"https:\\\/\\\/padelzoco.es\\\/?s={search_term_string}\"},\"query-input\":{\"@type\":\"PropertyValueSpecification\",\"valueRequired\":true,\"valueName\":\"search_term_string\"}}],\"inLanguage\":\"en-GB\"},{\"@type\":\"Organization\",\"@id\":\"https:\\\/\\\/padelzoco.es\\\/#organization\",\"name\":\"Padel Zoco\",\"url\":\"https:\\\/\\\/padelzoco.es\\\/\",\"logo\":{\"@type\":\"ImageObject\",\"inLanguage\":\"en-GB\",\"@id\":\"https:\\\/\\\/padelzoco.es\\\/#\\\/schema\\\/logo\\\/image\\\/\",\"url\":\"https:\\\/\\\/padelzoco.es\\\/wp-content\\\/uploads\\\/2023\\\/11\\\/PadelZoco_Logo_black_white.webp\",\"contentUrl\":\"https:\\\/\\\/padelzoco.es\\\/wp-content\\\/uploads\\\/2023\\\/11\\\/PadelZoco_Logo_black_white.webp\",\"width\":1500,\"height\":631,\"caption\":\"Padel Zoco\"},\"image\":{\"@id\":\"https:\\\/\\\/padelzoco.es\\\/#\\\/schema\\\/logo\\\/image\\\/\"}}]}<\/script>\n<!-- \/ Yoast SEO plugin. -->","yoast_head_json":{"title":"Pack 2 Cordones NOX Smartstrap Luxury Rojo\/Negro - Padel Zoco","description":"Get the 2023 NOX Padel smart strap replaceable, add safety and style to your nox padel racket. Buy at Padel Shop Madrid.","robots":{"index":"index","follow":"follow","max-snippet":"max-snippet:-1","max-image-preview":"max-image-preview:large","max-video-preview":"max-video-preview:-1"},"canonical":"https:\/\/padelzoco.es\/en\/product\/pack-2-cordones-nox-smartstrap-luxury-rojo-negro\/","og_locale":"en_GB","og_type":"article","og_title":"Pack 2 Cordones NOX Smartstrap Luxury Rojo\/Negro - Padel Zoco","og_description":"Get the 2023 NOX Padel smart strap replaceable, add safety and style to your nox padel racket. Buy at Padel Shop Madrid.","og_url":"https:\/\/padelzoco.es\/en\/product\/pack-2-cordones-nox-smartstrap-luxury-rojo-negro\/","og_site_name":"Padel Zoco","article_modified_time":"2026-04-30T17:48:31+00:00","og_image":[{"width":1400,"height":1400,"url":"https:\/\/padelzoco.es\/wp-content\/uploads\/2023\/12\/NOX-Padel-SmartStrap-PRO-Pack-of-2-Safety-Strap-2023.webp","type":"image\/webp"}],"twitter_card":"summary_large_image","twitter_misc":{"Estimated reading time":"1 minute"},"schema":{"@context":"https:\/\/schema.org","@graph":[{"@type":"WebPage","@id":"https:\/\/padelzoco.es\/product\/pack-2-cordones-nox-smartstrap-luxury-rojo-negro\/","url":"https:\/\/padelzoco.es\/product\/pack-2-cordones-nox-smartstrap-luxury-rojo-negro\/","name":"Pack 2 Cordones NOX Smartstrap Luxury Rojo\/Negro - Padel Zoco","isPartOf":{"@id":"https:\/\/padelzoco.es\/#website"},"primaryImageOfPage":{"@id":"https:\/\/padelzoco.es\/product\/pack-2-cordones-nox-smartstrap-luxury-rojo-negro\/#primaryimage"},"image":{"@id":"https:\/\/padelzoco.es\/product\/pack-2-cordones-nox-smartstrap-luxury-rojo-negro\/#primaryimage"},"thumbnailUrl":"https:\/\/padelzoco.es\/wp-content\/uploads\/2023\/12\/NOX-Padel-SmartStrap-PRO-Pack-of-2-Safety-Strap-2023.webp","datePublished":"2023-12-03T22:29:35+00:00","dateModified":"2026-04-30T17:48:31+00:00","description":"Get the 2023 NOX Padel smart strap replaceable, add safety and style to your nox padel racket. Buy at Padel Shop Madrid.","breadcrumb":{"@id":"https:\/\/padelzoco.es\/product\/pack-2-cordones-nox-smartstrap-luxury-rojo-negro\/#breadcrumb"},"inLanguage":"en-GB","potentialAction":[{"@type":"ReadAction","target":["https:\/\/padelzoco.es\/product\/pack-2-cordones-nox-smartstrap-luxury-rojo-negro\/"]}]},{"@type":"ImageObject","inLanguage":"en-GB","@id":"https:\/\/padelzoco.es\/product\/pack-2-cordones-nox-smartstrap-luxury-rojo-negro\/#primaryimage","url":"https:\/\/padelzoco.es\/wp-content\/uploads\/2023\/12\/NOX-Padel-SmartStrap-PRO-Pack-of-2-Safety-Strap-2023.webp","contentUrl":"https:\/\/padelzoco.es\/wp-content\/uploads\/2023\/12\/NOX-Padel-SmartStrap-PRO-Pack-of-2-Safety-Strap-2023.webp","width":1400,"height":1400},{"@type":"BreadcrumbList","@id":"https:\/\/padelzoco.es\/product\/pack-2-cordones-nox-smartstrap-luxury-rojo-negro\/#breadcrumb","itemListElement":[{"@type":"ListItem","position":1,"name":"Home","item":"https:\/\/padelzoco.es\/"},{"@type":"ListItem","position":2,"name":"Padel Zoco","item":"https:\/\/padelzoco.es\/padel-zoco\/"},{"@type":"ListItem","position":3,"name":"Pack 2 Cordones NOX Smartstrap Luxury Rojo\/Negro"}]},{"@type":"WebSite","@id":"https:\/\/padelzoco.es\/#website","url":"https:\/\/padelzoco.es\/","name":"Padel Zoco","description":"Padel Zoco | Spain","publisher":{"@id":"https:\/\/padelzoco.es\/#organization"},"potentialAction":[{"@type":"SearchAction","target":{"@type":"EntryPoint","urlTemplate":"https:\/\/padelzoco.es\/?s={search_term_string}"},"query-input":{"@type":"PropertyValueSpecification","valueRequired":true,"valueName":"search_term_string"}}],"inLanguage":"en-GB"},{"@type":"Organization","@id":"https:\/\/padelzoco.es\/#organization","name":"Padel Zoco","url":"https:\/\/padelzoco.es\/","logo":{"@type":"ImageObject","inLanguage":"en-GB","@id":"https:\/\/padelzoco.es\/#\/schema\/logo\/image\/","url":"https:\/\/padelzoco.es\/wp-content\/uploads\/2023\/11\/PadelZoco_Logo_black_white.webp","contentUrl":"https:\/\/padelzoco.es\/wp-content\/uploads\/2023\/11\/PadelZoco_Logo_black_white.webp","width":1500,"height":631,"caption":"Padel Zoco"},"image":{"@id":"https:\/\/padelzoco.es\/#\/schema\/logo\/image\/"}}]}},"_links":{"self":[{"href":"https:\/\/padelzoco.es\/en\/wp-json\/wp\/v2\/product\/5440","targetHints":{"allow":["GET"]}}],"collection":[{"href":"https:\/\/padelzoco.es\/en\/wp-json\/wp\/v2\/product"}],"about":[{"href":"https:\/\/padelzoco.es\/en\/wp-json\/wp\/v2\/types\/product"}],"version-history":[{"count":1,"href":"https:\/\/padelzoco.es\/en\/wp-json\/wp\/v2\/product\/5440\/revisions"}],"predecessor-version":[{"id":28008,"href":"https:\/\/padelzoco.es\/en\/wp-json\/wp\/v2\/product\/5440\/revisions\/28008"}],"wp:featuredmedia":[{"embeddable":true,"href":"https:\/\/padelzoco.es\/en\/wp-json\/wp\/v2\/media\/5442"}],"wp:attachment":[{"href":"https:\/\/padelzoco.es\/en\/wp-json\/wp\/v2\/media?parent=5440"}],"wp:term":[{"taxonomy":"product_brand","embeddable":true,"href":"https:\/\/padelzoco.es\/en\/wp-json\/wp\/v2\/product_brand?post=5440"},{"taxonomy":"product_cat","embeddable":true,"href":"https:\/\/padelzoco.es\/en\/wp-json\/wp\/v2\/product_cat?post=5440"},{"taxonomy":"product_tag","embeddable":true,"href":"https:\/\/padelzoco.es\/en\/wp-json\/wp\/v2\/product_tag?post=5440"}],"curies":[{"name":"wp","href":"https:\/\/api.w.org\/{rel}","templated":true}]}}