{"id":5530,"date":"2023-12-03T23:16:20","date_gmt":"2023-12-03T23:16:20","guid":{"rendered":"https:\/\/adc06f55e9.nxcli.io\/?post_type=product&#038;p=5530"},"modified":"2026-02-02T09:27:25","modified_gmt":"2026-02-02T08:27:25","slug":"pala-padel-nox-ml10-pro-cup-3k-luxury-2024","status":"publish","type":"product","link":"https:\/\/padelzoco.es\/en\/product\/pala-padel-nox-ml10-pro-cup-3k-luxury-2024\/","title":{"rendered":"Pala Padel NOX ML10 Pro Cup 3K Luxury 2024"},"content":{"rendered":"<p>La revoluci\u00f3n de un cl\u00e1sico.\u00a0<strong>Premiada en 2023 como Mejor Pala de estilo H\u00edbrido<\/strong>\u00a0con predominancia de control por Testea Padel, la ML10 Pro Cup Luxury 2024 de\u00a0<strong>Miguel Lamperti<\/strong>\u00a0incorpora modificaciones en el molde y nuevas tecnolog\u00edas para convertirla en el cl\u00e1sico del futuro. Eso s\u00ed, con la goma HR3 cl\u00e1sica de NOX, la preferida por el Canoso de Bah\u00eda Blanca.<\/p>\n<h2>M\u00e1s equilibrio, m\u00e1s velocidad<\/h2>\n<p>Se han perfilado las aristas de los perfiles para\u00a0incrementar\u00a0la aerodin\u00e1mica, se ha alargado el grip para facilitar el agarre, pero\u00a0lo que m\u00e1s destaca es la incorporaci\u00f3n de la\u00a0<strong>tecnolog\u00eda EOS Flap<\/strong>,\u00a0unas perforaciones laterales dise\u00f1adas para incrementar la manejabilidad de la pala y repartir la distribuci\u00f3n de pesos para que tengas en tus manos una pala r\u00e1pida y letal.<\/p>\n<h2>Confortable, s\u00f3lida y fiable<\/h2>\n<p>La nueva\u00a0Pro Cup Luxury\u00a0mantiene la combinaci\u00f3n de materiales de sus predecesoras, la\u00a0<strong>fibra de carbono 3K<\/strong>\u00a0y la\u00a0<strong>goma cl\u00e1sica de NOX HR3,\u00a0<\/strong>la preferida de\u00a0<strong>Miguel Lamperti<\/strong>. Un tacto intermedio y muy familiar para todos aquellos\u00a0jugadores\u00a0seguidores de nuestras palas.<\/p>\n<h2>Menos vibraciones, mayor agarre<\/h2>\n<p>La empu\u00f1adura de la pala es el punto de\u00a0uni\u00f3n entre tu cuerpo y tu pala y por ello hemos prestado especial atenci\u00f3n tambi\u00e9n a esta zona de la pala. Por un lado hemos incorporado la tecnolog\u00eda\u00a0<strong>Pulse System<\/strong>, dos banda dise\u00f1ada para absorber\u00a0vibraciones. Adem\u00e1s, ahora de serie toda la gama Luxury incorpora la tecnolog\u00eda patentada<strong>\u00a0NOX Custom Grip\u00ae<\/strong>\u00a0y certificada por\u00a0<strong>Testea Padel<\/strong>\u00a0para el aumento de agarre y disminuci\u00f3n de vibraciones.<\/p>\n<p>Incluye el sistema pionero de cord\u00f3n de seguridad reemplazable\u00a0<strong>Smartstrap\u00ae,\u00a0<\/strong>ahora evolucionado en una pieza compacta para mayor resistencia y seguridad<strong>.\u00a0<\/strong>M\u00e1s higi\u00e9nico, m\u00e1s seguro y m\u00e1s personalizable.<\/p>\n<p>&nbsp;<\/p>\n<h3>\u00a0<b>Features<\/b><\/h3>\n<table width=\"100%\">\n<tbody>\n<tr>\n<td><b>Shape<\/b><\/td>\n<td>Round<\/td>\n<\/tr>\n<tr>\n<td><b>Weight<\/b><\/td>\n<td>360-375 gramos<\/td>\n<\/tr>\n<tr>\n<td><b>N\u00facleo<\/b><\/td>\n<td>HR3<\/td>\n<\/tr>\n<tr>\n<td><b>Marco<\/b><\/td>\n<td>100% carbono<\/td>\n<\/tr>\n<tr>\n<td><b>Cara<\/b><\/td>\n<td>Carbon 3K<\/td>\n<\/tr>\n<tr>\n<td><b>Control<\/b><\/td>\n<td>9\/10<\/td>\n<\/tr>\n<tr>\n<td><b>Potencia<\/b><\/td>\n<td>10\/10<\/td>\n<\/tr>\n<\/tbody>\n<\/table>\n<h3>Technologies<\/h3>\n<p><b>CARBONO 3K<\/b><\/p>\n<p class=\"p1\">Nuestra fibra 3K se fabrica entrelazando y tejiendo hilos de fibra de carbono para crear peque\u00f1os cuadrados, otorgando un gramaje superior a la fibra est\u00e1ndar, lo cual aporta mayor resistencia al producto.<\/p>\n<p class=\"p1\"><b>N\u00daCLEO\u00a0HR3<\/b><\/p>\n<p>N\u00facleo con goma HR3 de alta densidad, con mayor efecto de memoria para lograr consiguiendo as\u00ed una mayor potencia en el golpeo.<\/p>\n<p class=\"p1\"><b>EOS FLAP<\/b><\/p>\n<p>Mejora de la aerodin\u00e1mica y la manejabilidad de la pala con las perforaciones laterales en la base del marco de la pala. La combinaci\u00f3n de dise\u00f1o e ingenier\u00eda se ve reflejada en una mejor experiencia de juego para los usuarios, con un reparto de las masas de la pala que repercute en una mayor r\u00e1pidez en el golpeo y una mayor sensaci\u00f3n de control.<\/p>\n<p><b>PULSE SYSTEM<br \/>\n<\/b><\/p>\n<p>Disminuci\u00f3n de las vibraciones que se transmiten a la mano del jugador con la inserci\u00f3n de gomas laterales que van desde la base del marco de la pala hasta la parte inferior del tap\u00f3n de la pala.<\/p>\n<p><b>NOX CUSTOM GRIP\u00ae<br \/>\n<\/b><\/p>\n<p>Tecnolog\u00eda\u00a0<strong>patentada por NOX y certificada por Testea P\u00e1del<\/strong>, ahora de serie con todas la palas Luxury de la colecci\u00f3n 2023-24. Aumenta el agarre en un 52% y disminuye las vibraciones\u00a0que se transmiten a tu mano en un 29% . Un sistema totalmente personalizable \u00f3ptimo para jugadores con problemas de sudoraci\u00f3n o epicondilitis.<\/p>\n<p><b>SMARTSTRAP\u00ae<\/b><\/p>\n<p>\u00bfTe gustar\u00eda poder cambiar el cord\u00f3n de agarre de tu pala?\u00a0<strong>Smartstrap\u00ae<\/strong>\u00a0es el sistema pionero de cord\u00f3n de seguridad reemplazable, ahora evolucionado en una pieza compacta para mayor resistencia y seguridad. M\u00e1s higi\u00e9nico, m\u00e1s seguro y m\u00e1s<br \/>\npersonalizable. La implementaci\u00f3n de este sistema surge con el prop\u00f3sito de ofrecer a los jugadores de p\u00e1del una opci\u00f3n que se adapte totalmente a sus gustos permitiendo la aplicaci\u00f3n de un cord\u00f3n de sujeci\u00f3n tipo brazalete, trenza o lazo corredero.<br \/>\nPermite el cambio tanto por rotura, desgaste o lavado.<\/p>\n<p class=\"p1\"><b>SUPERF\u00cdCIE RUGOSA<\/b><\/p>\n<p>Superficie rugosa sobre la \u00faltima capa de la cara de la pala mediante un ba\u00f1o en arena de s\u00edlice de bajo gramaje. Con esta rugosidad se consigue golpes con mayor efecto.<\/p>\n<p><b>DCS &#8211; DYNAMIC COMPOSIT STRUCTURE<\/b><\/p>\n<p>Con la aplicaci\u00f3n de m\u00e1s cantidad de material desde el marco hasta cuatro cent\u00edmetros dentro de la cara minimizamos\u00a0la diferencia de dureza entre el marco y la cara. De este modo cuando se golpea la bola con las partes exteriores de la pala minimizamos el posible corte de las fibras que se podr\u00eda producir al hundirse la goma.<\/p>","protected":false},"excerpt":{"rendered":"<p>La revoluci\u00f3n de un cl\u00e1sico.\u00a0<strong>Premiada en 2023 como Mejor Pala de estilo H\u00edbrido<\/strong>\u00a0con predominancia de control por Testea Padel, la ML10 Pro Cup Luxury 2024 de\u00a0<strong>Miguel Lamperti<\/strong>\u00a0incorpora modificaciones en el molde y nuevas tecnolog\u00edas para convertirla en el cl\u00e1sico del futuro. Eso s\u00ed, con la goma HR3 cl\u00e1sica de NOX, la preferida por el Canoso de Bah\u00eda Blanca.<\/p>\n<h2>M\u00e1s equilibrio, m\u00e1s velocidad<\/h2>\n<p>Se han perfilado las aristas de los perfiles para\u00a0incrementar\u00a0la aerodin\u00e1mica, se ha alargado el grip para facilitar el agarre, pero\u00a0lo que m\u00e1s destaca es la incorporaci\u00f3n de la\u00a0<strong>tecnolog\u00eda EOS Flap<\/strong>,\u00a0unas perforaciones laterales dise\u00f1adas para incrementar la manejabilidad de la pala y repartir la distribuci\u00f3n de pesos para que tengas en tus manos una pala r\u00e1pida y letal.<\/p>\n<h2>Confortable, s\u00f3lida y fiable<\/h2>\n<p>La nueva\u00a0Pro Cup Luxury\u00a0mantiene la combinaci\u00f3n de materiales de sus predecesoras, la\u00a0<strong>fibra de carbono 3K<\/strong>\u00a0y la\u00a0<strong>goma cl\u00e1sica de NOX HR3,\u00a0<\/strong>la preferida de\u00a0<strong>Miguel Lamperti<\/strong>. Un tacto intermedio y muy familiar para todos aquellos\u00a0jugadores\u00a0seguidores de nuestras palas.<\/p>\n<h2>Menos vibraciones, mayor agarre<\/h2>\n<p>La empu\u00f1adura de la pala es el punto de\u00a0uni\u00f3n entre tu cuerpo y tu pala y por ello hemos prestado especial atenci\u00f3n tambi\u00e9n a esta zona de la pala. Por un lado hemos incorporado la tecnolog\u00eda\u00a0<strong>Pulse System<\/strong>, dos banda dise\u00f1ada para absorber\u00a0vibraciones. Adem\u00e1s, ahora de serie toda la gama Luxury incorpora la tecnolog\u00eda patentada<strong>\u00a0NOX Custom Grip\u00ae<\/strong>\u00a0y certificada por\u00a0<strong>Testea Padel<\/strong>\u00a0para el aumento de agarre y disminuci\u00f3n de vibraciones.<\/p>\n<p>Incluye el sistema pionero de cord\u00f3n de seguridad reemplazable\u00a0<strong>Smartstrap\u00ae,\u00a0<\/strong>ahora evolucionado en una pieza compacta para mayor resistencia y seguridad<strong>.\u00a0<\/strong>M\u00e1s higi\u00e9nico, m\u00e1s seguro y m\u00e1s personalizable.<\/p>\n<p>&nbsp;<\/p>\n<h3>\u00a0<b>Features<\/b><\/h3>\n<table width=\"100%\">\n<tbody>\n<tr>\n<td><b>Shape<\/b><\/td>\n<td>Round<\/td>\n<\/tr>\n<tr>\n<td><b>Weight<\/b><\/td>\n<td>360-375 gramos<\/td>\n<\/tr>\n<tr>\n<td><b>N\u00facleo<\/b><\/td>\n<td>HR3<\/td>\n<\/tr>\n<tr>\n<td><b>Marco<\/b><\/td>\n<td>100% carbono<\/td>\n<\/tr>\n<tr>\n<td><b>Cara<\/b><\/td>\n<td>Carbon 3K<\/td>\n<\/tr>\n<tr>\n<td><b>Control<\/b><\/td>\n<td>9\/10<\/td>\n<\/tr>\n<tr>\n<td><b>Potencia<\/b><\/td>\n<td>10\/10<\/td>\n<\/tr>\n<\/tbody>\n<\/table>\n<h3>Technologies<\/h3>\n<p><b>CARBONO 3K<\/b><\/p>\n<p class=\"p1\">Nuestra fibra 3K se fabrica entrelazando y tejiendo hilos de fibra de carbono para crear peque\u00f1os cuadrados, otorgando un gramaje superior a la fibra est\u00e1ndar, lo cual aporta mayor resistencia al producto.<\/p>\n<p class=\"p1\"><b>N\u00daCLEO\u00a0HR3<\/b><\/p>\n<p>N\u00facleo con goma HR3 de alta densidad, con mayor efecto de memoria para lograr consiguiendo as\u00ed una mayor potencia en el golpeo.<\/p>\n<p class=\"p1\"><b>EOS FLAP<\/b><\/p>\n<p>Mejora de la aerodin\u00e1mica y la manejabilidad de la pala con las perforaciones laterales en la base del marco de la pala. La combinaci\u00f3n de dise\u00f1o e ingenier\u00eda se ve reflejada en una mejor experiencia de juego para los usuarios, con un reparto de las masas de la pala que repercute en una mayor r\u00e1pidez en el golpeo y una mayor sensaci\u00f3n de control.<\/p>\n<p><b>PULSE SYSTEM<br \/>\n<\/b><\/p>\n<p>Disminuci\u00f3n de las vibraciones que se transmiten a la mano del jugador con la inserci\u00f3n de gomas laterales que van desde la base del marco de la pala hasta la parte inferior del tap\u00f3n de la pala.<\/p>\n<p><b>NOX CUSTOM GRIP\u00ae<br \/>\n<\/b><\/p>\n<p>Tecnolog\u00eda\u00a0<strong>patentada por NOX y certificada por Testea P\u00e1del<\/strong>, ahora de serie con todas la palas Luxury de la colecci\u00f3n 2023-24. Aumenta el agarre en un 52% y disminuye las vibraciones\u00a0que se transmiten a tu mano en un 29% . Un sistema totalmente personalizable \u00f3ptimo para jugadores con problemas de sudoraci\u00f3n o epicondilitis.<\/p>\n<p><b>SMARTSTRAP\u00ae<\/b><\/p>\n<p>\u00bfTe gustar\u00eda poder cambiar el cord\u00f3n de agarre de tu pala?\u00a0<strong>Smartstrap\u00ae<\/strong>\u00a0es el sistema pionero de cord\u00f3n de seguridad reemplazable, ahora evolucionado en una pieza compacta para mayor resistencia y seguridad. M\u00e1s higi\u00e9nico, m\u00e1s seguro y m\u00e1s<br \/>\npersonalizable. La implementaci\u00f3n de este sistema surge con el prop\u00f3sito de ofrecer a los jugadores de p\u00e1del una opci\u00f3n que se adapte totalmente a sus gustos permitiendo la aplicaci\u00f3n de un cord\u00f3n de sujeci\u00f3n tipo brazalete, trenza o lazo corredero.<br \/>\nPermite el cambio tanto por rotura, desgaste o lavado.<\/p>\n<p class=\"p1\"><b>SUPERF\u00cdCIE RUGOSA<\/b><\/p>\n<p>Superficie rugosa sobre la \u00faltima capa de la cara de la pala mediante un ba\u00f1o en arena de s\u00edlice de bajo gramaje. Con esta rugosidad se consigue golpes con mayor efecto.<\/p>\n<p><b>DCS &#8211; DYNAMIC COMPOSIT STRUCTURE<\/b><\/p>\n<p>Con la aplicaci\u00f3n de m\u00e1s cantidad de material desde el marco hasta cuatro cent\u00edmetros dentro de la cara minimizamos\u00a0la diferencia de dureza entre el marco y la cara. De este modo cuando se golpea la bola con las partes exteriores de la pala minimizamos el posible corte de las fibras que se podr\u00eda producir al hundirse la goma.<\/p>","protected":false},"featured_media":5531,"template":"","meta":[],"product_brand":[],"product_cat":[582,589,702,697,574,572,757,754,586],"product_tag":[],"class_list":{"0":"post-5530","1":"product","2":"type-product","3":"status-publish","4":"has-post-thumbnail","6":"product_cat-avanzado-palas","7":"product_cat-hombre-palas","8":"product_cat-miguel-lamperti","9":"product_cat-nox-padel","10":"product_cat-nox-palas","11":"product_cat-palas","12":"product_cat-palas-ofertas","13":"product_cat-rebajas","14":"product_cat-redonda-palas","15":"pa_brand-nox","16":"pa_gender-hombre","17":"pa_hs_code-134","19":"first","20":"outofstock","21":"sale","22":"taxable","23":"shipping-taxable","24":"purchasable","25":"product-type-simple"},"yoast_head":"<!-- This site is optimized with the Yoast SEO plugin v27.3 - https:\/\/yoast.com\/product\/yoast-seo-wordpress\/ -->\n<title>Pala Padel NOX ML10 Pro Cup 3K Luxury 2024 - Padel Zoco<\/title>\n<meta name=\"description\" content=\"Get the 2024 Nox padel racket ML10 Pro Cup Luxury, the racket of MIGUEL LAMPERTI crafted with new mold, attractive design and EOS technology, Padel Shop Madrid\" \/>\n<meta name=\"robots\" content=\"index, follow, max-snippet:-1, max-image-preview:large, max-video-preview:-1\" \/>\n<link rel=\"canonical\" href=\"https:\/\/padelzoco.es\/en\/product\/pala-padel-nox-ml10-pro-cup-3k-luxury-2024\/\" \/>\n<meta property=\"og:locale\" content=\"en_GB\" \/>\n<meta property=\"og:type\" content=\"article\" \/>\n<meta property=\"og:title\" content=\"Pala Padel NOX ML10 Pro Cup 3K Luxury 2024 - Padel Zoco\" \/>\n<meta property=\"og:description\" content=\"Get the 2024 Nox padel racket ML10 Pro Cup Luxury, the racket of MIGUEL LAMPERTI crafted with new mold, attractive design and EOS technology, Padel Shop Madrid\" \/>\n<meta property=\"og:url\" content=\"https:\/\/padelzoco.es\/en\/product\/pala-padel-nox-ml10-pro-cup-3k-luxury-2024\/\" \/>\n<meta property=\"og:site_name\" content=\"Padel Zoco\" \/>\n<meta property=\"article:modified_time\" content=\"2026-02-02T08:27:25+00:00\" \/>\n<meta property=\"og:image\" content=\"https:\/\/padelzoco.es\/wp-content\/uploads\/2023\/12\/NOX-ML10-PRO-CUP-Luxury-Padel-Racket-2024-2024-Padel-Rackets-Image.webp\" \/>\n\t<meta property=\"og:image:width\" content=\"1400\" \/>\n\t<meta property=\"og:image:height\" content=\"1400\" \/>\n\t<meta property=\"og:image:type\" content=\"image\/webp\" \/>\n<meta name=\"twitter:card\" content=\"summary_large_image\" \/>\n<meta name=\"twitter:label1\" content=\"Estimated reading time\" \/>\n\t<meta name=\"twitter:data1\" content=\"4 minutes\" \/>\n<script type=\"application\/ld+json\" class=\"yoast-schema-graph\">{\"@context\":\"https:\\\/\\\/schema.org\",\"@graph\":[{\"@type\":\"WebPage\",\"@id\":\"https:\\\/\\\/padelzoco.es\\\/product\\\/pala-padel-nox-ml10-pro-cup-3k-luxury-2024\\\/\",\"url\":\"https:\\\/\\\/padelzoco.es\\\/product\\\/pala-padel-nox-ml10-pro-cup-3k-luxury-2024\\\/\",\"name\":\"Pala Padel NOX ML10 Pro Cup 3K Luxury 2024 - Padel Zoco\",\"isPartOf\":{\"@id\":\"https:\\\/\\\/padelzoco.es\\\/#website\"},\"primaryImageOfPage\":{\"@id\":\"https:\\\/\\\/padelzoco.es\\\/product\\\/pala-padel-nox-ml10-pro-cup-3k-luxury-2024\\\/#primaryimage\"},\"image\":{\"@id\":\"https:\\\/\\\/padelzoco.es\\\/product\\\/pala-padel-nox-ml10-pro-cup-3k-luxury-2024\\\/#primaryimage\"},\"thumbnailUrl\":\"https:\\\/\\\/padelzoco.es\\\/wp-content\\\/uploads\\\/2023\\\/12\\\/NOX-ML10-PRO-CUP-Luxury-Padel-Racket-2024-2024-Padel-Rackets-Image.webp\",\"datePublished\":\"2023-12-03T23:16:20+00:00\",\"dateModified\":\"2026-02-02T08:27:25+00:00\",\"description\":\"Get the 2024 Nox padel racket ML10 Pro Cup Luxury, the racket of MIGUEL LAMPERTI crafted with new mold, attractive design and EOS technology, Padel Shop Madrid\",\"breadcrumb\":{\"@id\":\"https:\\\/\\\/padelzoco.es\\\/product\\\/pala-padel-nox-ml10-pro-cup-3k-luxury-2024\\\/#breadcrumb\"},\"inLanguage\":\"en-GB\",\"potentialAction\":[{\"@type\":\"ReadAction\",\"target\":[\"https:\\\/\\\/padelzoco.es\\\/product\\\/pala-padel-nox-ml10-pro-cup-3k-luxury-2024\\\/\"]}]},{\"@type\":\"ImageObject\",\"inLanguage\":\"en-GB\",\"@id\":\"https:\\\/\\\/padelzoco.es\\\/product\\\/pala-padel-nox-ml10-pro-cup-3k-luxury-2024\\\/#primaryimage\",\"url\":\"https:\\\/\\\/padelzoco.es\\\/wp-content\\\/uploads\\\/2023\\\/12\\\/NOX-ML10-PRO-CUP-Luxury-Padel-Racket-2024-2024-Padel-Rackets-Image.webp\",\"contentUrl\":\"https:\\\/\\\/padelzoco.es\\\/wp-content\\\/uploads\\\/2023\\\/12\\\/NOX-ML10-PRO-CUP-Luxury-Padel-Racket-2024-2024-Padel-Rackets-Image.webp\",\"width\":1400,\"height\":1400},{\"@type\":\"BreadcrumbList\",\"@id\":\"https:\\\/\\\/padelzoco.es\\\/product\\\/pala-padel-nox-ml10-pro-cup-3k-luxury-2024\\\/#breadcrumb\",\"itemListElement\":[{\"@type\":\"ListItem\",\"position\":1,\"name\":\"Home\",\"item\":\"https:\\\/\\\/padelzoco.es\\\/\"},{\"@type\":\"ListItem\",\"position\":2,\"name\":\"Padel Zoco\",\"item\":\"https:\\\/\\\/padelzoco.es\\\/padel-zoco\\\/\"},{\"@type\":\"ListItem\",\"position\":3,\"name\":\"Pala Padel NOX ML10 Pro Cup 3K Luxury 2024\"}]},{\"@type\":\"WebSite\",\"@id\":\"https:\\\/\\\/padelzoco.es\\\/#website\",\"url\":\"https:\\\/\\\/padelzoco.es\\\/\",\"name\":\"Padel Zoco\",\"description\":\"Padel Zoco | Spain\",\"publisher\":{\"@id\":\"https:\\\/\\\/padelzoco.es\\\/#organization\"},\"potentialAction\":[{\"@type\":\"SearchAction\",\"target\":{\"@type\":\"EntryPoint\",\"urlTemplate\":\"https:\\\/\\\/padelzoco.es\\\/?s={search_term_string}\"},\"query-input\":{\"@type\":\"PropertyValueSpecification\",\"valueRequired\":true,\"valueName\":\"search_term_string\"}}],\"inLanguage\":\"en-GB\"},{\"@type\":\"Organization\",\"@id\":\"https:\\\/\\\/padelzoco.es\\\/#organization\",\"name\":\"Padel Zoco\",\"url\":\"https:\\\/\\\/padelzoco.es\\\/\",\"logo\":{\"@type\":\"ImageObject\",\"inLanguage\":\"en-GB\",\"@id\":\"https:\\\/\\\/padelzoco.es\\\/#\\\/schema\\\/logo\\\/image\\\/\",\"url\":\"https:\\\/\\\/padelzoco.es\\\/wp-content\\\/uploads\\\/2023\\\/11\\\/PadelZoco_Logo_black_white.webp\",\"contentUrl\":\"https:\\\/\\\/padelzoco.es\\\/wp-content\\\/uploads\\\/2023\\\/11\\\/PadelZoco_Logo_black_white.webp\",\"width\":1500,\"height\":631,\"caption\":\"Padel Zoco\"},\"image\":{\"@id\":\"https:\\\/\\\/padelzoco.es\\\/#\\\/schema\\\/logo\\\/image\\\/\"}}]}<\/script>\n<!-- \/ Yoast SEO plugin. -->","yoast_head_json":{"title":"Pala Padel NOX ML10 Pro Cup 3K Luxury 2024 - Padel Zoco","description":"Get the 2024 Nox padel racket ML10 Pro Cup Luxury, the racket of MIGUEL LAMPERTI crafted with new mold, attractive design and EOS technology, Padel Shop Madrid","robots":{"index":"index","follow":"follow","max-snippet":"max-snippet:-1","max-image-preview":"max-image-preview:large","max-video-preview":"max-video-preview:-1"},"canonical":"https:\/\/padelzoco.es\/en\/product\/pala-padel-nox-ml10-pro-cup-3k-luxury-2024\/","og_locale":"en_GB","og_type":"article","og_title":"Pala Padel NOX ML10 Pro Cup 3K Luxury 2024 - Padel Zoco","og_description":"Get the 2024 Nox padel racket ML10 Pro Cup Luxury, the racket of MIGUEL LAMPERTI crafted with new mold, attractive design and EOS technology, Padel Shop Madrid","og_url":"https:\/\/padelzoco.es\/en\/product\/pala-padel-nox-ml10-pro-cup-3k-luxury-2024\/","og_site_name":"Padel Zoco","article_modified_time":"2026-02-02T08:27:25+00:00","og_image":[{"width":1400,"height":1400,"url":"https:\/\/padelzoco.es\/wp-content\/uploads\/2023\/12\/NOX-ML10-PRO-CUP-Luxury-Padel-Racket-2024-2024-Padel-Rackets-Image.webp","type":"image\/webp"}],"twitter_card":"summary_large_image","twitter_misc":{"Estimated reading time":"4 minutes"},"schema":{"@context":"https:\/\/schema.org","@graph":[{"@type":"WebPage","@id":"https:\/\/padelzoco.es\/product\/pala-padel-nox-ml10-pro-cup-3k-luxury-2024\/","url":"https:\/\/padelzoco.es\/product\/pala-padel-nox-ml10-pro-cup-3k-luxury-2024\/","name":"Pala Padel NOX ML10 Pro Cup 3K Luxury 2024 - Padel Zoco","isPartOf":{"@id":"https:\/\/padelzoco.es\/#website"},"primaryImageOfPage":{"@id":"https:\/\/padelzoco.es\/product\/pala-padel-nox-ml10-pro-cup-3k-luxury-2024\/#primaryimage"},"image":{"@id":"https:\/\/padelzoco.es\/product\/pala-padel-nox-ml10-pro-cup-3k-luxury-2024\/#primaryimage"},"thumbnailUrl":"https:\/\/padelzoco.es\/wp-content\/uploads\/2023\/12\/NOX-ML10-PRO-CUP-Luxury-Padel-Racket-2024-2024-Padel-Rackets-Image.webp","datePublished":"2023-12-03T23:16:20+00:00","dateModified":"2026-02-02T08:27:25+00:00","description":"Get the 2024 Nox padel racket ML10 Pro Cup Luxury, the racket of MIGUEL LAMPERTI crafted with new mold, attractive design and EOS technology, Padel Shop Madrid","breadcrumb":{"@id":"https:\/\/padelzoco.es\/product\/pala-padel-nox-ml10-pro-cup-3k-luxury-2024\/#breadcrumb"},"inLanguage":"en-GB","potentialAction":[{"@type":"ReadAction","target":["https:\/\/padelzoco.es\/product\/pala-padel-nox-ml10-pro-cup-3k-luxury-2024\/"]}]},{"@type":"ImageObject","inLanguage":"en-GB","@id":"https:\/\/padelzoco.es\/product\/pala-padel-nox-ml10-pro-cup-3k-luxury-2024\/#primaryimage","url":"https:\/\/padelzoco.es\/wp-content\/uploads\/2023\/12\/NOX-ML10-PRO-CUP-Luxury-Padel-Racket-2024-2024-Padel-Rackets-Image.webp","contentUrl":"https:\/\/padelzoco.es\/wp-content\/uploads\/2023\/12\/NOX-ML10-PRO-CUP-Luxury-Padel-Racket-2024-2024-Padel-Rackets-Image.webp","width":1400,"height":1400},{"@type":"BreadcrumbList","@id":"https:\/\/padelzoco.es\/product\/pala-padel-nox-ml10-pro-cup-3k-luxury-2024\/#breadcrumb","itemListElement":[{"@type":"ListItem","position":1,"name":"Home","item":"https:\/\/padelzoco.es\/"},{"@type":"ListItem","position":2,"name":"Padel Zoco","item":"https:\/\/padelzoco.es\/padel-zoco\/"},{"@type":"ListItem","position":3,"name":"Pala Padel NOX ML10 Pro Cup 3K Luxury 2024"}]},{"@type":"WebSite","@id":"https:\/\/padelzoco.es\/#website","url":"https:\/\/padelzoco.es\/","name":"Padel Zoco","description":"Padel Zoco | Spain","publisher":{"@id":"https:\/\/padelzoco.es\/#organization"},"potentialAction":[{"@type":"SearchAction","target":{"@type":"EntryPoint","urlTemplate":"https:\/\/padelzoco.es\/?s={search_term_string}"},"query-input":{"@type":"PropertyValueSpecification","valueRequired":true,"valueName":"search_term_string"}}],"inLanguage":"en-GB"},{"@type":"Organization","@id":"https:\/\/padelzoco.es\/#organization","name":"Padel Zoco","url":"https:\/\/padelzoco.es\/","logo":{"@type":"ImageObject","inLanguage":"en-GB","@id":"https:\/\/padelzoco.es\/#\/schema\/logo\/image\/","url":"https:\/\/padelzoco.es\/wp-content\/uploads\/2023\/11\/PadelZoco_Logo_black_white.webp","contentUrl":"https:\/\/padelzoco.es\/wp-content\/uploads\/2023\/11\/PadelZoco_Logo_black_white.webp","width":1500,"height":631,"caption":"Padel Zoco"},"image":{"@id":"https:\/\/padelzoco.es\/#\/schema\/logo\/image\/"}}]}},"_links":{"self":[{"href":"https:\/\/padelzoco.es\/en\/wp-json\/wp\/v2\/product\/5530","targetHints":{"allow":["GET"]}}],"collection":[{"href":"https:\/\/padelzoco.es\/en\/wp-json\/wp\/v2\/product"}],"about":[{"href":"https:\/\/padelzoco.es\/en\/wp-json\/wp\/v2\/types\/product"}],"version-history":[{"count":1,"href":"https:\/\/padelzoco.es\/en\/wp-json\/wp\/v2\/product\/5530\/revisions"}],"predecessor-version":[{"id":27997,"href":"https:\/\/padelzoco.es\/en\/wp-json\/wp\/v2\/product\/5530\/revisions\/27997"}],"wp:featuredmedia":[{"embeddable":true,"href":"https:\/\/padelzoco.es\/en\/wp-json\/wp\/v2\/media\/5531"}],"wp:attachment":[{"href":"https:\/\/padelzoco.es\/en\/wp-json\/wp\/v2\/media?parent=5530"}],"wp:term":[{"taxonomy":"product_brand","embeddable":true,"href":"https:\/\/padelzoco.es\/en\/wp-json\/wp\/v2\/product_brand?post=5530"},{"taxonomy":"product_cat","embeddable":true,"href":"https:\/\/padelzoco.es\/en\/wp-json\/wp\/v2\/product_cat?post=5530"},{"taxonomy":"product_tag","embeddable":true,"href":"https:\/\/padelzoco.es\/en\/wp-json\/wp\/v2\/product_tag?post=5530"}],"curies":[{"name":"wp","href":"https:\/\/api.w.org\/{rel}","templated":true}]}}