{"id":5571,"date":"2023-12-04T01:08:22","date_gmt":"2023-12-04T01:08:22","guid":{"rendered":"https:\/\/adc06f55e9.nxcli.io\/?post_type=product&#038;p=5571"},"modified":"2026-04-30T18:48:30","modified_gmt":"2026-04-30T17:48:30","slug":"pala-padel-nox-ml10-pro-cup-rough-surface-edition-2024","status":"publish","type":"product","link":"https:\/\/padelzoco.es\/en\/product\/pala-padel-nox-ml10-pro-cup-rough-surface-edition-2024\/","title":{"rendered":"Pala Padel NOX ML10 Pro Cup Rough Surface Edition 2024"},"content":{"rendered":"<p>La pala total.\u00a0 Una vez que se prueba nadie la quiere dejar: c\u00f3moda, s\u00f3lida, potente, duradera.\u00a0Id\u00e9ntica en todos los aspectos a su hermanas ML10 Pro Cup excepto en el acabado de las caras ya que la\u00a0<strong>ML10 Pro Cup Rough Surface Edition<\/strong><strong>\u00a0<\/strong>incorpora un acabado rugoso con arena de s\u00edlice para imprimir un mayor efecto en los golpeos.<\/p>\n<p>Incluye el sistema pionero de cord\u00f3n de seguridad reemplazable\u00a0<strong>Smartstrap\u00ae,\u00a0<\/strong>ahora evolucionado en una pieza compacta para mayor resistencia y seguridad<strong>.\u00a0<\/strong>M\u00e1s higi\u00e9nico, m\u00e1s seguro y m\u00e1s personalizable.<\/p>\n<h3>Features<\/h3>\n<table width=\"100%\">\n<tbody>\n<tr>\n<td><b>Shape<\/b><\/td>\n<td>Round<\/td>\n<\/tr>\n<tr>\n<td><b>Grosor<\/b><\/td>\n<td>38 mm<\/td>\n<\/tr>\n<tr>\n<td><b>Weight<\/b><\/td>\n<td>360-375 gramos<\/td>\n<\/tr>\n<tr>\n<td><b>N\u00facleo<\/b><\/td>\n<td>HR3<\/td>\n<\/tr>\n<tr>\n<td><b>Marco<\/b><\/td>\n<td>Carbono<\/td>\n<\/tr>\n<tr>\n<td><b>Cara<\/b><\/td>\n<td>Fiber Glass Silvert<\/td>\n<\/tr>\n<tr>\n<td><b>Control<\/b><\/td>\n<td>10\/10<\/td>\n<\/tr>\n<tr>\n<td><b>Potencia<\/b><\/td>\n<td>9\/10<\/td>\n<\/tr>\n<\/tbody>\n<\/table>\n<h3>Technologies<\/h3>\n<p><b>MARCO DE CARBONO<\/b><\/p>\n<p>Utilizando este material en los marcos damos m\u00e1s rigidez y durabilidad al marco y a la pala en general.<\/p>\n<p><b>DCS &#8211; DYNAMIC COMPOSITE STRUCTURE<\/b><\/p>\n<p>Con la aplicaci\u00f3n de m\u00e1s cantidad de material desde el marco hasta cuatro cent\u00edmetros dentro de la cara minimizamos\u00a0la diferencia de dureza entre el marco y la cara. De este modo cuando se golpea la bola con las partes exteriores de la pala minimizamos el posible corte de las fibras que se podr\u00eda producir al hundirse la goma.<\/p>\n<p><b>GOMA HR3<\/b><\/p>\n<p>N\u00facleo con goma m\u00e1s densa a\u00fan que la HR3. Ampl\u00eda la rapidez con la que el n\u00facleo de la pala recupera su estado previo al golpeo de la bola. Con esta goma se consigue la m\u00e1xima potencia.<\/p>\n<p><b>FIBER GLASS SILVER<\/b><\/p>\n<p>Tejido de fibra de vidrio metalizado para otorgar un grado de rigidez\u00a0a medio camino entre la fibra de\u00a0carbono y la fibra de vidrio.<\/p>\n<p><b>SMARTSTRAP\u00ae<\/b><\/p>\n<p>Personaliza tu pala, mejora la higiene y la seguridad reemplazando f\u00e1cilmente el cord\u00f3n sin perder la garant\u00eda al no tener que manipular el tap\u00f3n inferior.<\/p>\n<p><b>SUPERF\u00cdCIE RUGOSA<\/b><\/p>\n<p>Superficie rugosa sobre la \u00faltima capa de la cara de la pala mediante un ba\u00f1o en arena de s\u00edlice de bajo gramaje. Con esta rugosidad se consigue golpes con mayor efecto.<\/p>","protected":false},"excerpt":{"rendered":"<p>La pala total.\u00a0 Una vez que se prueba nadie la quiere dejar: c\u00f3moda, s\u00f3lida, potente, duradera.\u00a0Id\u00e9ntica en todos los aspectos a su hermanas ML10 Pro Cup excepto en el acabado de las caras ya que la\u00a0<strong>ML10 Pro Cup Rough Surface Edition<\/strong><strong>\u00a0<\/strong>incorpora un acabado rugoso con arena de s\u00edlice para imprimir un mayor efecto en los golpeos.<\/p>\n<p>Incluye el sistema pionero de cord\u00f3n de seguridad reemplazable\u00a0<strong>Smartstrap\u00ae,\u00a0<\/strong>ahora evolucionado en una pieza compacta para mayor resistencia y seguridad<strong>.\u00a0<\/strong>M\u00e1s higi\u00e9nico, m\u00e1s seguro y m\u00e1s personalizable.<\/p>\n<h3>Features<\/h3>\n<table width=\"100%\">\n<tbody>\n<tr>\n<td><b>Shape<\/b><\/td>\n<td>Round<\/td>\n<\/tr>\n<tr>\n<td><b>Grosor<\/b><\/td>\n<td>38 mm<\/td>\n<\/tr>\n<tr>\n<td><b>Weight<\/b><\/td>\n<td>360-375 gramos<\/td>\n<\/tr>\n<tr>\n<td><b>N\u00facleo<\/b><\/td>\n<td>HR3<\/td>\n<\/tr>\n<tr>\n<td><b>Marco<\/b><\/td>\n<td>Carbono<\/td>\n<\/tr>\n<tr>\n<td><b>Cara<\/b><\/td>\n<td>Fiber Glass Silvert<\/td>\n<\/tr>\n<tr>\n<td><b>Control<\/b><\/td>\n<td>10\/10<\/td>\n<\/tr>\n<tr>\n<td><b>Potencia<\/b><\/td>\n<td>9\/10<\/td>\n<\/tr>\n<\/tbody>\n<\/table>\n<h3>Technologies<\/h3>\n<p><b>MARCO DE CARBONO<\/b><\/p>\n<p>Utilizando este material en los marcos damos m\u00e1s rigidez y durabilidad al marco y a la pala en general.<\/p>\n<p><b>DCS &#8211; DYNAMIC COMPOSITE STRUCTURE<\/b><\/p>\n<p>Con la aplicaci\u00f3n de m\u00e1s cantidad de material desde el marco hasta cuatro cent\u00edmetros dentro de la cara minimizamos\u00a0la diferencia de dureza entre el marco y la cara. De este modo cuando se golpea la bola con las partes exteriores de la pala minimizamos el posible corte de las fibras que se podr\u00eda producir al hundirse la goma.<\/p>\n<p><b>GOMA HR3<\/b><\/p>\n<p>N\u00facleo con goma m\u00e1s densa a\u00fan que la HR3. Ampl\u00eda la rapidez con la que el n\u00facleo de la pala recupera su estado previo al golpeo de la bola. Con esta goma se consigue la m\u00e1xima potencia.<\/p>\n<p><b>FIBER GLASS SILVER<\/b><\/p>\n<p>Tejido de fibra de vidrio metalizado para otorgar un grado de rigidez\u00a0a medio camino entre la fibra de\u00a0carbono y la fibra de vidrio.<\/p>\n<p><b>SMARTSTRAP\u00ae<\/b><\/p>\n<p>Personaliza tu pala, mejora la higiene y la seguridad reemplazando f\u00e1cilmente el cord\u00f3n sin perder la garant\u00eda al no tener que manipular el tap\u00f3n inferior.<\/p>\n<p><b>SUPERF\u00cdCIE RUGOSA<\/b><\/p>\n<p>Superficie rugosa sobre la \u00faltima capa de la cara de la pala mediante un ba\u00f1o en arena de s\u00edlice de bajo gramaje. Con esta rugosidad se consigue golpes con mayor efecto.<\/p>","protected":false},"featured_media":5572,"template":"","meta":[],"product_brand":[],"product_cat":[589,581,702,697,574,572,757,754,586],"product_tag":[],"class_list":{"0":"post-5571","1":"product","2":"type-product","3":"status-publish","4":"has-post-thumbnail","6":"product_cat-hombre-palas","7":"product_cat-intermedio-palas","8":"product_cat-miguel-lamperti","9":"product_cat-nox-padel","10":"product_cat-nox-palas","11":"product_cat-palas","12":"product_cat-palas-ofertas","13":"product_cat-rebajas","14":"product_cat-redonda-palas","15":"pa_brand-nox","16":"pa_gender-hombre","17":"pa_hs_code-134","19":"first","20":"outofstock","21":"sale","22":"taxable","23":"shipping-taxable","24":"purchasable","25":"product-type-simple"},"yoast_head":"<!-- This site is optimized with the Yoast SEO plugin v27.6 - https:\/\/yoast.com\/product\/yoast-seo-wordpress\/ -->\n<title>Pala Padel NOX ML10 Pro Cup Rough Surface Edition 2024 - Padel Zoco<\/title>\n<meta name=\"description\" content=\"Step into the arena of 2023 padel Rackets with the NOX ML10 PRO CUP Black Edition ARENA Padel Racket 2023. Buy it Now at Padel Zoco\" \/>\n<meta name=\"robots\" content=\"index, follow, max-snippet:-1, max-image-preview:large, max-video-preview:-1\" \/>\n<link rel=\"canonical\" href=\"https:\/\/padelzoco.es\/en\/product\/pala-padel-nox-ml10-pro-cup-rough-surface-edition-2024\/\" \/>\n<meta property=\"og:locale\" content=\"en_GB\" \/>\n<meta property=\"og:type\" content=\"article\" \/>\n<meta property=\"og:title\" content=\"Pala Padel NOX ML10 Pro Cup Rough Surface Edition 2024 - Padel Zoco\" \/>\n<meta property=\"og:description\" content=\"Step into the arena of 2023 padel Rackets with the NOX ML10 PRO CUP Black Edition ARENA Padel Racket 2023. Buy it Now at Padel Zoco\" \/>\n<meta property=\"og:url\" content=\"https:\/\/padelzoco.es\/en\/product\/pala-padel-nox-ml10-pro-cup-rough-surface-edition-2024\/\" \/>\n<meta property=\"og:site_name\" content=\"Padel Zoco\" \/>\n<meta property=\"article:modified_time\" content=\"2026-04-30T17:48:30+00:00\" \/>\n<meta property=\"og:image\" content=\"https:\/\/padelzoco.es\/wp-content\/uploads\/2023\/12\/NOX-ML10-PRO-CUP-BLACK-EDITION-ARENA-Padel-Racket-2023-racket-with-cover-bag-Image-1.webp\" \/>\n\t<meta property=\"og:image:width\" content=\"1400\" \/>\n\t<meta property=\"og:image:height\" content=\"1400\" \/>\n\t<meta property=\"og:image:type\" content=\"image\/webp\" \/>\n<meta name=\"twitter:card\" content=\"summary_large_image\" \/>\n<meta name=\"twitter:label1\" content=\"Estimated reading time\" \/>\n\t<meta name=\"twitter:data1\" content=\"2 minutes\" \/>\n<script type=\"application\/ld+json\" class=\"yoast-schema-graph\">{\"@context\":\"https:\\\/\\\/schema.org\",\"@graph\":[{\"@type\":\"WebPage\",\"@id\":\"https:\\\/\\\/padelzoco.es\\\/product\\\/pala-padel-nox-ml10-pro-cup-rough-surface-edition-2024\\\/\",\"url\":\"https:\\\/\\\/padelzoco.es\\\/product\\\/pala-padel-nox-ml10-pro-cup-rough-surface-edition-2024\\\/\",\"name\":\"Pala Padel NOX ML10 Pro Cup Rough Surface Edition 2024 - Padel Zoco\",\"isPartOf\":{\"@id\":\"https:\\\/\\\/padelzoco.es\\\/#website\"},\"primaryImageOfPage\":{\"@id\":\"https:\\\/\\\/padelzoco.es\\\/product\\\/pala-padel-nox-ml10-pro-cup-rough-surface-edition-2024\\\/#primaryimage\"},\"image\":{\"@id\":\"https:\\\/\\\/padelzoco.es\\\/product\\\/pala-padel-nox-ml10-pro-cup-rough-surface-edition-2024\\\/#primaryimage\"},\"thumbnailUrl\":\"https:\\\/\\\/padelzoco.es\\\/wp-content\\\/uploads\\\/2023\\\/12\\\/NOX-ML10-PRO-CUP-BLACK-EDITION-ARENA-Padel-Racket-2023-racket-with-cover-bag-Image-1.webp\",\"datePublished\":\"2023-12-04T01:08:22+00:00\",\"dateModified\":\"2026-04-30T17:48:30+00:00\",\"description\":\"Step into the arena of 2023 padel Rackets with the NOX ML10 PRO CUP Black Edition ARENA Padel Racket 2023. Buy it Now at Padel Zoco\",\"breadcrumb\":{\"@id\":\"https:\\\/\\\/padelzoco.es\\\/product\\\/pala-padel-nox-ml10-pro-cup-rough-surface-edition-2024\\\/#breadcrumb\"},\"inLanguage\":\"en-GB\",\"potentialAction\":[{\"@type\":\"ReadAction\",\"target\":[\"https:\\\/\\\/padelzoco.es\\\/product\\\/pala-padel-nox-ml10-pro-cup-rough-surface-edition-2024\\\/\"]}]},{\"@type\":\"ImageObject\",\"inLanguage\":\"en-GB\",\"@id\":\"https:\\\/\\\/padelzoco.es\\\/product\\\/pala-padel-nox-ml10-pro-cup-rough-surface-edition-2024\\\/#primaryimage\",\"url\":\"https:\\\/\\\/padelzoco.es\\\/wp-content\\\/uploads\\\/2023\\\/12\\\/NOX-ML10-PRO-CUP-BLACK-EDITION-ARENA-Padel-Racket-2023-racket-with-cover-bag-Image-1.webp\",\"contentUrl\":\"https:\\\/\\\/padelzoco.es\\\/wp-content\\\/uploads\\\/2023\\\/12\\\/NOX-ML10-PRO-CUP-BLACK-EDITION-ARENA-Padel-Racket-2023-racket-with-cover-bag-Image-1.webp\",\"width\":1400,\"height\":1400},{\"@type\":\"BreadcrumbList\",\"@id\":\"https:\\\/\\\/padelzoco.es\\\/product\\\/pala-padel-nox-ml10-pro-cup-rough-surface-edition-2024\\\/#breadcrumb\",\"itemListElement\":[{\"@type\":\"ListItem\",\"position\":1,\"name\":\"Home\",\"item\":\"https:\\\/\\\/padelzoco.es\\\/\"},{\"@type\":\"ListItem\",\"position\":2,\"name\":\"Padel Zoco\",\"item\":\"https:\\\/\\\/padelzoco.es\\\/padel-zoco\\\/\"},{\"@type\":\"ListItem\",\"position\":3,\"name\":\"Pala Padel NOX ML10 Pro Cup Rough Surface Edition 2024\"}]},{\"@type\":\"WebSite\",\"@id\":\"https:\\\/\\\/padelzoco.es\\\/#website\",\"url\":\"https:\\\/\\\/padelzoco.es\\\/\",\"name\":\"Padel Zoco\",\"description\":\"Padel Zoco | Spain\",\"publisher\":{\"@id\":\"https:\\\/\\\/padelzoco.es\\\/#organization\"},\"potentialAction\":[{\"@type\":\"SearchAction\",\"target\":{\"@type\":\"EntryPoint\",\"urlTemplate\":\"https:\\\/\\\/padelzoco.es\\\/?s={search_term_string}\"},\"query-input\":{\"@type\":\"PropertyValueSpecification\",\"valueRequired\":true,\"valueName\":\"search_term_string\"}}],\"inLanguage\":\"en-GB\"},{\"@type\":\"Organization\",\"@id\":\"https:\\\/\\\/padelzoco.es\\\/#organization\",\"name\":\"Padel Zoco\",\"url\":\"https:\\\/\\\/padelzoco.es\\\/\",\"logo\":{\"@type\":\"ImageObject\",\"inLanguage\":\"en-GB\",\"@id\":\"https:\\\/\\\/padelzoco.es\\\/#\\\/schema\\\/logo\\\/image\\\/\",\"url\":\"https:\\\/\\\/padelzoco.es\\\/wp-content\\\/uploads\\\/2023\\\/11\\\/PadelZoco_Logo_black_white.webp\",\"contentUrl\":\"https:\\\/\\\/padelzoco.es\\\/wp-content\\\/uploads\\\/2023\\\/11\\\/PadelZoco_Logo_black_white.webp\",\"width\":1500,\"height\":631,\"caption\":\"Padel Zoco\"},\"image\":{\"@id\":\"https:\\\/\\\/padelzoco.es\\\/#\\\/schema\\\/logo\\\/image\\\/\"}}]}<\/script>\n<!-- \/ Yoast SEO plugin. -->","yoast_head_json":{"title":"Pala Padel NOX ML10 Pro Cup Rough Surface Edition 2024 - Padel Zoco","description":"Step into the arena of 2023 padel Rackets with the NOX ML10 PRO CUP Black Edition ARENA Padel Racket 2023. Buy it Now at Padel Zoco","robots":{"index":"index","follow":"follow","max-snippet":"max-snippet:-1","max-image-preview":"max-image-preview:large","max-video-preview":"max-video-preview:-1"},"canonical":"https:\/\/padelzoco.es\/en\/product\/pala-padel-nox-ml10-pro-cup-rough-surface-edition-2024\/","og_locale":"en_GB","og_type":"article","og_title":"Pala Padel NOX ML10 Pro Cup Rough Surface Edition 2024 - Padel Zoco","og_description":"Step into the arena of 2023 padel Rackets with the NOX ML10 PRO CUP Black Edition ARENA Padel Racket 2023. Buy it Now at Padel Zoco","og_url":"https:\/\/padelzoco.es\/en\/product\/pala-padel-nox-ml10-pro-cup-rough-surface-edition-2024\/","og_site_name":"Padel Zoco","article_modified_time":"2026-04-30T17:48:30+00:00","og_image":[{"width":1400,"height":1400,"url":"https:\/\/padelzoco.es\/wp-content\/uploads\/2023\/12\/NOX-ML10-PRO-CUP-BLACK-EDITION-ARENA-Padel-Racket-2023-racket-with-cover-bag-Image-1.webp","type":"image\/webp"}],"twitter_card":"summary_large_image","twitter_misc":{"Estimated reading time":"2 minutes"},"schema":{"@context":"https:\/\/schema.org","@graph":[{"@type":"WebPage","@id":"https:\/\/padelzoco.es\/product\/pala-padel-nox-ml10-pro-cup-rough-surface-edition-2024\/","url":"https:\/\/padelzoco.es\/product\/pala-padel-nox-ml10-pro-cup-rough-surface-edition-2024\/","name":"Pala Padel NOX ML10 Pro Cup Rough Surface Edition 2024 - Padel Zoco","isPartOf":{"@id":"https:\/\/padelzoco.es\/#website"},"primaryImageOfPage":{"@id":"https:\/\/padelzoco.es\/product\/pala-padel-nox-ml10-pro-cup-rough-surface-edition-2024\/#primaryimage"},"image":{"@id":"https:\/\/padelzoco.es\/product\/pala-padel-nox-ml10-pro-cup-rough-surface-edition-2024\/#primaryimage"},"thumbnailUrl":"https:\/\/padelzoco.es\/wp-content\/uploads\/2023\/12\/NOX-ML10-PRO-CUP-BLACK-EDITION-ARENA-Padel-Racket-2023-racket-with-cover-bag-Image-1.webp","datePublished":"2023-12-04T01:08:22+00:00","dateModified":"2026-04-30T17:48:30+00:00","description":"Step into the arena of 2023 padel Rackets with the NOX ML10 PRO CUP Black Edition ARENA Padel Racket 2023. Buy it Now at Padel Zoco","breadcrumb":{"@id":"https:\/\/padelzoco.es\/product\/pala-padel-nox-ml10-pro-cup-rough-surface-edition-2024\/#breadcrumb"},"inLanguage":"en-GB","potentialAction":[{"@type":"ReadAction","target":["https:\/\/padelzoco.es\/product\/pala-padel-nox-ml10-pro-cup-rough-surface-edition-2024\/"]}]},{"@type":"ImageObject","inLanguage":"en-GB","@id":"https:\/\/padelzoco.es\/product\/pala-padel-nox-ml10-pro-cup-rough-surface-edition-2024\/#primaryimage","url":"https:\/\/padelzoco.es\/wp-content\/uploads\/2023\/12\/NOX-ML10-PRO-CUP-BLACK-EDITION-ARENA-Padel-Racket-2023-racket-with-cover-bag-Image-1.webp","contentUrl":"https:\/\/padelzoco.es\/wp-content\/uploads\/2023\/12\/NOX-ML10-PRO-CUP-BLACK-EDITION-ARENA-Padel-Racket-2023-racket-with-cover-bag-Image-1.webp","width":1400,"height":1400},{"@type":"BreadcrumbList","@id":"https:\/\/padelzoco.es\/product\/pala-padel-nox-ml10-pro-cup-rough-surface-edition-2024\/#breadcrumb","itemListElement":[{"@type":"ListItem","position":1,"name":"Home","item":"https:\/\/padelzoco.es\/"},{"@type":"ListItem","position":2,"name":"Padel Zoco","item":"https:\/\/padelzoco.es\/padel-zoco\/"},{"@type":"ListItem","position":3,"name":"Pala Padel NOX ML10 Pro Cup Rough Surface Edition 2024"}]},{"@type":"WebSite","@id":"https:\/\/padelzoco.es\/#website","url":"https:\/\/padelzoco.es\/","name":"Padel Zoco","description":"Padel Zoco | Spain","publisher":{"@id":"https:\/\/padelzoco.es\/#organization"},"potentialAction":[{"@type":"SearchAction","target":{"@type":"EntryPoint","urlTemplate":"https:\/\/padelzoco.es\/?s={search_term_string}"},"query-input":{"@type":"PropertyValueSpecification","valueRequired":true,"valueName":"search_term_string"}}],"inLanguage":"en-GB"},{"@type":"Organization","@id":"https:\/\/padelzoco.es\/#organization","name":"Padel Zoco","url":"https:\/\/padelzoco.es\/","logo":{"@type":"ImageObject","inLanguage":"en-GB","@id":"https:\/\/padelzoco.es\/#\/schema\/logo\/image\/","url":"https:\/\/padelzoco.es\/wp-content\/uploads\/2023\/11\/PadelZoco_Logo_black_white.webp","contentUrl":"https:\/\/padelzoco.es\/wp-content\/uploads\/2023\/11\/PadelZoco_Logo_black_white.webp","width":1500,"height":631,"caption":"Padel Zoco"},"image":{"@id":"https:\/\/padelzoco.es\/#\/schema\/logo\/image\/"}}]}},"_links":{"self":[{"href":"https:\/\/padelzoco.es\/en\/wp-json\/wp\/v2\/product\/5571","targetHints":{"allow":["GET"]}}],"collection":[{"href":"https:\/\/padelzoco.es\/en\/wp-json\/wp\/v2\/product"}],"about":[{"href":"https:\/\/padelzoco.es\/en\/wp-json\/wp\/v2\/types\/product"}],"version-history":[{"count":1,"href":"https:\/\/padelzoco.es\/en\/wp-json\/wp\/v2\/product\/5571\/revisions"}],"predecessor-version":[{"id":27994,"href":"https:\/\/padelzoco.es\/en\/wp-json\/wp\/v2\/product\/5571\/revisions\/27994"}],"wp:featuredmedia":[{"embeddable":true,"href":"https:\/\/padelzoco.es\/en\/wp-json\/wp\/v2\/media\/5572"}],"wp:attachment":[{"href":"https:\/\/padelzoco.es\/en\/wp-json\/wp\/v2\/media?parent=5571"}],"wp:term":[{"taxonomy":"product_brand","embeddable":true,"href":"https:\/\/padelzoco.es\/en\/wp-json\/wp\/v2\/product_brand?post=5571"},{"taxonomy":"product_cat","embeddable":true,"href":"https:\/\/padelzoco.es\/en\/wp-json\/wp\/v2\/product_cat?post=5571"},{"taxonomy":"product_tag","embeddable":true,"href":"https:\/\/padelzoco.es\/en\/wp-json\/wp\/v2\/product_tag?post=5571"}],"curies":[{"name":"wp","href":"https:\/\/api.w.org\/{rel}","templated":true}]}}