{"id":5614,"date":"2023-12-04T01:24:53","date_gmt":"2023-12-04T01:24:53","guid":{"rendered":"https:\/\/adc06f55e9.nxcli.io\/?post_type=product&#038;p=5614"},"modified":"2026-02-02T09:27:23","modified_gmt":"2026-02-02T08:27:23","slug":"pala-padel-nox-x-one-evo-rojo-2024","status":"publish","type":"product","link":"https:\/\/padelzoco.es\/en\/product\/pala-padel-nox-x-one-evo-rojo-2024\/","title":{"rendered":"Pala Padel NOX X-One Evo Rojo 2024"},"content":{"rendered":"<h3><strong>Mejor Pala de Iniciaci\u00f3n en los Testea Padel Racket Awards 2023.<\/strong><\/h3>\n<p>La pala Nox\u00a0<strong>X-ONE EVO Red<\/strong>\u00a0es perfecta para todo tipo de jugador. Destaca por su consistencia y confort, siendo una pala\u00a0divertida con la que es muy f\u00e1cil jugar.<\/p>\n<p>Incorpora alguna de las tecnolog\u00edas de palas de gamas superiores, como la\u00a0<strong>goma HR3<\/strong>,\u00a0el marco de carbono y la fibra de vidrio 3K de los planos hacen de la\u00a0<strong>X-ONE EVO\u00a0Red<\/strong>\u00a0una excelente opci\u00f3n para los jugadores que buscan una pala de excelentes prestaciones a un precio moderado.<\/p>\n<h3>Features<\/h3>\n<table width=\"100%\">\n<tbody>\n<tr>\n<td><b>Shape<\/b><\/td>\n<td>Round<\/td>\n<\/tr>\n<tr>\n<td><b>Grosor<\/b><\/td>\n<td>38 mm<\/td>\n<\/tr>\n<tr>\n<td><b>Weight<\/b><\/td>\n<td>360-375 gramos<\/td>\n<\/tr>\n<tr>\n<td><b>N\u00facleo<\/b><\/td>\n<td>HR3<\/td>\n<\/tr>\n<tr>\n<td><b>Marco<\/b><\/td>\n<td>30% carbono<\/td>\n<\/tr>\n<tr>\n<td><b>Cara<\/b><\/td>\n<td>Fiber Glass<\/td>\n<\/tr>\n<tr>\n<td><b>Control<\/b><\/td>\n<td>8\/10<\/td>\n<\/tr>\n<tr>\n<td><b>Potencia<\/b><\/td>\n<td>8\/10<\/td>\n<\/tr>\n<\/tbody>\n<\/table>\n<h3>Technologies<\/h3>\n<p><b>MARCO DE CARBONO<\/b><\/p>\n<p>Utilizando este material en los marcos damos m\u00e1s rigidez y durabilidad al marco y a la pala en general.<\/p>\n<p><b>DCS &#8211; DYNAMIC COMPOSITE STRUCTURE<\/b><\/p>\n<p>Con la aplicaci\u00f3n de m\u00e1s cantidad de material desde el marco hasta cuatro cent\u00edmetros dentro de la cara minimizamos\u00a0la diferencia de dureza entre el marco y la cara. De este modo cuando se golpea la bola con las partes exteriores de la pala minimizamos el posible corte de las fibras que se podr\u00eda producir al hundirse la goma.<\/p>\n<p><b>GOMA HR3<\/b><\/p>\n<p>N\u00facleo con goma m\u00e1s densa a\u00fan que la HR3. Ampl\u00eda la rapidez con la que el n\u00facleo de la pala recupera su estado previo al golpeo de la bola. Con esta goma se consigue la m\u00e1xima potencia.<\/p>\n<p><b>FIBER GLASS<\/b><\/p>\n<p>Los hilos de fibra de vidrio se entrelazan para formar cuadrados diminutos para lograr el tejido 3K resultando en un producto de mayor resistencia.<\/p>\n<p><b>SUPERF\u00cdCIE RUGOSA<\/b><\/p>\n<p>Superficie rugosa sobre la \u00faltima capa de la cara de la pala mediante un\u00a0relieve en forma de panal de abeja. Con esta rugosidad se consigue golpes con mayor efecto.<\/p>","protected":false},"excerpt":{"rendered":"<h3><strong>Mejor Pala de Iniciaci\u00f3n en los Testea Padel Racket Awards 2023.<\/strong><\/h3>\n<p>La pala Nox\u00a0<strong>X-ONE EVO Red<\/strong>\u00a0es perfecta para todo tipo de jugador. Destaca por su consistencia y confort, siendo una pala\u00a0divertida con la que es muy f\u00e1cil jugar.<\/p>\n<p>Incorpora alguna de las tecnolog\u00edas de palas de gamas superiores, como la\u00a0<strong>goma HR3<\/strong>,\u00a0el marco de carbono y la fibra de vidrio 3K de los planos hacen de la\u00a0<strong>X-ONE EVO\u00a0Red<\/strong>\u00a0una excelente opci\u00f3n para los jugadores que buscan una pala de excelentes prestaciones a un precio moderado.<\/p>\n<h3>Features<\/h3>\n<table width=\"100%\">\n<tbody>\n<tr>\n<td><b>Shape<\/b><\/td>\n<td>Round<\/td>\n<\/tr>\n<tr>\n<td><b>Grosor<\/b><\/td>\n<td>38 mm<\/td>\n<\/tr>\n<tr>\n<td><b>Weight<\/b><\/td>\n<td>360-375 gramos<\/td>\n<\/tr>\n<tr>\n<td><b>N\u00facleo<\/b><\/td>\n<td>HR3<\/td>\n<\/tr>\n<tr>\n<td><b>Marco<\/b><\/td>\n<td>30% carbono<\/td>\n<\/tr>\n<tr>\n<td><b>Cara<\/b><\/td>\n<td>Fiber Glass<\/td>\n<\/tr>\n<tr>\n<td><b>Control<\/b><\/td>\n<td>8\/10<\/td>\n<\/tr>\n<tr>\n<td><b>Potencia<\/b><\/td>\n<td>8\/10<\/td>\n<\/tr>\n<\/tbody>\n<\/table>\n<h3>Technologies<\/h3>\n<p><b>MARCO DE CARBONO<\/b><\/p>\n<p>Utilizando este material en los marcos damos m\u00e1s rigidez y durabilidad al marco y a la pala en general.<\/p>\n<p><b>DCS &#8211; DYNAMIC COMPOSITE STRUCTURE<\/b><\/p>\n<p>Con la aplicaci\u00f3n de m\u00e1s cantidad de material desde el marco hasta cuatro cent\u00edmetros dentro de la cara minimizamos\u00a0la diferencia de dureza entre el marco y la cara. De este modo cuando se golpea la bola con las partes exteriores de la pala minimizamos el posible corte de las fibras que se podr\u00eda producir al hundirse la goma.<\/p>\n<p><b>GOMA HR3<\/b><\/p>\n<p>N\u00facleo con goma m\u00e1s densa a\u00fan que la HR3. Ampl\u00eda la rapidez con la que el n\u00facleo de la pala recupera su estado previo al golpeo de la bola. Con esta goma se consigue la m\u00e1xima potencia.<\/p>\n<p><b>FIBER GLASS<\/b><\/p>\n<p>Los hilos de fibra de vidrio se entrelazan para formar cuadrados diminutos para lograr el tejido 3K resultando en un producto de mayor resistencia.<\/p>\n<p><b>SUPERF\u00cdCIE RUGOSA<\/b><\/p>\n<p>Superficie rugosa sobre la \u00faltima capa de la cara de la pala mediante un\u00a0relieve en forma de panal de abeja. Con esta rugosidad se consigue golpes con mayor efecto.<\/p>","protected":false},"featured_media":5615,"template":"","meta":[],"product_brand":[],"product_cat":[589,581,697,574,572,757,580,754,586],"product_tag":[],"class_list":{"0":"post-5614","1":"product","2":"type-product","3":"status-publish","4":"has-post-thumbnail","6":"product_cat-hombre-palas","7":"product_cat-intermedio-palas","8":"product_cat-nox-padel","9":"product_cat-nox-palas","10":"product_cat-palas","11":"product_cat-palas-ofertas","12":"product_cat-principiante-palas","13":"product_cat-rebajas","14":"product_cat-redonda-palas","15":"pa_brand-nox","16":"pa_gender-hombre","17":"pa_hs_code-134","19":"first","20":"outofstock","21":"sale","22":"taxable","23":"shipping-taxable","24":"purchasable","25":"product-type-simple"},"yoast_head":"<!-- This site is optimized with the Yoast SEO plugin v27.3 - https:\/\/yoast.com\/product\/yoast-seo-wordpress\/ -->\n<title>Pala Padel NOX X-One Evo Rojo 2024 - Padel Zoco<\/title>\n<meta name=\"description\" content=\"One of the best 2023 nox padel racket X-ONE Red a perfect match for all padel players with HR3 rubber core for the extended power and control. Buy Now.\" \/>\n<meta name=\"robots\" content=\"index, follow, max-snippet:-1, max-image-preview:large, max-video-preview:-1\" \/>\n<link rel=\"canonical\" href=\"https:\/\/padelzoco.es\/en\/product\/pala-padel-nox-x-one-evo-rojo-2024\/\" \/>\n<meta property=\"og:locale\" content=\"en_GB\" \/>\n<meta property=\"og:type\" content=\"article\" \/>\n<meta property=\"og:title\" content=\"Pala Padel NOX X-One Evo Rojo 2024 - Padel Zoco\" \/>\n<meta property=\"og:description\" content=\"One of the best 2023 nox padel racket X-ONE Red a perfect match for all padel players with HR3 rubber core for the extended power and control. Buy Now.\" \/>\n<meta property=\"og:url\" content=\"https:\/\/padelzoco.es\/en\/product\/pala-padel-nox-x-one-evo-rojo-2024\/\" \/>\n<meta property=\"og:site_name\" content=\"Padel Zoco\" \/>\n<meta property=\"article:modified_time\" content=\"2026-02-02T08:27:23+00:00\" \/>\n<meta property=\"og:image\" content=\"https:\/\/padelzoco.es\/wp-content\/uploads\/2023\/12\/NOX-X-ONE-Red-Padel-Racket-2023-rackets-with-cover-bag-Image-1.webp\" \/>\n\t<meta property=\"og:image:width\" content=\"1400\" \/>\n\t<meta property=\"og:image:height\" content=\"1400\" \/>\n\t<meta property=\"og:image:type\" content=\"image\/webp\" \/>\n<meta name=\"twitter:card\" content=\"summary_large_image\" \/>\n<meta name=\"twitter:label1\" content=\"Estimated reading time\" \/>\n\t<meta name=\"twitter:data1\" content=\"2 minutes\" \/>\n<script type=\"application\/ld+json\" class=\"yoast-schema-graph\">{\"@context\":\"https:\\\/\\\/schema.org\",\"@graph\":[{\"@type\":\"WebPage\",\"@id\":\"https:\\\/\\\/padelzoco.es\\\/product\\\/pala-padel-nox-x-one-evo-rojo-2024\\\/\",\"url\":\"https:\\\/\\\/padelzoco.es\\\/product\\\/pala-padel-nox-x-one-evo-rojo-2024\\\/\",\"name\":\"Pala Padel NOX X-One Evo Rojo 2024 - Padel Zoco\",\"isPartOf\":{\"@id\":\"https:\\\/\\\/padelzoco.es\\\/#website\"},\"primaryImageOfPage\":{\"@id\":\"https:\\\/\\\/padelzoco.es\\\/product\\\/pala-padel-nox-x-one-evo-rojo-2024\\\/#primaryimage\"},\"image\":{\"@id\":\"https:\\\/\\\/padelzoco.es\\\/product\\\/pala-padel-nox-x-one-evo-rojo-2024\\\/#primaryimage\"},\"thumbnailUrl\":\"https:\\\/\\\/padelzoco.es\\\/wp-content\\\/uploads\\\/2023\\\/12\\\/NOX-X-ONE-Red-Padel-Racket-2023-rackets-with-cover-bag-Image-1.webp\",\"datePublished\":\"2023-12-04T01:24:53+00:00\",\"dateModified\":\"2026-02-02T08:27:23+00:00\",\"description\":\"One of the best 2023 nox padel racket X-ONE Red a perfect match for all padel players with HR3 rubber core for the extended power and control. Buy Now.\",\"breadcrumb\":{\"@id\":\"https:\\\/\\\/padelzoco.es\\\/product\\\/pala-padel-nox-x-one-evo-rojo-2024\\\/#breadcrumb\"},\"inLanguage\":\"en-GB\",\"potentialAction\":[{\"@type\":\"ReadAction\",\"target\":[\"https:\\\/\\\/padelzoco.es\\\/product\\\/pala-padel-nox-x-one-evo-rojo-2024\\\/\"]}]},{\"@type\":\"ImageObject\",\"inLanguage\":\"en-GB\",\"@id\":\"https:\\\/\\\/padelzoco.es\\\/product\\\/pala-padel-nox-x-one-evo-rojo-2024\\\/#primaryimage\",\"url\":\"https:\\\/\\\/padelzoco.es\\\/wp-content\\\/uploads\\\/2023\\\/12\\\/NOX-X-ONE-Red-Padel-Racket-2023-rackets-with-cover-bag-Image-1.webp\",\"contentUrl\":\"https:\\\/\\\/padelzoco.es\\\/wp-content\\\/uploads\\\/2023\\\/12\\\/NOX-X-ONE-Red-Padel-Racket-2023-rackets-with-cover-bag-Image-1.webp\",\"width\":1400,\"height\":1400},{\"@type\":\"BreadcrumbList\",\"@id\":\"https:\\\/\\\/padelzoco.es\\\/product\\\/pala-padel-nox-x-one-evo-rojo-2024\\\/#breadcrumb\",\"itemListElement\":[{\"@type\":\"ListItem\",\"position\":1,\"name\":\"Home\",\"item\":\"https:\\\/\\\/padelzoco.es\\\/\"},{\"@type\":\"ListItem\",\"position\":2,\"name\":\"Padel Zoco\",\"item\":\"https:\\\/\\\/padelzoco.es\\\/padel-zoco\\\/\"},{\"@type\":\"ListItem\",\"position\":3,\"name\":\"Pala Padel NOX X-One Evo Rojo 2024\"}]},{\"@type\":\"WebSite\",\"@id\":\"https:\\\/\\\/padelzoco.es\\\/#website\",\"url\":\"https:\\\/\\\/padelzoco.es\\\/\",\"name\":\"Padel Zoco\",\"description\":\"Padel Zoco | Spain\",\"publisher\":{\"@id\":\"https:\\\/\\\/padelzoco.es\\\/#organization\"},\"potentialAction\":[{\"@type\":\"SearchAction\",\"target\":{\"@type\":\"EntryPoint\",\"urlTemplate\":\"https:\\\/\\\/padelzoco.es\\\/?s={search_term_string}\"},\"query-input\":{\"@type\":\"PropertyValueSpecification\",\"valueRequired\":true,\"valueName\":\"search_term_string\"}}],\"inLanguage\":\"en-GB\"},{\"@type\":\"Organization\",\"@id\":\"https:\\\/\\\/padelzoco.es\\\/#organization\",\"name\":\"Padel Zoco\",\"url\":\"https:\\\/\\\/padelzoco.es\\\/\",\"logo\":{\"@type\":\"ImageObject\",\"inLanguage\":\"en-GB\",\"@id\":\"https:\\\/\\\/padelzoco.es\\\/#\\\/schema\\\/logo\\\/image\\\/\",\"url\":\"https:\\\/\\\/padelzoco.es\\\/wp-content\\\/uploads\\\/2023\\\/11\\\/PadelZoco_Logo_black_white.webp\",\"contentUrl\":\"https:\\\/\\\/padelzoco.es\\\/wp-content\\\/uploads\\\/2023\\\/11\\\/PadelZoco_Logo_black_white.webp\",\"width\":1500,\"height\":631,\"caption\":\"Padel Zoco\"},\"image\":{\"@id\":\"https:\\\/\\\/padelzoco.es\\\/#\\\/schema\\\/logo\\\/image\\\/\"}}]}<\/script>\n<!-- \/ Yoast SEO plugin. -->","yoast_head_json":{"title":"Pala Padel NOX X-One Evo Rojo 2024 - Padel Zoco","description":"One of the best 2023 nox padel racket X-ONE Red a perfect match for all padel players with HR3 rubber core for the extended power and control. Buy Now.","robots":{"index":"index","follow":"follow","max-snippet":"max-snippet:-1","max-image-preview":"max-image-preview:large","max-video-preview":"max-video-preview:-1"},"canonical":"https:\/\/padelzoco.es\/en\/product\/pala-padel-nox-x-one-evo-rojo-2024\/","og_locale":"en_GB","og_type":"article","og_title":"Pala Padel NOX X-One Evo Rojo 2024 - Padel Zoco","og_description":"One of the best 2023 nox padel racket X-ONE Red a perfect match for all padel players with HR3 rubber core for the extended power and control. Buy Now.","og_url":"https:\/\/padelzoco.es\/en\/product\/pala-padel-nox-x-one-evo-rojo-2024\/","og_site_name":"Padel Zoco","article_modified_time":"2026-02-02T08:27:23+00:00","og_image":[{"width":1400,"height":1400,"url":"https:\/\/padelzoco.es\/wp-content\/uploads\/2023\/12\/NOX-X-ONE-Red-Padel-Racket-2023-rackets-with-cover-bag-Image-1.webp","type":"image\/webp"}],"twitter_card":"summary_large_image","twitter_misc":{"Estimated reading time":"2 minutes"},"schema":{"@context":"https:\/\/schema.org","@graph":[{"@type":"WebPage","@id":"https:\/\/padelzoco.es\/product\/pala-padel-nox-x-one-evo-rojo-2024\/","url":"https:\/\/padelzoco.es\/product\/pala-padel-nox-x-one-evo-rojo-2024\/","name":"Pala Padel NOX X-One Evo Rojo 2024 - Padel Zoco","isPartOf":{"@id":"https:\/\/padelzoco.es\/#website"},"primaryImageOfPage":{"@id":"https:\/\/padelzoco.es\/product\/pala-padel-nox-x-one-evo-rojo-2024\/#primaryimage"},"image":{"@id":"https:\/\/padelzoco.es\/product\/pala-padel-nox-x-one-evo-rojo-2024\/#primaryimage"},"thumbnailUrl":"https:\/\/padelzoco.es\/wp-content\/uploads\/2023\/12\/NOX-X-ONE-Red-Padel-Racket-2023-rackets-with-cover-bag-Image-1.webp","datePublished":"2023-12-04T01:24:53+00:00","dateModified":"2026-02-02T08:27:23+00:00","description":"One of the best 2023 nox padel racket X-ONE Red a perfect match for all padel players with HR3 rubber core for the extended power and control. Buy Now.","breadcrumb":{"@id":"https:\/\/padelzoco.es\/product\/pala-padel-nox-x-one-evo-rojo-2024\/#breadcrumb"},"inLanguage":"en-GB","potentialAction":[{"@type":"ReadAction","target":["https:\/\/padelzoco.es\/product\/pala-padel-nox-x-one-evo-rojo-2024\/"]}]},{"@type":"ImageObject","inLanguage":"en-GB","@id":"https:\/\/padelzoco.es\/product\/pala-padel-nox-x-one-evo-rojo-2024\/#primaryimage","url":"https:\/\/padelzoco.es\/wp-content\/uploads\/2023\/12\/NOX-X-ONE-Red-Padel-Racket-2023-rackets-with-cover-bag-Image-1.webp","contentUrl":"https:\/\/padelzoco.es\/wp-content\/uploads\/2023\/12\/NOX-X-ONE-Red-Padel-Racket-2023-rackets-with-cover-bag-Image-1.webp","width":1400,"height":1400},{"@type":"BreadcrumbList","@id":"https:\/\/padelzoco.es\/product\/pala-padel-nox-x-one-evo-rojo-2024\/#breadcrumb","itemListElement":[{"@type":"ListItem","position":1,"name":"Home","item":"https:\/\/padelzoco.es\/"},{"@type":"ListItem","position":2,"name":"Padel Zoco","item":"https:\/\/padelzoco.es\/padel-zoco\/"},{"@type":"ListItem","position":3,"name":"Pala Padel NOX X-One Evo Rojo 2024"}]},{"@type":"WebSite","@id":"https:\/\/padelzoco.es\/#website","url":"https:\/\/padelzoco.es\/","name":"Padel Zoco","description":"Padel Zoco | Spain","publisher":{"@id":"https:\/\/padelzoco.es\/#organization"},"potentialAction":[{"@type":"SearchAction","target":{"@type":"EntryPoint","urlTemplate":"https:\/\/padelzoco.es\/?s={search_term_string}"},"query-input":{"@type":"PropertyValueSpecification","valueRequired":true,"valueName":"search_term_string"}}],"inLanguage":"en-GB"},{"@type":"Organization","@id":"https:\/\/padelzoco.es\/#organization","name":"Padel Zoco","url":"https:\/\/padelzoco.es\/","logo":{"@type":"ImageObject","inLanguage":"en-GB","@id":"https:\/\/padelzoco.es\/#\/schema\/logo\/image\/","url":"https:\/\/padelzoco.es\/wp-content\/uploads\/2023\/11\/PadelZoco_Logo_black_white.webp","contentUrl":"https:\/\/padelzoco.es\/wp-content\/uploads\/2023\/11\/PadelZoco_Logo_black_white.webp","width":1500,"height":631,"caption":"Padel Zoco"},"image":{"@id":"https:\/\/padelzoco.es\/#\/schema\/logo\/image\/"}}]}},"_links":{"self":[{"href":"https:\/\/padelzoco.es\/en\/wp-json\/wp\/v2\/product\/5614","targetHints":{"allow":["GET"]}}],"collection":[{"href":"https:\/\/padelzoco.es\/en\/wp-json\/wp\/v2\/product"}],"about":[{"href":"https:\/\/padelzoco.es\/en\/wp-json\/wp\/v2\/types\/product"}],"version-history":[{"count":1,"href":"https:\/\/padelzoco.es\/en\/wp-json\/wp\/v2\/product\/5614\/revisions"}],"predecessor-version":[{"id":27991,"href":"https:\/\/padelzoco.es\/en\/wp-json\/wp\/v2\/product\/5614\/revisions\/27991"}],"wp:featuredmedia":[{"embeddable":true,"href":"https:\/\/padelzoco.es\/en\/wp-json\/wp\/v2\/media\/5615"}],"wp:attachment":[{"href":"https:\/\/padelzoco.es\/en\/wp-json\/wp\/v2\/media?parent=5614"}],"wp:term":[{"taxonomy":"product_brand","embeddable":true,"href":"https:\/\/padelzoco.es\/en\/wp-json\/wp\/v2\/product_brand?post=5614"},{"taxonomy":"product_cat","embeddable":true,"href":"https:\/\/padelzoco.es\/en\/wp-json\/wp\/v2\/product_cat?post=5614"},{"taxonomy":"product_tag","embeddable":true,"href":"https:\/\/padelzoco.es\/en\/wp-json\/wp\/v2\/product_tag?post=5614"}],"curies":[{"name":"wp","href":"https:\/\/api.w.org\/{rel}","templated":true}]}}