{"id":5785,"date":"2023-12-04T08:46:13","date_gmt":"2023-12-04T08:46:13","guid":{"rendered":"https:\/\/adc06f55e9.nxcli.io\/?post_type=product&#038;p=5785"},"modified":"2026-02-11T15:14:11","modified_gmt":"2026-02-11T14:14:11","slug":"zapatillas-padel-nox-at-10-fiery-rojo-negro","status":"publish","type":"product","link":"https:\/\/padelzoco.es\/en\/product\/zapatillas-padel-nox-at-10-fiery-rojo-negro\/","title":{"rendered":"Zapatillas Padel NOX AT 10 Fiery Rojo\/Negro"},"content":{"rendered":"<p class=\"p1\">Las nuevas\u00a0<strong>Zapatillas de Padel Nox AT10<\/strong>\u00a0elegidas espec\u00edficamente por\u00a0<strong>Agust\u00edn Tapia<\/strong>.<\/p>\n<p class=\"p1\">Junto a sus hermanas, Las AT10 LUX y las ML10 HEXA, son el primer calzado de p\u00e1del\u00a0espec\u00edficamente\u00a0dise\u00f1ado para tu salud, avalado cl\u00ednicamente y certificado en laboratorio.<\/p>\n<p class=\"p1\">Todas las\u00a0zapatillas de p\u00e1del Nox han sido dise\u00f1adas y fabricadas con el objetivo de\u00a0<strong>minimizar el riesgo de lesiones<\/strong>\u00a0and\u00a0<strong>optimizar el rendimiento del jugador de p\u00e1del<\/strong>.<\/p>\n<p>La tecnolog\u00eda\u00a0<strong>AGG<\/strong>\u00a0(<strong>Advanced Gravity Geometry<\/strong>) aporta un mayor \u201cdrop\u201d (altura del tal\u00f3n respecto a la puntera), facilitando la posici\u00f3n de espera y los arranques en carrera del jugador. Disminuye la sobrecarga de los gemelos y\u00a0<strong>MINIMIZA EL RIESGO DE LESIONES<\/strong>\u00a0musculares.<\/p>\n<p>Mayor\u00a0<strong>ESTABILIDAD<\/strong>\u00a0gracias a la tecnolog\u00eda\u00a0<strong>LATERAL SUPPORT<\/strong>, que proporciona mayor superf\u00edcie de contacto de la suela con el piso y minimiza el riesgo de torceduras en desplazamientos laterales.<\/p>\n<p>Suela de\u00a0<strong>AGARRE<\/strong>\u00a0\u00f3ptimo que combina el patr\u00f3n en forma de espiga con peque\u00f1os tacos.<\/p>\n<p>M\u00e1xima\u00a0<strong>AMORTIGUACI\u00d3N<\/strong>\u00a0y retorno de la energ\u00eda gracias al montado Strobel de la planta de goma EVA tipo popcorn y la mediasuela de phylon inyectado de baja densidad. Refuerzo lateral interior (AbraXone) para incrementar la resistencia a la abrasi\u00f3n y dotar la zapatilla de mayor estabilidad.<\/p>\n<p>Plantilla Ortholite para m\u00e1ximo\u00a0<strong>CONFORT<\/strong>\u00a0en el juego.\u00a0Cuanta con un amortiguado\u00a0excelente para reducir la sensaci\u00f3n de fatiga. Adem\u00e1s, su\u00a0<strong>acci\u00f3n anti-microbiana<\/strong>\u00a0evita la acumulaci\u00f3n de bacterias y el mal olor. Proporcionan un \u00f3ptimo rendimiento sin a\u00f1adir peso al calzado.<\/p>","protected":false},"excerpt":{"rendered":"<p class=\"p1\">Las nuevas\u00a0<strong>Zapatillas de Padel Nox AT10 2022<\/strong>\u00a0elegidas espec\u00edficamente por\u00a0<strong>Agust\u00edn Tapia<\/strong>.<\/p>\n<p class=\"p1\">Junto a sus hermanas, Las AT10 LUX y las ML10 HEXA, son el primer calzado de p\u00e1del\u00a0espec\u00edficamente\u00a0dise\u00f1ado para tu salud, avalado cl\u00ednicamente y certificado en laboratorio.<\/p>\n<p class=\"p1\">Todas las\u00a0zapatillas de p\u00e1del Nox han sido dise\u00f1adas y fabricadas con el objetivo de\u00a0<strong>minimizar el riesgo de lesiones<\/strong>\u00a0and\u00a0<strong>optimizar el rendimiento del jugador de p\u00e1del<\/strong>.<\/p>\n<p>La tecnolog\u00eda\u00a0<strong>AGG<\/strong>\u00a0(<strong>Advanced Gravity Geometry<\/strong>) aporta un mayor \u201cdrop\u201d (altura del tal\u00f3n respecto a la puntera), facilitando la posici\u00f3n de espera y los arranques en carrera del jugador. Disminuye la sobrecarga de los gemelos y\u00a0<strong>MINIMIZA EL RIESGO DE LESIONES<\/strong>\u00a0musculares.<\/p>\n<p>Mayor\u00a0<strong>ESTABILIDAD<\/strong>\u00a0gracias a la tecnolog\u00eda\u00a0<strong>LATERAL SUPPORT<\/strong>, que proporciona mayor superf\u00edcie de contacto de la suela con el piso y minimiza el riesgo de torceduras en desplazamientos laterales.<\/p>\n<p>Suela de\u00a0<strong>AGARRE<\/strong>\u00a0\u00f3ptimo que combina el patr\u00f3n en forma de espiga con peque\u00f1os tacos.<\/p>\n<p>M\u00e1xima\u00a0<strong>AMORTIGUACI\u00d3N<\/strong>\u00a0y retorno de la energ\u00eda gracias al montado Strobel de la planta de goma EVA tipo popcorn y la mediasuela de phylon inyectado de baja densidad. Refuerzo lateral interior (AbraXone) para incrementar la resistencia a la abrasi\u00f3n y dotar la zapatilla de mayor estabilidad.<\/p>\n<p>Plantilla Ortholite para m\u00e1ximo\u00a0<strong>CONFORT<\/strong>\u00a0en el juego.\u00a0Cuanta con un amortiguado\u00a0excelente para reducir la sensaci\u00f3n de fatiga. Adem\u00e1s, su\u00a0<strong>acci\u00f3n anti-microbiana<\/strong>\u00a0evita la acumulaci\u00f3n de bacterias y el mal olor. Proporcionan un \u00f3ptimo rendimiento sin a\u00f1adir peso al calzado.<\/p>","protected":false},"featured_media":5808,"template":"","meta":[],"product_brand":[],"product_cat":[705,599,697,594,754,592,758],"product_tag":[],"class_list":{"0":"post-5785","1":"product","2":"type-product","3":"status-publish","4":"has-post-thumbnail","6":"product_cat-agustin-tapia","7":"product_cat-hombre-zapatillas","8":"product_cat-nox-padel","9":"product_cat-nox-zapatillas","10":"product_cat-rebajas","11":"product_cat-zapatillas","12":"product_cat-zapatillas-ofertas","13":"pa_brand-nox","14":"pa_color-rojo","15":"pa_gender-hombre","16":"pa_hs_code-87","17":"pa_shoes-size-303","18":"pa_shoes-size-40-5","19":"pa_shoes-size-80","20":"pa_shoes-size-41-5","21":"pa_shoes-size-89","22":"pa_shoes-size-81","23":"pa_shoes-size-82","24":"pa_shoes-size-44-5","25":"pa_shoes-size-84","26":"pa_shoes-size-85","27":"pa_shoes-size-46-5","28":"pa_shoes-size-304","30":"first","31":"outofstock","32":"taxable","33":"shipping-taxable","34":"product-type-variable"},"yoast_head":"<!-- This site is optimized with the Yoast SEO plugin v27.3 - https:\/\/yoast.com\/product\/yoast-seo-wordpress\/ -->\n<title>Zapatillas Padel NOX AT 10 Fiery Rojo\/Negro - Padel Zoco<\/title>\n<meta name=\"description\" content=\"Get the Lates Nox Padel Shoes for men Approved by inescop footwear with ortholite cushioning and abraXone technology. Buy Now at El Padel Shop Madrid.\" \/>\n<meta name=\"robots\" content=\"index, follow, max-snippet:-1, max-image-preview:large, max-video-preview:-1\" \/>\n<link rel=\"canonical\" href=\"https:\/\/padelzoco.es\/en\/product\/zapatillas-padel-nox-at-10-fiery-rojo-negro\/\" \/>\n<meta property=\"og:locale\" content=\"en_GB\" \/>\n<meta property=\"og:type\" content=\"article\" \/>\n<meta property=\"og:title\" content=\"Zapatillas Padel NOX AT 10 Fiery Rojo\/Negro - Padel Zoco\" \/>\n<meta property=\"og:description\" content=\"Get the Lates Nox Padel Shoes for men Approved by inescop footwear with ortholite cushioning and abraXone technology. Buy Now at El Padel Shop Madrid.\" \/>\n<meta property=\"og:url\" content=\"https:\/\/padelzoco.es\/en\/product\/zapatillas-padel-nox-at-10-fiery-rojo-negro\/\" \/>\n<meta property=\"og:site_name\" content=\"Padel Zoco\" \/>\n<meta property=\"article:modified_time\" content=\"2026-02-11T14:14:11+00:00\" \/>\n<meta property=\"og:image\" content=\"https:\/\/padelzoco.es\/wp-content\/uploads\/2023\/12\/Nox-Padel-Shoes-AT10-RedBlack.webp\" \/>\n\t<meta property=\"og:image:width\" content=\"1400\" \/>\n\t<meta property=\"og:image:height\" content=\"1400\" \/>\n\t<meta property=\"og:image:type\" content=\"image\/webp\" \/>\n<meta name=\"twitter:card\" content=\"summary_large_image\" \/>\n<meta name=\"twitter:label1\" content=\"Estimated reading time\" \/>\n\t<meta name=\"twitter:data1\" content=\"2 minutes\" \/>\n<script type=\"application\/ld+json\" class=\"yoast-schema-graph\">{\"@context\":\"https:\\\/\\\/schema.org\",\"@graph\":[{\"@type\":\"WebPage\",\"@id\":\"https:\\\/\\\/padelzoco.es\\\/product\\\/zapatillas-padel-nox-at-10-fiery-rojo-negro\\\/\",\"url\":\"https:\\\/\\\/padelzoco.es\\\/product\\\/zapatillas-padel-nox-at-10-fiery-rojo-negro\\\/\",\"name\":\"Zapatillas Padel NOX AT 10 Fiery Rojo\\\/Negro - Padel Zoco\",\"isPartOf\":{\"@id\":\"https:\\\/\\\/padelzoco.es\\\/#website\"},\"primaryImageOfPage\":{\"@id\":\"https:\\\/\\\/padelzoco.es\\\/product\\\/zapatillas-padel-nox-at-10-fiery-rojo-negro\\\/#primaryimage\"},\"image\":{\"@id\":\"https:\\\/\\\/padelzoco.es\\\/product\\\/zapatillas-padel-nox-at-10-fiery-rojo-negro\\\/#primaryimage\"},\"thumbnailUrl\":\"https:\\\/\\\/padelzoco.es\\\/wp-content\\\/uploads\\\/2023\\\/12\\\/Nox-Padel-Shoes-AT10-RedBlack.webp\",\"datePublished\":\"2023-12-04T08:46:13+00:00\",\"dateModified\":\"2026-02-11T14:14:11+00:00\",\"description\":\"Get the Lates Nox Padel Shoes for men Approved by inescop footwear with ortholite cushioning and abraXone technology. Buy Now at El Padel Shop Madrid.\",\"breadcrumb\":{\"@id\":\"https:\\\/\\\/padelzoco.es\\\/product\\\/zapatillas-padel-nox-at-10-fiery-rojo-negro\\\/#breadcrumb\"},\"inLanguage\":\"en-GB\",\"potentialAction\":[{\"@type\":\"ReadAction\",\"target\":[\"https:\\\/\\\/padelzoco.es\\\/product\\\/zapatillas-padel-nox-at-10-fiery-rojo-negro\\\/\"]}]},{\"@type\":\"ImageObject\",\"inLanguage\":\"en-GB\",\"@id\":\"https:\\\/\\\/padelzoco.es\\\/product\\\/zapatillas-padel-nox-at-10-fiery-rojo-negro\\\/#primaryimage\",\"url\":\"https:\\\/\\\/padelzoco.es\\\/wp-content\\\/uploads\\\/2023\\\/12\\\/Nox-Padel-Shoes-AT10-RedBlack.webp\",\"contentUrl\":\"https:\\\/\\\/padelzoco.es\\\/wp-content\\\/uploads\\\/2023\\\/12\\\/Nox-Padel-Shoes-AT10-RedBlack.webp\",\"width\":1400,\"height\":1400},{\"@type\":\"BreadcrumbList\",\"@id\":\"https:\\\/\\\/padelzoco.es\\\/product\\\/zapatillas-padel-nox-at-10-fiery-rojo-negro\\\/#breadcrumb\",\"itemListElement\":[{\"@type\":\"ListItem\",\"position\":1,\"name\":\"Home\",\"item\":\"https:\\\/\\\/padelzoco.es\\\/\"},{\"@type\":\"ListItem\",\"position\":2,\"name\":\"Padel Zoco\",\"item\":\"https:\\\/\\\/padelzoco.es\\\/padel-zoco\\\/\"},{\"@type\":\"ListItem\",\"position\":3,\"name\":\"Zapatillas Padel NOX AT 10 Fiery Rojo\\\/Negro\"}]},{\"@type\":\"WebSite\",\"@id\":\"https:\\\/\\\/padelzoco.es\\\/#website\",\"url\":\"https:\\\/\\\/padelzoco.es\\\/\",\"name\":\"Padel Zoco\",\"description\":\"Padel Zoco | Spain\",\"publisher\":{\"@id\":\"https:\\\/\\\/padelzoco.es\\\/#organization\"},\"potentialAction\":[{\"@type\":\"SearchAction\",\"target\":{\"@type\":\"EntryPoint\",\"urlTemplate\":\"https:\\\/\\\/padelzoco.es\\\/?s={search_term_string}\"},\"query-input\":{\"@type\":\"PropertyValueSpecification\",\"valueRequired\":true,\"valueName\":\"search_term_string\"}}],\"inLanguage\":\"en-GB\"},{\"@type\":\"Organization\",\"@id\":\"https:\\\/\\\/padelzoco.es\\\/#organization\",\"name\":\"Padel Zoco\",\"url\":\"https:\\\/\\\/padelzoco.es\\\/\",\"logo\":{\"@type\":\"ImageObject\",\"inLanguage\":\"en-GB\",\"@id\":\"https:\\\/\\\/padelzoco.es\\\/#\\\/schema\\\/logo\\\/image\\\/\",\"url\":\"https:\\\/\\\/padelzoco.es\\\/wp-content\\\/uploads\\\/2023\\\/11\\\/PadelZoco_Logo_black_white.webp\",\"contentUrl\":\"https:\\\/\\\/padelzoco.es\\\/wp-content\\\/uploads\\\/2023\\\/11\\\/PadelZoco_Logo_black_white.webp\",\"width\":1500,\"height\":631,\"caption\":\"Padel Zoco\"},\"image\":{\"@id\":\"https:\\\/\\\/padelzoco.es\\\/#\\\/schema\\\/logo\\\/image\\\/\"}}]}<\/script>\n<!-- \/ Yoast SEO plugin. -->","yoast_head_json":{"title":"Zapatillas Padel NOX AT 10 Fiery Rojo\/Negro - Padel Zoco","description":"Get the Lates Nox Padel Shoes for men Approved by inescop footwear with ortholite cushioning and abraXone technology. Buy Now at El Padel Shop Madrid.","robots":{"index":"index","follow":"follow","max-snippet":"max-snippet:-1","max-image-preview":"max-image-preview:large","max-video-preview":"max-video-preview:-1"},"canonical":"https:\/\/padelzoco.es\/en\/product\/zapatillas-padel-nox-at-10-fiery-rojo-negro\/","og_locale":"en_GB","og_type":"article","og_title":"Zapatillas Padel NOX AT 10 Fiery Rojo\/Negro - Padel Zoco","og_description":"Get the Lates Nox Padel Shoes for men Approved by inescop footwear with ortholite cushioning and abraXone technology. Buy Now at El Padel Shop Madrid.","og_url":"https:\/\/padelzoco.es\/en\/product\/zapatillas-padel-nox-at-10-fiery-rojo-negro\/","og_site_name":"Padel Zoco","article_modified_time":"2026-02-11T14:14:11+00:00","og_image":[{"width":1400,"height":1400,"url":"https:\/\/padelzoco.es\/wp-content\/uploads\/2023\/12\/Nox-Padel-Shoes-AT10-RedBlack.webp","type":"image\/webp"}],"twitter_card":"summary_large_image","twitter_misc":{"Estimated reading time":"2 minutes"},"schema":{"@context":"https:\/\/schema.org","@graph":[{"@type":"WebPage","@id":"https:\/\/padelzoco.es\/product\/zapatillas-padel-nox-at-10-fiery-rojo-negro\/","url":"https:\/\/padelzoco.es\/product\/zapatillas-padel-nox-at-10-fiery-rojo-negro\/","name":"Zapatillas Padel NOX AT 10 Fiery Rojo\/Negro - Padel Zoco","isPartOf":{"@id":"https:\/\/padelzoco.es\/#website"},"primaryImageOfPage":{"@id":"https:\/\/padelzoco.es\/product\/zapatillas-padel-nox-at-10-fiery-rojo-negro\/#primaryimage"},"image":{"@id":"https:\/\/padelzoco.es\/product\/zapatillas-padel-nox-at-10-fiery-rojo-negro\/#primaryimage"},"thumbnailUrl":"https:\/\/padelzoco.es\/wp-content\/uploads\/2023\/12\/Nox-Padel-Shoes-AT10-RedBlack.webp","datePublished":"2023-12-04T08:46:13+00:00","dateModified":"2026-02-11T14:14:11+00:00","description":"Get the Lates Nox Padel Shoes for men Approved by inescop footwear with ortholite cushioning and abraXone technology. Buy Now at El Padel Shop Madrid.","breadcrumb":{"@id":"https:\/\/padelzoco.es\/product\/zapatillas-padel-nox-at-10-fiery-rojo-negro\/#breadcrumb"},"inLanguage":"en-GB","potentialAction":[{"@type":"ReadAction","target":["https:\/\/padelzoco.es\/product\/zapatillas-padel-nox-at-10-fiery-rojo-negro\/"]}]},{"@type":"ImageObject","inLanguage":"en-GB","@id":"https:\/\/padelzoco.es\/product\/zapatillas-padel-nox-at-10-fiery-rojo-negro\/#primaryimage","url":"https:\/\/padelzoco.es\/wp-content\/uploads\/2023\/12\/Nox-Padel-Shoes-AT10-RedBlack.webp","contentUrl":"https:\/\/padelzoco.es\/wp-content\/uploads\/2023\/12\/Nox-Padel-Shoes-AT10-RedBlack.webp","width":1400,"height":1400},{"@type":"BreadcrumbList","@id":"https:\/\/padelzoco.es\/product\/zapatillas-padel-nox-at-10-fiery-rojo-negro\/#breadcrumb","itemListElement":[{"@type":"ListItem","position":1,"name":"Home","item":"https:\/\/padelzoco.es\/"},{"@type":"ListItem","position":2,"name":"Padel Zoco","item":"https:\/\/padelzoco.es\/padel-zoco\/"},{"@type":"ListItem","position":3,"name":"Zapatillas Padel NOX AT 10 Fiery Rojo\/Negro"}]},{"@type":"WebSite","@id":"https:\/\/padelzoco.es\/#website","url":"https:\/\/padelzoco.es\/","name":"Padel Zoco","description":"Padel Zoco | Spain","publisher":{"@id":"https:\/\/padelzoco.es\/#organization"},"potentialAction":[{"@type":"SearchAction","target":{"@type":"EntryPoint","urlTemplate":"https:\/\/padelzoco.es\/?s={search_term_string}"},"query-input":{"@type":"PropertyValueSpecification","valueRequired":true,"valueName":"search_term_string"}}],"inLanguage":"en-GB"},{"@type":"Organization","@id":"https:\/\/padelzoco.es\/#organization","name":"Padel Zoco","url":"https:\/\/padelzoco.es\/","logo":{"@type":"ImageObject","inLanguage":"en-GB","@id":"https:\/\/padelzoco.es\/#\/schema\/logo\/image\/","url":"https:\/\/padelzoco.es\/wp-content\/uploads\/2023\/11\/PadelZoco_Logo_black_white.webp","contentUrl":"https:\/\/padelzoco.es\/wp-content\/uploads\/2023\/11\/PadelZoco_Logo_black_white.webp","width":1500,"height":631,"caption":"Padel Zoco"},"image":{"@id":"https:\/\/padelzoco.es\/#\/schema\/logo\/image\/"}}]}},"_links":{"self":[{"href":"https:\/\/padelzoco.es\/en\/wp-json\/wp\/v2\/product\/5785","targetHints":{"allow":["GET"]}}],"collection":[{"href":"https:\/\/padelzoco.es\/en\/wp-json\/wp\/v2\/product"}],"about":[{"href":"https:\/\/padelzoco.es\/en\/wp-json\/wp\/v2\/types\/product"}],"version-history":[{"count":1,"href":"https:\/\/padelzoco.es\/en\/wp-json\/wp\/v2\/product\/5785\/revisions"}],"predecessor-version":[{"id":27980,"href":"https:\/\/padelzoco.es\/en\/wp-json\/wp\/v2\/product\/5785\/revisions\/27980"}],"wp:featuredmedia":[{"embeddable":true,"href":"https:\/\/padelzoco.es\/en\/wp-json\/wp\/v2\/media\/5808"}],"wp:attachment":[{"href":"https:\/\/padelzoco.es\/en\/wp-json\/wp\/v2\/media?parent=5785"}],"wp:term":[{"taxonomy":"product_brand","embeddable":true,"href":"https:\/\/padelzoco.es\/en\/wp-json\/wp\/v2\/product_brand?post=5785"},{"taxonomy":"product_cat","embeddable":true,"href":"https:\/\/padelzoco.es\/en\/wp-json\/wp\/v2\/product_cat?post=5785"},{"taxonomy":"product_tag","embeddable":true,"href":"https:\/\/padelzoco.es\/en\/wp-json\/wp\/v2\/product_tag?post=5785"}],"curies":[{"name":"wp","href":"https:\/\/api.w.org\/{rel}","templated":true}]}}