{"id":5908,"date":"2023-12-04T09:30:43","date_gmt":"2023-12-04T09:30:43","guid":{"rendered":"https:\/\/adc06f55e9.nxcli.io\/?post_type=product&#038;p=5908"},"modified":"2026-02-02T09:47:46","modified_gmt":"2026-02-02T08:47:46","slug":"nox-custom-grip","status":"publish","type":"product","link":"https:\/\/padelzoco.es\/en\/product\/nox-custom-grip\/","title":{"rendered":"NOX Custom Grip"},"content":{"rendered":"<p>NOX Custom Grip es un producto\u00a0<strong><u>patentado<\/u><\/strong>\u00a0dise\u00f1ado para\u00a0<strong><u>mejorar el agarre y disminuir el riesgo de lesiones<\/u><\/strong>\u00a0en cualquier tipo de palas y raquetas.<\/p>\n<p>NOX Custom Grip es un producto ideal para:<\/p>\n<ul>\n<li><strong>Jugadores con problemas de\u00a0<u>sudoraci\u00f3n<\/u><\/strong>\u00a0que buscan una soluci\u00f3n para evitar deslizamientos de la pala.<\/li>\n<\/ul>\n<ul>\n<li><strong>Jugadores con problemas de\u00a0<u>epicondilitis<\/u><\/strong>. NOX Custom Grip disminuye las vibraciones que se transmiten a la mano del jugador y permite agarrar la pala realizando un menor esfuerzo muscular, disminuyendo as\u00ed el riesgo de lesiones.<\/li>\n<\/ul>\n<h2>Ventajas respecto a otras soluciones de agarre similares existentes en el mercado:<\/h2>\n<ol>\n<li>NOX Custom Grip permite al jugador\u00a0<strong><u>personalizar<\/u><\/strong>\u00a0totalmente el grip de su raqueta ajust\u00e1ndolo perfectamente a las dimensiones de su mano y a la distancia entre los dedos mediante un sistema de anillas de silicona.<\/li>\n<\/ol>\n<ol start=\"2\">\n<li>NOX Custom Grip\u00a0<strong><u>mejora el confort<\/u><\/strong>\u00a0en el agarre al presentar un menor relieve en la zona de contacto con la palma de la mano.<\/li>\n<\/ol>\n<ol start=\"3\">\n<li>NOX Custom Grip\u00a0<strong><u>es muy sencillo de colocar<\/u><\/strong>, pudi\u00e9ndose poner sobre el grip que viene de serie con la pala o bien sobre la pala desnuda. NOX Custom Grip no precisa de ning\u00fan accesorio o herramienta para su colocaci\u00f3n y es f\u00e1cilmente intercambiable de una pala a otra.<\/li>\n<\/ol>\n<ol start=\"4\">\n<li>NOX Custom Grip introduce menos peso en la pala respecto a otros productos similares, respetando al m\u00e1ximo el balance y el comportamiento de la pala.<\/li>\n<\/ol>","protected":false},"excerpt":{"rendered":"<p>NOX Custom Grip es un producto\u00a0<strong><u>patentado<\/u><\/strong>\u00a0dise\u00f1ado para\u00a0<strong><u>mejorar el agarre y disminuir el riesgo de lesiones<\/u><\/strong>\u00a0en cualquier tipo de palas y raquetas.<\/p>\n<p>NOX Custom Grip es un producto ideal para:<\/p>\n<ul>\n<li><strong>Jugadores con problemas de\u00a0<u>sudoraci\u00f3n<\/u><\/strong>\u00a0que buscan una soluci\u00f3n para evitar deslizamientos de la pala.<\/li>\n<\/ul>\n<ul>\n<li><strong>Jugadores con problemas de\u00a0<u>epicondilitis<\/u><\/strong>. NOX Custom Grip disminuye las vibraciones que se transmiten a la mano del jugador y permite agarrar la pala realizando un menor esfuerzo muscular, disminuyendo as\u00ed el riesgo de lesiones.<\/li>\n<\/ul>\n<h2>Ventajas respecto a otras soluciones de agarre similares existentes en el mercado:<\/h2>\n<ol>\n<li>NOX Custom Grip permite al jugador\u00a0<strong><u>personalizar<\/u><\/strong>\u00a0totalmente el grip de su raqueta ajust\u00e1ndolo perfectamente a las dimensiones de su mano y a la distancia entre los dedos mediante un sistema de anillas de silicona.<\/li>\n<\/ol>\n<ol start=\"2\">\n<li>NOX Custom Grip\u00a0<strong><u>mejora el confort<\/u><\/strong>\u00a0en el agarre al presentar un menor relieve en la zona de contacto con la palma de la mano.<\/li>\n<\/ol>\n<ol start=\"3\">\n<li>NOX Custom Grip\u00a0<strong><u>es muy sencillo de colocar<\/u><\/strong>, pudi\u00e9ndose poner sobre el grip que viene de serie con la pala o bien sobre la pala desnuda. NOX Custom Grip no precisa de ning\u00fan accesorio o herramienta para su colocaci\u00f3n y es f\u00e1cilmente intercambiable de una pala a otra.<\/li>\n<\/ol>\n<ol start=\"4\">\n<li>NOX Custom Grip introduce menos peso en la pala respecto a otros productos similares, respetando al m\u00e1ximo el balance y el comportamiento de la pala.<\/li>\n<\/ol>\n<p>&nbsp;<\/p>","protected":false},"featured_media":5916,"template":"","meta":[],"product_brand":[],"product_cat":[637,638,697],"product_tag":[],"class_list":{"0":"post-5908","1":"product","2":"type-product","3":"status-publish","4":"has-post-thumbnail","6":"product_cat-accesorios","7":"product_cat-grips-and-overgrips","8":"product_cat-nox-padel","9":"pa_brand-nox","10":"pa_color-rojo","11":"pa_hs_code-134","13":"first","14":"instock","15":"sale","16":"taxable","17":"shipping-taxable","18":"purchasable","19":"product-type-simple"},"yoast_head":"<!-- This site is optimized with the Yoast SEO plugin v27.3 - https:\/\/yoast.com\/product\/yoast-seo-wordpress\/ -->\n<title>NOX Custom Grip - Padel Zoco<\/title>\n<meta name=\"description\" content=\"Representing the NOX Padel Grip for every hand and every player level. NOX grip offers customizable handle to let you to play with the perfection and control.\" \/>\n<meta name=\"robots\" content=\"index, follow, max-snippet:-1, max-image-preview:large, max-video-preview:-1\" \/>\n<link rel=\"canonical\" href=\"https:\/\/padelzoco.es\/en\/product\/nox-custom-grip\/\" \/>\n<meta property=\"og:locale\" content=\"en_GB\" \/>\n<meta property=\"og:type\" content=\"article\" \/>\n<meta property=\"og:title\" content=\"NOX Custom Grip - Padel Zoco\" \/>\n<meta property=\"og:description\" content=\"Representing the NOX Padel Grip for every hand and every player level. NOX grip offers customizable handle to let you to play with the perfection and control.\" \/>\n<meta property=\"og:url\" content=\"https:\/\/padelzoco.es\/en\/product\/nox-custom-grip\/\" \/>\n<meta property=\"og:site_name\" content=\"Padel Zoco\" \/>\n<meta property=\"article:modified_time\" content=\"2026-02-02T08:47:46+00:00\" \/>\n<meta property=\"og:image\" content=\"https:\/\/padelzoco.es\/wp-content\/uploads\/2023\/12\/NOX-Padel-Custom-Grip.webp\" \/>\n\t<meta property=\"og:image:width\" content=\"1400\" \/>\n\t<meta property=\"og:image:height\" content=\"1400\" \/>\n\t<meta property=\"og:image:type\" content=\"image\/webp\" \/>\n<meta name=\"twitter:card\" content=\"summary_large_image\" \/>\n<meta name=\"twitter:label1\" content=\"Estimated reading time\" \/>\n\t<meta name=\"twitter:data1\" content=\"2 minutes\" \/>\n<script type=\"application\/ld+json\" class=\"yoast-schema-graph\">{\"@context\":\"https:\\\/\\\/schema.org\",\"@graph\":[{\"@type\":\"WebPage\",\"@id\":\"https:\\\/\\\/padelzoco.es\\\/product\\\/nox-custom-grip\\\/\",\"url\":\"https:\\\/\\\/padelzoco.es\\\/product\\\/nox-custom-grip\\\/\",\"name\":\"NOX Custom Grip - Padel Zoco\",\"isPartOf\":{\"@id\":\"https:\\\/\\\/padelzoco.es\\\/#website\"},\"primaryImageOfPage\":{\"@id\":\"https:\\\/\\\/padelzoco.es\\\/product\\\/nox-custom-grip\\\/#primaryimage\"},\"image\":{\"@id\":\"https:\\\/\\\/padelzoco.es\\\/product\\\/nox-custom-grip\\\/#primaryimage\"},\"thumbnailUrl\":\"https:\\\/\\\/padelzoco.es\\\/wp-content\\\/uploads\\\/2023\\\/12\\\/NOX-Padel-Custom-Grip.webp\",\"datePublished\":\"2023-12-04T09:30:43+00:00\",\"dateModified\":\"2026-02-02T08:47:46+00:00\",\"description\":\"Representing the NOX Padel Grip for every hand and every player level. NOX grip offers customizable handle to let you to play with the perfection and control.\",\"breadcrumb\":{\"@id\":\"https:\\\/\\\/padelzoco.es\\\/product\\\/nox-custom-grip\\\/#breadcrumb\"},\"inLanguage\":\"en-GB\",\"potentialAction\":[{\"@type\":\"ReadAction\",\"target\":[\"https:\\\/\\\/padelzoco.es\\\/product\\\/nox-custom-grip\\\/\"]}]},{\"@type\":\"ImageObject\",\"inLanguage\":\"en-GB\",\"@id\":\"https:\\\/\\\/padelzoco.es\\\/product\\\/nox-custom-grip\\\/#primaryimage\",\"url\":\"https:\\\/\\\/padelzoco.es\\\/wp-content\\\/uploads\\\/2023\\\/12\\\/NOX-Padel-Custom-Grip.webp\",\"contentUrl\":\"https:\\\/\\\/padelzoco.es\\\/wp-content\\\/uploads\\\/2023\\\/12\\\/NOX-Padel-Custom-Grip.webp\",\"width\":1400,\"height\":1400},{\"@type\":\"BreadcrumbList\",\"@id\":\"https:\\\/\\\/padelzoco.es\\\/product\\\/nox-custom-grip\\\/#breadcrumb\",\"itemListElement\":[{\"@type\":\"ListItem\",\"position\":1,\"name\":\"Home\",\"item\":\"https:\\\/\\\/padelzoco.es\\\/\"},{\"@type\":\"ListItem\",\"position\":2,\"name\":\"Padel Zoco\",\"item\":\"https:\\\/\\\/padelzoco.es\\\/padel-zoco\\\/\"},{\"@type\":\"ListItem\",\"position\":3,\"name\":\"NOX Custom Grip\"}]},{\"@type\":\"WebSite\",\"@id\":\"https:\\\/\\\/padelzoco.es\\\/#website\",\"url\":\"https:\\\/\\\/padelzoco.es\\\/\",\"name\":\"Padel Zoco\",\"description\":\"Padel Zoco | Spain\",\"publisher\":{\"@id\":\"https:\\\/\\\/padelzoco.es\\\/#organization\"},\"potentialAction\":[{\"@type\":\"SearchAction\",\"target\":{\"@type\":\"EntryPoint\",\"urlTemplate\":\"https:\\\/\\\/padelzoco.es\\\/?s={search_term_string}\"},\"query-input\":{\"@type\":\"PropertyValueSpecification\",\"valueRequired\":true,\"valueName\":\"search_term_string\"}}],\"inLanguage\":\"en-GB\"},{\"@type\":\"Organization\",\"@id\":\"https:\\\/\\\/padelzoco.es\\\/#organization\",\"name\":\"Padel Zoco\",\"url\":\"https:\\\/\\\/padelzoco.es\\\/\",\"logo\":{\"@type\":\"ImageObject\",\"inLanguage\":\"en-GB\",\"@id\":\"https:\\\/\\\/padelzoco.es\\\/#\\\/schema\\\/logo\\\/image\\\/\",\"url\":\"https:\\\/\\\/padelzoco.es\\\/wp-content\\\/uploads\\\/2023\\\/11\\\/PadelZoco_Logo_black_white.webp\",\"contentUrl\":\"https:\\\/\\\/padelzoco.es\\\/wp-content\\\/uploads\\\/2023\\\/11\\\/PadelZoco_Logo_black_white.webp\",\"width\":1500,\"height\":631,\"caption\":\"Padel Zoco\"},\"image\":{\"@id\":\"https:\\\/\\\/padelzoco.es\\\/#\\\/schema\\\/logo\\\/image\\\/\"}}]}<\/script>\n<!-- \/ Yoast SEO plugin. -->","yoast_head_json":{"title":"NOX Custom Grip - Padel Zoco","description":"Representing the NOX Padel Grip for every hand and every player level. NOX grip offers customizable handle to let you to play with the perfection and control.","robots":{"index":"index","follow":"follow","max-snippet":"max-snippet:-1","max-image-preview":"max-image-preview:large","max-video-preview":"max-video-preview:-1"},"canonical":"https:\/\/padelzoco.es\/en\/product\/nox-custom-grip\/","og_locale":"en_GB","og_type":"article","og_title":"NOX Custom Grip - Padel Zoco","og_description":"Representing the NOX Padel Grip for every hand and every player level. NOX grip offers customizable handle to let you to play with the perfection and control.","og_url":"https:\/\/padelzoco.es\/en\/product\/nox-custom-grip\/","og_site_name":"Padel Zoco","article_modified_time":"2026-02-02T08:47:46+00:00","og_image":[{"width":1400,"height":1400,"url":"https:\/\/padelzoco.es\/wp-content\/uploads\/2023\/12\/NOX-Padel-Custom-Grip.webp","type":"image\/webp"}],"twitter_card":"summary_large_image","twitter_misc":{"Estimated reading time":"2 minutes"},"schema":{"@context":"https:\/\/schema.org","@graph":[{"@type":"WebPage","@id":"https:\/\/padelzoco.es\/product\/nox-custom-grip\/","url":"https:\/\/padelzoco.es\/product\/nox-custom-grip\/","name":"NOX Custom Grip - Padel Zoco","isPartOf":{"@id":"https:\/\/padelzoco.es\/#website"},"primaryImageOfPage":{"@id":"https:\/\/padelzoco.es\/product\/nox-custom-grip\/#primaryimage"},"image":{"@id":"https:\/\/padelzoco.es\/product\/nox-custom-grip\/#primaryimage"},"thumbnailUrl":"https:\/\/padelzoco.es\/wp-content\/uploads\/2023\/12\/NOX-Padel-Custom-Grip.webp","datePublished":"2023-12-04T09:30:43+00:00","dateModified":"2026-02-02T08:47:46+00:00","description":"Representing the NOX Padel Grip for every hand and every player level. NOX grip offers customizable handle to let you to play with the perfection and control.","breadcrumb":{"@id":"https:\/\/padelzoco.es\/product\/nox-custom-grip\/#breadcrumb"},"inLanguage":"en-GB","potentialAction":[{"@type":"ReadAction","target":["https:\/\/padelzoco.es\/product\/nox-custom-grip\/"]}]},{"@type":"ImageObject","inLanguage":"en-GB","@id":"https:\/\/padelzoco.es\/product\/nox-custom-grip\/#primaryimage","url":"https:\/\/padelzoco.es\/wp-content\/uploads\/2023\/12\/NOX-Padel-Custom-Grip.webp","contentUrl":"https:\/\/padelzoco.es\/wp-content\/uploads\/2023\/12\/NOX-Padel-Custom-Grip.webp","width":1400,"height":1400},{"@type":"BreadcrumbList","@id":"https:\/\/padelzoco.es\/product\/nox-custom-grip\/#breadcrumb","itemListElement":[{"@type":"ListItem","position":1,"name":"Home","item":"https:\/\/padelzoco.es\/"},{"@type":"ListItem","position":2,"name":"Padel Zoco","item":"https:\/\/padelzoco.es\/padel-zoco\/"},{"@type":"ListItem","position":3,"name":"NOX Custom Grip"}]},{"@type":"WebSite","@id":"https:\/\/padelzoco.es\/#website","url":"https:\/\/padelzoco.es\/","name":"Padel Zoco","description":"Padel Zoco | Spain","publisher":{"@id":"https:\/\/padelzoco.es\/#organization"},"potentialAction":[{"@type":"SearchAction","target":{"@type":"EntryPoint","urlTemplate":"https:\/\/padelzoco.es\/?s={search_term_string}"},"query-input":{"@type":"PropertyValueSpecification","valueRequired":true,"valueName":"search_term_string"}}],"inLanguage":"en-GB"},{"@type":"Organization","@id":"https:\/\/padelzoco.es\/#organization","name":"Padel Zoco","url":"https:\/\/padelzoco.es\/","logo":{"@type":"ImageObject","inLanguage":"en-GB","@id":"https:\/\/padelzoco.es\/#\/schema\/logo\/image\/","url":"https:\/\/padelzoco.es\/wp-content\/uploads\/2023\/11\/PadelZoco_Logo_black_white.webp","contentUrl":"https:\/\/padelzoco.es\/wp-content\/uploads\/2023\/11\/PadelZoco_Logo_black_white.webp","width":1500,"height":631,"caption":"Padel Zoco"},"image":{"@id":"https:\/\/padelzoco.es\/#\/schema\/logo\/image\/"}}]}},"_links":{"self":[{"href":"https:\/\/padelzoco.es\/en\/wp-json\/wp\/v2\/product\/5908","targetHints":{"allow":["GET"]}}],"collection":[{"href":"https:\/\/padelzoco.es\/en\/wp-json\/wp\/v2\/product"}],"about":[{"href":"https:\/\/padelzoco.es\/en\/wp-json\/wp\/v2\/types\/product"}],"version-history":[{"count":1,"href":"https:\/\/padelzoco.es\/en\/wp-json\/wp\/v2\/product\/5908\/revisions"}],"predecessor-version":[{"id":19252,"href":"https:\/\/padelzoco.es\/en\/wp-json\/wp\/v2\/product\/5908\/revisions\/19252"}],"wp:featuredmedia":[{"embeddable":true,"href":"https:\/\/padelzoco.es\/en\/wp-json\/wp\/v2\/media\/5916"}],"wp:attachment":[{"href":"https:\/\/padelzoco.es\/en\/wp-json\/wp\/v2\/media?parent=5908"}],"wp:term":[{"taxonomy":"product_brand","embeddable":true,"href":"https:\/\/padelzoco.es\/en\/wp-json\/wp\/v2\/product_brand?post=5908"},{"taxonomy":"product_cat","embeddable":true,"href":"https:\/\/padelzoco.es\/en\/wp-json\/wp\/v2\/product_cat?post=5908"},{"taxonomy":"product_tag","embeddable":true,"href":"https:\/\/padelzoco.es\/en\/wp-json\/wp\/v2\/product_tag?post=5908"}],"curies":[{"name":"wp","href":"https:\/\/api.w.org\/{rel}","templated":true}]}}