{"id":6148,"date":"2023-12-05T16:31:46","date_gmt":"2023-12-05T16:31:46","guid":{"rendered":"https:\/\/adc06f55e9.nxcli.io\/?post_type=product&#038;p=6148"},"modified":"2026-04-30T19:14:37","modified_gmt":"2026-04-30T18:14:37","slug":"mochila-wilson-bela-dna-super-tour-negra","status":"publish","type":"product","link":"https:\/\/padelzoco.es\/en\/product\/mochila-wilson-bela-dna-super-tour-negra\/","title":{"rendered":"Mochila Wilson Bela DNA Super Tour Negra"},"content":{"rendered":"<p><span style=\"font-weight: 400;\"><strong>Minimalista. Elegante. Moderna.<\/strong> Todo lo que necesitas en una mochila de p\u00e1del. Inspirada en el gran <strong>Fernando Belastegu\u00edn<\/strong> y dise\u00f1ada con su colaboraci\u00f3n, esta mochila de p\u00e1del contiene todo lo necesario para subir de nivel. Confeccionada con <strong>tejido de poli\u00e9ster texturizado y firmada con el logotipo Wilson x Bela<\/strong>, esta bolsa mantendr\u00e1 su aspecto minimal incluso en la pista. Hay un compartimento para palas, ropa, accesorios e incluso para las zapatillas. Las tiras acolchadas de la mochila le <strong>a\u00f1aden calidad al proporcionar comodidad adicional durante el transporte.<\/strong><\/span><\/p>\n<p>Features:<\/p>\n<ul>\n<li>El compartimento extra\u00edble con cremallera ofrece la <strong>opci\u00f3n de llevar un par de zapatos adicionales durante el viaje<\/strong>.<\/li>\n<li><strong>El forro polar proporciona protecci\u00f3n adicional<\/strong> para objetos de valor m\u00e1s peque\u00f1os.<\/li>\n<li>El compartimento encierra completamente raquetas, equipos m\u00e1s grandes y otros equipos.<\/li>\n<li><strong>Correas de mochila ajustables y acolchada<\/strong>s para un transporte c\u00f3modo.<\/li>\n<li>Las cremalleras se cierran entre s\u00ed para mantener seco el contenido de la bolsa y evitar derrames.<\/li>\n<li><strong>Dimensiones:<\/strong> 12 x 10 x 20&#8243; \/ 30 x 25 x 51 cm<\/li>\n<li><strong>Composici\u00f3n del tejido:<\/strong> 100% Poli\u00e9ster.<\/li>\n<\/ul>","protected":false},"excerpt":{"rendered":"<p><span style=\"font-weight: 400;\"><strong>Minimalista. Elegante. Moderna.<\/strong> Todo lo que necesitas en una mochila de p\u00e1del. Inspirada en el gran <strong>Fernando Belastegu\u00edn<\/strong> y dise\u00f1ada con su colaboraci\u00f3n, esta mochila de p\u00e1del contiene todo lo necesario para subir de nivel. Confeccionada con <strong>tejido de poli\u00e9ster texturizado y firmada con el logotipo Wilson x Bela<\/strong>, esta bolsa mantendr\u00e1 su aspecto minimal incluso en la pista. Hay un compartimento para palas, ropa, accesorios e incluso para las zapatillas. Las tiras acolchadas de la mochila le <strong>a\u00f1aden calidad al proporcionar comodidad adicional durante el transporte.<\/strong><\/span><\/p>\n<p>Features:<\/p>\n<ul>\n<li>El compartimento extra\u00edble con cremallera ofrece la <strong>opci\u00f3n de llevar un par de zapatos adicionales durante el viaje<\/strong>.<\/li>\n<li><strong>El forro polar proporciona protecci\u00f3n adicional<\/strong> para objetos de valor m\u00e1s peque\u00f1os.<\/li>\n<li>El compartimento encierra completamente raquetas, equipos m\u00e1s grandes y otros equipos.<\/li>\n<li><strong>Correas de mochila ajustables y acolchada<\/strong>s para un transporte c\u00f3modo.<\/li>\n<li>Las cremalleras se cierran entre s\u00ed para mantener seco el contenido de la bolsa y evitar derrames.<\/li>\n<li><strong>Dimensiones:<\/strong> 12 x 10 x 20&#8243; \/ 30 x 25 x 51 cm<\/li>\n<li><strong>Composici\u00f3n del tejido:<\/strong> 100% Poli\u00e9ster.<\/li>\n<\/ul>","protected":false},"featured_media":6149,"template":"","meta":[],"product_brand":[],"product_cat":[626,761,703,634,630,699],"product_tag":[],"class_list":{"0":"post-6148","1":"product","2":"type-product","3":"status-publish","4":"has-post-thumbnail","6":"product_cat-bolsas","7":"product_cat-bolsas-ofertas","8":"product_cat-fernandobelasteguin","9":"product_cat-mochila","10":"product_cat-wilson-bolsas","11":"product_cat-wilson-padel","12":"pa_brand-wilson","13":"pa_hs_code-673","15":"first","16":"instock","17":"sale","18":"taxable","19":"shipping-taxable","20":"purchasable","21":"product-type-simple"},"yoast_head":"<!-- This site is optimized with the Yoast SEO plugin v27.5 - https:\/\/yoast.com\/product\/yoast-seo-wordpress\/ -->\n<title>Mochila Wilson Bela DNA Super Tour Negra - Padel Zoco<\/title>\n<meta name=\"description\" content=\"Get the latest Wilson padel backpack with unique design and color, multi use inside and outside the padel court too. Buy it Now at Padel Zoco\" \/>\n<meta name=\"robots\" content=\"index, follow, max-snippet:-1, max-image-preview:large, max-video-preview:-1\" \/>\n<link rel=\"canonical\" href=\"https:\/\/padelzoco.es\/en\/product\/mochila-wilson-bela-dna-super-tour-negra\/\" \/>\n<meta property=\"og:locale\" content=\"en_GB\" \/>\n<meta property=\"og:type\" content=\"article\" \/>\n<meta property=\"og:title\" content=\"Mochila Wilson Bela DNA Super Tour Negra - Padel Zoco\" \/>\n<meta property=\"og:description\" content=\"Get the latest Wilson padel backpack with unique design and color, multi use inside and outside the padel court too. Buy it Now at Padel Zoco\" \/>\n<meta property=\"og:url\" content=\"https:\/\/padelzoco.es\/en\/product\/mochila-wilson-bela-dna-super-tour-negra\/\" \/>\n<meta property=\"og:site_name\" content=\"Padel Zoco\" \/>\n<meta property=\"article:modified_time\" content=\"2026-04-30T18:14:37+00:00\" \/>\n<meta property=\"og:image\" content=\"https:\/\/padelzoco.es\/wp-content\/uploads\/2023\/12\/Wilson-BELA-DNA-SUPER-TOUR-Padel-BACKPACK-Image-1.webp\" \/>\n\t<meta property=\"og:image:width\" content=\"1400\" \/>\n\t<meta property=\"og:image:height\" content=\"1400\" \/>\n\t<meta property=\"og:image:type\" content=\"image\/webp\" \/>\n<meta name=\"twitter:card\" content=\"summary_large_image\" \/>\n<meta name=\"twitter:label1\" content=\"Estimated reading time\" \/>\n\t<meta name=\"twitter:data1\" content=\"1 minute\" \/>\n<script type=\"application\/ld+json\" class=\"yoast-schema-graph\">{\"@context\":\"https:\\\/\\\/schema.org\",\"@graph\":[{\"@type\":\"WebPage\",\"@id\":\"https:\\\/\\\/padelzoco.es\\\/product\\\/mochila-wilson-bela-dna-super-tour-negra\\\/\",\"url\":\"https:\\\/\\\/padelzoco.es\\\/product\\\/mochila-wilson-bela-dna-super-tour-negra\\\/\",\"name\":\"Mochila Wilson Bela DNA Super Tour Negra - Padel Zoco\",\"isPartOf\":{\"@id\":\"https:\\\/\\\/padelzoco.es\\\/#website\"},\"primaryImageOfPage\":{\"@id\":\"https:\\\/\\\/padelzoco.es\\\/product\\\/mochila-wilson-bela-dna-super-tour-negra\\\/#primaryimage\"},\"image\":{\"@id\":\"https:\\\/\\\/padelzoco.es\\\/product\\\/mochila-wilson-bela-dna-super-tour-negra\\\/#primaryimage\"},\"thumbnailUrl\":\"https:\\\/\\\/padelzoco.es\\\/wp-content\\\/uploads\\\/2023\\\/12\\\/Wilson-BELA-DNA-SUPER-TOUR-Padel-BACKPACK-Image-1.webp\",\"datePublished\":\"2023-12-05T16:31:46+00:00\",\"dateModified\":\"2026-04-30T18:14:37+00:00\",\"description\":\"Get the latest Wilson padel backpack with unique design and color, multi use inside and outside the padel court too. Buy it Now at Padel Zoco\",\"breadcrumb\":{\"@id\":\"https:\\\/\\\/padelzoco.es\\\/product\\\/mochila-wilson-bela-dna-super-tour-negra\\\/#breadcrumb\"},\"inLanguage\":\"en-GB\",\"potentialAction\":[{\"@type\":\"ReadAction\",\"target\":[\"https:\\\/\\\/padelzoco.es\\\/product\\\/mochila-wilson-bela-dna-super-tour-negra\\\/\"]}]},{\"@type\":\"ImageObject\",\"inLanguage\":\"en-GB\",\"@id\":\"https:\\\/\\\/padelzoco.es\\\/product\\\/mochila-wilson-bela-dna-super-tour-negra\\\/#primaryimage\",\"url\":\"https:\\\/\\\/padelzoco.es\\\/wp-content\\\/uploads\\\/2023\\\/12\\\/Wilson-BELA-DNA-SUPER-TOUR-Padel-BACKPACK-Image-1.webp\",\"contentUrl\":\"https:\\\/\\\/padelzoco.es\\\/wp-content\\\/uploads\\\/2023\\\/12\\\/Wilson-BELA-DNA-SUPER-TOUR-Padel-BACKPACK-Image-1.webp\",\"width\":1400,\"height\":1400},{\"@type\":\"BreadcrumbList\",\"@id\":\"https:\\\/\\\/padelzoco.es\\\/product\\\/mochila-wilson-bela-dna-super-tour-negra\\\/#breadcrumb\",\"itemListElement\":[{\"@type\":\"ListItem\",\"position\":1,\"name\":\"Home\",\"item\":\"https:\\\/\\\/padelzoco.es\\\/\"},{\"@type\":\"ListItem\",\"position\":2,\"name\":\"Padel Zoco\",\"item\":\"https:\\\/\\\/padelzoco.es\\\/padel-zoco\\\/\"},{\"@type\":\"ListItem\",\"position\":3,\"name\":\"Mochila Wilson Bela DNA Super Tour Negra\"}]},{\"@type\":\"WebSite\",\"@id\":\"https:\\\/\\\/padelzoco.es\\\/#website\",\"url\":\"https:\\\/\\\/padelzoco.es\\\/\",\"name\":\"Padel Zoco\",\"description\":\"Padel Zoco | Spain\",\"publisher\":{\"@id\":\"https:\\\/\\\/padelzoco.es\\\/#organization\"},\"potentialAction\":[{\"@type\":\"SearchAction\",\"target\":{\"@type\":\"EntryPoint\",\"urlTemplate\":\"https:\\\/\\\/padelzoco.es\\\/?s={search_term_string}\"},\"query-input\":{\"@type\":\"PropertyValueSpecification\",\"valueRequired\":true,\"valueName\":\"search_term_string\"}}],\"inLanguage\":\"en-GB\"},{\"@type\":\"Organization\",\"@id\":\"https:\\\/\\\/padelzoco.es\\\/#organization\",\"name\":\"Padel Zoco\",\"url\":\"https:\\\/\\\/padelzoco.es\\\/\",\"logo\":{\"@type\":\"ImageObject\",\"inLanguage\":\"en-GB\",\"@id\":\"https:\\\/\\\/padelzoco.es\\\/#\\\/schema\\\/logo\\\/image\\\/\",\"url\":\"https:\\\/\\\/padelzoco.es\\\/wp-content\\\/uploads\\\/2023\\\/11\\\/PadelZoco_Logo_black_white.webp\",\"contentUrl\":\"https:\\\/\\\/padelzoco.es\\\/wp-content\\\/uploads\\\/2023\\\/11\\\/PadelZoco_Logo_black_white.webp\",\"width\":1500,\"height\":631,\"caption\":\"Padel Zoco\"},\"image\":{\"@id\":\"https:\\\/\\\/padelzoco.es\\\/#\\\/schema\\\/logo\\\/image\\\/\"}}]}<\/script>\n<!-- \/ Yoast SEO plugin. -->","yoast_head_json":{"title":"Mochila Wilson Bela DNA Super Tour Negra - Padel Zoco","description":"Get the latest Wilson padel backpack with unique design and color, multi use inside and outside the padel court too. Buy it Now at Padel Zoco","robots":{"index":"index","follow":"follow","max-snippet":"max-snippet:-1","max-image-preview":"max-image-preview:large","max-video-preview":"max-video-preview:-1"},"canonical":"https:\/\/padelzoco.es\/en\/product\/mochila-wilson-bela-dna-super-tour-negra\/","og_locale":"en_GB","og_type":"article","og_title":"Mochila Wilson Bela DNA Super Tour Negra - Padel Zoco","og_description":"Get the latest Wilson padel backpack with unique design and color, multi use inside and outside the padel court too. Buy it Now at Padel Zoco","og_url":"https:\/\/padelzoco.es\/en\/product\/mochila-wilson-bela-dna-super-tour-negra\/","og_site_name":"Padel Zoco","article_modified_time":"2026-04-30T18:14:37+00:00","og_image":[{"width":1400,"height":1400,"url":"https:\/\/padelzoco.es\/wp-content\/uploads\/2023\/12\/Wilson-BELA-DNA-SUPER-TOUR-Padel-BACKPACK-Image-1.webp","type":"image\/webp"}],"twitter_card":"summary_large_image","twitter_misc":{"Estimated reading time":"1 minute"},"schema":{"@context":"https:\/\/schema.org","@graph":[{"@type":"WebPage","@id":"https:\/\/padelzoco.es\/product\/mochila-wilson-bela-dna-super-tour-negra\/","url":"https:\/\/padelzoco.es\/product\/mochila-wilson-bela-dna-super-tour-negra\/","name":"Mochila Wilson Bela DNA Super Tour Negra - Padel Zoco","isPartOf":{"@id":"https:\/\/padelzoco.es\/#website"},"primaryImageOfPage":{"@id":"https:\/\/padelzoco.es\/product\/mochila-wilson-bela-dna-super-tour-negra\/#primaryimage"},"image":{"@id":"https:\/\/padelzoco.es\/product\/mochila-wilson-bela-dna-super-tour-negra\/#primaryimage"},"thumbnailUrl":"https:\/\/padelzoco.es\/wp-content\/uploads\/2023\/12\/Wilson-BELA-DNA-SUPER-TOUR-Padel-BACKPACK-Image-1.webp","datePublished":"2023-12-05T16:31:46+00:00","dateModified":"2026-04-30T18:14:37+00:00","description":"Get the latest Wilson padel backpack with unique design and color, multi use inside and outside the padel court too. Buy it Now at Padel Zoco","breadcrumb":{"@id":"https:\/\/padelzoco.es\/product\/mochila-wilson-bela-dna-super-tour-negra\/#breadcrumb"},"inLanguage":"en-GB","potentialAction":[{"@type":"ReadAction","target":["https:\/\/padelzoco.es\/product\/mochila-wilson-bela-dna-super-tour-negra\/"]}]},{"@type":"ImageObject","inLanguage":"en-GB","@id":"https:\/\/padelzoco.es\/product\/mochila-wilson-bela-dna-super-tour-negra\/#primaryimage","url":"https:\/\/padelzoco.es\/wp-content\/uploads\/2023\/12\/Wilson-BELA-DNA-SUPER-TOUR-Padel-BACKPACK-Image-1.webp","contentUrl":"https:\/\/padelzoco.es\/wp-content\/uploads\/2023\/12\/Wilson-BELA-DNA-SUPER-TOUR-Padel-BACKPACK-Image-1.webp","width":1400,"height":1400},{"@type":"BreadcrumbList","@id":"https:\/\/padelzoco.es\/product\/mochila-wilson-bela-dna-super-tour-negra\/#breadcrumb","itemListElement":[{"@type":"ListItem","position":1,"name":"Home","item":"https:\/\/padelzoco.es\/"},{"@type":"ListItem","position":2,"name":"Padel Zoco","item":"https:\/\/padelzoco.es\/padel-zoco\/"},{"@type":"ListItem","position":3,"name":"Mochila Wilson Bela DNA Super Tour Negra"}]},{"@type":"WebSite","@id":"https:\/\/padelzoco.es\/#website","url":"https:\/\/padelzoco.es\/","name":"Padel Zoco","description":"Padel Zoco | Spain","publisher":{"@id":"https:\/\/padelzoco.es\/#organization"},"potentialAction":[{"@type":"SearchAction","target":{"@type":"EntryPoint","urlTemplate":"https:\/\/padelzoco.es\/?s={search_term_string}"},"query-input":{"@type":"PropertyValueSpecification","valueRequired":true,"valueName":"search_term_string"}}],"inLanguage":"en-GB"},{"@type":"Organization","@id":"https:\/\/padelzoco.es\/#organization","name":"Padel Zoco","url":"https:\/\/padelzoco.es\/","logo":{"@type":"ImageObject","inLanguage":"en-GB","@id":"https:\/\/padelzoco.es\/#\/schema\/logo\/image\/","url":"https:\/\/padelzoco.es\/wp-content\/uploads\/2023\/11\/PadelZoco_Logo_black_white.webp","contentUrl":"https:\/\/padelzoco.es\/wp-content\/uploads\/2023\/11\/PadelZoco_Logo_black_white.webp","width":1500,"height":631,"caption":"Padel Zoco"},"image":{"@id":"https:\/\/padelzoco.es\/#\/schema\/logo\/image\/"}}]}},"_links":{"self":[{"href":"https:\/\/padelzoco.es\/en\/wp-json\/wp\/v2\/product\/6148","targetHints":{"allow":["GET"]}}],"collection":[{"href":"https:\/\/padelzoco.es\/en\/wp-json\/wp\/v2\/product"}],"about":[{"href":"https:\/\/padelzoco.es\/en\/wp-json\/wp\/v2\/types\/product"}],"version-history":[{"count":1,"href":"https:\/\/padelzoco.es\/en\/wp-json\/wp\/v2\/product\/6148\/revisions"}],"predecessor-version":[{"id":20213,"href":"https:\/\/padelzoco.es\/en\/wp-json\/wp\/v2\/product\/6148\/revisions\/20213"}],"wp:featuredmedia":[{"embeddable":true,"href":"https:\/\/padelzoco.es\/en\/wp-json\/wp\/v2\/media\/6149"}],"wp:attachment":[{"href":"https:\/\/padelzoco.es\/en\/wp-json\/wp\/v2\/media?parent=6148"}],"wp:term":[{"taxonomy":"product_brand","embeddable":true,"href":"https:\/\/padelzoco.es\/en\/wp-json\/wp\/v2\/product_brand?post=6148"},{"taxonomy":"product_cat","embeddable":true,"href":"https:\/\/padelzoco.es\/en\/wp-json\/wp\/v2\/product_cat?post=6148"},{"taxonomy":"product_tag","embeddable":true,"href":"https:\/\/padelzoco.es\/en\/wp-json\/wp\/v2\/product_tag?post=6148"}],"curies":[{"name":"wp","href":"https:\/\/api.w.org\/{rel}","templated":true}]}}