{"id":6165,"date":"2023-12-05T17:17:41","date_gmt":"2023-12-05T17:17:41","guid":{"rendered":"https:\/\/adc06f55e9.nxcli.io\/?post_type=product&#038;p=6165"},"modified":"2026-04-30T19:34:31","modified_gmt":"2026-04-30T18:34:31","slug":"camiseta-nox-sponsor-agustin-tapia-blanca","status":"publish","type":"product","link":"https:\/\/padelzoco.es\/en\/product\/camiseta-nox-sponsor-agustin-tapia-blanca\/","title":{"rendered":"Camiseta NOX Sponsor Agustin Tapia Blanca"},"content":{"rendered":"<p>Si\u00e9ntete como el <strong>\u00abMozart de Catamarca\u00bb<\/strong> con la r\u00e9plica de la camiseta utilizada por Agust\u00edn Tapia en competici\u00f3n para la temporada\u00a02023.<\/p>\n<p>Incluye serigraf\u00eda de su nombre y sponsors: Qatar Airways, Buraco Plus y Nox Future Academy.<\/p>\n<p>Corte cl\u00e1sico<\/p>\n<p>Color\u00a0blanco con detalle en rojo<\/p>\n<p>Polo\u00a0de manga corta y cuello mao.<\/p>\n<p>Tejido super absorbente con tecnolog\u00eda \u201cSweat Control\u201d de NOX.<\/p>\n<p>Tejido ligero con tecnolog\u00eda \u201cBalance Fresh\u201d de NOX para un m\u00e1ximo confort en el juego.<\/p>\n<p><strong>Composici\u00f3n<\/strong>: Poli\u00e9ster 90% &#8211; Elastano 10%.<\/p>","protected":false},"excerpt":{"rendered":"<p>Si\u00e9ntete como el <strong>\u00abMozart de Catamarca\u00bb<\/strong> con la r\u00e9plica de la camiseta utilizada por Agust\u00edn Tapia en competici\u00f3n para la temporada\u00a02023.<\/p>\n<p>Incluye serigraf\u00eda de su nombre y sponsors: Qatar Airways, Buraco Plus y Nox Future Academy.<\/p>\n<p>Corte cl\u00e1sico<\/p>\n<p>Color\u00a0blanco con detalle en rojo<\/p>\n<p>Polo\u00a0de manga corta y cuello mao.<\/p>\n<p>Tejido super absorbente con tecnolog\u00eda \u201cSweat Control\u201d de NOX.<\/p>\n<p>Tejido ligero con tecnolog\u00eda \u201cBalance Fresh\u201d de NOX para un m\u00e1ximo confort en el juego.<\/p>\n<p><strong>Composici\u00f3n<\/strong>: Poli\u00e9ster 90% &#8211; Elastano 10%.<\/p>","protected":false},"featured_media":6179,"template":"","meta":[],"product_brand":[],"product_cat":[705,611,608,697,603,601],"product_tag":[],"class_list":{"0":"post-6165","1":"product","2":"type-product","3":"status-publish","4":"has-post-thumbnail","6":"product_cat-agustin-tapia","7":"product_cat-camisetas-ropa","8":"product_cat-hombre-ropa","9":"product_cat-nox-padel","10":"product_cat-nox-ropa","11":"product_cat-ropa","12":"pa_brand-nox","13":"pa_color-blanco","14":"pa_gender-hombre","15":"pa_hs_code-87","16":"pa_size-l","17":"pa_size-m","18":"pa_size-s","19":"pa_size-xl","20":"pa_size-xs","21":"pa_size-xxl","23":"first","24":"outofstock","25":"taxable","26":"shipping-taxable","27":"product-type-variable"},"yoast_head":"<!-- This site is optimized with the Yoast SEO plugin v27.5 - https:\/\/yoast.com\/product\/yoast-seo-wordpress\/ -->\n<title>Camiseta NOX Sponsor Agustin Tapia Blanca - Padel Zoco<\/title>\n<meta name=\"robots\" content=\"index, follow, max-snippet:-1, max-image-preview:large, max-video-preview:-1\" \/>\n<link rel=\"canonical\" href=\"https:\/\/padelzoco.es\/en\/product\/camiseta-nox-sponsor-agustin-tapia-blanca\/\" \/>\n<meta property=\"og:locale\" content=\"en_GB\" \/>\n<meta property=\"og:type\" content=\"article\" \/>\n<meta property=\"og:title\" content=\"Camiseta NOX Sponsor Agustin Tapia Blanca - Padel Zoco\" \/>\n<meta property=\"og:description\" content=\"Si\u00e9ntete como el &quot;Mozart de Catamarca&quot; con la r\u00e9plica de la camiseta utilizada por Agust\u00edn Tapia en competici\u00f3n para la temporada\u00a02023.  Incluye serigraf\u00eda de su nombre y sponsors: Qatar Airways, Buraco Plus y Nox Future Academy.  Corte cl\u00e1sico  Color\u00a0blanco con detalle en rojo  Polo\u00a0de manga corta y cuello mao.  Tejido super absorbente con tecnolog\u00eda \u201cSweat Control\u201d de NOX.  Tejido ligero con tecnolog\u00eda \u201cBalance Fresh\u201d de NOX para un m\u00e1ximo confort en el juego.  Composici\u00f3n: Poli\u00e9ster 90% - Elastano 10%.\" \/>\n<meta property=\"og:url\" content=\"https:\/\/padelzoco.es\/en\/product\/camiseta-nox-sponsor-agustin-tapia-blanca\/\" \/>\n<meta property=\"og:site_name\" content=\"Padel Zoco\" \/>\n<meta property=\"article:modified_time\" content=\"2026-04-30T18:34:31+00:00\" \/>\n<meta property=\"og:image\" content=\"https:\/\/padelzoco.es\/wp-content\/uploads\/2023\/12\/NOX-CAMISETA-SPONSOR-AT10-BLANCA-1.webp\" \/>\n\t<meta property=\"og:image:width\" content=\"1400\" \/>\n\t<meta property=\"og:image:height\" content=\"1400\" \/>\n\t<meta property=\"og:image:type\" content=\"image\/webp\" \/>\n<meta name=\"twitter:card\" content=\"summary_large_image\" \/>\n<meta name=\"twitter:label1\" content=\"Estimated reading time\" \/>\n\t<meta name=\"twitter:data1\" content=\"1 minute\" \/>\n<script type=\"application\/ld+json\" class=\"yoast-schema-graph\">{\"@context\":\"https:\\\/\\\/schema.org\",\"@graph\":[{\"@type\":\"WebPage\",\"@id\":\"https:\\\/\\\/padelzoco.es\\\/product\\\/camiseta-nox-sponsor-agustin-tapia-blanca\\\/\",\"url\":\"https:\\\/\\\/padelzoco.es\\\/product\\\/camiseta-nox-sponsor-agustin-tapia-blanca\\\/\",\"name\":\"Camiseta NOX Sponsor Agustin Tapia Blanca - Padel Zoco\",\"isPartOf\":{\"@id\":\"https:\\\/\\\/padelzoco.es\\\/#website\"},\"primaryImageOfPage\":{\"@id\":\"https:\\\/\\\/padelzoco.es\\\/product\\\/camiseta-nox-sponsor-agustin-tapia-blanca\\\/#primaryimage\"},\"image\":{\"@id\":\"https:\\\/\\\/padelzoco.es\\\/product\\\/camiseta-nox-sponsor-agustin-tapia-blanca\\\/#primaryimage\"},\"thumbnailUrl\":\"https:\\\/\\\/padelzoco.es\\\/wp-content\\\/uploads\\\/2023\\\/12\\\/NOX-CAMISETA-SPONSOR-AT10-BLANCA-1.webp\",\"datePublished\":\"2023-12-05T17:17:41+00:00\",\"dateModified\":\"2026-04-30T18:34:31+00:00\",\"breadcrumb\":{\"@id\":\"https:\\\/\\\/padelzoco.es\\\/product\\\/camiseta-nox-sponsor-agustin-tapia-blanca\\\/#breadcrumb\"},\"inLanguage\":\"en-GB\",\"potentialAction\":[{\"@type\":\"ReadAction\",\"target\":[\"https:\\\/\\\/padelzoco.es\\\/product\\\/camiseta-nox-sponsor-agustin-tapia-blanca\\\/\"]}]},{\"@type\":\"ImageObject\",\"inLanguage\":\"en-GB\",\"@id\":\"https:\\\/\\\/padelzoco.es\\\/product\\\/camiseta-nox-sponsor-agustin-tapia-blanca\\\/#primaryimage\",\"url\":\"https:\\\/\\\/padelzoco.es\\\/wp-content\\\/uploads\\\/2023\\\/12\\\/NOX-CAMISETA-SPONSOR-AT10-BLANCA-1.webp\",\"contentUrl\":\"https:\\\/\\\/padelzoco.es\\\/wp-content\\\/uploads\\\/2023\\\/12\\\/NOX-CAMISETA-SPONSOR-AT10-BLANCA-1.webp\",\"width\":1400,\"height\":1400},{\"@type\":\"BreadcrumbList\",\"@id\":\"https:\\\/\\\/padelzoco.es\\\/product\\\/camiseta-nox-sponsor-agustin-tapia-blanca\\\/#breadcrumb\",\"itemListElement\":[{\"@type\":\"ListItem\",\"position\":1,\"name\":\"Home\",\"item\":\"https:\\\/\\\/padelzoco.es\\\/\"},{\"@type\":\"ListItem\",\"position\":2,\"name\":\"Padel Zoco\",\"item\":\"https:\\\/\\\/padelzoco.es\\\/padel-zoco\\\/\"},{\"@type\":\"ListItem\",\"position\":3,\"name\":\"Camiseta NOX Sponsor Agustin Tapia Blanca\"}]},{\"@type\":\"WebSite\",\"@id\":\"https:\\\/\\\/padelzoco.es\\\/#website\",\"url\":\"https:\\\/\\\/padelzoco.es\\\/\",\"name\":\"Padel Zoco\",\"description\":\"Padel Zoco | Spain\",\"publisher\":{\"@id\":\"https:\\\/\\\/padelzoco.es\\\/#organization\"},\"potentialAction\":[{\"@type\":\"SearchAction\",\"target\":{\"@type\":\"EntryPoint\",\"urlTemplate\":\"https:\\\/\\\/padelzoco.es\\\/?s={search_term_string}\"},\"query-input\":{\"@type\":\"PropertyValueSpecification\",\"valueRequired\":true,\"valueName\":\"search_term_string\"}}],\"inLanguage\":\"en-GB\"},{\"@type\":\"Organization\",\"@id\":\"https:\\\/\\\/padelzoco.es\\\/#organization\",\"name\":\"Padel Zoco\",\"url\":\"https:\\\/\\\/padelzoco.es\\\/\",\"logo\":{\"@type\":\"ImageObject\",\"inLanguage\":\"en-GB\",\"@id\":\"https:\\\/\\\/padelzoco.es\\\/#\\\/schema\\\/logo\\\/image\\\/\",\"url\":\"https:\\\/\\\/padelzoco.es\\\/wp-content\\\/uploads\\\/2023\\\/11\\\/PadelZoco_Logo_black_white.webp\",\"contentUrl\":\"https:\\\/\\\/padelzoco.es\\\/wp-content\\\/uploads\\\/2023\\\/11\\\/PadelZoco_Logo_black_white.webp\",\"width\":1500,\"height\":631,\"caption\":\"Padel Zoco\"},\"image\":{\"@id\":\"https:\\\/\\\/padelzoco.es\\\/#\\\/schema\\\/logo\\\/image\\\/\"}}]}<\/script>\n<!-- \/ Yoast SEO plugin. -->","yoast_head_json":{"title":"Camiseta NOX Sponsor Agustin Tapia Blanca - Padel Zoco","robots":{"index":"index","follow":"follow","max-snippet":"max-snippet:-1","max-image-preview":"max-image-preview:large","max-video-preview":"max-video-preview:-1"},"canonical":"https:\/\/padelzoco.es\/en\/product\/camiseta-nox-sponsor-agustin-tapia-blanca\/","og_locale":"en_GB","og_type":"article","og_title":"Camiseta NOX Sponsor Agustin Tapia Blanca - Padel Zoco","og_description":"Si\u00e9ntete como el \"Mozart de Catamarca\" con la r\u00e9plica de la camiseta utilizada por Agust\u00edn Tapia en competici\u00f3n para la temporada\u00a02023.  Incluye serigraf\u00eda de su nombre y sponsors: Qatar Airways, Buraco Plus y Nox Future Academy.  Corte cl\u00e1sico  Color\u00a0blanco con detalle en rojo  Polo\u00a0de manga corta y cuello mao.  Tejido super absorbente con tecnolog\u00eda \u201cSweat Control\u201d de NOX.  Tejido ligero con tecnolog\u00eda \u201cBalance Fresh\u201d de NOX para un m\u00e1ximo confort en el juego.  Composici\u00f3n: Poli\u00e9ster 90% - Elastano 10%.","og_url":"https:\/\/padelzoco.es\/en\/product\/camiseta-nox-sponsor-agustin-tapia-blanca\/","og_site_name":"Padel Zoco","article_modified_time":"2026-04-30T18:34:31+00:00","og_image":[{"width":1400,"height":1400,"url":"https:\/\/padelzoco.es\/wp-content\/uploads\/2023\/12\/NOX-CAMISETA-SPONSOR-AT10-BLANCA-1.webp","type":"image\/webp"}],"twitter_card":"summary_large_image","twitter_misc":{"Estimated reading time":"1 minute"},"schema":{"@context":"https:\/\/schema.org","@graph":[{"@type":"WebPage","@id":"https:\/\/padelzoco.es\/product\/camiseta-nox-sponsor-agustin-tapia-blanca\/","url":"https:\/\/padelzoco.es\/product\/camiseta-nox-sponsor-agustin-tapia-blanca\/","name":"Camiseta NOX Sponsor Agustin Tapia Blanca - Padel Zoco","isPartOf":{"@id":"https:\/\/padelzoco.es\/#website"},"primaryImageOfPage":{"@id":"https:\/\/padelzoco.es\/product\/camiseta-nox-sponsor-agustin-tapia-blanca\/#primaryimage"},"image":{"@id":"https:\/\/padelzoco.es\/product\/camiseta-nox-sponsor-agustin-tapia-blanca\/#primaryimage"},"thumbnailUrl":"https:\/\/padelzoco.es\/wp-content\/uploads\/2023\/12\/NOX-CAMISETA-SPONSOR-AT10-BLANCA-1.webp","datePublished":"2023-12-05T17:17:41+00:00","dateModified":"2026-04-30T18:34:31+00:00","breadcrumb":{"@id":"https:\/\/padelzoco.es\/product\/camiseta-nox-sponsor-agustin-tapia-blanca\/#breadcrumb"},"inLanguage":"en-GB","potentialAction":[{"@type":"ReadAction","target":["https:\/\/padelzoco.es\/product\/camiseta-nox-sponsor-agustin-tapia-blanca\/"]}]},{"@type":"ImageObject","inLanguage":"en-GB","@id":"https:\/\/padelzoco.es\/product\/camiseta-nox-sponsor-agustin-tapia-blanca\/#primaryimage","url":"https:\/\/padelzoco.es\/wp-content\/uploads\/2023\/12\/NOX-CAMISETA-SPONSOR-AT10-BLANCA-1.webp","contentUrl":"https:\/\/padelzoco.es\/wp-content\/uploads\/2023\/12\/NOX-CAMISETA-SPONSOR-AT10-BLANCA-1.webp","width":1400,"height":1400},{"@type":"BreadcrumbList","@id":"https:\/\/padelzoco.es\/product\/camiseta-nox-sponsor-agustin-tapia-blanca\/#breadcrumb","itemListElement":[{"@type":"ListItem","position":1,"name":"Home","item":"https:\/\/padelzoco.es\/"},{"@type":"ListItem","position":2,"name":"Padel Zoco","item":"https:\/\/padelzoco.es\/padel-zoco\/"},{"@type":"ListItem","position":3,"name":"Camiseta NOX Sponsor Agustin Tapia Blanca"}]},{"@type":"WebSite","@id":"https:\/\/padelzoco.es\/#website","url":"https:\/\/padelzoco.es\/","name":"Padel Zoco","description":"Padel Zoco | Spain","publisher":{"@id":"https:\/\/padelzoco.es\/#organization"},"potentialAction":[{"@type":"SearchAction","target":{"@type":"EntryPoint","urlTemplate":"https:\/\/padelzoco.es\/?s={search_term_string}"},"query-input":{"@type":"PropertyValueSpecification","valueRequired":true,"valueName":"search_term_string"}}],"inLanguage":"en-GB"},{"@type":"Organization","@id":"https:\/\/padelzoco.es\/#organization","name":"Padel Zoco","url":"https:\/\/padelzoco.es\/","logo":{"@type":"ImageObject","inLanguage":"en-GB","@id":"https:\/\/padelzoco.es\/#\/schema\/logo\/image\/","url":"https:\/\/padelzoco.es\/wp-content\/uploads\/2023\/11\/PadelZoco_Logo_black_white.webp","contentUrl":"https:\/\/padelzoco.es\/wp-content\/uploads\/2023\/11\/PadelZoco_Logo_black_white.webp","width":1500,"height":631,"caption":"Padel Zoco"},"image":{"@id":"https:\/\/padelzoco.es\/#\/schema\/logo\/image\/"}}]}},"_links":{"self":[{"href":"https:\/\/padelzoco.es\/en\/wp-json\/wp\/v2\/product\/6165","targetHints":{"allow":["GET"]}}],"collection":[{"href":"https:\/\/padelzoco.es\/en\/wp-json\/wp\/v2\/product"}],"about":[{"href":"https:\/\/padelzoco.es\/en\/wp-json\/wp\/v2\/types\/product"}],"version-history":[{"count":1,"href":"https:\/\/padelzoco.es\/en\/wp-json\/wp\/v2\/product\/6165\/revisions"}],"predecessor-version":[{"id":27963,"href":"https:\/\/padelzoco.es\/en\/wp-json\/wp\/v2\/product\/6165\/revisions\/27963"}],"wp:featuredmedia":[{"embeddable":true,"href":"https:\/\/padelzoco.es\/en\/wp-json\/wp\/v2\/media\/6179"}],"wp:attachment":[{"href":"https:\/\/padelzoco.es\/en\/wp-json\/wp\/v2\/media?parent=6165"}],"wp:term":[{"taxonomy":"product_brand","embeddable":true,"href":"https:\/\/padelzoco.es\/en\/wp-json\/wp\/v2\/product_brand?post=6165"},{"taxonomy":"product_cat","embeddable":true,"href":"https:\/\/padelzoco.es\/en\/wp-json\/wp\/v2\/product_cat?post=6165"},{"taxonomy":"product_tag","embeddable":true,"href":"https:\/\/padelzoco.es\/en\/wp-json\/wp\/v2\/product_tag?post=6165"}],"curies":[{"name":"wp","href":"https:\/\/api.w.org\/{rel}","templated":true}]}}