{"id":6358,"date":"2023-12-06T15:08:34","date_gmt":"2023-12-06T14:08:34","guid":{"rendered":"https:\/\/adc06f55e9.nxcli.io\/?post_type=product&#038;p=6358"},"modified":"2026-02-02T09:27:09","modified_gmt":"2026-02-02T08:27:09","slug":"pala-padel-nox-at10-luxury-genius-18k-2024","status":"publish","type":"product","link":"https:\/\/padelzoco.es\/en\/product\/pala-padel-nox-at10-luxury-genius-18k-2024\/","title":{"rendered":"Pala Padel Nox AT10 Luxury Genius 18K 2024"},"content":{"rendered":"<p>Pala Nox <strong>AT10 GENIUS 18K<\/strong> by Agust\u00edn Tapia 2024, la nueva pala del Mozart de Catamarca para la temporada 2024. La nueva pala de Nox estrena nuevo modelo, nuevos materiales y nueva tecnolog\u00eda.<\/p>\n<p>Se han perfilado las aristas de los perfiles para\u00a0incrementar\u00a0la aerodin\u00e1mica, se ha alargado el grip para facilitar el agarre, pero\u00a0lo que m\u00e1s destaca es la incorporaci\u00f3n de la\u00a0tecnolog\u00eda <strong>EOS Flap<\/strong>,\u00a0unas perforaciones laterales dise\u00f1adas para incrementar la manejabilidad de la pala y repartir la distribuci\u00f3n de pesos para que tengas en tus manos una pala r\u00e1pida y letal.<\/p>\n<p>La nueva combinaci\u00f3n de materiales, con la <strong>fibra de carbono 18K aluminizado<\/strong>\u00a018K Alum\u00a0\u00a0en comuni\u00f3n con\u00a0el n\u00facleo multicapa\u00a0<strong>MLD Black Eva<\/strong>\u00a0le confieren una sensaci\u00f3n de golpeo de gran confort\u00a0preservando a su vez\u00a0y un tacto s\u00f3lido y de dureza intermedia.<\/p>\n<p>Adem\u00e1s, las propiedades de la fibra de carbono aluminizado presenta mayor resistencia a los cambios de temperatura, disminuyendo los cambios en el tacto de pala producidos por los cambios de temperatura.<\/p>\n<h3 class=\"zonadepadel\">Caracter\u00edsticas Nox AT10 18K by Agust\u00edn Tapia<\/h3>\n<ul>\n<li>Fabricada con\u00a0<strong>fibra de carbono 18K aluminizado 18K Alum<\/strong>, garantizando durabilidad y un tacto excepcional.<\/li>\n<li>N\u00facleo multicapa MLD Black Eva para una sensaci\u00f3n de golpeo superior.<\/li>\n<li>Empu\u00f1adura con tecnolog\u00eda\u00a0<strong>Pulse System<\/strong>\u00a0para reducir vibraciones y fatiga articular.<\/li>\n<li>Incorpora el sistema de cord\u00f3n de seguridad reemplazable Smartstrap.<\/li>\n<li>Forma de gota\/l\u00e1grima para un balance equilibrado entre potencia y control.<\/li>\n<li>Pertenece a la colecci\u00f3n de palas Nox 2024.<\/li>\n<\/ul>","protected":false},"excerpt":{"rendered":"<p>Pala Nox <strong>AT10 GENIUS 18K<\/strong> by <a href=\"https:\/\/padelzoco.es\/en\/product-category\/agustin-tapia\/\">Agust\u00edn Tapia<\/a> 2024, la nueva pala del Mozart de Catamarca para la temporada 2024. La nueva pala de Nox estrena nuevo modelo, nuevos materiales y nueva tecnolog\u00eda.<\/p>\n<p>Se han perfilado las aristas de los perfiles para\u00a0incrementar\u00a0la aerodin\u00e1mica, se ha alargado el grip para facilitar el agarre, pero\u00a0lo que m\u00e1s destaca es la incorporaci\u00f3n de la\u00a0tecnolog\u00eda <strong>EOS Flap<\/strong>,\u00a0unas perforaciones laterales dise\u00f1adas para incrementar la manejabilidad de la pala y repartir la distribuci\u00f3n de pesos para que tengas en tus manos una pala r\u00e1pida y letal.<\/p>\n<p>La nueva combinaci\u00f3n de materiales, con la <strong>fibra de carbono 18K aluminizado<\/strong>\u00a018K Alum\u00a0\u00a0en comuni\u00f3n con\u00a0el n\u00facleo multicapa\u00a0<strong>MLD Black Eva<\/strong>\u00a0le confieren una sensaci\u00f3n de golpeo de gran confort\u00a0preservando a su vez\u00a0y un tacto s\u00f3lido y de dureza intermedia.<\/p>\n<p>Adem\u00e1s, las propiedades de la fibra de carbono aluminizado presenta mayor resistencia a los cambios de temperatura, disminuyendo los cambios en el tacto de pala producidos por los cambios de temperatura.<\/p>\n<h3 class=\"zonadepadel\">Caracter\u00edsticas Nox AT10 18K by <a href=\"https:\/\/padelzoco.es\/en\/product-category\/agustin-tapia\/\">Agust\u00edn Tapia<\/a><\/h3>\n<ul>\n<li>Fabricada con\u00a0<strong>fibra de carbono 18K aluminizado 18K Alum<\/strong>, garantizando durabilidad y un tacto excepcional.<\/li>\n<li>N\u00facleo multicapa MLD Black Eva para una sensaci\u00f3n de golpeo superior.<\/li>\n<li>Empu\u00f1adura con tecnolog\u00eda\u00a0<strong>Pulse System<\/strong>\u00a0para reducir vibraciones y fatiga articular.<\/li>\n<li>Incorpora el sistema de cord\u00f3n de seguridad reemplazable Smartstrap.<\/li>\n<li>Forma de gota\/l\u00e1grima para un balance equilibrado entre potencia y control.<\/li>\n<li>Pertenece a la colecci\u00f3n de palas Nox 2024.<\/li>\n<\/ul>\n<p>&nbsp;<\/p>","protected":false},"featured_media":5512,"template":"","meta":[],"product_brand":[],"product_cat":[705,582,587,589,585,697,574,572,757,754],"product_tag":[],"class_list":{"0":"post-6358","1":"product","2":"type-product","3":"status-publish","4":"has-post-thumbnail","6":"product_cat-agustin-tapia","7":"product_cat-avanzado-palas","8":"product_cat-hibrida-palas","9":"product_cat-hombre-palas","10":"product_cat-lagrima-palas","11":"product_cat-nox-padel","12":"product_cat-nox-palas","13":"product_cat-palas","14":"product_cat-palas-ofertas","15":"product_cat-rebajas","16":"pa_brand-nox","17":"pa_gender-hombre","18":"pa_hs_code-134","20":"first","21":"outofstock","22":"sale","23":"taxable","24":"shipping-taxable","25":"purchasable","26":"product-type-simple"},"yoast_head":"<!-- This site is optimized with the Yoast SEO plugin v27.3 - https:\/\/yoast.com\/product\/yoast-seo-wordpress\/ -->\n<title>Pala Padel Nox AT10 Luxury Genius 18K 2024 - Padel Zoco<\/title>\n<meta name=\"description\" content=\"La Nox at10 18k del 2024 es una de las mejores palas en el mercado. cuenta con teconolog\u00edas que hacen que sea la pala m\u00e1s polivalente del mercado\" \/>\n<meta name=\"robots\" content=\"index, follow, max-snippet:-1, max-image-preview:large, max-video-preview:-1\" \/>\n<link rel=\"canonical\" href=\"https:\/\/padelzoco.es\/en\/product\/pala-padel-nox-at10-luxury-genius-18k-2024\/\" \/>\n<meta property=\"og:locale\" content=\"en_GB\" \/>\n<meta property=\"og:type\" content=\"article\" \/>\n<meta property=\"og:title\" content=\"Pala Padel Nox AT10 Luxury Genius 18K 2024 - Padel Zoco\" \/>\n<meta property=\"og:description\" content=\"La Nox at10 18k del 2024 es una de las mejores palas en el mercado. cuenta con teconolog\u00edas que hacen que sea la pala m\u00e1s polivalente del mercado\" \/>\n<meta property=\"og:url\" content=\"https:\/\/padelzoco.es\/en\/product\/pala-padel-nox-at10-luxury-genius-18k-2024\/\" \/>\n<meta property=\"og:site_name\" content=\"Padel Zoco\" \/>\n<meta property=\"article:modified_time\" content=\"2026-02-02T08:27:09+00:00\" \/>\n<meta property=\"og:image\" content=\"https:\/\/padelzoco.es\/wp-content\/uploads\/2023\/12\/NOX-AT10-Luxury-GENIUS-18K-Alum-Padel-Racket-2024-Image-.webp\" \/>\n\t<meta property=\"og:image:width\" content=\"1400\" \/>\n\t<meta property=\"og:image:height\" content=\"1400\" \/>\n\t<meta property=\"og:image:type\" content=\"image\/webp\" \/>\n<meta name=\"twitter:card\" content=\"summary_large_image\" \/>\n<meta name=\"twitter:label1\" content=\"Estimated reading time\" \/>\n\t<meta name=\"twitter:data1\" content=\"2 minutes\" \/>\n<script type=\"application\/ld+json\" class=\"yoast-schema-graph\">{\"@context\":\"https:\\\/\\\/schema.org\",\"@graph\":[{\"@type\":\"WebPage\",\"@id\":\"https:\\\/\\\/padelzoco.es\\\/product\\\/pala-padel-nox-at10-luxury-genius-18k-2024\\\/\",\"url\":\"https:\\\/\\\/padelzoco.es\\\/product\\\/pala-padel-nox-at10-luxury-genius-18k-2024\\\/\",\"name\":\"Pala Padel Nox AT10 Luxury Genius 18K 2024 - Padel Zoco\",\"isPartOf\":{\"@id\":\"https:\\\/\\\/padelzoco.es\\\/#website\"},\"primaryImageOfPage\":{\"@id\":\"https:\\\/\\\/padelzoco.es\\\/product\\\/pala-padel-nox-at10-luxury-genius-18k-2024\\\/#primaryimage\"},\"image\":{\"@id\":\"https:\\\/\\\/padelzoco.es\\\/product\\\/pala-padel-nox-at10-luxury-genius-18k-2024\\\/#primaryimage\"},\"thumbnailUrl\":\"https:\\\/\\\/padelzoco.es\\\/wp-content\\\/uploads\\\/2023\\\/12\\\/NOX-AT10-Luxury-GENIUS-18K-Alum-Padel-Racket-2024-Image-.webp\",\"datePublished\":\"2023-12-06T14:08:34+00:00\",\"dateModified\":\"2026-02-02T08:27:09+00:00\",\"description\":\"La Nox at10 18k del 2024 es una de las mejores palas en el mercado. cuenta con teconolog\u00edas que hacen que sea la pala m\u00e1s polivalente del mercado\",\"breadcrumb\":{\"@id\":\"https:\\\/\\\/padelzoco.es\\\/product\\\/pala-padel-nox-at10-luxury-genius-18k-2024\\\/#breadcrumb\"},\"inLanguage\":\"en-GB\",\"potentialAction\":[{\"@type\":\"ReadAction\",\"target\":[\"https:\\\/\\\/padelzoco.es\\\/product\\\/pala-padel-nox-at10-luxury-genius-18k-2024\\\/\"]}]},{\"@type\":\"ImageObject\",\"inLanguage\":\"en-GB\",\"@id\":\"https:\\\/\\\/padelzoco.es\\\/product\\\/pala-padel-nox-at10-luxury-genius-18k-2024\\\/#primaryimage\",\"url\":\"https:\\\/\\\/padelzoco.es\\\/wp-content\\\/uploads\\\/2023\\\/12\\\/NOX-AT10-Luxury-GENIUS-18K-Alum-Padel-Racket-2024-Image-.webp\",\"contentUrl\":\"https:\\\/\\\/padelzoco.es\\\/wp-content\\\/uploads\\\/2023\\\/12\\\/NOX-AT10-Luxury-GENIUS-18K-Alum-Padel-Racket-2024-Image-.webp\",\"width\":1400,\"height\":1400},{\"@type\":\"BreadcrumbList\",\"@id\":\"https:\\\/\\\/padelzoco.es\\\/product\\\/pala-padel-nox-at10-luxury-genius-18k-2024\\\/#breadcrumb\",\"itemListElement\":[{\"@type\":\"ListItem\",\"position\":1,\"name\":\"Home\",\"item\":\"https:\\\/\\\/padelzoco.es\\\/\"},{\"@type\":\"ListItem\",\"position\":2,\"name\":\"Padel Zoco\",\"item\":\"https:\\\/\\\/padelzoco.es\\\/padel-zoco\\\/\"},{\"@type\":\"ListItem\",\"position\":3,\"name\":\"Pala Padel Nox AT10 Luxury Genius 18K 2024\"}]},{\"@type\":\"WebSite\",\"@id\":\"https:\\\/\\\/padelzoco.es\\\/#website\",\"url\":\"https:\\\/\\\/padelzoco.es\\\/\",\"name\":\"Padel Zoco\",\"description\":\"Padel Zoco | Spain\",\"publisher\":{\"@id\":\"https:\\\/\\\/padelzoco.es\\\/#organization\"},\"potentialAction\":[{\"@type\":\"SearchAction\",\"target\":{\"@type\":\"EntryPoint\",\"urlTemplate\":\"https:\\\/\\\/padelzoco.es\\\/?s={search_term_string}\"},\"query-input\":{\"@type\":\"PropertyValueSpecification\",\"valueRequired\":true,\"valueName\":\"search_term_string\"}}],\"inLanguage\":\"en-GB\"},{\"@type\":\"Organization\",\"@id\":\"https:\\\/\\\/padelzoco.es\\\/#organization\",\"name\":\"Padel Zoco\",\"url\":\"https:\\\/\\\/padelzoco.es\\\/\",\"logo\":{\"@type\":\"ImageObject\",\"inLanguage\":\"en-GB\",\"@id\":\"https:\\\/\\\/padelzoco.es\\\/#\\\/schema\\\/logo\\\/image\\\/\",\"url\":\"https:\\\/\\\/padelzoco.es\\\/wp-content\\\/uploads\\\/2023\\\/11\\\/PadelZoco_Logo_black_white.webp\",\"contentUrl\":\"https:\\\/\\\/padelzoco.es\\\/wp-content\\\/uploads\\\/2023\\\/11\\\/PadelZoco_Logo_black_white.webp\",\"width\":1500,\"height\":631,\"caption\":\"Padel Zoco\"},\"image\":{\"@id\":\"https:\\\/\\\/padelzoco.es\\\/#\\\/schema\\\/logo\\\/image\\\/\"}}]}<\/script>\n<!-- \/ Yoast SEO plugin. -->","yoast_head_json":{"title":"Pala Padel Nox AT10 Luxury Genius 18K 2024 - Padel Zoco","description":"La Nox at10 18k del 2024 es una de las mejores palas en el mercado. cuenta con teconolog\u00edas que hacen que sea la pala m\u00e1s polivalente del mercado","robots":{"index":"index","follow":"follow","max-snippet":"max-snippet:-1","max-image-preview":"max-image-preview:large","max-video-preview":"max-video-preview:-1"},"canonical":"https:\/\/padelzoco.es\/en\/product\/pala-padel-nox-at10-luxury-genius-18k-2024\/","og_locale":"en_GB","og_type":"article","og_title":"Pala Padel Nox AT10 Luxury Genius 18K 2024 - Padel Zoco","og_description":"La Nox at10 18k del 2024 es una de las mejores palas en el mercado. cuenta con teconolog\u00edas que hacen que sea la pala m\u00e1s polivalente del mercado","og_url":"https:\/\/padelzoco.es\/en\/product\/pala-padel-nox-at10-luxury-genius-18k-2024\/","og_site_name":"Padel Zoco","article_modified_time":"2026-02-02T08:27:09+00:00","og_image":[{"width":1400,"height":1400,"url":"https:\/\/padelzoco.es\/wp-content\/uploads\/2023\/12\/NOX-AT10-Luxury-GENIUS-18K-Alum-Padel-Racket-2024-Image-.webp","type":"image\/webp"}],"twitter_card":"summary_large_image","twitter_misc":{"Estimated reading time":"2 minutes"},"schema":{"@context":"https:\/\/schema.org","@graph":[{"@type":"WebPage","@id":"https:\/\/padelzoco.es\/product\/pala-padel-nox-at10-luxury-genius-18k-2024\/","url":"https:\/\/padelzoco.es\/product\/pala-padel-nox-at10-luxury-genius-18k-2024\/","name":"Pala Padel Nox AT10 Luxury Genius 18K 2024 - Padel Zoco","isPartOf":{"@id":"https:\/\/padelzoco.es\/#website"},"primaryImageOfPage":{"@id":"https:\/\/padelzoco.es\/product\/pala-padel-nox-at10-luxury-genius-18k-2024\/#primaryimage"},"image":{"@id":"https:\/\/padelzoco.es\/product\/pala-padel-nox-at10-luxury-genius-18k-2024\/#primaryimage"},"thumbnailUrl":"https:\/\/padelzoco.es\/wp-content\/uploads\/2023\/12\/NOX-AT10-Luxury-GENIUS-18K-Alum-Padel-Racket-2024-Image-.webp","datePublished":"2023-12-06T14:08:34+00:00","dateModified":"2026-02-02T08:27:09+00:00","description":"La Nox at10 18k del 2024 es una de las mejores palas en el mercado. cuenta con teconolog\u00edas que hacen que sea la pala m\u00e1s polivalente del mercado","breadcrumb":{"@id":"https:\/\/padelzoco.es\/product\/pala-padel-nox-at10-luxury-genius-18k-2024\/#breadcrumb"},"inLanguage":"en-GB","potentialAction":[{"@type":"ReadAction","target":["https:\/\/padelzoco.es\/product\/pala-padel-nox-at10-luxury-genius-18k-2024\/"]}]},{"@type":"ImageObject","inLanguage":"en-GB","@id":"https:\/\/padelzoco.es\/product\/pala-padel-nox-at10-luxury-genius-18k-2024\/#primaryimage","url":"https:\/\/padelzoco.es\/wp-content\/uploads\/2023\/12\/NOX-AT10-Luxury-GENIUS-18K-Alum-Padel-Racket-2024-Image-.webp","contentUrl":"https:\/\/padelzoco.es\/wp-content\/uploads\/2023\/12\/NOX-AT10-Luxury-GENIUS-18K-Alum-Padel-Racket-2024-Image-.webp","width":1400,"height":1400},{"@type":"BreadcrumbList","@id":"https:\/\/padelzoco.es\/product\/pala-padel-nox-at10-luxury-genius-18k-2024\/#breadcrumb","itemListElement":[{"@type":"ListItem","position":1,"name":"Home","item":"https:\/\/padelzoco.es\/"},{"@type":"ListItem","position":2,"name":"Padel Zoco","item":"https:\/\/padelzoco.es\/padel-zoco\/"},{"@type":"ListItem","position":3,"name":"Pala Padel Nox AT10 Luxury Genius 18K 2024"}]},{"@type":"WebSite","@id":"https:\/\/padelzoco.es\/#website","url":"https:\/\/padelzoco.es\/","name":"Padel Zoco","description":"Padel Zoco | Spain","publisher":{"@id":"https:\/\/padelzoco.es\/#organization"},"potentialAction":[{"@type":"SearchAction","target":{"@type":"EntryPoint","urlTemplate":"https:\/\/padelzoco.es\/?s={search_term_string}"},"query-input":{"@type":"PropertyValueSpecification","valueRequired":true,"valueName":"search_term_string"}}],"inLanguage":"en-GB"},{"@type":"Organization","@id":"https:\/\/padelzoco.es\/#organization","name":"Padel Zoco","url":"https:\/\/padelzoco.es\/","logo":{"@type":"ImageObject","inLanguage":"en-GB","@id":"https:\/\/padelzoco.es\/#\/schema\/logo\/image\/","url":"https:\/\/padelzoco.es\/wp-content\/uploads\/2023\/11\/PadelZoco_Logo_black_white.webp","contentUrl":"https:\/\/padelzoco.es\/wp-content\/uploads\/2023\/11\/PadelZoco_Logo_black_white.webp","width":1500,"height":631,"caption":"Padel Zoco"},"image":{"@id":"https:\/\/padelzoco.es\/#\/schema\/logo\/image\/"}}]}},"_links":{"self":[{"href":"https:\/\/padelzoco.es\/en\/wp-json\/wp\/v2\/product\/6358","targetHints":{"allow":["GET"]}}],"collection":[{"href":"https:\/\/padelzoco.es\/en\/wp-json\/wp\/v2\/product"}],"about":[{"href":"https:\/\/padelzoco.es\/en\/wp-json\/wp\/v2\/types\/product"}],"version-history":[{"count":3,"href":"https:\/\/padelzoco.es\/en\/wp-json\/wp\/v2\/product\/6358\/revisions"}],"predecessor-version":[{"id":18686,"href":"https:\/\/padelzoco.es\/en\/wp-json\/wp\/v2\/product\/6358\/revisions\/18686"}],"wp:featuredmedia":[{"embeddable":true,"href":"https:\/\/padelzoco.es\/en\/wp-json\/wp\/v2\/media\/5512"}],"wp:attachment":[{"href":"https:\/\/padelzoco.es\/en\/wp-json\/wp\/v2\/media?parent=6358"}],"wp:term":[{"taxonomy":"product_brand","embeddable":true,"href":"https:\/\/padelzoco.es\/en\/wp-json\/wp\/v2\/product_brand?post=6358"},{"taxonomy":"product_cat","embeddable":true,"href":"https:\/\/padelzoco.es\/en\/wp-json\/wp\/v2\/product_cat?post=6358"},{"taxonomy":"product_tag","embeddable":true,"href":"https:\/\/padelzoco.es\/en\/wp-json\/wp\/v2\/product_tag?post=6358"}],"curies":[{"name":"wp","href":"https:\/\/api.w.org\/{rel}","templated":true}]}}