{"id":6538,"date":"2023-12-06T18:36:21","date_gmt":"2023-12-06T17:36:21","guid":{"rendered":"https:\/\/adc06f55e9.nxcli.io\/?post_type=product&#038;p=6538"},"modified":"2026-02-02T21:01:25","modified_gmt":"2026-02-02T20:01:25","slug":"softshell-nox-pro-deportivo-gris","status":"publish","type":"product","link":"https:\/\/padelzoco.es\/en\/product\/softshell-nox-pro-deportivo-gris\/","title":{"rendered":"Softshell Nox Pro Deportivo Gris"},"content":{"rendered":"<div id=\"product-description-short-2160\" class=\"rte-content product-description\">\n<div class=\"product attribute overview\">\n<div class=\"value\">\n<div class=\"product_content_left\">\n<p>Nueva\u00a0<strong>chaqueta deportiva tipo softshell<\/strong>\u00a0de Nox Padel dise\u00f1ada para potenciar tu rendimiento al aire libre.<\/p>\n<p>Cuenta con materiales t\u00e9cnicos de primera calidad que la hacen la chaqueta deportiva perfecta entre funcional y estilosa.<\/p>\n<p><b>Composici\u00f3n<\/b>:\u00a0Poli\u00e9ster 92% &#8211; Elastano 8%<\/p>\n<p>&nbsp;<\/p>\n<\/div>\n<\/div>\n<\/div>\n<\/div>","protected":false},"excerpt":{"rendered":"<div id=\"product-description-short-2160\" class=\"rte-content product-description\">\n<div id=\"product-description-short-2160\" class=\"rte-content product-description\">\n<div class=\"product attribute overview\">\n<div class=\"value\">\n<div class=\"product_content_left\">\n<p>Nueva\u00a0<strong>chaqueta deportiva tipo softshell<\/strong>\u00a0de Nox Padel dise\u00f1ada para potenciar tu rendimiento al aire libre.<\/p>\n<p>Cuenta con materiales t\u00e9cnicos de primera calidad que la hacen la chaqueta deportiva perfecta entre funcional y estilosa.<\/p>\n<p><b>Composici\u00f3n<\/b>:\u00a0Poli\u00e9ster 92% &#8211; Elastano 8%<\/p>\n<p>&nbsp;<\/p>\n<\/div>\n<\/div>\n<\/div>\n<\/div>\n<\/div>","protected":false},"featured_media":6550,"template":"","meta":[],"product_brand":[],"product_cat":[615,608,697,603,601],"product_tag":[],"class_list":{"0":"post-6538","1":"product","2":"type-product","3":"status-publish","4":"has-post-thumbnail","6":"product_cat-chaquetas-ropa","7":"product_cat-hombre-ropa","8":"product_cat-nox-padel","9":"product_cat-nox-ropa","10":"product_cat-ropa","11":"pa_brand-nox","12":"pa_color-grey","13":"pa_gender-hombre","14":"pa_hs_code-87","15":"pa_size-l","16":"pa_size-m","17":"pa_size-s","18":"pa_size-xl","19":"pa_size-xs","20":"pa_size-xxl","22":"first","23":"outofstock","24":"taxable","25":"shipping-taxable","26":"product-type-variable"},"yoast_head":"<!-- This site is optimized with the Yoast SEO plugin v27.3 - https:\/\/yoast.com\/product\/yoast-seo-wordpress\/ -->\n<title>Softshell Nox Pro Deportivo Gris - Padel Zoco<\/title>\n<meta name=\"robots\" content=\"index, follow, max-snippet:-1, max-image-preview:large, max-video-preview:-1\" \/>\n<link rel=\"canonical\" href=\"https:\/\/padelzoco.es\/en\/product\/softshell-nox-pro-deportivo-gris\/\" \/>\n<meta property=\"og:locale\" content=\"en_GB\" \/>\n<meta property=\"og:type\" content=\"article\" \/>\n<meta property=\"og:title\" content=\"Softshell Nox Pro Deportivo Gris - Padel Zoco\" \/>\n<meta property=\"og:description\" content=\"Nueva\u00a0chaqueta deportiva tipo softshell\u00a0de Nox Padel dise\u00f1ada para potenciar tu rendimiento al aire libre.  Cuenta con materiales t\u00e9cnicos de primera calidad que la hacen la chaqueta deportiva perfecta entre funcional y estilosa.  Composici\u00f3n:\u00a0Poli\u00e9ster 92% - Elastano 8%  &nbsp;\" \/>\n<meta property=\"og:url\" content=\"https:\/\/padelzoco.es\/en\/product\/softshell-nox-pro-deportivo-gris\/\" \/>\n<meta property=\"og:site_name\" content=\"Padel Zoco\" \/>\n<meta property=\"article:modified_time\" content=\"2026-02-02T20:01:25+00:00\" \/>\n<meta property=\"og:image\" content=\"https:\/\/padelzoco.es\/wp-content\/uploads\/2023\/12\/NOX-SOFTSHELL-PRO-Deportivo-Hombre-Gris-Image-6.webp\" \/>\n\t<meta property=\"og:image:width\" content=\"1400\" \/>\n\t<meta property=\"og:image:height\" content=\"1400\" \/>\n\t<meta property=\"og:image:type\" content=\"image\/webp\" \/>\n<meta name=\"twitter:card\" content=\"summary_large_image\" \/>\n<meta name=\"twitter:label1\" content=\"Estimated reading time\" \/>\n\t<meta name=\"twitter:data1\" content=\"1 minute\" \/>\n<script type=\"application\/ld+json\" class=\"yoast-schema-graph\">{\"@context\":\"https:\\\/\\\/schema.org\",\"@graph\":[{\"@type\":\"WebPage\",\"@id\":\"https:\\\/\\\/padelzoco.es\\\/product\\\/softshell-nox-pro-deportivo-gris\\\/\",\"url\":\"https:\\\/\\\/padelzoco.es\\\/product\\\/softshell-nox-pro-deportivo-gris\\\/\",\"name\":\"Softshell Nox Pro Deportivo Gris - Padel Zoco\",\"isPartOf\":{\"@id\":\"https:\\\/\\\/padelzoco.es\\\/#website\"},\"primaryImageOfPage\":{\"@id\":\"https:\\\/\\\/padelzoco.es\\\/product\\\/softshell-nox-pro-deportivo-gris\\\/#primaryimage\"},\"image\":{\"@id\":\"https:\\\/\\\/padelzoco.es\\\/product\\\/softshell-nox-pro-deportivo-gris\\\/#primaryimage\"},\"thumbnailUrl\":\"https:\\\/\\\/padelzoco.es\\\/wp-content\\\/uploads\\\/2023\\\/12\\\/NOX-SOFTSHELL-PRO-Deportivo-Hombre-Gris-Image-6.webp\",\"datePublished\":\"2023-12-06T17:36:21+00:00\",\"dateModified\":\"2026-02-02T20:01:25+00:00\",\"breadcrumb\":{\"@id\":\"https:\\\/\\\/padelzoco.es\\\/product\\\/softshell-nox-pro-deportivo-gris\\\/#breadcrumb\"},\"inLanguage\":\"en-GB\",\"potentialAction\":[{\"@type\":\"ReadAction\",\"target\":[\"https:\\\/\\\/padelzoco.es\\\/product\\\/softshell-nox-pro-deportivo-gris\\\/\"]}]},{\"@type\":\"ImageObject\",\"inLanguage\":\"en-GB\",\"@id\":\"https:\\\/\\\/padelzoco.es\\\/product\\\/softshell-nox-pro-deportivo-gris\\\/#primaryimage\",\"url\":\"https:\\\/\\\/padelzoco.es\\\/wp-content\\\/uploads\\\/2023\\\/12\\\/NOX-SOFTSHELL-PRO-Deportivo-Hombre-Gris-Image-6.webp\",\"contentUrl\":\"https:\\\/\\\/padelzoco.es\\\/wp-content\\\/uploads\\\/2023\\\/12\\\/NOX-SOFTSHELL-PRO-Deportivo-Hombre-Gris-Image-6.webp\",\"width\":1400,\"height\":1400},{\"@type\":\"BreadcrumbList\",\"@id\":\"https:\\\/\\\/padelzoco.es\\\/product\\\/softshell-nox-pro-deportivo-gris\\\/#breadcrumb\",\"itemListElement\":[{\"@type\":\"ListItem\",\"position\":1,\"name\":\"Home\",\"item\":\"https:\\\/\\\/padelzoco.es\\\/\"},{\"@type\":\"ListItem\",\"position\":2,\"name\":\"Padel Zoco\",\"item\":\"https:\\\/\\\/padelzoco.es\\\/padel-zoco\\\/\"},{\"@type\":\"ListItem\",\"position\":3,\"name\":\"Softshell Nox Pro Deportivo Gris\"}]},{\"@type\":\"WebSite\",\"@id\":\"https:\\\/\\\/padelzoco.es\\\/#website\",\"url\":\"https:\\\/\\\/padelzoco.es\\\/\",\"name\":\"Padel Zoco\",\"description\":\"Padel Zoco | Spain\",\"publisher\":{\"@id\":\"https:\\\/\\\/padelzoco.es\\\/#organization\"},\"potentialAction\":[{\"@type\":\"SearchAction\",\"target\":{\"@type\":\"EntryPoint\",\"urlTemplate\":\"https:\\\/\\\/padelzoco.es\\\/?s={search_term_string}\"},\"query-input\":{\"@type\":\"PropertyValueSpecification\",\"valueRequired\":true,\"valueName\":\"search_term_string\"}}],\"inLanguage\":\"en-GB\"},{\"@type\":\"Organization\",\"@id\":\"https:\\\/\\\/padelzoco.es\\\/#organization\",\"name\":\"Padel Zoco\",\"url\":\"https:\\\/\\\/padelzoco.es\\\/\",\"logo\":{\"@type\":\"ImageObject\",\"inLanguage\":\"en-GB\",\"@id\":\"https:\\\/\\\/padelzoco.es\\\/#\\\/schema\\\/logo\\\/image\\\/\",\"url\":\"https:\\\/\\\/padelzoco.es\\\/wp-content\\\/uploads\\\/2023\\\/11\\\/PadelZoco_Logo_black_white.webp\",\"contentUrl\":\"https:\\\/\\\/padelzoco.es\\\/wp-content\\\/uploads\\\/2023\\\/11\\\/PadelZoco_Logo_black_white.webp\",\"width\":1500,\"height\":631,\"caption\":\"Padel Zoco\"},\"image\":{\"@id\":\"https:\\\/\\\/padelzoco.es\\\/#\\\/schema\\\/logo\\\/image\\\/\"}}]}<\/script>\n<!-- \/ Yoast SEO plugin. -->","yoast_head_json":{"title":"Softshell Nox Pro Deportivo Gris - Padel Zoco","robots":{"index":"index","follow":"follow","max-snippet":"max-snippet:-1","max-image-preview":"max-image-preview:large","max-video-preview":"max-video-preview:-1"},"canonical":"https:\/\/padelzoco.es\/en\/product\/softshell-nox-pro-deportivo-gris\/","og_locale":"en_GB","og_type":"article","og_title":"Softshell Nox Pro Deportivo Gris - Padel Zoco","og_description":"Nueva\u00a0chaqueta deportiva tipo softshell\u00a0de Nox Padel dise\u00f1ada para potenciar tu rendimiento al aire libre.  Cuenta con materiales t\u00e9cnicos de primera calidad que la hacen la chaqueta deportiva perfecta entre funcional y estilosa.  Composici\u00f3n:\u00a0Poli\u00e9ster 92% - Elastano 8%  &nbsp;","og_url":"https:\/\/padelzoco.es\/en\/product\/softshell-nox-pro-deportivo-gris\/","og_site_name":"Padel Zoco","article_modified_time":"2026-02-02T20:01:25+00:00","og_image":[{"width":1400,"height":1400,"url":"https:\/\/padelzoco.es\/wp-content\/uploads\/2023\/12\/NOX-SOFTSHELL-PRO-Deportivo-Hombre-Gris-Image-6.webp","type":"image\/webp"}],"twitter_card":"summary_large_image","twitter_misc":{"Estimated reading time":"1 minute"},"schema":{"@context":"https:\/\/schema.org","@graph":[{"@type":"WebPage","@id":"https:\/\/padelzoco.es\/product\/softshell-nox-pro-deportivo-gris\/","url":"https:\/\/padelzoco.es\/product\/softshell-nox-pro-deportivo-gris\/","name":"Softshell Nox Pro Deportivo Gris - Padel Zoco","isPartOf":{"@id":"https:\/\/padelzoco.es\/#website"},"primaryImageOfPage":{"@id":"https:\/\/padelzoco.es\/product\/softshell-nox-pro-deportivo-gris\/#primaryimage"},"image":{"@id":"https:\/\/padelzoco.es\/product\/softshell-nox-pro-deportivo-gris\/#primaryimage"},"thumbnailUrl":"https:\/\/padelzoco.es\/wp-content\/uploads\/2023\/12\/NOX-SOFTSHELL-PRO-Deportivo-Hombre-Gris-Image-6.webp","datePublished":"2023-12-06T17:36:21+00:00","dateModified":"2026-02-02T20:01:25+00:00","breadcrumb":{"@id":"https:\/\/padelzoco.es\/product\/softshell-nox-pro-deportivo-gris\/#breadcrumb"},"inLanguage":"en-GB","potentialAction":[{"@type":"ReadAction","target":["https:\/\/padelzoco.es\/product\/softshell-nox-pro-deportivo-gris\/"]}]},{"@type":"ImageObject","inLanguage":"en-GB","@id":"https:\/\/padelzoco.es\/product\/softshell-nox-pro-deportivo-gris\/#primaryimage","url":"https:\/\/padelzoco.es\/wp-content\/uploads\/2023\/12\/NOX-SOFTSHELL-PRO-Deportivo-Hombre-Gris-Image-6.webp","contentUrl":"https:\/\/padelzoco.es\/wp-content\/uploads\/2023\/12\/NOX-SOFTSHELL-PRO-Deportivo-Hombre-Gris-Image-6.webp","width":1400,"height":1400},{"@type":"BreadcrumbList","@id":"https:\/\/padelzoco.es\/product\/softshell-nox-pro-deportivo-gris\/#breadcrumb","itemListElement":[{"@type":"ListItem","position":1,"name":"Home","item":"https:\/\/padelzoco.es\/"},{"@type":"ListItem","position":2,"name":"Padel Zoco","item":"https:\/\/padelzoco.es\/padel-zoco\/"},{"@type":"ListItem","position":3,"name":"Softshell Nox Pro Deportivo Gris"}]},{"@type":"WebSite","@id":"https:\/\/padelzoco.es\/#website","url":"https:\/\/padelzoco.es\/","name":"Padel Zoco","description":"Padel Zoco | Spain","publisher":{"@id":"https:\/\/padelzoco.es\/#organization"},"potentialAction":[{"@type":"SearchAction","target":{"@type":"EntryPoint","urlTemplate":"https:\/\/padelzoco.es\/?s={search_term_string}"},"query-input":{"@type":"PropertyValueSpecification","valueRequired":true,"valueName":"search_term_string"}}],"inLanguage":"en-GB"},{"@type":"Organization","@id":"https:\/\/padelzoco.es\/#organization","name":"Padel Zoco","url":"https:\/\/padelzoco.es\/","logo":{"@type":"ImageObject","inLanguage":"en-GB","@id":"https:\/\/padelzoco.es\/#\/schema\/logo\/image\/","url":"https:\/\/padelzoco.es\/wp-content\/uploads\/2023\/11\/PadelZoco_Logo_black_white.webp","contentUrl":"https:\/\/padelzoco.es\/wp-content\/uploads\/2023\/11\/PadelZoco_Logo_black_white.webp","width":1500,"height":631,"caption":"Padel Zoco"},"image":{"@id":"https:\/\/padelzoco.es\/#\/schema\/logo\/image\/"}}]}},"_links":{"self":[{"href":"https:\/\/padelzoco.es\/en\/wp-json\/wp\/v2\/product\/6538","targetHints":{"allow":["GET"]}}],"collection":[{"href":"https:\/\/padelzoco.es\/en\/wp-json\/wp\/v2\/product"}],"about":[{"href":"https:\/\/padelzoco.es\/en\/wp-json\/wp\/v2\/types\/product"}],"version-history":[{"count":1,"href":"https:\/\/padelzoco.es\/en\/wp-json\/wp\/v2\/product\/6538\/revisions"}],"predecessor-version":[{"id":27941,"href":"https:\/\/padelzoco.es\/en\/wp-json\/wp\/v2\/product\/6538\/revisions\/27941"}],"wp:featuredmedia":[{"embeddable":true,"href":"https:\/\/padelzoco.es\/en\/wp-json\/wp\/v2\/media\/6550"}],"wp:attachment":[{"href":"https:\/\/padelzoco.es\/en\/wp-json\/wp\/v2\/media?parent=6538"}],"wp:term":[{"taxonomy":"product_brand","embeddable":true,"href":"https:\/\/padelzoco.es\/en\/wp-json\/wp\/v2\/product_brand?post=6538"},{"taxonomy":"product_cat","embeddable":true,"href":"https:\/\/padelzoco.es\/en\/wp-json\/wp\/v2\/product_cat?post=6538"},{"taxonomy":"product_tag","embeddable":true,"href":"https:\/\/padelzoco.es\/en\/wp-json\/wp\/v2\/product_tag?post=6538"}],"curies":[{"name":"wp","href":"https:\/\/api.w.org\/{rel}","templated":true}]}}