{"id":6724,"date":"2023-12-06T23:55:39","date_gmt":"2023-12-06T22:55:39","guid":{"rendered":"https:\/\/adc06f55e9.nxcli.io\/?post_type=product&#038;p=6724"},"modified":"2026-02-02T09:26:56","modified_gmt":"2026-02-02T08:26:56","slug":"cordon-nox-smartstrap-luxury-rojo-2","status":"publish","type":"product","link":"https:\/\/padelzoco.es\/en\/product\/cordon-nox-smartstrap-luxury-rojo-2\/","title":{"rendered":"Cordon Nox Smartstrap\u00ae Luxury Rojo"},"content":{"rendered":"<p><strong>Cord\u00f3n de\u00a0seguridad tipo mu\u00f1equera Nox\u00a0<\/strong><strong>Smartstrap\u00ae.<\/strong><\/p>\n<p>En color Rojo con logo blanco.<\/p>\n<p>Mejora la higiene y la seguridad de tu pala de p\u00e1del Nox reemplazando f\u00e1cilmente el cord\u00f3n de seguridad sin perder la garant\u00eda al no tener que manipular el tap\u00f3n inferior. \u00a1M\u00e1s opciones de personalizaci\u00f3n al alcance de tu mano!<\/p>\n<p>Accesorio de p\u00e1del\u00a0compatible\u00a0para\u00a0cualquier pala.<\/p>","protected":false},"excerpt":{"rendered":"<p><strong>Cord\u00f3n de\u00a0seguridad tipo mu\u00f1equera Nox\u00a0<\/strong><strong>Smartstrap\u00ae.<\/strong><\/p>\n<p>En color Rojo con logo blanco.<\/p>\n<p>Mejora la higiene y la seguridad de tu pala de p\u00e1del Nox reemplazando f\u00e1cilmente el cord\u00f3n de seguridad sin perder la garant\u00eda al no tener que manipular el tap\u00f3n inferior. \u00a1M\u00e1s opciones de personalizaci\u00f3n al alcance de tu mano!<\/p>\n<p>Accesorio de p\u00e1del\u00a0compatible\u00a0para\u00a0cualquier pala.<\/p>","protected":false},"featured_media":6725,"template":"","meta":[],"product_brand":[],"product_cat":[637,697,674],"product_tag":[],"class_list":{"0":"post-6724","1":"product","2":"type-product","3":"status-publish","4":"has-post-thumbnail","6":"product_cat-accesorios","7":"product_cat-nox-padel","8":"product_cat-smart-straps","9":"pa_brand-nox","10":"pa_color-rojo","11":"pa_hs_code-87","13":"first","14":"outofstock","15":"taxable","16":"shipping-taxable","17":"purchasable","18":"product-type-simple"},"yoast_head":"<!-- This site is optimized with the Yoast SEO plugin v27.3 - https:\/\/yoast.com\/product\/yoast-seo-wordpress\/ -->\n<title>Cordon Nox Smartstrap\u00ae Luxury Rojo - Padel Zoco<\/title>\n<meta name=\"description\" content=\"Get the nox smart strap replaceable Black with white logo, add safety and style to your racket. Buy Now Padel Shop Madrid.\" \/>\n<meta name=\"robots\" content=\"index, follow, max-snippet:-1, max-image-preview:large, max-video-preview:-1\" \/>\n<link rel=\"canonical\" href=\"https:\/\/padelzoco.es\/en\/product\/cordon-nox-smartstrap-luxury-rojo-2\/\" \/>\n<meta property=\"og:locale\" content=\"en_GB\" \/>\n<meta property=\"og:type\" content=\"article\" \/>\n<meta property=\"og:title\" content=\"Cordon Nox Smartstrap\u00ae Luxury Rojo - Padel Zoco\" \/>\n<meta property=\"og:description\" content=\"Get the nox smart strap replaceable Black with white logo, add safety and style to your racket. Buy Now Padel Shop Madrid.\" \/>\n<meta property=\"og:url\" content=\"https:\/\/padelzoco.es\/en\/product\/cordon-nox-smartstrap-luxury-rojo-2\/\" \/>\n<meta property=\"og:site_name\" content=\"Padel Zoco\" \/>\n<meta property=\"article:modified_time\" content=\"2026-02-02T08:26:56+00:00\" \/>\n<meta property=\"og:image\" content=\"https:\/\/padelzoco.es\/wp-content\/uploads\/2023\/12\/NOX-SmartStrap\u00ae-LUXURY-Cordon-Rojo-Image-2.webp\" \/>\n\t<meta property=\"og:image:width\" content=\"1400\" \/>\n\t<meta property=\"og:image:height\" content=\"1400\" \/>\n\t<meta property=\"og:image:type\" content=\"image\/webp\" \/>\n<meta name=\"twitter:card\" content=\"summary_large_image\" \/>\n<meta name=\"twitter:label1\" content=\"Estimated reading time\" \/>\n\t<meta name=\"twitter:data1\" content=\"1 minute\" \/>\n<script type=\"application\/ld+json\" class=\"yoast-schema-graph\">{\"@context\":\"https:\\\/\\\/schema.org\",\"@graph\":[{\"@type\":\"WebPage\",\"@id\":\"https:\\\/\\\/padelzoco.es\\\/product\\\/cordon-nox-smartstrap-luxury-rojo-2\\\/\",\"url\":\"https:\\\/\\\/padelzoco.es\\\/product\\\/cordon-nox-smartstrap-luxury-rojo-2\\\/\",\"name\":\"Cordon Nox Smartstrap\u00ae Luxury Rojo - Padel Zoco\",\"isPartOf\":{\"@id\":\"https:\\\/\\\/padelzoco.es\\\/#website\"},\"primaryImageOfPage\":{\"@id\":\"https:\\\/\\\/padelzoco.es\\\/product\\\/cordon-nox-smartstrap-luxury-rojo-2\\\/#primaryimage\"},\"image\":{\"@id\":\"https:\\\/\\\/padelzoco.es\\\/product\\\/cordon-nox-smartstrap-luxury-rojo-2\\\/#primaryimage\"},\"thumbnailUrl\":\"https:\\\/\\\/padelzoco.es\\\/wp-content\\\/uploads\\\/2023\\\/12\\\/NOX-SmartStrap\u00ae-LUXURY-Cordon-Rojo-Image-2.webp\",\"datePublished\":\"2023-12-06T22:55:39+00:00\",\"dateModified\":\"2026-02-02T08:26:56+00:00\",\"description\":\"Get the nox smart strap replaceable Black with white logo, add safety and style to your racket. Buy Now Padel Shop Madrid.\",\"breadcrumb\":{\"@id\":\"https:\\\/\\\/padelzoco.es\\\/product\\\/cordon-nox-smartstrap-luxury-rojo-2\\\/#breadcrumb\"},\"inLanguage\":\"en-GB\",\"potentialAction\":[{\"@type\":\"ReadAction\",\"target\":[\"https:\\\/\\\/padelzoco.es\\\/product\\\/cordon-nox-smartstrap-luxury-rojo-2\\\/\"]}]},{\"@type\":\"ImageObject\",\"inLanguage\":\"en-GB\",\"@id\":\"https:\\\/\\\/padelzoco.es\\\/product\\\/cordon-nox-smartstrap-luxury-rojo-2\\\/#primaryimage\",\"url\":\"https:\\\/\\\/padelzoco.es\\\/wp-content\\\/uploads\\\/2023\\\/12\\\/NOX-SmartStrap\u00ae-LUXURY-Cordon-Rojo-Image-2.webp\",\"contentUrl\":\"https:\\\/\\\/padelzoco.es\\\/wp-content\\\/uploads\\\/2023\\\/12\\\/NOX-SmartStrap\u00ae-LUXURY-Cordon-Rojo-Image-2.webp\",\"width\":1400,\"height\":1400},{\"@type\":\"BreadcrumbList\",\"@id\":\"https:\\\/\\\/padelzoco.es\\\/product\\\/cordon-nox-smartstrap-luxury-rojo-2\\\/#breadcrumb\",\"itemListElement\":[{\"@type\":\"ListItem\",\"position\":1,\"name\":\"Home\",\"item\":\"https:\\\/\\\/padelzoco.es\\\/\"},{\"@type\":\"ListItem\",\"position\":2,\"name\":\"Padel Zoco\",\"item\":\"https:\\\/\\\/padelzoco.es\\\/padel-zoco\\\/\"},{\"@type\":\"ListItem\",\"position\":3,\"name\":\"Cordon Nox Smartstrap\u00ae Luxury Rojo\"}]},{\"@type\":\"WebSite\",\"@id\":\"https:\\\/\\\/padelzoco.es\\\/#website\",\"url\":\"https:\\\/\\\/padelzoco.es\\\/\",\"name\":\"Padel Zoco\",\"description\":\"Padel Zoco | Spain\",\"publisher\":{\"@id\":\"https:\\\/\\\/padelzoco.es\\\/#organization\"},\"potentialAction\":[{\"@type\":\"SearchAction\",\"target\":{\"@type\":\"EntryPoint\",\"urlTemplate\":\"https:\\\/\\\/padelzoco.es\\\/?s={search_term_string}\"},\"query-input\":{\"@type\":\"PropertyValueSpecification\",\"valueRequired\":true,\"valueName\":\"search_term_string\"}}],\"inLanguage\":\"en-GB\"},{\"@type\":\"Organization\",\"@id\":\"https:\\\/\\\/padelzoco.es\\\/#organization\",\"name\":\"Padel Zoco\",\"url\":\"https:\\\/\\\/padelzoco.es\\\/\",\"logo\":{\"@type\":\"ImageObject\",\"inLanguage\":\"en-GB\",\"@id\":\"https:\\\/\\\/padelzoco.es\\\/#\\\/schema\\\/logo\\\/image\\\/\",\"url\":\"https:\\\/\\\/padelzoco.es\\\/wp-content\\\/uploads\\\/2023\\\/11\\\/PadelZoco_Logo_black_white.webp\",\"contentUrl\":\"https:\\\/\\\/padelzoco.es\\\/wp-content\\\/uploads\\\/2023\\\/11\\\/PadelZoco_Logo_black_white.webp\",\"width\":1500,\"height\":631,\"caption\":\"Padel Zoco\"},\"image\":{\"@id\":\"https:\\\/\\\/padelzoco.es\\\/#\\\/schema\\\/logo\\\/image\\\/\"}}]}<\/script>\n<!-- \/ Yoast SEO plugin. -->","yoast_head_json":{"title":"Cordon Nox Smartstrap\u00ae Luxury Rojo - Padel Zoco","description":"Get the nox smart strap replaceable Black with white logo, add safety and style to your racket. Buy Now Padel Shop Madrid.","robots":{"index":"index","follow":"follow","max-snippet":"max-snippet:-1","max-image-preview":"max-image-preview:large","max-video-preview":"max-video-preview:-1"},"canonical":"https:\/\/padelzoco.es\/en\/product\/cordon-nox-smartstrap-luxury-rojo-2\/","og_locale":"en_GB","og_type":"article","og_title":"Cordon Nox Smartstrap\u00ae Luxury Rojo - Padel Zoco","og_description":"Get the nox smart strap replaceable Black with white logo, add safety and style to your racket. Buy Now Padel Shop Madrid.","og_url":"https:\/\/padelzoco.es\/en\/product\/cordon-nox-smartstrap-luxury-rojo-2\/","og_site_name":"Padel Zoco","article_modified_time":"2026-02-02T08:26:56+00:00","og_image":[{"width":1400,"height":1400,"url":"https:\/\/padelzoco.es\/wp-content\/uploads\/2023\/12\/NOX-SmartStrap\u00ae-LUXURY-Cordon-Rojo-Image-2.webp","type":"image\/webp"}],"twitter_card":"summary_large_image","twitter_misc":{"Estimated reading time":"1 minute"},"schema":{"@context":"https:\/\/schema.org","@graph":[{"@type":"WebPage","@id":"https:\/\/padelzoco.es\/product\/cordon-nox-smartstrap-luxury-rojo-2\/","url":"https:\/\/padelzoco.es\/product\/cordon-nox-smartstrap-luxury-rojo-2\/","name":"Cordon Nox Smartstrap\u00ae Luxury Rojo - Padel Zoco","isPartOf":{"@id":"https:\/\/padelzoco.es\/#website"},"primaryImageOfPage":{"@id":"https:\/\/padelzoco.es\/product\/cordon-nox-smartstrap-luxury-rojo-2\/#primaryimage"},"image":{"@id":"https:\/\/padelzoco.es\/product\/cordon-nox-smartstrap-luxury-rojo-2\/#primaryimage"},"thumbnailUrl":"https:\/\/padelzoco.es\/wp-content\/uploads\/2023\/12\/NOX-SmartStrap\u00ae-LUXURY-Cordon-Rojo-Image-2.webp","datePublished":"2023-12-06T22:55:39+00:00","dateModified":"2026-02-02T08:26:56+00:00","description":"Get the nox smart strap replaceable Black with white logo, add safety and style to your racket. Buy Now Padel Shop Madrid.","breadcrumb":{"@id":"https:\/\/padelzoco.es\/product\/cordon-nox-smartstrap-luxury-rojo-2\/#breadcrumb"},"inLanguage":"en-GB","potentialAction":[{"@type":"ReadAction","target":["https:\/\/padelzoco.es\/product\/cordon-nox-smartstrap-luxury-rojo-2\/"]}]},{"@type":"ImageObject","inLanguage":"en-GB","@id":"https:\/\/padelzoco.es\/product\/cordon-nox-smartstrap-luxury-rojo-2\/#primaryimage","url":"https:\/\/padelzoco.es\/wp-content\/uploads\/2023\/12\/NOX-SmartStrap\u00ae-LUXURY-Cordon-Rojo-Image-2.webp","contentUrl":"https:\/\/padelzoco.es\/wp-content\/uploads\/2023\/12\/NOX-SmartStrap\u00ae-LUXURY-Cordon-Rojo-Image-2.webp","width":1400,"height":1400},{"@type":"BreadcrumbList","@id":"https:\/\/padelzoco.es\/product\/cordon-nox-smartstrap-luxury-rojo-2\/#breadcrumb","itemListElement":[{"@type":"ListItem","position":1,"name":"Home","item":"https:\/\/padelzoco.es\/"},{"@type":"ListItem","position":2,"name":"Padel Zoco","item":"https:\/\/padelzoco.es\/padel-zoco\/"},{"@type":"ListItem","position":3,"name":"Cordon Nox Smartstrap\u00ae Luxury Rojo"}]},{"@type":"WebSite","@id":"https:\/\/padelzoco.es\/#website","url":"https:\/\/padelzoco.es\/","name":"Padel Zoco","description":"Padel Zoco | Spain","publisher":{"@id":"https:\/\/padelzoco.es\/#organization"},"potentialAction":[{"@type":"SearchAction","target":{"@type":"EntryPoint","urlTemplate":"https:\/\/padelzoco.es\/?s={search_term_string}"},"query-input":{"@type":"PropertyValueSpecification","valueRequired":true,"valueName":"search_term_string"}}],"inLanguage":"en-GB"},{"@type":"Organization","@id":"https:\/\/padelzoco.es\/#organization","name":"Padel Zoco","url":"https:\/\/padelzoco.es\/","logo":{"@type":"ImageObject","inLanguage":"en-GB","@id":"https:\/\/padelzoco.es\/#\/schema\/logo\/image\/","url":"https:\/\/padelzoco.es\/wp-content\/uploads\/2023\/11\/PadelZoco_Logo_black_white.webp","contentUrl":"https:\/\/padelzoco.es\/wp-content\/uploads\/2023\/11\/PadelZoco_Logo_black_white.webp","width":1500,"height":631,"caption":"Padel Zoco"},"image":{"@id":"https:\/\/padelzoco.es\/#\/schema\/logo\/image\/"}}]}},"_links":{"self":[{"href":"https:\/\/padelzoco.es\/en\/wp-json\/wp\/v2\/product\/6724","targetHints":{"allow":["GET"]}}],"collection":[{"href":"https:\/\/padelzoco.es\/en\/wp-json\/wp\/v2\/product"}],"about":[{"href":"https:\/\/padelzoco.es\/en\/wp-json\/wp\/v2\/types\/product"}],"version-history":[{"count":1,"href":"https:\/\/padelzoco.es\/en\/wp-json\/wp\/v2\/product\/6724\/revisions"}],"predecessor-version":[{"id":27925,"href":"https:\/\/padelzoco.es\/en\/wp-json\/wp\/v2\/product\/6724\/revisions\/27925"}],"wp:featuredmedia":[{"embeddable":true,"href":"https:\/\/padelzoco.es\/en\/wp-json\/wp\/v2\/media\/6725"}],"wp:attachment":[{"href":"https:\/\/padelzoco.es\/en\/wp-json\/wp\/v2\/media?parent=6724"}],"wp:term":[{"taxonomy":"product_brand","embeddable":true,"href":"https:\/\/padelzoco.es\/en\/wp-json\/wp\/v2\/product_brand?post=6724"},{"taxonomy":"product_cat","embeddable":true,"href":"https:\/\/padelzoco.es\/en\/wp-json\/wp\/v2\/product_cat?post=6724"},{"taxonomy":"product_tag","embeddable":true,"href":"https:\/\/padelzoco.es\/en\/wp-json\/wp\/v2\/product_tag?post=6724"}],"curies":[{"name":"wp","href":"https:\/\/api.w.org\/{rel}","templated":true}]}}