{"id":6726,"date":"2023-12-07T00:00:42","date_gmt":"2023-12-06T23:00:42","guid":{"rendered":"https:\/\/adc06f55e9.nxcli.io\/?post_type=product&#038;p=6726"},"modified":"2026-04-30T18:48:09","modified_gmt":"2026-04-30T17:48:09","slug":"pala-padel-bullpadel-elite-w-24","status":"publish","type":"product","link":"https:\/\/padelzoco.es\/en\/product\/pala-padel-bullpadel-elite-w-24\/","title":{"rendered":"Pala Padel Bullpadel Elite W 24"},"content":{"rendered":"<p>La nueva pala <strong>ELITE de Bullpadel<\/strong> es la elegida por nuestra jugadora Gemma Triay.<\/p>\n<p>Un nuevo molde de forma de l\u00e1grima, para desarrollar todo el potencial del juego de ataque de Gemma pero con un balance medio para controlar su potencia. El coraz\u00f3n presenta un refuerzo en los brazos para conseguir un mayor momento de inercia en la pala, con el que conseguir una mayor firmeza, de cara a mejorar la torsi\u00f3n que se produce a la hora de golpear.<\/p>\n<p>Hemos introducido unas aristas en la parte superior del coraz\u00f3n con la intenci\u00f3n de conseguir una concavidad que consiga absorber las tensiones que se puedan producir con cada golpe. Nuestra \u00faltima tecnolog\u00eda, <strong>Air React Channel<\/strong>, le aporta el plus de ligereza y aerodin\u00e1mica. El <strong>vibradrive<\/strong>, un elast\u00f3mero que cruza a lo largo del grip y que evita vibraciones termina por hacer de la nueva ELITE la pala con mayor tecnolog\u00eda de su gama.<\/p>\n<p>Tecnolog\u00edas: Xtend Carbon 3K \/ Multieva \/ Vibradrive \/ Carbontube \/ Carbon 3K \/ Elite Core<\/p>\n<p>Features:<\/p>\n<p>Peso: 350-360 grs.<\/p>\n<p>Perfil: 38mm.<\/p>\n<p>Balance: Medio.<\/p>\n<p>Forma: H\u00edbrida.<\/p>\n<p>Comp. Exterior: Xtend Carbon 3K<\/p>\n<p>Comp. Interior: Multieva<\/p>\n<p>Jugador: Adulto experto.<\/p>\n<p>Power\/Control: 95\/95<\/p>","protected":false},"excerpt":{"rendered":"<div id=\"product-description-short-1722\" class=\"description-short\">\n<div id=\"product-description-short-1722\" class=\"description-short\">\n<div id=\"product-description-short-1722\" class=\"description-short\">\n<div id=\"product-description-short-1722\" class=\"description-short\">\n<div id=\"product-description-short-1722\" class=\"description-short\">\n<div id=\"product-description-short-1722\" class=\"description-short\">\n<div id=\"product-description-short-1722\" class=\"description-short\">\n<div class=\"group w-full text-token-text-primary border-b border-black\/10 dark:border-gray-900\/50 bg-gray-50 dark:bg-[#444654]\">\n<div class=\"flex p-4 gap-4 text-base md:gap-6 md:max-w-2xl lg:max-w-[38rem] xl:max-w-3xl md:py-6 lg:px-0 m-auto\">\n<div class=\"relative flex w-[calc(100%-50px)] flex-col gap-1 md:gap-3 lg:w-[calc(100%-115px)]\">\n<div class=\"flex flex-grow flex-col gap-3\">\n<div class=\"min-h-[20px] flex flex-col items-start gap-3 overflow-x-auto whitespace-pre-wrap break-words\">\n<div class=\"markdown prose w-full break-words dark:prose-invert light\">\n<div class=\"group w-full text-token-text-primary border-b border-black\/10 dark:border-gray-900\/50 bg-gray-50 dark:bg-[#444654]\">\n<div class=\"flex p-4 gap-4 text-base md:gap-6 md:max-w-2xl lg:max-w-[38rem] xl:max-w-3xl md:py-6 lg:px-0 m-auto\">\n<div class=\"relative flex w-[calc(100%-50px)] flex-col gap-1 md:gap-3 lg:w-[calc(100%-115px)]\">\n<div class=\"flex flex-grow flex-col gap-3\">\n<div class=\"min-h-[20px] flex flex-col items-start gap-3 overflow-x-auto whitespace-pre-wrap break-words\">\n<p>La nueva pala <strong>ELITE de Bullpadel<\/strong> es la elegida por nuestra jugadora Gemma Triay.<\/p>\n<p>Un nuevo molde de forma de l\u00e1grima, para desarrollar todo el potencial del juego de ataque de Gemma pero con un balance medio para controlar su potencia. El coraz\u00f3n presenta un refuerzo en los brazos para conseguir un mayor momento de inercia en la pala, con el que conseguir una mayor firmeza, de cara a mejorar la torsi\u00f3n que se produce a la hora de golpear.<\/p>\n<p>Hemos introducido unas aristas en la parte superior del coraz\u00f3n con la intenci\u00f3n de conseguir una concavidad que consiga absorber las tensiones que se puedan producir con cada golpe. Nuestra \u00faltima tecnolog\u00eda, <strong>Air React Channel<\/strong>, le aporta el plus de ligereza y aerodin\u00e1mica. El <strong>vibradrive<\/strong>, un elast\u00f3mero que cruza a lo largo del grip y que evita vibraciones termina por hacer de la nueva ELITE la pala con mayor tecnolog\u00eda de su gama.<\/p>\n<p>Tecnolog\u00edas: Xtend Carbon 3K \/ Multieva \/ Vibradrive \/ Carbontube \/ Carbon 3K \/ Elite Core<\/p>\n<p>Caracter\u00edsticas:<\/p>\n<p>Peso: 350-360 grs.<\/p>\n<p>Perfil: 38mm.<\/p>\n<p>Balance: Medio.<\/p>\n<p>Forma: H\u00edbrida.<\/p>\n<p>Comp. Exterior: Xtend Carbon 3K<\/p>\n<p>Comp. Interior: Multieva<\/p>\n<p>Jugador: Adulto experto.<\/p>\n<p>Potencia\/Control: 95\/95<\/p>\n<\/div>\n<\/div>\n<\/div>\n<\/div>\n<\/div>\n<\/div>\n<\/div>\n<\/div>\n<\/div>\n<\/div>\n<\/div>\n<\/div>\n<\/div>\n<\/div>\n<\/div>\n<\/div>\n<\/div>\n<\/div>\n","protected":false},"featured_media":6733,"template":"","meta":[],"product_brand":[],"product_cat":[582,698,575,584,710,587,581,590,572,757,754],"product_tag":[],"class_list":{"0":"post-6726","1":"product","2":"type-product","3":"status-publish","4":"has-post-thumbnail","6":"product_cat-avanzado-palas","7":"product_cat-bullpadel-padel","8":"product_cat-bullpadel-palas","9":"product_cat-diamante-palas","10":"product_cat-gemma-triay","11":"product_cat-hibrida-palas","12":"product_cat-intermedio-palas","13":"product_cat-mujer-palas","14":"product_cat-palas","15":"product_cat-palas-ofertas","16":"product_cat-rebajas","17":"pa_brand-bullpadel","18":"pa_color-blanco","19":"pa_color-negro","20":"pa_color-rosa","21":"pa_gender-mujer","22":"pa_hs_code-134","24":"first","25":"outofstock","26":"sale","27":"taxable","28":"shipping-taxable","29":"purchasable","30":"product-type-simple"},"yoast_head":"<!-- This site is optimized with the Yoast SEO plugin v27.5 - https:\/\/yoast.com\/product\/yoast-seo-wordpress\/ -->\n<title>Pala Padel Bullpadel Elite W 24 - Padel Zoco<\/title>\n<meta name=\"description\" content=\"The new Bullpadel ELITE the racket of Gemma Triay. A new teardrop-shaped offers medium balance to control her power. Buy Now at padel Shop Madrid.\" \/>\n<meta name=\"robots\" content=\"index, follow, max-snippet:-1, max-image-preview:large, max-video-preview:-1\" \/>\n<link rel=\"canonical\" href=\"https:\/\/padelzoco.es\/en\/product\/pala-padel-bullpadel-elite-w-24\/\" \/>\n<meta property=\"og:locale\" content=\"en_GB\" \/>\n<meta property=\"og:type\" content=\"article\" \/>\n<meta property=\"og:title\" content=\"Pala Padel Bullpadel Elite W 24 - Padel Zoco\" \/>\n<meta property=\"og:description\" content=\"The new Bullpadel ELITE the racket of Gemma Triay. A new teardrop-shaped offers medium balance to control her power. Buy Now at padel Shop Madrid.\" \/>\n<meta property=\"og:url\" content=\"https:\/\/padelzoco.es\/en\/product\/pala-padel-bullpadel-elite-w-24\/\" \/>\n<meta property=\"og:site_name\" content=\"Padel Zoco\" \/>\n<meta property=\"article:modified_time\" content=\"2026-04-30T17:48:09+00:00\" \/>\n<meta property=\"og:image\" content=\"https:\/\/padelzoco.es\/wp-content\/uploads\/2023\/12\/BULLPADEL-ELITE-W-24-Padel-Racket-Image-7.webp\" \/>\n\t<meta property=\"og:image:width\" content=\"1400\" \/>\n\t<meta property=\"og:image:height\" content=\"1400\" \/>\n\t<meta property=\"og:image:type\" content=\"image\/webp\" \/>\n<meta name=\"twitter:card\" content=\"summary_large_image\" \/>\n<meta name=\"twitter:label1\" content=\"Estimated reading time\" \/>\n\t<meta name=\"twitter:data1\" content=\"2 minutes\" \/>\n<script type=\"application\/ld+json\" class=\"yoast-schema-graph\">{\"@context\":\"https:\\\/\\\/schema.org\",\"@graph\":[{\"@type\":\"WebPage\",\"@id\":\"https:\\\/\\\/padelzoco.es\\\/product\\\/pala-padel-bullpadel-elite-w-24\\\/\",\"url\":\"https:\\\/\\\/padelzoco.es\\\/product\\\/pala-padel-bullpadel-elite-w-24\\\/\",\"name\":\"Pala Padel Bullpadel Elite W 24 - Padel Zoco\",\"isPartOf\":{\"@id\":\"https:\\\/\\\/padelzoco.es\\\/#website\"},\"primaryImageOfPage\":{\"@id\":\"https:\\\/\\\/padelzoco.es\\\/product\\\/pala-padel-bullpadel-elite-w-24\\\/#primaryimage\"},\"image\":{\"@id\":\"https:\\\/\\\/padelzoco.es\\\/product\\\/pala-padel-bullpadel-elite-w-24\\\/#primaryimage\"},\"thumbnailUrl\":\"https:\\\/\\\/padelzoco.es\\\/wp-content\\\/uploads\\\/2023\\\/12\\\/BULLPADEL-ELITE-W-24-Padel-Racket-Image-7.webp\",\"datePublished\":\"2023-12-06T23:00:42+00:00\",\"dateModified\":\"2026-04-30T17:48:09+00:00\",\"description\":\"The new Bullpadel ELITE the racket of Gemma Triay. A new teardrop-shaped offers medium balance to control her power. Buy Now at padel Shop Madrid.\",\"breadcrumb\":{\"@id\":\"https:\\\/\\\/padelzoco.es\\\/product\\\/pala-padel-bullpadel-elite-w-24\\\/#breadcrumb\"},\"inLanguage\":\"en-GB\",\"potentialAction\":[{\"@type\":\"ReadAction\",\"target\":[\"https:\\\/\\\/padelzoco.es\\\/product\\\/pala-padel-bullpadel-elite-w-24\\\/\"]}]},{\"@type\":\"ImageObject\",\"inLanguage\":\"en-GB\",\"@id\":\"https:\\\/\\\/padelzoco.es\\\/product\\\/pala-padel-bullpadel-elite-w-24\\\/#primaryimage\",\"url\":\"https:\\\/\\\/padelzoco.es\\\/wp-content\\\/uploads\\\/2023\\\/12\\\/BULLPADEL-ELITE-W-24-Padel-Racket-Image-7.webp\",\"contentUrl\":\"https:\\\/\\\/padelzoco.es\\\/wp-content\\\/uploads\\\/2023\\\/12\\\/BULLPADEL-ELITE-W-24-Padel-Racket-Image-7.webp\",\"width\":1400,\"height\":1400},{\"@type\":\"BreadcrumbList\",\"@id\":\"https:\\\/\\\/padelzoco.es\\\/product\\\/pala-padel-bullpadel-elite-w-24\\\/#breadcrumb\",\"itemListElement\":[{\"@type\":\"ListItem\",\"position\":1,\"name\":\"Home\",\"item\":\"https:\\\/\\\/padelzoco.es\\\/\"},{\"@type\":\"ListItem\",\"position\":2,\"name\":\"Padel Zoco\",\"item\":\"https:\\\/\\\/padelzoco.es\\\/padel-zoco\\\/\"},{\"@type\":\"ListItem\",\"position\":3,\"name\":\"Pala Padel Bullpadel Elite W 24\"}]},{\"@type\":\"WebSite\",\"@id\":\"https:\\\/\\\/padelzoco.es\\\/#website\",\"url\":\"https:\\\/\\\/padelzoco.es\\\/\",\"name\":\"Padel Zoco\",\"description\":\"Padel Zoco | Spain\",\"publisher\":{\"@id\":\"https:\\\/\\\/padelzoco.es\\\/#organization\"},\"potentialAction\":[{\"@type\":\"SearchAction\",\"target\":{\"@type\":\"EntryPoint\",\"urlTemplate\":\"https:\\\/\\\/padelzoco.es\\\/?s={search_term_string}\"},\"query-input\":{\"@type\":\"PropertyValueSpecification\",\"valueRequired\":true,\"valueName\":\"search_term_string\"}}],\"inLanguage\":\"en-GB\"},{\"@type\":\"Organization\",\"@id\":\"https:\\\/\\\/padelzoco.es\\\/#organization\",\"name\":\"Padel Zoco\",\"url\":\"https:\\\/\\\/padelzoco.es\\\/\",\"logo\":{\"@type\":\"ImageObject\",\"inLanguage\":\"en-GB\",\"@id\":\"https:\\\/\\\/padelzoco.es\\\/#\\\/schema\\\/logo\\\/image\\\/\",\"url\":\"https:\\\/\\\/padelzoco.es\\\/wp-content\\\/uploads\\\/2023\\\/11\\\/PadelZoco_Logo_black_white.webp\",\"contentUrl\":\"https:\\\/\\\/padelzoco.es\\\/wp-content\\\/uploads\\\/2023\\\/11\\\/PadelZoco_Logo_black_white.webp\",\"width\":1500,\"height\":631,\"caption\":\"Padel Zoco\"},\"image\":{\"@id\":\"https:\\\/\\\/padelzoco.es\\\/#\\\/schema\\\/logo\\\/image\\\/\"}}]}<\/script>\n<!-- \/ Yoast SEO plugin. -->","yoast_head_json":{"title":"Pala Padel Bullpadel Elite W 24 - Padel Zoco","description":"The new Bullpadel ELITE the racket of Gemma Triay. A new teardrop-shaped offers medium balance to control her power. Buy Now at padel Shop Madrid.","robots":{"index":"index","follow":"follow","max-snippet":"max-snippet:-1","max-image-preview":"max-image-preview:large","max-video-preview":"max-video-preview:-1"},"canonical":"https:\/\/padelzoco.es\/en\/product\/pala-padel-bullpadel-elite-w-24\/","og_locale":"en_GB","og_type":"article","og_title":"Pala Padel Bullpadel Elite W 24 - Padel Zoco","og_description":"The new Bullpadel ELITE the racket of Gemma Triay. A new teardrop-shaped offers medium balance to control her power. Buy Now at padel Shop Madrid.","og_url":"https:\/\/padelzoco.es\/en\/product\/pala-padel-bullpadel-elite-w-24\/","og_site_name":"Padel Zoco","article_modified_time":"2026-04-30T17:48:09+00:00","og_image":[{"width":1400,"height":1400,"url":"https:\/\/padelzoco.es\/wp-content\/uploads\/2023\/12\/BULLPADEL-ELITE-W-24-Padel-Racket-Image-7.webp","type":"image\/webp"}],"twitter_card":"summary_large_image","twitter_misc":{"Estimated reading time":"2 minutes"},"schema":{"@context":"https:\/\/schema.org","@graph":[{"@type":"WebPage","@id":"https:\/\/padelzoco.es\/product\/pala-padel-bullpadel-elite-w-24\/","url":"https:\/\/padelzoco.es\/product\/pala-padel-bullpadel-elite-w-24\/","name":"Pala Padel Bullpadel Elite W 24 - Padel Zoco","isPartOf":{"@id":"https:\/\/padelzoco.es\/#website"},"primaryImageOfPage":{"@id":"https:\/\/padelzoco.es\/product\/pala-padel-bullpadel-elite-w-24\/#primaryimage"},"image":{"@id":"https:\/\/padelzoco.es\/product\/pala-padel-bullpadel-elite-w-24\/#primaryimage"},"thumbnailUrl":"https:\/\/padelzoco.es\/wp-content\/uploads\/2023\/12\/BULLPADEL-ELITE-W-24-Padel-Racket-Image-7.webp","datePublished":"2023-12-06T23:00:42+00:00","dateModified":"2026-04-30T17:48:09+00:00","description":"The new Bullpadel ELITE the racket of Gemma Triay. A new teardrop-shaped offers medium balance to control her power. Buy Now at padel Shop Madrid.","breadcrumb":{"@id":"https:\/\/padelzoco.es\/product\/pala-padel-bullpadel-elite-w-24\/#breadcrumb"},"inLanguage":"en-GB","potentialAction":[{"@type":"ReadAction","target":["https:\/\/padelzoco.es\/product\/pala-padel-bullpadel-elite-w-24\/"]}]},{"@type":"ImageObject","inLanguage":"en-GB","@id":"https:\/\/padelzoco.es\/product\/pala-padel-bullpadel-elite-w-24\/#primaryimage","url":"https:\/\/padelzoco.es\/wp-content\/uploads\/2023\/12\/BULLPADEL-ELITE-W-24-Padel-Racket-Image-7.webp","contentUrl":"https:\/\/padelzoco.es\/wp-content\/uploads\/2023\/12\/BULLPADEL-ELITE-W-24-Padel-Racket-Image-7.webp","width":1400,"height":1400},{"@type":"BreadcrumbList","@id":"https:\/\/padelzoco.es\/product\/pala-padel-bullpadel-elite-w-24\/#breadcrumb","itemListElement":[{"@type":"ListItem","position":1,"name":"Home","item":"https:\/\/padelzoco.es\/"},{"@type":"ListItem","position":2,"name":"Padel Zoco","item":"https:\/\/padelzoco.es\/padel-zoco\/"},{"@type":"ListItem","position":3,"name":"Pala Padel Bullpadel Elite W 24"}]},{"@type":"WebSite","@id":"https:\/\/padelzoco.es\/#website","url":"https:\/\/padelzoco.es\/","name":"Padel Zoco","description":"Padel Zoco | Spain","publisher":{"@id":"https:\/\/padelzoco.es\/#organization"},"potentialAction":[{"@type":"SearchAction","target":{"@type":"EntryPoint","urlTemplate":"https:\/\/padelzoco.es\/?s={search_term_string}"},"query-input":{"@type":"PropertyValueSpecification","valueRequired":true,"valueName":"search_term_string"}}],"inLanguage":"en-GB"},{"@type":"Organization","@id":"https:\/\/padelzoco.es\/#organization","name":"Padel Zoco","url":"https:\/\/padelzoco.es\/","logo":{"@type":"ImageObject","inLanguage":"en-GB","@id":"https:\/\/padelzoco.es\/#\/schema\/logo\/image\/","url":"https:\/\/padelzoco.es\/wp-content\/uploads\/2023\/11\/PadelZoco_Logo_black_white.webp","contentUrl":"https:\/\/padelzoco.es\/wp-content\/uploads\/2023\/11\/PadelZoco_Logo_black_white.webp","width":1500,"height":631,"caption":"Padel Zoco"},"image":{"@id":"https:\/\/padelzoco.es\/#\/schema\/logo\/image\/"}}]}},"_links":{"self":[{"href":"https:\/\/padelzoco.es\/en\/wp-json\/wp\/v2\/product\/6726","targetHints":{"allow":["GET"]}}],"collection":[{"href":"https:\/\/padelzoco.es\/en\/wp-json\/wp\/v2\/product"}],"about":[{"href":"https:\/\/padelzoco.es\/en\/wp-json\/wp\/v2\/types\/product"}],"version-history":[{"count":1,"href":"https:\/\/padelzoco.es\/en\/wp-json\/wp\/v2\/product\/6726\/revisions"}],"predecessor-version":[{"id":27924,"href":"https:\/\/padelzoco.es\/en\/wp-json\/wp\/v2\/product\/6726\/revisions\/27924"}],"wp:featuredmedia":[{"embeddable":true,"href":"https:\/\/padelzoco.es\/en\/wp-json\/wp\/v2\/media\/6733"}],"wp:attachment":[{"href":"https:\/\/padelzoco.es\/en\/wp-json\/wp\/v2\/media?parent=6726"}],"wp:term":[{"taxonomy":"product_brand","embeddable":true,"href":"https:\/\/padelzoco.es\/en\/wp-json\/wp\/v2\/product_brand?post=6726"},{"taxonomy":"product_cat","embeddable":true,"href":"https:\/\/padelzoco.es\/en\/wp-json\/wp\/v2\/product_cat?post=6726"},{"taxonomy":"product_tag","embeddable":true,"href":"https:\/\/padelzoco.es\/en\/wp-json\/wp\/v2\/product_tag?post=6726"}],"curies":[{"name":"wp","href":"https:\/\/api.w.org\/{rel}","templated":true}]}}