{"id":7279,"date":"2023-12-11T23:14:16","date_gmt":"2023-12-11T22:14:16","guid":{"rendered":"https:\/\/adc06f55e9.nxcli.io\/?post_type=product&#038;p=7279"},"modified":"2026-02-13T22:46:29","modified_gmt":"2026-02-13T21:46:29","slug":"zapatilla-wilson-bela-tour-white-rd-bk","status":"publish","type":"product","link":"https:\/\/padelzoco.es\/en\/product\/zapatilla-wilson-bela-tour-white-rd-bk\/","title":{"rendered":"Wilson Bela Tour Padel Shoes White Red"},"content":{"rendered":"","protected":false},"excerpt":{"rendered":"<p>Designed by padel legend Fernando Belasteguin, who served as our inspiration, the wilson Bela Tour padel shoes are perfect for the advanced padel player looking to take their game to the next level. Technological enhancements, including a one-piece composite 4D torsion chassis and a 360\u00b0 padel-specific outsole, make these shoes even more comfortable and stable when sprinting and pivoting on the court. Add to that a 100% recycled mesh upper, a 50% recycled insole, and a 55% recycled TPU sheet, and you'll be untouchable in these sustainable shoes.<\/p>","protected":false},"featured_media":7291,"template":"","meta":[],"product_brand":[],"product_cat":[703,599,754,699,596,592,758],"product_tag":[],"class_list":{"0":"post-7279","1":"product","2":"type-product","3":"status-publish","4":"has-post-thumbnail","6":"product_cat-fernandobelasteguin","7":"product_cat-hombre-zapatillas","8":"product_cat-rebajas","9":"product_cat-wilson-padel","10":"product_cat-wilson-zapatillas","11":"product_cat-zapatillas","12":"product_cat-zapatillas-ofertas","13":"pa_brand-wilson","14":"pa_color-blanco","15":"pa_gender-hombre","16":"pa_hs_code-87","17":"pa_shoes-size-302","18":"pa_shoes-size-303","19":"pa_shoes-size-40-2-3","20":"pa_shoes-size-80","21":"pa_shoes-size-41-1-3","22":"pa_shoes-size-41-5","23":"pa_shoes-size-89","24":"pa_shoes-size-42-2-3","25":"pa_shoes-size-81","26":"pa_shoes-size-43-1-3","27":"pa_shoes-size-82","28":"pa_shoes-size-44-2-3","29":"pa_shoes-size-44-5","30":"pa_shoes-size-84","31":"pa_shoes-size-45-1-3","32":"pa_shoes-size-85","33":"pa_shoes-size-46-2-3","34":"pa_shoes-size-46-5","35":"pa_shoes-size-304","36":"pa_shoes-size-47-1-3","37":"pa_shoes-size-678","38":"pa_shoes-size-49-1-3","40":"first","41":"instock","42":"sale","43":"taxable","44":"shipping-taxable","45":"purchasable","46":"product-type-variable"},"yoast_head":"<!-- This site is optimized with the Yoast SEO plugin v27.3 - https:\/\/yoast.com\/product\/yoast-seo-wordpress\/ -->\n<title>Zapatilla Wilson Bela Tour White\/Rd\/Bk - Padel Zoco<\/title>\n<meta name=\"description\" content=\"Dise\u00f1ada por Fernando Belasteguin, las tecnolog\u00edas y la construcci\u00f3n espec\u00edficas de la wilson Bela Tour complementan el movimiento de alto rendimiento\" \/>\n<meta name=\"robots\" content=\"index, follow, max-snippet:-1, max-image-preview:large, max-video-preview:-1\" \/>\n<link rel=\"canonical\" href=\"https:\/\/padelzoco.es\/en\/product\/zapatilla-wilson-bela-tour-white-rd-bk\/\" \/>\n<meta property=\"og:locale\" content=\"en_GB\" \/>\n<meta property=\"og:type\" content=\"article\" \/>\n<meta property=\"og:title\" content=\"Zapatilla Wilson Bela Tour White\/Rd\/Bk - Padel Zoco\" \/>\n<meta property=\"og:description\" content=\"Dise\u00f1ada por Fernando Belasteguin, las tecnolog\u00edas y la construcci\u00f3n espec\u00edficas de la wilson Bela Tour complementan el movimiento de alto rendimiento\" \/>\n<meta property=\"og:url\" content=\"https:\/\/padelzoco.es\/en\/product\/zapatilla-wilson-bela-tour-white-rd-bk\/\" \/>\n<meta property=\"og:site_name\" content=\"Padel Zoco\" \/>\n<meta property=\"article:modified_time\" content=\"2026-02-13T21:46:29+00:00\" \/>\n<meta property=\"og:image\" content=\"https:\/\/padelzoco.es\/wp-content\/uploads\/2023\/12\/ZAPATILLA-DE-PADEL-BELA-TOUR-Image-5.webp\" \/>\n\t<meta property=\"og:image:width\" content=\"1400\" \/>\n\t<meta property=\"og:image:height\" content=\"1400\" \/>\n\t<meta property=\"og:image:type\" content=\"image\/webp\" \/>\n<meta name=\"twitter:card\" content=\"summary_large_image\" \/>\n<meta name=\"twitter:label1\" content=\"Estimated reading time\" \/>\n\t<meta name=\"twitter:data1\" content=\"1 minute\" \/>\n<script type=\"application\/ld+json\" class=\"yoast-schema-graph\">{\"@context\":\"https:\\\/\\\/schema.org\",\"@graph\":[{\"@type\":\"WebPage\",\"@id\":\"https:\\\/\\\/padelzoco.es\\\/product\\\/zapatilla-wilson-bela-tour-white-rd-bk\\\/\",\"url\":\"https:\\\/\\\/padelzoco.es\\\/product\\\/zapatilla-wilson-bela-tour-white-rd-bk\\\/\",\"name\":\"Zapatilla Wilson Bela Tour White\\\/Rd\\\/Bk - Padel Zoco\",\"isPartOf\":{\"@id\":\"https:\\\/\\\/padelzoco.es\\\/#website\"},\"primaryImageOfPage\":{\"@id\":\"https:\\\/\\\/padelzoco.es\\\/product\\\/zapatilla-wilson-bela-tour-white-rd-bk\\\/#primaryimage\"},\"image\":{\"@id\":\"https:\\\/\\\/padelzoco.es\\\/product\\\/zapatilla-wilson-bela-tour-white-rd-bk\\\/#primaryimage\"},\"thumbnailUrl\":\"https:\\\/\\\/padelzoco.es\\\/wp-content\\\/uploads\\\/2023\\\/12\\\/ZAPATILLA-DE-PADEL-BELA-TOUR-Image-5.webp\",\"datePublished\":\"2023-12-11T22:14:16+00:00\",\"dateModified\":\"2026-02-13T21:46:29+00:00\",\"description\":\"Dise\u00f1ada por Fernando Belasteguin, las tecnolog\u00edas y la construcci\u00f3n espec\u00edficas de la wilson Bela Tour complementan el movimiento de alto rendimiento\",\"breadcrumb\":{\"@id\":\"https:\\\/\\\/padelzoco.es\\\/product\\\/zapatilla-wilson-bela-tour-white-rd-bk\\\/#breadcrumb\"},\"inLanguage\":\"en-GB\",\"potentialAction\":[{\"@type\":\"ReadAction\",\"target\":[\"https:\\\/\\\/padelzoco.es\\\/product\\\/zapatilla-wilson-bela-tour-white-rd-bk\\\/\"]}]},{\"@type\":\"ImageObject\",\"inLanguage\":\"en-GB\",\"@id\":\"https:\\\/\\\/padelzoco.es\\\/product\\\/zapatilla-wilson-bela-tour-white-rd-bk\\\/#primaryimage\",\"url\":\"https:\\\/\\\/padelzoco.es\\\/wp-content\\\/uploads\\\/2023\\\/12\\\/ZAPATILLA-DE-PADEL-BELA-TOUR-Image-5.webp\",\"contentUrl\":\"https:\\\/\\\/padelzoco.es\\\/wp-content\\\/uploads\\\/2023\\\/12\\\/ZAPATILLA-DE-PADEL-BELA-TOUR-Image-5.webp\",\"width\":1400,\"height\":1400,\"caption\":\"ZAPATILLA DE P\u00c1DEL BELA TOUR Image 5\"},{\"@type\":\"BreadcrumbList\",\"@id\":\"https:\\\/\\\/padelzoco.es\\\/product\\\/zapatilla-wilson-bela-tour-white-rd-bk\\\/#breadcrumb\",\"itemListElement\":[{\"@type\":\"ListItem\",\"position\":1,\"name\":\"Home\",\"item\":\"https:\\\/\\\/padelzoco.es\\\/\"},{\"@type\":\"ListItem\",\"position\":2,\"name\":\"Padel Zoco\",\"item\":\"https:\\\/\\\/padelzoco.es\\\/padel-zoco\\\/\"},{\"@type\":\"ListItem\",\"position\":3,\"name\":\"Zapatilla Wilson Bela Tour White\\\/Rd\\\/Bk\"}]},{\"@type\":\"WebSite\",\"@id\":\"https:\\\/\\\/padelzoco.es\\\/#website\",\"url\":\"https:\\\/\\\/padelzoco.es\\\/\",\"name\":\"Padel Zoco\",\"description\":\"Padel Zoco | Spain\",\"publisher\":{\"@id\":\"https:\\\/\\\/padelzoco.es\\\/#organization\"},\"potentialAction\":[{\"@type\":\"SearchAction\",\"target\":{\"@type\":\"EntryPoint\",\"urlTemplate\":\"https:\\\/\\\/padelzoco.es\\\/?s={search_term_string}\"},\"query-input\":{\"@type\":\"PropertyValueSpecification\",\"valueRequired\":true,\"valueName\":\"search_term_string\"}}],\"inLanguage\":\"en-GB\"},{\"@type\":\"Organization\",\"@id\":\"https:\\\/\\\/padelzoco.es\\\/#organization\",\"name\":\"Padel Zoco\",\"url\":\"https:\\\/\\\/padelzoco.es\\\/\",\"logo\":{\"@type\":\"ImageObject\",\"inLanguage\":\"en-GB\",\"@id\":\"https:\\\/\\\/padelzoco.es\\\/#\\\/schema\\\/logo\\\/image\\\/\",\"url\":\"https:\\\/\\\/padelzoco.es\\\/wp-content\\\/uploads\\\/2023\\\/11\\\/PadelZoco_Logo_black_white.webp\",\"contentUrl\":\"https:\\\/\\\/padelzoco.es\\\/wp-content\\\/uploads\\\/2023\\\/11\\\/PadelZoco_Logo_black_white.webp\",\"width\":1500,\"height\":631,\"caption\":\"Padel Zoco\"},\"image\":{\"@id\":\"https:\\\/\\\/padelzoco.es\\\/#\\\/schema\\\/logo\\\/image\\\/\"}}]}<\/script>\n<!-- \/ Yoast SEO plugin. -->","yoast_head_json":{"title":"Zapatilla Wilson Bela Tour White\/Rd\/Bk - Padel Zoco","description":"Dise\u00f1ada por Fernando Belasteguin, las tecnolog\u00edas y la construcci\u00f3n espec\u00edficas de la wilson Bela Tour complementan el movimiento de alto rendimiento","robots":{"index":"index","follow":"follow","max-snippet":"max-snippet:-1","max-image-preview":"max-image-preview:large","max-video-preview":"max-video-preview:-1"},"canonical":"https:\/\/padelzoco.es\/en\/product\/zapatilla-wilson-bela-tour-white-rd-bk\/","og_locale":"en_GB","og_type":"article","og_title":"Zapatilla Wilson Bela Tour White\/Rd\/Bk - Padel Zoco","og_description":"Dise\u00f1ada por Fernando Belasteguin, las tecnolog\u00edas y la construcci\u00f3n espec\u00edficas de la wilson Bela Tour complementan el movimiento de alto rendimiento","og_url":"https:\/\/padelzoco.es\/en\/product\/zapatilla-wilson-bela-tour-white-rd-bk\/","og_site_name":"Padel Zoco","article_modified_time":"2026-02-13T21:46:29+00:00","og_image":[{"width":1400,"height":1400,"url":"https:\/\/padelzoco.es\/wp-content\/uploads\/2023\/12\/ZAPATILLA-DE-PADEL-BELA-TOUR-Image-5.webp","type":"image\/webp"}],"twitter_card":"summary_large_image","twitter_misc":{"Estimated reading time":"1 minute"},"schema":{"@context":"https:\/\/schema.org","@graph":[{"@type":"WebPage","@id":"https:\/\/padelzoco.es\/product\/zapatilla-wilson-bela-tour-white-rd-bk\/","url":"https:\/\/padelzoco.es\/product\/zapatilla-wilson-bela-tour-white-rd-bk\/","name":"Zapatilla Wilson Bela Tour White\/Rd\/Bk - Padel Zoco","isPartOf":{"@id":"https:\/\/padelzoco.es\/#website"},"primaryImageOfPage":{"@id":"https:\/\/padelzoco.es\/product\/zapatilla-wilson-bela-tour-white-rd-bk\/#primaryimage"},"image":{"@id":"https:\/\/padelzoco.es\/product\/zapatilla-wilson-bela-tour-white-rd-bk\/#primaryimage"},"thumbnailUrl":"https:\/\/padelzoco.es\/wp-content\/uploads\/2023\/12\/ZAPATILLA-DE-PADEL-BELA-TOUR-Image-5.webp","datePublished":"2023-12-11T22:14:16+00:00","dateModified":"2026-02-13T21:46:29+00:00","description":"Dise\u00f1ada por Fernando Belasteguin, las tecnolog\u00edas y la construcci\u00f3n espec\u00edficas de la wilson Bela Tour complementan el movimiento de alto rendimiento","breadcrumb":{"@id":"https:\/\/padelzoco.es\/product\/zapatilla-wilson-bela-tour-white-rd-bk\/#breadcrumb"},"inLanguage":"en-GB","potentialAction":[{"@type":"ReadAction","target":["https:\/\/padelzoco.es\/product\/zapatilla-wilson-bela-tour-white-rd-bk\/"]}]},{"@type":"ImageObject","inLanguage":"en-GB","@id":"https:\/\/padelzoco.es\/product\/zapatilla-wilson-bela-tour-white-rd-bk\/#primaryimage","url":"https:\/\/padelzoco.es\/wp-content\/uploads\/2023\/12\/ZAPATILLA-DE-PADEL-BELA-TOUR-Image-5.webp","contentUrl":"https:\/\/padelzoco.es\/wp-content\/uploads\/2023\/12\/ZAPATILLA-DE-PADEL-BELA-TOUR-Image-5.webp","width":1400,"height":1400,"caption":"ZAPATILLA DE P\u00c1DEL BELA TOUR Image 5"},{"@type":"BreadcrumbList","@id":"https:\/\/padelzoco.es\/product\/zapatilla-wilson-bela-tour-white-rd-bk\/#breadcrumb","itemListElement":[{"@type":"ListItem","position":1,"name":"Home","item":"https:\/\/padelzoco.es\/"},{"@type":"ListItem","position":2,"name":"Padel Zoco","item":"https:\/\/padelzoco.es\/padel-zoco\/"},{"@type":"ListItem","position":3,"name":"Zapatilla Wilson Bela Tour White\/Rd\/Bk"}]},{"@type":"WebSite","@id":"https:\/\/padelzoco.es\/#website","url":"https:\/\/padelzoco.es\/","name":"Padel Zoco","description":"Padel Zoco | Spain","publisher":{"@id":"https:\/\/padelzoco.es\/#organization"},"potentialAction":[{"@type":"SearchAction","target":{"@type":"EntryPoint","urlTemplate":"https:\/\/padelzoco.es\/?s={search_term_string}"},"query-input":{"@type":"PropertyValueSpecification","valueRequired":true,"valueName":"search_term_string"}}],"inLanguage":"en-GB"},{"@type":"Organization","@id":"https:\/\/padelzoco.es\/#organization","name":"Padel Zoco","url":"https:\/\/padelzoco.es\/","logo":{"@type":"ImageObject","inLanguage":"en-GB","@id":"https:\/\/padelzoco.es\/#\/schema\/logo\/image\/","url":"https:\/\/padelzoco.es\/wp-content\/uploads\/2023\/11\/PadelZoco_Logo_black_white.webp","contentUrl":"https:\/\/padelzoco.es\/wp-content\/uploads\/2023\/11\/PadelZoco_Logo_black_white.webp","width":1500,"height":631,"caption":"Padel Zoco"},"image":{"@id":"https:\/\/padelzoco.es\/#\/schema\/logo\/image\/"}}]}},"_links":{"self":[{"href":"https:\/\/padelzoco.es\/en\/wp-json\/wp\/v2\/product\/7279","targetHints":{"allow":["GET"]}}],"collection":[{"href":"https:\/\/padelzoco.es\/en\/wp-json\/wp\/v2\/product"}],"about":[{"href":"https:\/\/padelzoco.es\/en\/wp-json\/wp\/v2\/types\/product"}],"version-history":[{"count":5,"href":"https:\/\/padelzoco.es\/en\/wp-json\/wp\/v2\/product\/7279\/revisions"}],"predecessor-version":[{"id":30859,"href":"https:\/\/padelzoco.es\/en\/wp-json\/wp\/v2\/product\/7279\/revisions\/30859"}],"wp:featuredmedia":[{"embeddable":true,"href":"https:\/\/padelzoco.es\/en\/wp-json\/wp\/v2\/media\/7291"}],"wp:attachment":[{"href":"https:\/\/padelzoco.es\/en\/wp-json\/wp\/v2\/media?parent=7279"}],"wp:term":[{"taxonomy":"product_brand","embeddable":true,"href":"https:\/\/padelzoco.es\/en\/wp-json\/wp\/v2\/product_brand?post=7279"},{"taxonomy":"product_cat","embeddable":true,"href":"https:\/\/padelzoco.es\/en\/wp-json\/wp\/v2\/product_cat?post=7279"},{"taxonomy":"product_tag","embeddable":true,"href":"https:\/\/padelzoco.es\/en\/wp-json\/wp\/v2\/product_tag?post=7279"}],"curies":[{"name":"wp","href":"https:\/\/api.w.org\/{rel}","templated":true}]}}